{"id":703,"date":"2020-12-16T18:57:16","date_gmt":"2020-12-16T17:57:16","guid":{"rendered":"https:\/\/www.uhrenankauf365.de\/uhr-verkaufen\/?page_id=703"},"modified":"2020-12-16T19:00:33","modified_gmt":"2020-12-16T18:00:33","slug":"koeln","status":"publish","type":"page","link":"https:\/\/www.uhrenankauf365.de\/uhr-verkaufen\/koeln\/","title":{"rendered":"Uhren Ankauf K\u00f6ln"},"content":{"rendered":"\n<p>Wenn Sie in der wundersch\u00f6nen Stadt am Rhein Ihre <strong>Luxusuhr verkaufen<\/strong> m\u00f6chten, k\u00f6nnen Sie gerne unsere Online-Abwicklung f\u00fcr den <strong>Ankauf <\/strong>von <strong>Uhren <\/strong>benutzen. Daf\u00fcr steht Ihnen das <a href=\"https:\/\/www.uhrenankauf365.de\/uhr-verkaufen\/ankaufsformular\/\">Formular &#8222;Uhrenankauf&#8220;<\/a> zur Verf\u00fcgung, in dem wir Sie um Angabe der preisentscheidenden Faktoren beim Ankauf der Uhr mit Standort <strong>K\u00f6ln <\/strong>bitten. So entf\u00e4llt die Suche nach einem Anbieter vor Ort &#8211; wir sind seit 1998 im Uhrenhandel t\u00e4tig und auf den Handel mit Luxusuhren spezialisiert. Die Abwicklung der meisten Ank\u00e4ufe ist problemlos online m\u00f6glich, wie das wachsende Gesch\u00e4ft verdeutlicht. In den letzten Jahren haben wir viele dieser Uhrenank\u00e4ufe auf diese Art abgewickelt und sind unter Sammlern und Uhrenliebhabern zu einer wohlbekannten Adresse geworden.<\/p>\n\n\n\n<div class=\"container p-4 uak_heller_hintergrund\">\n<div class=\"row mb-4\">\n<div class=\"col-12 col-md-6 text-center\">\n<i class=\"uak365icon fas fa-file-alt\"><\/i><br>\n<div class=\"ankaufschritte_title\">Formular ausf\u00fcllen<\/div>\n<small>Das <a href=\"https:\/\/www.uhrenankauf365.de\/uhr-verkaufen\/ankaufsformular\/\" title=\"Ankaufsformular Uhren\">Ankaufsformular<\/a> erfasst alle wichtigen Angaben zur Armbanduhr, die Sie verkaufen m\u00f6chten und erleichtert die Ermittlung eines fairen Ankaufspreises.<\/small>\n<\/div>\n<div class=\"col-12 col-md-6 text-center\">\n<i class=\"uak365icon far fa-handshake\"><\/i><br>\n<div class=\"ankaufschritte_title\">Angebot erhalten<\/div>\n<small>Wir unterbreiten Ihnen nach Erhalt der Informationen zur Uhr ein Angebot zum Ankauf. Offene Fragen kl\u00e4ren wir vorab.<\/small>\n<\/div>\n<\/div>\n\n\n<div class=\"row\">\n<div class=\"col-12 col-md-6 text-center\">\n<i class=\"uak365icon fas fa-truck-loading\"><\/i><br>\n<div class=\"ankaufschritte_title\">Uhr wird abgeholt<\/div>\n<small>Ein auf Werttransporte spezialisiertes Unternehmen holt die Uhr bei Ihnen ab. Mehr dazu erfahren Sie <a href=\"https:\/\/www.uhrenankauf365.de\/uhr-verkaufen\/ankauf-faq\/\">hier<\/a>.<\/small>\n<\/div>\n<div class=\"col-12 col-md-6 text-center\">\n<i class=\"uak365icon fas fa-euro-sign\"><\/i><br>\n<div class=\"ankaufschritte_title\">Geld erhalten<\/div>\n<small>Nach Pr\u00fcfung der Armbanduhr zahlen wir den vereinbarten Ankaufspreis zuverl\u00e4ssig und schnell auf Ihr Konto aus.\n<\/small>\n<\/div>\n<\/div>\n\n<\/div>\n\n\n\n<h3 class=\"mt-4 wp-block-heading\" id=\"u2367-2\">Uhr verkaufen &#8211; Wir kaufen Ihre Luxusuhr in K\u00f6ln!<\/h3>\n\n\n\n<p id=\"u2367-21\">Durch das <a href=\"https:\/\/www.uhrenankauf365.de\/uhr-verkaufen\/ankaufsformular\/\">Ankaufsformular f\u00fcr Uhren<\/a> geben Sie uns bereits bei der ersten Kontaktaufnahme die wichtigsten Hinweis zur angebotenen Uhr, so dass wir Ihnen in der Regel nach kurzer R\u00fccksprache einen Preisvorschlag senden k\u00f6nnen.<\/p>\n\n\n<div class=\"wp-bootstrap-blocks-row row\">\n\t\n\n<div class=\"col-12 col-md-6\">\n\t\t\t\n\n<figure class=\"wp-block-image size-large\"><img loading=\"lazy\" decoding=\"async\" width=\"640\" height=\"480\" src=\"https:\/\/www.uhrenankauf365.de\/uhr-verkaufen\/wp-content\/uploads\/2020\/12\/uhr-in-koeln-verkaufen.jpg\" alt=\"Patek Philippe Uhr aus einem Ankauf in K\u00f6ln\" class=\"wp-image-704\" srcset=\"https:\/\/www.uhrenankauf365.de\/uhr-verkaufen\/wp-content\/uploads\/2020\/12\/uhr-in-koeln-verkaufen.jpg 640w, https:\/\/www.uhrenankauf365.de\/uhr-verkaufen\/wp-content\/uploads\/2020\/12\/uhr-in-koeln-verkaufen-300x225.jpg 300w\" sizes=\"auto, (max-width: 640px) 100vw, 640px\" \/><\/figure>\n\n\t<\/div>\n\n\n\n<div class=\"col-12 col-md-6\">\n\t\t\t\n\n<p>Uhren sind unter Sammlern sehr beliebt. Nicht zuletzt wegen der (in der Regel) steigenden Werte f\u00fcr die luxuri\u00f6sen Chronometer. Wenn Sie Ihre <a href=\"https:\/\/www.uhrenankauf365.de\/uhr-verkaufen\/rolex\/\" title=\"Ankauf Rolex\">Rolex<\/a>, <a href=\"https:\/\/www.uhrenankauf365.de\/uhr-verkaufen\/patek_philippe\/\" title=\"Ankauf Patek Philippe\">Patek Philippe<\/a>, <a href=\"https:\/\/www.uhrenankauf365.de\/uhr-verkaufen\/audemars_piguet\/\" title=\"Ankauf Audemars Piguet\">Audemars Piguet<\/a> oder Nobeluhr anderer Hersteller verkaufen m\u00f6chten, stellt sich die Frage nach einem&nbsp; Uhrenh\u00e4ndler, der faire und marktgerechte Preise bietet und eine gute Reputation hat. Diese gibt es nat\u00fcrlich auch in K\u00f6ln und benachbarten St\u00e4dten. Wenn f\u00fcr Sie der lokale Standort des H\u00e4ndlers jedoch sekund\u00e4r ist, profitieren Sie bei uns von jahrzehntelanger Erfahrung und dem Credo, dass bei jedem Gesch\u00e4ft beide Seiten zufrieden sein sollen.<\/p>\n\n\t<\/div>\n\n<\/div>\n\n\n<div class=\"wp-bootstrap-blocks-container container mb-2 uak_heller_hintergrund p-4\">\n\t\n\n<p class=\"has-text-align-center\"><strong>Welche Uhrenmarke m\u00f6chten Sie verkaufen?<\/strong><\/p>\n\n\n\n<p class=\"text-center\"><a href=\"https:\/\/www.uhrenankauf365.de\/uhr-verkaufen\/a_lange_und_soehne\" class=\"btn btn-primary mb-1 mt-1\" title=\"Uhren Ankauf A. Lange und S\u00f6hne\">A. Lange &amp; S\u00f6hne<\/a> <a href=\"https:\/\/www.uhrenankauf365.de\/uhr-verkaufen\/audemars_piguet\" class=\"btn btn-primary mb-1 mt-1\" title=\"Uhren Ankauf Audemars Piguet\">Audemars Piguet<\/a> <a href=\"https:\/\/www.uhrenankauf365.de\/uhr-verkaufen\/breitling\" class=\"btn btn-primary mb-1 mt-1\" title=\"Uhren Ankauf Breitling\">Breitling<\/a> <a href=\"https:\/\/www.uhrenankauf365.de\/uhr-verkaufen\/hublot\" class=\"btn btn-primary mb-1 mt-1\" title=\"Uhren Ankauf Hublot\">Hublot<\/a> <a href=\"https:\/\/www.uhrenankauf365.de\/uhr-verkaufen\/jaeger_lecoultre\" class=\"btn btn-primary mb-1 mt-1\" title=\"Uhren Ankauf Jaeger-LeCoultre\">Jaeger-LeCoultre<\/a> <a href=\"https:\/\/www.uhrenankauf365.de\/uhr-verkaufen\/omega\" class=\"btn btn-primary mb-1 mt-1\" title=\"Uhren Ankauf Omega\">Omega<\/a> <a href=\"https:\/\/www.uhrenankauf365.de\/uhr-verkaufen\/patek_philippe\" class=\"btn btn-primary mb-1 mt-1\" title=\"Uhren Ankauf Patek Philippe\">Patek Philippe<\/a> <a href=\"https:\/\/www.uhrenankauf365.de\/uhr-verkaufen\/rolex\" class=\"btn btn-primary mb-1 mt-1\" title=\"Uhren Ankauf Rolex\">Rolex<\/a> <a href=\"https:\/\/www.uhrenankauf365.de\/uhr-verkaufen\/ankaufsformular\" class=\"btn btn-primary mb-1 mt-1\">Andere Marke<\/a><br><br><strong>W\u00fcnschen Sie zun\u00e4chst weitere Informationen zur Abwicklung des Uhrenankaufs?<\/strong><br>\n<a href=\"\/uhr-verkaufen\/ankauf-faq\/\" class=\"btn btn-secondary mt-3\">FAQ anzeigen<\/a><\/p>\n\n<\/div>\n\n\n\n<p><\/p>\n","protected":false},"excerpt":{"rendered":"<p>Wenn Sie in der wundersch\u00f6nen Stadt am Rhein Ihre Luxusuhr verkaufen m\u00f6chten, k\u00f6nnen Sie gerne unsere Online-Abwicklung f\u00fcr den Ankauf von Uhren benutzen. Daf\u00fcr steht Ihnen das Formular &#8222;Uhrenankauf&#8220; zur Verf\u00fcgung, in dem wir Sie um Angabe der preisentscheidenden Faktoren beim Ankauf der Uhr mit Standort K\u00f6ln bitten. So entf\u00e4llt die Suche nach einem Anbieter [&hellip;]<\/p>\n","protected":false},"author":1,"featured_media":0,"parent":0,"menu_order":0,"comment_status":"closed","ping_status":"closed","template":"","meta":{"footnotes":""},"class_list":["post-703","page","type-page","status-publish","hentry"],"yoast_head":"<!-- This site is optimized with the Yoast SEO plugin v27.3 - https:\/\/yoast.com\/product\/yoast-seo-wordpress\/ -->\n<title>Uhren Ankauf K\u00f6ln - Uhrenankauf 365<\/title>\n<meta name=\"description\" content=\"Wir kaufen Ihre Luxusuhr mit Standort in K\u00f6ln \u2713 Fair \u2713 Seri\u00f6s \u2713 Seit 1998 - Nutzen Sie unseren bundesweiten Ankaufservice f\u00fcr Uhren.\" \/>\n<meta name=\"robots\" content=\"index, follow, max-snippet:-1, max-image-preview:large, max-video-preview:-1\" \/>\n<link rel=\"canonical\" href=\"https:\/\/www.uhrenankauf365.de\/uhr-verkaufen\/koeln\/\" \/>\n<meta property=\"og:locale\" content=\"de_DE\" \/>\n<meta property=\"og:type\" content=\"article\" \/>\n<meta property=\"og:title\" content=\"Uhren Ankauf K\u00f6ln - Uhrenankauf 365\" \/>\n<meta property=\"og:description\" content=\"Wir kaufen Ihre Luxusuhr mit Standort in K\u00f6ln \u2713 Fair \u2713 Seri\u00f6s \u2713 Seit 1998 - Nutzen Sie unseren bundesweiten Ankaufservice f\u00fcr Uhren.\" \/>\n<meta property=\"og:url\" content=\"https:\/\/www.uhrenankauf365.de\/uhr-verkaufen\/koeln\/\" \/>\n<meta property=\"og:site_name\" content=\"Uhrenankauf 365\" \/>\n<meta property=\"article:modified_time\" content=\"2020-12-16T18:00:33+00:00\" \/>\n<meta property=\"og:image\" content=\"https:\/\/www.uhrenankauf365.de\/uhr-verkaufen\/wp-content\/uploads\/2020\/12\/uhr-in-koeln-verkaufen.jpg\" \/>\n<meta name=\"twitter:card\" content=\"summary_large_image\" \/>\n<meta name=\"twitter:label1\" content=\"Gesch\u00e4tzte Lesezeit\" \/>\n\t<meta name=\"twitter:data1\" content=\"1\u00a0Minute\" \/>\n<script type=\"application\/ld+json\" class=\"yoast-schema-graph\">{\"@context\":\"https:\\\/\\\/schema.org\",\"@graph\":[{\"@type\":\"WebPage\",\"@id\":\"https:\\\/\\\/www.uhrenankauf365.de\\\/uhr-verkaufen\\\/koeln\\\/\",\"url\":\"https:\\\/\\\/www.uhrenankauf365.de\\\/uhr-verkaufen\\\/koeln\\\/\",\"name\":\"Uhren Ankauf K\u00f6ln - Uhrenankauf 365\",\"isPartOf\":{\"@id\":\"https:\\\/\\\/www.uhrenankauf365.de\\\/uhr-verkaufen\\\/#website\"},\"primaryImageOfPage\":{\"@id\":\"https:\\\/\\\/www.uhrenankauf365.de\\\/uhr-verkaufen\\\/koeln\\\/#primaryimage\"},\"image\":{\"@id\":\"https:\\\/\\\/www.uhrenankauf365.de\\\/uhr-verkaufen\\\/koeln\\\/#primaryimage\"},\"thumbnailUrl\":\"https:\\\/\\\/www.uhrenankauf365.de\\\/uhr-verkaufen\\\/wp-content\\\/uploads\\\/2020\\\/12\\\/uhr-in-koeln-verkaufen.jpg\",\"datePublished\":\"2020-12-16T17:57:16+00:00\",\"dateModified\":\"2020-12-16T18:00:33+00:00\",\"description\":\"Wir kaufen Ihre Luxusuhr mit Standort in K\u00f6ln \u2713 Fair \u2713 Seri\u00f6s \u2713 Seit 1998 - Nutzen Sie unseren bundesweiten Ankaufservice f\u00fcr Uhren.\",\"breadcrumb\":{\"@id\":\"https:\\\/\\\/www.uhrenankauf365.de\\\/uhr-verkaufen\\\/koeln\\\/#breadcrumb\"},\"inLanguage\":\"de\",\"potentialAction\":[{\"@type\":\"ReadAction\",\"target\":[\"https:\\\/\\\/www.uhrenankauf365.de\\\/uhr-verkaufen\\\/koeln\\\/\"]}]},{\"@type\":\"ImageObject\",\"inLanguage\":\"de\",\"@id\":\"https:\\\/\\\/www.uhrenankauf365.de\\\/uhr-verkaufen\\\/koeln\\\/#primaryimage\",\"url\":\"https:\\\/\\\/www.uhrenankauf365.de\\\/uhr-verkaufen\\\/wp-content\\\/uploads\\\/2020\\\/12\\\/uhr-in-koeln-verkaufen.jpg\",\"contentUrl\":\"https:\\\/\\\/www.uhrenankauf365.de\\\/uhr-verkaufen\\\/wp-content\\\/uploads\\\/2020\\\/12\\\/uhr-in-koeln-verkaufen.jpg\",\"width\":640,\"height\":480},{\"@type\":\"BreadcrumbList\",\"@id\":\"https:\\\/\\\/www.uhrenankauf365.de\\\/uhr-verkaufen\\\/koeln\\\/#breadcrumb\",\"itemListElement\":[{\"@type\":\"ListItem\",\"position\":1,\"name\":\"Startseite\",\"item\":\"https:\\\/\\\/www.uhrenankauf365.de\\\/uhr-verkaufen\\\/\"},{\"@type\":\"ListItem\",\"position\":2,\"name\":\"Uhren Ankauf K\u00f6ln\"}]},{\"@type\":\"WebSite\",\"@id\":\"https:\\\/\\\/www.uhrenankauf365.de\\\/uhr-verkaufen\\\/#website\",\"url\":\"https:\\\/\\\/www.uhrenankauf365.de\\\/uhr-verkaufen\\\/\",\"name\":\"Uhrenankauf 365\",\"description\":\"Jetzt Ihre Luxusuhr verkaufen!\",\"publisher\":{\"@id\":\"https:\\\/\\\/www.uhrenankauf365.de\\\/uhr-verkaufen\\\/#organization\"},\"potentialAction\":[{\"@type\":\"SearchAction\",\"target\":{\"@type\":\"EntryPoint\",\"urlTemplate\":\"https:\\\/\\\/www.uhrenankauf365.de\\\/uhr-verkaufen\\\/?s={search_term_string}\"},\"query-input\":{\"@type\":\"PropertyValueSpecification\",\"valueRequired\":true,\"valueName\":\"search_term_string\"}}],\"inLanguage\":\"de\"},{\"@type\":\"Organization\",\"@id\":\"https:\\\/\\\/www.uhrenankauf365.de\\\/uhr-verkaufen\\\/#organization\",\"name\":\"uhrenankauf365.de, Anke Michels\",\"url\":\"https:\\\/\\\/www.uhrenankauf365.de\\\/uhr-verkaufen\\\/\",\"logo\":{\"@type\":\"ImageObject\",\"inLanguage\":\"de\",\"@id\":\"https:\\\/\\\/www.uhrenankauf365.de\\\/uhr-verkaufen\\\/#\\\/schema\\\/logo\\\/image\\\/\",\"url\":\"https:\\\/\\\/www.uhrenankauf365.de\\\/uhr-verkaufen\\\/wp-content\\\/uploads\\\/2020\\\/11\\\/logo_uhrenankauf.png\",\"contentUrl\":\"https:\\\/\\\/www.uhrenankauf365.de\\\/uhr-verkaufen\\\/wp-content\\\/uploads\\\/2020\\\/11\\\/logo_uhrenankauf.png\",\"width\":98,\"height\":100,\"caption\":\"uhrenankauf365.de, Anke Michels\"},\"image\":{\"@id\":\"https:\\\/\\\/www.uhrenankauf365.de\\\/uhr-verkaufen\\\/#\\\/schema\\\/logo\\\/image\\\/\"}}]}<\/script>\n<!-- \/ Yoast SEO plugin. -->","yoast_head_json":{"title":"Uhren Ankauf K\u00f6ln - Uhrenankauf 365","description":"Wir kaufen Ihre Luxusuhr mit Standort in K\u00f6ln \u2713 Fair \u2713 Seri\u00f6s \u2713 Seit 1998 - Nutzen Sie unseren bundesweiten Ankaufservice f\u00fcr Uhren.","robots":{"index":"index","follow":"follow","max-snippet":"max-snippet:-1","max-image-preview":"max-image-preview:large","max-video-preview":"max-video-preview:-1"},"canonical":"https:\/\/www.uhrenankauf365.de\/uhr-verkaufen\/koeln\/","og_locale":"de_DE","og_type":"article","og_title":"Uhren Ankauf K\u00f6ln - Uhrenankauf 365","og_description":"Wir kaufen Ihre Luxusuhr mit Standort in K\u00f6ln \u2713 Fair \u2713 Seri\u00f6s \u2713 Seit 1998 - Nutzen Sie unseren bundesweiten Ankaufservice f\u00fcr Uhren.","og_url":"https:\/\/www.uhrenankauf365.de\/uhr-verkaufen\/koeln\/","og_site_name":"Uhrenankauf 365","article_modified_time":"2020-12-16T18:00:33+00:00","og_image":[{"url":"https:\/\/www.uhrenankauf365.de\/uhr-verkaufen\/wp-content\/uploads\/2020\/12\/uhr-in-koeln-verkaufen.jpg","type":"","width":"","height":""}],"twitter_card":"summary_large_image","twitter_misc":{"Gesch\u00e4tzte Lesezeit":"1\u00a0Minute"},"schema":{"@context":"https:\/\/schema.org","@graph":[{"@type":"WebPage","@id":"https:\/\/www.uhrenankauf365.de\/uhr-verkaufen\/koeln\/","url":"https:\/\/www.uhrenankauf365.de\/uhr-verkaufen\/koeln\/","name":"Uhren Ankauf K\u00f6ln - Uhrenankauf 365","isPartOf":{"@id":"https:\/\/www.uhrenankauf365.de\/uhr-verkaufen\/#website"},"primaryImageOfPage":{"@id":"https:\/\/www.uhrenankauf365.de\/uhr-verkaufen\/koeln\/#primaryimage"},"image":{"@id":"https:\/\/www.uhrenankauf365.de\/uhr-verkaufen\/koeln\/#primaryimage"},"thumbnailUrl":"https:\/\/www.uhrenankauf365.de\/uhr-verkaufen\/wp-content\/uploads\/2020\/12\/uhr-in-koeln-verkaufen.jpg","datePublished":"2020-12-16T17:57:16+00:00","dateModified":"2020-12-16T18:00:33+00:00","description":"Wir kaufen Ihre Luxusuhr mit Standort in K\u00f6ln \u2713 Fair \u2713 Seri\u00f6s \u2713 Seit 1998 - Nutzen Sie unseren bundesweiten Ankaufservice f\u00fcr Uhren.","breadcrumb":{"@id":"https:\/\/www.uhrenankauf365.de\/uhr-verkaufen\/koeln\/#breadcrumb"},"inLanguage":"de","potentialAction":[{"@type":"ReadAction","target":["https:\/\/www.uhrenankauf365.de\/uhr-verkaufen\/koeln\/"]}]},{"@type":"ImageObject","inLanguage":"de","@id":"https:\/\/www.uhrenankauf365.de\/uhr-verkaufen\/koeln\/#primaryimage","url":"https:\/\/www.uhrenankauf365.de\/uhr-verkaufen\/wp-content\/uploads\/2020\/12\/uhr-in-koeln-verkaufen.jpg","contentUrl":"https:\/\/www.uhrenankauf365.de\/uhr-verkaufen\/wp-content\/uploads\/2020\/12\/uhr-in-koeln-verkaufen.jpg","width":640,"height":480},{"@type":"BreadcrumbList","@id":"https:\/\/www.uhrenankauf365.de\/uhr-verkaufen\/koeln\/#breadcrumb","itemListElement":[{"@type":"ListItem","position":1,"name":"Startseite","item":"https:\/\/www.uhrenankauf365.de\/uhr-verkaufen\/"},{"@type":"ListItem","position":2,"name":"Uhren Ankauf K\u00f6ln"}]},{"@type":"WebSite","@id":"https:\/\/www.uhrenankauf365.de\/uhr-verkaufen\/#website","url":"https:\/\/www.uhrenankauf365.de\/uhr-verkaufen\/","name":"Uhrenankauf 365","description":"Jetzt Ihre Luxusuhr verkaufen!","publisher":{"@id":"https:\/\/www.uhrenankauf365.de\/uhr-verkaufen\/#organization"},"potentialAction":[{"@type":"SearchAction","target":{"@type":"EntryPoint","urlTemplate":"https:\/\/www.uhrenankauf365.de\/uhr-verkaufen\/?s={search_term_string}"},"query-input":{"@type":"PropertyValueSpecification","valueRequired":true,"valueName":"search_term_string"}}],"inLanguage":"de"},{"@type":"Organization","@id":"https:\/\/www.uhrenankauf365.de\/uhr-verkaufen\/#organization","name":"uhrenankauf365.de, Anke Michels","url":"https:\/\/www.uhrenankauf365.de\/uhr-verkaufen\/","logo":{"@type":"ImageObject","inLanguage":"de","@id":"https:\/\/www.uhrenankauf365.de\/uhr-verkaufen\/#\/schema\/logo\/image\/","url":"https:\/\/www.uhrenankauf365.de\/uhr-verkaufen\/wp-content\/uploads\/2020\/11\/logo_uhrenankauf.png","contentUrl":"https:\/\/www.uhrenankauf365.de\/uhr-verkaufen\/wp-content\/uploads\/2020\/11\/logo_uhrenankauf.png","width":98,"height":100,"caption":"uhrenankauf365.de, Anke Michels"},"image":{"@id":"https:\/\/www.uhrenankauf365.de\/uhr-verkaufen\/#\/schema\/logo\/image\/"}}]}},"_links":{"self":[{"href":"https:\/\/www.uhrenankauf365.de\/uhr-verkaufen\/wp-json\/wp\/v2\/pages\/703","targetHints":{"allow":["GET"]}}],"collection":[{"href":"https:\/\/www.uhrenankauf365.de\/uhr-verkaufen\/wp-json\/wp\/v2\/pages"}],"about":[{"href":"https:\/\/www.uhrenankauf365.de\/uhr-verkaufen\/wp-json\/wp\/v2\/types\/page"}],"author":[{"embeddable":true,"href":"https:\/\/www.uhrenankauf365.de\/uhr-verkaufen\/wp-json\/wp\/v2\/users\/1"}],"replies":[{"embeddable":true,"href":"https:\/\/www.uhrenankauf365.de\/uhr-verkaufen\/wp-json\/wp\/v2\/comments?post=703"}],"version-history":[{"count":4,"href":"https:\/\/www.uhrenankauf365.de\/uhr-verkaufen\/wp-json\/wp\/v2\/pages\/703\/revisions"}],"predecessor-version":[{"id":710,"href":"https:\/\/www.uhrenankauf365.de\/uhr-verkaufen\/wp-json\/wp\/v2\/pages\/703\/revisions\/710"}],"wp:attachment":[{"href":"https:\/\/www.uhrenankauf365.de\/uhr-verkaufen\/wp-json\/wp\/v2\/media?parent=703"}],"curies":[{"name":"wp","href":"https:\/\/api.w.org\/{rel}","templated":true}]}}