{"id":681,"date":"2020-12-15T23:17:03","date_gmt":"2020-12-15T22:17:03","guid":{"rendered":"https:\/\/www.uhrenankauf365.de\/uhr-verkaufen\/?page_id=681"},"modified":"2025-11-28T10:19:28","modified_gmt":"2025-11-28T09:19:28","slug":"dortmund","status":"publish","type":"page","link":"https:\/\/www.uhrenankauf365.de\/uhr-verkaufen\/dortmund\/","title":{"rendered":"Uhren Ankauf Dortmund"},"content":{"rendered":"<div class=\"wp-bootstrap-blocks-row row\">\n\t\n\n<div class=\"col-12 col-md-6\">\n\t\t\t\n\n<h2 class=\"wp-block-heading\" id=\"u28367-3\">Uhren Ankauf  &#8222;mitten im Pott&#8220;.<\/h2>\n\n\n\n<p id=\"u28367-6\">Das Ruhrgebiet. Gr\u00fcner als sein Ruf, sch\u00f6ner als man erwartet. Deutschlands neuntgr\u00f6\u00dfte Stadt Dortmund ist kreisfrei und hat ca. 588.000 Einwohner. Innerhalb des Ruhrgebiets ist Dortmund fl\u00e4chen- und einwohnerm\u00e4\u00dfig die gr\u00f6\u00dfte Stadt der Region. Dort, wo einst prim\u00e4r die Industrie die Wirtschaft dominierte, ist heute &#8211; nach Schlie\u00dfung der meisten Zechenanlagen im &#8222;Pott&#8220; &#8211; Platz f\u00fcr den Handel und die Versicherungswirtschaft.<\/p>\n\n\t<\/div>\n\n\n\n<div class=\"col-12 col-md-6\">\n\t\t\t\n\n<figure class=\"wp-block-image size-large\"><img loading=\"lazy\" decoding=\"async\" width=\"498\" height=\"418\" src=\"https:\/\/www.uhrenankauf365.de\/uhr-verkaufen\/wp-content\/uploads\/2020\/12\/uhrenankauf_in_dortmund.jpg\" alt=\"Uhrenankauf in Dortmund\" class=\"wp-image-682\" srcset=\"https:\/\/www.uhrenankauf365.de\/uhr-verkaufen\/wp-content\/uploads\/2020\/12\/uhrenankauf_in_dortmund.jpg 498w, https:\/\/www.uhrenankauf365.de\/uhr-verkaufen\/wp-content\/uploads\/2020\/12\/uhrenankauf_in_dortmund-300x252.jpg 300w\" sizes=\"auto, (max-width: 498px) 100vw, 498px\" \/><\/figure>\n\n\t<\/div>\n\n<\/div>\n\n\n\n<p id=\"u28367-12\"><strong>Dortmund <\/strong>bietet auch f\u00fcr den Handel und <strong>Ankauf <\/strong>von <strong>Luxusuhren <\/strong>ideale Anbindung an die wichtigsten Verkehrswege: Sowohl Flughafen, Bahnhof und der gr\u00f6\u00dfte Kanalhafen Europas sorgen f\u00fcr schnelle Transportm\u00f6glichkeiten von Handelswaren.<\/p>\n\n\n\n<p id=\"u28367-18\">Wenn Sie Ihre Uhr verkaufen m\u00f6chten, k\u00f6nnen Sie uns gern \u00fcber das <a href=\"https:\/\/www.uhrenankauf365.de\/uhr-verkaufen\/ankaufsformular\/\">Ankaufsformular<\/a> Fotos und Angaben zur Uhr senden. Sie erhalten zeitnah ein Angebot!<\/p>\n\n\n\n<div class=\"container p-4 uak_heller_hintergrund\">\n<div class=\"row mb-4\">\n<div class=\"col-12 col-md-6 text-center\">\n<i class=\"uak365icon fas fa-file-alt\"><\/i><br>\n<div class=\"ankaufschritte_title\">Formular ausf\u00fcllen<\/div>\n<small>Das <a href=\"https:\/\/www.uhrenankauf365.de\/uhr-verkaufen\/ankaufsformular\/\" title=\"Ankaufsformular Uhren\">Ankaufsformular<\/a> erfasst alle wichtigen Angaben zur Armbanduhr, die Sie verkaufen m\u00f6chten und erleichtert die Ermittlung eines fairen Ankaufspreises.<\/small>\n<\/div>\n<div class=\"col-12 col-md-6 text-center\">\n<i class=\"uak365icon far fa-handshake\"><\/i><br>\n<div class=\"ankaufschritte_title\">Angebot erhalten<\/div>\n<small>Wir unterbreiten Ihnen nach Erhalt der Informationen zur Uhr ein Angebot zum Ankauf. Offene Fragen kl\u00e4ren wir vorab.<\/small>\n<\/div>\n<\/div>\n\n\n<div class=\"row\">\n<div class=\"col-12 col-md-6 text-center\">\n<i class=\"uak365icon fas fa-truck-loading\"><\/i><br>\n<div class=\"ankaufschritte_title\">Uhr wird abgeholt<\/div>\n<small>Ein auf Werttransporte spezialisiertes Unternehmen holt die Uhr bei Ihnen ab. Mehr dazu erfahren Sie <a href=\"https:\/\/www.uhrenankauf365.de\/uhr-verkaufen\/ankauf-faq\/\">hier<\/a>.<\/small>\n<\/div>\n<div class=\"col-12 col-md-6 text-center\">\n<i class=\"uak365icon fas fa-euro-sign\"><\/i><br>\n<div class=\"ankaufschritte_title\">Geld erhalten<\/div>\n<small>Nach Pr\u00fcfung der Armbanduhr zahlen wir den vereinbarten Ankaufspreis zuverl\u00e4ssig und schnell auf Ihr Konto aus.\n<\/small>\n<\/div>\n<\/div>\n\n<\/div>\n\n\n\n<h3 class=\"wp-block-heading mt-4\" id=\"u28357-2\">Ihre Uhr erfolgreich zu Bargeld machen<\/h3>\n\n\n\n<p id=\"u28357-14\">Da wir bundesweit im <strong>Uhrenankauf <\/strong>t\u00e4tig sind, k\u00f6nnen wir Ihre gebrauchte Luxusuhr auch in <strong>Dortmund <\/strong>abholen lassen. Die Abwicklung erfolgt per darauf spezialisiertem Transportunternehmen, das die <strong>Uhr <\/strong>bei Interesse unsererseits bei Ihnen <strong>abholt<\/strong>. Der Transport erfolgt versichert und seri\u00f6s (siehe auch &#8222;<a href=\"https:\/\/www.uhrenankauf365.de\/uhr-verkaufen\/ankauf-faq\/\">H\u00e4ufige Fragen<\/a>&#8222;), so dass wir in der Regel schon am Folgetag eine Bewertung vornehmen k\u00f6nnen. Sie erhalten eine <strong>schnelle Auszahlung<\/strong> der vereinbarten Ankaufsumme. Ihre Fragen beantworten wir gerne vorab telefonisch &#8211; wir freuen uns auf Ihren Anruf!<\/p>\n\n\n\n<p id=\"u28357-20\">Bieten Sie uns Ihre Uhr gerne \u00fcber das <a href=\"https:\/\/www.uhrenankauf365.de\/uhr-verkaufen\/ankaufsformular\/\">Ankaufsformular<\/a> an und machen Sie Angaben zum Zustand. Wir melden uns bei Interesse zeitnah mit einem Ankaufsangebot bei Ihnen.<\/p>\n\n\n\n<h3 class=\"wp-block-heading\">Luxusuhren Ankauf Dortmund<\/h3>\n\n\n<div class=\"wp-bootstrap-blocks-row row\">\n\t\n\n<div class=\"col-12 col-md-6\">\n\t\t\t\n\n<figure class=\"wp-block-image size-large\"><img loading=\"lazy\" decoding=\"async\" width=\"600\" height=\"408\" src=\"https:\/\/www.uhrenankauf365.de\/uhr-verkaufen\/wp-content\/uploads\/2020\/12\/dortmund_uhr_verkaufen.jpg\" alt=\"Dortmund Uhr verkaufen\" class=\"wp-image-687\" srcset=\"https:\/\/www.uhrenankauf365.de\/uhr-verkaufen\/wp-content\/uploads\/2020\/12\/dortmund_uhr_verkaufen.jpg 600w, https:\/\/www.uhrenankauf365.de\/uhr-verkaufen\/wp-content\/uploads\/2020\/12\/dortmund_uhr_verkaufen-300x204.jpg 300w\" sizes=\"auto, (max-width: 600px) 100vw, 600px\" \/><\/figure>\n\n\t<\/div>\n\n\n\n<div class=\"col-12 col-md-6\">\n\t\t\t\n\n<p id=\"u28360-17\">Teure Luxusuhren von Marken wir <a href=\"https:\/\/www.uhrenankauf365.de\/uhr-verkaufen\/audemars_piguet\/\">Audemars Piguet<\/a>, <a href=\"https:\/\/www.uhrenankauf365.de\/uhr-verkaufen\/rolex\/\">Rolex<\/a>, <a href=\"https:\/\/www.uhrenankauf365.de\/uhr-verkaufen\/patek_philippe\/\">Patek Philippe<\/a>, <a href=\"https:\/\/www.uhrenankauf365.de\/uhr-verkaufen\/a_lange_und_soehne\/\">A. Lange &amp; S\u00f6hne<\/a> sind unter Sammlern sehr beliebt und stellen eine rentable Geldanlage dar.<\/p>\n\n\n\n<p id=\"u28360-22\">In den meisten F\u00e4llen ist mit einem signifikanten Wertzuwachs zu rechnen, was vor allem in &#8222;harten Zeiten&#8220; ein finanzielles Kissen schaffen kann. Wir bieten Ihnen gerne einen realistischen Ankaufpreis an, wenn Sie uns Angaben zu Ihrer Uhr \u00fcber das <a href=\"https:\/\/www.uhrenankauf365.de\/uhr-verkaufen\/ankaufsformular\/\">Ankaufsformular<\/a> machen.<\/p>\n\n\t<\/div>\n\n<\/div>\n\n\n\n<p id=\"u28360-22\">Sofern wir eine Einigung erzielen, erhalten Sie schnell die Kaufsumme per Echtzeit\u00fcberweisung.<\/p>\n\n\n\n<p id=\"u28360-30\"><strong>Verkaufen Sie Ihre Uhr in Dortmund<\/strong> oder auch anderen St\u00e4dten &#8211; seri\u00f6se und faire Abwicklung mit schneller Auszahlung garantiert. Wir arbeiten mit spezialisierten Versandunternehmen zusammen, die die Uhr bei Ihnen abholen.<\/p>\n\n\n<div class=\"wp-bootstrap-blocks-container container mb-2 uak_heller_hintergrund p-4\">\n\t\n\n<p class=\"has-text-align-center\"><strong>Welche Uhrenmarke m\u00f6chten Sie verkaufen?<\/strong><\/p>\n\n\n\n<p class=\"text-center\"><a href=\"https:\/\/www.uhrenankauf365.de\/uhr-verkaufen\/a_lange_und_soehne\" class=\"btn btn-primary mb-1 mt-1\" title=\"Uhren Ankauf A. Lange und S\u00f6hne\">A. Lange &amp; S\u00f6hne<\/a> <a href=\"https:\/\/www.uhrenankauf365.de\/uhr-verkaufen\/audemars_piguet\" class=\"btn btn-primary mb-1 mt-1\" title=\"Uhren Ankauf Audemars Piguet\">Audemars Piguet<\/a> <a href=\"https:\/\/www.uhrenankauf365.de\/uhr-verkaufen\/breitling\" class=\"btn btn-primary mb-1 mt-1\" title=\"Uhren Ankauf Breitling\">Breitling<\/a> <a href=\"https:\/\/www.uhrenankauf365.de\/uhr-verkaufen\/hublot\" class=\"btn btn-primary mb-1 mt-1\" title=\"Uhren Ankauf Hublot\">Hublot<\/a> <a href=\"https:\/\/www.uhrenankauf365.de\/uhr-verkaufen\/jaeger_lecoultre\" class=\"btn btn-primary mb-1 mt-1\" title=\"Uhren Ankauf Jaeger-LeCoultre\">Jaeger-LeCoultre<\/a> <a href=\"https:\/\/www.uhrenankauf365.de\/uhr-verkaufen\/omega\" class=\"btn btn-primary mb-1 mt-1\" title=\"Uhren Ankauf Omega\">Omega<\/a> <a href=\"https:\/\/www.uhrenankauf365.de\/uhr-verkaufen\/patek_philippe\" class=\"btn btn-primary mb-1 mt-1\" title=\"Uhren Ankauf Patek Philippe\">Patek Philippe<\/a> <a href=\"https:\/\/www.uhrenankauf365.de\/uhr-verkaufen\/rolex\" class=\"btn btn-primary mb-1 mt-1\" title=\"Uhren Ankauf Rolex\">Rolex<\/a> <a href=\"https:\/\/www.uhrenankauf365.de\/uhr-verkaufen\/ankaufsformular\" class=\"btn btn-primary mb-1 mt-1\">Andere Marke<\/a><br><br><strong>W\u00fcnschen Sie zun\u00e4chst weitere Informationen zur Abwicklung des Uhrenankaufs?<\/strong><br>\n<a href=\"\/uhr-verkaufen\/ankauf-faq\/\" class=\"btn btn-secondary mt-3\">FAQ anzeigen<\/a><\/p>\n\n<\/div>\n\n\n\n<p><\/p>\n\n\n\n<h3 class=\"wp-block-heading mt-4\">Rolex verkaufen in Dortmund<\/h3>\n\n\n\n<p>Zu den Klassikern unter den Sammleruhren geh\u00f6ren zahlreiche Modelle des Herstellers <a href=\"https:\/\/www.uhrenankauf365.de\/uhr-verkaufen\/rolex\/\" title=\"Ankauf Rolex\">Rolex<\/a>, wie hier abgebildet die &#8222;Pepsi&#8220; genannte GMT-Master. Seit 1950 geh\u00f6ren die Modelle mit der rot-blauen L\u00fcnette zu den Kult-Uhren. Haben Sie eine solche Uhr und m\u00f6chten diese schnell, fair und seri\u00f6s zu Bargeld machen? Wir freuen uns auf Ihre Anfrage!<\/p>\n\n\n<div class=\"wp-bootstrap-blocks-row row\">\n\t\n\n<div class=\"col-12 col-md-6\">\n\t\t\t\n\n<p id=\"u28522-12\"><strong>Rolex-Modelle:<\/strong> Daytona, Submariner, GMT Master, Explorer, Milgaus, Date-Just, Day-Date, Yacht-Master, Oyster-Perpetual, Sea-Dweller,&nbsp; Airking, Sky-Dweller<\/p>\n\n\n\n<p id=\"u28522-17\">Aber nicht nur die Rolex-Uhren interessieren uns im Ankauf. Wir freuen uns auch \u00fcber Angebote dieser Uhren:<\/p>\n\n\n\n<p id=\"u28522-20\"><strong>Patek Philippe<\/strong> Nautilus, Aquanaut, Calatrava, Grandes Complications, Complications, Ellipse (Ellipse d\u2019Or), Gondolo, Twenty4<\/p>\n\n\n\n<p id=\"u28522-25\"><strong>Audemars Piguet<\/strong> Royal Oak (<a href=\"https:\/\/www.uhrenankauf365.de\/uhr-verkaufen\/audemars-piguet-royal-oak-offshore-ankauf\/\">Offshore<\/a> \/ Concept), Jules Audemars, Edward Piguet<\/p>\n\n\n\n<p id=\"u28522-31\"><strong>A. Lange &amp; S\u00f6hne<\/strong> Lange 1, Langematik, 1815, Saxonia, Datograph, Cabaret, Grosse Lange 1, Zeitwerk<\/p>\n\n\t<\/div>\n\n\n\n<div class=\"col-12 col-md-6\">\n\t\t\t\n<div class=\"wp-bootstrap-blocks-row row\">\n\t\n\n<div class=\"col-12 col-md-6\">\n\t\t\t\t<\/div>\n\n\n\n<div class=\"col-12 col-md-6\">\n\t\t\t\t<\/div>\n\n<\/div>\n\n\n\n<figure class=\"wp-block-image size-large\"><img loading=\"lazy\" decoding=\"async\" width=\"279\" height=\"400\" src=\"https:\/\/www.uhrenankauf365.de\/uhr-verkaufen\/wp-content\/uploads\/2020\/12\/dortmund_rolex_ankauf.jpg\" alt=\"Ankauf Rolex Pepsi Dortmund\" class=\"wp-image-691\" srcset=\"https:\/\/www.uhrenankauf365.de\/uhr-verkaufen\/wp-content\/uploads\/2020\/12\/dortmund_rolex_ankauf.jpg 279w, https:\/\/www.uhrenankauf365.de\/uhr-verkaufen\/wp-content\/uploads\/2020\/12\/dortmund_rolex_ankauf-209x300.jpg 209w\" sizes=\"auto, (max-width: 279px) 100vw, 279px\" \/><\/figure>\n\n\t<\/div>\n\n<\/div>\n","protected":false},"excerpt":{"rendered":"<p>Dortmund bietet auch f\u00fcr den Handel und Ankauf von Luxusuhren ideale Anbindung an die wichtigsten Verkehrswege: Sowohl Flughafen, Bahnhof und der gr\u00f6\u00dfte Kanalhafen Europas sorgen f\u00fcr schnelle Transportm\u00f6glichkeiten von Handelswaren. Wenn Sie Ihre Uhr verkaufen m\u00f6chten, k\u00f6nnen Sie uns gern \u00fcber das Ankaufsformular Fotos und Angaben zur Uhr senden. Sie erhalten zeitnah ein Angebot! Ihre [&hellip;]<\/p>\n","protected":false},"author":1,"featured_media":0,"parent":0,"menu_order":0,"comment_status":"closed","ping_status":"closed","template":"","meta":{"footnotes":""},"class_list":["post-681","page","type-page","status-publish","hentry"],"yoast_head":"<!-- This site is optimized with the Yoast SEO plugin v27.3 - https:\/\/yoast.com\/product\/yoast-seo-wordpress\/ -->\n<title>Uhren Ankauf Dortmund - Uhrenankauf 365<\/title>\n<meta name=\"description\" content=\"Luxusuhr-Ankauf mit Standort in Dortmund \u2713 Fair \u2713 Seri\u00f6s \u2713 Seit 1998 - Nutzen Sie unseren bundesweiten Ankaufservice f\u00fcr Rolex und weitere.\" \/>\n<meta name=\"robots\" content=\"index, follow, max-snippet:-1, max-image-preview:large, max-video-preview:-1\" \/>\n<link rel=\"canonical\" href=\"https:\/\/www.uhrenankauf365.de\/uhr-verkaufen\/dortmund\/\" \/>\n<meta property=\"og:locale\" content=\"de_DE\" \/>\n<meta property=\"og:type\" content=\"article\" \/>\n<meta property=\"og:title\" content=\"Uhren Ankauf Dortmund - Uhrenankauf 365\" \/>\n<meta property=\"og:description\" content=\"Luxusuhr-Ankauf mit Standort in Dortmund \u2713 Fair \u2713 Seri\u00f6s \u2713 Seit 1998 - Nutzen Sie unseren bundesweiten Ankaufservice f\u00fcr Rolex und weitere.\" \/>\n<meta property=\"og:url\" content=\"https:\/\/www.uhrenankauf365.de\/uhr-verkaufen\/dortmund\/\" \/>\n<meta property=\"og:site_name\" content=\"Uhrenankauf 365\" \/>\n<meta property=\"article:modified_time\" content=\"2025-11-28T09:19:28+00:00\" \/>\n<meta property=\"og:image\" content=\"https:\/\/www.uhrenankauf365.de\/uhr-verkaufen\/wp-content\/uploads\/2020\/12\/uhrenankauf_in_dortmund.jpg\" \/>\n\t<meta property=\"og:image:width\" content=\"498\" \/>\n\t<meta property=\"og:image:height\" content=\"418\" \/>\n\t<meta property=\"og:image:type\" content=\"image\/jpeg\" \/>\n<meta name=\"twitter:card\" content=\"summary_large_image\" \/>\n<meta name=\"twitter:label1\" content=\"Gesch\u00e4tzte Lesezeit\" \/>\n\t<meta name=\"twitter:data1\" content=\"10\u00a0Minuten\" \/>\n<script type=\"application\/ld+json\" class=\"yoast-schema-graph\">{\"@context\":\"https:\\\/\\\/schema.org\",\"@graph\":[{\"@type\":\"WebPage\",\"@id\":\"https:\\\/\\\/www.uhrenankauf365.de\\\/uhr-verkaufen\\\/dortmund\\\/\",\"url\":\"https:\\\/\\\/www.uhrenankauf365.de\\\/uhr-verkaufen\\\/dortmund\\\/\",\"name\":\"Uhren Ankauf Dortmund - Uhrenankauf 365\",\"isPartOf\":{\"@id\":\"https:\\\/\\\/www.uhrenankauf365.de\\\/uhr-verkaufen\\\/#website\"},\"primaryImageOfPage\":{\"@id\":\"https:\\\/\\\/www.uhrenankauf365.de\\\/uhr-verkaufen\\\/dortmund\\\/#primaryimage\"},\"image\":{\"@id\":\"https:\\\/\\\/www.uhrenankauf365.de\\\/uhr-verkaufen\\\/dortmund\\\/#primaryimage\"},\"thumbnailUrl\":\"https:\\\/\\\/www.uhrenankauf365.de\\\/uhr-verkaufen\\\/wp-content\\\/uploads\\\/2020\\\/12\\\/uhrenankauf_in_dortmund.jpg\",\"datePublished\":\"2020-12-15T22:17:03+00:00\",\"dateModified\":\"2025-11-28T09:19:28+00:00\",\"description\":\"Luxusuhr-Ankauf mit Standort in Dortmund \u2713 Fair \u2713 Seri\u00f6s \u2713 Seit 1998 - Nutzen Sie unseren bundesweiten Ankaufservice f\u00fcr Rolex und weitere.\",\"breadcrumb\":{\"@id\":\"https:\\\/\\\/www.uhrenankauf365.de\\\/uhr-verkaufen\\\/dortmund\\\/#breadcrumb\"},\"inLanguage\":\"de\",\"potentialAction\":[{\"@type\":\"ReadAction\",\"target\":[\"https:\\\/\\\/www.uhrenankauf365.de\\\/uhr-verkaufen\\\/dortmund\\\/\"]}]},{\"@type\":\"ImageObject\",\"inLanguage\":\"de\",\"@id\":\"https:\\\/\\\/www.uhrenankauf365.de\\\/uhr-verkaufen\\\/dortmund\\\/#primaryimage\",\"url\":\"https:\\\/\\\/www.uhrenankauf365.de\\\/uhr-verkaufen\\\/wp-content\\\/uploads\\\/2020\\\/12\\\/uhrenankauf_in_dortmund.jpg\",\"contentUrl\":\"https:\\\/\\\/www.uhrenankauf365.de\\\/uhr-verkaufen\\\/wp-content\\\/uploads\\\/2020\\\/12\\\/uhrenankauf_in_dortmund.jpg\",\"width\":498,\"height\":418},{\"@type\":\"BreadcrumbList\",\"@id\":\"https:\\\/\\\/www.uhrenankauf365.de\\\/uhr-verkaufen\\\/dortmund\\\/#breadcrumb\",\"itemListElement\":[{\"@type\":\"ListItem\",\"position\":1,\"name\":\"Startseite\",\"item\":\"https:\\\/\\\/www.uhrenankauf365.de\\\/uhr-verkaufen\\\/\"},{\"@type\":\"ListItem\",\"position\":2,\"name\":\"Uhren Ankauf Dortmund\"}]},{\"@type\":\"WebSite\",\"@id\":\"https:\\\/\\\/www.uhrenankauf365.de\\\/uhr-verkaufen\\\/#website\",\"url\":\"https:\\\/\\\/www.uhrenankauf365.de\\\/uhr-verkaufen\\\/\",\"name\":\"Uhrenankauf 365\",\"description\":\"Jetzt Ihre Luxusuhr verkaufen!\",\"publisher\":{\"@id\":\"https:\\\/\\\/www.uhrenankauf365.de\\\/uhr-verkaufen\\\/#organization\"},\"potentialAction\":[{\"@type\":\"SearchAction\",\"target\":{\"@type\":\"EntryPoint\",\"urlTemplate\":\"https:\\\/\\\/www.uhrenankauf365.de\\\/uhr-verkaufen\\\/?s={search_term_string}\"},\"query-input\":{\"@type\":\"PropertyValueSpecification\",\"valueRequired\":true,\"valueName\":\"search_term_string\"}}],\"inLanguage\":\"de\"},{\"@type\":\"Organization\",\"@id\":\"https:\\\/\\\/www.uhrenankauf365.de\\\/uhr-verkaufen\\\/#organization\",\"name\":\"uhrenankauf365.de, Anke Michels\",\"url\":\"https:\\\/\\\/www.uhrenankauf365.de\\\/uhr-verkaufen\\\/\",\"logo\":{\"@type\":\"ImageObject\",\"inLanguage\":\"de\",\"@id\":\"https:\\\/\\\/www.uhrenankauf365.de\\\/uhr-verkaufen\\\/#\\\/schema\\\/logo\\\/image\\\/\",\"url\":\"https:\\\/\\\/www.uhrenankauf365.de\\\/uhr-verkaufen\\\/wp-content\\\/uploads\\\/2020\\\/11\\\/logo_uhrenankauf.png\",\"contentUrl\":\"https:\\\/\\\/www.uhrenankauf365.de\\\/uhr-verkaufen\\\/wp-content\\\/uploads\\\/2020\\\/11\\\/logo_uhrenankauf.png\",\"width\":98,\"height\":100,\"caption\":\"uhrenankauf365.de, Anke Michels\"},\"image\":{\"@id\":\"https:\\\/\\\/www.uhrenankauf365.de\\\/uhr-verkaufen\\\/#\\\/schema\\\/logo\\\/image\\\/\"}}]}<\/script>\n<!-- \/ Yoast SEO plugin. -->","yoast_head_json":{"title":"Uhren Ankauf Dortmund - Uhrenankauf 365","description":"Luxusuhr-Ankauf mit Standort in Dortmund \u2713 Fair \u2713 Seri\u00f6s \u2713 Seit 1998 - Nutzen Sie unseren bundesweiten Ankaufservice f\u00fcr Rolex und weitere.","robots":{"index":"index","follow":"follow","max-snippet":"max-snippet:-1","max-image-preview":"max-image-preview:large","max-video-preview":"max-video-preview:-1"},"canonical":"https:\/\/www.uhrenankauf365.de\/uhr-verkaufen\/dortmund\/","og_locale":"de_DE","og_type":"article","og_title":"Uhren Ankauf Dortmund - Uhrenankauf 365","og_description":"Luxusuhr-Ankauf mit Standort in Dortmund \u2713 Fair \u2713 Seri\u00f6s \u2713 Seit 1998 - Nutzen Sie unseren bundesweiten Ankaufservice f\u00fcr Rolex und weitere.","og_url":"https:\/\/www.uhrenankauf365.de\/uhr-verkaufen\/dortmund\/","og_site_name":"Uhrenankauf 365","article_modified_time":"2025-11-28T09:19:28+00:00","og_image":[{"width":498,"height":418,"url":"https:\/\/www.uhrenankauf365.de\/uhr-verkaufen\/wp-content\/uploads\/2020\/12\/uhrenankauf_in_dortmund.jpg","type":"image\/jpeg"}],"twitter_card":"summary_large_image","twitter_misc":{"Gesch\u00e4tzte Lesezeit":"10\u00a0Minuten"},"schema":{"@context":"https:\/\/schema.org","@graph":[{"@type":"WebPage","@id":"https:\/\/www.uhrenankauf365.de\/uhr-verkaufen\/dortmund\/","url":"https:\/\/www.uhrenankauf365.de\/uhr-verkaufen\/dortmund\/","name":"Uhren Ankauf Dortmund - Uhrenankauf 365","isPartOf":{"@id":"https:\/\/www.uhrenankauf365.de\/uhr-verkaufen\/#website"},"primaryImageOfPage":{"@id":"https:\/\/www.uhrenankauf365.de\/uhr-verkaufen\/dortmund\/#primaryimage"},"image":{"@id":"https:\/\/www.uhrenankauf365.de\/uhr-verkaufen\/dortmund\/#primaryimage"},"thumbnailUrl":"https:\/\/www.uhrenankauf365.de\/uhr-verkaufen\/wp-content\/uploads\/2020\/12\/uhrenankauf_in_dortmund.jpg","datePublished":"2020-12-15T22:17:03+00:00","dateModified":"2025-11-28T09:19:28+00:00","description":"Luxusuhr-Ankauf mit Standort in Dortmund \u2713 Fair \u2713 Seri\u00f6s \u2713 Seit 1998 - Nutzen Sie unseren bundesweiten Ankaufservice f\u00fcr Rolex und weitere.","breadcrumb":{"@id":"https:\/\/www.uhrenankauf365.de\/uhr-verkaufen\/dortmund\/#breadcrumb"},"inLanguage":"de","potentialAction":[{"@type":"ReadAction","target":["https:\/\/www.uhrenankauf365.de\/uhr-verkaufen\/dortmund\/"]}]},{"@type":"ImageObject","inLanguage":"de","@id":"https:\/\/www.uhrenankauf365.de\/uhr-verkaufen\/dortmund\/#primaryimage","url":"https:\/\/www.uhrenankauf365.de\/uhr-verkaufen\/wp-content\/uploads\/2020\/12\/uhrenankauf_in_dortmund.jpg","contentUrl":"https:\/\/www.uhrenankauf365.de\/uhr-verkaufen\/wp-content\/uploads\/2020\/12\/uhrenankauf_in_dortmund.jpg","width":498,"height":418},{"@type":"BreadcrumbList","@id":"https:\/\/www.uhrenankauf365.de\/uhr-verkaufen\/dortmund\/#breadcrumb","itemListElement":[{"@type":"ListItem","position":1,"name":"Startseite","item":"https:\/\/www.uhrenankauf365.de\/uhr-verkaufen\/"},{"@type":"ListItem","position":2,"name":"Uhren Ankauf Dortmund"}]},{"@type":"WebSite","@id":"https:\/\/www.uhrenankauf365.de\/uhr-verkaufen\/#website","url":"https:\/\/www.uhrenankauf365.de\/uhr-verkaufen\/","name":"Uhrenankauf 365","description":"Jetzt Ihre Luxusuhr verkaufen!","publisher":{"@id":"https:\/\/www.uhrenankauf365.de\/uhr-verkaufen\/#organization"},"potentialAction":[{"@type":"SearchAction","target":{"@type":"EntryPoint","urlTemplate":"https:\/\/www.uhrenankauf365.de\/uhr-verkaufen\/?s={search_term_string}"},"query-input":{"@type":"PropertyValueSpecification","valueRequired":true,"valueName":"search_term_string"}}],"inLanguage":"de"},{"@type":"Organization","@id":"https:\/\/www.uhrenankauf365.de\/uhr-verkaufen\/#organization","name":"uhrenankauf365.de, Anke Michels","url":"https:\/\/www.uhrenankauf365.de\/uhr-verkaufen\/","logo":{"@type":"ImageObject","inLanguage":"de","@id":"https:\/\/www.uhrenankauf365.de\/uhr-verkaufen\/#\/schema\/logo\/image\/","url":"https:\/\/www.uhrenankauf365.de\/uhr-verkaufen\/wp-content\/uploads\/2020\/11\/logo_uhrenankauf.png","contentUrl":"https:\/\/www.uhrenankauf365.de\/uhr-verkaufen\/wp-content\/uploads\/2020\/11\/logo_uhrenankauf.png","width":98,"height":100,"caption":"uhrenankauf365.de, Anke Michels"},"image":{"@id":"https:\/\/www.uhrenankauf365.de\/uhr-verkaufen\/#\/schema\/logo\/image\/"}}]}},"_links":{"self":[{"href":"https:\/\/www.uhrenankauf365.de\/uhr-verkaufen\/wp-json\/wp\/v2\/pages\/681","targetHints":{"allow":["GET"]}}],"collection":[{"href":"https:\/\/www.uhrenankauf365.de\/uhr-verkaufen\/wp-json\/wp\/v2\/pages"}],"about":[{"href":"https:\/\/www.uhrenankauf365.de\/uhr-verkaufen\/wp-json\/wp\/v2\/types\/page"}],"author":[{"embeddable":true,"href":"https:\/\/www.uhrenankauf365.de\/uhr-verkaufen\/wp-json\/wp\/v2\/users\/1"}],"replies":[{"embeddable":true,"href":"https:\/\/www.uhrenankauf365.de\/uhr-verkaufen\/wp-json\/wp\/v2\/comments?post=681"}],"version-history":[{"count":8,"href":"https:\/\/www.uhrenankauf365.de\/uhr-verkaufen\/wp-json\/wp\/v2\/pages\/681\/revisions"}],"predecessor-version":[{"id":2610,"href":"https:\/\/www.uhrenankauf365.de\/uhr-verkaufen\/wp-json\/wp\/v2\/pages\/681\/revisions\/2610"}],"wp:attachment":[{"href":"https:\/\/www.uhrenankauf365.de\/uhr-verkaufen\/wp-json\/wp\/v2\/media?parent=681"}],"curies":[{"name":"wp","href":"https:\/\/api.w.org\/{rel}","templated":true}]}}