{"id":631,"date":"2020-12-14T19:15:50","date_gmt":"2020-12-14T18:15:50","guid":{"rendered":"https:\/\/www.uhrenankauf365.de\/uhr-verkaufen\/?page_id=631"},"modified":"2025-02-13T19:02:30","modified_gmt":"2025-02-13T18:02:30","slug":"hamburg","status":"publish","type":"page","link":"https:\/\/www.uhrenankauf365.de\/uhr-verkaufen\/hamburg\/","title":{"rendered":"Uhren Ankauf Hamburg"},"content":{"rendered":"<div class=\"wp-bootstrap-blocks-row row\">\n\t\n\n<div class=\"col-12 col-md-6\">\n\t\t\t\n\n<h2 class=\"wp-block-heading\" id=\"u30228-2\">Uhren Ankauf in Hamburg &#8211; schnelle Auszahlung per Echtzeit\u00fcberweisung!<\/h2>\n\n\n\n<p id=\"u30228-20\">Als bundesweit agierender Uhrenh\u00e4ndler kaufen wir gebrauchte Uhren g\u00e4ngiger Luxusmarken wie <a href=\"https:\/\/www.uhrenankauf365.de\/uhr-verkaufen\/rolex\/\">Rolex<\/a>, <a href=\"https:\/\/www.uhrenankauf365.de\/uhr-verkaufen\/patek_philippe\/\">Patek Philippe<\/a>, <a href=\"https:\/\/www.uhrenankauf365.de\/uhr-verkaufen\/audemars_piguet\/\">Audemars Piguet<\/a>, <a href=\"https:\/\/www.uhrenankauf365.de\/uhr-verkaufen\/a_lange_und_soehne\/\">A. Lange &amp; S\u00f6hne<\/a> etc. an. M\u00f6chten Sie Ihre <strong>Uhr<\/strong> mit Standort in <strong>Hamburg<\/strong> <strong>verkaufen<\/strong>? Nutzen Sie einfach das <a href=\"https:\/\/www.uhrenankauf365.de\/uhr-verkaufen\/ankaufsformular\/\">Formular &#8222;Uhrenankauf&#8220;<\/a>, um uns mit allen Details zur angebotenen Uhr zu versorgen. Nach preislicher Einigung beauftragen wir ein auf Luxusg\u00fcter spezialisiertes Versandunternehmen mit der Abholung Ihrer Armbanduhr in Hamburg und Umgebung.<\/p>\n\n\n\n<p>Weitere Informationen zur Abwicklung erhalten Sie auf der Seite &#8222;<a href=\"https:\/\/www.uhrenankauf365.de\/uhr-verkaufen\/ankauf-faq\/\">FAQ<\/a>&#8222;. Au\u00dferdem beantworten wir selbstverst\u00e4ndlich alle offenen Fragen gerne vorab.<\/p>\n\n\t<\/div>\n\n\n\n<div class=\"col-12 col-md-6\">\n\t\t\t\n\n<figure class=\"wp-block-image size-large\"><img loading=\"lazy\" decoding=\"async\" width=\"425\" height=\"610\" src=\"https:\/\/www.uhrenankauf365.de\/uhr-verkaufen\/wp-content\/uploads\/2020\/12\/uhrenankauf_hamburg.jpg\" alt=\"Speicherstadt Hamburg im Nebel\" class=\"wp-image-648\" srcset=\"https:\/\/www.uhrenankauf365.de\/uhr-verkaufen\/wp-content\/uploads\/2020\/12\/uhrenankauf_hamburg.jpg 425w, https:\/\/www.uhrenankauf365.de\/uhr-verkaufen\/wp-content\/uploads\/2020\/12\/uhrenankauf_hamburg-209x300.jpg 209w\" sizes=\"auto, (max-width: 425px) 100vw, 425px\" \/><\/figure>\n\n\t<\/div>\n\n<\/div>\n\n\n<div class=\"wp-bootstrap-blocks-container container mb-5 uak_heller_hintergrund_line_height_normal text-center p-4 mt-4\">\n\t\n\n<h3 class=\"wp-block-heading\" id=\"u1363-2\">Wir kaufen Luxusuhren!<\/h3>\n\n\n\n<p id=\"u1363-4\"><strong>Profitieren Sie&nbsp;von unserer jahrzehntelangen Erfahrung im Uhrenhandel!<\/strong><\/p>\n\n\n\n<p><a class=\"btn btn-primary btn-lg\" href=\"https:\/\/www.uhrenankauf365.de\/uhr-verkaufen\/ankaufsformular\/\">Zum Ankaufsformular<\/a><\/p>\n\n<\/div>\n\n\n\n<h3 class=\"wp-block-heading\" id=\"u30245-2\">Welche Luxusuhren kaufen wir an?<\/h3>\n\n\n\n<p id=\"u30245-32\">Im Prinzip sind wir an allen Armbanduhren interessiert, die dem Luxussegment zuzuordnen sind. Dazu geh\u00f6ren vor allem die Hersteller <a href=\"https:\/\/www.uhrenankauf365.de\/uhr-verkaufen\/a_lange_und_soehne\/\" title=\"Uhren Ankauf A. Lange und S\u00f6hne\">A. Lange &amp; S\u00f6hne<\/a>, <a href=\"https:\/\/www.uhrenankauf365.de\/uhr-verkaufen\/audemars_piguet\/\" title=\"Uhren Ankauf Audemars Piguet\">Audemars Piguet<\/a>, <a href=\"https:\/\/www.uhrenankauf365.de\/uhr-verkaufen\/breitling\/\" title=\"Uhren Ankauf Breitling\">Breitling<\/a>, <a href=\"https:\/\/www.uhrenankauf365.de\/uhr-verkaufen\/hublot\/\" title=\"Uhren Ankauf Hublot\">Hublot<\/a>, <a href=\"https:\/\/www.uhrenankauf365.de\/uhr-verkaufen\/jaeger_lecoultre\/\" title=\"Uhren Ankauf Jaeger-LeCoultre\">Jaeger-LeCoultre<\/a>, <a href=\"https:\/\/www.uhrenankauf365.de\/uhr-verkaufen\/omega\/\" title=\"Uhren Ankauf Omega\">Omega<\/a>, <a href=\"https:\/\/www.uhrenankauf365.de\/uhr-verkaufen\/patek_philippe\/\" title=\"Uhren Ankauf Patek Philippe\">Patek Philippe<\/a> und <a href=\"https:\/\/www.uhrenankauf365.de\/uhr-verkaufen\/rolex\/\" title=\"Uhren Ankauf Rolex\">Rolex<\/a>. Aber auch andere Marken k\u00f6nnen Sie uns gerne \u00fcber das <a href=\"https:\/\/www.uhrenankauf365.de\/uhr-verkaufen\/ankaufsformular\/\" title=\"Ankaufsformular Luxusuhren\">Formular &#8222;Uhrenankauf&#8220;<\/a> anbieten.<\/p>\n\n\n\n<p id=\"u30245-34\">Ferner k\u00f6nnen Sie uns gerne eventuell vorhandene Nobel-Accessoires anbieten. Auch mit diesen handeln wir. Dazu geh\u00f6ren zum Beispiel Schlie\u00dfen, Holzboxen, Glieder aus Original-Armb\u00e4ndern sowie teils auch Kataloge der oben aufgef\u00fchrten Hersteller.<\/p>\n\n\n\n<div class=\"container p-4 uak_heller_hintergrund\">\n<div class=\"row mb-4\">\n<div class=\"col-12 col-md-6 text-center\">\n<i class=\"uak365icon fas fa-file-alt\"><\/i><br>\n<div class=\"ankaufschritte_title\">Formular ausf\u00fcllen<\/div>\n<small>Das <a href=\"https:\/\/www.uhrenankauf365.de\/uhr-verkaufen\/ankaufsformular\/\" title=\"Ankaufsformular Uhren\">Ankaufsformular<\/a> erfasst alle wichtigen Angaben zur Armbanduhr, die Sie verkaufen m\u00f6chten und erleichtert die Ermittlung eines fairen Ankaufspreises.<\/small>\n<\/div>\n<div class=\"col-12 col-md-6 text-center\">\n<i class=\"uak365icon far fa-handshake\"><\/i><br>\n<div class=\"ankaufschritte_title\">Angebot erhalten<\/div>\n<small>Wir unterbreiten Ihnen nach Erhalt der Informationen zur Uhr ein Angebot zum Ankauf. Offene Fragen kl\u00e4ren wir vorab.<\/small>\n<\/div>\n<\/div>\n\n\n<div class=\"row\">\n<div class=\"col-12 col-md-6 text-center\">\n<i class=\"uak365icon fas fa-truck-loading\"><\/i><br>\n<div class=\"ankaufschritte_title\">Uhr wird abgeholt<\/div>\n<small>Ein auf Werttransporte spezialisiertes Unternehmen holt die Uhr bei Ihnen ab. Mehr dazu erfahren Sie <a href=\"https:\/\/www.uhrenankauf365.de\/uhr-verkaufen\/ankauf-faq\/\">hier<\/a>.<\/small>\n<\/div>\n<div class=\"col-12 col-md-6 text-center\">\n<i class=\"uak365icon fas fa-euro-sign\"><\/i><br>\n<div class=\"ankaufschritte_title\">Geld erhalten<\/div>\n<small>Nach Pr\u00fcfung der Armbanduhr zahlen wir den vereinbarten Ankaufspreis zuverl\u00e4ssig und schnell auf Ihr Konto aus.\n<\/small>\n<\/div>\n<\/div>\n\n<\/div>\n\n\n\n<h3 class=\"wp-block-heading mt-4\">Hamburgs Uhrenhistorie<\/h3>\n\n\n<div class=\"wp-bootstrap-blocks-row row\">\n\t\n\n<div class=\"col-12 col-md-6\">\n\t\t\t\n\n<p id=\"u2227-2\">Die Stadt Hamburg hat, was viele nicht wissen, eine aufregende Historie in puncto Armbanduhren. Der Uhrmachermeister Johannes Schlenker gr\u00fcndete n\u00e4mlich bereits 1822 (in Schwenningen am Neckar) die &#8222;Deutsche Uhrenfabrik&#8220;, in der zun\u00e4chst handgefertigte Schwarzwalduhren gefertigt wurden. Der sp\u00e4tere Name &#8222;Kienzle&#8220; entstand dadurch, dass sein eingeheirateter Schwager Jakob Kienzle mit ins Gesch\u00e4ft einstieg. Man begann als &#8222;Schlenker und Kienzle&#8220; mit der Produktion von Weckern sowie Wand- und Pendeluhren. Mit dem Umstieg auf eine industrialisierte Produktionsweise wurde die Uhrenproduktion 1894 deutlich effektiver, da nicht mehr alle Teile von Hand gefertigt werden mussten.<\/p>\n\n\t<\/div>\n\n\n\n<div class=\"col-12 col-md-6\">\n\t\t\t\n\n<p>Ab 1897 wurde dann Jakob Kienzle einziger Inhaber und der Name &#8222;Kienzle&#8220; war gesetzt. Bis Ende der Neunziger Jahre war man mit diversen Uhren und Innovationen recht erfolgreich, 1997 \u00fcbernahm jedoch die Highway Holdings Gruppe das Unternehmen, jedoch kehrte man 2002 (mit der &#8222;Kienzle AG&#8220;) nach Deutschland zur\u00fcck &#8211; Hamburg war der neue Standort. Leider war der Erfolg nicht wie erhofft eingetreten und man musste 2014 erneut in die Insolvenz gehen.<\/p>\n\n\n\n<p>Was jedoch bleibt sind viele Uhren, die am Hamburger Standort und am fr\u00fcheren Standort mit Liebe zum Detail produziert wurden und unter Sammlern beliebt sind. Auch wir interessieren und f\u00fcr den Ankauf von Uhren in Hamburg und bundesweit! Bieten Sie uns gerne Ihre Luxusuhr zum Verkauf an. Daf\u00fcr haben wir das <a href=\"https:\/\/www.uhrenankauf365.de\/uhr-verkaufen\/ankaufsformular\/\">Formular &#8222;Uhrenankauf&#8220;<\/a> eingerichtet.<\/p>\n\n\t<\/div>\n\n<\/div>\n\n\n\n<h3 class=\"wp-block-heading mt-4\" id=\"u2191-2\">Sammlerwert von Armbanduhren<\/h3>\n\n\n\n<p id=\"u2191-10\">Der Verkauf einer Luxus-Armbanduhr ist einfacher, als es sich die meisten vorstellen. Durch unsere langj\u00e4hrige Erfahrung ist es uns in der Regel m\u00f6glich, den Wert der uns angebotenen Uhr schon mit den Erstinformationen zu bewerten, die Sie uns \u00fcber das <a href=\"https:\/\/www.uhrenankauf365.de\/uhr-verkaufen\/ankaufsformular\/\">Formular &#8222;Uhrenankauf&#8220;<\/a> senden k\u00f6nnen. Dies erleichtert es uns, den Preis fair zu gestalten. Gut erhaltene Armbanduhren mit Original-Box und Zertifikat sind sehr wahrscheinlich in ihrem Wert gestiegen, seitdem Sie die Uhr erworben haben. Genauere Informationen dazu geben wir Ihnen in unserem Angebot, das wir Ihnen nach Hamburg senden.<\/p>\n\n\n\n<h3 class=\"wp-block-heading mt-4\">Breitling Navitimer 7806 (&#8222;King Hussein&#8220;)<\/h3>\n\n\n<div class=\"wp-bootstrap-blocks-row row\">\n\t\n\n<div class=\"col-12 col-md-6\">\n\t\t\t\n\n<figure class=\"wp-block-image size-large\"><img loading=\"lazy\" decoding=\"async\" width=\"640\" height=\"340\" src=\"https:\/\/www.uhrenankauf365.de\/uhr-verkaufen\/wp-content\/uploads\/2020\/12\/luxusuhr-breitling-ankauf-hamburg.jpg\" alt=\"Breitling King Hussein Foto\" class=\"wp-image-638\" srcset=\"https:\/\/www.uhrenankauf365.de\/uhr-verkaufen\/wp-content\/uploads\/2020\/12\/luxusuhr-breitling-ankauf-hamburg.jpg 640w, https:\/\/www.uhrenankauf365.de\/uhr-verkaufen\/wp-content\/uploads\/2020\/12\/luxusuhr-breitling-ankauf-hamburg-300x159.jpg 300w\" sizes=\"auto, (max-width: 640px) 100vw, 640px\" \/><\/figure>\n\n\t<\/div>\n\n\n\n<div class=\"col-12 col-md-6\">\n\t\t\t\n\n<p id=\"u2204-2\">Diese Breitling-Uhr mit dem unverkennbaren &#8222;B&#8220; auf der Seite steht stellvertretend f\u00fcr alle Luxusuhren, an deren Ankauf wir interessiert sind. Solche Sammleruhren sind genau das, was wir suchen und mit dem wir tagt\u00e4glich handeln. Wir freuen uns auf Ihr Angebot!<\/p>\n\n\n\n<p><a href=\"https:\/\/www.uhrenankauf365.de\/uhr-verkaufen\/ankaufsformular\/\" class=\"btn btn-primary btn-block\">Zum Ankaufsformular<\/a><\/p>\n\n\t<\/div>\n\n<\/div>\n\n\n<div class=\"wp-bootstrap-blocks-container container mb-2 uak_heller_hintergrund p-4\">\n\t\n\n<p class=\"has-text-align-center\"><strong>Welche Uhrenmarke m\u00f6chten Sie verkaufen?<\/strong><\/p>\n\n\n\n<p class=\"text-center\"><a href=\"https:\/\/www.uhrenankauf365.de\/uhr-verkaufen\/a_lange_und_soehne\" class=\"btn btn-primary mb-1 mt-1\" title=\"Uhren Ankauf A. Lange und S\u00f6hne\">A. Lange &amp; S\u00f6hne<\/a> <a href=\"https:\/\/www.uhrenankauf365.de\/uhr-verkaufen\/audemars_piguet\" class=\"btn btn-primary mb-1 mt-1\" title=\"Uhren Ankauf Audemars Piguet\">Audemars Piguet<\/a> <a href=\"https:\/\/www.uhrenankauf365.de\/uhr-verkaufen\/breitling\" class=\"btn btn-primary mb-1 mt-1\" title=\"Uhren Ankauf Breitling\">Breitling<\/a> <a href=\"https:\/\/www.uhrenankauf365.de\/uhr-verkaufen\/hublot\" class=\"btn btn-primary mb-1 mt-1\" title=\"Uhren Ankauf Hublot\">Hublot<\/a> <a href=\"https:\/\/www.uhrenankauf365.de\/uhr-verkaufen\/jaeger_lecoultre\" class=\"btn btn-primary mb-1 mt-1\" title=\"Uhren Ankauf Jaeger-LeCoultre\">Jaeger-LeCoultre<\/a> <a href=\"https:\/\/www.uhrenankauf365.de\/uhr-verkaufen\/omega\" class=\"btn btn-primary mb-1 mt-1\" title=\"Uhren Ankauf Omega\">Omega<\/a> <a href=\"https:\/\/www.uhrenankauf365.de\/uhr-verkaufen\/patek_philippe\" class=\"btn btn-primary mb-1 mt-1\" title=\"Uhren Ankauf Patek Philippe\">Patek Philippe<\/a> <a href=\"https:\/\/www.uhrenankauf365.de\/uhr-verkaufen\/rolex\" class=\"btn btn-primary mb-1 mt-1\" title=\"Uhren Ankauf Rolex\">Rolex<\/a> <a href=\"https:\/\/www.uhrenankauf365.de\/uhr-verkaufen\/ankaufsformular\" class=\"btn btn-primary mb-1 mt-1\">Andere Marke<\/a><br><br><strong>W\u00fcnschen Sie zun\u00e4chst weitere Informationen zur Abwicklung des Uhrenankaufs?<\/strong><br>\n<a href=\"\/uhr-verkaufen\/ankauf-faq\/\" class=\"btn btn-secondary mt-3\">FAQ anzeigen<\/a><\/p>\n\n<\/div>\n\n\n\n<p><\/p>\n","protected":false},"excerpt":{"rendered":"<p>Welche Luxusuhren kaufen wir an? Im Prinzip sind wir an allen Armbanduhren interessiert, die dem Luxussegment zuzuordnen sind. Dazu geh\u00f6ren vor allem die Hersteller A. Lange &amp; S\u00f6hne, Audemars Piguet, Breitling, Hublot, Jaeger-LeCoultre, Omega, Patek Philippe und Rolex. Aber auch andere Marken k\u00f6nnen Sie uns gerne \u00fcber das Formular &#8222;Uhrenankauf&#8220; anbieten. Ferner k\u00f6nnen Sie uns [&hellip;]<\/p>\n","protected":false},"author":1,"featured_media":0,"parent":0,"menu_order":0,"comment_status":"closed","ping_status":"closed","template":"","meta":{"footnotes":""},"class_list":["post-631","page","type-page","status-publish","hentry"],"yoast_head":"<!-- This site is optimized with the Yoast SEO plugin v27.3 - https:\/\/yoast.com\/product\/yoast-seo-wordpress\/ -->\n<title>Uhren Ankauf Hamburg - wir kaufen Luxusuhren.<\/title>\n<meta name=\"description\" content=\"Im Uhren Ankauf Hamburg sind wir auf Luxusuhren spezialisiert. Wir kaufen Rolex, Patek Philippe und weitere Uhren. Seit 1998!\" \/>\n<meta name=\"robots\" content=\"index, follow, max-snippet:-1, max-image-preview:large, max-video-preview:-1\" \/>\n<link rel=\"canonical\" href=\"https:\/\/www.uhrenankauf365.de\/uhr-verkaufen\/hamburg\/\" \/>\n<meta property=\"og:locale\" content=\"de_DE\" \/>\n<meta property=\"og:type\" content=\"article\" \/>\n<meta property=\"og:title\" content=\"Uhren Ankauf Hamburg - wir kaufen Luxusuhren.\" \/>\n<meta property=\"og:description\" content=\"Im Uhren Ankauf Hamburg sind wir auf Luxusuhren spezialisiert. Wir kaufen Rolex, Patek Philippe und weitere Uhren. Seit 1998!\" \/>\n<meta property=\"og:url\" content=\"https:\/\/www.uhrenankauf365.de\/uhr-verkaufen\/hamburg\/\" \/>\n<meta property=\"og:site_name\" content=\"Uhrenankauf 365\" \/>\n<meta property=\"article:modified_time\" content=\"2025-02-13T18:02:30+00:00\" \/>\n<meta property=\"og:image\" content=\"https:\/\/www.uhrenankauf365.de\/uhr-verkaufen\/wp-content\/uploads\/2020\/12\/uhrenankauf_hamburg.jpg\" \/>\n\t<meta property=\"og:image:width\" content=\"425\" \/>\n\t<meta property=\"og:image:height\" content=\"610\" \/>\n\t<meta property=\"og:image:type\" content=\"image\/jpeg\" \/>\n<meta name=\"twitter:card\" content=\"summary_large_image\" \/>\n<meta name=\"twitter:label1\" content=\"Gesch\u00e4tzte Lesezeit\" \/>\n\t<meta name=\"twitter:data1\" content=\"5\u00a0Minuten\" \/>\n<script type=\"application\/ld+json\" class=\"yoast-schema-graph\">{\"@context\":\"https:\\\/\\\/schema.org\",\"@graph\":[{\"@type\":\"WebPage\",\"@id\":\"https:\\\/\\\/www.uhrenankauf365.de\\\/uhr-verkaufen\\\/hamburg\\\/\",\"url\":\"https:\\\/\\\/www.uhrenankauf365.de\\\/uhr-verkaufen\\\/hamburg\\\/\",\"name\":\"Uhren Ankauf Hamburg - wir kaufen Luxusuhren.\",\"isPartOf\":{\"@id\":\"https:\\\/\\\/www.uhrenankauf365.de\\\/uhr-verkaufen\\\/#website\"},\"primaryImageOfPage\":{\"@id\":\"https:\\\/\\\/www.uhrenankauf365.de\\\/uhr-verkaufen\\\/hamburg\\\/#primaryimage\"},\"image\":{\"@id\":\"https:\\\/\\\/www.uhrenankauf365.de\\\/uhr-verkaufen\\\/hamburg\\\/#primaryimage\"},\"thumbnailUrl\":\"https:\\\/\\\/www.uhrenankauf365.de\\\/uhr-verkaufen\\\/wp-content\\\/uploads\\\/2020\\\/12\\\/uhrenankauf_hamburg.jpg\",\"datePublished\":\"2020-12-14T18:15:50+00:00\",\"dateModified\":\"2025-02-13T18:02:30+00:00\",\"description\":\"Im Uhren Ankauf Hamburg sind wir auf Luxusuhren spezialisiert. Wir kaufen Rolex, Patek Philippe und weitere Uhren. Seit 1998!\",\"breadcrumb\":{\"@id\":\"https:\\\/\\\/www.uhrenankauf365.de\\\/uhr-verkaufen\\\/hamburg\\\/#breadcrumb\"},\"inLanguage\":\"de\",\"potentialAction\":[{\"@type\":\"ReadAction\",\"target\":[\"https:\\\/\\\/www.uhrenankauf365.de\\\/uhr-verkaufen\\\/hamburg\\\/\"]}]},{\"@type\":\"ImageObject\",\"inLanguage\":\"de\",\"@id\":\"https:\\\/\\\/www.uhrenankauf365.de\\\/uhr-verkaufen\\\/hamburg\\\/#primaryimage\",\"url\":\"https:\\\/\\\/www.uhrenankauf365.de\\\/uhr-verkaufen\\\/wp-content\\\/uploads\\\/2020\\\/12\\\/uhrenankauf_hamburg.jpg\",\"contentUrl\":\"https:\\\/\\\/www.uhrenankauf365.de\\\/uhr-verkaufen\\\/wp-content\\\/uploads\\\/2020\\\/12\\\/uhrenankauf_hamburg.jpg\",\"width\":425,\"height\":610},{\"@type\":\"BreadcrumbList\",\"@id\":\"https:\\\/\\\/www.uhrenankauf365.de\\\/uhr-verkaufen\\\/hamburg\\\/#breadcrumb\",\"itemListElement\":[{\"@type\":\"ListItem\",\"position\":1,\"name\":\"Startseite\",\"item\":\"https:\\\/\\\/www.uhrenankauf365.de\\\/uhr-verkaufen\\\/\"},{\"@type\":\"ListItem\",\"position\":2,\"name\":\"Uhren Ankauf Hamburg\"}]},{\"@type\":\"WebSite\",\"@id\":\"https:\\\/\\\/www.uhrenankauf365.de\\\/uhr-verkaufen\\\/#website\",\"url\":\"https:\\\/\\\/www.uhrenankauf365.de\\\/uhr-verkaufen\\\/\",\"name\":\"Uhrenankauf 365\",\"description\":\"Jetzt Ihre Luxusuhr verkaufen!\",\"publisher\":{\"@id\":\"https:\\\/\\\/www.uhrenankauf365.de\\\/uhr-verkaufen\\\/#organization\"},\"potentialAction\":[{\"@type\":\"SearchAction\",\"target\":{\"@type\":\"EntryPoint\",\"urlTemplate\":\"https:\\\/\\\/www.uhrenankauf365.de\\\/uhr-verkaufen\\\/?s={search_term_string}\"},\"query-input\":{\"@type\":\"PropertyValueSpecification\",\"valueRequired\":true,\"valueName\":\"search_term_string\"}}],\"inLanguage\":\"de\"},{\"@type\":\"Organization\",\"@id\":\"https:\\\/\\\/www.uhrenankauf365.de\\\/uhr-verkaufen\\\/#organization\",\"name\":\"uhrenankauf365.de, Anke Michels\",\"url\":\"https:\\\/\\\/www.uhrenankauf365.de\\\/uhr-verkaufen\\\/\",\"logo\":{\"@type\":\"ImageObject\",\"inLanguage\":\"de\",\"@id\":\"https:\\\/\\\/www.uhrenankauf365.de\\\/uhr-verkaufen\\\/#\\\/schema\\\/logo\\\/image\\\/\",\"url\":\"https:\\\/\\\/www.uhrenankauf365.de\\\/uhr-verkaufen\\\/wp-content\\\/uploads\\\/2020\\\/11\\\/logo_uhrenankauf.png\",\"contentUrl\":\"https:\\\/\\\/www.uhrenankauf365.de\\\/uhr-verkaufen\\\/wp-content\\\/uploads\\\/2020\\\/11\\\/logo_uhrenankauf.png\",\"width\":98,\"height\":100,\"caption\":\"uhrenankauf365.de, Anke Michels\"},\"image\":{\"@id\":\"https:\\\/\\\/www.uhrenankauf365.de\\\/uhr-verkaufen\\\/#\\\/schema\\\/logo\\\/image\\\/\"}}]}<\/script>\n<!-- \/ Yoast SEO plugin. -->","yoast_head_json":{"title":"Uhren Ankauf Hamburg - wir kaufen Luxusuhren.","description":"Im Uhren Ankauf Hamburg sind wir auf Luxusuhren spezialisiert. Wir kaufen Rolex, Patek Philippe und weitere Uhren. Seit 1998!","robots":{"index":"index","follow":"follow","max-snippet":"max-snippet:-1","max-image-preview":"max-image-preview:large","max-video-preview":"max-video-preview:-1"},"canonical":"https:\/\/www.uhrenankauf365.de\/uhr-verkaufen\/hamburg\/","og_locale":"de_DE","og_type":"article","og_title":"Uhren Ankauf Hamburg - wir kaufen Luxusuhren.","og_description":"Im Uhren Ankauf Hamburg sind wir auf Luxusuhren spezialisiert. Wir kaufen Rolex, Patek Philippe und weitere Uhren. Seit 1998!","og_url":"https:\/\/www.uhrenankauf365.de\/uhr-verkaufen\/hamburg\/","og_site_name":"Uhrenankauf 365","article_modified_time":"2025-02-13T18:02:30+00:00","og_image":[{"width":425,"height":610,"url":"https:\/\/www.uhrenankauf365.de\/uhr-verkaufen\/wp-content\/uploads\/2020\/12\/uhrenankauf_hamburg.jpg","type":"image\/jpeg"}],"twitter_card":"summary_large_image","twitter_misc":{"Gesch\u00e4tzte Lesezeit":"5\u00a0Minuten"},"schema":{"@context":"https:\/\/schema.org","@graph":[{"@type":"WebPage","@id":"https:\/\/www.uhrenankauf365.de\/uhr-verkaufen\/hamburg\/","url":"https:\/\/www.uhrenankauf365.de\/uhr-verkaufen\/hamburg\/","name":"Uhren Ankauf Hamburg - wir kaufen Luxusuhren.","isPartOf":{"@id":"https:\/\/www.uhrenankauf365.de\/uhr-verkaufen\/#website"},"primaryImageOfPage":{"@id":"https:\/\/www.uhrenankauf365.de\/uhr-verkaufen\/hamburg\/#primaryimage"},"image":{"@id":"https:\/\/www.uhrenankauf365.de\/uhr-verkaufen\/hamburg\/#primaryimage"},"thumbnailUrl":"https:\/\/www.uhrenankauf365.de\/uhr-verkaufen\/wp-content\/uploads\/2020\/12\/uhrenankauf_hamburg.jpg","datePublished":"2020-12-14T18:15:50+00:00","dateModified":"2025-02-13T18:02:30+00:00","description":"Im Uhren Ankauf Hamburg sind wir auf Luxusuhren spezialisiert. Wir kaufen Rolex, Patek Philippe und weitere Uhren. Seit 1998!","breadcrumb":{"@id":"https:\/\/www.uhrenankauf365.de\/uhr-verkaufen\/hamburg\/#breadcrumb"},"inLanguage":"de","potentialAction":[{"@type":"ReadAction","target":["https:\/\/www.uhrenankauf365.de\/uhr-verkaufen\/hamburg\/"]}]},{"@type":"ImageObject","inLanguage":"de","@id":"https:\/\/www.uhrenankauf365.de\/uhr-verkaufen\/hamburg\/#primaryimage","url":"https:\/\/www.uhrenankauf365.de\/uhr-verkaufen\/wp-content\/uploads\/2020\/12\/uhrenankauf_hamburg.jpg","contentUrl":"https:\/\/www.uhrenankauf365.de\/uhr-verkaufen\/wp-content\/uploads\/2020\/12\/uhrenankauf_hamburg.jpg","width":425,"height":610},{"@type":"BreadcrumbList","@id":"https:\/\/www.uhrenankauf365.de\/uhr-verkaufen\/hamburg\/#breadcrumb","itemListElement":[{"@type":"ListItem","position":1,"name":"Startseite","item":"https:\/\/www.uhrenankauf365.de\/uhr-verkaufen\/"},{"@type":"ListItem","position":2,"name":"Uhren Ankauf Hamburg"}]},{"@type":"WebSite","@id":"https:\/\/www.uhrenankauf365.de\/uhr-verkaufen\/#website","url":"https:\/\/www.uhrenankauf365.de\/uhr-verkaufen\/","name":"Uhrenankauf 365","description":"Jetzt Ihre Luxusuhr verkaufen!","publisher":{"@id":"https:\/\/www.uhrenankauf365.de\/uhr-verkaufen\/#organization"},"potentialAction":[{"@type":"SearchAction","target":{"@type":"EntryPoint","urlTemplate":"https:\/\/www.uhrenankauf365.de\/uhr-verkaufen\/?s={search_term_string}"},"query-input":{"@type":"PropertyValueSpecification","valueRequired":true,"valueName":"search_term_string"}}],"inLanguage":"de"},{"@type":"Organization","@id":"https:\/\/www.uhrenankauf365.de\/uhr-verkaufen\/#organization","name":"uhrenankauf365.de, Anke Michels","url":"https:\/\/www.uhrenankauf365.de\/uhr-verkaufen\/","logo":{"@type":"ImageObject","inLanguage":"de","@id":"https:\/\/www.uhrenankauf365.de\/uhr-verkaufen\/#\/schema\/logo\/image\/","url":"https:\/\/www.uhrenankauf365.de\/uhr-verkaufen\/wp-content\/uploads\/2020\/11\/logo_uhrenankauf.png","contentUrl":"https:\/\/www.uhrenankauf365.de\/uhr-verkaufen\/wp-content\/uploads\/2020\/11\/logo_uhrenankauf.png","width":98,"height":100,"caption":"uhrenankauf365.de, Anke Michels"},"image":{"@id":"https:\/\/www.uhrenankauf365.de\/uhr-verkaufen\/#\/schema\/logo\/image\/"}}]}},"_links":{"self":[{"href":"https:\/\/www.uhrenankauf365.de\/uhr-verkaufen\/wp-json\/wp\/v2\/pages\/631","targetHints":{"allow":["GET"]}}],"collection":[{"href":"https:\/\/www.uhrenankauf365.de\/uhr-verkaufen\/wp-json\/wp\/v2\/pages"}],"about":[{"href":"https:\/\/www.uhrenankauf365.de\/uhr-verkaufen\/wp-json\/wp\/v2\/types\/page"}],"author":[{"embeddable":true,"href":"https:\/\/www.uhrenankauf365.de\/uhr-verkaufen\/wp-json\/wp\/v2\/users\/1"}],"replies":[{"embeddable":true,"href":"https:\/\/www.uhrenankauf365.de\/uhr-verkaufen\/wp-json\/wp\/v2\/comments?post=631"}],"version-history":[{"count":14,"href":"https:\/\/www.uhrenankauf365.de\/uhr-verkaufen\/wp-json\/wp\/v2\/pages\/631\/revisions"}],"predecessor-version":[{"id":2153,"href":"https:\/\/www.uhrenankauf365.de\/uhr-verkaufen\/wp-json\/wp\/v2\/pages\/631\/revisions\/2153"}],"wp:attachment":[{"href":"https:\/\/www.uhrenankauf365.de\/uhr-verkaufen\/wp-json\/wp\/v2\/media?parent=631"}],"curies":[{"name":"wp","href":"https:\/\/api.w.org\/{rel}","templated":true}]}}