{"id":530,"date":"2020-12-09T10:17:02","date_gmt":"2020-12-09T09:17:02","guid":{"rendered":"https:\/\/www.uhrenankauf365.de\/uhr-verkaufen\/?page_id=530"},"modified":"2023-12-28T11:52:07","modified_gmt":"2023-12-28T10:52:07","slug":"augsburg","status":"publish","type":"page","link":"https:\/\/www.uhrenankauf365.de\/uhr-verkaufen\/augsburg\/","title":{"rendered":"Uhren Ankauf Augsburg"},"content":{"rendered":"\n<p><strong>Wir zahlen faire Ankaufspreise und garantieren eine seri\u00f6se, diskrete und schnelle Abwicklung!<\/strong><\/p>\n\n\n\n<p id=\"u28710-21\">Luxusuhren sind seit 1998 unser Gesch\u00e4ft. Speziell die g\u00e4ngigen Luxusmarken wie <a href=\"https:\/\/www.uhrenankauf365.de\/uhr-verkaufen\/a_lange_und_soehne\/\" title=\"Uhren Ankauf A. Lange und S\u00f6hne\">A. Lange &amp; S\u00f6hne<\/a>, <a href=\"https:\/\/www.uhrenankauf365.de\/uhr-verkaufen\/patek_philippe\/\" title=\"Uhren Ankauf Patek Philippe\">Patek Philippe<\/a>, <a href=\"https:\/\/www.uhrenankauf365.de\/uhr-verkaufen\/audemars_piguet\/\" title=\"Uhren Ankauf Audemars Piguet\">Audemars Piguet<\/a> und <a href=\"https:\/\/www.uhrenankauf365.de\/uhr-verkaufen\/rolex\/\" title=\"Uhren Ankauf Rolex\">Rolex<\/a> sind seit jeher von gro\u00dfem Interesse im Ankauf f\u00fcr uns.<\/p>\n\n\n\n<p id=\"u28710-25\">Wohnen Sie in <strong>Augsburg<\/strong> und m\u00f6chten Ihre gebrauchte Uhr zu Bargeld machen? Wir sind der Richtige daf\u00fcr. Dank jahrzehntelanger Erfahrung und einem weltweiten Netzwerk k\u00f6nnen wir faire Preise zahlen und den Wert einer Uhr, abh\u00e4ngig von verschiedenen Faktoren, sehr genau einsch\u00e4tzen.<\/p>\n\n\n\n<p id=\"u27456-15\">Wenn Sie Ihre <strong>Uhr verkaufen<\/strong> m\u00f6chten (Rolex, Patek Philippe, Audemars Piguet, Breitling und weitere Luxus-Marken sind dabei besonders interessant f\u00fcr uns), k\u00f6nnen Sie dazu das <a href=\"https:\/\/www.uhrenankauf365.de\/uhr-verkaufen\/ankaufsformular\/\">Formular f\u00fcr den Uhrenankauf<\/a> nutzen. Hier k\u00f6nnen Sie uns direkt bis zu drei Fotos Ihrer Uhr sowie alle wichtigen Angaben zum Zustand, Alter usw. senden.<\/p>\n\n\n\n<p id=\"u27456-17\">Wir freuen uns auf Ihre Ankaufs-Anfrage!<\/p>\n\n\n<div class=\"wp-bootstrap-blocks-container container mb-5 uak_heller_hintergrund_line_height_normal text-center p-4 mt-4\">\n\t\n\n<h3 class=\"wp-block-heading\" id=\"u1363-2\">Wir kaufen Luxusuhren!<\/h3>\n\n\n\n<p id=\"u1363-4\"><strong>Profitieren Sie&nbsp;von unserer jahrzehntelangen Erfahrung im Uhrenhandel!<\/strong><\/p>\n\n\n\n<p><a class=\"btn btn-primary btn-lg\" href=\"https:\/\/www.uhrenankauf365.de\/uhr-verkaufen\/ankaufsformular\/\">Zum Ankaufsformular<\/a><\/p>\n\n<\/div>\n\n\n<div class=\"wp-bootstrap-blocks-row row\">\n\t\n\n<div class=\"col-12 col-md-6\">\n\t\t\t\n\n<figure class=\"wp-block-image size-large\"><img loading=\"lazy\" decoding=\"async\" width=\"578\" height=\"325\" src=\"https:\/\/www.uhrenankauf365.de\/uhr-verkaufen\/wp-content\/uploads\/2020\/12\/augsburg-uhrenankauf578x325.jpg\" alt=\"Uhrenankauf in Augsburg (Foto der Altstadt, Luftaufnahme)\" class=\"wp-image-531\" srcset=\"https:\/\/www.uhrenankauf365.de\/uhr-verkaufen\/wp-content\/uploads\/2020\/12\/augsburg-uhrenankauf578x325.jpg 578w, https:\/\/www.uhrenankauf365.de\/uhr-verkaufen\/wp-content\/uploads\/2020\/12\/augsburg-uhrenankauf578x325-300x169.jpg 300w\" sizes=\"auto, (max-width: 578px) 100vw, 578px\" \/><\/figure>\n\n\n\n<p><a href=\"https:\/\/www.uhrenankauf365.de\/uhr-verkaufen\/ankaufsformular\/\" class=\"btn btn-primary btn-block\">Zum Ankaufsformular<\/a><\/p>\n\n\t<\/div>\n\n\n\n<div class=\"col-12 col-md-6\">\n\t\t\t\n\n<p id=\"u27477-15\">Die wundersch\u00f6ne Stadt <strong>Augsburg<\/strong> in Bayern ist \u00fcbrigens mit ihrem&nbsp; Wassermanagement-System seit 2019 mit 22 Objekten auf der Liste des UNESCO-Welterbes. Ein Besuch lohnt sich auch wegen der weiteren Sehensw\u00fcrdigkeiten in der Stadt. Sicher finden Sie vor Ort auch <strong>Uhrenh\u00e4ndler<\/strong>, denen Sie Ihre <strong>Luxusuhr verkaufen<\/strong> k\u00f6nnen. Unser Ansatz ist jedoch das bundesweite Onlinegesch\u00e4ft im Uhrenhandel. Weitere Informationen zur Abwicklung eines <strong>Ankaufs<\/strong> finden Sie weiter unten auf dieser Seite. Wir freuen uns auf Ihr Angebot!<\/p>\n\n\t<\/div>\n\n<\/div>\n\n\n\n<div class=\"container p-4 uak_heller_hintergrund\">\n<div class=\"row mb-4\">\n<div class=\"col-12 col-md-6 text-center\">\n<i class=\"uak365icon fas fa-file-alt\"><\/i><br>\n<div class=\"ankaufschritte_title\">Formular ausf\u00fcllen<\/div>\n<small>Das <a href=\"https:\/\/www.uhrenankauf365.de\/uhr-verkaufen\/ankaufsformular\/\" title=\"Ankaufsformular Uhren\">Ankaufsformular<\/a> erfasst alle wichtigen Angaben zur Armbanduhr, die Sie verkaufen m\u00f6chten und erleichtert die Ermittlung eines fairen Ankaufspreises.<\/small>\n<\/div>\n<div class=\"col-12 col-md-6 text-center\">\n<i class=\"uak365icon far fa-handshake\"><\/i><br>\n<div class=\"ankaufschritte_title\">Angebot erhalten<\/div>\n<small>Wir unterbreiten Ihnen nach Erhalt der Informationen zur Uhr ein Angebot zum Ankauf. Offene Fragen kl\u00e4ren wir vorab.<\/small>\n<\/div>\n<\/div>\n\n\n<div class=\"row\">\n<div class=\"col-12 col-md-6 text-center\">\n<i class=\"uak365icon fas fa-truck-loading\"><\/i><br>\n<div class=\"ankaufschritte_title\">Uhr wird abgeholt<\/div>\n<small>Ein auf Werttransporte spezialisiertes Unternehmen holt die Uhr bei Ihnen ab. Mehr dazu erfahren Sie <a href=\"https:\/\/www.uhrenankauf365.de\/uhr-verkaufen\/ankauf-faq\/\">hier<\/a>.<\/small>\n<\/div>\n<div class=\"col-12 col-md-6 text-center\">\n<i class=\"uak365icon fas fa-euro-sign\"><\/i><br>\n<div class=\"ankaufschritte_title\">Geld erhalten<\/div>\n<small>Nach Pr\u00fcfung der Armbanduhr zahlen wir den vereinbarten Ankaufspreis zuverl\u00e4ssig und schnell auf Ihr Konto aus.\n<\/small>\n<\/div>\n<\/div>\n\n<\/div>\n\n\n\n<h3 class=\"wp-block-heading mt-5\" id=\"u2607-2\">Unsere Mitgliedschaften und Bewertungen<\/h3>\n\n\n\n<p id=\"u2607-5\">Da der Verkauf einer Luxusuhr absolute Vertrauenssache ist, k\u00f6nnen Sie sich auf den folgenden, renommierten Plattformen einen Eindruck von uns machen. Wir freuen uns auf Ihr Angebot!<\/p>\n\n\n<div class=\"wp-bootstrap-blocks-row row\">\n\t\n\n<div class=\"col-6 col-md-4\">\n\t\t\t\n\n<figure class=\"wp-block-image size-large\"><a href=\"https:\/\/www.mondaniweb.com\/trusted-dealers\/nobel-uhren\" target=\"_blank\" rel=\"noopener noreferrer\"><img loading=\"lazy\" decoding=\"async\" width=\"140\" height=\"57\" src=\"https:\/\/www.uhrenankauf365.de\/uhr-verkaufen\/wp-content\/uploads\/2020\/11\/mondaniweb.jpg\" alt=\"\" class=\"wp-image-50\"\/><\/a><\/figure>\n\n\t<\/div>\n\n\n\n<div class=\"col-12 col-md-4\">\n\t\t\t\n\n<figure class=\"wp-block-image size-large\"><img loading=\"lazy\" decoding=\"async\" width=\"160\" height=\"43\" src=\"https:\/\/www.uhrenankauf365.de\/uhr-verkaufen\/wp-content\/uploads\/2020\/11\/watchtraderassociation.jpg\" alt=\"\" class=\"wp-image-51\"\/><\/figure>\n\n\t<\/div>\n\n\n\n<div class=\"col-12 col-md-4\">\n\t\t\t\t<\/div>\n\n<\/div>\n\n\n<div class=\"wp-bootstrap-blocks-row row\">\n\t\n\n<div class=\"col-12 col-md-6\">\n\t\t\t\n\n<figure class=\"wp-block-image size-large\"><img loading=\"lazy\" decoding=\"async\" width=\"540\" height=\"387\" src=\"https:\/\/www.uhrenankauf365.de\/uhr-verkaufen\/wp-content\/uploads\/2020\/12\/uhrenankauf_muenchen_2.jpg\" alt=\"Unser B\u00fcro in Oberpframmern\" class=\"wp-image-537\" srcset=\"https:\/\/www.uhrenankauf365.de\/uhr-verkaufen\/wp-content\/uploads\/2020\/12\/uhrenankauf_muenchen_2.jpg 540w, https:\/\/www.uhrenankauf365.de\/uhr-verkaufen\/wp-content\/uploads\/2020\/12\/uhrenankauf_muenchen_2-300x215.jpg 300w\" sizes=\"auto, (max-width: 540px) 100vw, 540px\" \/><\/figure>\n\n\t<\/div>\n\n\n\n<div class=\"col-12 col-md-6\">\n\t\t\t\n\n<h3 class=\"wp-block-heading\" id=\"u28740-2\">Die Abwicklung des Uhrenankaufs<\/h3>\n\n\n\n<p id=\"u28740-10\">Der Verkauf Ihrer Uhr erfolgt wie folgt. Bieten Sie uns Ihre Uhr \u00fcber das <a href=\"https:\/\/www.uhrenankauf365.de\/uhr-verkaufen\/ankaufsformular\/\">Ankaufsformular<\/a> zum Kauf an. Dabei k\u00f6nnen Sie alle f\u00fcr uns relevanten Angaben direkt im Formular machen und uns Fotos mitsenden. Wir erhalten diese Angaben innerhalb weniger Minuten und melden uns im Anschluss umgehend bei Ihnen. <\/p>\n\n\t<\/div>\n\n<\/div>\n\n\n\n<p id=\"u28740-15\">Bei preislicher Einigung lassen wir die Uhr von einem spezialisierten Versandunternehmen bei Ihnen in Augsburg abholen. Der Transport ist selbstverst\u00e4ndlich in allen F\u00e4llen ausreichend versichert.<\/p>\n\n\n\n<p id=\"u28740-18\">Nach erfolgreicher Pr\u00fcfung Ihrer Uhr erhalten Sie den vereinbarten Ankaufspreis auf Ihr Bankkonto \u00fcberwiesen. Alternativ ist die \u00dcbergabe nach Absprache auch in unserem B\u00fcro in Oberpframmern m\u00f6glich &#8211; sprechen Sie uns dazu gerne an.<\/p>\n\n\n\n<figure class=\"wp-block-image size-large\"><img loading=\"lazy\" decoding=\"async\" width=\"534\" height=\"489\" src=\"https:\/\/www.uhrenankauf365.de\/uhr-verkaufen\/wp-content\/uploads\/2020\/12\/uhrenankauf_augsburg_patek_philippe.jpg\" alt=\"Uhrwerk Patek Philippe\" class=\"wp-image-541\" srcset=\"https:\/\/www.uhrenankauf365.de\/uhr-verkaufen\/wp-content\/uploads\/2020\/12\/uhrenankauf_augsburg_patek_philippe.jpg 534w, https:\/\/www.uhrenankauf365.de\/uhr-verkaufen\/wp-content\/uploads\/2020\/12\/uhrenankauf_augsburg_patek_philippe-300x275.jpg 300w\" sizes=\"auto, (max-width: 534px) 100vw, 534px\" \/><figcaption class=\"wp-element-caption\">Uhrwerk einer Patek Philippe Luxusuhr<\/figcaption><\/figure>\n\n\n\n<h3 class=\"wp-block-heading\" id=\"u28711-2\">Faszination Luxusuhr<\/h3>\n\n\n\n<p id=\"u28711-24\">In Zeiten finanzieller Engp\u00e4sse kann eine luxuri\u00f6se Armbanduhr im wahrsten Sinne des Wortes viel Wert sein. Ob als Alltagsbegleiter oder als im Safe eingeschlossene Wertanlage: Viele Sammler begeistern sich f\u00fcr teure Uhren der Marken <a href=\"https:\/\/www.uhrenankauf365.de\/uhr-verkaufen\/audemars_piguet\/\">Audemars Piguet<\/a>, <a href=\"https:\/\/www.uhrenankauf365.de\/uhr-verkaufen\/a_lange_und_soehne\/\">A. Lange &amp; S\u00f6hne<\/a>, <a href=\"https:\/\/www.uhrenankauf365.de\/uhr-verkaufen\/breitling\/\">Breitling<\/a>, <a href=\"https:\/\/www.uhrenankauf365.de\/uhr-verkaufen\/rolex\/\">Rolex<\/a>, <a href=\"https:\/\/www.uhrenankauf365.de\/uhr-verkaufen\/patek_philippe\/\">Patek Philippe<\/a> und weiteren Herstellern, an deren <strong>Ankauf<\/strong> wir interessiert sind. Nutzen Sie gerne die M\u00f6glichkeit, uns Ihre Uhr anzubieten und eine faire, schnelle Auszahlung zu erhalten.<\/p>\n\n\n\n<p id=\"u28711-29\">Seit 1998 sind wir in diesem Gesch\u00e4ft t\u00e4tig. Der Handel mit Uhren ist dabei nicht nur &#8222;Mittel zum Zweck&#8220;, sondern wahre Passion, so dass Sie beim <strong>Verkauf<\/strong> Ihrer <strong>Uhr<\/strong> in Augsburg auf jahrzehntelange Erfahrung vertrauen k\u00f6nnen.<\/p>\n\n\n\n<p id=\"u28711-32\">Die besonderen Eigenschaften einzelner Uhren-Modelle kennen wir sehr gut. Wir wissen, welche vermeintlichen Sch\u00f6nheitsfehler den Wert einer Luxusuhr sogar steigern k\u00f6nnen, greifen auf ein weltweites Netzwerk an Kontakten in der Uhren-Sammlerszene zur\u00fcck und sind vor allem der Ansicht: Eine erfolgreiche Gesch\u00e4ftsbeziehung muss immer f\u00fcr beide Parteien zufriedenstellend sein.<\/p>\n\n\n\n<p id=\"u28711-35\">Wir freuen uns auf Ihr Angebot!<\/p>\n\n\n\n<p><a href=\"https:\/\/www.uhrenankauf365.de\/uhr-verkaufen\/ankaufsformular\/\" class=\"btn btn-primary btn-block\">Zum Ankaufsformular<\/a><\/p>\n\n\n<div class=\"wp-bootstrap-blocks-container container mb-2 uak_heller_hintergrund p-4\">\n\t\n\n<p class=\"has-text-align-center\"><strong>Welche Uhrenmarke m\u00f6chten Sie verkaufen?<\/strong><\/p>\n\n\n\n<p class=\"text-center\"><a href=\"https:\/\/www.uhrenankauf365.de\/uhr-verkaufen\/a_lange_und_soehne\" class=\"btn btn-primary mb-1 mt-1\" title=\"Uhren Ankauf A. Lange und S\u00f6hne\">A. Lange &amp; S\u00f6hne<\/a> <a href=\"https:\/\/www.uhrenankauf365.de\/uhr-verkaufen\/audemars_piguet\" class=\"btn btn-primary mb-1 mt-1\" title=\"Uhren Ankauf Audemars Piguet\">Audemars Piguet<\/a> <a href=\"https:\/\/www.uhrenankauf365.de\/uhr-verkaufen\/breitling\" class=\"btn btn-primary mb-1 mt-1\" title=\"Uhren Ankauf Breitling\">Breitling<\/a> <a href=\"https:\/\/www.uhrenankauf365.de\/uhr-verkaufen\/hublot\" class=\"btn btn-primary mb-1 mt-1\" title=\"Uhren Ankauf Hublot\">Hublot<\/a> <a href=\"https:\/\/www.uhrenankauf365.de\/uhr-verkaufen\/jaeger_lecoultre\" class=\"btn btn-primary mb-1 mt-1\" title=\"Uhren Ankauf Jaeger-LeCoultre\">Jaeger-LeCoultre<\/a> <a href=\"https:\/\/www.uhrenankauf365.de\/uhr-verkaufen\/omega\" class=\"btn btn-primary mb-1 mt-1\" title=\"Uhren Ankauf Omega\">Omega<\/a> <a href=\"https:\/\/www.uhrenankauf365.de\/uhr-verkaufen\/patek_philippe\" class=\"btn btn-primary mb-1 mt-1\" title=\"Uhren Ankauf Patek Philippe\">Patek Philippe<\/a> <a href=\"https:\/\/www.uhrenankauf365.de\/uhr-verkaufen\/rolex\" class=\"btn btn-primary mb-1 mt-1\" title=\"Uhren Ankauf Rolex\">Rolex<\/a> <a href=\"https:\/\/www.uhrenankauf365.de\/uhr-verkaufen\/ankaufsformular\" class=\"btn btn-primary mb-1 mt-1\">Andere Marke<\/a><br><br><strong>W\u00fcnschen Sie zun\u00e4chst weitere Informationen zur Abwicklung des Uhrenankaufs?<\/strong><br>\n<a href=\"\/uhr-verkaufen\/ankauf-faq\/\" class=\"btn btn-secondary mt-3\">FAQ anzeigen<\/a><\/p>\n\n<\/div>\n\n\n\n<p><\/p>\n","protected":false},"excerpt":{"rendered":"<p>Wir zahlen faire Ankaufspreise und garantieren eine seri\u00f6se, diskrete und schnelle Abwicklung! Luxusuhren sind seit 1998 unser Gesch\u00e4ft. Speziell die g\u00e4ngigen Luxusmarken wie A. Lange &amp; S\u00f6hne, Patek Philippe, Audemars Piguet und Rolex sind seit jeher von gro\u00dfem Interesse im Ankauf f\u00fcr uns. Wohnen Sie in Augsburg und m\u00f6chten Ihre gebrauchte Uhr zu Bargeld machen? [&hellip;]<\/p>\n","protected":false},"author":1,"featured_media":0,"parent":0,"menu_order":0,"comment_status":"closed","ping_status":"closed","template":"","meta":{"footnotes":""},"class_list":["post-530","page","type-page","status-publish","hentry"],"yoast_head":"<!-- This site is optimized with the Yoast SEO plugin v27.3 - https:\/\/yoast.com\/product\/yoast-seo-wordpress\/ -->\n<title>Uhren Ankauf Augsburg - Uhrenankauf 365<\/title>\n<meta name=\"description\" content=\"Wir kaufen Luxusuhren aus Augsburg - jetzt unser Formular f\u00fcr den Uhren Ankauf ausf\u00fcllen und Ankaufspreis erfahren. Schnell, fair, seri\u00f6s.\" \/>\n<meta name=\"robots\" content=\"index, follow, max-snippet:-1, max-image-preview:large, max-video-preview:-1\" \/>\n<link rel=\"canonical\" href=\"https:\/\/www.uhrenankauf365.de\/uhr-verkaufen\/augsburg\/\" \/>\n<meta property=\"og:locale\" content=\"de_DE\" \/>\n<meta property=\"og:type\" content=\"article\" \/>\n<meta property=\"og:title\" content=\"Uhren Ankauf Augsburg - Uhrenankauf 365\" \/>\n<meta property=\"og:description\" content=\"Wir kaufen Luxusuhren aus Augsburg - jetzt unser Formular f\u00fcr den Uhren Ankauf ausf\u00fcllen und Ankaufspreis erfahren. Schnell, fair, seri\u00f6s.\" \/>\n<meta property=\"og:url\" content=\"https:\/\/www.uhrenankauf365.de\/uhr-verkaufen\/augsburg\/\" \/>\n<meta property=\"og:site_name\" content=\"Uhrenankauf 365\" \/>\n<meta property=\"article:modified_time\" content=\"2023-12-28T10:52:07+00:00\" \/>\n<meta property=\"og:image\" content=\"https:\/\/www.uhrenankauf365.de\/uhr-verkaufen\/wp-content\/uploads\/2020\/12\/augsburg-uhrenankauf578x325.jpg\" \/>\n<meta name=\"twitter:card\" content=\"summary_large_image\" \/>\n<meta name=\"twitter:label1\" content=\"Gesch\u00e4tzte Lesezeit\" \/>\n\t<meta name=\"twitter:data1\" content=\"5\u00a0Minuten\" \/>\n<script type=\"application\/ld+json\" class=\"yoast-schema-graph\">{\"@context\":\"https:\\\/\\\/schema.org\",\"@graph\":[{\"@type\":\"WebPage\",\"@id\":\"https:\\\/\\\/www.uhrenankauf365.de\\\/uhr-verkaufen\\\/augsburg\\\/\",\"url\":\"https:\\\/\\\/www.uhrenankauf365.de\\\/uhr-verkaufen\\\/augsburg\\\/\",\"name\":\"Uhren Ankauf Augsburg - Uhrenankauf 365\",\"isPartOf\":{\"@id\":\"https:\\\/\\\/www.uhrenankauf365.de\\\/uhr-verkaufen\\\/#website\"},\"primaryImageOfPage\":{\"@id\":\"https:\\\/\\\/www.uhrenankauf365.de\\\/uhr-verkaufen\\\/augsburg\\\/#primaryimage\"},\"image\":{\"@id\":\"https:\\\/\\\/www.uhrenankauf365.de\\\/uhr-verkaufen\\\/augsburg\\\/#primaryimage\"},\"thumbnailUrl\":\"https:\\\/\\\/www.uhrenankauf365.de\\\/uhr-verkaufen\\\/wp-content\\\/uploads\\\/2020\\\/12\\\/augsburg-uhrenankauf578x325.jpg\",\"datePublished\":\"2020-12-09T09:17:02+00:00\",\"dateModified\":\"2023-12-28T10:52:07+00:00\",\"description\":\"Wir kaufen Luxusuhren aus Augsburg - jetzt unser Formular f\u00fcr den Uhren Ankauf ausf\u00fcllen und Ankaufspreis erfahren. Schnell, fair, seri\u00f6s.\",\"breadcrumb\":{\"@id\":\"https:\\\/\\\/www.uhrenankauf365.de\\\/uhr-verkaufen\\\/augsburg\\\/#breadcrumb\"},\"inLanguage\":\"de\",\"potentialAction\":[{\"@type\":\"ReadAction\",\"target\":[\"https:\\\/\\\/www.uhrenankauf365.de\\\/uhr-verkaufen\\\/augsburg\\\/\"]}]},{\"@type\":\"ImageObject\",\"inLanguage\":\"de\",\"@id\":\"https:\\\/\\\/www.uhrenankauf365.de\\\/uhr-verkaufen\\\/augsburg\\\/#primaryimage\",\"url\":\"https:\\\/\\\/www.uhrenankauf365.de\\\/uhr-verkaufen\\\/wp-content\\\/uploads\\\/2020\\\/12\\\/augsburg-uhrenankauf578x325.jpg\",\"contentUrl\":\"https:\\\/\\\/www.uhrenankauf365.de\\\/uhr-verkaufen\\\/wp-content\\\/uploads\\\/2020\\\/12\\\/augsburg-uhrenankauf578x325.jpg\",\"width\":578,\"height\":325},{\"@type\":\"BreadcrumbList\",\"@id\":\"https:\\\/\\\/www.uhrenankauf365.de\\\/uhr-verkaufen\\\/augsburg\\\/#breadcrumb\",\"itemListElement\":[{\"@type\":\"ListItem\",\"position\":1,\"name\":\"Startseite\",\"item\":\"https:\\\/\\\/www.uhrenankauf365.de\\\/uhr-verkaufen\\\/\"},{\"@type\":\"ListItem\",\"position\":2,\"name\":\"Uhren Ankauf Augsburg\"}]},{\"@type\":\"WebSite\",\"@id\":\"https:\\\/\\\/www.uhrenankauf365.de\\\/uhr-verkaufen\\\/#website\",\"url\":\"https:\\\/\\\/www.uhrenankauf365.de\\\/uhr-verkaufen\\\/\",\"name\":\"Uhrenankauf 365\",\"description\":\"Jetzt Ihre Luxusuhr verkaufen!\",\"publisher\":{\"@id\":\"https:\\\/\\\/www.uhrenankauf365.de\\\/uhr-verkaufen\\\/#organization\"},\"potentialAction\":[{\"@type\":\"SearchAction\",\"target\":{\"@type\":\"EntryPoint\",\"urlTemplate\":\"https:\\\/\\\/www.uhrenankauf365.de\\\/uhr-verkaufen\\\/?s={search_term_string}\"},\"query-input\":{\"@type\":\"PropertyValueSpecification\",\"valueRequired\":true,\"valueName\":\"search_term_string\"}}],\"inLanguage\":\"de\"},{\"@type\":\"Organization\",\"@id\":\"https:\\\/\\\/www.uhrenankauf365.de\\\/uhr-verkaufen\\\/#organization\",\"name\":\"uhrenankauf365.de, Anke Michels\",\"url\":\"https:\\\/\\\/www.uhrenankauf365.de\\\/uhr-verkaufen\\\/\",\"logo\":{\"@type\":\"ImageObject\",\"inLanguage\":\"de\",\"@id\":\"https:\\\/\\\/www.uhrenankauf365.de\\\/uhr-verkaufen\\\/#\\\/schema\\\/logo\\\/image\\\/\",\"url\":\"https:\\\/\\\/www.uhrenankauf365.de\\\/uhr-verkaufen\\\/wp-content\\\/uploads\\\/2020\\\/11\\\/logo_uhrenankauf.png\",\"contentUrl\":\"https:\\\/\\\/www.uhrenankauf365.de\\\/uhr-verkaufen\\\/wp-content\\\/uploads\\\/2020\\\/11\\\/logo_uhrenankauf.png\",\"width\":98,\"height\":100,\"caption\":\"uhrenankauf365.de, Anke Michels\"},\"image\":{\"@id\":\"https:\\\/\\\/www.uhrenankauf365.de\\\/uhr-verkaufen\\\/#\\\/schema\\\/logo\\\/image\\\/\"}}]}<\/script>\n<!-- \/ Yoast SEO plugin. -->","yoast_head_json":{"title":"Uhren Ankauf Augsburg - Uhrenankauf 365","description":"Wir kaufen Luxusuhren aus Augsburg - jetzt unser Formular f\u00fcr den Uhren Ankauf ausf\u00fcllen und Ankaufspreis erfahren. Schnell, fair, seri\u00f6s.","robots":{"index":"index","follow":"follow","max-snippet":"max-snippet:-1","max-image-preview":"max-image-preview:large","max-video-preview":"max-video-preview:-1"},"canonical":"https:\/\/www.uhrenankauf365.de\/uhr-verkaufen\/augsburg\/","og_locale":"de_DE","og_type":"article","og_title":"Uhren Ankauf Augsburg - Uhrenankauf 365","og_description":"Wir kaufen Luxusuhren aus Augsburg - jetzt unser Formular f\u00fcr den Uhren Ankauf ausf\u00fcllen und Ankaufspreis erfahren. Schnell, fair, seri\u00f6s.","og_url":"https:\/\/www.uhrenankauf365.de\/uhr-verkaufen\/augsburg\/","og_site_name":"Uhrenankauf 365","article_modified_time":"2023-12-28T10:52:07+00:00","og_image":[{"url":"https:\/\/www.uhrenankauf365.de\/uhr-verkaufen\/wp-content\/uploads\/2020\/12\/augsburg-uhrenankauf578x325.jpg","type":"","width":"","height":""}],"twitter_card":"summary_large_image","twitter_misc":{"Gesch\u00e4tzte Lesezeit":"5\u00a0Minuten"},"schema":{"@context":"https:\/\/schema.org","@graph":[{"@type":"WebPage","@id":"https:\/\/www.uhrenankauf365.de\/uhr-verkaufen\/augsburg\/","url":"https:\/\/www.uhrenankauf365.de\/uhr-verkaufen\/augsburg\/","name":"Uhren Ankauf Augsburg - Uhrenankauf 365","isPartOf":{"@id":"https:\/\/www.uhrenankauf365.de\/uhr-verkaufen\/#website"},"primaryImageOfPage":{"@id":"https:\/\/www.uhrenankauf365.de\/uhr-verkaufen\/augsburg\/#primaryimage"},"image":{"@id":"https:\/\/www.uhrenankauf365.de\/uhr-verkaufen\/augsburg\/#primaryimage"},"thumbnailUrl":"https:\/\/www.uhrenankauf365.de\/uhr-verkaufen\/wp-content\/uploads\/2020\/12\/augsburg-uhrenankauf578x325.jpg","datePublished":"2020-12-09T09:17:02+00:00","dateModified":"2023-12-28T10:52:07+00:00","description":"Wir kaufen Luxusuhren aus Augsburg - jetzt unser Formular f\u00fcr den Uhren Ankauf ausf\u00fcllen und Ankaufspreis erfahren. Schnell, fair, seri\u00f6s.","breadcrumb":{"@id":"https:\/\/www.uhrenankauf365.de\/uhr-verkaufen\/augsburg\/#breadcrumb"},"inLanguage":"de","potentialAction":[{"@type":"ReadAction","target":["https:\/\/www.uhrenankauf365.de\/uhr-verkaufen\/augsburg\/"]}]},{"@type":"ImageObject","inLanguage":"de","@id":"https:\/\/www.uhrenankauf365.de\/uhr-verkaufen\/augsburg\/#primaryimage","url":"https:\/\/www.uhrenankauf365.de\/uhr-verkaufen\/wp-content\/uploads\/2020\/12\/augsburg-uhrenankauf578x325.jpg","contentUrl":"https:\/\/www.uhrenankauf365.de\/uhr-verkaufen\/wp-content\/uploads\/2020\/12\/augsburg-uhrenankauf578x325.jpg","width":578,"height":325},{"@type":"BreadcrumbList","@id":"https:\/\/www.uhrenankauf365.de\/uhr-verkaufen\/augsburg\/#breadcrumb","itemListElement":[{"@type":"ListItem","position":1,"name":"Startseite","item":"https:\/\/www.uhrenankauf365.de\/uhr-verkaufen\/"},{"@type":"ListItem","position":2,"name":"Uhren Ankauf Augsburg"}]},{"@type":"WebSite","@id":"https:\/\/www.uhrenankauf365.de\/uhr-verkaufen\/#website","url":"https:\/\/www.uhrenankauf365.de\/uhr-verkaufen\/","name":"Uhrenankauf 365","description":"Jetzt Ihre Luxusuhr verkaufen!","publisher":{"@id":"https:\/\/www.uhrenankauf365.de\/uhr-verkaufen\/#organization"},"potentialAction":[{"@type":"SearchAction","target":{"@type":"EntryPoint","urlTemplate":"https:\/\/www.uhrenankauf365.de\/uhr-verkaufen\/?s={search_term_string}"},"query-input":{"@type":"PropertyValueSpecification","valueRequired":true,"valueName":"search_term_string"}}],"inLanguage":"de"},{"@type":"Organization","@id":"https:\/\/www.uhrenankauf365.de\/uhr-verkaufen\/#organization","name":"uhrenankauf365.de, Anke Michels","url":"https:\/\/www.uhrenankauf365.de\/uhr-verkaufen\/","logo":{"@type":"ImageObject","inLanguage":"de","@id":"https:\/\/www.uhrenankauf365.de\/uhr-verkaufen\/#\/schema\/logo\/image\/","url":"https:\/\/www.uhrenankauf365.de\/uhr-verkaufen\/wp-content\/uploads\/2020\/11\/logo_uhrenankauf.png","contentUrl":"https:\/\/www.uhrenankauf365.de\/uhr-verkaufen\/wp-content\/uploads\/2020\/11\/logo_uhrenankauf.png","width":98,"height":100,"caption":"uhrenankauf365.de, Anke Michels"},"image":{"@id":"https:\/\/www.uhrenankauf365.de\/uhr-verkaufen\/#\/schema\/logo\/image\/"}}]}},"_links":{"self":[{"href":"https:\/\/www.uhrenankauf365.de\/uhr-verkaufen\/wp-json\/wp\/v2\/pages\/530","targetHints":{"allow":["GET"]}}],"collection":[{"href":"https:\/\/www.uhrenankauf365.de\/uhr-verkaufen\/wp-json\/wp\/v2\/pages"}],"about":[{"href":"https:\/\/www.uhrenankauf365.de\/uhr-verkaufen\/wp-json\/wp\/v2\/types\/page"}],"author":[{"embeddable":true,"href":"https:\/\/www.uhrenankauf365.de\/uhr-verkaufen\/wp-json\/wp\/v2\/users\/1"}],"replies":[{"embeddable":true,"href":"https:\/\/www.uhrenankauf365.de\/uhr-verkaufen\/wp-json\/wp\/v2\/comments?post=530"}],"version-history":[{"count":8,"href":"https:\/\/www.uhrenankauf365.de\/uhr-verkaufen\/wp-json\/wp\/v2\/pages\/530\/revisions"}],"predecessor-version":[{"id":1862,"href":"https:\/\/www.uhrenankauf365.de\/uhr-verkaufen\/wp-json\/wp\/v2\/pages\/530\/revisions\/1862"}],"wp:attachment":[{"href":"https:\/\/www.uhrenankauf365.de\/uhr-verkaufen\/wp-json\/wp\/v2\/media?parent=530"}],"curies":[{"name":"wp","href":"https:\/\/api.w.org\/{rel}","templated":true}]}}