{"id":511,"date":"2020-12-08T17:50:28","date_gmt":"2020-12-08T16:50:28","guid":{"rendered":"https:\/\/www.uhrenankauf365.de\/uhr-verkaufen\/?page_id=511"},"modified":"2023-12-28T11:54:55","modified_gmt":"2023-12-28T10:54:55","slug":"stuttgart","status":"publish","type":"page","link":"https:\/\/www.uhrenankauf365.de\/uhr-verkaufen\/baden-wuerttemberg\/stuttgart\/","title":{"rendered":"Uhren Ankauf Stuttgart"},"content":{"rendered":"\n<p><strong>Schnelle Auszahlung bei fairen Ankaufspreisen!<\/strong><\/p>\n\n\n\n<p id=\"u27456-7\">Wir freuen uns auf Ihre Ankaufs-Anfrage aus Stuttgart, Baden-W\u00fcrttembergs Hauptstadt mit vielen Sehensw\u00fcrdigkeiten. Thematisch liegt Stuttgart beim Thema Luxus bundesweit recht weit vorne, wenn auch nicht mit der Produktion von Luxusuhren. Aber die Stadt ist Hauptsitz der edlen Automarken Porsche und Mercedes-Benz.<\/p>\n\n\n\n<p id=\"u27456-15\">Wenn Sie Ihre <strong>Uhr verkaufen<\/strong> m\u00f6chten (Rolex, Patek Philippe, Audemars Piguet, Breitling und weitere Luxus-Marken sind dabei besonders interessant f\u00fcr uns), k\u00f6nnen Sie dazu das <a href=\"https:\/\/www.uhrenankauf365.de\/uhr-verkaufen\/ankaufsformular\/\">Formular f\u00fcr den Uhrenankauf<\/a> nutzen. Hier k\u00f6nnen Sie uns direkt bis zu drei Fotos Ihrer Uhr sowie alle wichtigen Angaben zum Zustand, Alter usw. senden.<\/p>\n\n\n\n<p id=\"u27456-17\">Wir freuen uns auf Ihre Ankaufs-Anfrage!<\/p>\n\n\n<div class=\"wp-bootstrap-blocks-container container mb-5 uak_heller_hintergrund_line_height_normal text-center p-4 mt-4\">\n\t\n\n<h3 class=\"wp-block-heading\" id=\"u1363-2\">Wir kaufen Luxusuhren!<\/h3>\n\n\n\n<p id=\"u1363-4\"><strong>Profitieren Sie&nbsp;von unserer jahrzehntelangen Erfahrung im Uhrenhandel!<\/strong><\/p>\n\n\n\n<p><a class=\"btn btn-primary btn-lg\" href=\"https:\/\/www.uhrenankauf365.de\/uhr-verkaufen\/ankaufsformular\/\">Zum Ankaufsformular<\/a><\/p>\n\n<\/div>\n\n\n<div class=\"wp-bootstrap-blocks-row row\">\n\t\n\n<div class=\"col-12 col-md-6\">\n\t\t\t\n\n<figure class=\"wp-block-image size-large\"><img loading=\"lazy\" decoding=\"async\" width=\"510\" height=\"322\" src=\"https:\/\/www.uhrenankauf365.de\/uhr-verkaufen\/wp-content\/uploads\/2020\/12\/uhren-ankauf-stuttgart511x322.jpg\" alt=\"Luxusuhr in Stuttgart und bundesweit zu Bargeld machen!\" class=\"wp-image-512\" srcset=\"https:\/\/www.uhrenankauf365.de\/uhr-verkaufen\/wp-content\/uploads\/2020\/12\/uhren-ankauf-stuttgart511x322.jpg 510w, https:\/\/www.uhrenankauf365.de\/uhr-verkaufen\/wp-content\/uploads\/2020\/12\/uhren-ankauf-stuttgart511x322-300x189.jpg 300w\" sizes=\"auto, (max-width: 510px) 100vw, 510px\" \/><\/figure>\n\n\n\n<p id=\"u27453-2\"><strong>CHECKLISTE:<\/strong><\/p>\n\n\n\n<p id=\"u27453-5\">\u2713 GEH\u00c4USEZUSTAND<\/p>\n\n\n\n<p id=\"u27453-7\">\u2713 ARMBAND<\/p>\n\n\n\n<p id=\"u27453-9\">\u2713 BELEGE<\/p>\n\n\n\n<p id=\"u27453-11\">\u2713 ORIGINAL-BOX<\/p>\n\n\n\n<p id=\"u27453-13\">\u2713 ZERTIFIKAT<\/p>\n\n\n\n<p><a href=\"https:\/\/www.uhrenankauf365.de\/uhr-verkaufen\/ankaufsformular\/\" class=\"btn btn-primary btn-block\">Zum Ankaufsformular<\/a><\/p>\n\n\t<\/div>\n\n\n\n<div class=\"col-12 col-md-6\">\n\t\t\t\n\n<h3 class=\"wp-block-heading\" id=\"u27477-3\">Erfolgreich eine gebrauchte Uhr in Stuttgart verkaufen<\/h3>\n\n\n\n<p id=\"u27477-15\">Durch unsere jahrzehntelange Erfahrung mit edlen Luxusuhren k\u00f6nnen wir den Gebrauchtwert unter Ber\u00fccksichtigung des Zustands sehr gut absch\u00e4tzen. Ein seit 1998 stetig gewachsenes Netzwerk von internationalen Kontakten in der Uhrenszene gew\u00e4hrleistet einen stets aktuellen Wissensstand. Durch unsere bundesweite T\u00e4tigkeit im Uhrenankauf k\u00f6nnen wir Ihren gebrauchte Chronometer auch <strong>in Stuttgart<\/strong> abholen lassen. Dies nat\u00fcrlich versichert und seri\u00f6s &#8211; lesen Sie mehr dazu gerne auf der Seite &#8222;<a href=\"https:\/\/www.uhrenankauf365.de\/uhr-verkaufen\/ankauf-faq\/\">FAQ (H\u00e4ufige Fragen)<\/a>&#8222;. Alle offenen Fragen beantworten wir au\u00dferdem gerne vorab telefonisch.<\/p>\n\n\n\n<p id=\"u27477-21\">Bieten Sie uns Ihre Uhr gerne \u00fcber das <a href=\"https:\/\/www.uhrenankauf365.de\/uhr-verkaufen\/ankaufsformular\/\">Ankaufsformular<\/a> an und machen Sie Angaben zum Zustand. Wir melden uns bei Interesse mit einem Ankaufsangebot bei Ihnen.<\/p>\n\n\t<\/div>\n\n<\/div>\n\n\n\n<div class=\"container p-4 uak_heller_hintergrund\">\n<div class=\"row mb-4\">\n<div class=\"col-12 col-md-6 text-center\">\n<i class=\"uak365icon fas fa-file-alt\"><\/i><br>\n<div class=\"ankaufschritte_title\">Formular ausf\u00fcllen<\/div>\n<small>Das <a href=\"https:\/\/www.uhrenankauf365.de\/uhr-verkaufen\/ankaufsformular\/\" title=\"Ankaufsformular Uhren\">Ankaufsformular<\/a> erfasst alle wichtigen Angaben zur Armbanduhr, die Sie verkaufen m\u00f6chten und erleichtert die Ermittlung eines fairen Ankaufspreises.<\/small>\n<\/div>\n<div class=\"col-12 col-md-6 text-center\">\n<i class=\"uak365icon far fa-handshake\"><\/i><br>\n<div class=\"ankaufschritte_title\">Angebot erhalten<\/div>\n<small>Wir unterbreiten Ihnen nach Erhalt der Informationen zur Uhr ein Angebot zum Ankauf. Offene Fragen kl\u00e4ren wir vorab.<\/small>\n<\/div>\n<\/div>\n\n\n<div class=\"row\">\n<div class=\"col-12 col-md-6 text-center\">\n<i class=\"uak365icon fas fa-truck-loading\"><\/i><br>\n<div class=\"ankaufschritte_title\">Uhr wird abgeholt<\/div>\n<small>Ein auf Werttransporte spezialisiertes Unternehmen holt die Uhr bei Ihnen ab. Mehr dazu erfahren Sie <a href=\"https:\/\/www.uhrenankauf365.de\/uhr-verkaufen\/ankauf-faq\/\">hier<\/a>.<\/small>\n<\/div>\n<div class=\"col-12 col-md-6 text-center\">\n<i class=\"uak365icon fas fa-euro-sign\"><\/i><br>\n<div class=\"ankaufschritte_title\">Geld erhalten<\/div>\n<small>Nach Pr\u00fcfung der Armbanduhr zahlen wir den vereinbarten Ankaufspreis zuverl\u00e4ssig und schnell auf Ihr Konto aus.\n<\/small>\n<\/div>\n<\/div>\n\n<\/div>\n\n\n\n<h3 class=\"wp-block-heading mt-5\" id=\"u2607-2\">Unsere Mitgliedschaften und Bewertungen<\/h3>\n\n\n\n<p id=\"u2607-5\">Da der Verkauf einer Luxusuhr absolute Vertrauenssache ist, k\u00f6nnen Sie sich auf den folgenden, renommierten Plattformen einen Eindruck von uns machen. Wir freuen uns auf Ihr Angebot!<\/p>\n\n\n<div class=\"wp-bootstrap-blocks-row row\">\n\t\n\n<div class=\"col-6 col-md-4\">\n\t\t\t\n\n<figure class=\"wp-block-image size-large\"><a href=\"https:\/\/www.mondaniweb.com\/trusted-dealers\/nobel-uhren\" target=\"_blank\" rel=\"noopener noreferrer\"><img loading=\"lazy\" decoding=\"async\" width=\"140\" height=\"57\" src=\"https:\/\/www.uhrenankauf365.de\/uhr-verkaufen\/wp-content\/uploads\/2020\/11\/mondaniweb.jpg\" alt=\"\" class=\"wp-image-50\"\/><\/a><\/figure>\n\n\t<\/div>\n\n\n\n<div class=\"col-12 col-md-4\">\n\t\t\t\n\n<figure class=\"wp-block-image size-large\"><img loading=\"lazy\" decoding=\"async\" width=\"160\" height=\"43\" src=\"https:\/\/www.uhrenankauf365.de\/uhr-verkaufen\/wp-content\/uploads\/2020\/11\/watchtraderassociation.jpg\" alt=\"\" class=\"wp-image-51\"\/><\/figure>\n\n\t<\/div>\n\n\n\n<div class=\"col-12 col-md-4\">\n\t\t\t\t<\/div>\n\n<\/div>\n\n\n<div class=\"wp-bootstrap-blocks-container container mb-2 uak_heller_hintergrund p-4\">\n\t\n\n<p class=\"has-text-align-center\"><strong>Welche Uhrenmarke m\u00f6chten Sie verkaufen?<\/strong><\/p>\n\n\n\n<p class=\"text-center\"><a href=\"https:\/\/www.uhrenankauf365.de\/uhr-verkaufen\/a_lange_und_soehne\" class=\"btn btn-primary mb-1 mt-1\" title=\"Uhren Ankauf A. Lange und S\u00f6hne\">A. Lange &amp; S\u00f6hne<\/a> <a href=\"https:\/\/www.uhrenankauf365.de\/uhr-verkaufen\/audemars_piguet\" class=\"btn btn-primary mb-1 mt-1\" title=\"Uhren Ankauf Audemars Piguet\">Audemars Piguet<\/a> <a href=\"https:\/\/www.uhrenankauf365.de\/uhr-verkaufen\/breitling\" class=\"btn btn-primary mb-1 mt-1\" title=\"Uhren Ankauf Breitling\">Breitling<\/a> <a href=\"https:\/\/www.uhrenankauf365.de\/uhr-verkaufen\/hublot\" class=\"btn btn-primary mb-1 mt-1\" title=\"Uhren Ankauf Hublot\">Hublot<\/a> <a href=\"https:\/\/www.uhrenankauf365.de\/uhr-verkaufen\/jaeger_lecoultre\" class=\"btn btn-primary mb-1 mt-1\" title=\"Uhren Ankauf Jaeger-LeCoultre\">Jaeger-LeCoultre<\/a> <a href=\"https:\/\/www.uhrenankauf365.de\/uhr-verkaufen\/omega\" class=\"btn btn-primary mb-1 mt-1\" title=\"Uhren Ankauf Omega\">Omega<\/a> <a href=\"https:\/\/www.uhrenankauf365.de\/uhr-verkaufen\/patek_philippe\" class=\"btn btn-primary mb-1 mt-1\" title=\"Uhren Ankauf Patek Philippe\">Patek Philippe<\/a> <a href=\"https:\/\/www.uhrenankauf365.de\/uhr-verkaufen\/rolex\" class=\"btn btn-primary mb-1 mt-1\" title=\"Uhren Ankauf Rolex\">Rolex<\/a> <a href=\"https:\/\/www.uhrenankauf365.de\/uhr-verkaufen\/ankaufsformular\" class=\"btn btn-primary mb-1 mt-1\">Andere Marke<\/a><br><br><strong>W\u00fcnschen Sie zun\u00e4chst weitere Informationen zur Abwicklung des Uhrenankaufs?<\/strong><br>\n<a href=\"\/uhr-verkaufen\/ankauf-faq\/\" class=\"btn btn-secondary mt-3\">FAQ anzeigen<\/a><\/p>\n\n<\/div>\n\n\n\n<p><\/p>\n","protected":false},"excerpt":{"rendered":"<p>Schnelle Auszahlung bei fairen Ankaufspreisen! Wir freuen uns auf Ihre Ankaufs-Anfrage aus Stuttgart, Baden-W\u00fcrttembergs Hauptstadt mit vielen Sehensw\u00fcrdigkeiten. Thematisch liegt Stuttgart beim Thema Luxus bundesweit recht weit vorne, wenn auch nicht mit der Produktion von Luxusuhren. Aber die Stadt ist Hauptsitz der edlen Automarken Porsche und Mercedes-Benz. Wenn Sie Ihre Uhr verkaufen m\u00f6chten (Rolex, Patek [&hellip;]<\/p>\n","protected":false},"author":1,"featured_media":0,"parent":520,"menu_order":0,"comment_status":"closed","ping_status":"closed","template":"","meta":{"footnotes":""},"class_list":["post-511","page","type-page","status-publish","hentry"],"yoast_head":"<!-- This site is optimized with the Yoast SEO plugin v27.3 - https:\/\/yoast.com\/product\/yoast-seo-wordpress\/ -->\n<title>Uhren Ankauf Stuttgart - Uhrenankauf 365<\/title>\n<meta name=\"description\" content=\"Wir bieten Ihnen den Ankauf von Uhren aus Stuttgart. Schnelle Auszahlung, faire Preise - bundesweit seit 1998 im Uhrenhandel t\u00e4tig.\" \/>\n<meta name=\"robots\" content=\"index, follow, max-snippet:-1, max-image-preview:large, max-video-preview:-1\" \/>\n<link rel=\"canonical\" href=\"https:\/\/www.uhrenankauf365.de\/uhr-verkaufen\/baden-wuerttemberg\/stuttgart\/\" \/>\n<meta property=\"og:locale\" content=\"de_DE\" \/>\n<meta property=\"og:type\" content=\"article\" \/>\n<meta property=\"og:title\" content=\"Uhren Ankauf Stuttgart - Uhrenankauf 365\" \/>\n<meta property=\"og:description\" content=\"Wir bieten Ihnen den Ankauf von Uhren aus Stuttgart. Schnelle Auszahlung, faire Preise - bundesweit seit 1998 im Uhrenhandel t\u00e4tig.\" \/>\n<meta property=\"og:url\" content=\"https:\/\/www.uhrenankauf365.de\/uhr-verkaufen\/baden-wuerttemberg\/stuttgart\/\" \/>\n<meta property=\"og:site_name\" content=\"Uhrenankauf 365\" \/>\n<meta property=\"article:modified_time\" content=\"2023-12-28T10:54:55+00:00\" \/>\n<meta property=\"og:image\" content=\"https:\/\/www.uhrenankauf365.de\/uhr-verkaufen\/wp-content\/uploads\/2020\/12\/uhren-ankauf-stuttgart511x322.jpg\" \/>\n<meta name=\"twitter:card\" content=\"summary_large_image\" \/>\n<meta name=\"twitter:label1\" content=\"Gesch\u00e4tzte Lesezeit\" \/>\n\t<meta name=\"twitter:data1\" content=\"7\u00a0Minuten\" \/>\n<script type=\"application\/ld+json\" class=\"yoast-schema-graph\">{\"@context\":\"https:\\\/\\\/schema.org\",\"@graph\":[{\"@type\":\"WebPage\",\"@id\":\"https:\\\/\\\/www.uhrenankauf365.de\\\/uhr-verkaufen\\\/baden-wuerttemberg\\\/stuttgart\\\/\",\"url\":\"https:\\\/\\\/www.uhrenankauf365.de\\\/uhr-verkaufen\\\/baden-wuerttemberg\\\/stuttgart\\\/\",\"name\":\"Uhren Ankauf Stuttgart - Uhrenankauf 365\",\"isPartOf\":{\"@id\":\"https:\\\/\\\/www.uhrenankauf365.de\\\/uhr-verkaufen\\\/#website\"},\"primaryImageOfPage\":{\"@id\":\"https:\\\/\\\/www.uhrenankauf365.de\\\/uhr-verkaufen\\\/baden-wuerttemberg\\\/stuttgart\\\/#primaryimage\"},\"image\":{\"@id\":\"https:\\\/\\\/www.uhrenankauf365.de\\\/uhr-verkaufen\\\/baden-wuerttemberg\\\/stuttgart\\\/#primaryimage\"},\"thumbnailUrl\":\"https:\\\/\\\/www.uhrenankauf365.de\\\/uhr-verkaufen\\\/wp-content\\\/uploads\\\/2020\\\/12\\\/uhren-ankauf-stuttgart511x322.jpg\",\"datePublished\":\"2020-12-08T16:50:28+00:00\",\"dateModified\":\"2023-12-28T10:54:55+00:00\",\"description\":\"Wir bieten Ihnen den Ankauf von Uhren aus Stuttgart. Schnelle Auszahlung, faire Preise - bundesweit seit 1998 im Uhrenhandel t\u00e4tig.\",\"breadcrumb\":{\"@id\":\"https:\\\/\\\/www.uhrenankauf365.de\\\/uhr-verkaufen\\\/baden-wuerttemberg\\\/stuttgart\\\/#breadcrumb\"},\"inLanguage\":\"de\",\"potentialAction\":[{\"@type\":\"ReadAction\",\"target\":[\"https:\\\/\\\/www.uhrenankauf365.de\\\/uhr-verkaufen\\\/baden-wuerttemberg\\\/stuttgart\\\/\"]}]},{\"@type\":\"ImageObject\",\"inLanguage\":\"de\",\"@id\":\"https:\\\/\\\/www.uhrenankauf365.de\\\/uhr-verkaufen\\\/baden-wuerttemberg\\\/stuttgart\\\/#primaryimage\",\"url\":\"https:\\\/\\\/www.uhrenankauf365.de\\\/uhr-verkaufen\\\/wp-content\\\/uploads\\\/2020\\\/12\\\/uhren-ankauf-stuttgart511x322.jpg\",\"contentUrl\":\"https:\\\/\\\/www.uhrenankauf365.de\\\/uhr-verkaufen\\\/wp-content\\\/uploads\\\/2020\\\/12\\\/uhren-ankauf-stuttgart511x322.jpg\",\"width\":510,\"height\":322},{\"@type\":\"BreadcrumbList\",\"@id\":\"https:\\\/\\\/www.uhrenankauf365.de\\\/uhr-verkaufen\\\/baden-wuerttemberg\\\/stuttgart\\\/#breadcrumb\",\"itemListElement\":[{\"@type\":\"ListItem\",\"position\":1,\"name\":\"Startseite\",\"item\":\"https:\\\/\\\/www.uhrenankauf365.de\\\/uhr-verkaufen\\\/\"},{\"@type\":\"ListItem\",\"position\":2,\"name\":\"Uhrenankauf Baden-W\u00fcrttemberg\",\"item\":\"https:\\\/\\\/www.uhrenankauf365.de\\\/uhr-verkaufen\\\/baden-wuerttemberg\\\/\"},{\"@type\":\"ListItem\",\"position\":3,\"name\":\"Uhren Ankauf Stuttgart\"}]},{\"@type\":\"WebSite\",\"@id\":\"https:\\\/\\\/www.uhrenankauf365.de\\\/uhr-verkaufen\\\/#website\",\"url\":\"https:\\\/\\\/www.uhrenankauf365.de\\\/uhr-verkaufen\\\/\",\"name\":\"Uhrenankauf 365\",\"description\":\"Jetzt Ihre Luxusuhr verkaufen!\",\"publisher\":{\"@id\":\"https:\\\/\\\/www.uhrenankauf365.de\\\/uhr-verkaufen\\\/#organization\"},\"potentialAction\":[{\"@type\":\"SearchAction\",\"target\":{\"@type\":\"EntryPoint\",\"urlTemplate\":\"https:\\\/\\\/www.uhrenankauf365.de\\\/uhr-verkaufen\\\/?s={search_term_string}\"},\"query-input\":{\"@type\":\"PropertyValueSpecification\",\"valueRequired\":true,\"valueName\":\"search_term_string\"}}],\"inLanguage\":\"de\"},{\"@type\":\"Organization\",\"@id\":\"https:\\\/\\\/www.uhrenankauf365.de\\\/uhr-verkaufen\\\/#organization\",\"name\":\"uhrenankauf365.de, Anke Michels\",\"url\":\"https:\\\/\\\/www.uhrenankauf365.de\\\/uhr-verkaufen\\\/\",\"logo\":{\"@type\":\"ImageObject\",\"inLanguage\":\"de\",\"@id\":\"https:\\\/\\\/www.uhrenankauf365.de\\\/uhr-verkaufen\\\/#\\\/schema\\\/logo\\\/image\\\/\",\"url\":\"https:\\\/\\\/www.uhrenankauf365.de\\\/uhr-verkaufen\\\/wp-content\\\/uploads\\\/2020\\\/11\\\/logo_uhrenankauf.png\",\"contentUrl\":\"https:\\\/\\\/www.uhrenankauf365.de\\\/uhr-verkaufen\\\/wp-content\\\/uploads\\\/2020\\\/11\\\/logo_uhrenankauf.png\",\"width\":98,\"height\":100,\"caption\":\"uhrenankauf365.de, Anke Michels\"},\"image\":{\"@id\":\"https:\\\/\\\/www.uhrenankauf365.de\\\/uhr-verkaufen\\\/#\\\/schema\\\/logo\\\/image\\\/\"}}]}<\/script>\n<!-- \/ Yoast SEO plugin. -->","yoast_head_json":{"title":"Uhren Ankauf Stuttgart - Uhrenankauf 365","description":"Wir bieten Ihnen den Ankauf von Uhren aus Stuttgart. Schnelle Auszahlung, faire Preise - bundesweit seit 1998 im Uhrenhandel t\u00e4tig.","robots":{"index":"index","follow":"follow","max-snippet":"max-snippet:-1","max-image-preview":"max-image-preview:large","max-video-preview":"max-video-preview:-1"},"canonical":"https:\/\/www.uhrenankauf365.de\/uhr-verkaufen\/baden-wuerttemberg\/stuttgart\/","og_locale":"de_DE","og_type":"article","og_title":"Uhren Ankauf Stuttgart - Uhrenankauf 365","og_description":"Wir bieten Ihnen den Ankauf von Uhren aus Stuttgart. Schnelle Auszahlung, faire Preise - bundesweit seit 1998 im Uhrenhandel t\u00e4tig.","og_url":"https:\/\/www.uhrenankauf365.de\/uhr-verkaufen\/baden-wuerttemberg\/stuttgart\/","og_site_name":"Uhrenankauf 365","article_modified_time":"2023-12-28T10:54:55+00:00","og_image":[{"url":"https:\/\/www.uhrenankauf365.de\/uhr-verkaufen\/wp-content\/uploads\/2020\/12\/uhren-ankauf-stuttgart511x322.jpg","type":"","width":"","height":""}],"twitter_card":"summary_large_image","twitter_misc":{"Gesch\u00e4tzte Lesezeit":"7\u00a0Minuten"},"schema":{"@context":"https:\/\/schema.org","@graph":[{"@type":"WebPage","@id":"https:\/\/www.uhrenankauf365.de\/uhr-verkaufen\/baden-wuerttemberg\/stuttgart\/","url":"https:\/\/www.uhrenankauf365.de\/uhr-verkaufen\/baden-wuerttemberg\/stuttgart\/","name":"Uhren Ankauf Stuttgart - Uhrenankauf 365","isPartOf":{"@id":"https:\/\/www.uhrenankauf365.de\/uhr-verkaufen\/#website"},"primaryImageOfPage":{"@id":"https:\/\/www.uhrenankauf365.de\/uhr-verkaufen\/baden-wuerttemberg\/stuttgart\/#primaryimage"},"image":{"@id":"https:\/\/www.uhrenankauf365.de\/uhr-verkaufen\/baden-wuerttemberg\/stuttgart\/#primaryimage"},"thumbnailUrl":"https:\/\/www.uhrenankauf365.de\/uhr-verkaufen\/wp-content\/uploads\/2020\/12\/uhren-ankauf-stuttgart511x322.jpg","datePublished":"2020-12-08T16:50:28+00:00","dateModified":"2023-12-28T10:54:55+00:00","description":"Wir bieten Ihnen den Ankauf von Uhren aus Stuttgart. Schnelle Auszahlung, faire Preise - bundesweit seit 1998 im Uhrenhandel t\u00e4tig.","breadcrumb":{"@id":"https:\/\/www.uhrenankauf365.de\/uhr-verkaufen\/baden-wuerttemberg\/stuttgart\/#breadcrumb"},"inLanguage":"de","potentialAction":[{"@type":"ReadAction","target":["https:\/\/www.uhrenankauf365.de\/uhr-verkaufen\/baden-wuerttemberg\/stuttgart\/"]}]},{"@type":"ImageObject","inLanguage":"de","@id":"https:\/\/www.uhrenankauf365.de\/uhr-verkaufen\/baden-wuerttemberg\/stuttgart\/#primaryimage","url":"https:\/\/www.uhrenankauf365.de\/uhr-verkaufen\/wp-content\/uploads\/2020\/12\/uhren-ankauf-stuttgart511x322.jpg","contentUrl":"https:\/\/www.uhrenankauf365.de\/uhr-verkaufen\/wp-content\/uploads\/2020\/12\/uhren-ankauf-stuttgart511x322.jpg","width":510,"height":322},{"@type":"BreadcrumbList","@id":"https:\/\/www.uhrenankauf365.de\/uhr-verkaufen\/baden-wuerttemberg\/stuttgart\/#breadcrumb","itemListElement":[{"@type":"ListItem","position":1,"name":"Startseite","item":"https:\/\/www.uhrenankauf365.de\/uhr-verkaufen\/"},{"@type":"ListItem","position":2,"name":"Uhrenankauf Baden-W\u00fcrttemberg","item":"https:\/\/www.uhrenankauf365.de\/uhr-verkaufen\/baden-wuerttemberg\/"},{"@type":"ListItem","position":3,"name":"Uhren Ankauf Stuttgart"}]},{"@type":"WebSite","@id":"https:\/\/www.uhrenankauf365.de\/uhr-verkaufen\/#website","url":"https:\/\/www.uhrenankauf365.de\/uhr-verkaufen\/","name":"Uhrenankauf 365","description":"Jetzt Ihre Luxusuhr verkaufen!","publisher":{"@id":"https:\/\/www.uhrenankauf365.de\/uhr-verkaufen\/#organization"},"potentialAction":[{"@type":"SearchAction","target":{"@type":"EntryPoint","urlTemplate":"https:\/\/www.uhrenankauf365.de\/uhr-verkaufen\/?s={search_term_string}"},"query-input":{"@type":"PropertyValueSpecification","valueRequired":true,"valueName":"search_term_string"}}],"inLanguage":"de"},{"@type":"Organization","@id":"https:\/\/www.uhrenankauf365.de\/uhr-verkaufen\/#organization","name":"uhrenankauf365.de, Anke Michels","url":"https:\/\/www.uhrenankauf365.de\/uhr-verkaufen\/","logo":{"@type":"ImageObject","inLanguage":"de","@id":"https:\/\/www.uhrenankauf365.de\/uhr-verkaufen\/#\/schema\/logo\/image\/","url":"https:\/\/www.uhrenankauf365.de\/uhr-verkaufen\/wp-content\/uploads\/2020\/11\/logo_uhrenankauf.png","contentUrl":"https:\/\/www.uhrenankauf365.de\/uhr-verkaufen\/wp-content\/uploads\/2020\/11\/logo_uhrenankauf.png","width":98,"height":100,"caption":"uhrenankauf365.de, Anke Michels"},"image":{"@id":"https:\/\/www.uhrenankauf365.de\/uhr-verkaufen\/#\/schema\/logo\/image\/"}}]}},"_links":{"self":[{"href":"https:\/\/www.uhrenankauf365.de\/uhr-verkaufen\/wp-json\/wp\/v2\/pages\/511","targetHints":{"allow":["GET"]}}],"collection":[{"href":"https:\/\/www.uhrenankauf365.de\/uhr-verkaufen\/wp-json\/wp\/v2\/pages"}],"about":[{"href":"https:\/\/www.uhrenankauf365.de\/uhr-verkaufen\/wp-json\/wp\/v2\/types\/page"}],"author":[{"embeddable":true,"href":"https:\/\/www.uhrenankauf365.de\/uhr-verkaufen\/wp-json\/wp\/v2\/users\/1"}],"replies":[{"embeddable":true,"href":"https:\/\/www.uhrenankauf365.de\/uhr-verkaufen\/wp-json\/wp\/v2\/comments?post=511"}],"version-history":[{"count":7,"href":"https:\/\/www.uhrenankauf365.de\/uhr-verkaufen\/wp-json\/wp\/v2\/pages\/511\/revisions"}],"predecessor-version":[{"id":1866,"href":"https:\/\/www.uhrenankauf365.de\/uhr-verkaufen\/wp-json\/wp\/v2\/pages\/511\/revisions\/1866"}],"up":[{"embeddable":true,"href":"https:\/\/www.uhrenankauf365.de\/uhr-verkaufen\/wp-json\/wp\/v2\/pages\/520"}],"wp:attachment":[{"href":"https:\/\/www.uhrenankauf365.de\/uhr-verkaufen\/wp-json\/wp\/v2\/media?parent=511"}],"curies":[{"name":"wp","href":"https:\/\/api.w.org\/{rel}","templated":true}]}}