{"id":415,"date":"2020-12-04T18:18:28","date_gmt":"2020-12-04T17:18:28","guid":{"rendered":"https:\/\/www.uhrenankauf365.de\/uhr-verkaufen\/?page_id=415"},"modified":"2024-08-04T11:15:16","modified_gmt":"2024-08-04T09:15:16","slug":"patek_philippe","status":"publish","type":"page","link":"https:\/\/www.uhrenankauf365.de\/uhr-verkaufen\/patek_philippe\/","title":{"rendered":"Patek Philippe Ankauf"},"content":{"rendered":"<div class=\"wp-bootstrap-blocks-row row\">\n\t\n\n<div class=\"col-12 col-md-6\">\n\t\t\t\n\n<h2 class=\"wp-block-heading\" id=\"u1361-2\">Wir kaufen Patek Philippe!<\/h2>\n\n\n\n<p id=\"u1757-10\">Unser Herz spricht flie\u00dfend &#8222;Patek&#8220;! Seit 1998 sind wir im <strong>Patek Philippe Ankauf<\/strong> und Handel t\u00e4tig und seitdem haben wir hunderte, wenn nicht tausend <a href=\"https:\/\/www.nobeluhren-store.de\/hersteller\/patek_philippe\" title=\"Patek Philippe Uhren gebraucht\">Uhren von <strong>Patek Philippe<\/strong><\/a>, von der einfachen Zwei-Zeiger-Uhr bis zur Grande Complication im <strong>Ankauf<\/strong> von Privatpersonen erworben. Jede davon ist ein Inbegriff f\u00fcr h\u00f6chste Qualit\u00e4tsstandards, die von Firmengr\u00fcnder Antoine Norbert Graf de Patek, einem polnischen Adligen, bereits 1839 als Ma\u00dfstab gesetzt wurden.<\/p>\n\n\n\n<p id=\"u1757-13\">Patek Philippe revolutionierte kurz nach der Gr\u00fcndung durch die Erfindung der Aufzugskrone den Markt der Taschenuhren: Durch die neue Technik ben\u00f6tigte man keinen speziellen Schl\u00fcssel mehr, um die Uhr aufzuziehen oder die Zeit einzustellen.<\/p>\n\n\t<\/div>\n\n\n\n<div class=\"col-12 col-md-6\">\n\t\t\t\n\n<figure class=\"wp-block-image size-large\"><img loading=\"lazy\" decoding=\"async\" width=\"580\" height=\"400\" src=\"https:\/\/www.uhrenankauf365.de\/uhr-verkaufen\/wp-content\/uploads\/2020\/12\/patek_philippe_uhr_verkaufen.jpg\" alt=\"Patek Philippe Uhr\" class=\"wp-image-416\" srcset=\"https:\/\/www.uhrenankauf365.de\/uhr-verkaufen\/wp-content\/uploads\/2020\/12\/patek_philippe_uhr_verkaufen.jpg 580w, https:\/\/www.uhrenankauf365.de\/uhr-verkaufen\/wp-content\/uploads\/2020\/12\/patek_philippe_uhr_verkaufen-300x207.jpg 300w\" sizes=\"auto, (max-width: 580px) 100vw, 580px\" \/><\/figure>\n\n\n\n<p>Heute sind es vor allem die <a href=\"https:\/\/www.nobeluhren-store.de\/hersteller\/patek_philippe\" target=\"_blank\" rel=\"noreferrer noopener\">gebrauchten Luxus-Armbanduhren von Patek Philippe<\/a>, die die Herzen vieler Uhrensammler h\u00f6her schlagen lassen und im Online Patek Philippe Ankauf sehr oft angeboten werden. Als Beispiele seien hier die <strong><a title=\"Patek Philippe Nautilus Ankauf\" href=\"https:\/\/www.uhrenankauf365.de\/uhr-verkaufen\/patek-philippe-nautilus\/\">Nautilus<\/a><\/strong>, Aquanaut sowie Calatrava genannt, aber auch an anderen Modellen sind wir interessiert.<\/p>\n\n\t<\/div>\n\n<\/div>\n\n\n<div class=\"wp-bootstrap-blocks-container container mb-5 uak_heller_hintergrund_line_height_normal text-center p-4 mt-4\">\n\t\n\n<h3 class=\"wp-block-heading\" id=\"u1363-2\">Wir kaufen Patek Philippe Uhren!<\/h3>\n\n\n\n<p id=\"u1363-4\"><strong>Profitieren Sie&nbsp;von unserer jahrzehntelangen Erfahrung im Uhrenhandel!<\/strong><\/p>\n\n\n\n<p><a class=\"btn btn-primary btn-lg\" href=\"https:\/\/www.uhrenankauf365.de\/uhr-verkaufen\/ankaufsformular\/\">Zum Ankaufsformular<\/a><\/p>\n\n<\/div>\n\n\n\n<h3 class=\"wp-block-heading\">Jetzt Ihre Patek Philippe Uhr verkaufen<\/h3>\n\n\n<div class=\"wp-bootstrap-blocks-row row\">\n\t\n\n<div class=\"col-12 col-md-6\">\n\t\t\t\n\n<figure class=\"wp-block-image size-large\"><img loading=\"lazy\" decoding=\"async\" width=\"580\" height=\"461\" src=\"https:\/\/www.uhrenankauf365.de\/uhr-verkaufen\/wp-content\/uploads\/2020\/12\/patek_ankauf.jpg\" alt=\"Patek Ankauf\" class=\"wp-image-417\" srcset=\"https:\/\/www.uhrenankauf365.de\/uhr-verkaufen\/wp-content\/uploads\/2020\/12\/patek_ankauf.jpg 580w, https:\/\/www.uhrenankauf365.de\/uhr-verkaufen\/wp-content\/uploads\/2020\/12\/patek_ankauf-300x238.jpg 300w\" sizes=\"auto, (max-width: 580px) 100vw, 580px\" \/><\/figure>\n\n\t<\/div>\n\n\n\n<div class=\"col-12 col-md-6\">\n\t\t\t\n\n<p id=\"u1813-7\">Die Entwicklung bei den Sammleruhren, zu denen auch viele Patek Philippe-Modelle geh\u00f6ren, folgt seit Jahrzehnten einem klaren Aufw\u00e4rtstrend. Sie k\u00f6nnen also mit ziemlicher Sicherheit von einer Wertsteigerung seit dem Erwerb Ihrer Luxusuhr rechnen. Nat\u00fcrlich ist der von uns ausbezahlte Ankaufspreis immer von mehreren Faktoren abh\u00e4ngig, unser Bestreben ist aber immer eine Gesch\u00e4ftsbeziehung, die beidseitige Zufriedenheit gew\u00e4hrleistet. Eine schnelle Auszahlung ist selbstverst\u00e4ndlich, ob bar oder per \u00dcberweisung.<\/p>\n\n\t<\/div>\n\n<\/div>\n\n\n\n<h3 class=\"wp-block-heading\">Faktoren, die den Preis beim Patek Philippe Ankauf beeinflussen<\/h3>\n\n\n\n<ul class=\"wp-block-list\">\n<li>Ist das Original-Zertifikat vorhanden?<\/li>\n\n\n\n<li>Ist die Original-Box vorhanden?<\/li>\n\n\n\n<li>Wie ist der Zustand des Werks?<\/li>\n\n\n\n<li>Ist das Geh\u00e4use gut erhalten?<\/li>\n\n\n\n<li>Kann eine herstellerseitige Revision belegt werden?<\/li>\n<\/ul>\n\n\n\n<p>Gerne machen wir Ihnen einen fairen Ankaufspreis, wenn Sie Ihre Patek Philippe verkaufen m\u00f6chten. <a href=\"https:\/\/www.uhrenankauf365.de\/uhr-verkaufen\/ankaufsformular\/\">Zum Formular &#8222;Uhrenankauf&#8220; &gt;<\/a><\/p>\n\n\n\n<div class=\"container p-4 uak_heller_hintergrund\">\n<div class=\"row mb-4\">\n<div class=\"col-12 col-md-6 text-center\">\n<i class=\"uak365icon fas fa-file-alt\"><\/i><br>\n<div class=\"ankaufschritte_title\">Formular ausf\u00fcllen<\/div>\n<small>Das <a href=\"https:\/\/www.uhrenankauf365.de\/uhr-verkaufen\/ankaufsformular\/\" title=\"Ankaufsformular Uhren\">Ankaufsformular<\/a> erfasst alle wichtigen Angaben zur Armbanduhr, die Sie verkaufen m\u00f6chten und erleichtert die Ermittlung eines fairen Ankaufspreises.<\/small>\n<\/div>\n<div class=\"col-12 col-md-6 text-center\">\n<i class=\"uak365icon far fa-handshake\"><\/i><br>\n<div class=\"ankaufschritte_title\">Angebot erhalten<\/div>\n<small>Wir unterbreiten Ihnen nach Erhalt der Informationen zur Uhr ein Angebot zum Ankauf. Offene Fragen kl\u00e4ren wir vorab.<\/small>\n<\/div>\n<\/div>\n\n\n<div class=\"row\">\n<div class=\"col-12 col-md-6 text-center\">\n<i class=\"uak365icon fas fa-truck-loading\"><\/i><br>\n<div class=\"ankaufschritte_title\">Uhr wird abgeholt<\/div>\n<small>Ein auf Werttransporte spezialisiertes Unternehmen holt die Uhr bei Ihnen ab. Mehr dazu erfahren Sie <a href=\"https:\/\/www.uhrenankauf365.de\/uhr-verkaufen\/ankauf-faq\/\">hier<\/a>.<\/small>\n<\/div>\n<div class=\"col-12 col-md-6 text-center\">\n<i class=\"uak365icon fas fa-euro-sign\"><\/i><br>\n<div class=\"ankaufschritte_title\">Geld erhalten<\/div>\n<small>Nach Pr\u00fcfung der Armbanduhr zahlen wir den vereinbarten Ankaufspreis zuverl\u00e4ssig und schnell auf Ihr Konto aus.\n<\/small>\n<\/div>\n<\/div>\n\n<\/div>\n\n\n<div class=\"wp-bootstrap-blocks-row row mt-4\">\n\t\n\n<div class=\"col-12 col-md-6\">\n\t\t\t\n\n<h2 class=\"wp-block-heading\" id=\"u23048-3\">Patek Philippe Nautilus verkaufen<\/h2>\n\n\n\n<p id=\"u23048-8\">Beliebte Klassiker unter den Uhrenmodellen von Patek Philippe sind Modelle aus der <a href=\"https:\/\/www.uhrenankauf365.de\/uhr-verkaufen\/patek-philippe-nautilus\/\">Nautilus-Serie<\/a>. Was zeichnet diese luxuri\u00f6sen Armbanduhren aus?<\/p>\n\n\n\n<ul class=\"wp-block-list\" id=\"u23048-22\">\n<li>Elegante, sportliche Optik<\/li>\n\n\n\n<li>Modelle in Edelstahl, ros\u00e9gold, wei\u00dfgold oder mehrfarbig<\/li>\n\n\n\n<li>L\u00fcnette mit abgerundeter, achteckiger Form<\/li>\n\n\n\n<li>Horizontal ausgerichtetes Pr\u00e4gedekor<\/li>\n\n\n\n<li>Geriffelte Oberfl\u00e4che<\/li>\n\n\n\n<li>Pr\u00e4zise Laufleistung<\/li>\n<\/ul>\n\n\t<\/div>\n\n\n\n<div class=\"col-12 col-md-6\">\n\t\t\t\n\n<figure class=\"wp-block-image size-large\"><a href=\"https:\/\/www.uhrenankauf365.de\/uhr-verkaufen\/patek-philippe-nautilus\/\"><img loading=\"lazy\" decoding=\"async\" width=\"572\" height=\"427\" src=\"https:\/\/www.uhrenankauf365.de\/uhr-verkaufen\/wp-content\/uploads\/2020\/12\/patek-nautilus-verkaufen.jpg\" alt=\"Patek Philippe Nautilus Ankauf\" class=\"wp-image-424\" srcset=\"https:\/\/www.uhrenankauf365.de\/uhr-verkaufen\/wp-content\/uploads\/2020\/12\/patek-nautilus-verkaufen.jpg 572w, https:\/\/www.uhrenankauf365.de\/uhr-verkaufen\/wp-content\/uploads\/2020\/12\/patek-nautilus-verkaufen-300x224.jpg 300w\" sizes=\"auto, (max-width: 572px) 100vw, 572px\" \/><\/a><\/figure>\n\n\t<\/div>\n\n<\/div>\n\n\n\n<p>Wir haben bereits viele Nautilus-Uhren angekauft und bieten Ihnen daher eine realistische, faire Einsch\u00e4tzung des Ankaufswertes. Je nach Uhr und deren Zustand schwankt der Wert nat\u00fcrlich. Um ein Angebot von uns \u00fcber den Ankauf Ihrer Patek Philippe Uhr zu erhalten, benutzen Sie am besten das <a href=\"https:\/\/www.uhrenankauf365.de\/uhr-verkaufen\/ankaufsformular\/\">Ankaufsformular<\/a>.<\/p>\n","protected":false},"excerpt":{"rendered":"<p>Jetzt Ihre Patek Philippe Uhr verkaufen Faktoren, die den Preis beim Patek Philippe Ankauf beeinflussen Gerne machen wir Ihnen einen fairen Ankaufspreis, wenn Sie Ihre Patek Philippe verkaufen m\u00f6chten. Zum Formular &#8222;Uhrenankauf&#8220; &gt; Wir haben bereits viele Nautilus-Uhren angekauft und bieten Ihnen daher eine realistische, faire Einsch\u00e4tzung des Ankaufswertes. Je nach Uhr und deren Zustand [&hellip;]<\/p>\n","protected":false},"author":1,"featured_media":0,"parent":0,"menu_order":0,"comment_status":"closed","ping_status":"closed","template":"","meta":{"footnotes":""},"class_list":["post-415","page","type-page","status-publish","hentry"],"yoast_head":"<!-- This site is optimized with the Yoast SEO plugin v27.3 - https:\/\/yoast.com\/product\/yoast-seo-wordpress\/ -->\n<title>Patek Philippe Uhren Ankauf online (seit 1998, fair und seri\u00f6s)<\/title>\n<meta name=\"description\" content=\"M\u00f6chten Sie eine Patek Philippe Uhr verkaufen? Wir sind bundesweit im Uhrenankauf t\u00e4tig. Jetzt Formular ausf\u00fcllen und Preis erfahren!\" \/>\n<meta name=\"robots\" content=\"index, follow, max-snippet:-1, max-image-preview:large, max-video-preview:-1\" \/>\n<link rel=\"canonical\" href=\"https:\/\/www.uhrenankauf365.de\/uhr-verkaufen\/patek_philippe\/\" \/>\n<meta property=\"og:locale\" content=\"de_DE\" \/>\n<meta property=\"og:type\" content=\"article\" \/>\n<meta property=\"og:title\" content=\"Patek Philippe Uhren Ankauf online (seit 1998, fair und seri\u00f6s)\" \/>\n<meta property=\"og:description\" content=\"M\u00f6chten Sie eine Patek Philippe Uhr verkaufen? Wir sind bundesweit im Uhrenankauf t\u00e4tig. Jetzt Formular ausf\u00fcllen und Preis erfahren!\" \/>\n<meta property=\"og:url\" content=\"https:\/\/www.uhrenankauf365.de\/uhr-verkaufen\/patek_philippe\/\" \/>\n<meta property=\"og:site_name\" content=\"Uhrenankauf 365\" \/>\n<meta property=\"article:modified_time\" content=\"2024-08-04T09:15:16+00:00\" \/>\n<meta property=\"og:image\" content=\"https:\/\/www.uhrenankauf365.de\/uhr-verkaufen\/wp-content\/uploads\/2020\/12\/patek_philippe_uhr_verkaufen.jpg\" \/>\n<meta name=\"twitter:card\" content=\"summary_large_image\" \/>\n<meta name=\"twitter:label1\" content=\"Gesch\u00e4tzte Lesezeit\" \/>\n\t<meta name=\"twitter:data1\" content=\"6\u00a0Minuten\" \/>\n<script type=\"application\/ld+json\" class=\"yoast-schema-graph\">{\"@context\":\"https:\\\/\\\/schema.org\",\"@graph\":[{\"@type\":\"WebPage\",\"@id\":\"https:\\\/\\\/www.uhrenankauf365.de\\\/uhr-verkaufen\\\/patek_philippe\\\/\",\"url\":\"https:\\\/\\\/www.uhrenankauf365.de\\\/uhr-verkaufen\\\/patek_philippe\\\/\",\"name\":\"Patek Philippe Uhren Ankauf online (seit 1998, fair und seri\u00f6s)\",\"isPartOf\":{\"@id\":\"https:\\\/\\\/www.uhrenankauf365.de\\\/uhr-verkaufen\\\/#website\"},\"primaryImageOfPage\":{\"@id\":\"https:\\\/\\\/www.uhrenankauf365.de\\\/uhr-verkaufen\\\/patek_philippe\\\/#primaryimage\"},\"image\":{\"@id\":\"https:\\\/\\\/www.uhrenankauf365.de\\\/uhr-verkaufen\\\/patek_philippe\\\/#primaryimage\"},\"thumbnailUrl\":\"https:\\\/\\\/www.uhrenankauf365.de\\\/uhr-verkaufen\\\/wp-content\\\/uploads\\\/2020\\\/12\\\/patek_philippe_uhr_verkaufen.jpg\",\"datePublished\":\"2020-12-04T17:18:28+00:00\",\"dateModified\":\"2024-08-04T09:15:16+00:00\",\"description\":\"M\u00f6chten Sie eine Patek Philippe Uhr verkaufen? Wir sind bundesweit im Uhrenankauf t\u00e4tig. Jetzt Formular ausf\u00fcllen und Preis erfahren!\",\"breadcrumb\":{\"@id\":\"https:\\\/\\\/www.uhrenankauf365.de\\\/uhr-verkaufen\\\/patek_philippe\\\/#breadcrumb\"},\"inLanguage\":\"de\",\"potentialAction\":[{\"@type\":\"ReadAction\",\"target\":[\"https:\\\/\\\/www.uhrenankauf365.de\\\/uhr-verkaufen\\\/patek_philippe\\\/\"]}]},{\"@type\":\"ImageObject\",\"inLanguage\":\"de\",\"@id\":\"https:\\\/\\\/www.uhrenankauf365.de\\\/uhr-verkaufen\\\/patek_philippe\\\/#primaryimage\",\"url\":\"https:\\\/\\\/www.uhrenankauf365.de\\\/uhr-verkaufen\\\/wp-content\\\/uploads\\\/2020\\\/12\\\/patek_philippe_uhr_verkaufen.jpg\",\"contentUrl\":\"https:\\\/\\\/www.uhrenankauf365.de\\\/uhr-verkaufen\\\/wp-content\\\/uploads\\\/2020\\\/12\\\/patek_philippe_uhr_verkaufen.jpg\",\"width\":580,\"height\":400},{\"@type\":\"BreadcrumbList\",\"@id\":\"https:\\\/\\\/www.uhrenankauf365.de\\\/uhr-verkaufen\\\/patek_philippe\\\/#breadcrumb\",\"itemListElement\":[{\"@type\":\"ListItem\",\"position\":1,\"name\":\"Startseite\",\"item\":\"https:\\\/\\\/www.uhrenankauf365.de\\\/uhr-verkaufen\\\/\"},{\"@type\":\"ListItem\",\"position\":2,\"name\":\"Patek Philippe Ankauf\"}]},{\"@type\":\"WebSite\",\"@id\":\"https:\\\/\\\/www.uhrenankauf365.de\\\/uhr-verkaufen\\\/#website\",\"url\":\"https:\\\/\\\/www.uhrenankauf365.de\\\/uhr-verkaufen\\\/\",\"name\":\"Uhrenankauf 365\",\"description\":\"Jetzt Ihre Luxusuhr verkaufen!\",\"publisher\":{\"@id\":\"https:\\\/\\\/www.uhrenankauf365.de\\\/uhr-verkaufen\\\/#organization\"},\"potentialAction\":[{\"@type\":\"SearchAction\",\"target\":{\"@type\":\"EntryPoint\",\"urlTemplate\":\"https:\\\/\\\/www.uhrenankauf365.de\\\/uhr-verkaufen\\\/?s={search_term_string}\"},\"query-input\":{\"@type\":\"PropertyValueSpecification\",\"valueRequired\":true,\"valueName\":\"search_term_string\"}}],\"inLanguage\":\"de\"},{\"@type\":\"Organization\",\"@id\":\"https:\\\/\\\/www.uhrenankauf365.de\\\/uhr-verkaufen\\\/#organization\",\"name\":\"uhrenankauf365.de, Anke Michels\",\"url\":\"https:\\\/\\\/www.uhrenankauf365.de\\\/uhr-verkaufen\\\/\",\"logo\":{\"@type\":\"ImageObject\",\"inLanguage\":\"de\",\"@id\":\"https:\\\/\\\/www.uhrenankauf365.de\\\/uhr-verkaufen\\\/#\\\/schema\\\/logo\\\/image\\\/\",\"url\":\"https:\\\/\\\/www.uhrenankauf365.de\\\/uhr-verkaufen\\\/wp-content\\\/uploads\\\/2020\\\/11\\\/logo_uhrenankauf.png\",\"contentUrl\":\"https:\\\/\\\/www.uhrenankauf365.de\\\/uhr-verkaufen\\\/wp-content\\\/uploads\\\/2020\\\/11\\\/logo_uhrenankauf.png\",\"width\":98,\"height\":100,\"caption\":\"uhrenankauf365.de, Anke Michels\"},\"image\":{\"@id\":\"https:\\\/\\\/www.uhrenankauf365.de\\\/uhr-verkaufen\\\/#\\\/schema\\\/logo\\\/image\\\/\"}}]}<\/script>\n<!-- \/ Yoast SEO plugin. -->","yoast_head_json":{"title":"Patek Philippe Uhren Ankauf online (seit 1998, fair und seri\u00f6s)","description":"M\u00f6chten Sie eine Patek Philippe Uhr verkaufen? Wir sind bundesweit im Uhrenankauf t\u00e4tig. Jetzt Formular ausf\u00fcllen und Preis erfahren!","robots":{"index":"index","follow":"follow","max-snippet":"max-snippet:-1","max-image-preview":"max-image-preview:large","max-video-preview":"max-video-preview:-1"},"canonical":"https:\/\/www.uhrenankauf365.de\/uhr-verkaufen\/patek_philippe\/","og_locale":"de_DE","og_type":"article","og_title":"Patek Philippe Uhren Ankauf online (seit 1998, fair und seri\u00f6s)","og_description":"M\u00f6chten Sie eine Patek Philippe Uhr verkaufen? Wir sind bundesweit im Uhrenankauf t\u00e4tig. Jetzt Formular ausf\u00fcllen und Preis erfahren!","og_url":"https:\/\/www.uhrenankauf365.de\/uhr-verkaufen\/patek_philippe\/","og_site_name":"Uhrenankauf 365","article_modified_time":"2024-08-04T09:15:16+00:00","og_image":[{"url":"https:\/\/www.uhrenankauf365.de\/uhr-verkaufen\/wp-content\/uploads\/2020\/12\/patek_philippe_uhr_verkaufen.jpg","type":"","width":"","height":""}],"twitter_card":"summary_large_image","twitter_misc":{"Gesch\u00e4tzte Lesezeit":"6\u00a0Minuten"},"schema":{"@context":"https:\/\/schema.org","@graph":[{"@type":"WebPage","@id":"https:\/\/www.uhrenankauf365.de\/uhr-verkaufen\/patek_philippe\/","url":"https:\/\/www.uhrenankauf365.de\/uhr-verkaufen\/patek_philippe\/","name":"Patek Philippe Uhren Ankauf online (seit 1998, fair und seri\u00f6s)","isPartOf":{"@id":"https:\/\/www.uhrenankauf365.de\/uhr-verkaufen\/#website"},"primaryImageOfPage":{"@id":"https:\/\/www.uhrenankauf365.de\/uhr-verkaufen\/patek_philippe\/#primaryimage"},"image":{"@id":"https:\/\/www.uhrenankauf365.de\/uhr-verkaufen\/patek_philippe\/#primaryimage"},"thumbnailUrl":"https:\/\/www.uhrenankauf365.de\/uhr-verkaufen\/wp-content\/uploads\/2020\/12\/patek_philippe_uhr_verkaufen.jpg","datePublished":"2020-12-04T17:18:28+00:00","dateModified":"2024-08-04T09:15:16+00:00","description":"M\u00f6chten Sie eine Patek Philippe Uhr verkaufen? Wir sind bundesweit im Uhrenankauf t\u00e4tig. Jetzt Formular ausf\u00fcllen und Preis erfahren!","breadcrumb":{"@id":"https:\/\/www.uhrenankauf365.de\/uhr-verkaufen\/patek_philippe\/#breadcrumb"},"inLanguage":"de","potentialAction":[{"@type":"ReadAction","target":["https:\/\/www.uhrenankauf365.de\/uhr-verkaufen\/patek_philippe\/"]}]},{"@type":"ImageObject","inLanguage":"de","@id":"https:\/\/www.uhrenankauf365.de\/uhr-verkaufen\/patek_philippe\/#primaryimage","url":"https:\/\/www.uhrenankauf365.de\/uhr-verkaufen\/wp-content\/uploads\/2020\/12\/patek_philippe_uhr_verkaufen.jpg","contentUrl":"https:\/\/www.uhrenankauf365.de\/uhr-verkaufen\/wp-content\/uploads\/2020\/12\/patek_philippe_uhr_verkaufen.jpg","width":580,"height":400},{"@type":"BreadcrumbList","@id":"https:\/\/www.uhrenankauf365.de\/uhr-verkaufen\/patek_philippe\/#breadcrumb","itemListElement":[{"@type":"ListItem","position":1,"name":"Startseite","item":"https:\/\/www.uhrenankauf365.de\/uhr-verkaufen\/"},{"@type":"ListItem","position":2,"name":"Patek Philippe Ankauf"}]},{"@type":"WebSite","@id":"https:\/\/www.uhrenankauf365.de\/uhr-verkaufen\/#website","url":"https:\/\/www.uhrenankauf365.de\/uhr-verkaufen\/","name":"Uhrenankauf 365","description":"Jetzt Ihre Luxusuhr verkaufen!","publisher":{"@id":"https:\/\/www.uhrenankauf365.de\/uhr-verkaufen\/#organization"},"potentialAction":[{"@type":"SearchAction","target":{"@type":"EntryPoint","urlTemplate":"https:\/\/www.uhrenankauf365.de\/uhr-verkaufen\/?s={search_term_string}"},"query-input":{"@type":"PropertyValueSpecification","valueRequired":true,"valueName":"search_term_string"}}],"inLanguage":"de"},{"@type":"Organization","@id":"https:\/\/www.uhrenankauf365.de\/uhr-verkaufen\/#organization","name":"uhrenankauf365.de, Anke Michels","url":"https:\/\/www.uhrenankauf365.de\/uhr-verkaufen\/","logo":{"@type":"ImageObject","inLanguage":"de","@id":"https:\/\/www.uhrenankauf365.de\/uhr-verkaufen\/#\/schema\/logo\/image\/","url":"https:\/\/www.uhrenankauf365.de\/uhr-verkaufen\/wp-content\/uploads\/2020\/11\/logo_uhrenankauf.png","contentUrl":"https:\/\/www.uhrenankauf365.de\/uhr-verkaufen\/wp-content\/uploads\/2020\/11\/logo_uhrenankauf.png","width":98,"height":100,"caption":"uhrenankauf365.de, Anke Michels"},"image":{"@id":"https:\/\/www.uhrenankauf365.de\/uhr-verkaufen\/#\/schema\/logo\/image\/"}}]}},"_links":{"self":[{"href":"https:\/\/www.uhrenankauf365.de\/uhr-verkaufen\/wp-json\/wp\/v2\/pages\/415","targetHints":{"allow":["GET"]}}],"collection":[{"href":"https:\/\/www.uhrenankauf365.de\/uhr-verkaufen\/wp-json\/wp\/v2\/pages"}],"about":[{"href":"https:\/\/www.uhrenankauf365.de\/uhr-verkaufen\/wp-json\/wp\/v2\/types\/page"}],"author":[{"embeddable":true,"href":"https:\/\/www.uhrenankauf365.de\/uhr-verkaufen\/wp-json\/wp\/v2\/users\/1"}],"replies":[{"embeddable":true,"href":"https:\/\/www.uhrenankauf365.de\/uhr-verkaufen\/wp-json\/wp\/v2\/comments?post=415"}],"version-history":[{"count":15,"href":"https:\/\/www.uhrenankauf365.de\/uhr-verkaufen\/wp-json\/wp\/v2\/pages\/415\/revisions"}],"predecessor-version":[{"id":1892,"href":"https:\/\/www.uhrenankauf365.de\/uhr-verkaufen\/wp-json\/wp\/v2\/pages\/415\/revisions\/1892"}],"wp:attachment":[{"href":"https:\/\/www.uhrenankauf365.de\/uhr-verkaufen\/wp-json\/wp\/v2\/media?parent=415"}],"curies":[{"name":"wp","href":"https:\/\/api.w.org\/{rel}","templated":true}]}}