{"id":399,"date":"2020-12-03T19:49:37","date_gmt":"2020-12-03T18:49:37","guid":{"rendered":"https:\/\/www.uhrenankauf365.de\/uhr-verkaufen\/?page_id=399"},"modified":"2024-08-04T11:14:03","modified_gmt":"2024-08-04T09:14:03","slug":"omega","status":"publish","type":"page","link":"https:\/\/www.uhrenankauf365.de\/uhr-verkaufen\/omega\/","title":{"rendered":"Omega Uhren Ankauf &#8211; verkaufen Sie hier Ihre Omega Luxusuhr!"},"content":{"rendered":"<div class=\"wp-bootstrap-blocks-row row\">\n\t\n\n<div class=\"col-12 col-md-6\">\n\t\t\t\n\n<h2 class=\"wp-block-heading\" id=\"u1361-2\">M\u00f6chten Sie Ihre <strong>Omega Uhr verkaufen<\/strong>?<\/h2>\n\n\n\n<p id=\"u1669-7\">Die Aktiengesellschaft Omega S.A. ist inzwischen eine Tochtergesellschaft der Swatch Group und hat ihren Sitz in Biel\/Bienne in der Schweiz. Hier werden die edlen Uhren seit Ende des 19. Jahrhunderts gefertigt.<\/p>\n\n\n\n<p id=\"u1669-12\">Wussten Sie, warum man sich f\u00fcr den Namen <strong>Omega <\/strong>entschied? Es handelt sich um den letzten Buchstaben des griechischen Alphabets (\u03a9), womit man soviel wie &#8222;Vollendung&#8220; ausdr\u00fccken wollte. Man w\u00e4hlte den Namen, um die hohe Qualit\u00e4t der Uhren zu betonen.<\/p>\n\n\n\n<p id=\"u1669-15\">Anfang des zwanzigsten Jahrhunderts entwickelte man bei Omega Uhren f\u00fcr besondere Einsatzbereiche, um sich vom Wettbewerb abzuheben. Hierzu z\u00e4hlten Sportuhren, Fliegeruhren sowie Uhren, die f\u00fcr Taucher geeignet waren.<\/p>\n\n\n\n<p id=\"u1669-21\">M\u00f6chten Sie eine Omega-Uhr verkaufen? Am einfachsten k\u00f6nnen Sie das <a href=\"https:\/\/www.uhrenankauf365.de\/uhr-verkaufen\/ankaufsformular\/\">Formular &#8222;Uhrenankauf&#8220;<\/a> nutzen, um uns Ihre Uhr anzubieten.<\/p>\n\n\t<\/div>\n\n\n\n<div class=\"col-12 col-md-6\">\n\t\t\t\n\n<h2 class=\"wp-block-heading\" id=\"u1370-2\">Seamaster, Speedmaster, Constellation, &#8230;<\/h2>\n\n\n\n<p id=\"u1670-5\">&#8230;sind nur einige der von Omega entwickelten Uhren, die Weltber\u00fchmtheit erlangt haben. Durch cleveres Marketing gelang es dem Hersteller, seine Luxusuhren einem breiten Publikum vorzustellen. So wurden zum Beispiel mehrere Modelle der Speedmaster dem Rennfahrer Michael Schumacher gewidmet.<\/p>\n\n\n\n<p id=\"u1670-9\">Auch durch die Olympischen Sommerspiele (1932, Los Angeles) wurde die Marke bekannter, denn hier war Omega offizieller Zeitnehmer f\u00fcr die Spiele. In den folgenden Jahren entwickelte man immer genauere und erstmals auch elektrische Instrumente zur Zeitmessung. Wir sind am <strong>Ankauf von Omega-Uhren<\/strong> interessiert, da wir seit 1998 im Handel mit Luxusuhren t\u00e4tig sind.<\/p>\n\n\t<\/div>\n\n<\/div>\n\n\n<div class=\"wp-bootstrap-blocks-container container mb-5 uak_heller_hintergrund_line_height_normal text-center p-4 mt-4\">\n\t\n\n<h3 class=\"wp-block-heading\" id=\"u1363-2\">Wir kaufen Uhren von Omega!<\/h3>\n\n\n\n<p id=\"u1363-4\"><strong>Profitieren Sie&nbsp; von unserer jahrzehntelangen Erfahrung im Uhrenhandel!<\/strong><\/p>\n\n\n\n<p><a class=\"btn btn-primary btn-lg\" href=\"https:\/\/www.uhrenankauf365.de\/uhr-verkaufen\/ankaufsformular\/\">Zum Ankaufsformular<\/a><\/p>\n\n<\/div>\n\n\n<div class=\"wp-bootstrap-blocks-row row\">\n\t\n\n<div class=\"col-12 col-md-6\">\n\t\t\t\n\n<h3 class=\"wp-block-heading\" id=\"u1376-2\">Ein Beispiel aus unserem <strong>Ankauf von Omega Uhren<\/strong><\/h3>\n\n\n\n<p id=\"u1705-6\">Diese &#8222;bullige&#8220; Seamaster von Omega wird ihrem Namen gerecht. Der Bullhead Chronograph in Stahl, hier mit originalem Omega Stahlband, ist ausgestattet mit einem Kaliber 930 Handaufzug und bietet eine Gangreserve von ca. 42 Stunden.<\/p>\n\n\t<\/div>\n\n\n\n<div class=\"col-12 col-md-6\">\n\t\t\t\n\n<figure class=\"wp-block-image size-large img-fluid\"><img loading=\"lazy\" decoding=\"async\" width=\"600\" height=\"400\" src=\"https:\/\/www.uhrenankauf365.de\/uhr-verkaufen\/wp-content\/uploads\/2020\/12\/omega_uhr_verkaufen.jpg\" alt=\"Omega Uhr auf einer Lederhose\" class=\"wp-image-400\" srcset=\"https:\/\/www.uhrenankauf365.de\/uhr-verkaufen\/wp-content\/uploads\/2020\/12\/omega_uhr_verkaufen.jpg 600w, https:\/\/www.uhrenankauf365.de\/uhr-verkaufen\/wp-content\/uploads\/2020\/12\/omega_uhr_verkaufen-300x200.jpg 300w\" sizes=\"auto, (max-width: 600px) 100vw, 600px\" \/><\/figure>\n\n\t<\/div>\n\n<\/div>\n\n\n\n<p>Da von dieser Omega Uhr nur ca. 600 St\u00fcck produziert wurden, handelt es sich um eine Sammlerrarit\u00e4t, an deren Ankauf wir gro\u00dfes Interesse haben. Wenn sich dieses (oder auch ein anderes Modell von Omega) in Ihrem Besitz befindet, machen wir Ihnen gerne ein Angebot \u00fcber einen Ankauf.<\/p>\n\n\n\n<p>Benutzen Sie einfach das <a href=\"https:\/\/www.uhrenankauf365.de\/uhr-verkaufen\/ankaufsformular\/\">Formular &#8222;Uhrenankauf&#8220;<\/a>, um uns alle Informationen zu senden. Im Anschluss erhalten Sie von uns eine R\u00fcckmeldung zum angebotenen Artikel und bei Einigung nat\u00fcrlich eine schnelle Auszahlung per \u00dcberweisung oder (bei Abwicklung in unserem B\u00fcro in Oberpframmern bei M\u00fcnchen) Bargeld-Auszahlung.<\/p>\n\n\n\n<div class=\"container p-4 uak_heller_hintergrund\">\n<div class=\"row mb-4\">\n<div class=\"col-12 col-md-6 text-center\">\n<i class=\"uak365icon fas fa-file-alt\"><\/i><br>\n<div class=\"ankaufschritte_title\">Formular ausf\u00fcllen<\/div>\n<small>Das <a href=\"https:\/\/www.uhrenankauf365.de\/uhr-verkaufen\/ankaufsformular\/\" title=\"Ankaufsformular Uhren\">Ankaufsformular<\/a> erfasst alle wichtigen Angaben zur Armbanduhr, die Sie verkaufen m\u00f6chten und erleichtert die Ermittlung eines fairen Ankaufspreises.<\/small>\n<\/div>\n<div class=\"col-12 col-md-6 text-center\">\n<i class=\"uak365icon far fa-handshake\"><\/i><br>\n<div class=\"ankaufschritte_title\">Angebot erhalten<\/div>\n<small>Wir unterbreiten Ihnen nach Erhalt der Informationen zur Uhr ein Angebot zum Ankauf. Offene Fragen kl\u00e4ren wir vorab.<\/small>\n<\/div>\n<\/div>\n\n\n<div class=\"row\">\n<div class=\"col-12 col-md-6 text-center\">\n<i class=\"uak365icon fas fa-truck-loading\"><\/i><br>\n<div class=\"ankaufschritte_title\">Uhr wird abgeholt<\/div>\n<small>Ein auf Werttransporte spezialisiertes Unternehmen holt die Uhr bei Ihnen ab. Mehr dazu erfahren Sie <a href=\"https:\/\/www.uhrenankauf365.de\/uhr-verkaufen\/ankauf-faq\/\">hier<\/a>.<\/small>\n<\/div>\n<div class=\"col-12 col-md-6 text-center\">\n<i class=\"uak365icon fas fa-euro-sign\"><\/i><br>\n<div class=\"ankaufschritte_title\">Geld erhalten<\/div>\n<small>Nach Pr\u00fcfung der Armbanduhr zahlen wir den vereinbarten Ankaufspreis zuverl\u00e4ssig und schnell auf Ihr Konto aus.\n<\/small>\n<\/div>\n<\/div>\n\n<\/div>\n","protected":false},"excerpt":{"rendered":"<p>Da von dieser Omega Uhr nur ca. 600 St\u00fcck produziert wurden, handelt es sich um eine Sammlerrarit\u00e4t, an deren Ankauf wir gro\u00dfes Interesse haben. Wenn sich dieses (oder auch ein anderes Modell von Omega) in Ihrem Besitz befindet, machen wir Ihnen gerne ein Angebot \u00fcber einen Ankauf. Benutzen Sie einfach das Formular &#8222;Uhrenankauf&#8220;, um uns [&hellip;]<\/p>\n","protected":false},"author":1,"featured_media":0,"parent":0,"menu_order":0,"comment_status":"closed","ping_status":"closed","template":"","meta":{"footnotes":""},"class_list":["post-399","page","type-page","status-publish","hentry"],"yoast_head":"<!-- This site is optimized with the Yoast SEO plugin v27.3 - https:\/\/yoast.com\/product\/yoast-seo-wordpress\/ -->\n<title>Omega Uhren Ankauf - verkaufen Sie hier Ihre Omega Luxusuhr!<\/title>\n<meta name=\"description\" content=\"M\u00f6chten Sie Ihre Omega-Uhr verkaufen? Unser Uhrenankauf-Service holt Ihre gebrauchte Uhr bundesweit ab. Faire Preise, schnelle Auszahlung.\" \/>\n<meta name=\"robots\" content=\"index, follow, max-snippet:-1, max-image-preview:large, max-video-preview:-1\" \/>\n<link rel=\"canonical\" href=\"https:\/\/www.uhrenankauf365.de\/uhr-verkaufen\/omega\/\" \/>\n<meta property=\"og:locale\" content=\"de_DE\" \/>\n<meta property=\"og:type\" content=\"article\" \/>\n<meta property=\"og:title\" content=\"Omega Uhren Ankauf - verkaufen Sie hier Ihre Omega Luxusuhr!\" \/>\n<meta property=\"og:description\" content=\"M\u00f6chten Sie Ihre Omega-Uhr verkaufen? Unser Uhrenankauf-Service holt Ihre gebrauchte Uhr bundesweit ab. Faire Preise, schnelle Auszahlung.\" \/>\n<meta property=\"og:url\" content=\"https:\/\/www.uhrenankauf365.de\/uhr-verkaufen\/omega\/\" \/>\n<meta property=\"og:site_name\" content=\"Uhrenankauf 365\" \/>\n<meta property=\"article:modified_time\" content=\"2024-08-04T09:14:03+00:00\" \/>\n<meta property=\"og:image\" content=\"https:\/\/www.uhrenankauf365.de\/uhr-verkaufen\/wp-content\/uploads\/2020\/12\/omega_uhr_verkaufen.jpg\" \/>\n<meta name=\"twitter:card\" content=\"summary_large_image\" \/>\n<meta name=\"twitter:label1\" content=\"Gesch\u00e4tzte Lesezeit\" \/>\n\t<meta name=\"twitter:data1\" content=\"5\u00a0Minuten\" \/>\n<script type=\"application\/ld+json\" class=\"yoast-schema-graph\">{\"@context\":\"https:\\\/\\\/schema.org\",\"@graph\":[{\"@type\":\"WebPage\",\"@id\":\"https:\\\/\\\/www.uhrenankauf365.de\\\/uhr-verkaufen\\\/omega\\\/\",\"url\":\"https:\\\/\\\/www.uhrenankauf365.de\\\/uhr-verkaufen\\\/omega\\\/\",\"name\":\"Omega Uhren Ankauf - verkaufen Sie hier Ihre Omega Luxusuhr!\",\"isPartOf\":{\"@id\":\"https:\\\/\\\/www.uhrenankauf365.de\\\/uhr-verkaufen\\\/#website\"},\"primaryImageOfPage\":{\"@id\":\"https:\\\/\\\/www.uhrenankauf365.de\\\/uhr-verkaufen\\\/omega\\\/#primaryimage\"},\"image\":{\"@id\":\"https:\\\/\\\/www.uhrenankauf365.de\\\/uhr-verkaufen\\\/omega\\\/#primaryimage\"},\"thumbnailUrl\":\"https:\\\/\\\/www.uhrenankauf365.de\\\/uhr-verkaufen\\\/wp-content\\\/uploads\\\/2020\\\/12\\\/omega_uhr_verkaufen.jpg\",\"datePublished\":\"2020-12-03T18:49:37+00:00\",\"dateModified\":\"2024-08-04T09:14:03+00:00\",\"description\":\"M\u00f6chten Sie Ihre Omega-Uhr verkaufen? Unser Uhrenankauf-Service holt Ihre gebrauchte Uhr bundesweit ab. Faire Preise, schnelle Auszahlung.\",\"breadcrumb\":{\"@id\":\"https:\\\/\\\/www.uhrenankauf365.de\\\/uhr-verkaufen\\\/omega\\\/#breadcrumb\"},\"inLanguage\":\"de\",\"potentialAction\":[{\"@type\":\"ReadAction\",\"target\":[\"https:\\\/\\\/www.uhrenankauf365.de\\\/uhr-verkaufen\\\/omega\\\/\"]}]},{\"@type\":\"ImageObject\",\"inLanguage\":\"de\",\"@id\":\"https:\\\/\\\/www.uhrenankauf365.de\\\/uhr-verkaufen\\\/omega\\\/#primaryimage\",\"url\":\"https:\\\/\\\/www.uhrenankauf365.de\\\/uhr-verkaufen\\\/wp-content\\\/uploads\\\/2020\\\/12\\\/omega_uhr_verkaufen.jpg\",\"contentUrl\":\"https:\\\/\\\/www.uhrenankauf365.de\\\/uhr-verkaufen\\\/wp-content\\\/uploads\\\/2020\\\/12\\\/omega_uhr_verkaufen.jpg\",\"width\":600,\"height\":400},{\"@type\":\"BreadcrumbList\",\"@id\":\"https:\\\/\\\/www.uhrenankauf365.de\\\/uhr-verkaufen\\\/omega\\\/#breadcrumb\",\"itemListElement\":[{\"@type\":\"ListItem\",\"position\":1,\"name\":\"Startseite\",\"item\":\"https:\\\/\\\/www.uhrenankauf365.de\\\/uhr-verkaufen\\\/\"},{\"@type\":\"ListItem\",\"position\":2,\"name\":\"Omega Uhren Ankauf &#8211; verkaufen Sie hier Ihre Omega Luxusuhr!\"}]},{\"@type\":\"WebSite\",\"@id\":\"https:\\\/\\\/www.uhrenankauf365.de\\\/uhr-verkaufen\\\/#website\",\"url\":\"https:\\\/\\\/www.uhrenankauf365.de\\\/uhr-verkaufen\\\/\",\"name\":\"Uhrenankauf 365\",\"description\":\"Jetzt Ihre Luxusuhr verkaufen!\",\"publisher\":{\"@id\":\"https:\\\/\\\/www.uhrenankauf365.de\\\/uhr-verkaufen\\\/#organization\"},\"potentialAction\":[{\"@type\":\"SearchAction\",\"target\":{\"@type\":\"EntryPoint\",\"urlTemplate\":\"https:\\\/\\\/www.uhrenankauf365.de\\\/uhr-verkaufen\\\/?s={search_term_string}\"},\"query-input\":{\"@type\":\"PropertyValueSpecification\",\"valueRequired\":true,\"valueName\":\"search_term_string\"}}],\"inLanguage\":\"de\"},{\"@type\":\"Organization\",\"@id\":\"https:\\\/\\\/www.uhrenankauf365.de\\\/uhr-verkaufen\\\/#organization\",\"name\":\"uhrenankauf365.de, Anke Michels\",\"url\":\"https:\\\/\\\/www.uhrenankauf365.de\\\/uhr-verkaufen\\\/\",\"logo\":{\"@type\":\"ImageObject\",\"inLanguage\":\"de\",\"@id\":\"https:\\\/\\\/www.uhrenankauf365.de\\\/uhr-verkaufen\\\/#\\\/schema\\\/logo\\\/image\\\/\",\"url\":\"https:\\\/\\\/www.uhrenankauf365.de\\\/uhr-verkaufen\\\/wp-content\\\/uploads\\\/2020\\\/11\\\/logo_uhrenankauf.png\",\"contentUrl\":\"https:\\\/\\\/www.uhrenankauf365.de\\\/uhr-verkaufen\\\/wp-content\\\/uploads\\\/2020\\\/11\\\/logo_uhrenankauf.png\",\"width\":98,\"height\":100,\"caption\":\"uhrenankauf365.de, Anke Michels\"},\"image\":{\"@id\":\"https:\\\/\\\/www.uhrenankauf365.de\\\/uhr-verkaufen\\\/#\\\/schema\\\/logo\\\/image\\\/\"}}]}<\/script>\n<!-- \/ Yoast SEO plugin. -->","yoast_head_json":{"title":"Omega Uhren Ankauf - verkaufen Sie hier Ihre Omega Luxusuhr!","description":"M\u00f6chten Sie Ihre Omega-Uhr verkaufen? Unser Uhrenankauf-Service holt Ihre gebrauchte Uhr bundesweit ab. Faire Preise, schnelle Auszahlung.","robots":{"index":"index","follow":"follow","max-snippet":"max-snippet:-1","max-image-preview":"max-image-preview:large","max-video-preview":"max-video-preview:-1"},"canonical":"https:\/\/www.uhrenankauf365.de\/uhr-verkaufen\/omega\/","og_locale":"de_DE","og_type":"article","og_title":"Omega Uhren Ankauf - verkaufen Sie hier Ihre Omega Luxusuhr!","og_description":"M\u00f6chten Sie Ihre Omega-Uhr verkaufen? Unser Uhrenankauf-Service holt Ihre gebrauchte Uhr bundesweit ab. Faire Preise, schnelle Auszahlung.","og_url":"https:\/\/www.uhrenankauf365.de\/uhr-verkaufen\/omega\/","og_site_name":"Uhrenankauf 365","article_modified_time":"2024-08-04T09:14:03+00:00","og_image":[{"url":"https:\/\/www.uhrenankauf365.de\/uhr-verkaufen\/wp-content\/uploads\/2020\/12\/omega_uhr_verkaufen.jpg","type":"","width":"","height":""}],"twitter_card":"summary_large_image","twitter_misc":{"Gesch\u00e4tzte Lesezeit":"5\u00a0Minuten"},"schema":{"@context":"https:\/\/schema.org","@graph":[{"@type":"WebPage","@id":"https:\/\/www.uhrenankauf365.de\/uhr-verkaufen\/omega\/","url":"https:\/\/www.uhrenankauf365.de\/uhr-verkaufen\/omega\/","name":"Omega Uhren Ankauf - verkaufen Sie hier Ihre Omega Luxusuhr!","isPartOf":{"@id":"https:\/\/www.uhrenankauf365.de\/uhr-verkaufen\/#website"},"primaryImageOfPage":{"@id":"https:\/\/www.uhrenankauf365.de\/uhr-verkaufen\/omega\/#primaryimage"},"image":{"@id":"https:\/\/www.uhrenankauf365.de\/uhr-verkaufen\/omega\/#primaryimage"},"thumbnailUrl":"https:\/\/www.uhrenankauf365.de\/uhr-verkaufen\/wp-content\/uploads\/2020\/12\/omega_uhr_verkaufen.jpg","datePublished":"2020-12-03T18:49:37+00:00","dateModified":"2024-08-04T09:14:03+00:00","description":"M\u00f6chten Sie Ihre Omega-Uhr verkaufen? Unser Uhrenankauf-Service holt Ihre gebrauchte Uhr bundesweit ab. Faire Preise, schnelle Auszahlung.","breadcrumb":{"@id":"https:\/\/www.uhrenankauf365.de\/uhr-verkaufen\/omega\/#breadcrumb"},"inLanguage":"de","potentialAction":[{"@type":"ReadAction","target":["https:\/\/www.uhrenankauf365.de\/uhr-verkaufen\/omega\/"]}]},{"@type":"ImageObject","inLanguage":"de","@id":"https:\/\/www.uhrenankauf365.de\/uhr-verkaufen\/omega\/#primaryimage","url":"https:\/\/www.uhrenankauf365.de\/uhr-verkaufen\/wp-content\/uploads\/2020\/12\/omega_uhr_verkaufen.jpg","contentUrl":"https:\/\/www.uhrenankauf365.de\/uhr-verkaufen\/wp-content\/uploads\/2020\/12\/omega_uhr_verkaufen.jpg","width":600,"height":400},{"@type":"BreadcrumbList","@id":"https:\/\/www.uhrenankauf365.de\/uhr-verkaufen\/omega\/#breadcrumb","itemListElement":[{"@type":"ListItem","position":1,"name":"Startseite","item":"https:\/\/www.uhrenankauf365.de\/uhr-verkaufen\/"},{"@type":"ListItem","position":2,"name":"Omega Uhren Ankauf &#8211; verkaufen Sie hier Ihre Omega Luxusuhr!"}]},{"@type":"WebSite","@id":"https:\/\/www.uhrenankauf365.de\/uhr-verkaufen\/#website","url":"https:\/\/www.uhrenankauf365.de\/uhr-verkaufen\/","name":"Uhrenankauf 365","description":"Jetzt Ihre Luxusuhr verkaufen!","publisher":{"@id":"https:\/\/www.uhrenankauf365.de\/uhr-verkaufen\/#organization"},"potentialAction":[{"@type":"SearchAction","target":{"@type":"EntryPoint","urlTemplate":"https:\/\/www.uhrenankauf365.de\/uhr-verkaufen\/?s={search_term_string}"},"query-input":{"@type":"PropertyValueSpecification","valueRequired":true,"valueName":"search_term_string"}}],"inLanguage":"de"},{"@type":"Organization","@id":"https:\/\/www.uhrenankauf365.de\/uhr-verkaufen\/#organization","name":"uhrenankauf365.de, Anke Michels","url":"https:\/\/www.uhrenankauf365.de\/uhr-verkaufen\/","logo":{"@type":"ImageObject","inLanguage":"de","@id":"https:\/\/www.uhrenankauf365.de\/uhr-verkaufen\/#\/schema\/logo\/image\/","url":"https:\/\/www.uhrenankauf365.de\/uhr-verkaufen\/wp-content\/uploads\/2020\/11\/logo_uhrenankauf.png","contentUrl":"https:\/\/www.uhrenankauf365.de\/uhr-verkaufen\/wp-content\/uploads\/2020\/11\/logo_uhrenankauf.png","width":98,"height":100,"caption":"uhrenankauf365.de, Anke Michels"},"image":{"@id":"https:\/\/www.uhrenankauf365.de\/uhr-verkaufen\/#\/schema\/logo\/image\/"}}]}},"_links":{"self":[{"href":"https:\/\/www.uhrenankauf365.de\/uhr-verkaufen\/wp-json\/wp\/v2\/pages\/399","targetHints":{"allow":["GET"]}}],"collection":[{"href":"https:\/\/www.uhrenankauf365.de\/uhr-verkaufen\/wp-json\/wp\/v2\/pages"}],"about":[{"href":"https:\/\/www.uhrenankauf365.de\/uhr-verkaufen\/wp-json\/wp\/v2\/types\/page"}],"author":[{"embeddable":true,"href":"https:\/\/www.uhrenankauf365.de\/uhr-verkaufen\/wp-json\/wp\/v2\/users\/1"}],"replies":[{"embeddable":true,"href":"https:\/\/www.uhrenankauf365.de\/uhr-verkaufen\/wp-json\/wp\/v2\/comments?post=399"}],"version-history":[{"count":3,"href":"https:\/\/www.uhrenankauf365.de\/uhr-verkaufen\/wp-json\/wp\/v2\/pages\/399\/revisions"}],"predecessor-version":[{"id":1181,"href":"https:\/\/www.uhrenankauf365.de\/uhr-verkaufen\/wp-json\/wp\/v2\/pages\/399\/revisions\/1181"}],"wp:attachment":[{"href":"https:\/\/www.uhrenankauf365.de\/uhr-verkaufen\/wp-json\/wp\/v2\/media?parent=399"}],"curies":[{"name":"wp","href":"https:\/\/api.w.org\/{rel}","templated":true}]}}