{"id":384,"date":"2020-12-03T17:43:11","date_gmt":"2020-12-03T16:43:11","guid":{"rendered":"https:\/\/www.uhrenankauf365.de\/uhr-verkaufen\/?page_id=384"},"modified":"2024-08-04T11:12:59","modified_gmt":"2024-08-04T09:12:59","slug":"iwc","status":"publish","type":"page","link":"https:\/\/www.uhrenankauf365.de\/uhr-verkaufen\/iwc\/","title":{"rendered":"IWC Ankauf &#8211; hier k\u00f6nnen Sie Ihre IWC Uhr verkaufen."},"content":{"rendered":"<div class=\"wp-bootstrap-blocks-row row\">\n\t\n\n<div class=\"col-12 col-md-6\">\n\t\t\t\n\n<h2 class=\"wp-block-heading\" id=\"u1361-2\">IWC Uhr verkaufen<\/h2>\n\n\n\n<p id=\"u1361-11\">Der Name ist Programm: Die &#8222;<strong>International Watch Company<\/strong>&#8222;, kurz IWC, stellt luxuri\u00f6se <strong>Uhren <\/strong>her, die unter Sammlern sehr beliebt sind. Gegr\u00fcndet wurde IWC 1868 von Florentine Ariosto Jones. Und zwar nicht etwa in den USA, wo Jones herkam, sondern &#8211; wie Sie vielleicht bereits ahnen &#8211; in der Schweiz. Jones zog extra dorthin, um seinen Lebenstraum, die Gr\u00fcndung einer eigenen Uhrenmanufaktur, in die Tat umzusetzen. Im schweizerischen Schaffhausen fand er einen idealen Standort, um die Produktion hochwertiger Uhren zun\u00e4chst f\u00fcr den amerikanischen Markt zu etablieren. Dank der vorhandenen Gegebenheiten in Schaffhausen konnte er seine hochwertigen Maschinen mit Wasserkraft betreiben und den Anschluss an die Eisenbahn f\u00fcr den Versand der hergestellten Uhren nutzen.<\/p>\n\n\t<\/div>\n\n\n\n<div class=\"col-12 col-md-6\">\n\t\t\t\n\n<h2 class=\"wp-block-heading\" id=\"u1370-2\">Heute Richemont Gruppe<\/h2>\n\n\n\n<p id=\"u23465-5\">Leider erfuhr Jones bzw. seine Firma IWC bereits nach einigen Jahren Konkurs, was Jones dazu bewegte, in sein Heimatland zur\u00fcckzukehren.<\/p>\n\n\n\n<p id=\"u23465-7\">1888 erschien die erste Taschenuhr mit einer damals revolution\u00e4ren Sprungzifferanzeige, denn Jones&#8216; Unternehmen wurde 1880 an die industrielle Familie Rauschenbach verschrieben. Doch auch diese sollte das Unternehmen nicht lange im Besitz behalten. 1905 fand ein weiterer Besitzerwechsel statt, der nicht der letzte bleiben sollte.<\/p>\n\n\n\n<p id=\"u23465-9\">Heute ist IWC ein Teil der Richemont Gruppe, einem Schweizer Luxusg\u00fcterkonzern mit Sitz in Bellevue im Kanton Genf in der Schweiz. Damit ist IWC nun einem der gr\u00f6\u00dften Luxusg\u00fcterkonzernen weltweit zugeh\u00f6rig.<\/p>\n\n\t<\/div>\n\n<\/div>\n\n\n<div class=\"wp-bootstrap-blocks-container container mb-5 uak_heller_hintergrund_line_height_normal text-center p-4 mt-4\">\n\t\n\n<h3 class=\"wp-block-heading\" id=\"u1363-2\">Wir kaufen IWC Uhren!<\/h3>\n\n\n\n<p id=\"u1363-4\"><strong>Profitieren Sie&nbsp;von unserer jahrzehntelangen Erfahrung im Uhrenhandel!<\/strong><\/p>\n\n\n\n<p><a class=\"btn btn-primary btn-lg\" href=\"https:\/\/www.uhrenankauf365.de\/uhr-verkaufen\/ankaufsformular\/\">Zum Ankaufsformular<\/a><\/p>\n\n<\/div>\n\n\n<div class=\"wp-bootstrap-blocks-row row mb-4\">\n\t\n\n<div class=\"col-12 col-md-6\">\n\t\t\t\n\n<h3 class=\"wp-block-heading\" id=\"u1376-2\">Uhren f\u00fcr M\u00e4nner<\/h3>\n\n\n\n<p id=\"u1376-25\">1999 begann IWC damit, in ihren Werbekampagnen den maskulinen Charakter ihrer Uhren zu betonen, doch inzwischen werden bzw, sind die Uhren auch bei Frauen \u00e4u\u00dferst beliebt. Trotzdem bleibt das Unternehmen der eher &#8222;m\u00e4nnlichen Optik&#8220; treu und betont auf der eigenen Webseite den Schwerpunkt &#8222;Fliegeruhren&#8220;.<\/p>\n\n\t<\/div>\n\n\n\n<div class=\"col-12 col-md-6\">\n\t\t\t\n\n<figure class=\"wp-block-image size-large img-fluid\"><img loading=\"lazy\" decoding=\"async\" width=\"547\" height=\"345\" src=\"https:\/\/www.uhrenankauf365.de\/uhr-verkaufen\/wp-content\/uploads\/2020\/12\/iwc_uhr_verkaufen.jpg\" alt=\"Foto einer IWC Jumbo Ingenieur\" class=\"wp-image-385\" srcset=\"https:\/\/www.uhrenankauf365.de\/uhr-verkaufen\/wp-content\/uploads\/2020\/12\/iwc_uhr_verkaufen.jpg 547w, https:\/\/www.uhrenankauf365.de\/uhr-verkaufen\/wp-content\/uploads\/2020\/12\/iwc_uhr_verkaufen-300x189.jpg 300w\" sizes=\"auto, (max-width: 547px) 100vw, 547px\" \/><\/figure>\n\n\t<\/div>\n\n<\/div>\n\n\n\n<h2 class=\"wp-block-heading\" id=\"u23604-2\">Klassiker: IWC Schaffhausen &#8222;Jumbo&#8220; Ingenieur<\/h2>\n\n\n\n<p id=\"u23604-8\">Diese Uhr ist ein Klassiker von IWC: Die Vintage IWC Schaffhausen &#8222;Jumbo&#8220; <a href=\"https:\/\/www.uhrenankauf365.de\/uhr-verkaufen\/ankauf-von-iwc-ingenieur-luxusuhren\/\">Ingenieur<\/a> wurde von 1976-1984 mit der Referenz 1832 in Stahl produziert. Wenn Sie Ihr Exemplar ver\u00e4u\u00dfern m\u00f6chten, freuen wir uns auf Ihr Einsendung via <a href=\"https:\/\/www.uhrenankauf365.de\/uhr-verkaufen\/ankaufsformular\/\">Ankaufsformular<\/a>.<\/p>\n\n\n\n<p id=\"u23604-11\">Die Ingenieur zeichnet sich neben dem Stahlgeh\u00e4use aus durch ein amagnetisches Automatik-Kaliber 8541ES mit Pellaton-Aufzug und dem Stahl-Armband mit Faltschlie\u00dfe. Der Geh\u00e4usedurchmesser von 40 mm macht die Uhr zu einem treuen Begleiter an vielen Handgelenken. Weder besonders gro\u00df noch besonders klein passt die Jumbo Ingenieur sowohl zum Casual- als auch zum Business-Outfit und ist wegen der knappen Auflage von nur 543 Exemplaren (produziert in Stahl und Stahl\/Gold,&nbsp; ausverkauft im April 1984) in Sammlerkreisen sehr begehrt.<\/p>\n\n\n\n<div class=\"container p-4 uak_heller_hintergrund\">\n<div class=\"row mb-4\">\n<div class=\"col-12 col-md-6 text-center\">\n<i class=\"uak365icon fas fa-file-alt\"><\/i><br>\n<div class=\"ankaufschritte_title\">Formular ausf\u00fcllen<\/div>\n<small>Das <a href=\"https:\/\/www.uhrenankauf365.de\/uhr-verkaufen\/ankaufsformular\/\" title=\"Ankaufsformular Uhren\">Ankaufsformular<\/a> erfasst alle wichtigen Angaben zur Armbanduhr, die Sie verkaufen m\u00f6chten und erleichtert die Ermittlung eines fairen Ankaufspreises.<\/small>\n<\/div>\n<div class=\"col-12 col-md-6 text-center\">\n<i class=\"uak365icon far fa-handshake\"><\/i><br>\n<div class=\"ankaufschritte_title\">Angebot erhalten<\/div>\n<small>Wir unterbreiten Ihnen nach Erhalt der Informationen zur Uhr ein Angebot zum Ankauf. Offene Fragen kl\u00e4ren wir vorab.<\/small>\n<\/div>\n<\/div>\n\n\n<div class=\"row\">\n<div class=\"col-12 col-md-6 text-center\">\n<i class=\"uak365icon fas fa-truck-loading\"><\/i><br>\n<div class=\"ankaufschritte_title\">Uhr wird abgeholt<\/div>\n<small>Ein auf Werttransporte spezialisiertes Unternehmen holt die Uhr bei Ihnen ab. Mehr dazu erfahren Sie <a href=\"https:\/\/www.uhrenankauf365.de\/uhr-verkaufen\/ankauf-faq\/\">hier<\/a>.<\/small>\n<\/div>\n<div class=\"col-12 col-md-6 text-center\">\n<i class=\"uak365icon fas fa-euro-sign\"><\/i><br>\n<div class=\"ankaufschritte_title\">Geld erhalten<\/div>\n<small>Nach Pr\u00fcfung der Armbanduhr zahlen wir den vereinbarten Ankaufspreis zuverl\u00e4ssig und schnell auf Ihr Konto aus.\n<\/small>\n<\/div>\n<\/div>\n\n<\/div>\n","protected":false},"excerpt":{"rendered":"<p>Klassiker: IWC Schaffhausen &#8222;Jumbo&#8220; Ingenieur Diese Uhr ist ein Klassiker von IWC: Die Vintage IWC Schaffhausen &#8222;Jumbo&#8220; Ingenieur wurde von 1976-1984 mit der Referenz 1832 in Stahl produziert. Wenn Sie Ihr Exemplar ver\u00e4u\u00dfern m\u00f6chten, freuen wir uns auf Ihr Einsendung via Ankaufsformular. Die Ingenieur zeichnet sich neben dem Stahlgeh\u00e4use aus durch ein amagnetisches Automatik-Kaliber 8541ES [&hellip;]<\/p>\n","protected":false},"author":1,"featured_media":0,"parent":0,"menu_order":0,"comment_status":"closed","ping_status":"closed","template":"","meta":{"footnotes":""},"class_list":["post-384","page","type-page","status-publish","hentry"],"yoast_head":"<!-- This site is optimized with the Yoast SEO plugin v27.3 - https:\/\/yoast.com\/product\/yoast-seo-wordpress\/ -->\n<title>IWC Uhren Ankauf - hier k\u00f6nnen Sie Ihre IWC Uhr verkaufen.<\/title>\n<meta name=\"description\" content=\"Wir kaufen bundesweit Luxusuhren an, zum Beispiel der Marke IWC. \u00dcber unser Ankaufsformular k\u00f6nnen Sie Ihre Uhr anbieten!\" \/>\n<meta name=\"robots\" content=\"index, follow, max-snippet:-1, max-image-preview:large, max-video-preview:-1\" \/>\n<link rel=\"canonical\" href=\"https:\/\/www.uhrenankauf365.de\/uhr-verkaufen\/iwc\/\" \/>\n<meta property=\"og:locale\" content=\"de_DE\" \/>\n<meta property=\"og:type\" content=\"article\" \/>\n<meta property=\"og:title\" content=\"IWC Uhren Ankauf - hier k\u00f6nnen Sie Ihre IWC Uhr verkaufen.\" \/>\n<meta property=\"og:description\" content=\"Wir kaufen bundesweit Luxusuhren an, zum Beispiel der Marke IWC. \u00dcber unser Ankaufsformular k\u00f6nnen Sie Ihre Uhr anbieten!\" \/>\n<meta property=\"og:url\" content=\"https:\/\/www.uhrenankauf365.de\/uhr-verkaufen\/iwc\/\" \/>\n<meta property=\"og:site_name\" content=\"Uhrenankauf 365\" \/>\n<meta property=\"article:modified_time\" content=\"2024-08-04T09:12:59+00:00\" \/>\n<meta property=\"og:image\" content=\"https:\/\/www.uhrenankauf365.de\/uhr-verkaufen\/wp-content\/uploads\/2020\/12\/iwc_uhr_verkaufen.jpg\" \/>\n<meta name=\"twitter:card\" content=\"summary_large_image\" \/>\n<meta name=\"twitter:label1\" content=\"Gesch\u00e4tzte Lesezeit\" \/>\n\t<meta name=\"twitter:data1\" content=\"5\u00a0Minuten\" \/>\n<script type=\"application\/ld+json\" class=\"yoast-schema-graph\">{\"@context\":\"https:\\\/\\\/schema.org\",\"@graph\":[{\"@type\":\"WebPage\",\"@id\":\"https:\\\/\\\/www.uhrenankauf365.de\\\/uhr-verkaufen\\\/iwc\\\/\",\"url\":\"https:\\\/\\\/www.uhrenankauf365.de\\\/uhr-verkaufen\\\/iwc\\\/\",\"name\":\"IWC Uhren Ankauf - hier k\u00f6nnen Sie Ihre IWC Uhr verkaufen.\",\"isPartOf\":{\"@id\":\"https:\\\/\\\/www.uhrenankauf365.de\\\/uhr-verkaufen\\\/#website\"},\"primaryImageOfPage\":{\"@id\":\"https:\\\/\\\/www.uhrenankauf365.de\\\/uhr-verkaufen\\\/iwc\\\/#primaryimage\"},\"image\":{\"@id\":\"https:\\\/\\\/www.uhrenankauf365.de\\\/uhr-verkaufen\\\/iwc\\\/#primaryimage\"},\"thumbnailUrl\":\"https:\\\/\\\/www.uhrenankauf365.de\\\/uhr-verkaufen\\\/wp-content\\\/uploads\\\/2020\\\/12\\\/iwc_uhr_verkaufen.jpg\",\"datePublished\":\"2020-12-03T16:43:11+00:00\",\"dateModified\":\"2024-08-04T09:12:59+00:00\",\"description\":\"Wir kaufen bundesweit Luxusuhren an, zum Beispiel der Marke IWC. \u00dcber unser Ankaufsformular k\u00f6nnen Sie Ihre Uhr anbieten!\",\"breadcrumb\":{\"@id\":\"https:\\\/\\\/www.uhrenankauf365.de\\\/uhr-verkaufen\\\/iwc\\\/#breadcrumb\"},\"inLanguage\":\"de\",\"potentialAction\":[{\"@type\":\"ReadAction\",\"target\":[\"https:\\\/\\\/www.uhrenankauf365.de\\\/uhr-verkaufen\\\/iwc\\\/\"]}]},{\"@type\":\"ImageObject\",\"inLanguage\":\"de\",\"@id\":\"https:\\\/\\\/www.uhrenankauf365.de\\\/uhr-verkaufen\\\/iwc\\\/#primaryimage\",\"url\":\"https:\\\/\\\/www.uhrenankauf365.de\\\/uhr-verkaufen\\\/wp-content\\\/uploads\\\/2020\\\/12\\\/iwc_uhr_verkaufen.jpg\",\"contentUrl\":\"https:\\\/\\\/www.uhrenankauf365.de\\\/uhr-verkaufen\\\/wp-content\\\/uploads\\\/2020\\\/12\\\/iwc_uhr_verkaufen.jpg\",\"width\":547,\"height\":345},{\"@type\":\"BreadcrumbList\",\"@id\":\"https:\\\/\\\/www.uhrenankauf365.de\\\/uhr-verkaufen\\\/iwc\\\/#breadcrumb\",\"itemListElement\":[{\"@type\":\"ListItem\",\"position\":1,\"name\":\"Startseite\",\"item\":\"https:\\\/\\\/www.uhrenankauf365.de\\\/uhr-verkaufen\\\/\"},{\"@type\":\"ListItem\",\"position\":2,\"name\":\"IWC Ankauf &#8211; hier k\u00f6nnen Sie Ihre IWC Uhr verkaufen.\"}]},{\"@type\":\"WebSite\",\"@id\":\"https:\\\/\\\/www.uhrenankauf365.de\\\/uhr-verkaufen\\\/#website\",\"url\":\"https:\\\/\\\/www.uhrenankauf365.de\\\/uhr-verkaufen\\\/\",\"name\":\"Uhrenankauf 365\",\"description\":\"Jetzt Ihre Luxusuhr verkaufen!\",\"publisher\":{\"@id\":\"https:\\\/\\\/www.uhrenankauf365.de\\\/uhr-verkaufen\\\/#organization\"},\"potentialAction\":[{\"@type\":\"SearchAction\",\"target\":{\"@type\":\"EntryPoint\",\"urlTemplate\":\"https:\\\/\\\/www.uhrenankauf365.de\\\/uhr-verkaufen\\\/?s={search_term_string}\"},\"query-input\":{\"@type\":\"PropertyValueSpecification\",\"valueRequired\":true,\"valueName\":\"search_term_string\"}}],\"inLanguage\":\"de\"},{\"@type\":\"Organization\",\"@id\":\"https:\\\/\\\/www.uhrenankauf365.de\\\/uhr-verkaufen\\\/#organization\",\"name\":\"uhrenankauf365.de, Anke Michels\",\"url\":\"https:\\\/\\\/www.uhrenankauf365.de\\\/uhr-verkaufen\\\/\",\"logo\":{\"@type\":\"ImageObject\",\"inLanguage\":\"de\",\"@id\":\"https:\\\/\\\/www.uhrenankauf365.de\\\/uhr-verkaufen\\\/#\\\/schema\\\/logo\\\/image\\\/\",\"url\":\"https:\\\/\\\/www.uhrenankauf365.de\\\/uhr-verkaufen\\\/wp-content\\\/uploads\\\/2020\\\/11\\\/logo_uhrenankauf.png\",\"contentUrl\":\"https:\\\/\\\/www.uhrenankauf365.de\\\/uhr-verkaufen\\\/wp-content\\\/uploads\\\/2020\\\/11\\\/logo_uhrenankauf.png\",\"width\":98,\"height\":100,\"caption\":\"uhrenankauf365.de, Anke Michels\"},\"image\":{\"@id\":\"https:\\\/\\\/www.uhrenankauf365.de\\\/uhr-verkaufen\\\/#\\\/schema\\\/logo\\\/image\\\/\"}}]}<\/script>\n<!-- \/ Yoast SEO plugin. -->","yoast_head_json":{"title":"IWC Uhren Ankauf - hier k\u00f6nnen Sie Ihre IWC Uhr verkaufen.","description":"Wir kaufen bundesweit Luxusuhren an, zum Beispiel der Marke IWC. \u00dcber unser Ankaufsformular k\u00f6nnen Sie Ihre Uhr anbieten!","robots":{"index":"index","follow":"follow","max-snippet":"max-snippet:-1","max-image-preview":"max-image-preview:large","max-video-preview":"max-video-preview:-1"},"canonical":"https:\/\/www.uhrenankauf365.de\/uhr-verkaufen\/iwc\/","og_locale":"de_DE","og_type":"article","og_title":"IWC Uhren Ankauf - hier k\u00f6nnen Sie Ihre IWC Uhr verkaufen.","og_description":"Wir kaufen bundesweit Luxusuhren an, zum Beispiel der Marke IWC. \u00dcber unser Ankaufsformular k\u00f6nnen Sie Ihre Uhr anbieten!","og_url":"https:\/\/www.uhrenankauf365.de\/uhr-verkaufen\/iwc\/","og_site_name":"Uhrenankauf 365","article_modified_time":"2024-08-04T09:12:59+00:00","og_image":[{"url":"https:\/\/www.uhrenankauf365.de\/uhr-verkaufen\/wp-content\/uploads\/2020\/12\/iwc_uhr_verkaufen.jpg","type":"","width":"","height":""}],"twitter_card":"summary_large_image","twitter_misc":{"Gesch\u00e4tzte Lesezeit":"5\u00a0Minuten"},"schema":{"@context":"https:\/\/schema.org","@graph":[{"@type":"WebPage","@id":"https:\/\/www.uhrenankauf365.de\/uhr-verkaufen\/iwc\/","url":"https:\/\/www.uhrenankauf365.de\/uhr-verkaufen\/iwc\/","name":"IWC Uhren Ankauf - hier k\u00f6nnen Sie Ihre IWC Uhr verkaufen.","isPartOf":{"@id":"https:\/\/www.uhrenankauf365.de\/uhr-verkaufen\/#website"},"primaryImageOfPage":{"@id":"https:\/\/www.uhrenankauf365.de\/uhr-verkaufen\/iwc\/#primaryimage"},"image":{"@id":"https:\/\/www.uhrenankauf365.de\/uhr-verkaufen\/iwc\/#primaryimage"},"thumbnailUrl":"https:\/\/www.uhrenankauf365.de\/uhr-verkaufen\/wp-content\/uploads\/2020\/12\/iwc_uhr_verkaufen.jpg","datePublished":"2020-12-03T16:43:11+00:00","dateModified":"2024-08-04T09:12:59+00:00","description":"Wir kaufen bundesweit Luxusuhren an, zum Beispiel der Marke IWC. \u00dcber unser Ankaufsformular k\u00f6nnen Sie Ihre Uhr anbieten!","breadcrumb":{"@id":"https:\/\/www.uhrenankauf365.de\/uhr-verkaufen\/iwc\/#breadcrumb"},"inLanguage":"de","potentialAction":[{"@type":"ReadAction","target":["https:\/\/www.uhrenankauf365.de\/uhr-verkaufen\/iwc\/"]}]},{"@type":"ImageObject","inLanguage":"de","@id":"https:\/\/www.uhrenankauf365.de\/uhr-verkaufen\/iwc\/#primaryimage","url":"https:\/\/www.uhrenankauf365.de\/uhr-verkaufen\/wp-content\/uploads\/2020\/12\/iwc_uhr_verkaufen.jpg","contentUrl":"https:\/\/www.uhrenankauf365.de\/uhr-verkaufen\/wp-content\/uploads\/2020\/12\/iwc_uhr_verkaufen.jpg","width":547,"height":345},{"@type":"BreadcrumbList","@id":"https:\/\/www.uhrenankauf365.de\/uhr-verkaufen\/iwc\/#breadcrumb","itemListElement":[{"@type":"ListItem","position":1,"name":"Startseite","item":"https:\/\/www.uhrenankauf365.de\/uhr-verkaufen\/"},{"@type":"ListItem","position":2,"name":"IWC Ankauf &#8211; hier k\u00f6nnen Sie Ihre IWC Uhr verkaufen."}]},{"@type":"WebSite","@id":"https:\/\/www.uhrenankauf365.de\/uhr-verkaufen\/#website","url":"https:\/\/www.uhrenankauf365.de\/uhr-verkaufen\/","name":"Uhrenankauf 365","description":"Jetzt Ihre Luxusuhr verkaufen!","publisher":{"@id":"https:\/\/www.uhrenankauf365.de\/uhr-verkaufen\/#organization"},"potentialAction":[{"@type":"SearchAction","target":{"@type":"EntryPoint","urlTemplate":"https:\/\/www.uhrenankauf365.de\/uhr-verkaufen\/?s={search_term_string}"},"query-input":{"@type":"PropertyValueSpecification","valueRequired":true,"valueName":"search_term_string"}}],"inLanguage":"de"},{"@type":"Organization","@id":"https:\/\/www.uhrenankauf365.de\/uhr-verkaufen\/#organization","name":"uhrenankauf365.de, Anke Michels","url":"https:\/\/www.uhrenankauf365.de\/uhr-verkaufen\/","logo":{"@type":"ImageObject","inLanguage":"de","@id":"https:\/\/www.uhrenankauf365.de\/uhr-verkaufen\/#\/schema\/logo\/image\/","url":"https:\/\/www.uhrenankauf365.de\/uhr-verkaufen\/wp-content\/uploads\/2020\/11\/logo_uhrenankauf.png","contentUrl":"https:\/\/www.uhrenankauf365.de\/uhr-verkaufen\/wp-content\/uploads\/2020\/11\/logo_uhrenankauf.png","width":98,"height":100,"caption":"uhrenankauf365.de, Anke Michels"},"image":{"@id":"https:\/\/www.uhrenankauf365.de\/uhr-verkaufen\/#\/schema\/logo\/image\/"}}]}},"_links":{"self":[{"href":"https:\/\/www.uhrenankauf365.de\/uhr-verkaufen\/wp-json\/wp\/v2\/pages\/384","targetHints":{"allow":["GET"]}}],"collection":[{"href":"https:\/\/www.uhrenankauf365.de\/uhr-verkaufen\/wp-json\/wp\/v2\/pages"}],"about":[{"href":"https:\/\/www.uhrenankauf365.de\/uhr-verkaufen\/wp-json\/wp\/v2\/types\/page"}],"author":[{"embeddable":true,"href":"https:\/\/www.uhrenankauf365.de\/uhr-verkaufen\/wp-json\/wp\/v2\/users\/1"}],"replies":[{"embeddable":true,"href":"https:\/\/www.uhrenankauf365.de\/uhr-verkaufen\/wp-json\/wp\/v2\/comments?post=384"}],"version-history":[{"count":5,"href":"https:\/\/www.uhrenankauf365.de\/uhr-verkaufen\/wp-json\/wp\/v2\/pages\/384\/revisions"}],"predecessor-version":[{"id":1966,"href":"https:\/\/www.uhrenankauf365.de\/uhr-verkaufen\/wp-json\/wp\/v2\/pages\/384\/revisions\/1966"}],"wp:attachment":[{"href":"https:\/\/www.uhrenankauf365.de\/uhr-verkaufen\/wp-json\/wp\/v2\/media?parent=384"}],"curies":[{"name":"wp","href":"https:\/\/api.w.org\/{rel}","templated":true}]}}