{"id":349,"date":"2020-12-02T15:24:12","date_gmt":"2020-12-02T14:24:12","guid":{"rendered":"https:\/\/www.uhrenankauf365.de\/uhr-verkaufen\/?page_id=349"},"modified":"2024-02-19T12:09:11","modified_gmt":"2024-02-19T11:09:11","slug":"breitling","status":"publish","type":"page","link":"https:\/\/www.uhrenankauf365.de\/uhr-verkaufen\/breitling\/","title":{"rendered":"Breitling-Uhr verkaufen"},"content":{"rendered":"<div class=\"wp-bootstrap-blocks-row row\">\n\t\n\n<div class=\"col-12 col-md-6\">\n\t\t\t\n\n<h2 class=\"wp-block-heading\" id=\"u1361-2\">Ankauf Ihrer Breitling-Uhr<\/h2>\n\n\n\n<p id=\"u1458-5\">Seit der Gr\u00fcndung im Jahre 1884 steht Breitling f\u00fcr hochqualitative Armbanduhren der gehobenen sowie der absoluten Luxusklasse.<\/p>\n\n\n\n<p id=\"u1458-8\">Anfang des zwanzigsten Jahrhunderts spezialisierte man sich bei Breitling auf die Entwicklung des Chronographen und entwickelte ebenfalls den ersten unabh\u00e4ngigen Chronographendr\u00fccker, mit dem man den &#8222;Chronographenzeiger&#8220; (ein Z\u00e4hler f\u00fcr 30 Minuten) auf 0 zur\u00fccksetzen konnte.<\/p>\n\n\n\n<p id=\"u1458-14\"><strong>Wir sind stets am Ankauf von Uhren von Breitling-Uhren interessiert und freuen uns auf Ihr Angebot. Am einfachsten k\u00f6nnen Sie das <a href=\"https:\/\/www.uhrenankauf365.de\/uhr-verkaufen\/ankaufsformular\/\">Formular &#8222;Uhrenankauf&#8220;<\/a> nutzen, um uns Ihre Uhr anzubieten.<\/strong><\/p>\n\n\t<\/div>\n\n\n\n<div class=\"col-12 col-md-6\">\n\t\t\t\n\n<h2 class=\"wp-block-heading\" id=\"u1370-2\">Belieferung der Air Force<\/h2>\n\n\n\n<p id=\"u1461-5\">Die hochwertigen Uhren von Breitling wurden seit 1936 auch an die Royal Air Force des Vereinigten K\u00f6nigreichs geliefert, wo sie in verschiedenen Flugzeugen zum Einsatz kamen.<\/p>\n\n\n\n<p id=\"u1461-7\">Um beispielsweise den Treibstoffverbrauch berechnen zu k\u00f6nnen, entwickelte Breitling 1952 die &#8222;Navitimer&#8220;, ein Nachfolger des bereits 1942 vorgestellten Modells &#8222;Chronomat&#8220;, das schon mit einem Rechenschieber und Handaufzug ausgestattet war. Durch die komplexere L\u00fcnette war es den Soldaten der US Army Air Force m\u00f6glich, an Bord ihrer Flugzeuge verschiedene Berechnungen durchzuf\u00fchren.<\/p>\n\n\n\n<p id=\"u1461-9\">Am Ankauf beider genannten Modelle und auch anderen Uhren wie z. B. der Taucheruhr &#8222;Superocean&#8220; sind wir immer interessiert. Auch andere Modelle von Breitling k\u00f6nnen Sie uns gerne zum Ankauf anbieten.<\/p>\n\n\t<\/div>\n\n<\/div>\n\n\n<div class=\"wp-bootstrap-blocks-container container mb-5 uak_heller_hintergrund_line_height_normal text-center p-4 mt-4\">\n\t\n\n<h3 class=\"wp-block-heading\" id=\"u1363-2\">Wir kaufen Breitling-Uhren!<\/h3>\n\n\n\n<p id=\"u1363-4\"><strong>Profitieren Sie&nbsp; von unserer jahrzehntelangen Erfahrung im Uhrenhandel!<\/strong><\/p>\n\n\n\n<p><a class=\"btn btn-primary btn-lg\" href=\"https:\/\/www.uhrenankauf365.de\/uhr-verkaufen\/ankaufsformular\/\">Zum Ankaufsformular<\/a><\/p>\n\n<\/div>\n\n\n<div class=\"wp-bootstrap-blocks-row row\">\n\t\n\n<div class=\"col-12 col-md-6\">\n\t\t\t\n\n<h3 class=\"wp-block-heading\" id=\"u1473-2\">Die &#8222;Chronomat&#8220; in verschiedenen Varianten<\/h3>\n\n\n\n<p id=\"u1473-5\">Wer heute eine Breitling kauft, wird in der Regel eine Uhr mit der Bezeichnung &#8222;Chronomat&#8220; erwerben. Diese gibt es in vielen verschiedenen Varianten und Ausf\u00fchrungen. Bezeichnungen wie &#8222;Windrider&#8220; und &#8222;Pilote 808&#8220; machen deutlich, dass durch den Verkauf der Namensrechte an den Piloten und Unternehmer mit Vorerfahrung im Uhrenbereich Ernest Schneider eine klare Verbindung zur Luftfahrt existiert.<\/p>\n\n\t<\/div>\n\n\n\n<div class=\"col-12 col-md-6\">\n\t\t\t\n\n<figure class=\"wp-block-image size-large img-fluid\"><img loading=\"lazy\" decoding=\"async\" width=\"640\" height=\"480\" src=\"https:\/\/www.uhrenankauf365.de\/uhr-verkaufen\/wp-content\/uploads\/2020\/12\/breitling_uhr_verkaufen_navitimer.jpg\" alt=\"Das aufwendige Werk einer Breitling Navitimer\" class=\"wp-image-351\" srcset=\"https:\/\/www.uhrenankauf365.de\/uhr-verkaufen\/wp-content\/uploads\/2020\/12\/breitling_uhr_verkaufen_navitimer.jpg 640w, https:\/\/www.uhrenankauf365.de\/uhr-verkaufen\/wp-content\/uploads\/2020\/12\/breitling_uhr_verkaufen_navitimer-300x225.jpg 300w\" sizes=\"auto, (max-width: 640px) 100vw, 640px\" \/><\/figure>\n\n\t<\/div>\n\n<\/div>\n\n\n\n<h3 class=\"wp-block-heading\">Unter Breitling-Sammlern beliebt: Navitimer<\/h3>\n\n\n\n<p>Auf dem Foto sehen Sie das zuverl\u00e4ssige Werk einer Breitling Navitimer, einem beliebten Klassiker unter Uhrensammlern. Der Ankauf von Breitling-Uhren geh\u00f6rt seit der Firmengr\u00fcndung im Jahr 1998 zum Kerngesch\u00e4ft und wir freuen uns auf Ihre Kontaktaufnahme, wenn Sie Ihre <a href=\"https:\/\/www.uhrenankauf365.de\/uhr-verkaufen\/ankaufsformular\/\">Breitling-Uhr verkaufen<\/a> m\u00f6chten. Auch an <a href=\"https:\/\/www.nobeluhren-store.de\/uhren-accessoires\/\" target=\"_blank\" rel=\"noreferrer noopener\">Uhren-Accessoires<\/a> sind wir interessiert!<\/p>\n\n\n\n<div class=\"container p-4 uak_heller_hintergrund\">\n<div class=\"row mb-4\">\n<div class=\"col-12 col-md-6 text-center\">\n<i class=\"uak365icon fas fa-file-alt\"><\/i><br>\n<div class=\"ankaufschritte_title\">Formular ausf\u00fcllen<\/div>\n<small>Das <a href=\"https:\/\/www.uhrenankauf365.de\/uhr-verkaufen\/ankaufsformular\/\" title=\"Ankaufsformular Uhren\">Ankaufsformular<\/a> erfasst alle wichtigen Angaben zur Armbanduhr, die Sie verkaufen m\u00f6chten und erleichtert die Ermittlung eines fairen Ankaufspreises.<\/small>\n<\/div>\n<div class=\"col-12 col-md-6 text-center\">\n<i class=\"uak365icon far fa-handshake\"><\/i><br>\n<div class=\"ankaufschritte_title\">Angebot erhalten<\/div>\n<small>Wir unterbreiten Ihnen nach Erhalt der Informationen zur Uhr ein Angebot zum Ankauf. Offene Fragen kl\u00e4ren wir vorab.<\/small>\n<\/div>\n<\/div>\n\n\n<div class=\"row\">\n<div class=\"col-12 col-md-6 text-center\">\n<i class=\"uak365icon fas fa-truck-loading\"><\/i><br>\n<div class=\"ankaufschritte_title\">Uhr wird abgeholt<\/div>\n<small>Ein auf Werttransporte spezialisiertes Unternehmen holt die Uhr bei Ihnen ab. Mehr dazu erfahren Sie <a href=\"https:\/\/www.uhrenankauf365.de\/uhr-verkaufen\/ankauf-faq\/\">hier<\/a>.<\/small>\n<\/div>\n<div class=\"col-12 col-md-6 text-center\">\n<i class=\"uak365icon fas fa-euro-sign\"><\/i><br>\n<div class=\"ankaufschritte_title\">Geld erhalten<\/div>\n<small>Nach Pr\u00fcfung der Armbanduhr zahlen wir den vereinbarten Ankaufspreis zuverl\u00e4ssig und schnell auf Ihr Konto aus.\n<\/small>\n<\/div>\n<\/div>\n\n<\/div>\n","protected":false},"excerpt":{"rendered":"<p>Unter Breitling-Sammlern beliebt: Navitimer Auf dem Foto sehen Sie das zuverl\u00e4ssige Werk einer Breitling Navitimer, einem beliebten Klassiker unter Uhrensammlern. Der Ankauf von Breitling-Uhren geh\u00f6rt seit der Firmengr\u00fcndung im Jahr 1998 zum Kerngesch\u00e4ft und wir freuen uns auf Ihre Kontaktaufnahme, wenn Sie Ihre Breitling-Uhr verkaufen m\u00f6chten. Auch an Uhren-Accessoires sind wir interessiert!<\/p>\n","protected":false},"author":1,"featured_media":0,"parent":0,"menu_order":0,"comment_status":"closed","ping_status":"closed","template":"","meta":{"footnotes":""},"class_list":["post-349","page","type-page","status-publish","hentry"],"yoast_head":"<!-- This site is optimized with the Yoast SEO plugin v27.3 - https:\/\/yoast.com\/product\/yoast-seo-wordpress\/ -->\n<title>Breitling-Uhr verkaufen - wir kaufen bundesweit Luxusuhren!<\/title>\n<meta name=\"description\" content=\"M\u00f6chten Sie Ihre Breitling-Uhr verkaufen? \u00dcber unser Ankaufsformular k\u00f6nnen Sie uns Ihre Uhr anbieten und einen Preis erfahren.\" \/>\n<meta name=\"robots\" content=\"index, follow, max-snippet:-1, max-image-preview:large, max-video-preview:-1\" \/>\n<link rel=\"canonical\" href=\"https:\/\/www.uhrenankauf365.de\/uhr-verkaufen\/breitling\/\" \/>\n<meta property=\"og:locale\" content=\"de_DE\" \/>\n<meta property=\"og:type\" content=\"article\" \/>\n<meta property=\"og:title\" content=\"Breitling-Uhr verkaufen - wir kaufen bundesweit Luxusuhren!\" \/>\n<meta property=\"og:description\" content=\"M\u00f6chten Sie Ihre Breitling-Uhr verkaufen? \u00dcber unser Ankaufsformular k\u00f6nnen Sie uns Ihre Uhr anbieten und einen Preis erfahren.\" \/>\n<meta property=\"og:url\" content=\"https:\/\/www.uhrenankauf365.de\/uhr-verkaufen\/breitling\/\" \/>\n<meta property=\"og:site_name\" content=\"Uhrenankauf 365\" \/>\n<meta property=\"article:modified_time\" content=\"2024-02-19T11:09:11+00:00\" \/>\n<meta property=\"og:image\" content=\"https:\/\/www.uhrenankauf365.de\/uhr-verkaufen\/wp-content\/uploads\/2020\/12\/breitling_uhr_verkaufen_navitimer.jpg\" \/>\n<meta name=\"twitter:card\" content=\"summary_large_image\" \/>\n<meta name=\"twitter:label1\" content=\"Gesch\u00e4tzte Lesezeit\" \/>\n\t<meta name=\"twitter:data1\" content=\"3\u00a0Minuten\" \/>\n<script type=\"application\/ld+json\" class=\"yoast-schema-graph\">{\"@context\":\"https:\\\/\\\/schema.org\",\"@graph\":[{\"@type\":\"WebPage\",\"@id\":\"https:\\\/\\\/www.uhrenankauf365.de\\\/uhr-verkaufen\\\/breitling\\\/\",\"url\":\"https:\\\/\\\/www.uhrenankauf365.de\\\/uhr-verkaufen\\\/breitling\\\/\",\"name\":\"Breitling-Uhr verkaufen - wir kaufen bundesweit Luxusuhren!\",\"isPartOf\":{\"@id\":\"https:\\\/\\\/www.uhrenankauf365.de\\\/uhr-verkaufen\\\/#website\"},\"primaryImageOfPage\":{\"@id\":\"https:\\\/\\\/www.uhrenankauf365.de\\\/uhr-verkaufen\\\/breitling\\\/#primaryimage\"},\"image\":{\"@id\":\"https:\\\/\\\/www.uhrenankauf365.de\\\/uhr-verkaufen\\\/breitling\\\/#primaryimage\"},\"thumbnailUrl\":\"https:\\\/\\\/www.uhrenankauf365.de\\\/uhr-verkaufen\\\/wp-content\\\/uploads\\\/2020\\\/12\\\/breitling_uhr_verkaufen_navitimer.jpg\",\"datePublished\":\"2020-12-02T14:24:12+00:00\",\"dateModified\":\"2024-02-19T11:09:11+00:00\",\"description\":\"M\u00f6chten Sie Ihre Breitling-Uhr verkaufen? \u00dcber unser Ankaufsformular k\u00f6nnen Sie uns Ihre Uhr anbieten und einen Preis erfahren.\",\"breadcrumb\":{\"@id\":\"https:\\\/\\\/www.uhrenankauf365.de\\\/uhr-verkaufen\\\/breitling\\\/#breadcrumb\"},\"inLanguage\":\"de\",\"potentialAction\":[{\"@type\":\"ReadAction\",\"target\":[\"https:\\\/\\\/www.uhrenankauf365.de\\\/uhr-verkaufen\\\/breitling\\\/\"]}]},{\"@type\":\"ImageObject\",\"inLanguage\":\"de\",\"@id\":\"https:\\\/\\\/www.uhrenankauf365.de\\\/uhr-verkaufen\\\/breitling\\\/#primaryimage\",\"url\":\"https:\\\/\\\/www.uhrenankauf365.de\\\/uhr-verkaufen\\\/wp-content\\\/uploads\\\/2020\\\/12\\\/breitling_uhr_verkaufen_navitimer.jpg\",\"contentUrl\":\"https:\\\/\\\/www.uhrenankauf365.de\\\/uhr-verkaufen\\\/wp-content\\\/uploads\\\/2020\\\/12\\\/breitling_uhr_verkaufen_navitimer.jpg\",\"width\":640,\"height\":480},{\"@type\":\"BreadcrumbList\",\"@id\":\"https:\\\/\\\/www.uhrenankauf365.de\\\/uhr-verkaufen\\\/breitling\\\/#breadcrumb\",\"itemListElement\":[{\"@type\":\"ListItem\",\"position\":1,\"name\":\"Startseite\",\"item\":\"https:\\\/\\\/www.uhrenankauf365.de\\\/uhr-verkaufen\\\/\"},{\"@type\":\"ListItem\",\"position\":2,\"name\":\"Breitling-Uhr verkaufen\"}]},{\"@type\":\"WebSite\",\"@id\":\"https:\\\/\\\/www.uhrenankauf365.de\\\/uhr-verkaufen\\\/#website\",\"url\":\"https:\\\/\\\/www.uhrenankauf365.de\\\/uhr-verkaufen\\\/\",\"name\":\"Uhrenankauf 365\",\"description\":\"Jetzt Ihre Luxusuhr verkaufen!\",\"publisher\":{\"@id\":\"https:\\\/\\\/www.uhrenankauf365.de\\\/uhr-verkaufen\\\/#organization\"},\"potentialAction\":[{\"@type\":\"SearchAction\",\"target\":{\"@type\":\"EntryPoint\",\"urlTemplate\":\"https:\\\/\\\/www.uhrenankauf365.de\\\/uhr-verkaufen\\\/?s={search_term_string}\"},\"query-input\":{\"@type\":\"PropertyValueSpecification\",\"valueRequired\":true,\"valueName\":\"search_term_string\"}}],\"inLanguage\":\"de\"},{\"@type\":\"Organization\",\"@id\":\"https:\\\/\\\/www.uhrenankauf365.de\\\/uhr-verkaufen\\\/#organization\",\"name\":\"uhrenankauf365.de, Anke Michels\",\"url\":\"https:\\\/\\\/www.uhrenankauf365.de\\\/uhr-verkaufen\\\/\",\"logo\":{\"@type\":\"ImageObject\",\"inLanguage\":\"de\",\"@id\":\"https:\\\/\\\/www.uhrenankauf365.de\\\/uhr-verkaufen\\\/#\\\/schema\\\/logo\\\/image\\\/\",\"url\":\"https:\\\/\\\/www.uhrenankauf365.de\\\/uhr-verkaufen\\\/wp-content\\\/uploads\\\/2020\\\/11\\\/logo_uhrenankauf.png\",\"contentUrl\":\"https:\\\/\\\/www.uhrenankauf365.de\\\/uhr-verkaufen\\\/wp-content\\\/uploads\\\/2020\\\/11\\\/logo_uhrenankauf.png\",\"width\":98,\"height\":100,\"caption\":\"uhrenankauf365.de, Anke Michels\"},\"image\":{\"@id\":\"https:\\\/\\\/www.uhrenankauf365.de\\\/uhr-verkaufen\\\/#\\\/schema\\\/logo\\\/image\\\/\"}}]}<\/script>\n<!-- \/ Yoast SEO plugin. -->","yoast_head_json":{"title":"Breitling-Uhr verkaufen - wir kaufen bundesweit Luxusuhren!","description":"M\u00f6chten Sie Ihre Breitling-Uhr verkaufen? \u00dcber unser Ankaufsformular k\u00f6nnen Sie uns Ihre Uhr anbieten und einen Preis erfahren.","robots":{"index":"index","follow":"follow","max-snippet":"max-snippet:-1","max-image-preview":"max-image-preview:large","max-video-preview":"max-video-preview:-1"},"canonical":"https:\/\/www.uhrenankauf365.de\/uhr-verkaufen\/breitling\/","og_locale":"de_DE","og_type":"article","og_title":"Breitling-Uhr verkaufen - wir kaufen bundesweit Luxusuhren!","og_description":"M\u00f6chten Sie Ihre Breitling-Uhr verkaufen? \u00dcber unser Ankaufsformular k\u00f6nnen Sie uns Ihre Uhr anbieten und einen Preis erfahren.","og_url":"https:\/\/www.uhrenankauf365.de\/uhr-verkaufen\/breitling\/","og_site_name":"Uhrenankauf 365","article_modified_time":"2024-02-19T11:09:11+00:00","og_image":[{"url":"https:\/\/www.uhrenankauf365.de\/uhr-verkaufen\/wp-content\/uploads\/2020\/12\/breitling_uhr_verkaufen_navitimer.jpg","type":"","width":"","height":""}],"twitter_card":"summary_large_image","twitter_misc":{"Gesch\u00e4tzte Lesezeit":"3\u00a0Minuten"},"schema":{"@context":"https:\/\/schema.org","@graph":[{"@type":"WebPage","@id":"https:\/\/www.uhrenankauf365.de\/uhr-verkaufen\/breitling\/","url":"https:\/\/www.uhrenankauf365.de\/uhr-verkaufen\/breitling\/","name":"Breitling-Uhr verkaufen - wir kaufen bundesweit Luxusuhren!","isPartOf":{"@id":"https:\/\/www.uhrenankauf365.de\/uhr-verkaufen\/#website"},"primaryImageOfPage":{"@id":"https:\/\/www.uhrenankauf365.de\/uhr-verkaufen\/breitling\/#primaryimage"},"image":{"@id":"https:\/\/www.uhrenankauf365.de\/uhr-verkaufen\/breitling\/#primaryimage"},"thumbnailUrl":"https:\/\/www.uhrenankauf365.de\/uhr-verkaufen\/wp-content\/uploads\/2020\/12\/breitling_uhr_verkaufen_navitimer.jpg","datePublished":"2020-12-02T14:24:12+00:00","dateModified":"2024-02-19T11:09:11+00:00","description":"M\u00f6chten Sie Ihre Breitling-Uhr verkaufen? \u00dcber unser Ankaufsformular k\u00f6nnen Sie uns Ihre Uhr anbieten und einen Preis erfahren.","breadcrumb":{"@id":"https:\/\/www.uhrenankauf365.de\/uhr-verkaufen\/breitling\/#breadcrumb"},"inLanguage":"de","potentialAction":[{"@type":"ReadAction","target":["https:\/\/www.uhrenankauf365.de\/uhr-verkaufen\/breitling\/"]}]},{"@type":"ImageObject","inLanguage":"de","@id":"https:\/\/www.uhrenankauf365.de\/uhr-verkaufen\/breitling\/#primaryimage","url":"https:\/\/www.uhrenankauf365.de\/uhr-verkaufen\/wp-content\/uploads\/2020\/12\/breitling_uhr_verkaufen_navitimer.jpg","contentUrl":"https:\/\/www.uhrenankauf365.de\/uhr-verkaufen\/wp-content\/uploads\/2020\/12\/breitling_uhr_verkaufen_navitimer.jpg","width":640,"height":480},{"@type":"BreadcrumbList","@id":"https:\/\/www.uhrenankauf365.de\/uhr-verkaufen\/breitling\/#breadcrumb","itemListElement":[{"@type":"ListItem","position":1,"name":"Startseite","item":"https:\/\/www.uhrenankauf365.de\/uhr-verkaufen\/"},{"@type":"ListItem","position":2,"name":"Breitling-Uhr verkaufen"}]},{"@type":"WebSite","@id":"https:\/\/www.uhrenankauf365.de\/uhr-verkaufen\/#website","url":"https:\/\/www.uhrenankauf365.de\/uhr-verkaufen\/","name":"Uhrenankauf 365","description":"Jetzt Ihre Luxusuhr verkaufen!","publisher":{"@id":"https:\/\/www.uhrenankauf365.de\/uhr-verkaufen\/#organization"},"potentialAction":[{"@type":"SearchAction","target":{"@type":"EntryPoint","urlTemplate":"https:\/\/www.uhrenankauf365.de\/uhr-verkaufen\/?s={search_term_string}"},"query-input":{"@type":"PropertyValueSpecification","valueRequired":true,"valueName":"search_term_string"}}],"inLanguage":"de"},{"@type":"Organization","@id":"https:\/\/www.uhrenankauf365.de\/uhr-verkaufen\/#organization","name":"uhrenankauf365.de, Anke Michels","url":"https:\/\/www.uhrenankauf365.de\/uhr-verkaufen\/","logo":{"@type":"ImageObject","inLanguage":"de","@id":"https:\/\/www.uhrenankauf365.de\/uhr-verkaufen\/#\/schema\/logo\/image\/","url":"https:\/\/www.uhrenankauf365.de\/uhr-verkaufen\/wp-content\/uploads\/2020\/11\/logo_uhrenankauf.png","contentUrl":"https:\/\/www.uhrenankauf365.de\/uhr-verkaufen\/wp-content\/uploads\/2020\/11\/logo_uhrenankauf.png","width":98,"height":100,"caption":"uhrenankauf365.de, Anke Michels"},"image":{"@id":"https:\/\/www.uhrenankauf365.de\/uhr-verkaufen\/#\/schema\/logo\/image\/"}}]}},"_links":{"self":[{"href":"https:\/\/www.uhrenankauf365.de\/uhr-verkaufen\/wp-json\/wp\/v2\/pages\/349","targetHints":{"allow":["GET"]}}],"collection":[{"href":"https:\/\/www.uhrenankauf365.de\/uhr-verkaufen\/wp-json\/wp\/v2\/pages"}],"about":[{"href":"https:\/\/www.uhrenankauf365.de\/uhr-verkaufen\/wp-json\/wp\/v2\/types\/page"}],"author":[{"embeddable":true,"href":"https:\/\/www.uhrenankauf365.de\/uhr-verkaufen\/wp-json\/wp\/v2\/users\/1"}],"replies":[{"embeddable":true,"href":"https:\/\/www.uhrenankauf365.de\/uhr-verkaufen\/wp-json\/wp\/v2\/comments?post=349"}],"version-history":[{"count":6,"href":"https:\/\/www.uhrenankauf365.de\/uhr-verkaufen\/wp-json\/wp\/v2\/pages\/349\/revisions"}],"predecessor-version":[{"id":1894,"href":"https:\/\/www.uhrenankauf365.de\/uhr-verkaufen\/wp-json\/wp\/v2\/pages\/349\/revisions\/1894"}],"wp:attachment":[{"href":"https:\/\/www.uhrenankauf365.de\/uhr-verkaufen\/wp-json\/wp\/v2\/media?parent=349"}],"curies":[{"name":"wp","href":"https:\/\/api.w.org\/{rel}","templated":true}]}}