{"id":341,"date":"2020-12-02T15:08:44","date_gmt":"2020-12-02T14:08:44","guid":{"rendered":"https:\/\/www.uhrenankauf365.de\/uhr-verkaufen\/?page_id=341"},"modified":"2024-06-06T15:22:29","modified_gmt":"2024-06-06T13:22:29","slug":"audemars_piguet","status":"publish","type":"page","link":"https:\/\/www.uhrenankauf365.de\/uhr-verkaufen\/audemars_piguet\/","title":{"rendered":"Audemars Piguet Ankauf"},"content":{"rendered":"<div class=\"wp-bootstrap-blocks-row row\">\n\t\n\n<div class=\"col-12 col-md-6\">\n\t\t\t\n\n<h2 class=\"wp-block-heading\" id=\"u1361-2\">Uhrenankauf von Audemars Piguet<\/h2>\n\n\n\n<p id=\"u1395-13\">Audemars Piguet geh\u00f6rt zu den absoluten Top-Marken der Schweizer Uhrenindustrie und ist weltweit unter Sammlern und Kennern \u00e4u\u00dferst beliebt. Die Uhren sind bekannt f\u00fcr den sogenannten &#8222;Ewigen Kalender&#8220; sowie die Minutenrepetition, nicht zu vergessen das f\u00fchrende Modell Royal Oak vom bekannten Design Gerald Genta, aus dessen Design-Feder die sog. Big Four stammen: <a href=\"https:\/\/www.uhrenankauf365.de\/audemars-piguet-uhrenankauf.html\">Audemars Piguet<\/a> Royal Oak, <a href=\"https:\/\/www.uhrenankauf365.de\/patek-philippe-ankauf-uhren.html\">Patek Philippe<\/a> Nautilus, Vacheron Constantin 222, <a href=\"https:\/\/www.uhrenankauf365.de\/uhr-verkaufen\/ankauf-von-iwc-ingenieur-luxusuhren\/\">IWC Ingenieur<\/a>.<\/p>\n\n\n\n<p id=\"u1395-19\">Wir sind stets am <strong>Ankauf von Uhren von Audemars Piguet<\/strong> zu fairen Preisen interessiert und freuen uns auf Ihr Angebot. Am einfachsten k\u00f6nnen Sie das <a href=\"https:\/\/www.uhrenankauf365.de\/uhr-verkaufen\/ankaufsformular\/\">Formular &#8222;Uhrenankauf&#8220;<\/a> nutzen, um uns Ihre Uhr anzubieten.<\/p>\n\n\t<\/div>\n\n\n\n<div class=\"col-12 col-md-6\">\n\t\t\t\n\n<h2 class=\"wp-block-heading\" id=\"u1370-2\">Im Wert steigend &#8211; Luxusuhren aus der Schweiz<\/h2>\n\n\n\n<p id=\"u1398-5\">Der Wert Ihrer <a href=\"https:\/\/www.nobeluhren-store.de\/hersteller\/audemars_piguet\" target=\"_blank\" rel=\"noreferrer noopener\">Audemars Piguet Uhr<\/a> ist mit ziemlicher Sicherheit seit dem Erwerb bereits gestiegen, denn diese luxuri\u00f6sen Uhren werden in der Regel von Jahr zu Jahr wertvoller.<\/p>\n\n\n\n<p id=\"u1398-8\">Dementsprechend ist die Entwicklung des erzielbaren Ankaufswerts. Verkaufen Sie Ihre Audemars Piguet falls vorhanden unbedingt mit den Original-Papieren sowie der Original-Box, um den optimalen Preis zu erzielen.<\/p>\n\n\n\n<p id=\"u1398-14\">Wir freuen uns auf Ihr Angebot &#8211; bieten Sie uns <a href=\"https:\/\/www.uhrenankauf365.de\/uhr-verkaufen\/ankaufsformular\/\">hier<\/a> Ihre Uhr \u00fcber das Onlineformular an.<\/p>\n\n\t<\/div>\n\n<\/div>\n\n\n<div class=\"wp-bootstrap-blocks-container container mb-5 uak_heller_hintergrund_line_height_normal text-center p-4 mt-4\">\n\t\n\n<h3 class=\"wp-block-heading\" id=\"u1363-2\">Wir kaufen Audemars Piguet!<\/h3>\n\n\n\n<p id=\"u1363-4\"><strong>Profitieren Sie&nbsp; von unserer jahrzehntelangen Erfahrung im Uhrenhandel!<\/strong><\/p>\n\n\n\n<p><a class=\"btn btn-primary btn-lg\" href=\"https:\/\/www.uhrenankauf365.de\/uhr-verkaufen\/ankaufsformular\/\">Zum Ankaufsformular<\/a><\/p>\n\n<\/div>\n\n\n<div class=\"wp-bootstrap-blocks-row row\">\n\t\n\n<div class=\"col-12 col-md-6\">\n\t\t\t\n\n<h3 class=\"wp-block-heading\" id=\"u1376-2\">Wir kaufen z. B. Ihre gebrauchte Royal Oak<\/h3>\n\n\n\n<p id=\"u1420-5\">Dieser Klassiker ist eine der Uhren, die wir regelm\u00e4\u00dfig ankaufen. Der Wert h\u00e4ngt nat\u00fcrlich vom Zustand des uns angebotenen Modells ab sowie der Angabe, ob Ihre Luxusuhr in der originalen Box angeboten wird. Ein Nachweis \u00fcber durchgef\u00fchrte Service-Arbeiten ist ebenfalls von Vorteil, um einen h\u00f6heren Ankaufspreis zu erzielen.<\/p>\n\n\n\n<p id=\"u1420-10\">Das Foto zeigt beispielsweise eine Royal Oak von Audemars Piguet im limitierten Jubilee Modell Ref. 14802, liegend auf einer Original-Vintagebox der ersten Modelle <a href=\"https:\/\/www.uhrenankauf365.de\/uhr-verkaufen\/audemars-piguet-royal-oak-5402-uhren-ankauf\/\">Referenz 5402<\/a> aus den fr\u00fcheren Siebziger Jahren.<\/p>\n\n\n\n<p id=\"u1420-17\">Wenn Sie ein solches Modell oder eine andere Uhr von Audemars Piguet verkaufen m\u00f6chten, nutzen Sie daf\u00fcr am besten unser <a href=\"https:\/\/www.uhrenankauf365.de\/uhrenankauf_uhr-anbieten.html\">Ankaufsformular<\/a>.<\/p>\n\n\t<\/div>\n\n\n\n<div class=\"col-12 col-md-6\">\n\t\t\t\n\n<figure class=\"wp-block-image size-large img-fluid\"><img loading=\"lazy\" decoding=\"async\" width=\"579\" height=\"700\" src=\"https:\/\/www.uhrenankauf365.de\/uhr-verkaufen\/wp-content\/uploads\/2020\/12\/audemars_piguet_ankaufswert.jpg\" alt=\"Eine Audemars Piguet Royal Oak Uhr auf der Original-Box liegend\" class=\"wp-image-344\" srcset=\"https:\/\/www.uhrenankauf365.de\/uhr-verkaufen\/wp-content\/uploads\/2020\/12\/audemars_piguet_ankaufswert.jpg 579w, https:\/\/www.uhrenankauf365.de\/uhr-verkaufen\/wp-content\/uploads\/2020\/12\/audemars_piguet_ankaufswert-248x300.jpg 248w\" sizes=\"auto, (max-width: 579px) 100vw, 579px\" \/><\/figure>\n\n\t<\/div>\n\n<\/div>\n\n\n\n<div class=\"container p-4 uak_heller_hintergrund\">\n<div class=\"row mb-4\">\n<div class=\"col-12 col-md-6 text-center\">\n<i class=\"uak365icon fas fa-file-alt\"><\/i><br>\n<div class=\"ankaufschritte_title\">Formular ausf\u00fcllen<\/div>\n<small>Das <a href=\"https:\/\/www.uhrenankauf365.de\/uhr-verkaufen\/ankaufsformular\/\" title=\"Ankaufsformular Uhren\">Ankaufsformular<\/a> erfasst alle wichtigen Angaben zur Armbanduhr, die Sie verkaufen m\u00f6chten und erleichtert die Ermittlung eines fairen Ankaufspreises.<\/small>\n<\/div>\n<div class=\"col-12 col-md-6 text-center\">\n<i class=\"uak365icon far fa-handshake\"><\/i><br>\n<div class=\"ankaufschritte_title\">Angebot erhalten<\/div>\n<small>Wir unterbreiten Ihnen nach Erhalt der Informationen zur Uhr ein Angebot zum Ankauf. Offene Fragen kl\u00e4ren wir vorab.<\/small>\n<\/div>\n<\/div>\n\n\n<div class=\"row\">\n<div class=\"col-12 col-md-6 text-center\">\n<i class=\"uak365icon fas fa-truck-loading\"><\/i><br>\n<div class=\"ankaufschritte_title\">Uhr wird abgeholt<\/div>\n<small>Ein auf Werttransporte spezialisiertes Unternehmen holt die Uhr bei Ihnen ab. Mehr dazu erfahren Sie <a href=\"https:\/\/www.uhrenankauf365.de\/uhr-verkaufen\/ankauf-faq\/\">hier<\/a>.<\/small>\n<\/div>\n<div class=\"col-12 col-md-6 text-center\">\n<i class=\"uak365icon fas fa-euro-sign\"><\/i><br>\n<div class=\"ankaufschritte_title\">Geld erhalten<\/div>\n<small>Nach Pr\u00fcfung der Armbanduhr zahlen wir den vereinbarten Ankaufspreis zuverl\u00e4ssig und schnell auf Ihr Konto aus.\n<\/small>\n<\/div>\n<\/div>\n\n<\/div>\n\n\n\n<p>Der Verkauf einer Luxusuhr ist Vertrauenssache. Wir sind international im Uhrenhandel t\u00e4tig und unter anderem Mitglied bei watchsea24, der WatchTrader Association, <a href=\"https:\/\/www.mondaniweb.com\/trusted-dealers\/nobel-uhren\" target=\"_blank\" rel=\"noreferrer noopener\">Mondani Web<\/a> und JamesList.<\/p>\n","protected":false},"excerpt":{"rendered":"<p>Der Verkauf einer Luxusuhr ist Vertrauenssache. Wir sind international im Uhrenhandel t\u00e4tig und unter anderem Mitglied bei watchsea24, der WatchTrader Association, Mondani Web und JamesList.<\/p>\n","protected":false},"author":1,"featured_media":0,"parent":0,"menu_order":0,"comment_status":"closed","ping_status":"closed","template":"","meta":{"footnotes":""},"class_list":["post-341","page","type-page","status-publish","hentry"],"yoast_head":"<!-- This site is optimized with the Yoast SEO plugin v27.3 - https:\/\/yoast.com\/product\/yoast-seo-wordpress\/ -->\n<title>Audemars Piguet Ankauf - Uhrenankauf 365<\/title>\n<meta name=\"description\" content=\"Ankauf von Audemars Piguet Uhren - bundesweit, diskret, fair. Wir garantieren eine schnelle Auszahlung und seri\u00f6se Abwicklung.\" \/>\n<meta name=\"robots\" content=\"index, follow, max-snippet:-1, max-image-preview:large, max-video-preview:-1\" \/>\n<link rel=\"canonical\" href=\"https:\/\/www.uhrenankauf365.de\/uhr-verkaufen\/audemars_piguet\/\" \/>\n<meta property=\"og:locale\" content=\"de_DE\" \/>\n<meta property=\"og:type\" content=\"article\" \/>\n<meta property=\"og:title\" content=\"Audemars Piguet Ankauf - Uhrenankauf 365\" \/>\n<meta property=\"og:description\" content=\"Ankauf von Audemars Piguet Uhren - bundesweit, diskret, fair. Wir garantieren eine schnelle Auszahlung und seri\u00f6se Abwicklung.\" \/>\n<meta property=\"og:url\" content=\"https:\/\/www.uhrenankauf365.de\/uhr-verkaufen\/audemars_piguet\/\" \/>\n<meta property=\"og:site_name\" content=\"Uhrenankauf 365\" \/>\n<meta property=\"article:modified_time\" content=\"2024-06-06T13:22:29+00:00\" \/>\n<meta property=\"og:image\" content=\"https:\/\/www.uhrenankauf365.de\/uhr-verkaufen\/wp-content\/uploads\/2020\/12\/audemars_piguet_ankaufswert.jpg\" \/>\n<meta name=\"twitter:card\" content=\"summary_large_image\" \/>\n<meta name=\"twitter:label1\" content=\"Gesch\u00e4tzte Lesezeit\" \/>\n\t<meta name=\"twitter:data1\" content=\"3\u00a0Minuten\" \/>\n<script type=\"application\/ld+json\" class=\"yoast-schema-graph\">{\"@context\":\"https:\\\/\\\/schema.org\",\"@graph\":[{\"@type\":\"WebPage\",\"@id\":\"https:\\\/\\\/www.uhrenankauf365.de\\\/uhr-verkaufen\\\/audemars_piguet\\\/\",\"url\":\"https:\\\/\\\/www.uhrenankauf365.de\\\/uhr-verkaufen\\\/audemars_piguet\\\/\",\"name\":\"Audemars Piguet Ankauf - Uhrenankauf 365\",\"isPartOf\":{\"@id\":\"https:\\\/\\\/www.uhrenankauf365.de\\\/uhr-verkaufen\\\/#website\"},\"primaryImageOfPage\":{\"@id\":\"https:\\\/\\\/www.uhrenankauf365.de\\\/uhr-verkaufen\\\/audemars_piguet\\\/#primaryimage\"},\"image\":{\"@id\":\"https:\\\/\\\/www.uhrenankauf365.de\\\/uhr-verkaufen\\\/audemars_piguet\\\/#primaryimage\"},\"thumbnailUrl\":\"https:\\\/\\\/www.uhrenankauf365.de\\\/uhr-verkaufen\\\/wp-content\\\/uploads\\\/2020\\\/12\\\/audemars_piguet_ankaufswert.jpg\",\"datePublished\":\"2020-12-02T14:08:44+00:00\",\"dateModified\":\"2024-06-06T13:22:29+00:00\",\"description\":\"Ankauf von Audemars Piguet Uhren - bundesweit, diskret, fair. Wir garantieren eine schnelle Auszahlung und seri\u00f6se Abwicklung.\",\"breadcrumb\":{\"@id\":\"https:\\\/\\\/www.uhrenankauf365.de\\\/uhr-verkaufen\\\/audemars_piguet\\\/#breadcrumb\"},\"inLanguage\":\"de\",\"potentialAction\":[{\"@type\":\"ReadAction\",\"target\":[\"https:\\\/\\\/www.uhrenankauf365.de\\\/uhr-verkaufen\\\/audemars_piguet\\\/\"]}]},{\"@type\":\"ImageObject\",\"inLanguage\":\"de\",\"@id\":\"https:\\\/\\\/www.uhrenankauf365.de\\\/uhr-verkaufen\\\/audemars_piguet\\\/#primaryimage\",\"url\":\"https:\\\/\\\/www.uhrenankauf365.de\\\/uhr-verkaufen\\\/wp-content\\\/uploads\\\/2020\\\/12\\\/audemars_piguet_ankaufswert.jpg\",\"contentUrl\":\"https:\\\/\\\/www.uhrenankauf365.de\\\/uhr-verkaufen\\\/wp-content\\\/uploads\\\/2020\\\/12\\\/audemars_piguet_ankaufswert.jpg\",\"width\":579,\"height\":700},{\"@type\":\"BreadcrumbList\",\"@id\":\"https:\\\/\\\/www.uhrenankauf365.de\\\/uhr-verkaufen\\\/audemars_piguet\\\/#breadcrumb\",\"itemListElement\":[{\"@type\":\"ListItem\",\"position\":1,\"name\":\"Startseite\",\"item\":\"https:\\\/\\\/www.uhrenankauf365.de\\\/uhr-verkaufen\\\/\"},{\"@type\":\"ListItem\",\"position\":2,\"name\":\"Audemars Piguet Ankauf\"}]},{\"@type\":\"WebSite\",\"@id\":\"https:\\\/\\\/www.uhrenankauf365.de\\\/uhr-verkaufen\\\/#website\",\"url\":\"https:\\\/\\\/www.uhrenankauf365.de\\\/uhr-verkaufen\\\/\",\"name\":\"Uhrenankauf 365\",\"description\":\"Jetzt Ihre Luxusuhr verkaufen!\",\"publisher\":{\"@id\":\"https:\\\/\\\/www.uhrenankauf365.de\\\/uhr-verkaufen\\\/#organization\"},\"potentialAction\":[{\"@type\":\"SearchAction\",\"target\":{\"@type\":\"EntryPoint\",\"urlTemplate\":\"https:\\\/\\\/www.uhrenankauf365.de\\\/uhr-verkaufen\\\/?s={search_term_string}\"},\"query-input\":{\"@type\":\"PropertyValueSpecification\",\"valueRequired\":true,\"valueName\":\"search_term_string\"}}],\"inLanguage\":\"de\"},{\"@type\":\"Organization\",\"@id\":\"https:\\\/\\\/www.uhrenankauf365.de\\\/uhr-verkaufen\\\/#organization\",\"name\":\"uhrenankauf365.de, Anke Michels\",\"url\":\"https:\\\/\\\/www.uhrenankauf365.de\\\/uhr-verkaufen\\\/\",\"logo\":{\"@type\":\"ImageObject\",\"inLanguage\":\"de\",\"@id\":\"https:\\\/\\\/www.uhrenankauf365.de\\\/uhr-verkaufen\\\/#\\\/schema\\\/logo\\\/image\\\/\",\"url\":\"https:\\\/\\\/www.uhrenankauf365.de\\\/uhr-verkaufen\\\/wp-content\\\/uploads\\\/2020\\\/11\\\/logo_uhrenankauf.png\",\"contentUrl\":\"https:\\\/\\\/www.uhrenankauf365.de\\\/uhr-verkaufen\\\/wp-content\\\/uploads\\\/2020\\\/11\\\/logo_uhrenankauf.png\",\"width\":98,\"height\":100,\"caption\":\"uhrenankauf365.de, Anke Michels\"},\"image\":{\"@id\":\"https:\\\/\\\/www.uhrenankauf365.de\\\/uhr-verkaufen\\\/#\\\/schema\\\/logo\\\/image\\\/\"}}]}<\/script>\n<!-- \/ Yoast SEO plugin. -->","yoast_head_json":{"title":"Audemars Piguet Ankauf - Uhrenankauf 365","description":"Ankauf von Audemars Piguet Uhren - bundesweit, diskret, fair. Wir garantieren eine schnelle Auszahlung und seri\u00f6se Abwicklung.","robots":{"index":"index","follow":"follow","max-snippet":"max-snippet:-1","max-image-preview":"max-image-preview:large","max-video-preview":"max-video-preview:-1"},"canonical":"https:\/\/www.uhrenankauf365.de\/uhr-verkaufen\/audemars_piguet\/","og_locale":"de_DE","og_type":"article","og_title":"Audemars Piguet Ankauf - Uhrenankauf 365","og_description":"Ankauf von Audemars Piguet Uhren - bundesweit, diskret, fair. Wir garantieren eine schnelle Auszahlung und seri\u00f6se Abwicklung.","og_url":"https:\/\/www.uhrenankauf365.de\/uhr-verkaufen\/audemars_piguet\/","og_site_name":"Uhrenankauf 365","article_modified_time":"2024-06-06T13:22:29+00:00","og_image":[{"url":"https:\/\/www.uhrenankauf365.de\/uhr-verkaufen\/wp-content\/uploads\/2020\/12\/audemars_piguet_ankaufswert.jpg","type":"","width":"","height":""}],"twitter_card":"summary_large_image","twitter_misc":{"Gesch\u00e4tzte Lesezeit":"3\u00a0Minuten"},"schema":{"@context":"https:\/\/schema.org","@graph":[{"@type":"WebPage","@id":"https:\/\/www.uhrenankauf365.de\/uhr-verkaufen\/audemars_piguet\/","url":"https:\/\/www.uhrenankauf365.de\/uhr-verkaufen\/audemars_piguet\/","name":"Audemars Piguet Ankauf - Uhrenankauf 365","isPartOf":{"@id":"https:\/\/www.uhrenankauf365.de\/uhr-verkaufen\/#website"},"primaryImageOfPage":{"@id":"https:\/\/www.uhrenankauf365.de\/uhr-verkaufen\/audemars_piguet\/#primaryimage"},"image":{"@id":"https:\/\/www.uhrenankauf365.de\/uhr-verkaufen\/audemars_piguet\/#primaryimage"},"thumbnailUrl":"https:\/\/www.uhrenankauf365.de\/uhr-verkaufen\/wp-content\/uploads\/2020\/12\/audemars_piguet_ankaufswert.jpg","datePublished":"2020-12-02T14:08:44+00:00","dateModified":"2024-06-06T13:22:29+00:00","description":"Ankauf von Audemars Piguet Uhren - bundesweit, diskret, fair. Wir garantieren eine schnelle Auszahlung und seri\u00f6se Abwicklung.","breadcrumb":{"@id":"https:\/\/www.uhrenankauf365.de\/uhr-verkaufen\/audemars_piguet\/#breadcrumb"},"inLanguage":"de","potentialAction":[{"@type":"ReadAction","target":["https:\/\/www.uhrenankauf365.de\/uhr-verkaufen\/audemars_piguet\/"]}]},{"@type":"ImageObject","inLanguage":"de","@id":"https:\/\/www.uhrenankauf365.de\/uhr-verkaufen\/audemars_piguet\/#primaryimage","url":"https:\/\/www.uhrenankauf365.de\/uhr-verkaufen\/wp-content\/uploads\/2020\/12\/audemars_piguet_ankaufswert.jpg","contentUrl":"https:\/\/www.uhrenankauf365.de\/uhr-verkaufen\/wp-content\/uploads\/2020\/12\/audemars_piguet_ankaufswert.jpg","width":579,"height":700},{"@type":"BreadcrumbList","@id":"https:\/\/www.uhrenankauf365.de\/uhr-verkaufen\/audemars_piguet\/#breadcrumb","itemListElement":[{"@type":"ListItem","position":1,"name":"Startseite","item":"https:\/\/www.uhrenankauf365.de\/uhr-verkaufen\/"},{"@type":"ListItem","position":2,"name":"Audemars Piguet Ankauf"}]},{"@type":"WebSite","@id":"https:\/\/www.uhrenankauf365.de\/uhr-verkaufen\/#website","url":"https:\/\/www.uhrenankauf365.de\/uhr-verkaufen\/","name":"Uhrenankauf 365","description":"Jetzt Ihre Luxusuhr verkaufen!","publisher":{"@id":"https:\/\/www.uhrenankauf365.de\/uhr-verkaufen\/#organization"},"potentialAction":[{"@type":"SearchAction","target":{"@type":"EntryPoint","urlTemplate":"https:\/\/www.uhrenankauf365.de\/uhr-verkaufen\/?s={search_term_string}"},"query-input":{"@type":"PropertyValueSpecification","valueRequired":true,"valueName":"search_term_string"}}],"inLanguage":"de"},{"@type":"Organization","@id":"https:\/\/www.uhrenankauf365.de\/uhr-verkaufen\/#organization","name":"uhrenankauf365.de, Anke Michels","url":"https:\/\/www.uhrenankauf365.de\/uhr-verkaufen\/","logo":{"@type":"ImageObject","inLanguage":"de","@id":"https:\/\/www.uhrenankauf365.de\/uhr-verkaufen\/#\/schema\/logo\/image\/","url":"https:\/\/www.uhrenankauf365.de\/uhr-verkaufen\/wp-content\/uploads\/2020\/11\/logo_uhrenankauf.png","contentUrl":"https:\/\/www.uhrenankauf365.de\/uhr-verkaufen\/wp-content\/uploads\/2020\/11\/logo_uhrenankauf.png","width":98,"height":100,"caption":"uhrenankauf365.de, Anke Michels"},"image":{"@id":"https:\/\/www.uhrenankauf365.de\/uhr-verkaufen\/#\/schema\/logo\/image\/"}}]}},"_links":{"self":[{"href":"https:\/\/www.uhrenankauf365.de\/uhr-verkaufen\/wp-json\/wp\/v2\/pages\/341","targetHints":{"allow":["GET"]}}],"collection":[{"href":"https:\/\/www.uhrenankauf365.de\/uhr-verkaufen\/wp-json\/wp\/v2\/pages"}],"about":[{"href":"https:\/\/www.uhrenankauf365.de\/uhr-verkaufen\/wp-json\/wp\/v2\/types\/page"}],"author":[{"embeddable":true,"href":"https:\/\/www.uhrenankauf365.de\/uhr-verkaufen\/wp-json\/wp\/v2\/users\/1"}],"replies":[{"embeddable":true,"href":"https:\/\/www.uhrenankauf365.de\/uhr-verkaufen\/wp-json\/wp\/v2\/comments?post=341"}],"version-history":[{"count":9,"href":"https:\/\/www.uhrenankauf365.de\/uhr-verkaufen\/wp-json\/wp\/v2\/pages\/341\/revisions"}],"predecessor-version":[{"id":1992,"href":"https:\/\/www.uhrenankauf365.de\/uhr-verkaufen\/wp-json\/wp\/v2\/pages\/341\/revisions\/1992"}],"wp:attachment":[{"href":"https:\/\/www.uhrenankauf365.de\/uhr-verkaufen\/wp-json\/wp\/v2\/media?parent=341"}],"curies":[{"name":"wp","href":"https:\/\/api.w.org\/{rel}","templated":true}]}}