{"id":313,"date":"2020-11-24T13:33:30","date_gmt":"2020-11-24T12:33:30","guid":{"rendered":"https:\/\/www.uhrenankauf365.de\/uhr-verkaufen\/?page_id=313"},"modified":"2025-04-07T23:27:18","modified_gmt":"2025-04-07T21:27:18","slug":"a_lange_und_soehne","status":"publish","type":"page","link":"https:\/\/www.uhrenankauf365.de\/uhr-verkaufen\/a_lange_und_soehne\/","title":{"rendered":"A. Lange &#038; S\u00f6hne verkaufen"},"content":{"rendered":"<div class=\"wp-bootstrap-blocks-row row\">\n\t\n\n<div class=\"col-12 col-md-6\">\n\t\t\t\n\n<h2 class=\"wp-block-heading\" id=\"u1361-2\">Uhrenankauf von A. Lange &amp; S\u00f6hne<\/h2>\n\n\n\n<p id=\"u1361-5\">Die Historie des Uhrenherstellers A. Lange &amp; S\u00f6hne geht zur\u00fcck ins Jahr 1845, in dem der Uhrenmachermeister Ferdinand Adolph Lange in Glash\u00fctte (bei Dresden gelegen) seine Uhrenmanufaktur gr\u00fcndete. Seitdem hat sich die Marke zu einer der namhaftesten Luxusuhrenmarken entwickelt und gilt als eine der obersten Fabrikate, wenn es um teure, edle Chronometer geht.<\/p>\n\n\n\n<p id=\"u1361-11\">Wir sind stets am <strong>Ankauf von Uhren von A. Lange &amp; S\u00f6hne<\/strong> interessiert und freuen uns auf Ihr Angebot. Am einfachsten k\u00f6nnen Sie das <a href=\"https:\/\/www.uhrenankauf365.de\/uhr-verkaufen\/ankaufsformular\/\">Formular &#8222;Uhrenankauf&#8220;<\/a> nutzen, um uns Ihre Uhr anzubieten.<\/p>\n\n\t<\/div>\n\n\n\n<div class=\"col-12 col-md-6\">\n\t\t\t\n\n<h2 class=\"wp-block-heading\" id=\"u1370-2\">Wertvolle Uhren<\/h2>\n\n\n\n<p id=\"u1370-14\">Die Entwicklung vieler <a href=\"https:\/\/www.nobeluhren-store.de\/hersteller\/a_lange_und_soehne\" target=\"_blank\" rel=\"noreferrer noopener\">Uhren von <strong>A. Lange &amp; S\u00f6hne<\/strong><\/a> folgt einer steilen Aufw\u00e4rtskurve. Gerade \u00e4ltere Modelle, beispielsweise eine <a href=\"https:\/\/www.uhrenankauf365.de\/uhr-verkaufen\/lange-1-ankauf\/\">Lange 1<\/a>,  erfreuen sich in der Sammlerszene \u00e4u\u00dferster Beliebtheit, was sich nat\u00fcrlich im Ankaufspreis bemerkbar macht, wenn Sie Ihre A. Lange &amp; S\u00f6hne verkaufen. Der Preis h\u00e4ngt von mehreren Faktoren wie dem Allgemeinzustand, Werk und dem Armband ab. Entscheidend ist auch, ob Sie Ihre Uhr mit der originalen Box und den Papieren verkaufen. Diese Informationen fragen wir im <a href=\"https:\/\/www.uhrenankauf365.de\/uhr-verkaufen\/ankaufsformular\/\">Uhren-Ankaufsformular<\/a> ab, so dass Sie schon bei der ersten Kontaktaufnahme die wichtigsten Eckdaten mitsenden k\u00f6nnen.<\/p>\n\n\t<\/div>\n\n<\/div>\n\n\n<div class=\"wp-bootstrap-blocks-container container mb-5 uak_heller_hintergrund_line_height_normal text-center p-4 mt-4\">\n\t\n\n<h3 class=\"wp-block-heading\" id=\"u1363-2\">Wir kaufen A. Lange &amp; S\u00f6hne!<\/h3>\n\n\n\n<p id=\"u1363-4\"><strong>Profitieren Sie&nbsp;von unserer jahrzehntelangen Erfahrung im Uhrenhandel!<\/strong><\/p>\n\n\n\n<p><a class=\"btn btn-primary btn-lg\" href=\"https:\/\/www.uhrenankauf365.de\/uhr-verkaufen\/ankaufsformular\/\">Zum Ankaufsformular<\/a><\/p>\n\n<\/div>\n\n\n<div class=\"wp-bootstrap-blocks-row row\">\n\t\n\n<div class=\"col-12 col-md-6\">\n\t\t\t\n\n<h3 class=\"wp-block-heading\" id=\"u1376-2\">Aufwendige Werke &#8222;Made in Germany&#8220;<\/h3>\n\n\n\n<p id=\"u1376-5\">Die Detailverliebtheit bei A. Lange &amp; S\u00f6hne ist an dieser Abbildung des Werks einer 1815 Chronograph Boutique Edition deutlich zu erkennen. Das geschulte Auge erkennt die Besonderheiten bzw. charakteristischen Merkmale des Herstellers:<\/p>\n\n\n\n<ul id=\"u1376-17\" class=\"wp-block-list\">\n<li>Dreiviertelplatine, entwickelt von Ferdinand Adolph Lange<\/li>\n\n\n\n<li>Der &#8222;Glash\u00fctter Sonnenschliff&#8220;<\/li>\n\n\n\n<li>Bl\u00e4uliche Schrauben<\/li>\n\n\n\n<li>Schwanenhals-Feinregulierung<\/li>\n\n\n\n<li>Der Unruhkloben ist ganz fein graviert<\/li>\n<\/ul>\n\n\n\n<p id=\"u1376-25\"><\/p>\n\n\t<\/div>\n\n\n\n<div class=\"col-12 col-md-6\">\n\t\t\t\n\n<figure class=\"wp-block-image size-full img-fluid\"><img loading=\"lazy\" decoding=\"async\" width=\"700\" height=\"396\" src=\"https:\/\/www.uhrenankauf365.de\/uhr-verkaufen\/wp-content\/uploads\/2020\/11\/a_lange_und_soehne_1815_chronograph_boutique_edition_werk.jpg\" alt=\"Foto: A. Lange und S\u00f6hne Boutique Edition Werk\" class=\"wp-image-323\" srcset=\"https:\/\/www.uhrenankauf365.de\/uhr-verkaufen\/wp-content\/uploads\/2020\/11\/a_lange_und_soehne_1815_chronograph_boutique_edition_werk.jpg 700w, https:\/\/www.uhrenankauf365.de\/uhr-verkaufen\/wp-content\/uploads\/2020\/11\/a_lange_und_soehne_1815_chronograph_boutique_edition_werk-300x170.jpg 300w\" sizes=\"auto, (max-width: 700px) 100vw, 700px\" \/><\/figure>\n\n\n\n<p>Eine solche Uhr in gutem Zustand mit Original Box und Papieren bringt Ihnen im Verkauf ungef\u00e4hr 30.000 Euro. Genauere Preise k\u00f6nnen wir Ihnen nennen, wenn Sie uns Ihre Uhr \u00fcber das <a href=\"https:\/\/www.uhrenankauf365.de\/uhr-verkaufen\/ankaufsformular\/\">Formular zum Verkauf<\/a> anbieten.<\/p>\n\n\t<\/div>\n\n<\/div>\n\n\n\n<div class=\"container p-4 uak_heller_hintergrund\">\n<div class=\"row mb-4\">\n<div class=\"col-12 col-md-6 text-center\">\n<i class=\"uak365icon fas fa-file-alt\"><\/i><br>\n<div class=\"ankaufschritte_title\">Formular ausf\u00fcllen<\/div>\n<small>Das <a href=\"https:\/\/www.uhrenankauf365.de\/uhr-verkaufen\/ankaufsformular\/\" title=\"Ankaufsformular Uhren\">Ankaufsformular<\/a> erfasst alle wichtigen Angaben zur Armbanduhr, die Sie verkaufen m\u00f6chten und erleichtert die Ermittlung eines fairen Ankaufspreises.<\/small>\n<\/div>\n<div class=\"col-12 col-md-6 text-center\">\n<i class=\"uak365icon far fa-handshake\"><\/i><br>\n<div class=\"ankaufschritte_title\">Angebot erhalten<\/div>\n<small>Wir unterbreiten Ihnen nach Erhalt der Informationen zur Uhr ein Angebot zum Ankauf. Offene Fragen kl\u00e4ren wir vorab.<\/small>\n<\/div>\n<\/div>\n\n\n<div class=\"row\">\n<div class=\"col-12 col-md-6 text-center\">\n<i class=\"uak365icon fas fa-truck-loading\"><\/i><br>\n<div class=\"ankaufschritte_title\">Uhr wird abgeholt<\/div>\n<small>Ein auf Werttransporte spezialisiertes Unternehmen holt die Uhr bei Ihnen ab. Mehr dazu erfahren Sie <a href=\"https:\/\/www.uhrenankauf365.de\/uhr-verkaufen\/ankauf-faq\/\">hier<\/a>.<\/small>\n<\/div>\n<div class=\"col-12 col-md-6 text-center\">\n<i class=\"uak365icon fas fa-euro-sign\"><\/i><br>\n<div class=\"ankaufschritte_title\">Geld erhalten<\/div>\n<small>Nach Pr\u00fcfung der Armbanduhr zahlen wir den vereinbarten Ankaufspreis zuverl\u00e4ssig und schnell auf Ihr Konto aus.\n<\/small>\n<\/div>\n<\/div>\n\n<\/div>\n","protected":false},"excerpt":{"rendered":"","protected":false},"author":1,"featured_media":0,"parent":0,"menu_order":0,"comment_status":"closed","ping_status":"closed","template":"","meta":{"footnotes":""},"class_list":["post-313","page","type-page","status-publish","hentry"],"yoast_head":"<!-- This site is optimized with the Yoast SEO plugin v27.3 - https:\/\/yoast.com\/product\/yoast-seo-wordpress\/ -->\n<title>Uhren Ankauf A. Lange und S\u00f6hne - Seri\u00f6s, fair, schnell.<\/title>\n<meta name=\"description\" content=\"Wir kaufen bundesweit Luxusuhren von A. Lange und S\u00f6hne zu marktgerechten Preisen bei schneller Auszahlung. Jetzt das Formular ausf\u00fcllen!\" \/>\n<meta name=\"robots\" content=\"index, follow, max-snippet:-1, max-image-preview:large, max-video-preview:-1\" \/>\n<link rel=\"canonical\" href=\"https:\/\/www.uhrenankauf365.de\/uhr-verkaufen\/a_lange_und_soehne\/\" \/>\n<meta property=\"og:locale\" content=\"de_DE\" \/>\n<meta property=\"og:type\" content=\"article\" \/>\n<meta property=\"og:title\" content=\"Uhren Ankauf A. Lange und S\u00f6hne - Seri\u00f6s, fair, schnell.\" \/>\n<meta property=\"og:description\" content=\"Wir kaufen bundesweit Luxusuhren von A. Lange und S\u00f6hne zu marktgerechten Preisen bei schneller Auszahlung. Jetzt das Formular ausf\u00fcllen!\" \/>\n<meta property=\"og:url\" content=\"https:\/\/www.uhrenankauf365.de\/uhr-verkaufen\/a_lange_und_soehne\/\" \/>\n<meta property=\"og:site_name\" content=\"Uhrenankauf 365\" \/>\n<meta property=\"article:modified_time\" content=\"2025-04-07T21:27:18+00:00\" \/>\n<meta property=\"og:image\" content=\"https:\/\/www.uhrenankauf365.de\/uhr-verkaufen\/wp-content\/uploads\/2020\/11\/a_lange_und_soehne_1815_chronograph_boutique_edition_werk.jpg\" \/>\n\t<meta property=\"og:image:width\" content=\"700\" \/>\n\t<meta property=\"og:image:height\" content=\"396\" \/>\n\t<meta property=\"og:image:type\" content=\"image\/jpeg\" \/>\n<meta name=\"twitter:card\" content=\"summary_large_image\" \/>\n<meta name=\"twitter:label1\" content=\"Gesch\u00e4tzte Lesezeit\" \/>\n\t<meta name=\"twitter:data1\" content=\"1\u00a0Minute\" \/>\n<script type=\"application\/ld+json\" class=\"yoast-schema-graph\">{\"@context\":\"https:\\\/\\\/schema.org\",\"@graph\":[{\"@type\":\"WebPage\",\"@id\":\"https:\\\/\\\/www.uhrenankauf365.de\\\/uhr-verkaufen\\\/a_lange_und_soehne\\\/\",\"url\":\"https:\\\/\\\/www.uhrenankauf365.de\\\/uhr-verkaufen\\\/a_lange_und_soehne\\\/\",\"name\":\"Uhren Ankauf A. Lange und S\u00f6hne - Seri\u00f6s, fair, schnell.\",\"isPartOf\":{\"@id\":\"https:\\\/\\\/www.uhrenankauf365.de\\\/uhr-verkaufen\\\/#website\"},\"primaryImageOfPage\":{\"@id\":\"https:\\\/\\\/www.uhrenankauf365.de\\\/uhr-verkaufen\\\/a_lange_und_soehne\\\/#primaryimage\"},\"image\":{\"@id\":\"https:\\\/\\\/www.uhrenankauf365.de\\\/uhr-verkaufen\\\/a_lange_und_soehne\\\/#primaryimage\"},\"thumbnailUrl\":\"https:\\\/\\\/www.uhrenankauf365.de\\\/uhr-verkaufen\\\/wp-content\\\/uploads\\\/2020\\\/11\\\/a_lange_und_soehne_1815_chronograph_boutique_edition_werk.jpg\",\"datePublished\":\"2020-11-24T12:33:30+00:00\",\"dateModified\":\"2025-04-07T21:27:18+00:00\",\"description\":\"Wir kaufen bundesweit Luxusuhren von A. Lange und S\u00f6hne zu marktgerechten Preisen bei schneller Auszahlung. Jetzt das Formular ausf\u00fcllen!\",\"breadcrumb\":{\"@id\":\"https:\\\/\\\/www.uhrenankauf365.de\\\/uhr-verkaufen\\\/a_lange_und_soehne\\\/#breadcrumb\"},\"inLanguage\":\"de\",\"potentialAction\":[{\"@type\":\"ReadAction\",\"target\":[\"https:\\\/\\\/www.uhrenankauf365.de\\\/uhr-verkaufen\\\/a_lange_und_soehne\\\/\"]}]},{\"@type\":\"ImageObject\",\"inLanguage\":\"de\",\"@id\":\"https:\\\/\\\/www.uhrenankauf365.de\\\/uhr-verkaufen\\\/a_lange_und_soehne\\\/#primaryimage\",\"url\":\"https:\\\/\\\/www.uhrenankauf365.de\\\/uhr-verkaufen\\\/wp-content\\\/uploads\\\/2020\\\/11\\\/a_lange_und_soehne_1815_chronograph_boutique_edition_werk.jpg\",\"contentUrl\":\"https:\\\/\\\/www.uhrenankauf365.de\\\/uhr-verkaufen\\\/wp-content\\\/uploads\\\/2020\\\/11\\\/a_lange_und_soehne_1815_chronograph_boutique_edition_werk.jpg\",\"width\":700,\"height\":396},{\"@type\":\"BreadcrumbList\",\"@id\":\"https:\\\/\\\/www.uhrenankauf365.de\\\/uhr-verkaufen\\\/a_lange_und_soehne\\\/#breadcrumb\",\"itemListElement\":[{\"@type\":\"ListItem\",\"position\":1,\"name\":\"Startseite\",\"item\":\"https:\\\/\\\/www.uhrenankauf365.de\\\/uhr-verkaufen\\\/\"},{\"@type\":\"ListItem\",\"position\":2,\"name\":\"A. Lange &#038; S\u00f6hne verkaufen\"}]},{\"@type\":\"WebSite\",\"@id\":\"https:\\\/\\\/www.uhrenankauf365.de\\\/uhr-verkaufen\\\/#website\",\"url\":\"https:\\\/\\\/www.uhrenankauf365.de\\\/uhr-verkaufen\\\/\",\"name\":\"Uhrenankauf 365\",\"description\":\"Jetzt Ihre Luxusuhr verkaufen!\",\"publisher\":{\"@id\":\"https:\\\/\\\/www.uhrenankauf365.de\\\/uhr-verkaufen\\\/#organization\"},\"potentialAction\":[{\"@type\":\"SearchAction\",\"target\":{\"@type\":\"EntryPoint\",\"urlTemplate\":\"https:\\\/\\\/www.uhrenankauf365.de\\\/uhr-verkaufen\\\/?s={search_term_string}\"},\"query-input\":{\"@type\":\"PropertyValueSpecification\",\"valueRequired\":true,\"valueName\":\"search_term_string\"}}],\"inLanguage\":\"de\"},{\"@type\":\"Organization\",\"@id\":\"https:\\\/\\\/www.uhrenankauf365.de\\\/uhr-verkaufen\\\/#organization\",\"name\":\"uhrenankauf365.de, Anke Michels\",\"url\":\"https:\\\/\\\/www.uhrenankauf365.de\\\/uhr-verkaufen\\\/\",\"logo\":{\"@type\":\"ImageObject\",\"inLanguage\":\"de\",\"@id\":\"https:\\\/\\\/www.uhrenankauf365.de\\\/uhr-verkaufen\\\/#\\\/schema\\\/logo\\\/image\\\/\",\"url\":\"https:\\\/\\\/www.uhrenankauf365.de\\\/uhr-verkaufen\\\/wp-content\\\/uploads\\\/2020\\\/11\\\/logo_uhrenankauf.png\",\"contentUrl\":\"https:\\\/\\\/www.uhrenankauf365.de\\\/uhr-verkaufen\\\/wp-content\\\/uploads\\\/2020\\\/11\\\/logo_uhrenankauf.png\",\"width\":98,\"height\":100,\"caption\":\"uhrenankauf365.de, Anke Michels\"},\"image\":{\"@id\":\"https:\\\/\\\/www.uhrenankauf365.de\\\/uhr-verkaufen\\\/#\\\/schema\\\/logo\\\/image\\\/\"}}]}<\/script>\n<!-- \/ Yoast SEO plugin. -->","yoast_head_json":{"title":"Uhren Ankauf A. Lange und S\u00f6hne - Seri\u00f6s, fair, schnell.","description":"Wir kaufen bundesweit Luxusuhren von A. Lange und S\u00f6hne zu marktgerechten Preisen bei schneller Auszahlung. Jetzt das Formular ausf\u00fcllen!","robots":{"index":"index","follow":"follow","max-snippet":"max-snippet:-1","max-image-preview":"max-image-preview:large","max-video-preview":"max-video-preview:-1"},"canonical":"https:\/\/www.uhrenankauf365.de\/uhr-verkaufen\/a_lange_und_soehne\/","og_locale":"de_DE","og_type":"article","og_title":"Uhren Ankauf A. Lange und S\u00f6hne - Seri\u00f6s, fair, schnell.","og_description":"Wir kaufen bundesweit Luxusuhren von A. Lange und S\u00f6hne zu marktgerechten Preisen bei schneller Auszahlung. Jetzt das Formular ausf\u00fcllen!","og_url":"https:\/\/www.uhrenankauf365.de\/uhr-verkaufen\/a_lange_und_soehne\/","og_site_name":"Uhrenankauf 365","article_modified_time":"2025-04-07T21:27:18+00:00","og_image":[{"width":700,"height":396,"url":"https:\/\/www.uhrenankauf365.de\/uhr-verkaufen\/wp-content\/uploads\/2020\/11\/a_lange_und_soehne_1815_chronograph_boutique_edition_werk.jpg","type":"image\/jpeg"}],"twitter_card":"summary_large_image","twitter_misc":{"Gesch\u00e4tzte Lesezeit":"1\u00a0Minute"},"schema":{"@context":"https:\/\/schema.org","@graph":[{"@type":"WebPage","@id":"https:\/\/www.uhrenankauf365.de\/uhr-verkaufen\/a_lange_und_soehne\/","url":"https:\/\/www.uhrenankauf365.de\/uhr-verkaufen\/a_lange_und_soehne\/","name":"Uhren Ankauf A. Lange und S\u00f6hne - Seri\u00f6s, fair, schnell.","isPartOf":{"@id":"https:\/\/www.uhrenankauf365.de\/uhr-verkaufen\/#website"},"primaryImageOfPage":{"@id":"https:\/\/www.uhrenankauf365.de\/uhr-verkaufen\/a_lange_und_soehne\/#primaryimage"},"image":{"@id":"https:\/\/www.uhrenankauf365.de\/uhr-verkaufen\/a_lange_und_soehne\/#primaryimage"},"thumbnailUrl":"https:\/\/www.uhrenankauf365.de\/uhr-verkaufen\/wp-content\/uploads\/2020\/11\/a_lange_und_soehne_1815_chronograph_boutique_edition_werk.jpg","datePublished":"2020-11-24T12:33:30+00:00","dateModified":"2025-04-07T21:27:18+00:00","description":"Wir kaufen bundesweit Luxusuhren von A. Lange und S\u00f6hne zu marktgerechten Preisen bei schneller Auszahlung. Jetzt das Formular ausf\u00fcllen!","breadcrumb":{"@id":"https:\/\/www.uhrenankauf365.de\/uhr-verkaufen\/a_lange_und_soehne\/#breadcrumb"},"inLanguage":"de","potentialAction":[{"@type":"ReadAction","target":["https:\/\/www.uhrenankauf365.de\/uhr-verkaufen\/a_lange_und_soehne\/"]}]},{"@type":"ImageObject","inLanguage":"de","@id":"https:\/\/www.uhrenankauf365.de\/uhr-verkaufen\/a_lange_und_soehne\/#primaryimage","url":"https:\/\/www.uhrenankauf365.de\/uhr-verkaufen\/wp-content\/uploads\/2020\/11\/a_lange_und_soehne_1815_chronograph_boutique_edition_werk.jpg","contentUrl":"https:\/\/www.uhrenankauf365.de\/uhr-verkaufen\/wp-content\/uploads\/2020\/11\/a_lange_und_soehne_1815_chronograph_boutique_edition_werk.jpg","width":700,"height":396},{"@type":"BreadcrumbList","@id":"https:\/\/www.uhrenankauf365.de\/uhr-verkaufen\/a_lange_und_soehne\/#breadcrumb","itemListElement":[{"@type":"ListItem","position":1,"name":"Startseite","item":"https:\/\/www.uhrenankauf365.de\/uhr-verkaufen\/"},{"@type":"ListItem","position":2,"name":"A. Lange &#038; S\u00f6hne verkaufen"}]},{"@type":"WebSite","@id":"https:\/\/www.uhrenankauf365.de\/uhr-verkaufen\/#website","url":"https:\/\/www.uhrenankauf365.de\/uhr-verkaufen\/","name":"Uhrenankauf 365","description":"Jetzt Ihre Luxusuhr verkaufen!","publisher":{"@id":"https:\/\/www.uhrenankauf365.de\/uhr-verkaufen\/#organization"},"potentialAction":[{"@type":"SearchAction","target":{"@type":"EntryPoint","urlTemplate":"https:\/\/www.uhrenankauf365.de\/uhr-verkaufen\/?s={search_term_string}"},"query-input":{"@type":"PropertyValueSpecification","valueRequired":true,"valueName":"search_term_string"}}],"inLanguage":"de"},{"@type":"Organization","@id":"https:\/\/www.uhrenankauf365.de\/uhr-verkaufen\/#organization","name":"uhrenankauf365.de, Anke Michels","url":"https:\/\/www.uhrenankauf365.de\/uhr-verkaufen\/","logo":{"@type":"ImageObject","inLanguage":"de","@id":"https:\/\/www.uhrenankauf365.de\/uhr-verkaufen\/#\/schema\/logo\/image\/","url":"https:\/\/www.uhrenankauf365.de\/uhr-verkaufen\/wp-content\/uploads\/2020\/11\/logo_uhrenankauf.png","contentUrl":"https:\/\/www.uhrenankauf365.de\/uhr-verkaufen\/wp-content\/uploads\/2020\/11\/logo_uhrenankauf.png","width":98,"height":100,"caption":"uhrenankauf365.de, Anke Michels"},"image":{"@id":"https:\/\/www.uhrenankauf365.de\/uhr-verkaufen\/#\/schema\/logo\/image\/"}}]}},"_links":{"self":[{"href":"https:\/\/www.uhrenankauf365.de\/uhr-verkaufen\/wp-json\/wp\/v2\/pages\/313","targetHints":{"allow":["GET"]}}],"collection":[{"href":"https:\/\/www.uhrenankauf365.de\/uhr-verkaufen\/wp-json\/wp\/v2\/pages"}],"about":[{"href":"https:\/\/www.uhrenankauf365.de\/uhr-verkaufen\/wp-json\/wp\/v2\/types\/page"}],"author":[{"embeddable":true,"href":"https:\/\/www.uhrenankauf365.de\/uhr-verkaufen\/wp-json\/wp\/v2\/users\/1"}],"replies":[{"embeddable":true,"href":"https:\/\/www.uhrenankauf365.de\/uhr-verkaufen\/wp-json\/wp\/v2\/comments?post=313"}],"version-history":[{"count":17,"href":"https:\/\/www.uhrenankauf365.de\/uhr-verkaufen\/wp-json\/wp\/v2\/pages\/313\/revisions"}],"predecessor-version":[{"id":2151,"href":"https:\/\/www.uhrenankauf365.de\/uhr-verkaufen\/wp-json\/wp\/v2\/pages\/313\/revisions\/2151"}],"wp:attachment":[{"href":"https:\/\/www.uhrenankauf365.de\/uhr-verkaufen\/wp-json\/wp\/v2\/media?parent=313"}],"curies":[{"name":"wp","href":"https:\/\/api.w.org\/{rel}","templated":true}]}}