{"id":2751,"date":"2026-05-04T15:31:00","date_gmt":"2026-05-04T13:31:00","guid":{"rendered":"https:\/\/www.uhrenankauf365.de\/uhr-verkaufen\/?page_id=2751"},"modified":"2026-05-06T16:00:58","modified_gmt":"2026-05-06T14:00:58","slug":"patek-philippe-grande-complications-ankauf","status":"publish","type":"page","link":"https:\/\/www.uhrenankauf365.de\/uhr-verkaufen\/patek-philippe-grande-complications-ankauf\/","title":{"rendered":"Patek Philippe Grande Complications Ankauf"},"content":{"rendered":"\n<p>In der Welt der Uhrmacherei gibt es einen Begriff, der nur den allerkomplexesten Zeitmessern vorbehalten ist: die Grande Complication. Bei Patek Philippe bezeichnet er jene Modelle, die die schwierigsten mechanischen Komplikationen vereinen \u2013 Minutenrepetition, ewiger Kalender, Tourbillon oder Schleppzeigerchronograph (\u201eRattrapante\u201c). Nicht als blo\u00dfe Ansammlung von Funktionen, sondern als perfekt aufeinander abgestimmtes Gesamtwerk.<\/p>\n\n\n\n<p>Wenn Sie im Besitz einer solchen Uhr sind und \u00fcber einen Verkauf nachdenken, sind Sie bei uns genau richtig. Als <strong>erfahrener Ank\u00e4ufer f\u00fcr Luxusuhren<\/strong> kennen wir den wahren Wert dieser au\u00dfergew\u00f6hnlichen Zeitmesser \u2013 und bieten Ihnen daf\u00fcr faire, marktgerechte Preise. Wenn Sie den Wert Ihrer Patek Philippe Luxusuhr im Uhrenankauf erfahren m\u00f6chten, f\u00fcllen Sie also am besten unser <a href=\"https:\/\/www.uhrenankauf365.de\/uhr-verkaufen\/ankaufsformular\/\">Ankaufsformular<\/a> aus.<\/p>\n\n\n\n<h2 class=\"wp-block-heading\">Was macht eine Grande Complication so besonders?<\/h2>\n\n\n\n<p>Was diese Uhren von allem anderen unterscheidet, ist der Entstehungsprozess. Jede Grande Complication wird vollst\u00e4ndig von Hand gefertigt. Einzelne Modelle bestehen aus \u00fcber 800 Bauteilen, deren Fertigung, Finissierung und Montage mitunter mehrere Jahre in Anspruch nimmt. Winzige Schrauben werden per Hand poliert, Br\u00fccken von Hand angliert, Oberfl\u00e4chen nach dem strengen Standard des <a href=\"https:\/\/de.wikipedia.org\/wiki\/Genfer_Siegel\" target=\"_blank\" rel=\"noreferrer noopener\">Genfer Siegels<\/a> vollendet. Die Innenseite einer Grande Complication ist so makellos wie ihre Au\u00dfenseite \u2013 auch dort, wo kein Auge hinschaut.<\/p>\n\n\n<div class=\"wp-bootstrap-blocks-container container mb-5 uak_heller_hintergrund_line_height_normal text-center p-4 mt-4\">\n\t\n\n<h3 class=\"wp-block-heading\" id=\"u1363-2\">Wir kaufen Luxusuhren!<\/h3>\n\n\n\n<p id=\"u1363-4\"><strong>Profitieren Sie\u00a0von unserer jahrzehntelangen Erfahrung im Uhrenhandel!<\/strong><\/p>\n\n\n\n<p><a class=\"btn btn-primary btn-lg\" href=\"https:\/\/www.uhrenankauf365.de\/uhr-verkaufen\/ankaufsformular\/\">Zum Ankaufsformular<\/a><\/p>\n\n<\/div>\n\n\n\n<h2 class=\"wp-block-heading\">M\u00f6chten Sie Ihre Patek Philippe \u201eEwiger Kalender\u201c verkaufen?<\/h2>\n\n\n\n<div class=\"wp-block-columns is-layout-flex wp-container-core-columns-is-layout-9d6595d7 wp-block-columns-is-layout-flex\">\n<div class=\"wp-block-column is-layout-flow wp-block-column-is-layout-flow\">\n<p>Der <strong>ewige Kalender<\/strong> ist Patek Philippes uhrmacherisches Urgestein. Die Manufaktur geh\u00f6rte in den sp\u00e4ten 1920er Jahren zu den ersten \u00fcberhaupt, die diese Komplikation in eine Armbanduhr integrierten.<\/p>\n\n\n\n<p>Ein mechanisches \u201eGed\u00e4chtnis\u201c f\u00fcr alle Monatsl\u00e4ngen inklusive Schaltjahre \u2013 bis zum Jahr 2100 ist keine manuelle Korrektur n\u00f6tig.<\/p>\n\n\n\n<p>Modelle der Ref.-5270-Familie, mit Handaufzug und sechs patentierten Neuerungen im Kaliber CH 29-535 PS Q, geh\u00f6ren zu den gefragtesten Referenzen am Markt. Wir kennen ihre St\u00e4rken \u2013 und bewerten sie im Uhrenankauf entsprechend. Wenn Sie Ihre Patek Philippe mit ewigem Kalender verkaufen m\u00f6chten, sind Sie bei uns richtig.<\/p>\n\n\n<div class=\"wp-bootstrap-blocks-button\">\n\t<a\n\t\thref=\"https:\/\/www.uhrenankauf365.de\/uhr-verkaufen\/ankaufsformular\/\"\n\t\t\t\t\t\tclass=\"btn btn-primary\"\n\t>\n\t\tEwiger Kalender verkaufen\t<\/a>\n<\/div>\n<\/div>\n\n\n\n<div class=\"wp-block-column is-layout-flow wp-block-column-is-layout-flow\">\n<figure class=\"wp-block-image size-full\"><a href=\"https:\/\/www.uhrenankauf365.de\/uhr-verkaufen\/ankaufsformular\/\"><img loading=\"lazy\" decoding=\"async\" width=\"800\" height=\"800\" src=\"https:\/\/www.uhrenankauf365.de\/uhr-verkaufen\/wp-content\/uploads\/2026\/05\/patek_grande_complication_ewiger_kalender_ankauf_set.webp\" alt=\"Foto einer Patek Philippe Ewiger Kalender (Perpetual Calendar) auf einem Holztisch liegend\" class=\"wp-image-2754\" srcset=\"https:\/\/www.uhrenankauf365.de\/uhr-verkaufen\/wp-content\/uploads\/2026\/05\/patek_grande_complication_ewiger_kalender_ankauf_set.webp 800w, https:\/\/www.uhrenankauf365.de\/uhr-verkaufen\/wp-content\/uploads\/2026\/05\/patek_grande_complication_ewiger_kalender_ankauf_set-300x300.webp 300w, https:\/\/www.uhrenankauf365.de\/uhr-verkaufen\/wp-content\/uploads\/2026\/05\/patek_grande_complication_ewiger_kalender_ankauf_set-150x150.webp 150w, https:\/\/www.uhrenankauf365.de\/uhr-verkaufen\/wp-content\/uploads\/2026\/05\/patek_grande_complication_ewiger_kalender_ankauf_set-768x768.webp 768w\" sizes=\"auto, (max-width: 800px) 100vw, 800px\" \/><\/a><\/figure>\n<\/div>\n<\/div>\n\n\n\n<div class=\"container p-4 uak_heller_hintergrund\">\n<div class=\"row mb-4\">\n<div class=\"col-12 col-md-6 text-center\">\n<i class=\"uak365icon fas fa-file-alt\"><\/i><br>\n<div class=\"ankaufschritte_title\">Formular ausf\u00fcllen<\/div>\n<small>Das <a href=\"https:\/\/www.uhrenankauf365.de\/uhr-verkaufen\/ankaufsformular\/\" title=\"Ankaufsformular Uhren\">Ankaufsformular<\/a> erfasst alle wichtigen Angaben zur Armbanduhr, die Sie verkaufen m\u00f6chten und erleichtert die Ermittlung eines fairen Ankaufspreises.<\/small>\n<\/div>\n<div class=\"col-12 col-md-6 text-center\">\n<i class=\"uak365icon far fa-handshake\"><\/i><br>\n<div class=\"ankaufschritte_title\">Angebot erhalten<\/div>\n<small>Wir unterbreiten Ihnen nach Erhalt der Informationen zur Uhr ein Angebot zum Ankauf. Offene Fragen kl\u00e4ren wir vorab.<\/small>\n<\/div>\n<\/div>\n\n\n<div class=\"row\">\n<div class=\"col-12 col-md-6 text-center\">\n<i class=\"uak365icon fas fa-truck-loading\"><\/i><br>\n<div class=\"ankaufschritte_title\">Uhr wird abgeholt<\/div>\n<small>Ein auf Werttransporte spezialisiertes Unternehmen holt die Uhr bei Ihnen ab. Mehr dazu erfahren Sie <a href=\"https:\/\/www.uhrenankauf365.de\/uhr-verkaufen\/ankauf-faq\/\">hier<\/a>.<\/small>\n<\/div>\n<div class=\"col-12 col-md-6 text-center\">\n<i class=\"uak365icon fas fa-euro-sign\"><\/i><br>\n<div class=\"ankaufschritte_title\">Geld erhalten<\/div>\n<small>Nach Pr\u00fcfung der Armbanduhr zahlen wir den vereinbarten Ankaufspreis zuverl\u00e4ssig und schnell auf Ihr Konto aus.\n<\/small>\n<\/div>\n<\/div>\n\n<\/div>\n\n\n\n<h2 class=\"wp-block-heading mt-5\">Patek Philippe Luxusuhr mit Minutenrepetition verkaufen<\/h2>\n\n\n\n<p>Die Minutenrepetition gilt unter Uhrmachern als die anspruchsvollste aller Komplikationen: Sie schl\u00e4gt auf Knopfdruck Stunden, Viertelstunden und Minuten in T\u00f6nen.<\/p>\n\n\n\n<p>Das Besondere: Es gibt keinen Lautsprecher, keinen Elektromagneten, keine Elektronik. Nur zwei winzige Metallfedern (Gongs) und ein hochpr\u00e4zises Nocken- und Rechen-System, das beim Dr\u00fccken des Schiebers blitzschnell die aktuelle Zeit \u201eliest\u201c und in T\u00f6ne \u00fcbersetzt.<\/p>\n\n\n\n<p>Patek Philippe kombiniert diese Komplikation stets mit weiteren Meisterleistungen, etwa ewigem Kalender (siehe oben) oder Tourbillon (folgt). Modelle wie die Ref. 5208 vereinen Minutenrepetition, Schleppzeigerchronograph und ewigen Kalender in einem einzigen Geh\u00e4use. Wir kaufen diese au\u00dfergew\u00f6hnlichen St\u00fccke deutschlandweit an \u2013 zu einem Preis, der ihrer Rarit\u00e4t gerecht wird.<\/p>\n\n\n<div class=\"wp-bootstrap-blocks-button\">\n\t<a\n\t\thref=\"https:\/\/www.uhrenankauf365.de\/uhr-verkaufen\/ankaufsformular\/\"\n\t\t\t\t\t\tclass=\"btn btn-primary\"\n\t>\n\t\tLuxusuhr jetzt anbieten\t<\/a>\n<\/div>\n\n\n\n<section class=\"wp-block-group p-1 p-lg-3 mt-5 has-background\" style=\"background-color:#f9efe3\"><div class=\"wp-block-group__inner-container is-layout-constrained wp-block-group-is-layout-constrained\">\n<div class=\"wp-block-columns is-layout-flex wp-container-core-columns-is-layout-9d6595d7 wp-block-columns-is-layout-flex\">\n<div class=\"wp-block-column is-layout-flow wp-block-column-is-layout-flow\">\n<h4 class=\"wp-block-heading\">Vintage Grande Complications ankaufen \u2013 Ref. 2499, 3970, 3940<\/h4>\n\n\n\n<p>\u00c4ltere Referenzen wie die legend\u00e4re Ref. 2499 \u2013 eines der seltensten und begehrtesten Sammlerst\u00fccke \u00fcberhaupt \u2013 oder die Klassiker der 3970- und 3940-Generation erzielen auf Auktionen regelm\u00e4\u00dfig Rekordpreise.<\/p>\n\n\n\n<p><strong>Wir kaufen auch Vintage-Referenzen aus Privatbesitz deutschlandweit an. Box und Papiere erh\u00f6hen den Wert, sind aber keine Voraussetzung. <\/strong>Wir bewerten Ihre Uhr so, wie sie ist \u2013 fair, sachkundig und mit \u00fcber 25 Jahren Erfahrung im Luxusuhrenhandel.<\/p>\n<\/div>\n\n\n\n<div class=\"wp-block-column is-layout-flow wp-block-column-is-layout-flow\">\n<figure class=\"wp-block-image size-large\"><img loading=\"lazy\" decoding=\"async\" width=\"1024\" height=\"695\" src=\"https:\/\/www.uhrenankauf365.de\/uhr-verkaufen\/wp-content\/uploads\/2026\/05\/patek_3970_komplettset_ankauf-1024x695.jpg\" alt=\"3970 im Komplettset aus einem Uhrenankauf\" class=\"wp-image-2772\" srcset=\"https:\/\/www.uhrenankauf365.de\/uhr-verkaufen\/wp-content\/uploads\/2026\/05\/patek_3970_komplettset_ankauf-1024x695.jpg 1024w, https:\/\/www.uhrenankauf365.de\/uhr-verkaufen\/wp-content\/uploads\/2026\/05\/patek_3970_komplettset_ankauf-300x204.jpg 300w, https:\/\/www.uhrenankauf365.de\/uhr-verkaufen\/wp-content\/uploads\/2026\/05\/patek_3970_komplettset_ankauf-768x521.jpg 768w, https:\/\/www.uhrenankauf365.de\/uhr-verkaufen\/wp-content\/uploads\/2026\/05\/patek_3970_komplettset_ankauf-1536x1042.jpg 1536w, https:\/\/www.uhrenankauf365.de\/uhr-verkaufen\/wp-content\/uploads\/2026\/05\/patek_3970_komplettset_ankauf-2048x1390.jpg 2048w\" sizes=\"auto, (max-width: 1024px) 100vw, 1024px\" \/><\/figure>\n<\/div>\n<\/div>\n<\/div><\/section>\n\n\n\n<h2 class=\"wp-block-heading mt-5\">M\u00f6chten Sie einen Schleppzeigerchronograph von Patek Philippe verkaufen?<\/h2>\n\n\n\n<div class=\"wp-block-columns is-layout-flex wp-container-core-columns-is-layout-9d6595d7 wp-block-columns-is-layout-flex\">\n<div class=\"wp-block-column is-layout-flow wp-block-column-is-layout-flow\">\n<p>Bereits 1923 fertigte Patek Philippe seinen ersten <strong>Schleppzeigerchronographen<\/strong> f\u00fcr das Handgelenk \u2013 eine Tradition, die bis heute fortgef\u00fchrt wird. Die Ref. 5204 besteht aus 496 Einzelteilen, verbindet Schleppzeigermechanismus mit ewigem Kalender und ist in ihrer Ausf\u00fchrung ein Paradebeispiel daf\u00fcr, wie technische Komplexit\u00e4t und \u00e4sthetische Vollkommenheit zusammenwachsen.<\/p>\n\n\n\n<p>Wenn Sie eine dieser seltenen Referenzen besitzen und seri\u00f6s verkaufen m\u00f6chten, sprechen Sie uns gerne an bzw. f\u00fcllen Sie unser <a href=\"https:\/\/www.uhrenankauf365.de\/uhr-verkaufen\/ankaufsformular\/\">Ankaufsformular<\/a> aus! In der Regel erhalten Sie innerhalb weniger Stunden eine preisliche Einsch\u00e4tzung Ihrer Patek Philippe im Uhrenankauf.<\/p>\n<\/div>\n\n\n\n<div class=\"wp-block-column is-layout-flow wp-block-column-is-layout-flow\">\n<figure class=\"wp-block-image size-large\"><img loading=\"lazy\" decoding=\"async\" width=\"1024\" height=\"768\" src=\"https:\/\/www.uhrenankauf365.de\/uhr-verkaufen\/wp-content\/uploads\/2026\/05\/schleppzeiger_chronograph_patek-1024x768.webp\" alt=\"Schleppzeiger-Chronograph 5004P Ewiger Kalender Split Second\" class=\"wp-image-2777\" title=\"5004P Ewiger Kalender Split Second\" srcset=\"https:\/\/www.uhrenankauf365.de\/uhr-verkaufen\/wp-content\/uploads\/2026\/05\/schleppzeiger_chronograph_patek-1024x768.webp 1024w, https:\/\/www.uhrenankauf365.de\/uhr-verkaufen\/wp-content\/uploads\/2026\/05\/schleppzeiger_chronograph_patek-300x225.webp 300w, https:\/\/www.uhrenankauf365.de\/uhr-verkaufen\/wp-content\/uploads\/2026\/05\/schleppzeiger_chronograph_patek-768x576.webp 768w, https:\/\/www.uhrenankauf365.de\/uhr-verkaufen\/wp-content\/uploads\/2026\/05\/schleppzeiger_chronograph_patek-1536x1152.webp 1536w, https:\/\/www.uhrenankauf365.de\/uhr-verkaufen\/wp-content\/uploads\/2026\/05\/schleppzeiger_chronograph_patek.webp 2000w\" sizes=\"auto, (max-width: 1024px) 100vw, 1024px\" \/><\/figure>\n\n\n\n<p class=\"has-text-align-center has-small-font-size\">Das Foto zeigt die Referenz 5004P mit Schleppzeiger<\/p>\n<\/div>\n<\/div>\n\n\n\n<figure class=\"wp-block-image size-full\"><a href=\"https:\/\/www.uhrenankauf365.de\/uhr-verkaufen\/ankaufsformular\/\"><img loading=\"lazy\" decoding=\"async\" width=\"1200\" height=\"593\" src=\"https:\/\/www.uhrenankauf365.de\/uhr-verkaufen\/wp-content\/uploads\/2026\/05\/wir_kaufen_ihre_patek_philippe_uhr.webp\" alt=\"Wir kaufen Ihre Patek Philippe-Uhr\" class=\"wp-image-2784\" srcset=\"https:\/\/www.uhrenankauf365.de\/uhr-verkaufen\/wp-content\/uploads\/2026\/05\/wir_kaufen_ihre_patek_philippe_uhr.webp 1200w, https:\/\/www.uhrenankauf365.de\/uhr-verkaufen\/wp-content\/uploads\/2026\/05\/wir_kaufen_ihre_patek_philippe_uhr-300x148.webp 300w, https:\/\/www.uhrenankauf365.de\/uhr-verkaufen\/wp-content\/uploads\/2026\/05\/wir_kaufen_ihre_patek_philippe_uhr-1024x506.webp 1024w, https:\/\/www.uhrenankauf365.de\/uhr-verkaufen\/wp-content\/uploads\/2026\/05\/wir_kaufen_ihre_patek_philippe_uhr-768x380.webp 768w\" sizes=\"auto, (max-width: 1200px) 100vw, 1200px\" \/><\/a><\/figure>\n\n\n\n<h2 class=\"wp-block-heading\">Sky Moon Tourbillon verkaufen<\/h2>\n\n\n\n<p>Zw\u00f6lf Komplikationen in einem Geh\u00e4use: Der <strong>Sky Moon Tourbillon<\/strong> von Patek Philippe ist eine der komplexesten Serienuhren der Welt. Auf dem Zifferblatt bildet er poetisch den Sternenhimmel \u00fcber Genf ab \u2013 mit Mondphasen, Sideralzeit und Himmelskartenanzeige. Der Tourbillon kompensiert den Einfluss der Schwerkraft auf die Ganggenauigkeit.<\/p>\n\n\n\n<p>St\u00fccke dieser Referenz sind am freien Markt kaum zu finden. Umso wichtiger ist eine Bewertung durch jemanden mit echter Marktkenntnis, wenn Sie <strong><a href=\"https:\/\/www.uhrenankauf365.de\/uhr-verkaufen\/ankaufsformular\/\">diese Uhr verkaufen<\/a><\/strong> m\u00f6chten. Seit 1998 im Uhrenhandel t\u00e4tig, liefern wir genau das. Wir garantieren eine seri\u00f6se, diskrete Abwicklung und zahlen marktgerechte Preise. Sprechen Sie uns gerne direkt an!<\/p>\n\n\n<div class=\"wp-bootstrap-blocks-button\">\n\t<a\n\t\thref=\"https:\/\/www.uhrenankauf365.de\/uhr-verkaufen\/ankauf-faq\/\"\n\t\t\t\t\t\tclass=\"btn btn-primary\"\n\t>\n\t\tWeitere Informationen zum Uhrenankauf\t<\/a>\n<\/div>\n\n\n\n<p><\/p>\n","protected":false},"excerpt":{"rendered":"<p>In der Welt der Uhrmacherei gibt es einen Begriff, der nur den allerkomplexesten Zeitmessern vorbehalten ist: die Grande Complication. Bei Patek Philippe bezeichnet er jene Modelle, die die schwierigsten mechanischen Komplikationen vereinen \u2013 Minutenrepetition, ewiger Kalender, Tourbillon oder Schleppzeigerchronograph (\u201eRattrapante\u201c). Nicht als blo\u00dfe Ansammlung von Funktionen, sondern als perfekt aufeinander abgestimmtes Gesamtwerk. Wenn Sie im [&hellip;]<\/p>\n","protected":false},"author":1,"featured_media":0,"parent":0,"menu_order":0,"comment_status":"closed","ping_status":"closed","template":"","meta":{"footnotes":""},"class_list":["post-2751","page","type-page","status-publish","hentry"],"yoast_head":"<!-- This site is optimized with the Yoast SEO plugin v27.5 - https:\/\/yoast.com\/product\/yoast-seo-wordpress\/ -->\n<title>Patek Philippe Grande Complications Ankauf<\/title>\n<meta name=\"description\" content=\"Wir kaufen Patek Philippe Grande Complications und zahlen fair und schnell. Seit 1998. Jetzt das Uhrenankauf-Formular ausf\u00fcllen!\" \/>\n<meta name=\"robots\" content=\"index, follow, max-snippet:-1, max-image-preview:large, max-video-preview:-1\" \/>\n<link rel=\"canonical\" href=\"https:\/\/www.uhrenankauf365.de\/uhr-verkaufen\/patek-philippe-grande-complications-ankauf\/\" \/>\n<meta property=\"og:locale\" content=\"de_DE\" \/>\n<meta property=\"og:type\" content=\"article\" \/>\n<meta property=\"og:title\" content=\"Patek Philippe Grande Complications Ankauf\" \/>\n<meta property=\"og:description\" content=\"Wir kaufen Patek Philippe Grande Complications und zahlen fair und schnell. Seit 1998. Jetzt das Uhrenankauf-Formular ausf\u00fcllen!\" \/>\n<meta property=\"og:url\" content=\"https:\/\/www.uhrenankauf365.de\/uhr-verkaufen\/patek-philippe-grande-complications-ankauf\/\" \/>\n<meta property=\"og:site_name\" content=\"Uhrenankauf 365\" \/>\n<meta property=\"article:modified_time\" content=\"2026-05-06T14:00:58+00:00\" \/>\n<meta property=\"og:image\" content=\"https:\/\/www.uhrenankauf365.de\/uhr-verkaufen\/wp-content\/uploads\/2026\/05\/patek_grande_complication_ewiger_kalender_ankauf_set.webp\" \/>\n\t<meta property=\"og:image:width\" content=\"800\" \/>\n\t<meta property=\"og:image:height\" content=\"800\" \/>\n\t<meta property=\"og:image:type\" content=\"image\/webp\" \/>\n<meta name=\"twitter:card\" content=\"summary_large_image\" \/>\n<meta name=\"twitter:label1\" content=\"Gesch\u00e4tzte Lesezeit\" \/>\n\t<meta name=\"twitter:data1\" content=\"14\u00a0Minuten\" \/>\n<script type=\"application\/ld+json\" class=\"yoast-schema-graph\">{\"@context\":\"https:\\\/\\\/schema.org\",\"@graph\":[{\"@type\":\"WebPage\",\"@id\":\"https:\\\/\\\/www.uhrenankauf365.de\\\/uhr-verkaufen\\\/patek-philippe-grande-complications-ankauf\\\/\",\"url\":\"https:\\\/\\\/www.uhrenankauf365.de\\\/uhr-verkaufen\\\/patek-philippe-grande-complications-ankauf\\\/\",\"name\":\"Patek Philippe Grande Complications Ankauf\",\"isPartOf\":{\"@id\":\"https:\\\/\\\/www.uhrenankauf365.de\\\/uhr-verkaufen\\\/#website\"},\"primaryImageOfPage\":{\"@id\":\"https:\\\/\\\/www.uhrenankauf365.de\\\/uhr-verkaufen\\\/patek-philippe-grande-complications-ankauf\\\/#primaryimage\"},\"image\":{\"@id\":\"https:\\\/\\\/www.uhrenankauf365.de\\\/uhr-verkaufen\\\/patek-philippe-grande-complications-ankauf\\\/#primaryimage\"},\"thumbnailUrl\":\"https:\\\/\\\/www.uhrenankauf365.de\\\/uhr-verkaufen\\\/wp-content\\\/uploads\\\/2026\\\/05\\\/patek_grande_complication_ewiger_kalender_ankauf_set.webp\",\"datePublished\":\"2026-05-04T13:31:00+00:00\",\"dateModified\":\"2026-05-06T14:00:58+00:00\",\"description\":\"Wir kaufen Patek Philippe Grande Complications und zahlen fair und schnell. Seit 1998. Jetzt das Uhrenankauf-Formular ausf\u00fcllen!\",\"breadcrumb\":{\"@id\":\"https:\\\/\\\/www.uhrenankauf365.de\\\/uhr-verkaufen\\\/patek-philippe-grande-complications-ankauf\\\/#breadcrumb\"},\"inLanguage\":\"de\",\"potentialAction\":[{\"@type\":\"ReadAction\",\"target\":[\"https:\\\/\\\/www.uhrenankauf365.de\\\/uhr-verkaufen\\\/patek-philippe-grande-complications-ankauf\\\/\"]}]},{\"@type\":\"ImageObject\",\"inLanguage\":\"de\",\"@id\":\"https:\\\/\\\/www.uhrenankauf365.de\\\/uhr-verkaufen\\\/patek-philippe-grande-complications-ankauf\\\/#primaryimage\",\"url\":\"https:\\\/\\\/www.uhrenankauf365.de\\\/uhr-verkaufen\\\/wp-content\\\/uploads\\\/2026\\\/05\\\/patek_grande_complication_ewiger_kalender_ankauf_set.webp\",\"contentUrl\":\"https:\\\/\\\/www.uhrenankauf365.de\\\/uhr-verkaufen\\\/wp-content\\\/uploads\\\/2026\\\/05\\\/patek_grande_complication_ewiger_kalender_ankauf_set.webp\",\"width\":800,\"height\":800},{\"@type\":\"BreadcrumbList\",\"@id\":\"https:\\\/\\\/www.uhrenankauf365.de\\\/uhr-verkaufen\\\/patek-philippe-grande-complications-ankauf\\\/#breadcrumb\",\"itemListElement\":[{\"@type\":\"ListItem\",\"position\":1,\"name\":\"Startseite\",\"item\":\"https:\\\/\\\/www.uhrenankauf365.de\\\/uhr-verkaufen\\\/\"},{\"@type\":\"ListItem\",\"position\":2,\"name\":\"Patek Philippe Grande Complications Ankauf\"}]},{\"@type\":\"WebSite\",\"@id\":\"https:\\\/\\\/www.uhrenankauf365.de\\\/uhr-verkaufen\\\/#website\",\"url\":\"https:\\\/\\\/www.uhrenankauf365.de\\\/uhr-verkaufen\\\/\",\"name\":\"Uhrenankauf 365\",\"description\":\"Jetzt Ihre Luxusuhr verkaufen!\",\"publisher\":{\"@id\":\"https:\\\/\\\/www.uhrenankauf365.de\\\/uhr-verkaufen\\\/#organization\"},\"potentialAction\":[{\"@type\":\"SearchAction\",\"target\":{\"@type\":\"EntryPoint\",\"urlTemplate\":\"https:\\\/\\\/www.uhrenankauf365.de\\\/uhr-verkaufen\\\/?s={search_term_string}\"},\"query-input\":{\"@type\":\"PropertyValueSpecification\",\"valueRequired\":true,\"valueName\":\"search_term_string\"}}],\"inLanguage\":\"de\"},{\"@type\":\"Organization\",\"@id\":\"https:\\\/\\\/www.uhrenankauf365.de\\\/uhr-verkaufen\\\/#organization\",\"name\":\"uhrenankauf365.de, Anke Michels\",\"url\":\"https:\\\/\\\/www.uhrenankauf365.de\\\/uhr-verkaufen\\\/\",\"logo\":{\"@type\":\"ImageObject\",\"inLanguage\":\"de\",\"@id\":\"https:\\\/\\\/www.uhrenankauf365.de\\\/uhr-verkaufen\\\/#\\\/schema\\\/logo\\\/image\\\/\",\"url\":\"https:\\\/\\\/www.uhrenankauf365.de\\\/uhr-verkaufen\\\/wp-content\\\/uploads\\\/2020\\\/11\\\/logo_uhrenankauf.png\",\"contentUrl\":\"https:\\\/\\\/www.uhrenankauf365.de\\\/uhr-verkaufen\\\/wp-content\\\/uploads\\\/2020\\\/11\\\/logo_uhrenankauf.png\",\"width\":98,\"height\":100,\"caption\":\"uhrenankauf365.de, Anke Michels\"},\"image\":{\"@id\":\"https:\\\/\\\/www.uhrenankauf365.de\\\/uhr-verkaufen\\\/#\\\/schema\\\/logo\\\/image\\\/\"}}]}<\/script>\n<!-- \/ Yoast SEO plugin. -->","yoast_head_json":{"title":"Patek Philippe Grande Complications Ankauf","description":"Wir kaufen Patek Philippe Grande Complications und zahlen fair und schnell. Seit 1998. Jetzt das Uhrenankauf-Formular ausf\u00fcllen!","robots":{"index":"index","follow":"follow","max-snippet":"max-snippet:-1","max-image-preview":"max-image-preview:large","max-video-preview":"max-video-preview:-1"},"canonical":"https:\/\/www.uhrenankauf365.de\/uhr-verkaufen\/patek-philippe-grande-complications-ankauf\/","og_locale":"de_DE","og_type":"article","og_title":"Patek Philippe Grande Complications Ankauf","og_description":"Wir kaufen Patek Philippe Grande Complications und zahlen fair und schnell. Seit 1998. Jetzt das Uhrenankauf-Formular ausf\u00fcllen!","og_url":"https:\/\/www.uhrenankauf365.de\/uhr-verkaufen\/patek-philippe-grande-complications-ankauf\/","og_site_name":"Uhrenankauf 365","article_modified_time":"2026-05-06T14:00:58+00:00","og_image":[{"width":800,"height":800,"url":"https:\/\/www.uhrenankauf365.de\/uhr-verkaufen\/wp-content\/uploads\/2026\/05\/patek_grande_complication_ewiger_kalender_ankauf_set.webp","type":"image\/webp"}],"twitter_card":"summary_large_image","twitter_misc":{"Gesch\u00e4tzte Lesezeit":"14\u00a0Minuten"},"schema":{"@context":"https:\/\/schema.org","@graph":[{"@type":"WebPage","@id":"https:\/\/www.uhrenankauf365.de\/uhr-verkaufen\/patek-philippe-grande-complications-ankauf\/","url":"https:\/\/www.uhrenankauf365.de\/uhr-verkaufen\/patek-philippe-grande-complications-ankauf\/","name":"Patek Philippe Grande Complications Ankauf","isPartOf":{"@id":"https:\/\/www.uhrenankauf365.de\/uhr-verkaufen\/#website"},"primaryImageOfPage":{"@id":"https:\/\/www.uhrenankauf365.de\/uhr-verkaufen\/patek-philippe-grande-complications-ankauf\/#primaryimage"},"image":{"@id":"https:\/\/www.uhrenankauf365.de\/uhr-verkaufen\/patek-philippe-grande-complications-ankauf\/#primaryimage"},"thumbnailUrl":"https:\/\/www.uhrenankauf365.de\/uhr-verkaufen\/wp-content\/uploads\/2026\/05\/patek_grande_complication_ewiger_kalender_ankauf_set.webp","datePublished":"2026-05-04T13:31:00+00:00","dateModified":"2026-05-06T14:00:58+00:00","description":"Wir kaufen Patek Philippe Grande Complications und zahlen fair und schnell. Seit 1998. Jetzt das Uhrenankauf-Formular ausf\u00fcllen!","breadcrumb":{"@id":"https:\/\/www.uhrenankauf365.de\/uhr-verkaufen\/patek-philippe-grande-complications-ankauf\/#breadcrumb"},"inLanguage":"de","potentialAction":[{"@type":"ReadAction","target":["https:\/\/www.uhrenankauf365.de\/uhr-verkaufen\/patek-philippe-grande-complications-ankauf\/"]}]},{"@type":"ImageObject","inLanguage":"de","@id":"https:\/\/www.uhrenankauf365.de\/uhr-verkaufen\/patek-philippe-grande-complications-ankauf\/#primaryimage","url":"https:\/\/www.uhrenankauf365.de\/uhr-verkaufen\/wp-content\/uploads\/2026\/05\/patek_grande_complication_ewiger_kalender_ankauf_set.webp","contentUrl":"https:\/\/www.uhrenankauf365.de\/uhr-verkaufen\/wp-content\/uploads\/2026\/05\/patek_grande_complication_ewiger_kalender_ankauf_set.webp","width":800,"height":800},{"@type":"BreadcrumbList","@id":"https:\/\/www.uhrenankauf365.de\/uhr-verkaufen\/patek-philippe-grande-complications-ankauf\/#breadcrumb","itemListElement":[{"@type":"ListItem","position":1,"name":"Startseite","item":"https:\/\/www.uhrenankauf365.de\/uhr-verkaufen\/"},{"@type":"ListItem","position":2,"name":"Patek Philippe Grande Complications Ankauf"}]},{"@type":"WebSite","@id":"https:\/\/www.uhrenankauf365.de\/uhr-verkaufen\/#website","url":"https:\/\/www.uhrenankauf365.de\/uhr-verkaufen\/","name":"Uhrenankauf 365","description":"Jetzt Ihre Luxusuhr verkaufen!","publisher":{"@id":"https:\/\/www.uhrenankauf365.de\/uhr-verkaufen\/#organization"},"potentialAction":[{"@type":"SearchAction","target":{"@type":"EntryPoint","urlTemplate":"https:\/\/www.uhrenankauf365.de\/uhr-verkaufen\/?s={search_term_string}"},"query-input":{"@type":"PropertyValueSpecification","valueRequired":true,"valueName":"search_term_string"}}],"inLanguage":"de"},{"@type":"Organization","@id":"https:\/\/www.uhrenankauf365.de\/uhr-verkaufen\/#organization","name":"uhrenankauf365.de, Anke Michels","url":"https:\/\/www.uhrenankauf365.de\/uhr-verkaufen\/","logo":{"@type":"ImageObject","inLanguage":"de","@id":"https:\/\/www.uhrenankauf365.de\/uhr-verkaufen\/#\/schema\/logo\/image\/","url":"https:\/\/www.uhrenankauf365.de\/uhr-verkaufen\/wp-content\/uploads\/2020\/11\/logo_uhrenankauf.png","contentUrl":"https:\/\/www.uhrenankauf365.de\/uhr-verkaufen\/wp-content\/uploads\/2020\/11\/logo_uhrenankauf.png","width":98,"height":100,"caption":"uhrenankauf365.de, Anke Michels"},"image":{"@id":"https:\/\/www.uhrenankauf365.de\/uhr-verkaufen\/#\/schema\/logo\/image\/"}}]}},"_links":{"self":[{"href":"https:\/\/www.uhrenankauf365.de\/uhr-verkaufen\/wp-json\/wp\/v2\/pages\/2751","targetHints":{"allow":["GET"]}}],"collection":[{"href":"https:\/\/www.uhrenankauf365.de\/uhr-verkaufen\/wp-json\/wp\/v2\/pages"}],"about":[{"href":"https:\/\/www.uhrenankauf365.de\/uhr-verkaufen\/wp-json\/wp\/v2\/types\/page"}],"author":[{"embeddable":true,"href":"https:\/\/www.uhrenankauf365.de\/uhr-verkaufen\/wp-json\/wp\/v2\/users\/1"}],"replies":[{"embeddable":true,"href":"https:\/\/www.uhrenankauf365.de\/uhr-verkaufen\/wp-json\/wp\/v2\/comments?post=2751"}],"version-history":[{"count":24,"href":"https:\/\/www.uhrenankauf365.de\/uhr-verkaufen\/wp-json\/wp\/v2\/pages\/2751\/revisions"}],"predecessor-version":[{"id":2791,"href":"https:\/\/www.uhrenankauf365.de\/uhr-verkaufen\/wp-json\/wp\/v2\/pages\/2751\/revisions\/2791"}],"wp:attachment":[{"href":"https:\/\/www.uhrenankauf365.de\/uhr-verkaufen\/wp-json\/wp\/v2\/media?parent=2751"}],"curies":[{"name":"wp","href":"https:\/\/api.w.org\/{rel}","templated":true}]}}