{"id":2684,"date":"2026-02-19T16:49:13","date_gmt":"2026-02-19T15:49:13","guid":{"rendered":"https:\/\/www.uhrenankauf365.de\/uhr-verkaufen\/?page_id=2684"},"modified":"2026-02-19T16:58:30","modified_gmt":"2026-02-19T15:58:30","slug":"uhrenankauf-flensburg","status":"publish","type":"page","link":"https:\/\/www.uhrenankauf365.de\/uhr-verkaufen\/uhrenankauf-flensburg\/","title":{"rendered":"Uhrenankauf Flensburg"},"content":{"rendered":"\n<p>Lassen Sie Ihre gebrauchte Luxusuhr von uns im Uhrenankauf Flensburg bewerten und verkaufen Sie diese zu fairen Preisen bei schneller Auszahlung. Wir sind seit 1998 auf den Ankauf von Luxusuhren spezialisiert und k\u00f6nnen Ihnen nach Ausf\u00fcllen unseres <a href=\"https:\/\/www.uhrenankauf365.de\/uhr-verkaufen\/ankaufsformular\/\">Ankaufsformulars<\/a> sagen, wieviel uns Ihre Rolex, Patek Philippe oder andere Luxusuhr wert ist. Das Angebot ist f\u00fcr Sie selbstverst\u00e4ndlich kostenlos.<\/p>\n\n\n\n<figure class=\"wp-block-image size-full\"><a href=\"https:\/\/www.uhrenankauf365.de\/uhr-verkaufen\/ankaufsformular\/\"><img loading=\"lazy\" decoding=\"async\" width=\"1300\" height=\"558\" src=\"https:\/\/www.uhrenankauf365.de\/uhr-verkaufen\/wp-content\/uploads\/2026\/02\/uhrenankauf-flensburg.webp\" alt=\"Skyline von Flensburg mit einer Nahaufnahme einer Audemars Piguet Luxusuhr\" class=\"wp-image-2685\" srcset=\"https:\/\/www.uhrenankauf365.de\/uhr-verkaufen\/wp-content\/uploads\/2026\/02\/uhrenankauf-flensburg.webp 1300w, https:\/\/www.uhrenankauf365.de\/uhr-verkaufen\/wp-content\/uploads\/2026\/02\/uhrenankauf-flensburg-300x129.webp 300w, https:\/\/www.uhrenankauf365.de\/uhr-verkaufen\/wp-content\/uploads\/2026\/02\/uhrenankauf-flensburg-1024x440.webp 1024w, https:\/\/www.uhrenankauf365.de\/uhr-verkaufen\/wp-content\/uploads\/2026\/02\/uhrenankauf-flensburg-768x330.webp 768w\" sizes=\"auto, (max-width: 1300px) 100vw, 1300px\" \/><\/a><\/figure>\n\n\n\n<h2 class=\"wp-block-heading\">Welche Hersteller kaufen wir an?<\/h2>\n\n\n\n<p>Wir sind speziell an Luxusuhren interessiert, die eher im h\u00f6heren Preissegment beheimatet sind. Gerne holen wir Ihre Uhr in <a href=\"https:\/\/www.flensburg.de\/\">Flensburg<\/a> im Uhrenankauf ab, wenn sie von einem der folgenden Hersteller ist:<\/p>\n\n\n\n<ul class=\"wp-block-list\">\n<li><a href=\"https:\/\/www.uhrenankauf365.de\/uhr-verkaufen\/rolex\/\">Rolex<\/a><\/li>\n\n\n\n<li><a href=\"https:\/\/www.uhrenankauf365.de\/uhr-verkaufen\/patek_philippe\/\">Patek Philippe<\/a><\/li>\n\n\n\n<li><a href=\"https:\/\/www.uhrenankauf365.de\/uhr-verkaufen\/audemars_piguet\/\">Audemars Piguet<\/a> (z. B. eine limitierte Royal Oak Pictet &amp; Cie wie auf dem Foto zu sehen)<\/li>\n\n\n\n<li><a href=\"https:\/\/www.uhrenankauf365.de\/uhr-verkaufen\/a_lange_und_soehne\/\">A. Lange &amp; S\u00f6hne<\/a><\/li>\n\n\n\n<li><a href=\"https:\/\/www.uhrenankauf365.de\/uhr-verkaufen\/jaeger_lecoultre\/\">Jaeger-LeCoultre<\/a><\/li>\n\n\n\n<li><a href=\"https:\/\/www.uhrenankauf365.de\/uhr-verkaufen\/piaget-uhren-ankauf\/\">Piaget<\/a>, z. B. <a href=\"https:\/\/www.uhrenankauf365.de\/uhr-verkaufen\/piaget-polo-ankauf\/\">Polo<\/a> oder <a href=\"https:\/\/www.uhrenankauf365.de\/uhr-verkaufen\/piaget-protocole-ankauf\/\">Protocole<\/a><\/li>\n\n\n\n<li><a href=\"https:\/\/www.uhrenankauf365.de\/uhr-verkaufen\/vacheron_constantin\/\">Vacheron Constantin<\/a><\/li>\n<\/ul>\n\n\n\n<p>Lassen Sie uns aber gerne alle Infos zu Ihrer Uhr \u00fcber unser Ankaufsformular zukommen, auch wenn Sie eine andere Luxusuhrenmarke verkaufen m\u00f6chten.<\/p>\n\n\n<div class=\"wp-bootstrap-blocks-container container mb-2 uak_heller_hintergrund p-4\">\n\t\n\n<p class=\"has-text-align-center\"><strong>Welche Uhrenmarke m\u00f6chten Sie verkaufen?<\/strong><\/p>\n\n\n\n<p class=\"text-center\"><a href=\"https:\/\/www.uhrenankauf365.de\/uhr-verkaufen\/a_lange_und_soehne\" class=\"btn btn-primary mb-1 mt-1\" title=\"Uhren Ankauf A. Lange und S\u00f6hne\">A. Lange &amp; S\u00f6hne<\/a> <a href=\"https:\/\/www.uhrenankauf365.de\/uhr-verkaufen\/audemars_piguet\" class=\"btn btn-primary mb-1 mt-1\" title=\"Uhren Ankauf Audemars Piguet\">Audemars Piguet<\/a> <a href=\"https:\/\/www.uhrenankauf365.de\/uhr-verkaufen\/breitling\" class=\"btn btn-primary mb-1 mt-1\" title=\"Uhren Ankauf Breitling\">Breitling<\/a> <a href=\"https:\/\/www.uhrenankauf365.de\/uhr-verkaufen\/hublot\" class=\"btn btn-primary mb-1 mt-1\" title=\"Uhren Ankauf Hublot\">Hublot<\/a> <a href=\"https:\/\/www.uhrenankauf365.de\/uhr-verkaufen\/jaeger_lecoultre\" class=\"btn btn-primary mb-1 mt-1\" title=\"Uhren Ankauf Jaeger-LeCoultre\">Jaeger-LeCoultre<\/a> <a href=\"https:\/\/www.uhrenankauf365.de\/uhr-verkaufen\/omega\" class=\"btn btn-primary mb-1 mt-1\" title=\"Uhren Ankauf Omega\">Omega<\/a> <a href=\"https:\/\/www.uhrenankauf365.de\/uhr-verkaufen\/patek_philippe\" class=\"btn btn-primary mb-1 mt-1\" title=\"Uhren Ankauf Patek Philippe\">Patek Philippe<\/a> <a href=\"https:\/\/www.uhrenankauf365.de\/uhr-verkaufen\/rolex\" class=\"btn btn-primary mb-1 mt-1\" title=\"Uhren Ankauf Rolex\">Rolex<\/a> <a href=\"https:\/\/www.uhrenankauf365.de\/uhr-verkaufen\/ankaufsformular\" class=\"btn btn-primary mb-1 mt-1\">Andere Marke<\/a><br><br><strong>W\u00fcnschen Sie zun\u00e4chst weitere Informationen zur Abwicklung des Uhrenankaufs?<\/strong><br>\n<a href=\"\/uhr-verkaufen\/ankauf-faq\/\" class=\"btn btn-secondary mt-3\">FAQ anzeigen<\/a><\/p>\n\n<\/div>\n\n\n\n<p><\/p>\n\n\n\n<h2 class=\"wp-block-heading mt-5\">Warum wir im Uhrenankauf Flensburg der richtige Ansprechpartner sind<\/h2>\n\n\n\n<p>Wir sind bereits seit 1998 im Handel mit Luxusuhren t\u00e4tig. Dazu z\u00e4hlt nat\u00fcrlich immer wieder auch der Ankauf von gebrauchten Luxusuhren, die bei Sammlern beliebt sind. Unsere internationalen Gesch\u00e4ftsverh\u00e4ltnisse mit anderen H\u00e4ndlern und Uhrenliebhaber in vielen L\u00e4ndern sind seitdem stetig gewachsen. Wir kennen den Markt sehr gut und k\u00f6nnen Ihnen zeitnah eine Einsch\u00e4tzung \u00fcber eine m\u00f6gliche Ankaufsumme geben. In der Regel erhalten Sie diese innerhalb von 24 Stunden nach Ausf\u00fcllen des Ankaufsformulars!<\/p>\n\n\n\n<p>Durch unsere bundesweite T\u00e4tigkeit im Uhrenankauf k\u00f6nnen wir Ihre Luxusuhr also gerne auch &#8211; jederzeit in voller H\u00f6he versichert &#8211; in Flensburg abholen lassen. Sie wird dann durch unseren Uhrmachermeister bewertet und Sie erhalten ebenfalls in der Regel innerhalb von 24 Stunden eine Auszahlung auf Ihr Bankkonto.<\/p>\n\n\n\n<p class=\"mb-5\"><strong>Wieviel Ihre Luxusuhr im Ankauf wert ist? Finden Sie es jetzt heraus!<\/strong><\/p>\n\n\n<div class=\"wp-bootstrap-blocks-container container mb-5 uak_heller_hintergrund_line_height_normal text-center p-4 mt-4\">\n\t\n\n<h3 class=\"wp-block-heading\" id=\"u1363-2\">Wir kaufen Luxusuhren!<\/h3>\n\n\n\n<p id=\"u1363-4\"><strong>Profitieren Sie&nbsp;von unserer jahrzehntelangen Erfahrung im Uhrenhandel!<\/strong><\/p>\n\n\n\n<p><a class=\"btn btn-primary btn-lg\" href=\"https:\/\/www.uhrenankauf365.de\/uhr-verkaufen\/ankaufsformular\/\">Zum Ankaufsformular<\/a><\/p>\n\n<\/div>\n","protected":false},"excerpt":{"rendered":"<p>Lassen Sie Ihre gebrauchte Luxusuhr von uns im Uhrenankauf Flensburg bewerten und verkaufen Sie diese zu fairen Preisen bei schneller Auszahlung. Wir sind seit 1998 auf den Ankauf von Luxusuhren spezialisiert und k\u00f6nnen Ihnen nach Ausf\u00fcllen unseres Ankaufsformulars sagen, wieviel uns Ihre Rolex, Patek Philippe oder andere Luxusuhr wert ist. Das Angebot ist f\u00fcr Sie [&hellip;]<\/p>\n","protected":false},"author":1,"featured_media":0,"parent":0,"menu_order":0,"comment_status":"closed","ping_status":"closed","template":"","meta":{"footnotes":""},"class_list":["post-2684","page","type-page","status-publish","hentry"],"yoast_head":"<!-- This site is optimized with the Yoast SEO plugin v27.3 - https:\/\/yoast.com\/product\/yoast-seo-wordpress\/ -->\n<title>Uhrenankauf Flensburg<\/title>\n<meta name=\"description\" content=\"Im Uhrenankauf Flensburg erhalten Sie zeitnah faire Auszahlungen f\u00fcr Ihre gebrauchten Luxusuhren. Jetzt Angebot anfordern!\" \/>\n<meta name=\"robots\" content=\"index, follow, max-snippet:-1, max-image-preview:large, max-video-preview:-1\" \/>\n<link rel=\"canonical\" href=\"https:\/\/www.uhrenankauf365.de\/uhr-verkaufen\/uhrenankauf-flensburg\/\" \/>\n<meta property=\"og:locale\" content=\"de_DE\" \/>\n<meta property=\"og:type\" content=\"article\" \/>\n<meta property=\"og:title\" content=\"Uhrenankauf Flensburg\" \/>\n<meta property=\"og:description\" content=\"Im Uhrenankauf Flensburg erhalten Sie zeitnah faire Auszahlungen f\u00fcr Ihre gebrauchten Luxusuhren. Jetzt Angebot anfordern!\" \/>\n<meta property=\"og:url\" content=\"https:\/\/www.uhrenankauf365.de\/uhr-verkaufen\/uhrenankauf-flensburg\/\" \/>\n<meta property=\"og:site_name\" content=\"Uhrenankauf 365\" \/>\n<meta property=\"article:modified_time\" content=\"2026-02-19T15:58:30+00:00\" \/>\n<meta property=\"og:image\" content=\"https:\/\/www.uhrenankauf365.de\/uhr-verkaufen\/wp-content\/uploads\/2026\/02\/uhrenankauf-flensburg.webp\" \/>\n\t<meta property=\"og:image:width\" content=\"1300\" \/>\n\t<meta property=\"og:image:height\" content=\"558\" \/>\n\t<meta property=\"og:image:type\" content=\"image\/webp\" \/>\n<meta name=\"twitter:card\" content=\"summary_large_image\" \/>\n<meta name=\"twitter:label1\" content=\"Gesch\u00e4tzte Lesezeit\" \/>\n\t<meta name=\"twitter:data1\" content=\"3\u00a0Minuten\" \/>\n<script type=\"application\/ld+json\" class=\"yoast-schema-graph\">{\"@context\":\"https:\\\/\\\/schema.org\",\"@graph\":[{\"@type\":\"WebPage\",\"@id\":\"https:\\\/\\\/www.uhrenankauf365.de\\\/uhr-verkaufen\\\/uhrenankauf-flensburg\\\/\",\"url\":\"https:\\\/\\\/www.uhrenankauf365.de\\\/uhr-verkaufen\\\/uhrenankauf-flensburg\\\/\",\"name\":\"Uhrenankauf Flensburg\",\"isPartOf\":{\"@id\":\"https:\\\/\\\/www.uhrenankauf365.de\\\/uhr-verkaufen\\\/#website\"},\"primaryImageOfPage\":{\"@id\":\"https:\\\/\\\/www.uhrenankauf365.de\\\/uhr-verkaufen\\\/uhrenankauf-flensburg\\\/#primaryimage\"},\"image\":{\"@id\":\"https:\\\/\\\/www.uhrenankauf365.de\\\/uhr-verkaufen\\\/uhrenankauf-flensburg\\\/#primaryimage\"},\"thumbnailUrl\":\"https:\\\/\\\/www.uhrenankauf365.de\\\/uhr-verkaufen\\\/wp-content\\\/uploads\\\/2026\\\/02\\\/uhrenankauf-flensburg.webp\",\"datePublished\":\"2026-02-19T15:49:13+00:00\",\"dateModified\":\"2026-02-19T15:58:30+00:00\",\"description\":\"Im Uhrenankauf Flensburg erhalten Sie zeitnah faire Auszahlungen f\u00fcr Ihre gebrauchten Luxusuhren. Jetzt Angebot anfordern!\",\"breadcrumb\":{\"@id\":\"https:\\\/\\\/www.uhrenankauf365.de\\\/uhr-verkaufen\\\/uhrenankauf-flensburg\\\/#breadcrumb\"},\"inLanguage\":\"de\",\"potentialAction\":[{\"@type\":\"ReadAction\",\"target\":[\"https:\\\/\\\/www.uhrenankauf365.de\\\/uhr-verkaufen\\\/uhrenankauf-flensburg\\\/\"]}]},{\"@type\":\"ImageObject\",\"inLanguage\":\"de\",\"@id\":\"https:\\\/\\\/www.uhrenankauf365.de\\\/uhr-verkaufen\\\/uhrenankauf-flensburg\\\/#primaryimage\",\"url\":\"https:\\\/\\\/www.uhrenankauf365.de\\\/uhr-verkaufen\\\/wp-content\\\/uploads\\\/2026\\\/02\\\/uhrenankauf-flensburg.webp\",\"contentUrl\":\"https:\\\/\\\/www.uhrenankauf365.de\\\/uhr-verkaufen\\\/wp-content\\\/uploads\\\/2026\\\/02\\\/uhrenankauf-flensburg.webp\",\"width\":1300,\"height\":558},{\"@type\":\"BreadcrumbList\",\"@id\":\"https:\\\/\\\/www.uhrenankauf365.de\\\/uhr-verkaufen\\\/uhrenankauf-flensburg\\\/#breadcrumb\",\"itemListElement\":[{\"@type\":\"ListItem\",\"position\":1,\"name\":\"Startseite\",\"item\":\"https:\\\/\\\/www.uhrenankauf365.de\\\/uhr-verkaufen\\\/\"},{\"@type\":\"ListItem\",\"position\":2,\"name\":\"Uhrenankauf Flensburg\"}]},{\"@type\":\"WebSite\",\"@id\":\"https:\\\/\\\/www.uhrenankauf365.de\\\/uhr-verkaufen\\\/#website\",\"url\":\"https:\\\/\\\/www.uhrenankauf365.de\\\/uhr-verkaufen\\\/\",\"name\":\"Uhrenankauf 365\",\"description\":\"Jetzt Ihre Luxusuhr verkaufen!\",\"publisher\":{\"@id\":\"https:\\\/\\\/www.uhrenankauf365.de\\\/uhr-verkaufen\\\/#organization\"},\"potentialAction\":[{\"@type\":\"SearchAction\",\"target\":{\"@type\":\"EntryPoint\",\"urlTemplate\":\"https:\\\/\\\/www.uhrenankauf365.de\\\/uhr-verkaufen\\\/?s={search_term_string}\"},\"query-input\":{\"@type\":\"PropertyValueSpecification\",\"valueRequired\":true,\"valueName\":\"search_term_string\"}}],\"inLanguage\":\"de\"},{\"@type\":\"Organization\",\"@id\":\"https:\\\/\\\/www.uhrenankauf365.de\\\/uhr-verkaufen\\\/#organization\",\"name\":\"uhrenankauf365.de, Anke Michels\",\"url\":\"https:\\\/\\\/www.uhrenankauf365.de\\\/uhr-verkaufen\\\/\",\"logo\":{\"@type\":\"ImageObject\",\"inLanguage\":\"de\",\"@id\":\"https:\\\/\\\/www.uhrenankauf365.de\\\/uhr-verkaufen\\\/#\\\/schema\\\/logo\\\/image\\\/\",\"url\":\"https:\\\/\\\/www.uhrenankauf365.de\\\/uhr-verkaufen\\\/wp-content\\\/uploads\\\/2020\\\/11\\\/logo_uhrenankauf.png\",\"contentUrl\":\"https:\\\/\\\/www.uhrenankauf365.de\\\/uhr-verkaufen\\\/wp-content\\\/uploads\\\/2020\\\/11\\\/logo_uhrenankauf.png\",\"width\":98,\"height\":100,\"caption\":\"uhrenankauf365.de, Anke Michels\"},\"image\":{\"@id\":\"https:\\\/\\\/www.uhrenankauf365.de\\\/uhr-verkaufen\\\/#\\\/schema\\\/logo\\\/image\\\/\"}}]}<\/script>\n<!-- \/ Yoast SEO plugin. -->","yoast_head_json":{"title":"Uhrenankauf Flensburg","description":"Im Uhrenankauf Flensburg erhalten Sie zeitnah faire Auszahlungen f\u00fcr Ihre gebrauchten Luxusuhren. Jetzt Angebot anfordern!","robots":{"index":"index","follow":"follow","max-snippet":"max-snippet:-1","max-image-preview":"max-image-preview:large","max-video-preview":"max-video-preview:-1"},"canonical":"https:\/\/www.uhrenankauf365.de\/uhr-verkaufen\/uhrenankauf-flensburg\/","og_locale":"de_DE","og_type":"article","og_title":"Uhrenankauf Flensburg","og_description":"Im Uhrenankauf Flensburg erhalten Sie zeitnah faire Auszahlungen f\u00fcr Ihre gebrauchten Luxusuhren. Jetzt Angebot anfordern!","og_url":"https:\/\/www.uhrenankauf365.de\/uhr-verkaufen\/uhrenankauf-flensburg\/","og_site_name":"Uhrenankauf 365","article_modified_time":"2026-02-19T15:58:30+00:00","og_image":[{"width":1300,"height":558,"url":"https:\/\/www.uhrenankauf365.de\/uhr-verkaufen\/wp-content\/uploads\/2026\/02\/uhrenankauf-flensburg.webp","type":"image\/webp"}],"twitter_card":"summary_large_image","twitter_misc":{"Gesch\u00e4tzte Lesezeit":"3\u00a0Minuten"},"schema":{"@context":"https:\/\/schema.org","@graph":[{"@type":"WebPage","@id":"https:\/\/www.uhrenankauf365.de\/uhr-verkaufen\/uhrenankauf-flensburg\/","url":"https:\/\/www.uhrenankauf365.de\/uhr-verkaufen\/uhrenankauf-flensburg\/","name":"Uhrenankauf Flensburg","isPartOf":{"@id":"https:\/\/www.uhrenankauf365.de\/uhr-verkaufen\/#website"},"primaryImageOfPage":{"@id":"https:\/\/www.uhrenankauf365.de\/uhr-verkaufen\/uhrenankauf-flensburg\/#primaryimage"},"image":{"@id":"https:\/\/www.uhrenankauf365.de\/uhr-verkaufen\/uhrenankauf-flensburg\/#primaryimage"},"thumbnailUrl":"https:\/\/www.uhrenankauf365.de\/uhr-verkaufen\/wp-content\/uploads\/2026\/02\/uhrenankauf-flensburg.webp","datePublished":"2026-02-19T15:49:13+00:00","dateModified":"2026-02-19T15:58:30+00:00","description":"Im Uhrenankauf Flensburg erhalten Sie zeitnah faire Auszahlungen f\u00fcr Ihre gebrauchten Luxusuhren. Jetzt Angebot anfordern!","breadcrumb":{"@id":"https:\/\/www.uhrenankauf365.de\/uhr-verkaufen\/uhrenankauf-flensburg\/#breadcrumb"},"inLanguage":"de","potentialAction":[{"@type":"ReadAction","target":["https:\/\/www.uhrenankauf365.de\/uhr-verkaufen\/uhrenankauf-flensburg\/"]}]},{"@type":"ImageObject","inLanguage":"de","@id":"https:\/\/www.uhrenankauf365.de\/uhr-verkaufen\/uhrenankauf-flensburg\/#primaryimage","url":"https:\/\/www.uhrenankauf365.de\/uhr-verkaufen\/wp-content\/uploads\/2026\/02\/uhrenankauf-flensburg.webp","contentUrl":"https:\/\/www.uhrenankauf365.de\/uhr-verkaufen\/wp-content\/uploads\/2026\/02\/uhrenankauf-flensburg.webp","width":1300,"height":558},{"@type":"BreadcrumbList","@id":"https:\/\/www.uhrenankauf365.de\/uhr-verkaufen\/uhrenankauf-flensburg\/#breadcrumb","itemListElement":[{"@type":"ListItem","position":1,"name":"Startseite","item":"https:\/\/www.uhrenankauf365.de\/uhr-verkaufen\/"},{"@type":"ListItem","position":2,"name":"Uhrenankauf Flensburg"}]},{"@type":"WebSite","@id":"https:\/\/www.uhrenankauf365.de\/uhr-verkaufen\/#website","url":"https:\/\/www.uhrenankauf365.de\/uhr-verkaufen\/","name":"Uhrenankauf 365","description":"Jetzt Ihre Luxusuhr verkaufen!","publisher":{"@id":"https:\/\/www.uhrenankauf365.de\/uhr-verkaufen\/#organization"},"potentialAction":[{"@type":"SearchAction","target":{"@type":"EntryPoint","urlTemplate":"https:\/\/www.uhrenankauf365.de\/uhr-verkaufen\/?s={search_term_string}"},"query-input":{"@type":"PropertyValueSpecification","valueRequired":true,"valueName":"search_term_string"}}],"inLanguage":"de"},{"@type":"Organization","@id":"https:\/\/www.uhrenankauf365.de\/uhr-verkaufen\/#organization","name":"uhrenankauf365.de, Anke Michels","url":"https:\/\/www.uhrenankauf365.de\/uhr-verkaufen\/","logo":{"@type":"ImageObject","inLanguage":"de","@id":"https:\/\/www.uhrenankauf365.de\/uhr-verkaufen\/#\/schema\/logo\/image\/","url":"https:\/\/www.uhrenankauf365.de\/uhr-verkaufen\/wp-content\/uploads\/2020\/11\/logo_uhrenankauf.png","contentUrl":"https:\/\/www.uhrenankauf365.de\/uhr-verkaufen\/wp-content\/uploads\/2020\/11\/logo_uhrenankauf.png","width":98,"height":100,"caption":"uhrenankauf365.de, Anke Michels"},"image":{"@id":"https:\/\/www.uhrenankauf365.de\/uhr-verkaufen\/#\/schema\/logo\/image\/"}}]}},"_links":{"self":[{"href":"https:\/\/www.uhrenankauf365.de\/uhr-verkaufen\/wp-json\/wp\/v2\/pages\/2684","targetHints":{"allow":["GET"]}}],"collection":[{"href":"https:\/\/www.uhrenankauf365.de\/uhr-verkaufen\/wp-json\/wp\/v2\/pages"}],"about":[{"href":"https:\/\/www.uhrenankauf365.de\/uhr-verkaufen\/wp-json\/wp\/v2\/types\/page"}],"author":[{"embeddable":true,"href":"https:\/\/www.uhrenankauf365.de\/uhr-verkaufen\/wp-json\/wp\/v2\/users\/1"}],"replies":[{"embeddable":true,"href":"https:\/\/www.uhrenankauf365.de\/uhr-verkaufen\/wp-json\/wp\/v2\/comments?post=2684"}],"version-history":[{"count":6,"href":"https:\/\/www.uhrenankauf365.de\/uhr-verkaufen\/wp-json\/wp\/v2\/pages\/2684\/revisions"}],"predecessor-version":[{"id":2693,"href":"https:\/\/www.uhrenankauf365.de\/uhr-verkaufen\/wp-json\/wp\/v2\/pages\/2684\/revisions\/2693"}],"wp:attachment":[{"href":"https:\/\/www.uhrenankauf365.de\/uhr-verkaufen\/wp-json\/wp\/v2\/media?parent=2684"}],"curies":[{"name":"wp","href":"https:\/\/api.w.org\/{rel}","templated":true}]}}