{"id":2585,"date":"2025-11-20T00:24:44","date_gmt":"2025-11-19T23:24:44","guid":{"rendered":"https:\/\/www.uhrenankauf365.de\/uhr-verkaufen\/?page_id=2585"},"modified":"2025-11-20T00:41:34","modified_gmt":"2025-11-19T23:41:34","slug":"uhren-ankauf-delmenhorst","status":"publish","type":"page","link":"https:\/\/www.uhrenankauf365.de\/uhr-verkaufen\/uhren-ankauf-delmenhorst\/","title":{"rendered":"Uhren Ankauf Delmenhorst"},"content":{"rendered":"\n<p>Im Uhren Ankauf Delmenhorst sind wir auf Luxusuhren spezialisiert. Uhren von <a href=\"https:\/\/www.uhrenankauf365.de\/uhr-verkaufen\/rolex\/\">Rolex<\/a>, <a href=\"https:\/\/www.uhrenankauf365.de\/uhr-verkaufen\/patek_philippe\/\">Patek Philippe<\/a>, <a href=\"https:\/\/www.uhrenankauf365.de\/uhr-verkaufen\/audemars_piguet\/\">Audemars Piguet<\/a> und weiteren Marken sind uns faire Auszahlungen wert! Erfahren Sie hier mehr \u00fcber den Ankauf von Luxusuhren in Delmenhorst.<\/p>\n\n\n<div class=\"wp-bootstrap-blocks-container container mb-2 uak_heller_hintergrund p-4\">\n\t\n\n<p class=\"has-text-align-center\"><strong>Welche Uhrenmarke m\u00f6chten Sie verkaufen?<\/strong><\/p>\n\n\n\n<p class=\"text-center\"><a href=\"https:\/\/www.uhrenankauf365.de\/uhr-verkaufen\/a_lange_und_soehne\" class=\"btn btn-primary mb-1 mt-1\" title=\"Uhren Ankauf A. Lange und S\u00f6hne\">A. Lange &amp; S\u00f6hne<\/a> <a href=\"https:\/\/www.uhrenankauf365.de\/uhr-verkaufen\/audemars_piguet\" class=\"btn btn-primary mb-1 mt-1\" title=\"Uhren Ankauf Audemars Piguet\">Audemars Piguet<\/a> <a href=\"https:\/\/www.uhrenankauf365.de\/uhr-verkaufen\/breitling\" class=\"btn btn-primary mb-1 mt-1\" title=\"Uhren Ankauf Breitling\">Breitling<\/a> <a href=\"https:\/\/www.uhrenankauf365.de\/uhr-verkaufen\/hublot\" class=\"btn btn-primary mb-1 mt-1\" title=\"Uhren Ankauf Hublot\">Hublot<\/a> <a href=\"https:\/\/www.uhrenankauf365.de\/uhr-verkaufen\/jaeger_lecoultre\" class=\"btn btn-primary mb-1 mt-1\" title=\"Uhren Ankauf Jaeger-LeCoultre\">Jaeger-LeCoultre<\/a> <a href=\"https:\/\/www.uhrenankauf365.de\/uhr-verkaufen\/omega\" class=\"btn btn-primary mb-1 mt-1\" title=\"Uhren Ankauf Omega\">Omega<\/a> <a href=\"https:\/\/www.uhrenankauf365.de\/uhr-verkaufen\/patek_philippe\" class=\"btn btn-primary mb-1 mt-1\" title=\"Uhren Ankauf Patek Philippe\">Patek Philippe<\/a> <a href=\"https:\/\/www.uhrenankauf365.de\/uhr-verkaufen\/rolex\" class=\"btn btn-primary mb-1 mt-1\" title=\"Uhren Ankauf Rolex\">Rolex<\/a> <a href=\"https:\/\/www.uhrenankauf365.de\/uhr-verkaufen\/ankaufsformular\" class=\"btn btn-primary mb-1 mt-1\">Andere Marke<\/a><br><br><strong>W\u00fcnschen Sie zun\u00e4chst weitere Informationen zur Abwicklung des Uhrenankaufs?<\/strong><br>\n<a href=\"\/uhr-verkaufen\/ankauf-faq\/\" class=\"btn btn-secondary mt-3\">FAQ anzeigen<\/a><\/p>\n\n<\/div>\n\n\n\n<p><\/p>\n\n\n\n<h2 class=\"wp-block-heading mt-5\">Wir kaufen Ihre Luxusuhren zum fairen Preis<\/h2>\n\n\n\n<p>Hochwertige Uhren haben in den vergangenen Jahren stark an Wert gewonnen. Modelle von Jaeger-LeCoultre, Omega, Breitling oder Heuer (Vintage) sind nicht nur elegante Zeitmesser, sondern gelten als stabile Wertanlagen. Wenn Sie Ihre Luxusuhr verkaufen m\u00f6chten, sind wir Ihr seri\u00f6ser Ansprechpartner f\u00fcr den Uhren Ankauf in Delmenhorst. In diesem Artikel zeigen wir, wie der Verkaufsprozess bei uns abl\u00e4uft und wie Sie den bestm\u00f6glichen Preis erzielen.<\/p>\n\n\n\n<div class=\"container p-4 uak_heller_hintergrund\">\n<div class=\"row mb-4\">\n<div class=\"col-12 col-md-6 text-center\">\n<i class=\"uak365icon fas fa-file-alt\"><\/i><br>\n<div class=\"ankaufschritte_title\">Formular ausf\u00fcllen<\/div>\n<small>Das <a href=\"https:\/\/www.uhrenankauf365.de\/uhr-verkaufen\/ankaufsformular\/\" title=\"Ankaufsformular Uhren\">Ankaufsformular<\/a> erfasst alle wichtigen Angaben zur Armbanduhr, die Sie verkaufen m\u00f6chten und erleichtert die Ermittlung eines fairen Ankaufspreises.<\/small>\n<\/div>\n<div class=\"col-12 col-md-6 text-center\">\n<i class=\"uak365icon far fa-handshake\"><\/i><br>\n<div class=\"ankaufschritte_title\">Angebot erhalten<\/div>\n<small>Wir unterbreiten Ihnen nach Erhalt der Informationen zur Uhr ein Angebot zum Ankauf. Offene Fragen kl\u00e4ren wir vorab.<\/small>\n<\/div>\n<\/div>\n\n\n<div class=\"row\">\n<div class=\"col-12 col-md-6 text-center\">\n<i class=\"uak365icon fas fa-truck-loading\"><\/i><br>\n<div class=\"ankaufschritte_title\">Uhr wird abgeholt<\/div>\n<small>Ein auf Werttransporte spezialisiertes Unternehmen holt die Uhr bei Ihnen ab. Mehr dazu erfahren Sie <a href=\"https:\/\/www.uhrenankauf365.de\/uhr-verkaufen\/ankauf-faq\/\">hier<\/a>.<\/small>\n<\/div>\n<div class=\"col-12 col-md-6 text-center\">\n<i class=\"uak365icon fas fa-euro-sign\"><\/i><br>\n<div class=\"ankaufschritte_title\">Geld erhalten<\/div>\n<small>Nach Pr\u00fcfung der Armbanduhr zahlen wir den vereinbarten Ankaufspreis zuverl\u00e4ssig und schnell auf Ihr Konto aus.\n<\/small>\n<\/div>\n<\/div>\n\n<\/div>\n\n\n\n<p class=\"mt-5\">Viele Kunden kommen zu uns, um ihre hochwertigen Uhren sicher, diskret und zu einem realistischen Marktpreis zu verkaufen.<\/p>\n\n\n\n<p>Besonders gefragt sind unter anderem:<\/p>\n\n\n\n<ul class=\"wp-block-list\">\n<li><strong><a href=\"https:\/\/www.uhrenankauf365.de\/uhr-verkaufen\/rolex-submariner-ankauf\/\">Rolex Submariner<\/a> &amp; <a href=\"https:\/\/www.uhrenankauf365.de\/uhr-verkaufen\/ankauf-rolex-datejust\/\">Datejust<\/a><\/strong><\/li>\n\n\n\n<li><strong><a href=\"https:\/\/www.uhrenankauf365.de\/uhr-verkaufen\/omega\/\">Omega<\/a> Speedmaster &amp; Seamaster<\/strong><\/li>\n\n\n\n<li><strong><a href=\"https:\/\/www.uhrenankauf365.de\/uhr-verkaufen\/breitling\/\">Breitling<\/a> Navitimer<\/strong><\/li>\n\n\n\n<li><strong><a href=\"https:\/\/www.uhrenankauf365.de\/uhr-verkaufen\/patek-philippe-calatrava-verkaufen\/\">Patek Philippe Calatrava<\/a><\/strong><\/li>\n\n\n\n<li><strong><a href=\"https:\/\/www.uhrenankauf365.de\/uhr-verkaufen\/audemars-piguet-royal-oak-5402-uhren-ankauf\/\">Audemars Piguet Royal Oak<\/a><\/strong><\/li>\n<\/ul>\n\n\n\n<p>Wenn Sie eines dieser Modelle \u2013 oder eine andere Luxusuhr \u2013 besitzen, bieten wir Ihnen eine professionelle und unkomplizierte Abwicklung.<\/p>\n\n\n\n<hr class=\"wp-block-separator has-alpha-channel-opacity\"\/>\n\n\n\n<h2 class=\"wp-block-heading\">Wie l\u00e4uft der Uhrenverkauf bei uns ab?<\/h2>\n\n\n\n<h3 class=\"wp-block-heading\">1. Fachgerechte Bewertung Ihrer Uhr<\/h3>\n\n\n\n<p>Wir nehmen uns Zeit, Ihre Uhr gr\u00fcndlich zu pr\u00fcfen. Dabei achten wir auf:<\/p>\n\n\n\n<ul class=\"wp-block-list\">\n<li>den Zustand von Geh\u00e4use, Glas und L\u00fcnette<\/li>\n\n\n\n<li>die Funktion des Uhrwerks und die Ganggenauigkeit<\/li>\n\n\n\n<li>die Originalit\u00e4t aller Bauteile<\/li>\n\n\n\n<li>vorhandenes Zubeh\u00f6r wie Box, Papiere oder Zertifikate<\/li>\n\n\n\n<li>aktuelle Markt- und Sammlerwerte<\/li>\n<\/ul>\n\n\n\n<p>Je vollst\u00e4ndiger das Set ist, desto h\u00f6her f\u00e4llt in der Regel unser Angebot aus.<\/p>\n\n\n\n<h3 class=\"wp-block-heading\">2. Transparentes Preisangebot<\/h3>\n\n\n\n<p>Auf Grundlage unserer Bewertung erstellen wir Ihnen ein <strong>faires und transparent nachvollziehbares Angebot<\/strong>. Wir erkl\u00e4ren Ihnen gerne, wie sich dieser Preis zusammensetzt und welche Faktoren Einfluss darauf haben.<\/p>\n\n\n\n<h3 class=\"wp-block-heading\">3. Zeitnahe Auszahlung<\/h3>\n\n\n\n<p>Wenn Sie unser Angebot annehmen, zahlen wir Ihnen den Betrag zeitnah per \u00dcberweisung aus. Sie profitieren von einer schnellen, sicheren und diskreten Abwicklung ohne unn\u00f6tige Wartezeiten.<\/p>\n\n\n<div class=\"wp-bootstrap-blocks-container container mb-5 uak_heller_hintergrund_line_height_normal text-center p-4 mt-4\">\n\t\n\n<h3 class=\"wp-block-heading\" id=\"u1363-2\">Wir kaufen Luxusuhren!<\/h3>\n\n\n\n<p id=\"u1363-4\"><strong>Profitieren Sie&nbsp;von unserer jahrzehntelangen Erfahrung im Uhrenhandel!<\/strong><\/p>\n\n\n\n<p><a class=\"btn btn-primary btn-lg\" href=\"https:\/\/www.uhrenankauf365.de\/uhr-verkaufen\/ankaufsformular\/\">Zum Ankaufsformular<\/a><\/p>\n\n<\/div>\n","protected":false},"excerpt":{"rendered":"<p>Im Uhren Ankauf Delmenhorst sind wir auf Luxusuhren spezialisiert. Uhren von Rolex, Patek Philippe, Audemars Piguet und weiteren Marken sind uns faire Auszahlungen wert! Erfahren Sie hier mehr \u00fcber den Ankauf von Luxusuhren in Delmenhorst. Wir kaufen Ihre Luxusuhren zum fairen Preis Hochwertige Uhren haben in den vergangenen Jahren stark an Wert gewonnen. Modelle von [&hellip;]<\/p>\n","protected":false},"author":1,"featured_media":0,"parent":0,"menu_order":0,"comment_status":"closed","ping_status":"closed","template":"","meta":{"footnotes":""},"class_list":["post-2585","page","type-page","status-publish","hentry"],"yoast_head":"<!-- This site is optimized with the Yoast SEO plugin v27.3 - https:\/\/yoast.com\/product\/yoast-seo-wordpress\/ -->\n<title>Uhren Ankauf Delmenhorst<\/title>\n<meta name=\"description\" content=\"Wir sind auf den Uhrenankauf von Luxusuhren spezialisiert. Im Uhren Ankauf Delmenhorst jetzt Ihre Uhr verkaufen. Seit 1998.\" \/>\n<meta name=\"robots\" content=\"index, follow, max-snippet:-1, max-image-preview:large, max-video-preview:-1\" \/>\n<link rel=\"canonical\" href=\"https:\/\/www.uhrenankauf365.de\/uhr-verkaufen\/uhren-ankauf-delmenhorst\/\" \/>\n<meta property=\"og:locale\" content=\"de_DE\" \/>\n<meta property=\"og:type\" content=\"article\" \/>\n<meta property=\"og:title\" content=\"Uhren Ankauf Delmenhorst\" \/>\n<meta property=\"og:description\" content=\"Wir sind auf den Uhrenankauf von Luxusuhren spezialisiert. Im Uhren Ankauf Delmenhorst jetzt Ihre Uhr verkaufen. Seit 1998.\" \/>\n<meta property=\"og:url\" content=\"https:\/\/www.uhrenankauf365.de\/uhr-verkaufen\/uhren-ankauf-delmenhorst\/\" \/>\n<meta property=\"og:site_name\" content=\"Uhrenankauf 365\" \/>\n<meta property=\"article:modified_time\" content=\"2025-11-19T23:41:34+00:00\" \/>\n<meta name=\"twitter:card\" content=\"summary_large_image\" \/>\n<meta name=\"twitter:label1\" content=\"Gesch\u00e4tzte Lesezeit\" \/>\n\t<meta name=\"twitter:data1\" content=\"3\u00a0Minuten\" \/>\n<script type=\"application\/ld+json\" class=\"yoast-schema-graph\">{\"@context\":\"https:\\\/\\\/schema.org\",\"@graph\":[{\"@type\":\"WebPage\",\"@id\":\"https:\\\/\\\/www.uhrenankauf365.de\\\/uhr-verkaufen\\\/uhren-ankauf-delmenhorst\\\/\",\"url\":\"https:\\\/\\\/www.uhrenankauf365.de\\\/uhr-verkaufen\\\/uhren-ankauf-delmenhorst\\\/\",\"name\":\"Uhren Ankauf Delmenhorst\",\"isPartOf\":{\"@id\":\"https:\\\/\\\/www.uhrenankauf365.de\\\/uhr-verkaufen\\\/#website\"},\"datePublished\":\"2025-11-19T23:24:44+00:00\",\"dateModified\":\"2025-11-19T23:41:34+00:00\",\"description\":\"Wir sind auf den Uhrenankauf von Luxusuhren spezialisiert. Im Uhren Ankauf Delmenhorst jetzt Ihre Uhr verkaufen. Seit 1998.\",\"breadcrumb\":{\"@id\":\"https:\\\/\\\/www.uhrenankauf365.de\\\/uhr-verkaufen\\\/uhren-ankauf-delmenhorst\\\/#breadcrumb\"},\"inLanguage\":\"de\",\"potentialAction\":[{\"@type\":\"ReadAction\",\"target\":[\"https:\\\/\\\/www.uhrenankauf365.de\\\/uhr-verkaufen\\\/uhren-ankauf-delmenhorst\\\/\"]}]},{\"@type\":\"BreadcrumbList\",\"@id\":\"https:\\\/\\\/www.uhrenankauf365.de\\\/uhr-verkaufen\\\/uhren-ankauf-delmenhorst\\\/#breadcrumb\",\"itemListElement\":[{\"@type\":\"ListItem\",\"position\":1,\"name\":\"Startseite\",\"item\":\"https:\\\/\\\/www.uhrenankauf365.de\\\/uhr-verkaufen\\\/\"},{\"@type\":\"ListItem\",\"position\":2,\"name\":\"Uhren Ankauf Delmenhorst\"}]},{\"@type\":\"WebSite\",\"@id\":\"https:\\\/\\\/www.uhrenankauf365.de\\\/uhr-verkaufen\\\/#website\",\"url\":\"https:\\\/\\\/www.uhrenankauf365.de\\\/uhr-verkaufen\\\/\",\"name\":\"Uhrenankauf 365\",\"description\":\"Jetzt Ihre Luxusuhr verkaufen!\",\"publisher\":{\"@id\":\"https:\\\/\\\/www.uhrenankauf365.de\\\/uhr-verkaufen\\\/#organization\"},\"potentialAction\":[{\"@type\":\"SearchAction\",\"target\":{\"@type\":\"EntryPoint\",\"urlTemplate\":\"https:\\\/\\\/www.uhrenankauf365.de\\\/uhr-verkaufen\\\/?s={search_term_string}\"},\"query-input\":{\"@type\":\"PropertyValueSpecification\",\"valueRequired\":true,\"valueName\":\"search_term_string\"}}],\"inLanguage\":\"de\"},{\"@type\":\"Organization\",\"@id\":\"https:\\\/\\\/www.uhrenankauf365.de\\\/uhr-verkaufen\\\/#organization\",\"name\":\"uhrenankauf365.de, Anke Michels\",\"url\":\"https:\\\/\\\/www.uhrenankauf365.de\\\/uhr-verkaufen\\\/\",\"logo\":{\"@type\":\"ImageObject\",\"inLanguage\":\"de\",\"@id\":\"https:\\\/\\\/www.uhrenankauf365.de\\\/uhr-verkaufen\\\/#\\\/schema\\\/logo\\\/image\\\/\",\"url\":\"https:\\\/\\\/www.uhrenankauf365.de\\\/uhr-verkaufen\\\/wp-content\\\/uploads\\\/2020\\\/11\\\/logo_uhrenankauf.png\",\"contentUrl\":\"https:\\\/\\\/www.uhrenankauf365.de\\\/uhr-verkaufen\\\/wp-content\\\/uploads\\\/2020\\\/11\\\/logo_uhrenankauf.png\",\"width\":98,\"height\":100,\"caption\":\"uhrenankauf365.de, Anke Michels\"},\"image\":{\"@id\":\"https:\\\/\\\/www.uhrenankauf365.de\\\/uhr-verkaufen\\\/#\\\/schema\\\/logo\\\/image\\\/\"}}]}<\/script>\n<!-- \/ Yoast SEO plugin. -->","yoast_head_json":{"title":"Uhren Ankauf Delmenhorst","description":"Wir sind auf den Uhrenankauf von Luxusuhren spezialisiert. Im Uhren Ankauf Delmenhorst jetzt Ihre Uhr verkaufen. Seit 1998.","robots":{"index":"index","follow":"follow","max-snippet":"max-snippet:-1","max-image-preview":"max-image-preview:large","max-video-preview":"max-video-preview:-1"},"canonical":"https:\/\/www.uhrenankauf365.de\/uhr-verkaufen\/uhren-ankauf-delmenhorst\/","og_locale":"de_DE","og_type":"article","og_title":"Uhren Ankauf Delmenhorst","og_description":"Wir sind auf den Uhrenankauf von Luxusuhren spezialisiert. Im Uhren Ankauf Delmenhorst jetzt Ihre Uhr verkaufen. Seit 1998.","og_url":"https:\/\/www.uhrenankauf365.de\/uhr-verkaufen\/uhren-ankauf-delmenhorst\/","og_site_name":"Uhrenankauf 365","article_modified_time":"2025-11-19T23:41:34+00:00","twitter_card":"summary_large_image","twitter_misc":{"Gesch\u00e4tzte Lesezeit":"3\u00a0Minuten"},"schema":{"@context":"https:\/\/schema.org","@graph":[{"@type":"WebPage","@id":"https:\/\/www.uhrenankauf365.de\/uhr-verkaufen\/uhren-ankauf-delmenhorst\/","url":"https:\/\/www.uhrenankauf365.de\/uhr-verkaufen\/uhren-ankauf-delmenhorst\/","name":"Uhren Ankauf Delmenhorst","isPartOf":{"@id":"https:\/\/www.uhrenankauf365.de\/uhr-verkaufen\/#website"},"datePublished":"2025-11-19T23:24:44+00:00","dateModified":"2025-11-19T23:41:34+00:00","description":"Wir sind auf den Uhrenankauf von Luxusuhren spezialisiert. Im Uhren Ankauf Delmenhorst jetzt Ihre Uhr verkaufen. Seit 1998.","breadcrumb":{"@id":"https:\/\/www.uhrenankauf365.de\/uhr-verkaufen\/uhren-ankauf-delmenhorst\/#breadcrumb"},"inLanguage":"de","potentialAction":[{"@type":"ReadAction","target":["https:\/\/www.uhrenankauf365.de\/uhr-verkaufen\/uhren-ankauf-delmenhorst\/"]}]},{"@type":"BreadcrumbList","@id":"https:\/\/www.uhrenankauf365.de\/uhr-verkaufen\/uhren-ankauf-delmenhorst\/#breadcrumb","itemListElement":[{"@type":"ListItem","position":1,"name":"Startseite","item":"https:\/\/www.uhrenankauf365.de\/uhr-verkaufen\/"},{"@type":"ListItem","position":2,"name":"Uhren Ankauf Delmenhorst"}]},{"@type":"WebSite","@id":"https:\/\/www.uhrenankauf365.de\/uhr-verkaufen\/#website","url":"https:\/\/www.uhrenankauf365.de\/uhr-verkaufen\/","name":"Uhrenankauf 365","description":"Jetzt Ihre Luxusuhr verkaufen!","publisher":{"@id":"https:\/\/www.uhrenankauf365.de\/uhr-verkaufen\/#organization"},"potentialAction":[{"@type":"SearchAction","target":{"@type":"EntryPoint","urlTemplate":"https:\/\/www.uhrenankauf365.de\/uhr-verkaufen\/?s={search_term_string}"},"query-input":{"@type":"PropertyValueSpecification","valueRequired":true,"valueName":"search_term_string"}}],"inLanguage":"de"},{"@type":"Organization","@id":"https:\/\/www.uhrenankauf365.de\/uhr-verkaufen\/#organization","name":"uhrenankauf365.de, Anke Michels","url":"https:\/\/www.uhrenankauf365.de\/uhr-verkaufen\/","logo":{"@type":"ImageObject","inLanguage":"de","@id":"https:\/\/www.uhrenankauf365.de\/uhr-verkaufen\/#\/schema\/logo\/image\/","url":"https:\/\/www.uhrenankauf365.de\/uhr-verkaufen\/wp-content\/uploads\/2020\/11\/logo_uhrenankauf.png","contentUrl":"https:\/\/www.uhrenankauf365.de\/uhr-verkaufen\/wp-content\/uploads\/2020\/11\/logo_uhrenankauf.png","width":98,"height":100,"caption":"uhrenankauf365.de, Anke Michels"},"image":{"@id":"https:\/\/www.uhrenankauf365.de\/uhr-verkaufen\/#\/schema\/logo\/image\/"}}]}},"_links":{"self":[{"href":"https:\/\/www.uhrenankauf365.de\/uhr-verkaufen\/wp-json\/wp\/v2\/pages\/2585","targetHints":{"allow":["GET"]}}],"collection":[{"href":"https:\/\/www.uhrenankauf365.de\/uhr-verkaufen\/wp-json\/wp\/v2\/pages"}],"about":[{"href":"https:\/\/www.uhrenankauf365.de\/uhr-verkaufen\/wp-json\/wp\/v2\/types\/page"}],"author":[{"embeddable":true,"href":"https:\/\/www.uhrenankauf365.de\/uhr-verkaufen\/wp-json\/wp\/v2\/users\/1"}],"replies":[{"embeddable":true,"href":"https:\/\/www.uhrenankauf365.de\/uhr-verkaufen\/wp-json\/wp\/v2\/comments?post=2585"}],"version-history":[{"count":7,"href":"https:\/\/www.uhrenankauf365.de\/uhr-verkaufen\/wp-json\/wp\/v2\/pages\/2585\/revisions"}],"predecessor-version":[{"id":2594,"href":"https:\/\/www.uhrenankauf365.de\/uhr-verkaufen\/wp-json\/wp\/v2\/pages\/2585\/revisions\/2594"}],"wp:attachment":[{"href":"https:\/\/www.uhrenankauf365.de\/uhr-verkaufen\/wp-json\/wp\/v2\/media?parent=2585"}],"curies":[{"name":"wp","href":"https:\/\/api.w.org\/{rel}","templated":true}]}}