{"id":2485,"date":"2025-09-02T16:09:54","date_gmt":"2025-09-02T14:09:54","guid":{"rendered":"https:\/\/www.uhrenankauf365.de\/uhr-verkaufen\/?page_id=2485"},"modified":"2025-09-02T16:26:14","modified_gmt":"2025-09-02T14:26:14","slug":"uhrenankauf-kaiserslautern","status":"publish","type":"page","link":"https:\/\/www.uhrenankauf365.de\/uhr-verkaufen\/uhrenankauf-kaiserslautern\/","title":{"rendered":"Uhrenankauf Kaiserslautern"},"content":{"rendered":"\n<p>Sie m\u00f6chten Ihre Luxusuhr in Kaiserslautern verkaufen? Nutzen Sie in unserem Uhrenankauf Kaiserslautern unsere jahrzehntelange Erfahrung und sichern Sie sich eine schnelle Auszahlung auf Ihr Bankkonto. Wir kaufen Luxusuhren der Marken Rolex, Audemars Piguet, Patek Philippe, A. Lange &amp; S\u00f6hne und weiteren Marken.<\/p>\n\n\n\n<figure class=\"wp-block-image size-full\"><img loading=\"lazy\" decoding=\"async\" width=\"1400\" height=\"643\" src=\"https:\/\/www.uhrenankauf365.de\/uhr-verkaufen\/wp-content\/uploads\/2025\/09\/uhrenankauf_kaiserslautern.webp\" alt=\"Skyline von Kaiserslautern mit dem Text Wir kaufen Luxusuhren in Kaiserslautern\" class=\"wp-image-2490\" srcset=\"https:\/\/www.uhrenankauf365.de\/uhr-verkaufen\/wp-content\/uploads\/2025\/09\/uhrenankauf_kaiserslautern.webp 1400w, https:\/\/www.uhrenankauf365.de\/uhr-verkaufen\/wp-content\/uploads\/2025\/09\/uhrenankauf_kaiserslautern-300x138.webp 300w, https:\/\/www.uhrenankauf365.de\/uhr-verkaufen\/wp-content\/uploads\/2025\/09\/uhrenankauf_kaiserslautern-1024x470.webp 1024w, https:\/\/www.uhrenankauf365.de\/uhr-verkaufen\/wp-content\/uploads\/2025\/09\/uhrenankauf_kaiserslautern-768x353.webp 768w\" sizes=\"auto, (max-width: 1400px) 100vw, 1400px\" \/><\/figure>\n\n\n<div class=\"wp-bootstrap-blocks-container container mb-2 uak_heller_hintergrund p-4\">\n\t\n\n<p class=\"has-text-align-center\"><strong>Welche Uhrenmarke m\u00f6chten Sie verkaufen?<\/strong><\/p>\n\n\n\n<p class=\"text-center\"><a href=\"https:\/\/www.uhrenankauf365.de\/uhr-verkaufen\/a_lange_und_soehne\" class=\"btn btn-primary mb-1 mt-1\" title=\"Uhren Ankauf A. Lange und S\u00f6hne\">A. Lange &amp; S\u00f6hne<\/a> <a href=\"https:\/\/www.uhrenankauf365.de\/uhr-verkaufen\/audemars_piguet\" class=\"btn btn-primary mb-1 mt-1\" title=\"Uhren Ankauf Audemars Piguet\">Audemars Piguet<\/a> <a href=\"https:\/\/www.uhrenankauf365.de\/uhr-verkaufen\/breitling\" class=\"btn btn-primary mb-1 mt-1\" title=\"Uhren Ankauf Breitling\">Breitling<\/a> <a href=\"https:\/\/www.uhrenankauf365.de\/uhr-verkaufen\/hublot\" class=\"btn btn-primary mb-1 mt-1\" title=\"Uhren Ankauf Hublot\">Hublot<\/a> <a href=\"https:\/\/www.uhrenankauf365.de\/uhr-verkaufen\/jaeger_lecoultre\" class=\"btn btn-primary mb-1 mt-1\" title=\"Uhren Ankauf Jaeger-LeCoultre\">Jaeger-LeCoultre<\/a> <a href=\"https:\/\/www.uhrenankauf365.de\/uhr-verkaufen\/omega\" class=\"btn btn-primary mb-1 mt-1\" title=\"Uhren Ankauf Omega\">Omega<\/a> <a href=\"https:\/\/www.uhrenankauf365.de\/uhr-verkaufen\/patek_philippe\" class=\"btn btn-primary mb-1 mt-1\" title=\"Uhren Ankauf Patek Philippe\">Patek Philippe<\/a> <a href=\"https:\/\/www.uhrenankauf365.de\/uhr-verkaufen\/rolex\" class=\"btn btn-primary mb-1 mt-1\" title=\"Uhren Ankauf Rolex\">Rolex<\/a> <a href=\"https:\/\/www.uhrenankauf365.de\/uhr-verkaufen\/ankaufsformular\" class=\"btn btn-primary mb-1 mt-1\">Andere Marke<\/a><br><br><strong>W\u00fcnschen Sie zun\u00e4chst weitere Informationen zur Abwicklung des Uhrenankaufs?<\/strong><br>\n<a href=\"\/uhr-verkaufen\/ankauf-faq\/\" class=\"btn btn-secondary mt-3\">FAQ anzeigen<\/a><\/p>\n\n<\/div>\n\n\n\n<p><\/p>\n\n\n\n<h2 class=\"wp-block-heading mt-5\">Wie l\u00e4uft der Ankauf meiner Uhr in Kaiserslautern ab?<\/h2>\n\n\n\n<p>Da wir unseren Ankauf-Service f\u00fcr Luxusuhren bundesweit anbieten, erfolgt die <strong>Abholung<\/strong> Ihrer Uhr durch ein <strong>Werttransport-Unternehmen<\/strong>. Diese Abholung ist selbstverst\u00e4ndlich in voller H\u00f6he versichert. Nach Erhalt Ihrer Uhr wird diese umgehend gepr\u00fcft. Nach erfolgreicher Pr\u00fcfung durch unseren Uhrmachermeister wird die vereinbarte Ankaufsumme <strong>auf Ihr Bankkonto ausgezahlt<\/strong>, dies in der Regel noch am gleichen Tag.<\/p>\n\n\n\n<div class=\"wp-block-columns is-layout-flex wp-container-core-columns-is-layout-9d6595d7 wp-block-columns-is-layout-flex\">\n<div class=\"wp-block-column is-layout-flow wp-block-column-is-layout-flow\">\n<figure class=\"wp-block-image size-full\"><img loading=\"lazy\" decoding=\"async\" width=\"600\" height=\"522\" src=\"https:\/\/www.uhrenankauf365.de\/uhr-verkaufen\/wp-content\/uploads\/2025\/09\/patek_ankauf_kaiserslautern.webp\" alt=\"Foto einer angekauften Patek Philippe\" class=\"wp-image-2493\" srcset=\"https:\/\/www.uhrenankauf365.de\/uhr-verkaufen\/wp-content\/uploads\/2025\/09\/patek_ankauf_kaiserslautern.webp 600w, https:\/\/www.uhrenankauf365.de\/uhr-verkaufen\/wp-content\/uploads\/2025\/09\/patek_ankauf_kaiserslautern-300x261.webp 300w\" sizes=\"auto, (max-width: 600px) 100vw, 600px\" \/><\/figure>\n<\/div>\n\n\n\n<div class=\"wp-block-column is-layout-flow wp-block-column-is-layout-flow\">\n<p>Nutzen Sie am besten unser <a href=\"https:\/\/www.uhrenankauf365.de\/uhr-verkaufen\/ankaufsformular\/\">Ankaufsformular f\u00fcr Luxusuhren<\/a>, um uns Ihre Uhr im Detail anzubieten. Dazu geh\u00f6ren wichtige Angaben, die wir im Formular abfragen, z. B. der Zustand des Zifferblattes, des Armbands, letzter nachweisbarer Service und \u00e4hnliche Faktoren. Senden Sie uns gerne auch Fotos der Uhr, damit wir uns schnell ein Bild des Zustands machen k\u00f6nnen.<\/p>\n\n\n\n<p>Verkaufen Sie Ihre Uhr in der Original-Box und k\u00f6nnen Sie ebenfalls die Original-Papiere mit anbieten? &#8211; Perfekt, wir sind immer an vollst\u00e4ndigen Sets interessiert und zahlen faire Preise!<\/p>\n\n\n\n<p><strong>M\u00f6chten Sie wissen, was Ihre Uhr wert ist?<\/strong><\/p>\n\n\n<div class=\"wp-bootstrap-blocks-button\">\n\t<a\n\t\thref=\"https:\/\/www.uhrenankauf365.de\/uhr-verkaufen\/ankaufsformular\/\"\n\t\t\t\t\t\tclass=\"btn btn-primary\"\n\t>\n\t\tAnkaufsformular ausf\u00fcllen\t<\/a>\n<\/div>\n<\/div>\n<\/div>\n\n\n\n<p><\/p>\n","protected":false},"excerpt":{"rendered":"<p>Sie m\u00f6chten Ihre Luxusuhr in Kaiserslautern verkaufen? Nutzen Sie in unserem Uhrenankauf Kaiserslautern unsere jahrzehntelange Erfahrung und sichern Sie sich eine schnelle Auszahlung auf Ihr Bankkonto. Wir kaufen Luxusuhren der Marken Rolex, Audemars Piguet, Patek Philippe, A. Lange &amp; S\u00f6hne und weiteren Marken. Wie l\u00e4uft der Ankauf meiner Uhr in Kaiserslautern ab? Da wir unseren [&hellip;]<\/p>\n","protected":false},"author":1,"featured_media":0,"parent":0,"menu_order":0,"comment_status":"closed","ping_status":"closed","template":"","meta":{"footnotes":""},"class_list":["post-2485","page","type-page","status-publish","hentry"],"yoast_head":"<!-- This site is optimized with the Yoast SEO plugin v27.3 - https:\/\/yoast.com\/product\/yoast-seo-wordpress\/ -->\n<title>Uhrenankauf Kaiserslautern<\/title>\n<meta name=\"description\" content=\"Faire Auszahlung f\u00fcr Ihre gebrauchten Luxusuhren - im Uhrenankauf Kaiserslautern jetzt das Ankaufsformular ausf\u00fcllen!\" \/>\n<meta name=\"robots\" content=\"index, follow, max-snippet:-1, max-image-preview:large, max-video-preview:-1\" \/>\n<link rel=\"canonical\" href=\"https:\/\/www.uhrenankauf365.de\/uhr-verkaufen\/uhrenankauf-kaiserslautern\/\" \/>\n<meta property=\"og:locale\" content=\"de_DE\" \/>\n<meta property=\"og:type\" content=\"article\" \/>\n<meta property=\"og:title\" content=\"Uhrenankauf Kaiserslautern\" \/>\n<meta property=\"og:description\" content=\"Faire Auszahlung f\u00fcr Ihre gebrauchten Luxusuhren - im Uhrenankauf Kaiserslautern jetzt das Ankaufsformular ausf\u00fcllen!\" \/>\n<meta property=\"og:url\" content=\"https:\/\/www.uhrenankauf365.de\/uhr-verkaufen\/uhrenankauf-kaiserslautern\/\" \/>\n<meta property=\"og:site_name\" content=\"Uhrenankauf 365\" \/>\n<meta property=\"article:modified_time\" content=\"2025-09-02T14:26:14+00:00\" \/>\n<meta property=\"og:image\" content=\"https:\/\/www.uhrenankauf365.de\/uhr-verkaufen\/wp-content\/uploads\/2025\/09\/uhrenankauf_kaiserslautern.webp\" \/>\n\t<meta property=\"og:image:width\" content=\"1400\" \/>\n\t<meta property=\"og:image:height\" content=\"643\" \/>\n\t<meta property=\"og:image:type\" content=\"image\/webp\" \/>\n<meta name=\"twitter:card\" content=\"summary_large_image\" \/>\n<meta name=\"twitter:label1\" content=\"Gesch\u00e4tzte Lesezeit\" \/>\n\t<meta name=\"twitter:data1\" content=\"2\u00a0Minuten\" \/>\n<script type=\"application\/ld+json\" class=\"yoast-schema-graph\">{\"@context\":\"https:\\\/\\\/schema.org\",\"@graph\":[{\"@type\":\"WebPage\",\"@id\":\"https:\\\/\\\/www.uhrenankauf365.de\\\/uhr-verkaufen\\\/uhrenankauf-kaiserslautern\\\/\",\"url\":\"https:\\\/\\\/www.uhrenankauf365.de\\\/uhr-verkaufen\\\/uhrenankauf-kaiserslautern\\\/\",\"name\":\"Uhrenankauf Kaiserslautern\",\"isPartOf\":{\"@id\":\"https:\\\/\\\/www.uhrenankauf365.de\\\/uhr-verkaufen\\\/#website\"},\"primaryImageOfPage\":{\"@id\":\"https:\\\/\\\/www.uhrenankauf365.de\\\/uhr-verkaufen\\\/uhrenankauf-kaiserslautern\\\/#primaryimage\"},\"image\":{\"@id\":\"https:\\\/\\\/www.uhrenankauf365.de\\\/uhr-verkaufen\\\/uhrenankauf-kaiserslautern\\\/#primaryimage\"},\"thumbnailUrl\":\"https:\\\/\\\/www.uhrenankauf365.de\\\/uhr-verkaufen\\\/wp-content\\\/uploads\\\/2025\\\/09\\\/uhrenankauf_kaiserslautern.webp\",\"datePublished\":\"2025-09-02T14:09:54+00:00\",\"dateModified\":\"2025-09-02T14:26:14+00:00\",\"description\":\"Faire Auszahlung f\u00fcr Ihre gebrauchten Luxusuhren - im Uhrenankauf Kaiserslautern jetzt das Ankaufsformular ausf\u00fcllen!\",\"breadcrumb\":{\"@id\":\"https:\\\/\\\/www.uhrenankauf365.de\\\/uhr-verkaufen\\\/uhrenankauf-kaiserslautern\\\/#breadcrumb\"},\"inLanguage\":\"de\",\"potentialAction\":[{\"@type\":\"ReadAction\",\"target\":[\"https:\\\/\\\/www.uhrenankauf365.de\\\/uhr-verkaufen\\\/uhrenankauf-kaiserslautern\\\/\"]}]},{\"@type\":\"ImageObject\",\"inLanguage\":\"de\",\"@id\":\"https:\\\/\\\/www.uhrenankauf365.de\\\/uhr-verkaufen\\\/uhrenankauf-kaiserslautern\\\/#primaryimage\",\"url\":\"https:\\\/\\\/www.uhrenankauf365.de\\\/uhr-verkaufen\\\/wp-content\\\/uploads\\\/2025\\\/09\\\/uhrenankauf_kaiserslautern.webp\",\"contentUrl\":\"https:\\\/\\\/www.uhrenankauf365.de\\\/uhr-verkaufen\\\/wp-content\\\/uploads\\\/2025\\\/09\\\/uhrenankauf_kaiserslautern.webp\",\"width\":1400,\"height\":643},{\"@type\":\"BreadcrumbList\",\"@id\":\"https:\\\/\\\/www.uhrenankauf365.de\\\/uhr-verkaufen\\\/uhrenankauf-kaiserslautern\\\/#breadcrumb\",\"itemListElement\":[{\"@type\":\"ListItem\",\"position\":1,\"name\":\"Startseite\",\"item\":\"https:\\\/\\\/www.uhrenankauf365.de\\\/uhr-verkaufen\\\/\"},{\"@type\":\"ListItem\",\"position\":2,\"name\":\"Uhrenankauf Kaiserslautern\"}]},{\"@type\":\"WebSite\",\"@id\":\"https:\\\/\\\/www.uhrenankauf365.de\\\/uhr-verkaufen\\\/#website\",\"url\":\"https:\\\/\\\/www.uhrenankauf365.de\\\/uhr-verkaufen\\\/\",\"name\":\"Uhrenankauf 365\",\"description\":\"Jetzt Ihre Luxusuhr verkaufen!\",\"publisher\":{\"@id\":\"https:\\\/\\\/www.uhrenankauf365.de\\\/uhr-verkaufen\\\/#organization\"},\"potentialAction\":[{\"@type\":\"SearchAction\",\"target\":{\"@type\":\"EntryPoint\",\"urlTemplate\":\"https:\\\/\\\/www.uhrenankauf365.de\\\/uhr-verkaufen\\\/?s={search_term_string}\"},\"query-input\":{\"@type\":\"PropertyValueSpecification\",\"valueRequired\":true,\"valueName\":\"search_term_string\"}}],\"inLanguage\":\"de\"},{\"@type\":\"Organization\",\"@id\":\"https:\\\/\\\/www.uhrenankauf365.de\\\/uhr-verkaufen\\\/#organization\",\"name\":\"uhrenankauf365.de, Anke Michels\",\"url\":\"https:\\\/\\\/www.uhrenankauf365.de\\\/uhr-verkaufen\\\/\",\"logo\":{\"@type\":\"ImageObject\",\"inLanguage\":\"de\",\"@id\":\"https:\\\/\\\/www.uhrenankauf365.de\\\/uhr-verkaufen\\\/#\\\/schema\\\/logo\\\/image\\\/\",\"url\":\"https:\\\/\\\/www.uhrenankauf365.de\\\/uhr-verkaufen\\\/wp-content\\\/uploads\\\/2020\\\/11\\\/logo_uhrenankauf.png\",\"contentUrl\":\"https:\\\/\\\/www.uhrenankauf365.de\\\/uhr-verkaufen\\\/wp-content\\\/uploads\\\/2020\\\/11\\\/logo_uhrenankauf.png\",\"width\":98,\"height\":100,\"caption\":\"uhrenankauf365.de, Anke Michels\"},\"image\":{\"@id\":\"https:\\\/\\\/www.uhrenankauf365.de\\\/uhr-verkaufen\\\/#\\\/schema\\\/logo\\\/image\\\/\"}}]}<\/script>\n<!-- \/ Yoast SEO plugin. -->","yoast_head_json":{"title":"Uhrenankauf Kaiserslautern","description":"Faire Auszahlung f\u00fcr Ihre gebrauchten Luxusuhren - im Uhrenankauf Kaiserslautern jetzt das Ankaufsformular ausf\u00fcllen!","robots":{"index":"index","follow":"follow","max-snippet":"max-snippet:-1","max-image-preview":"max-image-preview:large","max-video-preview":"max-video-preview:-1"},"canonical":"https:\/\/www.uhrenankauf365.de\/uhr-verkaufen\/uhrenankauf-kaiserslautern\/","og_locale":"de_DE","og_type":"article","og_title":"Uhrenankauf Kaiserslautern","og_description":"Faire Auszahlung f\u00fcr Ihre gebrauchten Luxusuhren - im Uhrenankauf Kaiserslautern jetzt das Ankaufsformular ausf\u00fcllen!","og_url":"https:\/\/www.uhrenankauf365.de\/uhr-verkaufen\/uhrenankauf-kaiserslautern\/","og_site_name":"Uhrenankauf 365","article_modified_time":"2025-09-02T14:26:14+00:00","og_image":[{"width":1400,"height":643,"url":"https:\/\/www.uhrenankauf365.de\/uhr-verkaufen\/wp-content\/uploads\/2025\/09\/uhrenankauf_kaiserslautern.webp","type":"image\/webp"}],"twitter_card":"summary_large_image","twitter_misc":{"Gesch\u00e4tzte Lesezeit":"2\u00a0Minuten"},"schema":{"@context":"https:\/\/schema.org","@graph":[{"@type":"WebPage","@id":"https:\/\/www.uhrenankauf365.de\/uhr-verkaufen\/uhrenankauf-kaiserslautern\/","url":"https:\/\/www.uhrenankauf365.de\/uhr-verkaufen\/uhrenankauf-kaiserslautern\/","name":"Uhrenankauf Kaiserslautern","isPartOf":{"@id":"https:\/\/www.uhrenankauf365.de\/uhr-verkaufen\/#website"},"primaryImageOfPage":{"@id":"https:\/\/www.uhrenankauf365.de\/uhr-verkaufen\/uhrenankauf-kaiserslautern\/#primaryimage"},"image":{"@id":"https:\/\/www.uhrenankauf365.de\/uhr-verkaufen\/uhrenankauf-kaiserslautern\/#primaryimage"},"thumbnailUrl":"https:\/\/www.uhrenankauf365.de\/uhr-verkaufen\/wp-content\/uploads\/2025\/09\/uhrenankauf_kaiserslautern.webp","datePublished":"2025-09-02T14:09:54+00:00","dateModified":"2025-09-02T14:26:14+00:00","description":"Faire Auszahlung f\u00fcr Ihre gebrauchten Luxusuhren - im Uhrenankauf Kaiserslautern jetzt das Ankaufsformular ausf\u00fcllen!","breadcrumb":{"@id":"https:\/\/www.uhrenankauf365.de\/uhr-verkaufen\/uhrenankauf-kaiserslautern\/#breadcrumb"},"inLanguage":"de","potentialAction":[{"@type":"ReadAction","target":["https:\/\/www.uhrenankauf365.de\/uhr-verkaufen\/uhrenankauf-kaiserslautern\/"]}]},{"@type":"ImageObject","inLanguage":"de","@id":"https:\/\/www.uhrenankauf365.de\/uhr-verkaufen\/uhrenankauf-kaiserslautern\/#primaryimage","url":"https:\/\/www.uhrenankauf365.de\/uhr-verkaufen\/wp-content\/uploads\/2025\/09\/uhrenankauf_kaiserslautern.webp","contentUrl":"https:\/\/www.uhrenankauf365.de\/uhr-verkaufen\/wp-content\/uploads\/2025\/09\/uhrenankauf_kaiserslautern.webp","width":1400,"height":643},{"@type":"BreadcrumbList","@id":"https:\/\/www.uhrenankauf365.de\/uhr-verkaufen\/uhrenankauf-kaiserslautern\/#breadcrumb","itemListElement":[{"@type":"ListItem","position":1,"name":"Startseite","item":"https:\/\/www.uhrenankauf365.de\/uhr-verkaufen\/"},{"@type":"ListItem","position":2,"name":"Uhrenankauf Kaiserslautern"}]},{"@type":"WebSite","@id":"https:\/\/www.uhrenankauf365.de\/uhr-verkaufen\/#website","url":"https:\/\/www.uhrenankauf365.de\/uhr-verkaufen\/","name":"Uhrenankauf 365","description":"Jetzt Ihre Luxusuhr verkaufen!","publisher":{"@id":"https:\/\/www.uhrenankauf365.de\/uhr-verkaufen\/#organization"},"potentialAction":[{"@type":"SearchAction","target":{"@type":"EntryPoint","urlTemplate":"https:\/\/www.uhrenankauf365.de\/uhr-verkaufen\/?s={search_term_string}"},"query-input":{"@type":"PropertyValueSpecification","valueRequired":true,"valueName":"search_term_string"}}],"inLanguage":"de"},{"@type":"Organization","@id":"https:\/\/www.uhrenankauf365.de\/uhr-verkaufen\/#organization","name":"uhrenankauf365.de, Anke Michels","url":"https:\/\/www.uhrenankauf365.de\/uhr-verkaufen\/","logo":{"@type":"ImageObject","inLanguage":"de","@id":"https:\/\/www.uhrenankauf365.de\/uhr-verkaufen\/#\/schema\/logo\/image\/","url":"https:\/\/www.uhrenankauf365.de\/uhr-verkaufen\/wp-content\/uploads\/2020\/11\/logo_uhrenankauf.png","contentUrl":"https:\/\/www.uhrenankauf365.de\/uhr-verkaufen\/wp-content\/uploads\/2020\/11\/logo_uhrenankauf.png","width":98,"height":100,"caption":"uhrenankauf365.de, Anke Michels"},"image":{"@id":"https:\/\/www.uhrenankauf365.de\/uhr-verkaufen\/#\/schema\/logo\/image\/"}}]}},"_links":{"self":[{"href":"https:\/\/www.uhrenankauf365.de\/uhr-verkaufen\/wp-json\/wp\/v2\/pages\/2485","targetHints":{"allow":["GET"]}}],"collection":[{"href":"https:\/\/www.uhrenankauf365.de\/uhr-verkaufen\/wp-json\/wp\/v2\/pages"}],"about":[{"href":"https:\/\/www.uhrenankauf365.de\/uhr-verkaufen\/wp-json\/wp\/v2\/types\/page"}],"author":[{"embeddable":true,"href":"https:\/\/www.uhrenankauf365.de\/uhr-verkaufen\/wp-json\/wp\/v2\/users\/1"}],"replies":[{"embeddable":true,"href":"https:\/\/www.uhrenankauf365.de\/uhr-verkaufen\/wp-json\/wp\/v2\/comments?post=2485"}],"version-history":[{"count":8,"href":"https:\/\/www.uhrenankauf365.de\/uhr-verkaufen\/wp-json\/wp\/v2\/pages\/2485\/revisions"}],"predecessor-version":[{"id":2498,"href":"https:\/\/www.uhrenankauf365.de\/uhr-verkaufen\/wp-json\/wp\/v2\/pages\/2485\/revisions\/2498"}],"wp:attachment":[{"href":"https:\/\/www.uhrenankauf365.de\/uhr-verkaufen\/wp-json\/wp\/v2\/media?parent=2485"}],"curies":[{"name":"wp","href":"https:\/\/api.w.org\/{rel}","templated":true}]}}