{"id":2476,"date":"2025-08-13T11:34:30","date_gmt":"2025-08-13T09:34:30","guid":{"rendered":"https:\/\/www.uhrenankauf365.de\/uhr-verkaufen\/?page_id=2476"},"modified":"2025-08-13T11:37:15","modified_gmt":"2025-08-13T09:37:15","slug":"tag-heuer-monaco-uhrenankauf","status":"publish","type":"page","link":"https:\/\/www.uhrenankauf365.de\/uhr-verkaufen\/tag-heuer-monaco-uhrenankauf\/","title":{"rendered":"Tag Heuer Monaco Uhrenankauf"},"content":{"rendered":"\n<p>Die Tag Heuer Monaco geh\u00f6rt zu den beliebten Uhren im Uhrenankauf. Wir kaufen dieses Modell gerne an! Nennen Sie uns alle Details zur Uhr \u00fcber das <a href=\"https:\/\/www.uhrenankauf365.de\/uhr-verkaufen\/ankaufsformular\/\">Ankaufsformular<\/a>, damit wir Ihnen (in der Regel noch am gleichen Tag) ein Angebot \u00fcber den Uhrenankauf Ihrer <a href=\"https:\/\/www.tagheuer.com\/de\/de\/\" target=\"_blank\" rel=\"noreferrer noopener\">Tag Heuer<\/a> Monaco machen k\u00f6nnen.<\/p>\n\n\n\n<h2 class=\"wp-block-heading\" id=\"mt-5\">Wie l\u00e4uft der Ankauf meiner Tag Heuer Monaco ab?<\/h2>\n\n\n\n<div class=\"wp-block-columns is-layout-flex wp-container-core-columns-is-layout-9d6595d7 wp-block-columns-is-layout-flex\">\n<div class=\"wp-block-column is-layout-flow wp-block-column-is-layout-flow\">\n<p>Wir haben ein Ankaufsformular vorbereitet, \u00fcber das Sie uns alle (Ihnen bekannten) wichtigen Daten und Fakten \u00fcber die gebrauchte Luxusuhr senden k\u00f6nnen. Wichtig f\u00fcr uns ist vor allem der Zustand der Uhr und des Armbandes sowie der Lieferumfang. Eine Monaco, die Sie inklusive der Original-Zertifikate und Original-Verpackung verkaufen, bringt Ihnen in der Regel mehr ein als ein loser Verkauf der Uhr.<\/p>\n\n\n\n<p>Auch innerhalb der Varianten gibt es preisliche Unterschiede. Beliebte Sondermodelle wie die hier dargestellte GULF Edition sind seltener und somit bei Sammlern beliebter. Wir sch\u00e4tzen Ihre Uhr fair und schnell ein und zahlen die vereinbarte Ankaufsumme auf Ihr Bankkonto aus.  <\/p>\n<\/div>\n\n\n\n<div class=\"wp-block-column is-layout-flow wp-block-column-is-layout-flow\">\n<figure class=\"wp-block-image size-full\"><img loading=\"lazy\" decoding=\"async\" width=\"800\" height=\"569\" src=\"https:\/\/www.uhrenankauf365.de\/uhr-verkaufen\/wp-content\/uploads\/2025\/08\/tag_heuer_monaco_ankauf.webp\" alt=\"Tag Heuer Monaco im kompletten Set aus einem Ankauf\" class=\"wp-image-2477\" srcset=\"https:\/\/www.uhrenankauf365.de\/uhr-verkaufen\/wp-content\/uploads\/2025\/08\/tag_heuer_monaco_ankauf.webp 800w, https:\/\/www.uhrenankauf365.de\/uhr-verkaufen\/wp-content\/uploads\/2025\/08\/tag_heuer_monaco_ankauf-300x213.webp 300w, https:\/\/www.uhrenankauf365.de\/uhr-verkaufen\/wp-content\/uploads\/2025\/08\/tag_heuer_monaco_ankauf-768x546.webp 768w\" sizes=\"auto, (max-width: 800px) 100vw, 800px\" \/><\/figure>\n<\/div>\n<\/div>\n\n\n\n<div class=\"container p-4 uak_heller_hintergrund\">\n<div class=\"row mb-4\">\n<div class=\"col-12 col-md-6 text-center\">\n<i class=\"uak365icon fas fa-file-alt\"><\/i><br>\n<div class=\"ankaufschritte_title\">Formular ausf\u00fcllen<\/div>\n<small>Das <a href=\"https:\/\/www.uhrenankauf365.de\/uhr-verkaufen\/ankaufsformular\/\" title=\"Ankaufsformular Uhren\">Ankaufsformular<\/a> erfasst alle wichtigen Angaben zur Armbanduhr, die Sie verkaufen m\u00f6chten und erleichtert die Ermittlung eines fairen Ankaufspreises.<\/small>\n<\/div>\n<div class=\"col-12 col-md-6 text-center\">\n<i class=\"uak365icon far fa-handshake\"><\/i><br>\n<div class=\"ankaufschritte_title\">Angebot erhalten<\/div>\n<small>Wir unterbreiten Ihnen nach Erhalt der Informationen zur Uhr ein Angebot zum Ankauf. Offene Fragen kl\u00e4ren wir vorab.<\/small>\n<\/div>\n<\/div>\n\n\n<div class=\"row\">\n<div class=\"col-12 col-md-6 text-center\">\n<i class=\"uak365icon fas fa-truck-loading\"><\/i><br>\n<div class=\"ankaufschritte_title\">Uhr wird abgeholt<\/div>\n<small>Ein auf Werttransporte spezialisiertes Unternehmen holt die Uhr bei Ihnen ab. Mehr dazu erfahren Sie <a href=\"https:\/\/www.uhrenankauf365.de\/uhr-verkaufen\/ankauf-faq\/\">hier<\/a>.<\/small>\n<\/div>\n<div class=\"col-12 col-md-6 text-center\">\n<i class=\"uak365icon fas fa-euro-sign\"><\/i><br>\n<div class=\"ankaufschritte_title\">Geld erhalten<\/div>\n<small>Nach Pr\u00fcfung der Armbanduhr zahlen wir den vereinbarten Ankaufspreis zuverl\u00e4ssig und schnell auf Ihr Konto aus.\n<\/small>\n<\/div>\n<\/div>\n\n<\/div>\n\n\n\n<h2 class=\"wp-block-heading mt-5\">Historie der Tag Heuer Monaco<\/h2>\n\n\n\n<p>Die <strong>TAG Heuer Monaco<\/strong> hat ihren Namen wegen des <strong>F\u00fcrstentums Monaco<\/strong> an der C\u00f4te d\u2019Azur \u2013 genauer gesagt wegen des ber\u00fchmten <strong>Monaco Grand Prix<\/strong>, einem der prestigetr\u00e4chtigsten Formel-1-Rennen der Welt.<\/p>\n\n\n\n<div class=\"wp-block-columns is-layout-flex wp-container-core-columns-is-layout-9d6595d7 wp-block-columns-is-layout-flex\">\n<div class=\"wp-block-column is-layout-flow wp-block-column-is-layout-flow\">\n<figure class=\"wp-block-image size-full\"><img loading=\"lazy\" decoding=\"async\" width=\"816\" height=\"848\" src=\"https:\/\/www.uhrenankauf365.de\/uhr-verkaufen\/wp-content\/uploads\/2025\/08\/tag_heuer_online_ankauf.webp\" alt=\"\" class=\"wp-image-2478\" srcset=\"https:\/\/www.uhrenankauf365.de\/uhr-verkaufen\/wp-content\/uploads\/2025\/08\/tag_heuer_online_ankauf.webp 816w, https:\/\/www.uhrenankauf365.de\/uhr-verkaufen\/wp-content\/uploads\/2025\/08\/tag_heuer_online_ankauf-289x300.webp 289w, https:\/\/www.uhrenankauf365.de\/uhr-verkaufen\/wp-content\/uploads\/2025\/08\/tag_heuer_online_ankauf-768x798.webp 768w\" sizes=\"auto, (max-width: 816px) 100vw, 816px\" \/><\/figure>\n<\/div>\n\n\n\n<div class=\"wp-block-column is-layout-flow wp-block-column-is-layout-flow\">\n<p>Jack Heuer, der damalige Gesch\u00e4ftsf\u00fchrer von Heuer, brachte die Uhr 1969 auf den Markt und wollte ihr einen sportlichen, luxuri\u00f6sen und international klingenden Namen geben. Da Heuer zu dieser Zeit stark im Motorsport engagiert war, lag es nahe, die Verbindung zu einem glamour\u00f6sen Rennort zu nutzen.<\/p>\n\n\n\n<p>Ein paar besondere Punkte zur Namensgebung:<\/p>\n\n\n\n<ul class=\"wp-block-list\">\n<li>Monaco stand sinnbildlich f\u00fcr <em>Exklusivit\u00e4t<\/em> und <em>Motorsport-Elite<\/em>.<\/li>\n\n\n\n<li>Die Monaco war die <strong>erste wasserdichte, quadratische Automatik-Chronographen-Uhr<\/strong> \u2013 ein ungew\u00f6hnliches Design, das zum Namen mit Prestige passen sollte. Sp\u00e4ter gab es solche <a href=\"https:\/\/www.nobeluhren-store.de\/\" target=\"_blank\" rel=\"noreferrer noopener\">Luxusuhren<\/a> auch von anderen Herstellern.<\/li>\n\n\n\n<li>Sp\u00e4ter wurde sie durch Steve McQueen in <em>Le Mans<\/em> (1971) ber\u00fchmt, was den Motorsport-Charakter weiter verst\u00e4rkte.<\/li>\n<\/ul>\n<\/div>\n<\/div>\n\n\n\n<p>Wenn Sie eine Tag Heuer Monaco verkaufen m\u00f6chten, bieten Sie uns die Uhr gerne zum Kauf an. Wir melden uns zeitnah mit einer Preiseinsch\u00e4tzung. Wenn Sie vorab noch Fragen haben, <a href=\"https:\/\/www.uhrenankauf365.de\/uhr-verkaufen\/kontakt\/\">kontaktieren Sie uns gerne<\/a> im Vorfeld.<\/p>\n\n\n<div class=\"wp-bootstrap-blocks-container container mb-5 uak_heller_hintergrund_line_height_normal text-center p-4 mt-4\">\n\t\n\n<h3 class=\"wp-block-heading\" id=\"u1363-2\">Wir kaufen Luxusuhren!<\/h3>\n\n\n\n<p id=\"u1363-4\"><strong>Profitieren Sie&nbsp;von unserer jahrzehntelangen Erfahrung im Uhrenhandel!<\/strong><\/p>\n\n\n\n<p><a class=\"btn btn-primary btn-lg\" href=\"https:\/\/www.uhrenankauf365.de\/uhr-verkaufen\/ankaufsformular\/\">Zum Ankaufsformular<\/a><\/p>\n\n<\/div>\n","protected":false},"excerpt":{"rendered":"<p>Die Tag Heuer Monaco geh\u00f6rt zu den beliebten Uhren im Uhrenankauf. Wir kaufen dieses Modell gerne an! Nennen Sie uns alle Details zur Uhr \u00fcber das Ankaufsformular, damit wir Ihnen (in der Regel noch am gleichen Tag) ein Angebot \u00fcber den Uhrenankauf Ihrer Tag Heuer Monaco machen k\u00f6nnen. Wie l\u00e4uft der Ankauf meiner Tag Heuer [&hellip;]<\/p>\n","protected":false},"author":1,"featured_media":0,"parent":0,"menu_order":0,"comment_status":"closed","ping_status":"closed","template":"","meta":{"footnotes":""},"class_list":["post-2476","page","type-page","status-publish","hentry"],"yoast_head":"<!-- This site is optimized with the Yoast SEO plugin v27.3 - https:\/\/yoast.com\/product\/yoast-seo-wordpress\/ -->\n<title>Tag Heuer Monaco Uhrenankauf<\/title>\n<meta name=\"description\" content=\"Im Tag Heuer Monaco Uhrenankauf zahlen wir faire Preise f\u00fcr Ihre gebrauchte Luxusuhr. Seit 1998. Jetzt Uhr verkaufen!\" \/>\n<meta name=\"robots\" content=\"index, follow, max-snippet:-1, max-image-preview:large, max-video-preview:-1\" \/>\n<link rel=\"canonical\" href=\"https:\/\/www.uhrenankauf365.de\/uhr-verkaufen\/tag-heuer-monaco-uhrenankauf\/\" \/>\n<meta property=\"og:locale\" content=\"de_DE\" \/>\n<meta property=\"og:type\" content=\"article\" \/>\n<meta property=\"og:title\" content=\"Tag Heuer Monaco Uhrenankauf\" \/>\n<meta property=\"og:description\" content=\"Im Tag Heuer Monaco Uhrenankauf zahlen wir faire Preise f\u00fcr Ihre gebrauchte Luxusuhr. Seit 1998. Jetzt Uhr verkaufen!\" \/>\n<meta property=\"og:url\" content=\"https:\/\/www.uhrenankauf365.de\/uhr-verkaufen\/tag-heuer-monaco-uhrenankauf\/\" \/>\n<meta property=\"og:site_name\" content=\"Uhrenankauf 365\" \/>\n<meta property=\"article:modified_time\" content=\"2025-08-13T09:37:15+00:00\" \/>\n<meta property=\"og:image\" content=\"https:\/\/www.uhrenankauf365.de\/uhr-verkaufen\/wp-content\/uploads\/2025\/08\/tag_heuer_monaco_ankauf.webp\" \/>\n\t<meta property=\"og:image:width\" content=\"800\" \/>\n\t<meta property=\"og:image:height\" content=\"569\" \/>\n\t<meta property=\"og:image:type\" content=\"image\/webp\" \/>\n<meta name=\"twitter:card\" content=\"summary_large_image\" \/>\n<meta name=\"twitter:label1\" content=\"Gesch\u00e4tzte Lesezeit\" \/>\n\t<meta name=\"twitter:data1\" content=\"3\u00a0Minuten\" \/>\n<script type=\"application\/ld+json\" class=\"yoast-schema-graph\">{\"@context\":\"https:\\\/\\\/schema.org\",\"@graph\":[{\"@type\":\"WebPage\",\"@id\":\"https:\\\/\\\/www.uhrenankauf365.de\\\/uhr-verkaufen\\\/tag-heuer-monaco-uhrenankauf\\\/\",\"url\":\"https:\\\/\\\/www.uhrenankauf365.de\\\/uhr-verkaufen\\\/tag-heuer-monaco-uhrenankauf\\\/\",\"name\":\"Tag Heuer Monaco Uhrenankauf\",\"isPartOf\":{\"@id\":\"https:\\\/\\\/www.uhrenankauf365.de\\\/uhr-verkaufen\\\/#website\"},\"primaryImageOfPage\":{\"@id\":\"https:\\\/\\\/www.uhrenankauf365.de\\\/uhr-verkaufen\\\/tag-heuer-monaco-uhrenankauf\\\/#primaryimage\"},\"image\":{\"@id\":\"https:\\\/\\\/www.uhrenankauf365.de\\\/uhr-verkaufen\\\/tag-heuer-monaco-uhrenankauf\\\/#primaryimage\"},\"thumbnailUrl\":\"https:\\\/\\\/www.uhrenankauf365.de\\\/uhr-verkaufen\\\/wp-content\\\/uploads\\\/2025\\\/08\\\/tag_heuer_monaco_ankauf.webp\",\"datePublished\":\"2025-08-13T09:34:30+00:00\",\"dateModified\":\"2025-08-13T09:37:15+00:00\",\"description\":\"Im Tag Heuer Monaco Uhrenankauf zahlen wir faire Preise f\u00fcr Ihre gebrauchte Luxusuhr. Seit 1998. Jetzt Uhr verkaufen!\",\"breadcrumb\":{\"@id\":\"https:\\\/\\\/www.uhrenankauf365.de\\\/uhr-verkaufen\\\/tag-heuer-monaco-uhrenankauf\\\/#breadcrumb\"},\"inLanguage\":\"de\",\"potentialAction\":[{\"@type\":\"ReadAction\",\"target\":[\"https:\\\/\\\/www.uhrenankauf365.de\\\/uhr-verkaufen\\\/tag-heuer-monaco-uhrenankauf\\\/\"]}]},{\"@type\":\"ImageObject\",\"inLanguage\":\"de\",\"@id\":\"https:\\\/\\\/www.uhrenankauf365.de\\\/uhr-verkaufen\\\/tag-heuer-monaco-uhrenankauf\\\/#primaryimage\",\"url\":\"https:\\\/\\\/www.uhrenankauf365.de\\\/uhr-verkaufen\\\/wp-content\\\/uploads\\\/2025\\\/08\\\/tag_heuer_monaco_ankauf.webp\",\"contentUrl\":\"https:\\\/\\\/www.uhrenankauf365.de\\\/uhr-verkaufen\\\/wp-content\\\/uploads\\\/2025\\\/08\\\/tag_heuer_monaco_ankauf.webp\",\"width\":800,\"height\":569},{\"@type\":\"BreadcrumbList\",\"@id\":\"https:\\\/\\\/www.uhrenankauf365.de\\\/uhr-verkaufen\\\/tag-heuer-monaco-uhrenankauf\\\/#breadcrumb\",\"itemListElement\":[{\"@type\":\"ListItem\",\"position\":1,\"name\":\"Startseite\",\"item\":\"https:\\\/\\\/www.uhrenankauf365.de\\\/uhr-verkaufen\\\/\"},{\"@type\":\"ListItem\",\"position\":2,\"name\":\"Tag Heuer Monaco Uhrenankauf\"}]},{\"@type\":\"WebSite\",\"@id\":\"https:\\\/\\\/www.uhrenankauf365.de\\\/uhr-verkaufen\\\/#website\",\"url\":\"https:\\\/\\\/www.uhrenankauf365.de\\\/uhr-verkaufen\\\/\",\"name\":\"Uhrenankauf 365\",\"description\":\"Jetzt Ihre Luxusuhr verkaufen!\",\"publisher\":{\"@id\":\"https:\\\/\\\/www.uhrenankauf365.de\\\/uhr-verkaufen\\\/#organization\"},\"potentialAction\":[{\"@type\":\"SearchAction\",\"target\":{\"@type\":\"EntryPoint\",\"urlTemplate\":\"https:\\\/\\\/www.uhrenankauf365.de\\\/uhr-verkaufen\\\/?s={search_term_string}\"},\"query-input\":{\"@type\":\"PropertyValueSpecification\",\"valueRequired\":true,\"valueName\":\"search_term_string\"}}],\"inLanguage\":\"de\"},{\"@type\":\"Organization\",\"@id\":\"https:\\\/\\\/www.uhrenankauf365.de\\\/uhr-verkaufen\\\/#organization\",\"name\":\"uhrenankauf365.de, Anke Michels\",\"url\":\"https:\\\/\\\/www.uhrenankauf365.de\\\/uhr-verkaufen\\\/\",\"logo\":{\"@type\":\"ImageObject\",\"inLanguage\":\"de\",\"@id\":\"https:\\\/\\\/www.uhrenankauf365.de\\\/uhr-verkaufen\\\/#\\\/schema\\\/logo\\\/image\\\/\",\"url\":\"https:\\\/\\\/www.uhrenankauf365.de\\\/uhr-verkaufen\\\/wp-content\\\/uploads\\\/2020\\\/11\\\/logo_uhrenankauf.png\",\"contentUrl\":\"https:\\\/\\\/www.uhrenankauf365.de\\\/uhr-verkaufen\\\/wp-content\\\/uploads\\\/2020\\\/11\\\/logo_uhrenankauf.png\",\"width\":98,\"height\":100,\"caption\":\"uhrenankauf365.de, Anke Michels\"},\"image\":{\"@id\":\"https:\\\/\\\/www.uhrenankauf365.de\\\/uhr-verkaufen\\\/#\\\/schema\\\/logo\\\/image\\\/\"}}]}<\/script>\n<!-- \/ Yoast SEO plugin. -->","yoast_head_json":{"title":"Tag Heuer Monaco Uhrenankauf","description":"Im Tag Heuer Monaco Uhrenankauf zahlen wir faire Preise f\u00fcr Ihre gebrauchte Luxusuhr. Seit 1998. Jetzt Uhr verkaufen!","robots":{"index":"index","follow":"follow","max-snippet":"max-snippet:-1","max-image-preview":"max-image-preview:large","max-video-preview":"max-video-preview:-1"},"canonical":"https:\/\/www.uhrenankauf365.de\/uhr-verkaufen\/tag-heuer-monaco-uhrenankauf\/","og_locale":"de_DE","og_type":"article","og_title":"Tag Heuer Monaco Uhrenankauf","og_description":"Im Tag Heuer Monaco Uhrenankauf zahlen wir faire Preise f\u00fcr Ihre gebrauchte Luxusuhr. Seit 1998. Jetzt Uhr verkaufen!","og_url":"https:\/\/www.uhrenankauf365.de\/uhr-verkaufen\/tag-heuer-monaco-uhrenankauf\/","og_site_name":"Uhrenankauf 365","article_modified_time":"2025-08-13T09:37:15+00:00","og_image":[{"width":800,"height":569,"url":"https:\/\/www.uhrenankauf365.de\/uhr-verkaufen\/wp-content\/uploads\/2025\/08\/tag_heuer_monaco_ankauf.webp","type":"image\/webp"}],"twitter_card":"summary_large_image","twitter_misc":{"Gesch\u00e4tzte Lesezeit":"3\u00a0Minuten"},"schema":{"@context":"https:\/\/schema.org","@graph":[{"@type":"WebPage","@id":"https:\/\/www.uhrenankauf365.de\/uhr-verkaufen\/tag-heuer-monaco-uhrenankauf\/","url":"https:\/\/www.uhrenankauf365.de\/uhr-verkaufen\/tag-heuer-monaco-uhrenankauf\/","name":"Tag Heuer Monaco Uhrenankauf","isPartOf":{"@id":"https:\/\/www.uhrenankauf365.de\/uhr-verkaufen\/#website"},"primaryImageOfPage":{"@id":"https:\/\/www.uhrenankauf365.de\/uhr-verkaufen\/tag-heuer-monaco-uhrenankauf\/#primaryimage"},"image":{"@id":"https:\/\/www.uhrenankauf365.de\/uhr-verkaufen\/tag-heuer-monaco-uhrenankauf\/#primaryimage"},"thumbnailUrl":"https:\/\/www.uhrenankauf365.de\/uhr-verkaufen\/wp-content\/uploads\/2025\/08\/tag_heuer_monaco_ankauf.webp","datePublished":"2025-08-13T09:34:30+00:00","dateModified":"2025-08-13T09:37:15+00:00","description":"Im Tag Heuer Monaco Uhrenankauf zahlen wir faire Preise f\u00fcr Ihre gebrauchte Luxusuhr. Seit 1998. Jetzt Uhr verkaufen!","breadcrumb":{"@id":"https:\/\/www.uhrenankauf365.de\/uhr-verkaufen\/tag-heuer-monaco-uhrenankauf\/#breadcrumb"},"inLanguage":"de","potentialAction":[{"@type":"ReadAction","target":["https:\/\/www.uhrenankauf365.de\/uhr-verkaufen\/tag-heuer-monaco-uhrenankauf\/"]}]},{"@type":"ImageObject","inLanguage":"de","@id":"https:\/\/www.uhrenankauf365.de\/uhr-verkaufen\/tag-heuer-monaco-uhrenankauf\/#primaryimage","url":"https:\/\/www.uhrenankauf365.de\/uhr-verkaufen\/wp-content\/uploads\/2025\/08\/tag_heuer_monaco_ankauf.webp","contentUrl":"https:\/\/www.uhrenankauf365.de\/uhr-verkaufen\/wp-content\/uploads\/2025\/08\/tag_heuer_monaco_ankauf.webp","width":800,"height":569},{"@type":"BreadcrumbList","@id":"https:\/\/www.uhrenankauf365.de\/uhr-verkaufen\/tag-heuer-monaco-uhrenankauf\/#breadcrumb","itemListElement":[{"@type":"ListItem","position":1,"name":"Startseite","item":"https:\/\/www.uhrenankauf365.de\/uhr-verkaufen\/"},{"@type":"ListItem","position":2,"name":"Tag Heuer Monaco Uhrenankauf"}]},{"@type":"WebSite","@id":"https:\/\/www.uhrenankauf365.de\/uhr-verkaufen\/#website","url":"https:\/\/www.uhrenankauf365.de\/uhr-verkaufen\/","name":"Uhrenankauf 365","description":"Jetzt Ihre Luxusuhr verkaufen!","publisher":{"@id":"https:\/\/www.uhrenankauf365.de\/uhr-verkaufen\/#organization"},"potentialAction":[{"@type":"SearchAction","target":{"@type":"EntryPoint","urlTemplate":"https:\/\/www.uhrenankauf365.de\/uhr-verkaufen\/?s={search_term_string}"},"query-input":{"@type":"PropertyValueSpecification","valueRequired":true,"valueName":"search_term_string"}}],"inLanguage":"de"},{"@type":"Organization","@id":"https:\/\/www.uhrenankauf365.de\/uhr-verkaufen\/#organization","name":"uhrenankauf365.de, Anke Michels","url":"https:\/\/www.uhrenankauf365.de\/uhr-verkaufen\/","logo":{"@type":"ImageObject","inLanguage":"de","@id":"https:\/\/www.uhrenankauf365.de\/uhr-verkaufen\/#\/schema\/logo\/image\/","url":"https:\/\/www.uhrenankauf365.de\/uhr-verkaufen\/wp-content\/uploads\/2020\/11\/logo_uhrenankauf.png","contentUrl":"https:\/\/www.uhrenankauf365.de\/uhr-verkaufen\/wp-content\/uploads\/2020\/11\/logo_uhrenankauf.png","width":98,"height":100,"caption":"uhrenankauf365.de, Anke Michels"},"image":{"@id":"https:\/\/www.uhrenankauf365.de\/uhr-verkaufen\/#\/schema\/logo\/image\/"}}]}},"_links":{"self":[{"href":"https:\/\/www.uhrenankauf365.de\/uhr-verkaufen\/wp-json\/wp\/v2\/pages\/2476","targetHints":{"allow":["GET"]}}],"collection":[{"href":"https:\/\/www.uhrenankauf365.de\/uhr-verkaufen\/wp-json\/wp\/v2\/pages"}],"about":[{"href":"https:\/\/www.uhrenankauf365.de\/uhr-verkaufen\/wp-json\/wp\/v2\/types\/page"}],"author":[{"embeddable":true,"href":"https:\/\/www.uhrenankauf365.de\/uhr-verkaufen\/wp-json\/wp\/v2\/users\/1"}],"replies":[{"embeddable":true,"href":"https:\/\/www.uhrenankauf365.de\/uhr-verkaufen\/wp-json\/wp\/v2\/comments?post=2476"}],"version-history":[{"count":4,"href":"https:\/\/www.uhrenankauf365.de\/uhr-verkaufen\/wp-json\/wp\/v2\/pages\/2476\/revisions"}],"predecessor-version":[{"id":2482,"href":"https:\/\/www.uhrenankauf365.de\/uhr-verkaufen\/wp-json\/wp\/v2\/pages\/2476\/revisions\/2482"}],"wp:attachment":[{"href":"https:\/\/www.uhrenankauf365.de\/uhr-verkaufen\/wp-json\/wp\/v2\/media?parent=2476"}],"curies":[{"name":"wp","href":"https:\/\/api.w.org\/{rel}","templated":true}]}}