{"id":2461,"date":"2025-07-22T11:16:13","date_gmt":"2025-07-22T09:16:13","guid":{"rendered":"https:\/\/www.uhrenankauf365.de\/uhr-verkaufen\/?page_id=2461"},"modified":"2025-07-22T11:28:16","modified_gmt":"2025-07-22T09:28:16","slug":"anbieter-fuer-uhrenankauf-in-innsbruck","status":"publish","type":"page","link":"https:\/\/www.uhrenankauf365.de\/uhr-verkaufen\/anbieter-fuer-uhrenankauf-in-innsbruck\/","title":{"rendered":"Anbieter f\u00fcr Uhrenankauf in Innsbruck"},"content":{"rendered":"\n<p>Der Handel mit Luxusuhren ist unser t\u00e4gliches Gesch\u00e4ft und so freuen wir uns, Ihnen im Uhrenankauf Innsbruck faire Preise und schnelle Auszahlungen f\u00fcr Ihre Uhr anbieten zu k\u00f6nnen.<\/p>\n\n\n\n<p>Wir sind seit 1998 auf Luxusuhren spezialisiert und kennen den Markt sehr genau. Nutzen Sie also gerne direkt das <a href=\"https:\/\/www.uhrenankauf365.de\/uhr-verkaufen\/ankaufsformular\/\">Ankaufsformular<\/a>, um uns alle Details zu ihrer Luxusuhr zu \u00fcbermitteln. Sie erhalten in der Regel noch am gleichen Tag eine Einsch\u00e4tzung unseres Uhrmachermeisters.<\/p>\n\n\n\n<figure class=\"wp-block-image size-full\"><img loading=\"lazy\" decoding=\"async\" width=\"1400\" height=\"742\" src=\"https:\/\/www.uhrenankauf365.de\/uhr-verkaufen\/wp-content\/uploads\/2025\/07\/uhrenankauf-innsbruck.webp\" alt=\"Das Foto zeigt Berge und H\u00e4user in Innsbruck sowie den Schriftzug Wir kaufen Luxusuhren in Innsbruck.\" class=\"wp-image-2462\" srcset=\"https:\/\/www.uhrenankauf365.de\/uhr-verkaufen\/wp-content\/uploads\/2025\/07\/uhrenankauf-innsbruck.webp 1400w, https:\/\/www.uhrenankauf365.de\/uhr-verkaufen\/wp-content\/uploads\/2025\/07\/uhrenankauf-innsbruck-300x159.webp 300w, https:\/\/www.uhrenankauf365.de\/uhr-verkaufen\/wp-content\/uploads\/2025\/07\/uhrenankauf-innsbruck-1024x543.webp 1024w, https:\/\/www.uhrenankauf365.de\/uhr-verkaufen\/wp-content\/uploads\/2025\/07\/uhrenankauf-innsbruck-768x407.webp 768w\" sizes=\"auto, (max-width: 1400px) 100vw, 1400px\" \/><\/figure>\n\n\n\n<h2 class=\"wp-block-heading mt-5\">Welche Marken kaufen wir an?<\/h2>\n\n\n\n<p>Speziell die Luxusmarken der folgenden Hersteller sind f\u00fcr uns prim\u00e4r von Interesse:<\/p>\n\n\n\n<div class=\"wp-block-columns has-background has-medium-font-size is-layout-flex wp-container-core-columns-is-layout-9d6595d7 wp-block-columns-is-layout-flex\" style=\"background-color:#e9f5fa\">\n<div class=\"wp-block-column is-layout-flow wp-block-column-is-layout-flow\">\n<ul class=\"wp-block-list\">\n<li><a href=\"https:\/\/www.uhrenankauf365.de\/uhr-verkaufen\/rolex\/\">Rolex<\/a><\/li>\n\n\n\n<li><a href=\"https:\/\/www.uhrenankauf365.de\/uhr-verkaufen\/audemars_piguet\/\">Audemars Piguet<\/a><\/li>\n\n\n\n<li><a href=\"https:\/\/www.uhrenankauf365.de\/uhr-verkaufen\/cartier\/\">Cartier<\/a><\/li>\n\n\n\n<li><a href=\"https:\/\/www.uhrenankauf365.de\/uhr-verkaufen\/jaeger_lecoultre\/\">Jaeger-LeCoultre<\/a><\/li>\n<\/ul>\n<\/div>\n\n\n\n<div class=\"wp-block-column is-layout-flow wp-block-column-is-layout-flow\">\n<ul class=\"wp-block-list\">\n<li><a href=\"https:\/\/www.uhrenankauf365.de\/uhr-verkaufen\/patek_philippe\/\">Patek Philippe<\/a><\/li>\n\n\n\n<li><a href=\"https:\/\/www.uhrenankauf365.de\/uhr-verkaufen\/a_lange_und_soehne\/\">A. Lange &amp; S\u00f6hne<\/a><\/li>\n\n\n\n<li><a href=\"https:\/\/www.uhrenankauf365.de\/uhr-verkaufen\/iwc\/\">IWC<\/a><\/li>\n\n\n\n<li><a href=\"https:\/\/www.uhrenankauf365.de\/uhr-verkaufen\/breitling\/\">Breitling<\/a><\/li>\n<\/ul>\n<\/div>\n\n\n\n<div class=\"wp-block-column is-layout-flow wp-block-column-is-layout-flow\">\n<ul class=\"wp-block-list\">\n<li><a href=\"https:\/\/www.uhrenankauf365.de\/uhr-verkaufen\/zenith\/\">Zenith<\/a><\/li>\n\n\n\n<li><a href=\"https:\/\/www.uhrenankauf365.de\/uhr-verkaufen\/piaget-uhren-ankauf\/\">Piaget<\/a><\/li>\n\n\n\n<li><a href=\"https:\/\/www.uhrenankauf365.de\/uhr-verkaufen\/vacheron_constantin\/\">Vacheron Constantin<\/a><\/li>\n\n\n\n<li><a href=\"https:\/\/www.uhrenankauf365.de\/uhr-verkaufen\/blancpain\/\">Blancpain<\/a><\/li>\n<\/ul>\n<\/div>\n<\/div>\n\n\n\n<p>Bieten Sie uns aber gerne auch andere Uhren an und wir ermitteln, ob diese f\u00fcr uns interessant ist. Alle Fragen beantworten wir gerne vorab. Sie erreichen uns per <a href=\"https:\/\/www.uhrenankauf365.de\/uhr-verkaufen\/kontakt\/\">E-Mail, Telefon und WhatsApp<\/a>.<\/p>\n\n\n\n<h2 class=\"wp-block-heading mt-5\">Wie wird der Ankauf meiner Luxusuhr abgewickelt?<\/h2>\n\n\n\n<p>Zun\u00e4chst k\u00f6nnen Sie uns kostenlos und unverbindlich \u00fcber unser <a href=\"https:\/\/www.uhrenankauf365.de\/uhr-verkaufen\/ankaufsformular\/\">Ankaufsformular f\u00fcr Luxusuhren<\/a> Ihre Uhr vorstellen. Wir pr\u00fcfen Ihre Eingaben, schauen uns die Fotos zur Uhr an und melden uns bei Interesse mit einem Angebot bei Ihnen zur\u00fcck. Erzielen wir eine preisliche Einigung, holt ein Werttransportunternehmen die Uhr bei Ihnen in Innsbruck ab, so dass unser Uhrmachermeister diese eingehend pr\u00fcfen kann. Nach erfolgreicher Pr\u00fcfung zahlen wir innerhalb von 24 Stunden die vereinbarte Ankaufsumme auf Ihr Bankkonto aus.<\/p>\n\n\n\n<div class=\"container p-4 uak_heller_hintergrund\">\n<div class=\"row mb-4\">\n<div class=\"col-12 col-md-6 text-center\">\n<i class=\"uak365icon fas fa-file-alt\"><\/i><br>\n<div class=\"ankaufschritte_title\">Formular ausf\u00fcllen<\/div>\n<small>Das <a href=\"https:\/\/www.uhrenankauf365.de\/uhr-verkaufen\/ankaufsformular\/\" title=\"Ankaufsformular Uhren\">Ankaufsformular<\/a> erfasst alle wichtigen Angaben zur Armbanduhr, die Sie verkaufen m\u00f6chten und erleichtert die Ermittlung eines fairen Ankaufspreises.<\/small>\n<\/div>\n<div class=\"col-12 col-md-6 text-center\">\n<i class=\"uak365icon far fa-handshake\"><\/i><br>\n<div class=\"ankaufschritte_title\">Angebot erhalten<\/div>\n<small>Wir unterbreiten Ihnen nach Erhalt der Informationen zur Uhr ein Angebot zum Ankauf. Offene Fragen kl\u00e4ren wir vorab.<\/small>\n<\/div>\n<\/div>\n\n\n<div class=\"row\">\n<div class=\"col-12 col-md-6 text-center\">\n<i class=\"uak365icon fas fa-truck-loading\"><\/i><br>\n<div class=\"ankaufschritte_title\">Uhr wird abgeholt<\/div>\n<small>Ein auf Werttransporte spezialisiertes Unternehmen holt die Uhr bei Ihnen ab. Mehr dazu erfahren Sie <a href=\"https:\/\/www.uhrenankauf365.de\/uhr-verkaufen\/ankauf-faq\/\">hier<\/a>.<\/small>\n<\/div>\n<div class=\"col-12 col-md-6 text-center\">\n<i class=\"uak365icon fas fa-euro-sign\"><\/i><br>\n<div class=\"ankaufschritte_title\">Geld erhalten<\/div>\n<small>Nach Pr\u00fcfung der Armbanduhr zahlen wir den vereinbarten Ankaufspreis zuverl\u00e4ssig und schnell auf Ihr Konto aus.\n<\/small>\n<\/div>\n<\/div>\n\n<\/div>\n\n\n<div class=\"wp-bootstrap-blocks-container container mb-5 uak_heller_hintergrund_line_height_normal text-center p-4 mt-4\">\n\t\n\n<h3 class=\"wp-block-heading\" id=\"u1363-2\">Wir kaufen Luxusuhren!<\/h3>\n\n\n\n<p id=\"u1363-4\"><strong>Profitieren Sie&nbsp;von unserer jahrzehntelangen Erfahrung im Uhrenhandel!<\/strong><\/p>\n\n\n\n<p><a class=\"btn btn-primary btn-lg\" href=\"https:\/\/www.uhrenankauf365.de\/uhr-verkaufen\/ankaufsformular\/\">Zum Ankaufsformular<\/a><\/p>\n\n<\/div>\n","protected":false},"excerpt":{"rendered":"<p>Der Handel mit Luxusuhren ist unser t\u00e4gliches Gesch\u00e4ft und so freuen wir uns, Ihnen im Uhrenankauf Innsbruck faire Preise und schnelle Auszahlungen f\u00fcr Ihre Uhr anbieten zu k\u00f6nnen. Wir sind seit 1998 auf Luxusuhren spezialisiert und kennen den Markt sehr genau. Nutzen Sie also gerne direkt das Ankaufsformular, um uns alle Details zu ihrer Luxusuhr [&hellip;]<\/p>\n","protected":false},"author":1,"featured_media":0,"parent":0,"menu_order":0,"comment_status":"closed","ping_status":"closed","template":"","meta":{"footnotes":""},"class_list":["post-2461","page","type-page","status-publish","hentry"],"yoast_head":"<!-- This site is optimized with the Yoast SEO plugin v27.3 - https:\/\/yoast.com\/product\/yoast-seo-wordpress\/ -->\n<title>Anbieter f\u00fcr Uhrenankauf in Innsbruck - Uhrenankauf 365<\/title>\n<meta name=\"description\" content=\"Wir kaufen Ihre Luxusuhr im Uhrenankauf Innsbruck und zahlen faire und schnell auf Ihr Bankkonto aus. Seit 1998.\" \/>\n<meta name=\"robots\" content=\"index, follow, max-snippet:-1, max-image-preview:large, max-video-preview:-1\" \/>\n<link rel=\"canonical\" href=\"https:\/\/www.uhrenankauf365.de\/uhr-verkaufen\/anbieter-fuer-uhrenankauf-in-innsbruck\/\" \/>\n<meta property=\"og:locale\" content=\"de_DE\" \/>\n<meta property=\"og:type\" content=\"article\" \/>\n<meta property=\"og:title\" content=\"Anbieter f\u00fcr Uhrenankauf in Innsbruck - Uhrenankauf 365\" \/>\n<meta property=\"og:description\" content=\"Wir kaufen Ihre Luxusuhr im Uhrenankauf Innsbruck und zahlen faire und schnell auf Ihr Bankkonto aus. Seit 1998.\" \/>\n<meta property=\"og:url\" content=\"https:\/\/www.uhrenankauf365.de\/uhr-verkaufen\/anbieter-fuer-uhrenankauf-in-innsbruck\/\" \/>\n<meta property=\"og:site_name\" content=\"Uhrenankauf 365\" \/>\n<meta property=\"article:modified_time\" content=\"2025-07-22T09:28:16+00:00\" \/>\n<meta property=\"og:image\" content=\"https:\/\/www.uhrenankauf365.de\/uhr-verkaufen\/wp-content\/uploads\/2025\/07\/uhrenankauf-innsbruck.webp\" \/>\n\t<meta property=\"og:image:width\" content=\"1400\" \/>\n\t<meta property=\"og:image:height\" content=\"742\" \/>\n\t<meta property=\"og:image:type\" content=\"image\/webp\" \/>\n<meta name=\"twitter:card\" content=\"summary_large_image\" \/>\n<meta name=\"twitter:label1\" content=\"Gesch\u00e4tzte Lesezeit\" \/>\n\t<meta name=\"twitter:data1\" content=\"2\u00a0Minuten\" \/>\n<script type=\"application\/ld+json\" class=\"yoast-schema-graph\">{\"@context\":\"https:\\\/\\\/schema.org\",\"@graph\":[{\"@type\":\"WebPage\",\"@id\":\"https:\\\/\\\/www.uhrenankauf365.de\\\/uhr-verkaufen\\\/anbieter-fuer-uhrenankauf-in-innsbruck\\\/\",\"url\":\"https:\\\/\\\/www.uhrenankauf365.de\\\/uhr-verkaufen\\\/anbieter-fuer-uhrenankauf-in-innsbruck\\\/\",\"name\":\"Anbieter f\u00fcr Uhrenankauf in Innsbruck - Uhrenankauf 365\",\"isPartOf\":{\"@id\":\"https:\\\/\\\/www.uhrenankauf365.de\\\/uhr-verkaufen\\\/#website\"},\"primaryImageOfPage\":{\"@id\":\"https:\\\/\\\/www.uhrenankauf365.de\\\/uhr-verkaufen\\\/anbieter-fuer-uhrenankauf-in-innsbruck\\\/#primaryimage\"},\"image\":{\"@id\":\"https:\\\/\\\/www.uhrenankauf365.de\\\/uhr-verkaufen\\\/anbieter-fuer-uhrenankauf-in-innsbruck\\\/#primaryimage\"},\"thumbnailUrl\":\"https:\\\/\\\/www.uhrenankauf365.de\\\/uhr-verkaufen\\\/wp-content\\\/uploads\\\/2025\\\/07\\\/uhrenankauf-innsbruck.webp\",\"datePublished\":\"2025-07-22T09:16:13+00:00\",\"dateModified\":\"2025-07-22T09:28:16+00:00\",\"description\":\"Wir kaufen Ihre Luxusuhr im Uhrenankauf Innsbruck und zahlen faire und schnell auf Ihr Bankkonto aus. Seit 1998.\",\"breadcrumb\":{\"@id\":\"https:\\\/\\\/www.uhrenankauf365.de\\\/uhr-verkaufen\\\/anbieter-fuer-uhrenankauf-in-innsbruck\\\/#breadcrumb\"},\"inLanguage\":\"de\",\"potentialAction\":[{\"@type\":\"ReadAction\",\"target\":[\"https:\\\/\\\/www.uhrenankauf365.de\\\/uhr-verkaufen\\\/anbieter-fuer-uhrenankauf-in-innsbruck\\\/\"]}]},{\"@type\":\"ImageObject\",\"inLanguage\":\"de\",\"@id\":\"https:\\\/\\\/www.uhrenankauf365.de\\\/uhr-verkaufen\\\/anbieter-fuer-uhrenankauf-in-innsbruck\\\/#primaryimage\",\"url\":\"https:\\\/\\\/www.uhrenankauf365.de\\\/uhr-verkaufen\\\/wp-content\\\/uploads\\\/2025\\\/07\\\/uhrenankauf-innsbruck.webp\",\"contentUrl\":\"https:\\\/\\\/www.uhrenankauf365.de\\\/uhr-verkaufen\\\/wp-content\\\/uploads\\\/2025\\\/07\\\/uhrenankauf-innsbruck.webp\",\"width\":1400,\"height\":742},{\"@type\":\"BreadcrumbList\",\"@id\":\"https:\\\/\\\/www.uhrenankauf365.de\\\/uhr-verkaufen\\\/anbieter-fuer-uhrenankauf-in-innsbruck\\\/#breadcrumb\",\"itemListElement\":[{\"@type\":\"ListItem\",\"position\":1,\"name\":\"Startseite\",\"item\":\"https:\\\/\\\/www.uhrenankauf365.de\\\/uhr-verkaufen\\\/\"},{\"@type\":\"ListItem\",\"position\":2,\"name\":\"Anbieter f\u00fcr Uhrenankauf in Innsbruck\"}]},{\"@type\":\"WebSite\",\"@id\":\"https:\\\/\\\/www.uhrenankauf365.de\\\/uhr-verkaufen\\\/#website\",\"url\":\"https:\\\/\\\/www.uhrenankauf365.de\\\/uhr-verkaufen\\\/\",\"name\":\"Uhrenankauf 365\",\"description\":\"Jetzt Ihre Luxusuhr verkaufen!\",\"publisher\":{\"@id\":\"https:\\\/\\\/www.uhrenankauf365.de\\\/uhr-verkaufen\\\/#organization\"},\"potentialAction\":[{\"@type\":\"SearchAction\",\"target\":{\"@type\":\"EntryPoint\",\"urlTemplate\":\"https:\\\/\\\/www.uhrenankauf365.de\\\/uhr-verkaufen\\\/?s={search_term_string}\"},\"query-input\":{\"@type\":\"PropertyValueSpecification\",\"valueRequired\":true,\"valueName\":\"search_term_string\"}}],\"inLanguage\":\"de\"},{\"@type\":\"Organization\",\"@id\":\"https:\\\/\\\/www.uhrenankauf365.de\\\/uhr-verkaufen\\\/#organization\",\"name\":\"uhrenankauf365.de, Anke Michels\",\"url\":\"https:\\\/\\\/www.uhrenankauf365.de\\\/uhr-verkaufen\\\/\",\"logo\":{\"@type\":\"ImageObject\",\"inLanguage\":\"de\",\"@id\":\"https:\\\/\\\/www.uhrenankauf365.de\\\/uhr-verkaufen\\\/#\\\/schema\\\/logo\\\/image\\\/\",\"url\":\"https:\\\/\\\/www.uhrenankauf365.de\\\/uhr-verkaufen\\\/wp-content\\\/uploads\\\/2020\\\/11\\\/logo_uhrenankauf.png\",\"contentUrl\":\"https:\\\/\\\/www.uhrenankauf365.de\\\/uhr-verkaufen\\\/wp-content\\\/uploads\\\/2020\\\/11\\\/logo_uhrenankauf.png\",\"width\":98,\"height\":100,\"caption\":\"uhrenankauf365.de, Anke Michels\"},\"image\":{\"@id\":\"https:\\\/\\\/www.uhrenankauf365.de\\\/uhr-verkaufen\\\/#\\\/schema\\\/logo\\\/image\\\/\"}}]}<\/script>\n<!-- \/ Yoast SEO plugin. -->","yoast_head_json":{"title":"Anbieter f\u00fcr Uhrenankauf in Innsbruck - Uhrenankauf 365","description":"Wir kaufen Ihre Luxusuhr im Uhrenankauf Innsbruck und zahlen faire und schnell auf Ihr Bankkonto aus. Seit 1998.","robots":{"index":"index","follow":"follow","max-snippet":"max-snippet:-1","max-image-preview":"max-image-preview:large","max-video-preview":"max-video-preview:-1"},"canonical":"https:\/\/www.uhrenankauf365.de\/uhr-verkaufen\/anbieter-fuer-uhrenankauf-in-innsbruck\/","og_locale":"de_DE","og_type":"article","og_title":"Anbieter f\u00fcr Uhrenankauf in Innsbruck - Uhrenankauf 365","og_description":"Wir kaufen Ihre Luxusuhr im Uhrenankauf Innsbruck und zahlen faire und schnell auf Ihr Bankkonto aus. Seit 1998.","og_url":"https:\/\/www.uhrenankauf365.de\/uhr-verkaufen\/anbieter-fuer-uhrenankauf-in-innsbruck\/","og_site_name":"Uhrenankauf 365","article_modified_time":"2025-07-22T09:28:16+00:00","og_image":[{"width":1400,"height":742,"url":"https:\/\/www.uhrenankauf365.de\/uhr-verkaufen\/wp-content\/uploads\/2025\/07\/uhrenankauf-innsbruck.webp","type":"image\/webp"}],"twitter_card":"summary_large_image","twitter_misc":{"Gesch\u00e4tzte Lesezeit":"2\u00a0Minuten"},"schema":{"@context":"https:\/\/schema.org","@graph":[{"@type":"WebPage","@id":"https:\/\/www.uhrenankauf365.de\/uhr-verkaufen\/anbieter-fuer-uhrenankauf-in-innsbruck\/","url":"https:\/\/www.uhrenankauf365.de\/uhr-verkaufen\/anbieter-fuer-uhrenankauf-in-innsbruck\/","name":"Anbieter f\u00fcr Uhrenankauf in Innsbruck - Uhrenankauf 365","isPartOf":{"@id":"https:\/\/www.uhrenankauf365.de\/uhr-verkaufen\/#website"},"primaryImageOfPage":{"@id":"https:\/\/www.uhrenankauf365.de\/uhr-verkaufen\/anbieter-fuer-uhrenankauf-in-innsbruck\/#primaryimage"},"image":{"@id":"https:\/\/www.uhrenankauf365.de\/uhr-verkaufen\/anbieter-fuer-uhrenankauf-in-innsbruck\/#primaryimage"},"thumbnailUrl":"https:\/\/www.uhrenankauf365.de\/uhr-verkaufen\/wp-content\/uploads\/2025\/07\/uhrenankauf-innsbruck.webp","datePublished":"2025-07-22T09:16:13+00:00","dateModified":"2025-07-22T09:28:16+00:00","description":"Wir kaufen Ihre Luxusuhr im Uhrenankauf Innsbruck und zahlen faire und schnell auf Ihr Bankkonto aus. Seit 1998.","breadcrumb":{"@id":"https:\/\/www.uhrenankauf365.de\/uhr-verkaufen\/anbieter-fuer-uhrenankauf-in-innsbruck\/#breadcrumb"},"inLanguage":"de","potentialAction":[{"@type":"ReadAction","target":["https:\/\/www.uhrenankauf365.de\/uhr-verkaufen\/anbieter-fuer-uhrenankauf-in-innsbruck\/"]}]},{"@type":"ImageObject","inLanguage":"de","@id":"https:\/\/www.uhrenankauf365.de\/uhr-verkaufen\/anbieter-fuer-uhrenankauf-in-innsbruck\/#primaryimage","url":"https:\/\/www.uhrenankauf365.de\/uhr-verkaufen\/wp-content\/uploads\/2025\/07\/uhrenankauf-innsbruck.webp","contentUrl":"https:\/\/www.uhrenankauf365.de\/uhr-verkaufen\/wp-content\/uploads\/2025\/07\/uhrenankauf-innsbruck.webp","width":1400,"height":742},{"@type":"BreadcrumbList","@id":"https:\/\/www.uhrenankauf365.de\/uhr-verkaufen\/anbieter-fuer-uhrenankauf-in-innsbruck\/#breadcrumb","itemListElement":[{"@type":"ListItem","position":1,"name":"Startseite","item":"https:\/\/www.uhrenankauf365.de\/uhr-verkaufen\/"},{"@type":"ListItem","position":2,"name":"Anbieter f\u00fcr Uhrenankauf in Innsbruck"}]},{"@type":"WebSite","@id":"https:\/\/www.uhrenankauf365.de\/uhr-verkaufen\/#website","url":"https:\/\/www.uhrenankauf365.de\/uhr-verkaufen\/","name":"Uhrenankauf 365","description":"Jetzt Ihre Luxusuhr verkaufen!","publisher":{"@id":"https:\/\/www.uhrenankauf365.de\/uhr-verkaufen\/#organization"},"potentialAction":[{"@type":"SearchAction","target":{"@type":"EntryPoint","urlTemplate":"https:\/\/www.uhrenankauf365.de\/uhr-verkaufen\/?s={search_term_string}"},"query-input":{"@type":"PropertyValueSpecification","valueRequired":true,"valueName":"search_term_string"}}],"inLanguage":"de"},{"@type":"Organization","@id":"https:\/\/www.uhrenankauf365.de\/uhr-verkaufen\/#organization","name":"uhrenankauf365.de, Anke Michels","url":"https:\/\/www.uhrenankauf365.de\/uhr-verkaufen\/","logo":{"@type":"ImageObject","inLanguage":"de","@id":"https:\/\/www.uhrenankauf365.de\/uhr-verkaufen\/#\/schema\/logo\/image\/","url":"https:\/\/www.uhrenankauf365.de\/uhr-verkaufen\/wp-content\/uploads\/2020\/11\/logo_uhrenankauf.png","contentUrl":"https:\/\/www.uhrenankauf365.de\/uhr-verkaufen\/wp-content\/uploads\/2020\/11\/logo_uhrenankauf.png","width":98,"height":100,"caption":"uhrenankauf365.de, Anke Michels"},"image":{"@id":"https:\/\/www.uhrenankauf365.de\/uhr-verkaufen\/#\/schema\/logo\/image\/"}}]}},"_links":{"self":[{"href":"https:\/\/www.uhrenankauf365.de\/uhr-verkaufen\/wp-json\/wp\/v2\/pages\/2461","targetHints":{"allow":["GET"]}}],"collection":[{"href":"https:\/\/www.uhrenankauf365.de\/uhr-verkaufen\/wp-json\/wp\/v2\/pages"}],"about":[{"href":"https:\/\/www.uhrenankauf365.de\/uhr-verkaufen\/wp-json\/wp\/v2\/types\/page"}],"author":[{"embeddable":true,"href":"https:\/\/www.uhrenankauf365.de\/uhr-verkaufen\/wp-json\/wp\/v2\/users\/1"}],"replies":[{"embeddable":true,"href":"https:\/\/www.uhrenankauf365.de\/uhr-verkaufen\/wp-json\/wp\/v2\/comments?post=2461"}],"version-history":[{"count":9,"href":"https:\/\/www.uhrenankauf365.de\/uhr-verkaufen\/wp-json\/wp\/v2\/pages\/2461\/revisions"}],"predecessor-version":[{"id":2473,"href":"https:\/\/www.uhrenankauf365.de\/uhr-verkaufen\/wp-json\/wp\/v2\/pages\/2461\/revisions\/2473"}],"wp:attachment":[{"href":"https:\/\/www.uhrenankauf365.de\/uhr-verkaufen\/wp-json\/wp\/v2\/media?parent=2461"}],"curies":[{"name":"wp","href":"https:\/\/api.w.org\/{rel}","templated":true}]}}