{"id":2419,"date":"2025-06-16T16:22:13","date_gmt":"2025-06-16T14:22:13","guid":{"rendered":"https:\/\/www.uhrenankauf365.de\/uhr-verkaufen\/?page_id=2419"},"modified":"2025-06-16T16:39:37","modified_gmt":"2025-06-16T14:39:37","slug":"girard-perregaux-uhrenankauf","status":"publish","type":"page","link":"https:\/\/www.uhrenankauf365.de\/uhr-verkaufen\/girard-perregaux-uhrenankauf\/","title":{"rendered":"Girard Perregaux Uhrenankauf"},"content":{"rendered":"\n<p>In unserem Uhrenankauf haben Sie die M\u00f6glichkeit, Ihre Girard Perregaux Luxusuhr zu fairen Konditionen zu verkaufen. Sie erhalten zeitnah eine Auszahlung auf Ihr Bankkonto. Alles Weitere erfahren Sie in diesem Artikel.<\/p>\n\n\n<div class=\"wp-bootstrap-blocks-container container mb-5 uak_heller_hintergrund_line_height_normal text-center p-4 mt-4\">\n\t\n\n<h3 class=\"wp-block-heading\" id=\"u1363-2\">Wir kaufen Luxusuhren!<\/h3>\n\n\n\n<p id=\"u1363-4\"><strong>Profitieren Sie&nbsp;von unserer jahrzehntelangen Erfahrung im Uhrenhandel!<\/strong><\/p>\n\n\n\n<p><a class=\"btn btn-primary btn-lg\" href=\"https:\/\/www.uhrenankauf365.de\/uhr-verkaufen\/ankaufsformular\/\">Zum Ankaufsformular<\/a><\/p>\n\n<\/div>\n\n\n\n<div class=\"wp-block-columns is-layout-flex wp-container-core-columns-is-layout-9d6595d7 wp-block-columns-is-layout-flex\">\n<div class=\"wp-block-column is-layout-flow wp-block-column-is-layout-flow\">\n<h2 class=\"wp-block-heading\">Was ist meine Girard Perregaux wert?<\/h2>\n\n\n\n<p>Der Wert einer Girard-Perregaux Uhr l\u00e4sst sich nur individuell bewerten. Eine pauschale Angabe ist unseri\u00f6s und wird dem Anspruch dieser luxuri\u00f6sen Zeitmesser nicht gerecht.<\/p>\n\n\n\n<p>Wenn Sie Ihre Girard-Perregaux verkaufen m\u00f6chten, empfehlen wir eine pers\u00f6nliche Begutachtung durch unsere Experten \u2013 transparent, kostenlos und unverbindlich. Dazu k\u00f6nnen Sie unser <a href=\"https:\/\/www.uhrenankauf365.de\/uhr-verkaufen\/ankaufsformular\/\">Ankaufsformular<\/a> nutzen. Im Anschluss erhalten Sie zeitnah eine Bewertung der Uhr und erfahren unser Angebot f\u00fcr den Ankauf Ihrer Luxusuhr.<\/p>\n\n\n<div class=\"wp-bootstrap-blocks-button\">\n\t<a\n\t\thref=\"https:\/\/www.uhrenankauf365.de\/uhr-verkaufen\/ankaufsformular\/\"\n\t\t\t\t\t\tclass=\"btn btn-primary\"\n\t>\n\t\tWert erfahren\t<\/a>\n<\/div>\n<\/div>\n\n\n\n<div class=\"wp-block-column is-layout-flow wp-block-column-is-layout-flow\">\n<figure class=\"wp-block-image size-full\"><img loading=\"lazy\" decoding=\"async\" width=\"640\" height=\"480\" src=\"https:\/\/www.uhrenankauf365.de\/uhr-verkaufen\/wp-content\/uploads\/2025\/06\/Girard-Perregaux-Ankauf.jpg\" alt=\"Ein Girard Perregaux WW.TC Shadow Flyback Chronograph im kompletten Set aus einem Ankauf\" class=\"wp-image-2420\" srcset=\"https:\/\/www.uhrenankauf365.de\/uhr-verkaufen\/wp-content\/uploads\/2025\/06\/Girard-Perregaux-Ankauf.jpg 640w, https:\/\/www.uhrenankauf365.de\/uhr-verkaufen\/wp-content\/uploads\/2025\/06\/Girard-Perregaux-Ankauf-300x225.jpg 300w\" sizes=\"auto, (max-width: 640px) 100vw, 640px\" \/><\/figure>\n<\/div>\n<\/div>\n\n\n\n<h2 class=\"wp-block-heading mt-5 mb-4\">Was beeinflusst den Wert einer Luxusuhr?<\/h2>\n\n\n\n<p><strong>1. Modell und Referenz<\/strong><\/p>\n\n\n\n<p>Beliebtheit und Seltenheit: Bestimmte Modelle, wie etwa limitierte Editionen oder Klassiker, erzielen h\u00f6here Preise als Standardmodelle.<\/p>\n\n\n\n<p>Technische Komplikationen: Uhren mit besonderen Funktionen (z.B. Tourbillon, Chronograph) sind meist wertvoller.<\/p>\n\n\n\n<p><strong>2. Zustand der Uhr<\/strong><\/p>\n\n\n\n<p>Optischer Zustand: Kratzer, Abnutzungen oder Besch\u00e4digungen am Geh\u00e4use, Glas oder Armband wirken sich negativ auf den Preis aus.<\/p>\n\n\n\n<p>Technischer Zustand: Die Ganggenauigkeit und der Wartungszustand (z. B. letzte Revision, gerne belegbar mit einer Rechnung) spielen eine entscheidende Rolle.<\/p>\n\n\n\n<p><strong>3. Originalzubeh\u00f6r<\/strong><\/p>\n\n\n\n<p>Box und Papiere: Das Vorhandensein von Originalbox, Zertifikaten und Garantiekarten steigert den Wert erheblich.<\/p>\n\n\n\n<p>Zubeh\u00f6r: Zus\u00e4tzliche Armb\u00e4nder oder Ersatzteile k\u00f6nnen den Preis ebenfalls positiv beeinflussen.<\/p>\n\n\n\n<p>Der Ankaufspreis einer Girard Perregaux Luxusuhr ist das Ergebnis einer individuellen Bewertung. Nur durch die Ber\u00fccksichtigung aller genannten Faktoren kann ein faires und marktgerechtes Angebot erstellt werden. Besondere Hinweise zu Ihrer Uhr k\u00f6nnen Sie uns direkt im Ankaufsformular nennen.<\/p>\n\n\n\n<p><strong>4. Alter und Historie<\/strong><\/p>\n\n\n\n<p>\u00c4ltere Uhren mit besonderer Geschichte oder Sammlerwert k\u00f6nnen begehrter sein als neuere Modelle. Eine l\u00fcckenlose Historie und belegbare Herkunft erh\u00f6hen die Attraktivit\u00e4t.<\/p>\n\n\n\n<p><strong>5. Markt- und Nachfragesituation<\/strong><\/p>\n\n\n\n<p>Der Wert schwankt je nach Nachfrage auf dem internationalen Uhrenmarkt. Trends und Sammlerinteressen \u00e4ndern sich regelm\u00e4\u00dfig. Manche Modelle erfahren Wertsteigerungen, andere unterliegen Preiskorrekturen.<\/p>\n\n\n\n<p><strong>6. Je seltener desto wertvoller<\/strong><\/p>\n\n\n\n<p>Limitiert produzierte Modelle oder Sondereditionen von Girard-Perregaux sind besonders gefragt. Je seltener eine Uhr am Markt erh\u00e4ltlich ist, desto h\u00f6her ist potenziell ihr Ankaufspreis \u2013 vorausgesetzt, es besteht eine entsprechende Nachfrage.<\/p>\n\n\n\n<hr class=\"wp-block-separator has-alpha-channel-opacity\"\/>\n\n\n\n<h2 class=\"wp-block-heading\">Wir kaufen auch andere Marken!<\/h2>\n\n\n\n<p>Auch Luxusuhren anderer Hersteller sind im Ankauf sehr beliebt! Bieten Sie uns gerne Ihre gebrauchte Uhr an und wir nennen Ihnen zeitnah den m\u00f6glichen Auszahlungsbetrag. Wir freuen uns auf Ihr Angebot!<\/p>\n\n\n<div class=\"wp-bootstrap-blocks-container container mb-2 uak_heller_hintergrund p-4\">\n\t\n\n<p class=\"has-text-align-center\"><strong>Welche Uhrenmarke m\u00f6chten Sie verkaufen?<\/strong><\/p>\n\n\n\n<p class=\"text-center\"><a href=\"https:\/\/www.uhrenankauf365.de\/uhr-verkaufen\/a_lange_und_soehne\" class=\"btn btn-primary mb-1 mt-1\" title=\"Uhren Ankauf A. Lange und S\u00f6hne\">A. Lange &amp; S\u00f6hne<\/a> <a href=\"https:\/\/www.uhrenankauf365.de\/uhr-verkaufen\/audemars_piguet\" class=\"btn btn-primary mb-1 mt-1\" title=\"Uhren Ankauf Audemars Piguet\">Audemars Piguet<\/a> <a href=\"https:\/\/www.uhrenankauf365.de\/uhr-verkaufen\/breitling\" class=\"btn btn-primary mb-1 mt-1\" title=\"Uhren Ankauf Breitling\">Breitling<\/a> <a href=\"https:\/\/www.uhrenankauf365.de\/uhr-verkaufen\/hublot\" class=\"btn btn-primary mb-1 mt-1\" title=\"Uhren Ankauf Hublot\">Hublot<\/a> <a href=\"https:\/\/www.uhrenankauf365.de\/uhr-verkaufen\/jaeger_lecoultre\" class=\"btn btn-primary mb-1 mt-1\" title=\"Uhren Ankauf Jaeger-LeCoultre\">Jaeger-LeCoultre<\/a> <a href=\"https:\/\/www.uhrenankauf365.de\/uhr-verkaufen\/omega\" class=\"btn btn-primary mb-1 mt-1\" title=\"Uhren Ankauf Omega\">Omega<\/a> <a href=\"https:\/\/www.uhrenankauf365.de\/uhr-verkaufen\/patek_philippe\" class=\"btn btn-primary mb-1 mt-1\" title=\"Uhren Ankauf Patek Philippe\">Patek Philippe<\/a> <a href=\"https:\/\/www.uhrenankauf365.de\/uhr-verkaufen\/rolex\" class=\"btn btn-primary mb-1 mt-1\" title=\"Uhren Ankauf Rolex\">Rolex<\/a> <a href=\"https:\/\/www.uhrenankauf365.de\/uhr-verkaufen\/ankaufsformular\" class=\"btn btn-primary mb-1 mt-1\">Andere Marke<\/a><br><br><strong>W\u00fcnschen Sie zun\u00e4chst weitere Informationen zur Abwicklung des Uhrenankaufs?<\/strong><br>\n<a href=\"\/uhr-verkaufen\/ankauf-faq\/\" class=\"btn btn-secondary mt-3\">FAQ anzeigen<\/a><\/p>\n\n<\/div>\n\n\n\n<p><\/p>\n","protected":false},"excerpt":{"rendered":"<p>In unserem Uhrenankauf haben Sie die M\u00f6glichkeit, Ihre Girard Perregaux Luxusuhr zu fairen Konditionen zu verkaufen. Sie erhalten zeitnah eine Auszahlung auf Ihr Bankkonto. Alles Weitere erfahren Sie in diesem Artikel. Was ist meine Girard Perregaux wert? Der Wert einer Girard-Perregaux Uhr l\u00e4sst sich nur individuell bewerten. Eine pauschale Angabe ist unseri\u00f6s und wird dem [&hellip;]<\/p>\n","protected":false},"author":1,"featured_media":0,"parent":0,"menu_order":0,"comment_status":"closed","ping_status":"closed","template":"","meta":{"footnotes":""},"class_list":["post-2419","page","type-page","status-publish","hentry"],"yoast_head":"<!-- This site is optimized with the Yoast SEO plugin v27.3 - https:\/\/yoast.com\/product\/yoast-seo-wordpress\/ -->\n<title>Girard Perregaux Uhrenankauf - Uhrenankauf 365<\/title>\n<meta name=\"robots\" content=\"index, follow, max-snippet:-1, max-image-preview:large, max-video-preview:-1\" \/>\n<link rel=\"canonical\" href=\"https:\/\/www.uhrenankauf365.de\/uhr-verkaufen\/girard-perregaux-uhrenankauf\/\" \/>\n<meta property=\"og:locale\" content=\"de_DE\" \/>\n<meta property=\"og:type\" content=\"article\" \/>\n<meta property=\"og:title\" content=\"Girard Perregaux Uhrenankauf - Uhrenankauf 365\" \/>\n<meta property=\"og:description\" content=\"In unserem Uhrenankauf haben Sie die M\u00f6glichkeit, Ihre Girard Perregaux Luxusuhr zu fairen Konditionen zu verkaufen. Sie erhalten zeitnah eine Auszahlung auf Ihr Bankkonto. Alles Weitere erfahren Sie in diesem Artikel. Was ist meine Girard Perregaux wert? Der Wert einer Girard-Perregaux Uhr l\u00e4sst sich nur individuell bewerten. Eine pauschale Angabe ist unseri\u00f6s und wird dem [&hellip;]\" \/>\n<meta property=\"og:url\" content=\"https:\/\/www.uhrenankauf365.de\/uhr-verkaufen\/girard-perregaux-uhrenankauf\/\" \/>\n<meta property=\"og:site_name\" content=\"Uhrenankauf 365\" \/>\n<meta property=\"article:modified_time\" content=\"2025-06-16T14:39:37+00:00\" \/>\n<meta property=\"og:image\" content=\"https:\/\/www.uhrenankauf365.de\/uhr-verkaufen\/wp-content\/uploads\/2025\/06\/Girard-Perregaux-Ankauf.jpg\" \/>\n\t<meta property=\"og:image:width\" content=\"640\" \/>\n\t<meta property=\"og:image:height\" content=\"480\" \/>\n\t<meta property=\"og:image:type\" content=\"image\/jpeg\" \/>\n<meta name=\"twitter:card\" content=\"summary_large_image\" \/>\n<meta name=\"twitter:label1\" content=\"Gesch\u00e4tzte Lesezeit\" \/>\n\t<meta name=\"twitter:data1\" content=\"3\u00a0Minuten\" \/>\n<script type=\"application\/ld+json\" class=\"yoast-schema-graph\">{\"@context\":\"https:\\\/\\\/schema.org\",\"@graph\":[{\"@type\":\"WebPage\",\"@id\":\"https:\\\/\\\/www.uhrenankauf365.de\\\/uhr-verkaufen\\\/girard-perregaux-uhrenankauf\\\/\",\"url\":\"https:\\\/\\\/www.uhrenankauf365.de\\\/uhr-verkaufen\\\/girard-perregaux-uhrenankauf\\\/\",\"name\":\"Girard Perregaux Uhrenankauf - Uhrenankauf 365\",\"isPartOf\":{\"@id\":\"https:\\\/\\\/www.uhrenankauf365.de\\\/uhr-verkaufen\\\/#website\"},\"primaryImageOfPage\":{\"@id\":\"https:\\\/\\\/www.uhrenankauf365.de\\\/uhr-verkaufen\\\/girard-perregaux-uhrenankauf\\\/#primaryimage\"},\"image\":{\"@id\":\"https:\\\/\\\/www.uhrenankauf365.de\\\/uhr-verkaufen\\\/girard-perregaux-uhrenankauf\\\/#primaryimage\"},\"thumbnailUrl\":\"https:\\\/\\\/www.uhrenankauf365.de\\\/uhr-verkaufen\\\/wp-content\\\/uploads\\\/2025\\\/06\\\/Girard-Perregaux-Ankauf.jpg\",\"datePublished\":\"2025-06-16T14:22:13+00:00\",\"dateModified\":\"2025-06-16T14:39:37+00:00\",\"breadcrumb\":{\"@id\":\"https:\\\/\\\/www.uhrenankauf365.de\\\/uhr-verkaufen\\\/girard-perregaux-uhrenankauf\\\/#breadcrumb\"},\"inLanguage\":\"de\",\"potentialAction\":[{\"@type\":\"ReadAction\",\"target\":[\"https:\\\/\\\/www.uhrenankauf365.de\\\/uhr-verkaufen\\\/girard-perregaux-uhrenankauf\\\/\"]}]},{\"@type\":\"ImageObject\",\"inLanguage\":\"de\",\"@id\":\"https:\\\/\\\/www.uhrenankauf365.de\\\/uhr-verkaufen\\\/girard-perregaux-uhrenankauf\\\/#primaryimage\",\"url\":\"https:\\\/\\\/www.uhrenankauf365.de\\\/uhr-verkaufen\\\/wp-content\\\/uploads\\\/2025\\\/06\\\/Girard-Perregaux-Ankauf.jpg\",\"contentUrl\":\"https:\\\/\\\/www.uhrenankauf365.de\\\/uhr-verkaufen\\\/wp-content\\\/uploads\\\/2025\\\/06\\\/Girard-Perregaux-Ankauf.jpg\",\"width\":640,\"height\":480},{\"@type\":\"BreadcrumbList\",\"@id\":\"https:\\\/\\\/www.uhrenankauf365.de\\\/uhr-verkaufen\\\/girard-perregaux-uhrenankauf\\\/#breadcrumb\",\"itemListElement\":[{\"@type\":\"ListItem\",\"position\":1,\"name\":\"Startseite\",\"item\":\"https:\\\/\\\/www.uhrenankauf365.de\\\/uhr-verkaufen\\\/\"},{\"@type\":\"ListItem\",\"position\":2,\"name\":\"Girard Perregaux Uhrenankauf\"}]},{\"@type\":\"WebSite\",\"@id\":\"https:\\\/\\\/www.uhrenankauf365.de\\\/uhr-verkaufen\\\/#website\",\"url\":\"https:\\\/\\\/www.uhrenankauf365.de\\\/uhr-verkaufen\\\/\",\"name\":\"Uhrenankauf 365\",\"description\":\"Jetzt Ihre Luxusuhr verkaufen!\",\"publisher\":{\"@id\":\"https:\\\/\\\/www.uhrenankauf365.de\\\/uhr-verkaufen\\\/#organization\"},\"potentialAction\":[{\"@type\":\"SearchAction\",\"target\":{\"@type\":\"EntryPoint\",\"urlTemplate\":\"https:\\\/\\\/www.uhrenankauf365.de\\\/uhr-verkaufen\\\/?s={search_term_string}\"},\"query-input\":{\"@type\":\"PropertyValueSpecification\",\"valueRequired\":true,\"valueName\":\"search_term_string\"}}],\"inLanguage\":\"de\"},{\"@type\":\"Organization\",\"@id\":\"https:\\\/\\\/www.uhrenankauf365.de\\\/uhr-verkaufen\\\/#organization\",\"name\":\"uhrenankauf365.de, Anke Michels\",\"url\":\"https:\\\/\\\/www.uhrenankauf365.de\\\/uhr-verkaufen\\\/\",\"logo\":{\"@type\":\"ImageObject\",\"inLanguage\":\"de\",\"@id\":\"https:\\\/\\\/www.uhrenankauf365.de\\\/uhr-verkaufen\\\/#\\\/schema\\\/logo\\\/image\\\/\",\"url\":\"https:\\\/\\\/www.uhrenankauf365.de\\\/uhr-verkaufen\\\/wp-content\\\/uploads\\\/2020\\\/11\\\/logo_uhrenankauf.png\",\"contentUrl\":\"https:\\\/\\\/www.uhrenankauf365.de\\\/uhr-verkaufen\\\/wp-content\\\/uploads\\\/2020\\\/11\\\/logo_uhrenankauf.png\",\"width\":98,\"height\":100,\"caption\":\"uhrenankauf365.de, Anke Michels\"},\"image\":{\"@id\":\"https:\\\/\\\/www.uhrenankauf365.de\\\/uhr-verkaufen\\\/#\\\/schema\\\/logo\\\/image\\\/\"}}]}<\/script>\n<!-- \/ Yoast SEO plugin. -->","yoast_head_json":{"title":"Girard Perregaux Uhrenankauf - Uhrenankauf 365","robots":{"index":"index","follow":"follow","max-snippet":"max-snippet:-1","max-image-preview":"max-image-preview:large","max-video-preview":"max-video-preview:-1"},"canonical":"https:\/\/www.uhrenankauf365.de\/uhr-verkaufen\/girard-perregaux-uhrenankauf\/","og_locale":"de_DE","og_type":"article","og_title":"Girard Perregaux Uhrenankauf - Uhrenankauf 365","og_description":"In unserem Uhrenankauf haben Sie die M\u00f6glichkeit, Ihre Girard Perregaux Luxusuhr zu fairen Konditionen zu verkaufen. Sie erhalten zeitnah eine Auszahlung auf Ihr Bankkonto. Alles Weitere erfahren Sie in diesem Artikel. Was ist meine Girard Perregaux wert? Der Wert einer Girard-Perregaux Uhr l\u00e4sst sich nur individuell bewerten. Eine pauschale Angabe ist unseri\u00f6s und wird dem [&hellip;]","og_url":"https:\/\/www.uhrenankauf365.de\/uhr-verkaufen\/girard-perregaux-uhrenankauf\/","og_site_name":"Uhrenankauf 365","article_modified_time":"2025-06-16T14:39:37+00:00","og_image":[{"width":640,"height":480,"url":"https:\/\/www.uhrenankauf365.de\/uhr-verkaufen\/wp-content\/uploads\/2025\/06\/Girard-Perregaux-Ankauf.jpg","type":"image\/jpeg"}],"twitter_card":"summary_large_image","twitter_misc":{"Gesch\u00e4tzte Lesezeit":"3\u00a0Minuten"},"schema":{"@context":"https:\/\/schema.org","@graph":[{"@type":"WebPage","@id":"https:\/\/www.uhrenankauf365.de\/uhr-verkaufen\/girard-perregaux-uhrenankauf\/","url":"https:\/\/www.uhrenankauf365.de\/uhr-verkaufen\/girard-perregaux-uhrenankauf\/","name":"Girard Perregaux Uhrenankauf - Uhrenankauf 365","isPartOf":{"@id":"https:\/\/www.uhrenankauf365.de\/uhr-verkaufen\/#website"},"primaryImageOfPage":{"@id":"https:\/\/www.uhrenankauf365.de\/uhr-verkaufen\/girard-perregaux-uhrenankauf\/#primaryimage"},"image":{"@id":"https:\/\/www.uhrenankauf365.de\/uhr-verkaufen\/girard-perregaux-uhrenankauf\/#primaryimage"},"thumbnailUrl":"https:\/\/www.uhrenankauf365.de\/uhr-verkaufen\/wp-content\/uploads\/2025\/06\/Girard-Perregaux-Ankauf.jpg","datePublished":"2025-06-16T14:22:13+00:00","dateModified":"2025-06-16T14:39:37+00:00","breadcrumb":{"@id":"https:\/\/www.uhrenankauf365.de\/uhr-verkaufen\/girard-perregaux-uhrenankauf\/#breadcrumb"},"inLanguage":"de","potentialAction":[{"@type":"ReadAction","target":["https:\/\/www.uhrenankauf365.de\/uhr-verkaufen\/girard-perregaux-uhrenankauf\/"]}]},{"@type":"ImageObject","inLanguage":"de","@id":"https:\/\/www.uhrenankauf365.de\/uhr-verkaufen\/girard-perregaux-uhrenankauf\/#primaryimage","url":"https:\/\/www.uhrenankauf365.de\/uhr-verkaufen\/wp-content\/uploads\/2025\/06\/Girard-Perregaux-Ankauf.jpg","contentUrl":"https:\/\/www.uhrenankauf365.de\/uhr-verkaufen\/wp-content\/uploads\/2025\/06\/Girard-Perregaux-Ankauf.jpg","width":640,"height":480},{"@type":"BreadcrumbList","@id":"https:\/\/www.uhrenankauf365.de\/uhr-verkaufen\/girard-perregaux-uhrenankauf\/#breadcrumb","itemListElement":[{"@type":"ListItem","position":1,"name":"Startseite","item":"https:\/\/www.uhrenankauf365.de\/uhr-verkaufen\/"},{"@type":"ListItem","position":2,"name":"Girard Perregaux Uhrenankauf"}]},{"@type":"WebSite","@id":"https:\/\/www.uhrenankauf365.de\/uhr-verkaufen\/#website","url":"https:\/\/www.uhrenankauf365.de\/uhr-verkaufen\/","name":"Uhrenankauf 365","description":"Jetzt Ihre Luxusuhr verkaufen!","publisher":{"@id":"https:\/\/www.uhrenankauf365.de\/uhr-verkaufen\/#organization"},"potentialAction":[{"@type":"SearchAction","target":{"@type":"EntryPoint","urlTemplate":"https:\/\/www.uhrenankauf365.de\/uhr-verkaufen\/?s={search_term_string}"},"query-input":{"@type":"PropertyValueSpecification","valueRequired":true,"valueName":"search_term_string"}}],"inLanguage":"de"},{"@type":"Organization","@id":"https:\/\/www.uhrenankauf365.de\/uhr-verkaufen\/#organization","name":"uhrenankauf365.de, Anke Michels","url":"https:\/\/www.uhrenankauf365.de\/uhr-verkaufen\/","logo":{"@type":"ImageObject","inLanguage":"de","@id":"https:\/\/www.uhrenankauf365.de\/uhr-verkaufen\/#\/schema\/logo\/image\/","url":"https:\/\/www.uhrenankauf365.de\/uhr-verkaufen\/wp-content\/uploads\/2020\/11\/logo_uhrenankauf.png","contentUrl":"https:\/\/www.uhrenankauf365.de\/uhr-verkaufen\/wp-content\/uploads\/2020\/11\/logo_uhrenankauf.png","width":98,"height":100,"caption":"uhrenankauf365.de, Anke Michels"},"image":{"@id":"https:\/\/www.uhrenankauf365.de\/uhr-verkaufen\/#\/schema\/logo\/image\/"}}]}},"_links":{"self":[{"href":"https:\/\/www.uhrenankauf365.de\/uhr-verkaufen\/wp-json\/wp\/v2\/pages\/2419","targetHints":{"allow":["GET"]}}],"collection":[{"href":"https:\/\/www.uhrenankauf365.de\/uhr-verkaufen\/wp-json\/wp\/v2\/pages"}],"about":[{"href":"https:\/\/www.uhrenankauf365.de\/uhr-verkaufen\/wp-json\/wp\/v2\/types\/page"}],"author":[{"embeddable":true,"href":"https:\/\/www.uhrenankauf365.de\/uhr-verkaufen\/wp-json\/wp\/v2\/users\/1"}],"replies":[{"embeddable":true,"href":"https:\/\/www.uhrenankauf365.de\/uhr-verkaufen\/wp-json\/wp\/v2\/comments?post=2419"}],"version-history":[{"count":8,"href":"https:\/\/www.uhrenankauf365.de\/uhr-verkaufen\/wp-json\/wp\/v2\/pages\/2419\/revisions"}],"predecessor-version":[{"id":2430,"href":"https:\/\/www.uhrenankauf365.de\/uhr-verkaufen\/wp-json\/wp\/v2\/pages\/2419\/revisions\/2430"}],"wp:attachment":[{"href":"https:\/\/www.uhrenankauf365.de\/uhr-verkaufen\/wp-json\/wp\/v2\/media?parent=2419"}],"curies":[{"name":"wp","href":"https:\/\/api.w.org\/{rel}","templated":true}]}}