{"id":2343,"date":"2025-05-26T18:27:03","date_gmt":"2025-05-26T16:27:03","guid":{"rendered":"https:\/\/www.uhrenankauf365.de\/uhr-verkaufen\/?page_id=2343"},"modified":"2025-05-26T19:04:31","modified_gmt":"2025-05-26T17:04:31","slug":"wir-kaufen-panerai-luminor-luxusuhren","status":"publish","type":"page","link":"https:\/\/www.uhrenankauf365.de\/uhr-verkaufen\/wir-kaufen-panerai-luminor-luxusuhren\/","title":{"rendered":"Wir kaufen Panerai Luminor Luxusuhren!"},"content":{"rendered":"\n<p>Wir sind auf den Ankauf von Luxusuhren spezialisiert und auch die <strong>Panerai Luminor<\/strong> geh\u00f6rt zu den beliebten Modellen, die wir h\u00e4ufig ankaufen. Dabei zahlen wir faire Preise direkt auf Ihr Bankkonto aus und garantieren eine professionelle, unkomplizierte und seri\u00f6se Abwicklung. Klingt interessant? Machen Sie jetzt Ihre <a href=\"https:\/\/www.uhrenankauf365.de\/uhr-verkaufen\/panerai\/\">Panerai Luxusuhr<\/a> zu Geld und nutzen Sie unser <a href=\"https:\/\/www.uhrenankauf365.de\/uhr-verkaufen\/ankaufsformular\/\">Ankaufsformular<\/a>.<\/p>\n\n\n<div class=\"wp-bootstrap-blocks-container container mb-5 uak_heller_hintergrund_line_height_normal text-center p-4 mt-4\">\n\t\n\n<h3 class=\"wp-block-heading\" id=\"u1363-2\">Wir kaufen Luxusuhren!<\/h3>\n\n\n\n<p id=\"u1363-4\"><strong>Profitieren Sie&nbsp;von unserer jahrzehntelangen Erfahrung im Uhrenhandel!<\/strong><\/p>\n\n\n\n<p><a class=\"btn btn-primary btn-lg\" href=\"https:\/\/www.uhrenankauf365.de\/uhr-verkaufen\/ankaufsformular\/\">Zum Ankaufsformular<\/a><\/p>\n\n<\/div>\n\n\n\n<div class=\"wp-block-columns is-layout-flex wp-container-core-columns-is-layout-9d6595d7 wp-block-columns-is-layout-flex\">\n<div class=\"wp-block-column is-layout-flow wp-block-column-is-layout-flow\">\n<figure class=\"wp-block-image size-large\"><img loading=\"lazy\" decoding=\"async\" width=\"1024\" height=\"695\" src=\"https:\/\/www.uhrenankauf365.de\/uhr-verkaufen\/wp-content\/uploads\/2025\/05\/panerai_luminor_ankauf-1024x695.webp\" alt=\"Panerai Luminor im Set aus einem Ankauf\" class=\"wp-image-2346\" srcset=\"https:\/\/www.uhrenankauf365.de\/uhr-verkaufen\/wp-content\/uploads\/2025\/05\/panerai_luminor_ankauf-1024x695.webp 1024w, https:\/\/www.uhrenankauf365.de\/uhr-verkaufen\/wp-content\/uploads\/2025\/05\/panerai_luminor_ankauf-300x204.webp 300w, https:\/\/www.uhrenankauf365.de\/uhr-verkaufen\/wp-content\/uploads\/2025\/05\/panerai_luminor_ankauf-768x521.webp 768w, https:\/\/www.uhrenankauf365.de\/uhr-verkaufen\/wp-content\/uploads\/2025\/05\/panerai_luminor_ankauf.webp 1200w\" sizes=\"auto, (max-width: 1024px) 100vw, 1024px\" \/><\/figure>\n<\/div>\n\n\n\n<div class=\"wp-block-column is-layout-flow wp-block-column-is-layout-flow\">\n<h2 class=\"wp-block-heading\">Sie verkaufen ein vollst\u00e4ndiges Set?<\/h2>\n\n\n\n<p>Perfekt! Wenn Sie Ihre Luxusuhr inkl. Original-Box und Zertifikat verkaufen, steigt der Wert. Wenn Sie uns au\u00dferdem Nachweise \u00fcber die Wartung der Uhr liefern k\u00f6nnen, ist uns Ihre Panerai in der Regel noch mehr wert. Dazu geh\u00f6ren zum Beispiel Rechnungen \u00fcber durchgef\u00fchrte Services und ggf. Reparaturen.<\/p>\n\n\n\n<p>Wir sind immer auf der Suche nach seltenen Modellen, wie im Falle der Panerai Luminor z. B. der <a href=\"https:\/\/www.nobeluhren-store.de\/uhren\/panerai-pam00434-luminor-marina-limited-munich-edition-triple-packaging-full-set-de\">Marina Limited Edition Munich Boutique mit der Referenz PAM000434 in Stahl<\/a> oder der Officine Panerai Luminor <a href=\"https:\/\/www.nobeluhren-store.de\/uhren\/panerai-pam00076-limitierte-blackseal-luminor-titan-nos-full-set-de\">Blackseal Torpedo<\/a> mit der Referenz PAM00076 in Titan.<\/p>\n<\/div>\n<\/div>\n\n\n\n<h2 class=\"wp-block-heading\">Seltene und wertvolle Uhren von Panerai<\/h2>\n\n\n\n<div class=\"wp-block-columns is-layout-flex wp-container-core-columns-is-layout-9d6595d7 wp-block-columns-is-layout-flex\">\n<div class=\"wp-block-column is-layout-flow wp-block-column-is-layout-flow\">\n<p>Die Welt der Panerai Luminor Uhren ist gepr\u00e4gt von markanter Formensprache, technischer Raffinesse und einer ganz eigenen Sammlerleidenschaft. <br>Innerhalb dieser ikonischen Linie gibt es jedoch einige Modelle, die unter Kennern als besonders selten und begehrt gelten \u2013 nicht nur wegen ihrer limitierten Auflage, sondern auch aufgrund ihrer geschichtlichen oder technischen Besonderheiten.Ein Beispiel ist die <strong>Luminor Marina Militare PAM00339<\/strong>, deren Geh\u00e4use aus einem innovativen Verbundwerkstoff besteht, der auf Keramikbasis entwickelt wurde. Sie wurde in streng limitierter St\u00fcckzahl gefertigt und tr\u00e4gt mit ihrem dunklen, beinahe matten Geh\u00e4use und dem schlichten Zifferblatt die Seele milit\u00e4rischer Funktionalit\u00e4t in sich. Diese Uhr ist nicht nur ein Tribut an Panerais milit\u00e4rische Wurzeln, sondern auch ein Statement an das moderne Uhrendesign.<\/p>\n\n\n\n<p>Noch exklusiver wird es mit Modellen wie der Luminor 1950 Tourbillon GMT. Sie vereint die klassische Luminor-Geh\u00e4useform mit einer der edelsten uhrmacherischen Komplikationen \u00fcberhaupt \u2013 dem <a href=\"https:\/\/de.wikipedia.org\/wiki\/Tourbillon\">Tourbillon<\/a>. Das raffinierte Spiel des Tourbillons auf der R\u00fcckseite, sichtbar durch einen Saphirglasboden, zieht Liebhaber mechanischer Meisterwerke sofort in seinen Bann. Die zus\u00e4tzliche GMT-Funktion unterstreicht den hohen Anspruch an Funktion und \u00c4sthetik.<\/p>\n<\/div>\n\n\n\n<div class=\"wp-block-column is-layout-flow wp-block-column-is-layout-flow\">\n<figure class=\"wp-block-image size-full\"><img loading=\"lazy\" decoding=\"async\" width=\"773\" height=\"800\" src=\"https:\/\/www.uhrenankauf365.de\/uhr-verkaufen\/wp-content\/uploads\/2025\/05\/ankauf_panerai_luminor_2.webp\" alt=\"Panerai Luminor Blackseal Torpedo im Set\" class=\"wp-image-2354\" srcset=\"https:\/\/www.uhrenankauf365.de\/uhr-verkaufen\/wp-content\/uploads\/2025\/05\/ankauf_panerai_luminor_2.webp 773w, https:\/\/www.uhrenankauf365.de\/uhr-verkaufen\/wp-content\/uploads\/2025\/05\/ankauf_panerai_luminor_2-290x300.webp 290w, https:\/\/www.uhrenankauf365.de\/uhr-verkaufen\/wp-content\/uploads\/2025\/05\/ankauf_panerai_luminor_2-768x795.webp 768w\" sizes=\"auto, (max-width: 773px) 100vw, 773px\" \/><\/figure>\n\n\n\n<p class=\"has-small-font-size\">Das Foto zeigt eine limitierte, sehr seltene Officine Panerai Luminor Blackseal Torpedo mit der Referenz PAM00076 in Titan<\/p>\n<\/div>\n<\/div>\n\n\n\n<h2 class=\"wp-block-heading\">Weitere seltene Modelle im Panerai Luminor Ankauf<\/h2>\n\n\n\n<p>Technikverliebte Sammler kommen bei der Luminor 1950 Equation of Time auf ihre Kosten. Diese Uhr zeigt nicht nur die gew\u00f6hnliche Zeit an, sondern auch die sogenannte Zeitgleichung \u2013 den Unterschied zwischen der wahren Sonnenzeit und der mittleren Zeit. Solche Komplikationen finden sich nur in wenigen Zeitmessern weltweit, und Panerai versteht es hier, sie in ein sportlich-elegantes Geh\u00e4use zu verpacken.<\/p>\n\n\n\n<p>Ein echter Publikumsliebling unter den Sammlerst\u00fccken ist die Luminor Submersible Bronzo. Ihr Geh\u00e4use besteht aus Bronze, einem Material, das sich im Laufe der Zeit ver\u00e4ndert und jedem Exemplar eine individuelle Patina verleiht. Diese Uhr ist nicht nur selten, sondern auch Ausdruck einer fast schon <br>philosophischen Sicht auf das Altern von Dingen \u2013 denn kein Bronzo-Modell gleicht dem anderen. Die erste Variante mit der Referenz PAM00382 gilt als besonders gesucht. Wenn Sie eine solche Uhr verkaufen m\u00f6chten, freuen uns wir \u00fcber Ihr Angebot \u00fcber das <a href=\"https:\/\/www.uhrenankauf365.de\/uhr-verkaufen\/ankaufsformular\/\">Ankaufsformular<\/a>.<\/p>\n\n\n\n<p><\/p>\n\n\n<div class=\"wp-bootstrap-blocks-button\">\n\t<a\n\t\thref=\"https:\/\/www.uhrenankauf365.de\/uhr-verkaufen\/ankaufsformular\/\"\n\t\t\t\t\t\tclass=\"btn btn-primary\"\n\t>\n\t\tPanerai-Uhr jetzt verkaufen\t<\/a>\n<\/div>\n","protected":false},"excerpt":{"rendered":"<p>Wir sind auf den Ankauf von Luxusuhren spezialisiert und auch die Panerai Luminor geh\u00f6rt zu den beliebten Modellen, die wir h\u00e4ufig ankaufen. Dabei zahlen wir faire Preise direkt auf Ihr Bankkonto aus und garantieren eine professionelle, unkomplizierte und seri\u00f6se Abwicklung. Klingt interessant? Machen Sie jetzt Ihre Panerai Luxusuhr zu Geld und nutzen Sie unser Ankaufsformular. [&hellip;]<\/p>\n","protected":false},"author":1,"featured_media":0,"parent":0,"menu_order":0,"comment_status":"closed","ping_status":"closed","template":"","meta":{"footnotes":""},"class_list":["post-2343","page","type-page","status-publish","hentry"],"yoast_head":"<!-- This site is optimized with the Yoast SEO plugin v27.3 - https:\/\/yoast.com\/product\/yoast-seo-wordpress\/ -->\n<title>Wir kaufen Panerai Luminor Luxusuhren! - Uhrenankauf 365<\/title>\n<meta name=\"description\" content=\"Sie m\u00f6chten Ihre Panerai Luminor verkaufen? Wir machen Ihnen zeitah ein faires Angebot \u00fcber den Ankauf Ihrer Luxusuhr.\" \/>\n<meta name=\"robots\" content=\"index, follow, max-snippet:-1, max-image-preview:large, max-video-preview:-1\" \/>\n<link rel=\"canonical\" href=\"https:\/\/www.uhrenankauf365.de\/uhr-verkaufen\/wir-kaufen-panerai-luminor-luxusuhren\/\" \/>\n<meta property=\"og:locale\" content=\"de_DE\" \/>\n<meta property=\"og:type\" content=\"article\" \/>\n<meta property=\"og:title\" content=\"Wir kaufen Panerai Luminor Luxusuhren! - Uhrenankauf 365\" \/>\n<meta property=\"og:description\" content=\"Sie m\u00f6chten Ihre Panerai Luminor verkaufen? Wir machen Ihnen zeitah ein faires Angebot \u00fcber den Ankauf Ihrer Luxusuhr.\" \/>\n<meta property=\"og:url\" content=\"https:\/\/www.uhrenankauf365.de\/uhr-verkaufen\/wir-kaufen-panerai-luminor-luxusuhren\/\" \/>\n<meta property=\"og:site_name\" content=\"Uhrenankauf 365\" \/>\n<meta property=\"article:modified_time\" content=\"2025-05-26T17:04:31+00:00\" \/>\n<meta property=\"og:image\" content=\"https:\/\/www.uhrenankauf365.de\/uhr-verkaufen\/wp-content\/uploads\/2025\/05\/panerai_luminor_ankauf.webp\" \/>\n\t<meta property=\"og:image:width\" content=\"1200\" \/>\n\t<meta property=\"og:image:height\" content=\"814\" \/>\n\t<meta property=\"og:image:type\" content=\"image\/webp\" \/>\n<meta name=\"twitter:card\" content=\"summary_large_image\" \/>\n<meta name=\"twitter:label1\" content=\"Gesch\u00e4tzte Lesezeit\" \/>\n\t<meta name=\"twitter:data1\" content=\"4\u00a0Minuten\" \/>\n<script type=\"application\/ld+json\" class=\"yoast-schema-graph\">{\"@context\":\"https:\\\/\\\/schema.org\",\"@graph\":[{\"@type\":\"WebPage\",\"@id\":\"https:\\\/\\\/www.uhrenankauf365.de\\\/uhr-verkaufen\\\/wir-kaufen-panerai-luminor-luxusuhren\\\/\",\"url\":\"https:\\\/\\\/www.uhrenankauf365.de\\\/uhr-verkaufen\\\/wir-kaufen-panerai-luminor-luxusuhren\\\/\",\"name\":\"Wir kaufen Panerai Luminor Luxusuhren! - Uhrenankauf 365\",\"isPartOf\":{\"@id\":\"https:\\\/\\\/www.uhrenankauf365.de\\\/uhr-verkaufen\\\/#website\"},\"primaryImageOfPage\":{\"@id\":\"https:\\\/\\\/www.uhrenankauf365.de\\\/uhr-verkaufen\\\/wir-kaufen-panerai-luminor-luxusuhren\\\/#primaryimage\"},\"image\":{\"@id\":\"https:\\\/\\\/www.uhrenankauf365.de\\\/uhr-verkaufen\\\/wir-kaufen-panerai-luminor-luxusuhren\\\/#primaryimage\"},\"thumbnailUrl\":\"https:\\\/\\\/www.uhrenankauf365.de\\\/uhr-verkaufen\\\/wp-content\\\/uploads\\\/2025\\\/05\\\/panerai_luminor_ankauf-1024x695.webp\",\"datePublished\":\"2025-05-26T16:27:03+00:00\",\"dateModified\":\"2025-05-26T17:04:31+00:00\",\"description\":\"Sie m\u00f6chten Ihre Panerai Luminor verkaufen? Wir machen Ihnen zeitah ein faires Angebot \u00fcber den Ankauf Ihrer Luxusuhr.\",\"breadcrumb\":{\"@id\":\"https:\\\/\\\/www.uhrenankauf365.de\\\/uhr-verkaufen\\\/wir-kaufen-panerai-luminor-luxusuhren\\\/#breadcrumb\"},\"inLanguage\":\"de\",\"potentialAction\":[{\"@type\":\"ReadAction\",\"target\":[\"https:\\\/\\\/www.uhrenankauf365.de\\\/uhr-verkaufen\\\/wir-kaufen-panerai-luminor-luxusuhren\\\/\"]}]},{\"@type\":\"ImageObject\",\"inLanguage\":\"de\",\"@id\":\"https:\\\/\\\/www.uhrenankauf365.de\\\/uhr-verkaufen\\\/wir-kaufen-panerai-luminor-luxusuhren\\\/#primaryimage\",\"url\":\"https:\\\/\\\/www.uhrenankauf365.de\\\/uhr-verkaufen\\\/wp-content\\\/uploads\\\/2025\\\/05\\\/panerai_luminor_ankauf.webp\",\"contentUrl\":\"https:\\\/\\\/www.uhrenankauf365.de\\\/uhr-verkaufen\\\/wp-content\\\/uploads\\\/2025\\\/05\\\/panerai_luminor_ankauf.webp\",\"width\":1200,\"height\":814},{\"@type\":\"BreadcrumbList\",\"@id\":\"https:\\\/\\\/www.uhrenankauf365.de\\\/uhr-verkaufen\\\/wir-kaufen-panerai-luminor-luxusuhren\\\/#breadcrumb\",\"itemListElement\":[{\"@type\":\"ListItem\",\"position\":1,\"name\":\"Startseite\",\"item\":\"https:\\\/\\\/www.uhrenankauf365.de\\\/uhr-verkaufen\\\/\"},{\"@type\":\"ListItem\",\"position\":2,\"name\":\"Wir kaufen Panerai Luminor Luxusuhren!\"}]},{\"@type\":\"WebSite\",\"@id\":\"https:\\\/\\\/www.uhrenankauf365.de\\\/uhr-verkaufen\\\/#website\",\"url\":\"https:\\\/\\\/www.uhrenankauf365.de\\\/uhr-verkaufen\\\/\",\"name\":\"Uhrenankauf 365\",\"description\":\"Jetzt Ihre Luxusuhr verkaufen!\",\"publisher\":{\"@id\":\"https:\\\/\\\/www.uhrenankauf365.de\\\/uhr-verkaufen\\\/#organization\"},\"potentialAction\":[{\"@type\":\"SearchAction\",\"target\":{\"@type\":\"EntryPoint\",\"urlTemplate\":\"https:\\\/\\\/www.uhrenankauf365.de\\\/uhr-verkaufen\\\/?s={search_term_string}\"},\"query-input\":{\"@type\":\"PropertyValueSpecification\",\"valueRequired\":true,\"valueName\":\"search_term_string\"}}],\"inLanguage\":\"de\"},{\"@type\":\"Organization\",\"@id\":\"https:\\\/\\\/www.uhrenankauf365.de\\\/uhr-verkaufen\\\/#organization\",\"name\":\"uhrenankauf365.de, Anke Michels\",\"url\":\"https:\\\/\\\/www.uhrenankauf365.de\\\/uhr-verkaufen\\\/\",\"logo\":{\"@type\":\"ImageObject\",\"inLanguage\":\"de\",\"@id\":\"https:\\\/\\\/www.uhrenankauf365.de\\\/uhr-verkaufen\\\/#\\\/schema\\\/logo\\\/image\\\/\",\"url\":\"https:\\\/\\\/www.uhrenankauf365.de\\\/uhr-verkaufen\\\/wp-content\\\/uploads\\\/2020\\\/11\\\/logo_uhrenankauf.png\",\"contentUrl\":\"https:\\\/\\\/www.uhrenankauf365.de\\\/uhr-verkaufen\\\/wp-content\\\/uploads\\\/2020\\\/11\\\/logo_uhrenankauf.png\",\"width\":98,\"height\":100,\"caption\":\"uhrenankauf365.de, Anke Michels\"},\"image\":{\"@id\":\"https:\\\/\\\/www.uhrenankauf365.de\\\/uhr-verkaufen\\\/#\\\/schema\\\/logo\\\/image\\\/\"}}]}<\/script>\n<!-- \/ Yoast SEO plugin. -->","yoast_head_json":{"title":"Wir kaufen Panerai Luminor Luxusuhren! - Uhrenankauf 365","description":"Sie m\u00f6chten Ihre Panerai Luminor verkaufen? Wir machen Ihnen zeitah ein faires Angebot \u00fcber den Ankauf Ihrer Luxusuhr.","robots":{"index":"index","follow":"follow","max-snippet":"max-snippet:-1","max-image-preview":"max-image-preview:large","max-video-preview":"max-video-preview:-1"},"canonical":"https:\/\/www.uhrenankauf365.de\/uhr-verkaufen\/wir-kaufen-panerai-luminor-luxusuhren\/","og_locale":"de_DE","og_type":"article","og_title":"Wir kaufen Panerai Luminor Luxusuhren! - Uhrenankauf 365","og_description":"Sie m\u00f6chten Ihre Panerai Luminor verkaufen? Wir machen Ihnen zeitah ein faires Angebot \u00fcber den Ankauf Ihrer Luxusuhr.","og_url":"https:\/\/www.uhrenankauf365.de\/uhr-verkaufen\/wir-kaufen-panerai-luminor-luxusuhren\/","og_site_name":"Uhrenankauf 365","article_modified_time":"2025-05-26T17:04:31+00:00","og_image":[{"width":1200,"height":814,"url":"https:\/\/www.uhrenankauf365.de\/uhr-verkaufen\/wp-content\/uploads\/2025\/05\/panerai_luminor_ankauf.webp","type":"image\/webp"}],"twitter_card":"summary_large_image","twitter_misc":{"Gesch\u00e4tzte Lesezeit":"4\u00a0Minuten"},"schema":{"@context":"https:\/\/schema.org","@graph":[{"@type":"WebPage","@id":"https:\/\/www.uhrenankauf365.de\/uhr-verkaufen\/wir-kaufen-panerai-luminor-luxusuhren\/","url":"https:\/\/www.uhrenankauf365.de\/uhr-verkaufen\/wir-kaufen-panerai-luminor-luxusuhren\/","name":"Wir kaufen Panerai Luminor Luxusuhren! - Uhrenankauf 365","isPartOf":{"@id":"https:\/\/www.uhrenankauf365.de\/uhr-verkaufen\/#website"},"primaryImageOfPage":{"@id":"https:\/\/www.uhrenankauf365.de\/uhr-verkaufen\/wir-kaufen-panerai-luminor-luxusuhren\/#primaryimage"},"image":{"@id":"https:\/\/www.uhrenankauf365.de\/uhr-verkaufen\/wir-kaufen-panerai-luminor-luxusuhren\/#primaryimage"},"thumbnailUrl":"https:\/\/www.uhrenankauf365.de\/uhr-verkaufen\/wp-content\/uploads\/2025\/05\/panerai_luminor_ankauf-1024x695.webp","datePublished":"2025-05-26T16:27:03+00:00","dateModified":"2025-05-26T17:04:31+00:00","description":"Sie m\u00f6chten Ihre Panerai Luminor verkaufen? Wir machen Ihnen zeitah ein faires Angebot \u00fcber den Ankauf Ihrer Luxusuhr.","breadcrumb":{"@id":"https:\/\/www.uhrenankauf365.de\/uhr-verkaufen\/wir-kaufen-panerai-luminor-luxusuhren\/#breadcrumb"},"inLanguage":"de","potentialAction":[{"@type":"ReadAction","target":["https:\/\/www.uhrenankauf365.de\/uhr-verkaufen\/wir-kaufen-panerai-luminor-luxusuhren\/"]}]},{"@type":"ImageObject","inLanguage":"de","@id":"https:\/\/www.uhrenankauf365.de\/uhr-verkaufen\/wir-kaufen-panerai-luminor-luxusuhren\/#primaryimage","url":"https:\/\/www.uhrenankauf365.de\/uhr-verkaufen\/wp-content\/uploads\/2025\/05\/panerai_luminor_ankauf.webp","contentUrl":"https:\/\/www.uhrenankauf365.de\/uhr-verkaufen\/wp-content\/uploads\/2025\/05\/panerai_luminor_ankauf.webp","width":1200,"height":814},{"@type":"BreadcrumbList","@id":"https:\/\/www.uhrenankauf365.de\/uhr-verkaufen\/wir-kaufen-panerai-luminor-luxusuhren\/#breadcrumb","itemListElement":[{"@type":"ListItem","position":1,"name":"Startseite","item":"https:\/\/www.uhrenankauf365.de\/uhr-verkaufen\/"},{"@type":"ListItem","position":2,"name":"Wir kaufen Panerai Luminor Luxusuhren!"}]},{"@type":"WebSite","@id":"https:\/\/www.uhrenankauf365.de\/uhr-verkaufen\/#website","url":"https:\/\/www.uhrenankauf365.de\/uhr-verkaufen\/","name":"Uhrenankauf 365","description":"Jetzt Ihre Luxusuhr verkaufen!","publisher":{"@id":"https:\/\/www.uhrenankauf365.de\/uhr-verkaufen\/#organization"},"potentialAction":[{"@type":"SearchAction","target":{"@type":"EntryPoint","urlTemplate":"https:\/\/www.uhrenankauf365.de\/uhr-verkaufen\/?s={search_term_string}"},"query-input":{"@type":"PropertyValueSpecification","valueRequired":true,"valueName":"search_term_string"}}],"inLanguage":"de"},{"@type":"Organization","@id":"https:\/\/www.uhrenankauf365.de\/uhr-verkaufen\/#organization","name":"uhrenankauf365.de, Anke Michels","url":"https:\/\/www.uhrenankauf365.de\/uhr-verkaufen\/","logo":{"@type":"ImageObject","inLanguage":"de","@id":"https:\/\/www.uhrenankauf365.de\/uhr-verkaufen\/#\/schema\/logo\/image\/","url":"https:\/\/www.uhrenankauf365.de\/uhr-verkaufen\/wp-content\/uploads\/2020\/11\/logo_uhrenankauf.png","contentUrl":"https:\/\/www.uhrenankauf365.de\/uhr-verkaufen\/wp-content\/uploads\/2020\/11\/logo_uhrenankauf.png","width":98,"height":100,"caption":"uhrenankauf365.de, Anke Michels"},"image":{"@id":"https:\/\/www.uhrenankauf365.de\/uhr-verkaufen\/#\/schema\/logo\/image\/"}}]}},"_links":{"self":[{"href":"https:\/\/www.uhrenankauf365.de\/uhr-verkaufen\/wp-json\/wp\/v2\/pages\/2343","targetHints":{"allow":["GET"]}}],"collection":[{"href":"https:\/\/www.uhrenankauf365.de\/uhr-verkaufen\/wp-json\/wp\/v2\/pages"}],"about":[{"href":"https:\/\/www.uhrenankauf365.de\/uhr-verkaufen\/wp-json\/wp\/v2\/types\/page"}],"author":[{"embeddable":true,"href":"https:\/\/www.uhrenankauf365.de\/uhr-verkaufen\/wp-json\/wp\/v2\/users\/1"}],"replies":[{"embeddable":true,"href":"https:\/\/www.uhrenankauf365.de\/uhr-verkaufen\/wp-json\/wp\/v2\/comments?post=2343"}],"version-history":[{"count":14,"href":"https:\/\/www.uhrenankauf365.de\/uhr-verkaufen\/wp-json\/wp\/v2\/pages\/2343\/revisions"}],"predecessor-version":[{"id":2370,"href":"https:\/\/www.uhrenankauf365.de\/uhr-verkaufen\/wp-json\/wp\/v2\/pages\/2343\/revisions\/2370"}],"wp:attachment":[{"href":"https:\/\/www.uhrenankauf365.de\/uhr-verkaufen\/wp-json\/wp\/v2\/media?parent=2343"}],"curies":[{"name":"wp","href":"https:\/\/api.w.org\/{rel}","templated":true}]}}