{"id":2292,"date":"2025-05-06T12:19:45","date_gmt":"2025-05-06T10:19:45","guid":{"rendered":"https:\/\/www.uhrenankauf365.de\/uhr-verkaufen\/?page_id=2292"},"modified":"2025-05-06T12:59:22","modified_gmt":"2025-05-06T10:59:22","slug":"uhren-ankauf-siegen","status":"publish","type":"page","link":"https:\/\/www.uhrenankauf365.de\/uhr-verkaufen\/uhren-ankauf-siegen\/","title":{"rendered":"Uhren Ankauf Siegen"},"content":{"rendered":"\n<div class=\"wp-block-columns is-layout-flex wp-container-core-columns-is-layout-9d6595d7 wp-block-columns-is-layout-flex\">\n<div class=\"wp-block-column is-layout-flow wp-block-column-is-layout-flow\" style=\"flex-basis:66.66%\">\n<p>Auch in der Gro\u00dfstadt <a href=\"https:\/\/www.siegen.de\/\">Siegen in NRW<\/a> k\u00f6nnen Sie unseren <strong>Uhren Ankauf<\/strong> nutzen, um Ihre gebrauchte Luxusuhr zu verkaufen und eine faire Auszahlung daf\u00fcr zu erhalten. Der Uhren Ankauf Siegen wird online \u00fcber unser <a href=\"https:\/\/www.uhrenankauf365.de\/uhr-verkaufen\/ankaufsformular\/\">Ankaufsformular<\/a> abgewickelt. Nach \u00dcbermittlung der Informationen zur Uhr erhalten Sie zeitnah ein Angebot von uns.<\/p>\n\n\n\n<h2 class=\"wp-block-heading\">Welche Uhren kaufen wir an?<\/h2>\n\n\n\n<p>Vor allem Luxusuhren von <a href=\"https:\/\/www.uhrenankauf365.de\/uhr-verkaufen\/rolex\/\">Rolex<\/a>, <a href=\"https:\/\/www.uhrenankauf365.de\/uhr-verkaufen\/patek_philippe\/\">Patek Philippe<\/a>, <a href=\"https:\/\/www.uhrenankauf365.de\/uhr-verkaufen\/a_lange_und_soehne\/\">A. Lange &amp; S\u00f6hne<\/a>, <a href=\"https:\/\/www.uhrenankauf365.de\/uhr-verkaufen\/iwc\/\">IWC<\/a> und weiteren Luxusmarken sind unser Spezialgebiet im Uhrenankauf. Diese wertvollen Uhren holt ein darauf spezialisiertes Unternehmen bei Ihnen in der Rubensstadt ab. Nach der Pr\u00fcfung durch unseren Uhrmachermeister erfolgt dann innerhalb von 24 Stunden auf Ihr Bankkonto.<\/p>\n\n\n<div class=\"wp-bootstrap-blocks-button\">\n\t<a\n\t\thref=\"https:\/\/www.uhrenankauf365.de\/uhr-verkaufen\/ankaufsformular\/\"\n\t\t\t\t\t\tclass=\"btn btn-primary\"\n\t>\n\t\tZum Ankaufsformular\t<\/a>\n<\/div>\n<\/div>\n\n\n\n<div class=\"wp-block-column is-layout-flow wp-block-column-is-layout-flow\" style=\"flex-basis:33.33%\">\n<figure class=\"wp-block-image size-full\"><a href=\"https:\/\/www.uhrenankauf365.de\/uhr-verkaufen\/ankaufsformular\/\"><img loading=\"lazy\" decoding=\"async\" width=\"505\" height=\"600\" src=\"https:\/\/www.uhrenankauf365.de\/uhr-verkaufen\/wp-content\/uploads\/2025\/05\/ankauf_uhren_siegen_panerai.webp\" alt=\"Panerai Luxusuhr im kompletten Set\" class=\"wp-image-2307\" srcset=\"https:\/\/www.uhrenankauf365.de\/uhr-verkaufen\/wp-content\/uploads\/2025\/05\/ankauf_uhren_siegen_panerai.webp 505w, https:\/\/www.uhrenankauf365.de\/uhr-verkaufen\/wp-content\/uploads\/2025\/05\/ankauf_uhren_siegen_panerai-253x300.webp 253w\" sizes=\"auto, (max-width: 505px) 100vw, 505px\" \/><\/a><\/figure>\n<\/div>\n<\/div>\n\n\n\n<hr class=\"wp-block-separator has-alpha-channel-opacity\"\/>\n\n\n\n<h2 class=\"wp-block-heading mb-3\">Keine Uhrenhersteller in Siegen<\/h2>\n\n\n\n<p>Es gibt keine bekannten Uhrenmarken, die direkt in Siegen produziert oder entwickelt werden. Auch kleine Independent-Marken scheinen dort aktuell nicht vertreten zu sein. Die Luxusuhren, die f\u00fcr uns im Ankauf interessant sind, werden zum gr\u00f6\u00dften Teil <strong>in der Schweiz<\/strong> produziert, weil das Land eine jahrhundertealte Uhrmachertradition besitzt und f\u00fcr h\u00f6chste Pr\u00e4zision, Qualit\u00e4t und Handwerkskunst steht. Zudem haben viele renommierte Marken wie Rolex, Patek Philippe oder Audemars Piguet dort ihren Sitz, was die Schweiz zum globalen Zentrum der Haute Horlogerie macht.<\/p>\n\n\n\n<h2 class=\"wp-block-heading\">Doch Siegen bietet viele Sehensw\u00fcrdigkeiten!<\/h2>\n\n\n\n<p>In Siegen werden zwar keine Luxusuhren hergstellt, doch die Universit\u00e4tsstadt hat daf\u00fcr andere Vorz\u00fcge und Sehensw\u00fcrdigkeiten, keine Frage. Da w\u00e4ren zum Beispiel:<\/p>\n\n\n\n<div class=\"wp-block-columns is-layout-flex wp-container-core-columns-is-layout-9d6595d7 wp-block-columns-is-layout-flex\">\n<div class=\"wp-block-column is-layout-flow wp-block-column-is-layout-flow\">\n<p><strong>Oberes Schloss<\/strong> \u2013 Eine historische Burganlage mit dem Siegerlandmuseum und herrlichem Blick \u00fcber die Stadt.<\/p>\n\n\n\n<p><strong>Unteres Schloss<\/strong> \u2013 Fr\u00fcher Residenz der F\u00fcrsten zu Nassau, heute ein Teil der Universit\u00e4t Siegen.<\/p>\n\n\n\n<p><strong>Nikolaikirche mit dem Kr\u00f6nchen<\/strong> \u2013 Das Wahrzeichen der Stadt mit dem goldenen Kr\u00f6nchen auf dem Turm.<\/p>\n\n\n\n<p><strong>Museum f\u00fcr Gegenwartskunst<\/strong> \u2013 Ein renommiertes Museum mit moderner Kunst in einem ehemaligen Telegrafenamt.<\/p>\n\n\n\n<p><strong>Rubensbrunnen und Rubenshaus<\/strong> \u2013 Erinnerungsst\u00e4tten an den Barockmaler Peter Paul Rubens, der in Siegen geboren wurde.<\/p>\n<\/div>\n\n\n\n<div class=\"wp-block-column is-layout-flow wp-block-column-is-layout-flow\">\n<figure class=\"wp-block-image size-full\"><img loading=\"lazy\" decoding=\"async\" width=\"323\" height=\"400\" src=\"https:\/\/www.uhrenankauf365.de\/uhr-verkaufen\/wp-content\/uploads\/2025\/05\/stadtwappen_siegen_uhrenankauf.png\" alt=\"Stadtwappen von Siegen\" class=\"wp-image-2293\" srcset=\"https:\/\/www.uhrenankauf365.de\/uhr-verkaufen\/wp-content\/uploads\/2025\/05\/stadtwappen_siegen_uhrenankauf.png 323w, https:\/\/www.uhrenankauf365.de\/uhr-verkaufen\/wp-content\/uploads\/2025\/05\/stadtwappen_siegen_uhrenankauf-242x300.png 242w\" sizes=\"auto, (max-width: 323px) 100vw, 323px\" \/><\/figure>\n<\/div>\n<\/div>\n\n\n\n<hr class=\"wp-block-separator has-alpha-channel-opacity\"\/>\n\n\n\n<h2 class=\"wp-block-heading\">Kann sich auch sehen lassen: Unsere Auszahlung!<\/h2>\n\n\n\n<p>Wir sind der Ansicht, dass beim Uhrenankauf Siegen alle zufrieden sein m\u00fcssen und dazu z\u00e4hlt f\u00fcr uns ganz klar, dass Sie eine faire und marktgerechte Auszahlung f\u00fcr Ihre Luxusuhr erhalten. Gerne sch\u00e4tzen wir den Wert Ihrer Uhr schnell und unkompliziert ein, nachdem Sie uns \u00fcber das Ankaufsformular die Daten und Fotos \u00fcbermittelt haben.<\/p>\n\n\n\n<div class=\"container p-4 uak_heller_hintergrund\">\n<div class=\"row mb-4\">\n<div class=\"col-12 col-md-6 text-center\">\n<i class=\"uak365icon fas fa-file-alt\"><\/i><br>\n<div class=\"ankaufschritte_title\">Formular ausf\u00fcllen<\/div>\n<small>Das <a href=\"https:\/\/www.uhrenankauf365.de\/uhr-verkaufen\/ankaufsformular\/\" title=\"Ankaufsformular Uhren\">Ankaufsformular<\/a> erfasst alle wichtigen Angaben zur Armbanduhr, die Sie verkaufen m\u00f6chten und erleichtert die Ermittlung eines fairen Ankaufspreises.<\/small>\n<\/div>\n<div class=\"col-12 col-md-6 text-center\">\n<i class=\"uak365icon far fa-handshake\"><\/i><br>\n<div class=\"ankaufschritte_title\">Angebot erhalten<\/div>\n<small>Wir unterbreiten Ihnen nach Erhalt der Informationen zur Uhr ein Angebot zum Ankauf. Offene Fragen kl\u00e4ren wir vorab.<\/small>\n<\/div>\n<\/div>\n\n\n<div class=\"row\">\n<div class=\"col-12 col-md-6 text-center\">\n<i class=\"uak365icon fas fa-truck-loading\"><\/i><br>\n<div class=\"ankaufschritte_title\">Uhr wird abgeholt<\/div>\n<small>Ein auf Werttransporte spezialisiertes Unternehmen holt die Uhr bei Ihnen ab. Mehr dazu erfahren Sie <a href=\"https:\/\/www.uhrenankauf365.de\/uhr-verkaufen\/ankauf-faq\/\">hier<\/a>.<\/small>\n<\/div>\n<div class=\"col-12 col-md-6 text-center\">\n<i class=\"uak365icon fas fa-euro-sign\"><\/i><br>\n<div class=\"ankaufschritte_title\">Geld erhalten<\/div>\n<small>Nach Pr\u00fcfung der Armbanduhr zahlen wir den vereinbarten Ankaufspreis zuverl\u00e4ssig und schnell auf Ihr Konto aus.\n<\/small>\n<\/div>\n<\/div>\n\n<\/div>\n","protected":false},"excerpt":{"rendered":"<p>Auch in der Gro\u00dfstadt Siegen in NRW k\u00f6nnen Sie unseren Uhren Ankauf nutzen, um Ihre gebrauchte Luxusuhr zu verkaufen und eine faire Auszahlung daf\u00fcr zu erhalten. Der Uhren Ankauf Siegen wird online \u00fcber unser Ankaufsformular abgewickelt. Nach \u00dcbermittlung der Informationen zur Uhr erhalten Sie zeitnah ein Angebot von uns. Welche Uhren kaufen wir an? Vor [&hellip;]<\/p>\n","protected":false},"author":1,"featured_media":0,"parent":0,"menu_order":0,"comment_status":"closed","ping_status":"closed","template":"","meta":{"footnotes":""},"class_list":["post-2292","page","type-page","status-publish","hentry"],"yoast_head":"<!-- This site is optimized with the Yoast SEO plugin v27.4 - https:\/\/yoast.com\/product\/yoast-seo-wordpress\/ -->\n<title>Uhren Ankauf Siegen | Jetzt Luxusuhr verkaufen<\/title>\n<meta name=\"description\" content=\"Im Uhren Ankauf Siegen erhalten Sie eine faire Auszahlung f\u00fcr Ihre gebrauchte Luxusuhr. Schnell, einfach &amp; seri\u00f6s. Seit 1998.\" \/>\n<meta name=\"robots\" content=\"index, follow, max-snippet:-1, max-image-preview:large, max-video-preview:-1\" \/>\n<link rel=\"canonical\" href=\"https:\/\/www.uhrenankauf365.de\/uhr-verkaufen\/uhren-ankauf-siegen\/\" \/>\n<meta property=\"og:locale\" content=\"de_DE\" \/>\n<meta property=\"og:type\" content=\"article\" \/>\n<meta property=\"og:title\" content=\"Uhren Ankauf Siegen | Jetzt Luxusuhr verkaufen\" \/>\n<meta property=\"og:description\" content=\"Im Uhren Ankauf Siegen erhalten Sie eine faire Auszahlung f\u00fcr Ihre gebrauchte Luxusuhr. Schnell, einfach &amp; seri\u00f6s. Seit 1998.\" \/>\n<meta property=\"og:url\" content=\"https:\/\/www.uhrenankauf365.de\/uhr-verkaufen\/uhren-ankauf-siegen\/\" \/>\n<meta property=\"og:site_name\" content=\"Uhrenankauf 365\" \/>\n<meta property=\"article:modified_time\" content=\"2025-05-06T10:59:22+00:00\" \/>\n<meta property=\"og:image\" content=\"https:\/\/www.uhrenankauf365.de\/uhr-verkaufen\/wp-content\/uploads\/2025\/05\/ankauf_uhren_siegen_panerai.webp\" \/>\n\t<meta property=\"og:image:width\" content=\"505\" \/>\n\t<meta property=\"og:image:height\" content=\"600\" \/>\n\t<meta property=\"og:image:type\" content=\"image\/webp\" \/>\n<meta name=\"twitter:card\" content=\"summary_large_image\" \/>\n<meta name=\"twitter:label1\" content=\"Gesch\u00e4tzte Lesezeit\" \/>\n\t<meta name=\"twitter:data1\" content=\"3\u00a0Minuten\" \/>\n<script type=\"application\/ld+json\" class=\"yoast-schema-graph\">{\"@context\":\"https:\\\/\\\/schema.org\",\"@graph\":[{\"@type\":\"WebPage\",\"@id\":\"https:\\\/\\\/www.uhrenankauf365.de\\\/uhr-verkaufen\\\/uhren-ankauf-siegen\\\/\",\"url\":\"https:\\\/\\\/www.uhrenankauf365.de\\\/uhr-verkaufen\\\/uhren-ankauf-siegen\\\/\",\"name\":\"Uhren Ankauf Siegen | Jetzt Luxusuhr verkaufen\",\"isPartOf\":{\"@id\":\"https:\\\/\\\/www.uhrenankauf365.de\\\/uhr-verkaufen\\\/#website\"},\"primaryImageOfPage\":{\"@id\":\"https:\\\/\\\/www.uhrenankauf365.de\\\/uhr-verkaufen\\\/uhren-ankauf-siegen\\\/#primaryimage\"},\"image\":{\"@id\":\"https:\\\/\\\/www.uhrenankauf365.de\\\/uhr-verkaufen\\\/uhren-ankauf-siegen\\\/#primaryimage\"},\"thumbnailUrl\":\"https:\\\/\\\/www.uhrenankauf365.de\\\/uhr-verkaufen\\\/wp-content\\\/uploads\\\/2025\\\/05\\\/ankauf_uhren_siegen_panerai.webp\",\"datePublished\":\"2025-05-06T10:19:45+00:00\",\"dateModified\":\"2025-05-06T10:59:22+00:00\",\"description\":\"Im Uhren Ankauf Siegen erhalten Sie eine faire Auszahlung f\u00fcr Ihre gebrauchte Luxusuhr. Schnell, einfach & seri\u00f6s. Seit 1998.\",\"breadcrumb\":{\"@id\":\"https:\\\/\\\/www.uhrenankauf365.de\\\/uhr-verkaufen\\\/uhren-ankauf-siegen\\\/#breadcrumb\"},\"inLanguage\":\"de\",\"potentialAction\":[{\"@type\":\"ReadAction\",\"target\":[\"https:\\\/\\\/www.uhrenankauf365.de\\\/uhr-verkaufen\\\/uhren-ankauf-siegen\\\/\"]}]},{\"@type\":\"ImageObject\",\"inLanguage\":\"de\",\"@id\":\"https:\\\/\\\/www.uhrenankauf365.de\\\/uhr-verkaufen\\\/uhren-ankauf-siegen\\\/#primaryimage\",\"url\":\"https:\\\/\\\/www.uhrenankauf365.de\\\/uhr-verkaufen\\\/wp-content\\\/uploads\\\/2025\\\/05\\\/ankauf_uhren_siegen_panerai.webp\",\"contentUrl\":\"https:\\\/\\\/www.uhrenankauf365.de\\\/uhr-verkaufen\\\/wp-content\\\/uploads\\\/2025\\\/05\\\/ankauf_uhren_siegen_panerai.webp\",\"width\":505,\"height\":600},{\"@type\":\"BreadcrumbList\",\"@id\":\"https:\\\/\\\/www.uhrenankauf365.de\\\/uhr-verkaufen\\\/uhren-ankauf-siegen\\\/#breadcrumb\",\"itemListElement\":[{\"@type\":\"ListItem\",\"position\":1,\"name\":\"Startseite\",\"item\":\"https:\\\/\\\/www.uhrenankauf365.de\\\/uhr-verkaufen\\\/\"},{\"@type\":\"ListItem\",\"position\":2,\"name\":\"Uhren Ankauf Siegen\"}]},{\"@type\":\"WebSite\",\"@id\":\"https:\\\/\\\/www.uhrenankauf365.de\\\/uhr-verkaufen\\\/#website\",\"url\":\"https:\\\/\\\/www.uhrenankauf365.de\\\/uhr-verkaufen\\\/\",\"name\":\"Uhrenankauf 365\",\"description\":\"Jetzt Ihre Luxusuhr verkaufen!\",\"publisher\":{\"@id\":\"https:\\\/\\\/www.uhrenankauf365.de\\\/uhr-verkaufen\\\/#organization\"},\"potentialAction\":[{\"@type\":\"SearchAction\",\"target\":{\"@type\":\"EntryPoint\",\"urlTemplate\":\"https:\\\/\\\/www.uhrenankauf365.de\\\/uhr-verkaufen\\\/?s={search_term_string}\"},\"query-input\":{\"@type\":\"PropertyValueSpecification\",\"valueRequired\":true,\"valueName\":\"search_term_string\"}}],\"inLanguage\":\"de\"},{\"@type\":\"Organization\",\"@id\":\"https:\\\/\\\/www.uhrenankauf365.de\\\/uhr-verkaufen\\\/#organization\",\"name\":\"uhrenankauf365.de, Anke Michels\",\"url\":\"https:\\\/\\\/www.uhrenankauf365.de\\\/uhr-verkaufen\\\/\",\"logo\":{\"@type\":\"ImageObject\",\"inLanguage\":\"de\",\"@id\":\"https:\\\/\\\/www.uhrenankauf365.de\\\/uhr-verkaufen\\\/#\\\/schema\\\/logo\\\/image\\\/\",\"url\":\"https:\\\/\\\/www.uhrenankauf365.de\\\/uhr-verkaufen\\\/wp-content\\\/uploads\\\/2020\\\/11\\\/logo_uhrenankauf.png\",\"contentUrl\":\"https:\\\/\\\/www.uhrenankauf365.de\\\/uhr-verkaufen\\\/wp-content\\\/uploads\\\/2020\\\/11\\\/logo_uhrenankauf.png\",\"width\":98,\"height\":100,\"caption\":\"uhrenankauf365.de, Anke Michels\"},\"image\":{\"@id\":\"https:\\\/\\\/www.uhrenankauf365.de\\\/uhr-verkaufen\\\/#\\\/schema\\\/logo\\\/image\\\/\"}}]}<\/script>\n<!-- \/ Yoast SEO plugin. -->","yoast_head_json":{"title":"Uhren Ankauf Siegen | Jetzt Luxusuhr verkaufen","description":"Im Uhren Ankauf Siegen erhalten Sie eine faire Auszahlung f\u00fcr Ihre gebrauchte Luxusuhr. Schnell, einfach & seri\u00f6s. Seit 1998.","robots":{"index":"index","follow":"follow","max-snippet":"max-snippet:-1","max-image-preview":"max-image-preview:large","max-video-preview":"max-video-preview:-1"},"canonical":"https:\/\/www.uhrenankauf365.de\/uhr-verkaufen\/uhren-ankauf-siegen\/","og_locale":"de_DE","og_type":"article","og_title":"Uhren Ankauf Siegen | Jetzt Luxusuhr verkaufen","og_description":"Im Uhren Ankauf Siegen erhalten Sie eine faire Auszahlung f\u00fcr Ihre gebrauchte Luxusuhr. Schnell, einfach & seri\u00f6s. Seit 1998.","og_url":"https:\/\/www.uhrenankauf365.de\/uhr-verkaufen\/uhren-ankauf-siegen\/","og_site_name":"Uhrenankauf 365","article_modified_time":"2025-05-06T10:59:22+00:00","og_image":[{"width":505,"height":600,"url":"https:\/\/www.uhrenankauf365.de\/uhr-verkaufen\/wp-content\/uploads\/2025\/05\/ankauf_uhren_siegen_panerai.webp","type":"image\/webp"}],"twitter_card":"summary_large_image","twitter_misc":{"Gesch\u00e4tzte Lesezeit":"3\u00a0Minuten"},"schema":{"@context":"https:\/\/schema.org","@graph":[{"@type":"WebPage","@id":"https:\/\/www.uhrenankauf365.de\/uhr-verkaufen\/uhren-ankauf-siegen\/","url":"https:\/\/www.uhrenankauf365.de\/uhr-verkaufen\/uhren-ankauf-siegen\/","name":"Uhren Ankauf Siegen | Jetzt Luxusuhr verkaufen","isPartOf":{"@id":"https:\/\/www.uhrenankauf365.de\/uhr-verkaufen\/#website"},"primaryImageOfPage":{"@id":"https:\/\/www.uhrenankauf365.de\/uhr-verkaufen\/uhren-ankauf-siegen\/#primaryimage"},"image":{"@id":"https:\/\/www.uhrenankauf365.de\/uhr-verkaufen\/uhren-ankauf-siegen\/#primaryimage"},"thumbnailUrl":"https:\/\/www.uhrenankauf365.de\/uhr-verkaufen\/wp-content\/uploads\/2025\/05\/ankauf_uhren_siegen_panerai.webp","datePublished":"2025-05-06T10:19:45+00:00","dateModified":"2025-05-06T10:59:22+00:00","description":"Im Uhren Ankauf Siegen erhalten Sie eine faire Auszahlung f\u00fcr Ihre gebrauchte Luxusuhr. Schnell, einfach & seri\u00f6s. Seit 1998.","breadcrumb":{"@id":"https:\/\/www.uhrenankauf365.de\/uhr-verkaufen\/uhren-ankauf-siegen\/#breadcrumb"},"inLanguage":"de","potentialAction":[{"@type":"ReadAction","target":["https:\/\/www.uhrenankauf365.de\/uhr-verkaufen\/uhren-ankauf-siegen\/"]}]},{"@type":"ImageObject","inLanguage":"de","@id":"https:\/\/www.uhrenankauf365.de\/uhr-verkaufen\/uhren-ankauf-siegen\/#primaryimage","url":"https:\/\/www.uhrenankauf365.de\/uhr-verkaufen\/wp-content\/uploads\/2025\/05\/ankauf_uhren_siegen_panerai.webp","contentUrl":"https:\/\/www.uhrenankauf365.de\/uhr-verkaufen\/wp-content\/uploads\/2025\/05\/ankauf_uhren_siegen_panerai.webp","width":505,"height":600},{"@type":"BreadcrumbList","@id":"https:\/\/www.uhrenankauf365.de\/uhr-verkaufen\/uhren-ankauf-siegen\/#breadcrumb","itemListElement":[{"@type":"ListItem","position":1,"name":"Startseite","item":"https:\/\/www.uhrenankauf365.de\/uhr-verkaufen\/"},{"@type":"ListItem","position":2,"name":"Uhren Ankauf Siegen"}]},{"@type":"WebSite","@id":"https:\/\/www.uhrenankauf365.de\/uhr-verkaufen\/#website","url":"https:\/\/www.uhrenankauf365.de\/uhr-verkaufen\/","name":"Uhrenankauf 365","description":"Jetzt Ihre Luxusuhr verkaufen!","publisher":{"@id":"https:\/\/www.uhrenankauf365.de\/uhr-verkaufen\/#organization"},"potentialAction":[{"@type":"SearchAction","target":{"@type":"EntryPoint","urlTemplate":"https:\/\/www.uhrenankauf365.de\/uhr-verkaufen\/?s={search_term_string}"},"query-input":{"@type":"PropertyValueSpecification","valueRequired":true,"valueName":"search_term_string"}}],"inLanguage":"de"},{"@type":"Organization","@id":"https:\/\/www.uhrenankauf365.de\/uhr-verkaufen\/#organization","name":"uhrenankauf365.de, Anke Michels","url":"https:\/\/www.uhrenankauf365.de\/uhr-verkaufen\/","logo":{"@type":"ImageObject","inLanguage":"de","@id":"https:\/\/www.uhrenankauf365.de\/uhr-verkaufen\/#\/schema\/logo\/image\/","url":"https:\/\/www.uhrenankauf365.de\/uhr-verkaufen\/wp-content\/uploads\/2020\/11\/logo_uhrenankauf.png","contentUrl":"https:\/\/www.uhrenankauf365.de\/uhr-verkaufen\/wp-content\/uploads\/2020\/11\/logo_uhrenankauf.png","width":98,"height":100,"caption":"uhrenankauf365.de, Anke Michels"},"image":{"@id":"https:\/\/www.uhrenankauf365.de\/uhr-verkaufen\/#\/schema\/logo\/image\/"}}]}},"_links":{"self":[{"href":"https:\/\/www.uhrenankauf365.de\/uhr-verkaufen\/wp-json\/wp\/v2\/pages\/2292","targetHints":{"allow":["GET"]}}],"collection":[{"href":"https:\/\/www.uhrenankauf365.de\/uhr-verkaufen\/wp-json\/wp\/v2\/pages"}],"about":[{"href":"https:\/\/www.uhrenankauf365.de\/uhr-verkaufen\/wp-json\/wp\/v2\/types\/page"}],"author":[{"embeddable":true,"href":"https:\/\/www.uhrenankauf365.de\/uhr-verkaufen\/wp-json\/wp\/v2\/users\/1"}],"replies":[{"embeddable":true,"href":"https:\/\/www.uhrenankauf365.de\/uhr-verkaufen\/wp-json\/wp\/v2\/comments?post=2292"}],"version-history":[{"count":15,"href":"https:\/\/www.uhrenankauf365.de\/uhr-verkaufen\/wp-json\/wp\/v2\/pages\/2292\/revisions"}],"predecessor-version":[{"id":2314,"href":"https:\/\/www.uhrenankauf365.de\/uhr-verkaufen\/wp-json\/wp\/v2\/pages\/2292\/revisions\/2314"}],"wp:attachment":[{"href":"https:\/\/www.uhrenankauf365.de\/uhr-verkaufen\/wp-json\/wp\/v2\/media?parent=2292"}],"curies":[{"name":"wp","href":"https:\/\/api.w.org\/{rel}","templated":true}]}}