{"id":2174,"date":"2025-03-23T17:08:10","date_gmt":"2025-03-23T16:08:10","guid":{"rendered":"https:\/\/www.uhrenankauf365.de\/uhr-verkaufen\/?page_id=2174"},"modified":"2025-03-23T17:10:49","modified_gmt":"2025-03-23T16:10:49","slug":"breitling-avenger-ankauf","status":"publish","type":"page","link":"https:\/\/www.uhrenankauf365.de\/uhr-verkaufen\/breitling-avenger-ankauf\/","title":{"rendered":"Breitling Avenger Ankauf"},"content":{"rendered":"\n<p>Die Luxusuhr Breitling Avenger gilt als die ultimative Tool-Watch f\u00fcr Abenteurer und ist bei uns im <a href=\"https:\/\/www.uhrenankauf365.de\/uhr-verkaufen\/breitling\/\">Uhrenankauf Breitling<\/a> sehr beliebt. M\u00f6chten Sie eine Breitling Avenger verkaufen und eine schnelle, faire Auszahlung auf Ihr Bankkonto erhalten? Dann freuen wir uns auf Ihre Angaben zur Uhr, die Sie im <a href=\"https:\/\/www.uhrenankauf365.de\/uhr-verkaufen\/ankaufsformular\/\">Ankaufsformular<\/a> direkt online machen k\u00f6nnen.<\/p>\n\n\n\n<div class=\"wp-block-buttons is-layout-flex wp-block-buttons-is-layout-flex\">\n<div class=\"wp-block-button\"><a class=\"wp-block-button__link wp-element-button\" href=\"https:\/\/www.uhrenankauf365.de\/uhr-verkaufen\/ankaufsformular\/\">Direkt zum Ankaufsformular<\/a><\/div>\n<\/div>\n\n\n\n<hr class=\"wp-block-separator has-alpha-channel-opacity\"\/>\n\n\n\n<h2 class=\"wp-block-heading mt-5\">Was macht die Breitling Avenger im Uhrenankauf so beliebt?<\/h2>\n\n\n\n<p>Die Avenger-Kollektion steht f\u00fcr die markantesten Uhren des Schweizer Luxusuhrenherstellers <a href=\"https:\/\/www.breitling.com\/de-de\/collections\/avenger\/\" target=\"_blank\" rel=\"noreferrer noopener\">Breitling<\/a>. Sie steht f\u00fcr Robustheit, Funktionalit\u00e4t und ein markantes Design, das speziell f\u00fcr anspruchsvolle Eins\u00e4tze entwickelt wurde. Urspr\u00fcnglich als eine der professionellen Fliegeruhren von Breitling eingef\u00fchrt, hat sich die Avenger-Kollektion zu einer der vielseitigsten Serien des Unternehmens entwickelt. Doch was macht die Breitling Avenger so besonders? Ein Blick auf ihre Geschichte, technischen Merkmale und besonderen Eigenschaften gibt Aufschluss.<\/p>\n\n\n\n<h3 class=\"wp-block-heading\">Historische Hintergr\u00fcnde<\/h3>\n\n\n\n<div class=\"wp-block-columns is-layout-flex wp-container-core-columns-is-layout-9d6595d7 wp-block-columns-is-layout-flex\">\n<div class=\"wp-block-column is-layout-flow wp-block-column-is-layout-flow\">\n<p>Breitling ist seit seiner Gr\u00fcndung im Jahr 1884 f\u00fcr seine pr\u00e4zisen Chronographen bekannt und hat sich vor allem durch seine enge Verbindung zur Luftfahrt einen Namen gemacht. Die Avenger-Serie wurde als eine Weiterentwicklung der klassischen Pilotenuhren von Breitling eingef\u00fchrt, wobei der Fokus auf extreme Belastbarkeit und optimale Ablesbarkeit in jeder Situation gelegt wurde. Urspr\u00fcnglich als Erg\u00e4nzung zur Aviator- und Superocean-Serie gedacht, entwickelte sich die Avenger schnell zu einer eigenst\u00e4ndigen Linie mit besonderem Charakter. Im Breitling Avenger Ankauf erhalten Sie eine faire Auszahlung f\u00fcr Ihre gebrauchte Luxusuhr.<\/p>\n<\/div>\n\n\n\n<div class=\"wp-block-column is-layout-flow wp-block-column-is-layout-flow\">\n<figure class=\"wp-block-image size-full\"><a href=\"https:\/\/www.uhrenankauf365.de\/uhr-verkaufen\/ankaufsformular\/\"><img loading=\"lazy\" decoding=\"async\" width=\"900\" height=\"609\" src=\"https:\/\/www.uhrenankauf365.de\/uhr-verkaufen\/wp-content\/uploads\/2025\/03\/breitling_avenger_uhrenankauf_online.webp\" alt=\"Foto eines Piloten mit einer Breitling Avenger am Handgelenk\" class=\"wp-image-2175\" srcset=\"https:\/\/www.uhrenankauf365.de\/uhr-verkaufen\/wp-content\/uploads\/2025\/03\/breitling_avenger_uhrenankauf_online.webp 900w, https:\/\/www.uhrenankauf365.de\/uhr-verkaufen\/wp-content\/uploads\/2025\/03\/breitling_avenger_uhrenankauf_online-300x203.webp 300w, https:\/\/www.uhrenankauf365.de\/uhr-verkaufen\/wp-content\/uploads\/2025\/03\/breitling_avenger_uhrenankauf_online-768x520.webp 768w\" sizes=\"auto, (max-width: 900px) 100vw, 900px\" \/><\/a><\/figure>\n<\/div>\n<\/div>\n\n\n\n<h3 class=\"wp-block-heading\">Design und Besonderheiten<\/h3>\n\n\n\n<p>Die Avenger ist f\u00fcr ihr massives, maskulines Design bekannt. Das Geh\u00e4use besteht aus robustem Edelstahl oder Titan und ist oft mit einer widerstandsf\u00e4higen DLC-Beschichtung (<a href=\"https:\/\/de.wikipedia.org\/wiki\/Kohlenstoffschicht\" target=\"_blank\" rel=\"noreferrer noopener\">Diamond-Like Carbon<\/a>) versehen, die f\u00fcr zus\u00e4tzliche Kratzfestigkeit sorgt. Eine einseitig drehbare L\u00fcnette mit markanten Riffelungen sorgt f\u00fcr einfache Bedienbarkeit, selbst mit Handschuhen.<\/p>\n\n\n\n<p>Das Zifferblatt zeichnet sich durch gro\u00dfe, leuchtende Indizes und Zeiger aus, die f\u00fcr maximale Ablesbarkeit sorgen. Viele Modelle sind mit einer verschraubten Krone ausgestattet, die die Wasserdichtigkeit erh\u00f6ht und die Funktionalit\u00e4t unter extremen Bedingungen sichert. Die Avenger-Modelle gibt es sowohl mit Chronographenfunktion als auch in einer dreizeiger Version mit Datumsanzeige.<\/p>\n\n\n\n<h3 class=\"wp-block-heading\">Technische Merkmale<\/h3>\n\n\n\n<p>Breitling verwendet in der Avenger-Kollektion hauseigene Kaliber, darunter das COSC-zertifizierte Breitling 13 oder das Breitling 17, die f\u00fcr ihre Ganggenauigkeit bekannt sind. Die meisten Modelle bieten eine Wasserdichtigkeit von bis zu 300 Metern, was sie auch f\u00fcr Taucher interessant macht. Die robusten Armb\u00e4nder aus Edelstahl, Leder oder Kautschuk tragen zum sportlichen Charakter der Uhr bei.<\/p>\n\n\n\n<p>Ein weiteres bemerkenswertes Feature ist die Sto\u00dffestigkeit der Avenger. Dank verst\u00e4rkter Geh\u00e4usekonstruktion und schockabsorbierenden Elementen ist die Uhr auch f\u00fcr extreme Abenteuer geeignet, sei es in der Luft, auf See oder am Boden.<\/p>\n\n\n\n<h3 class=\"wp-block-heading\">Beliebte Modelle der Avenger-Serie im Breitling Avenger Ankauf<\/h3>\n\n\n\n<p>Einige der bekanntesten Modelle aus der Avenger-Reihe sind:<\/p>\n\n\n\n<ul class=\"wp-block-list\">\n<li><strong>Avenger Automatic GMT 45<\/strong>: Ein klassischer GMT-Zeitmesser mit zweiter Zeitzone, ideal f\u00fcr Vielflieger.<\/li>\n\n\n\n<li><strong>Avenger Chronograph 45 Night Mission<\/strong>: Eine schwarze Titan-Version mit markantem Military-Design.<\/li>\n\n\n\n<li><strong>Super Avenger Chronograph 48<\/strong>: Eine der gr\u00f6\u00dften und auff\u00e4lligsten Uhren der Serie, ideal f\u00fcr Liebhaber gro\u00dfer Zeitmesser.<\/li>\n<\/ul>\n\n\n\n<h3 class=\"wp-block-heading\">Was ist meine Breitling Avenger im Uhrenankauf wert?<\/h3>\n\n\n\n<p>Diese Frage ist legitim, leider jedoch schwer pauschal zu beantworten. Es h\u00e4ngt von verschiedenen Faktoren ab, wieviel wir Ihnen f\u00fcr Ihre gebrauchte Luxusuhr zahlen. Dazu z\u00e4hlen der exakte Modellname, das Alter, die Beschaffenheit der Uhr und des Armbandes sowie die Frage, ob Sie inklusive Original-Box und -Papieren verkaufen. Gerne sch\u00e4tzt unser Uhrmachermeister den Wert Ihrer Breitling ein und Sie erhalten nach Absenden des Ankaufsformulars zeitnah eine Nachricht von uns. Jegliche Fragen zum Ankauf <a href=\"https:\/\/www.uhrenankauf365.de\/uhr-verkaufen\/kontakt\/\">beantworten wir selbstverst\u00e4ndlich gerne vorab<\/a>!<\/p>\n\n\n<div class=\"wp-bootstrap-blocks-container container mb-5 uak_heller_hintergrund_line_height_normal text-center p-4 mt-4\">\n\t\n\n<h3 class=\"wp-block-heading\" id=\"u1363-2\">Wir kaufen Luxusuhren!<\/h3>\n\n\n\n<p id=\"u1363-4\"><strong>Profitieren Sie&nbsp;von unserer jahrzehntelangen Erfahrung im Uhrenhandel!<\/strong><\/p>\n\n\n\n<p><a class=\"btn btn-primary btn-lg\" href=\"https:\/\/www.uhrenankauf365.de\/uhr-verkaufen\/ankaufsformular\/\">Zum Ankaufsformular<\/a><\/p>\n\n<\/div>\n","protected":false},"excerpt":{"rendered":"<p>Die Luxusuhr Breitling Avenger gilt als die ultimative Tool-Watch f\u00fcr Abenteurer und ist bei uns im Uhrenankauf Breitling sehr beliebt. M\u00f6chten Sie eine Breitling Avenger verkaufen und eine schnelle, faire Auszahlung auf Ihr Bankkonto erhalten? Dann freuen wir uns auf Ihre Angaben zur Uhr, die Sie im Ankaufsformular direkt online machen k\u00f6nnen. Was macht die [&hellip;]<\/p>\n","protected":false},"author":1,"featured_media":0,"parent":0,"menu_order":0,"comment_status":"closed","ping_status":"closed","template":"","meta":{"footnotes":""},"class_list":["post-2174","page","type-page","status-publish","hentry"],"yoast_head":"<!-- This site is optimized with the Yoast SEO plugin v27.3 - https:\/\/yoast.com\/product\/yoast-seo-wordpress\/ -->\n<title>Breitling Avenger Ankauf<\/title>\n<meta name=\"description\" content=\"Im Breitling Avenger Ankauf erwarten Sie faire Preise f\u00fcr Ihre gebrauchte Luxusuhr. Schnelle Auszahlungen seit 1998.\" \/>\n<meta name=\"robots\" content=\"index, follow, max-snippet:-1, max-image-preview:large, max-video-preview:-1\" \/>\n<link rel=\"canonical\" href=\"https:\/\/www.uhrenankauf365.de\/uhr-verkaufen\/breitling-avenger-ankauf\/\" \/>\n<meta property=\"og:locale\" content=\"de_DE\" \/>\n<meta property=\"og:type\" content=\"article\" \/>\n<meta property=\"og:title\" content=\"Breitling Avenger Ankauf\" \/>\n<meta property=\"og:description\" content=\"Im Breitling Avenger Ankauf erwarten Sie faire Preise f\u00fcr Ihre gebrauchte Luxusuhr. Schnelle Auszahlungen seit 1998.\" \/>\n<meta property=\"og:url\" content=\"https:\/\/www.uhrenankauf365.de\/uhr-verkaufen\/breitling-avenger-ankauf\/\" \/>\n<meta property=\"og:site_name\" content=\"Uhrenankauf 365\" \/>\n<meta property=\"article:modified_time\" content=\"2025-03-23T16:10:49+00:00\" \/>\n<meta property=\"og:image\" content=\"https:\/\/www.uhrenankauf365.de\/uhr-verkaufen\/wp-content\/uploads\/2025\/03\/breitling_avenger_uhrenankauf_online.webp\" \/>\n\t<meta property=\"og:image:width\" content=\"900\" \/>\n\t<meta property=\"og:image:height\" content=\"609\" \/>\n\t<meta property=\"og:image:type\" content=\"image\/webp\" \/>\n<meta name=\"twitter:card\" content=\"summary_large_image\" \/>\n<meta name=\"twitter:label1\" content=\"Gesch\u00e4tzte Lesezeit\" \/>\n\t<meta name=\"twitter:data1\" content=\"4\u00a0Minuten\" \/>\n<script type=\"application\/ld+json\" class=\"yoast-schema-graph\">{\"@context\":\"https:\\\/\\\/schema.org\",\"@graph\":[{\"@type\":\"WebPage\",\"@id\":\"https:\\\/\\\/www.uhrenankauf365.de\\\/uhr-verkaufen\\\/breitling-avenger-ankauf\\\/\",\"url\":\"https:\\\/\\\/www.uhrenankauf365.de\\\/uhr-verkaufen\\\/breitling-avenger-ankauf\\\/\",\"name\":\"Breitling Avenger Ankauf\",\"isPartOf\":{\"@id\":\"https:\\\/\\\/www.uhrenankauf365.de\\\/uhr-verkaufen\\\/#website\"},\"primaryImageOfPage\":{\"@id\":\"https:\\\/\\\/www.uhrenankauf365.de\\\/uhr-verkaufen\\\/breitling-avenger-ankauf\\\/#primaryimage\"},\"image\":{\"@id\":\"https:\\\/\\\/www.uhrenankauf365.de\\\/uhr-verkaufen\\\/breitling-avenger-ankauf\\\/#primaryimage\"},\"thumbnailUrl\":\"https:\\\/\\\/www.uhrenankauf365.de\\\/uhr-verkaufen\\\/wp-content\\\/uploads\\\/2025\\\/03\\\/breitling_avenger_uhrenankauf_online.webp\",\"datePublished\":\"2025-03-23T16:08:10+00:00\",\"dateModified\":\"2025-03-23T16:10:49+00:00\",\"description\":\"Im Breitling Avenger Ankauf erwarten Sie faire Preise f\u00fcr Ihre gebrauchte Luxusuhr. Schnelle Auszahlungen seit 1998.\",\"breadcrumb\":{\"@id\":\"https:\\\/\\\/www.uhrenankauf365.de\\\/uhr-verkaufen\\\/breitling-avenger-ankauf\\\/#breadcrumb\"},\"inLanguage\":\"de\",\"potentialAction\":[{\"@type\":\"ReadAction\",\"target\":[\"https:\\\/\\\/www.uhrenankauf365.de\\\/uhr-verkaufen\\\/breitling-avenger-ankauf\\\/\"]}]},{\"@type\":\"ImageObject\",\"inLanguage\":\"de\",\"@id\":\"https:\\\/\\\/www.uhrenankauf365.de\\\/uhr-verkaufen\\\/breitling-avenger-ankauf\\\/#primaryimage\",\"url\":\"https:\\\/\\\/www.uhrenankauf365.de\\\/uhr-verkaufen\\\/wp-content\\\/uploads\\\/2025\\\/03\\\/breitling_avenger_uhrenankauf_online.webp\",\"contentUrl\":\"https:\\\/\\\/www.uhrenankauf365.de\\\/uhr-verkaufen\\\/wp-content\\\/uploads\\\/2025\\\/03\\\/breitling_avenger_uhrenankauf_online.webp\",\"width\":900,\"height\":609},{\"@type\":\"BreadcrumbList\",\"@id\":\"https:\\\/\\\/www.uhrenankauf365.de\\\/uhr-verkaufen\\\/breitling-avenger-ankauf\\\/#breadcrumb\",\"itemListElement\":[{\"@type\":\"ListItem\",\"position\":1,\"name\":\"Startseite\",\"item\":\"https:\\\/\\\/www.uhrenankauf365.de\\\/uhr-verkaufen\\\/\"},{\"@type\":\"ListItem\",\"position\":2,\"name\":\"Breitling Avenger Ankauf\"}]},{\"@type\":\"WebSite\",\"@id\":\"https:\\\/\\\/www.uhrenankauf365.de\\\/uhr-verkaufen\\\/#website\",\"url\":\"https:\\\/\\\/www.uhrenankauf365.de\\\/uhr-verkaufen\\\/\",\"name\":\"Uhrenankauf 365\",\"description\":\"Jetzt Ihre Luxusuhr verkaufen!\",\"publisher\":{\"@id\":\"https:\\\/\\\/www.uhrenankauf365.de\\\/uhr-verkaufen\\\/#organization\"},\"potentialAction\":[{\"@type\":\"SearchAction\",\"target\":{\"@type\":\"EntryPoint\",\"urlTemplate\":\"https:\\\/\\\/www.uhrenankauf365.de\\\/uhr-verkaufen\\\/?s={search_term_string}\"},\"query-input\":{\"@type\":\"PropertyValueSpecification\",\"valueRequired\":true,\"valueName\":\"search_term_string\"}}],\"inLanguage\":\"de\"},{\"@type\":\"Organization\",\"@id\":\"https:\\\/\\\/www.uhrenankauf365.de\\\/uhr-verkaufen\\\/#organization\",\"name\":\"uhrenankauf365.de, Anke Michels\",\"url\":\"https:\\\/\\\/www.uhrenankauf365.de\\\/uhr-verkaufen\\\/\",\"logo\":{\"@type\":\"ImageObject\",\"inLanguage\":\"de\",\"@id\":\"https:\\\/\\\/www.uhrenankauf365.de\\\/uhr-verkaufen\\\/#\\\/schema\\\/logo\\\/image\\\/\",\"url\":\"https:\\\/\\\/www.uhrenankauf365.de\\\/uhr-verkaufen\\\/wp-content\\\/uploads\\\/2020\\\/11\\\/logo_uhrenankauf.png\",\"contentUrl\":\"https:\\\/\\\/www.uhrenankauf365.de\\\/uhr-verkaufen\\\/wp-content\\\/uploads\\\/2020\\\/11\\\/logo_uhrenankauf.png\",\"width\":98,\"height\":100,\"caption\":\"uhrenankauf365.de, Anke Michels\"},\"image\":{\"@id\":\"https:\\\/\\\/www.uhrenankauf365.de\\\/uhr-verkaufen\\\/#\\\/schema\\\/logo\\\/image\\\/\"}}]}<\/script>\n<!-- \/ Yoast SEO plugin. -->","yoast_head_json":{"title":"Breitling Avenger Ankauf","description":"Im Breitling Avenger Ankauf erwarten Sie faire Preise f\u00fcr Ihre gebrauchte Luxusuhr. Schnelle Auszahlungen seit 1998.","robots":{"index":"index","follow":"follow","max-snippet":"max-snippet:-1","max-image-preview":"max-image-preview:large","max-video-preview":"max-video-preview:-1"},"canonical":"https:\/\/www.uhrenankauf365.de\/uhr-verkaufen\/breitling-avenger-ankauf\/","og_locale":"de_DE","og_type":"article","og_title":"Breitling Avenger Ankauf","og_description":"Im Breitling Avenger Ankauf erwarten Sie faire Preise f\u00fcr Ihre gebrauchte Luxusuhr. Schnelle Auszahlungen seit 1998.","og_url":"https:\/\/www.uhrenankauf365.de\/uhr-verkaufen\/breitling-avenger-ankauf\/","og_site_name":"Uhrenankauf 365","article_modified_time":"2025-03-23T16:10:49+00:00","og_image":[{"width":900,"height":609,"url":"https:\/\/www.uhrenankauf365.de\/uhr-verkaufen\/wp-content\/uploads\/2025\/03\/breitling_avenger_uhrenankauf_online.webp","type":"image\/webp"}],"twitter_card":"summary_large_image","twitter_misc":{"Gesch\u00e4tzte Lesezeit":"4\u00a0Minuten"},"schema":{"@context":"https:\/\/schema.org","@graph":[{"@type":"WebPage","@id":"https:\/\/www.uhrenankauf365.de\/uhr-verkaufen\/breitling-avenger-ankauf\/","url":"https:\/\/www.uhrenankauf365.de\/uhr-verkaufen\/breitling-avenger-ankauf\/","name":"Breitling Avenger Ankauf","isPartOf":{"@id":"https:\/\/www.uhrenankauf365.de\/uhr-verkaufen\/#website"},"primaryImageOfPage":{"@id":"https:\/\/www.uhrenankauf365.de\/uhr-verkaufen\/breitling-avenger-ankauf\/#primaryimage"},"image":{"@id":"https:\/\/www.uhrenankauf365.de\/uhr-verkaufen\/breitling-avenger-ankauf\/#primaryimage"},"thumbnailUrl":"https:\/\/www.uhrenankauf365.de\/uhr-verkaufen\/wp-content\/uploads\/2025\/03\/breitling_avenger_uhrenankauf_online.webp","datePublished":"2025-03-23T16:08:10+00:00","dateModified":"2025-03-23T16:10:49+00:00","description":"Im Breitling Avenger Ankauf erwarten Sie faire Preise f\u00fcr Ihre gebrauchte Luxusuhr. Schnelle Auszahlungen seit 1998.","breadcrumb":{"@id":"https:\/\/www.uhrenankauf365.de\/uhr-verkaufen\/breitling-avenger-ankauf\/#breadcrumb"},"inLanguage":"de","potentialAction":[{"@type":"ReadAction","target":["https:\/\/www.uhrenankauf365.de\/uhr-verkaufen\/breitling-avenger-ankauf\/"]}]},{"@type":"ImageObject","inLanguage":"de","@id":"https:\/\/www.uhrenankauf365.de\/uhr-verkaufen\/breitling-avenger-ankauf\/#primaryimage","url":"https:\/\/www.uhrenankauf365.de\/uhr-verkaufen\/wp-content\/uploads\/2025\/03\/breitling_avenger_uhrenankauf_online.webp","contentUrl":"https:\/\/www.uhrenankauf365.de\/uhr-verkaufen\/wp-content\/uploads\/2025\/03\/breitling_avenger_uhrenankauf_online.webp","width":900,"height":609},{"@type":"BreadcrumbList","@id":"https:\/\/www.uhrenankauf365.de\/uhr-verkaufen\/breitling-avenger-ankauf\/#breadcrumb","itemListElement":[{"@type":"ListItem","position":1,"name":"Startseite","item":"https:\/\/www.uhrenankauf365.de\/uhr-verkaufen\/"},{"@type":"ListItem","position":2,"name":"Breitling Avenger Ankauf"}]},{"@type":"WebSite","@id":"https:\/\/www.uhrenankauf365.de\/uhr-verkaufen\/#website","url":"https:\/\/www.uhrenankauf365.de\/uhr-verkaufen\/","name":"Uhrenankauf 365","description":"Jetzt Ihre Luxusuhr verkaufen!","publisher":{"@id":"https:\/\/www.uhrenankauf365.de\/uhr-verkaufen\/#organization"},"potentialAction":[{"@type":"SearchAction","target":{"@type":"EntryPoint","urlTemplate":"https:\/\/www.uhrenankauf365.de\/uhr-verkaufen\/?s={search_term_string}"},"query-input":{"@type":"PropertyValueSpecification","valueRequired":true,"valueName":"search_term_string"}}],"inLanguage":"de"},{"@type":"Organization","@id":"https:\/\/www.uhrenankauf365.de\/uhr-verkaufen\/#organization","name":"uhrenankauf365.de, Anke Michels","url":"https:\/\/www.uhrenankauf365.de\/uhr-verkaufen\/","logo":{"@type":"ImageObject","inLanguage":"de","@id":"https:\/\/www.uhrenankauf365.de\/uhr-verkaufen\/#\/schema\/logo\/image\/","url":"https:\/\/www.uhrenankauf365.de\/uhr-verkaufen\/wp-content\/uploads\/2020\/11\/logo_uhrenankauf.png","contentUrl":"https:\/\/www.uhrenankauf365.de\/uhr-verkaufen\/wp-content\/uploads\/2020\/11\/logo_uhrenankauf.png","width":98,"height":100,"caption":"uhrenankauf365.de, Anke Michels"},"image":{"@id":"https:\/\/www.uhrenankauf365.de\/uhr-verkaufen\/#\/schema\/logo\/image\/"}}]}},"_links":{"self":[{"href":"https:\/\/www.uhrenankauf365.de\/uhr-verkaufen\/wp-json\/wp\/v2\/pages\/2174","targetHints":{"allow":["GET"]}}],"collection":[{"href":"https:\/\/www.uhrenankauf365.de\/uhr-verkaufen\/wp-json\/wp\/v2\/pages"}],"about":[{"href":"https:\/\/www.uhrenankauf365.de\/uhr-verkaufen\/wp-json\/wp\/v2\/types\/page"}],"author":[{"embeddable":true,"href":"https:\/\/www.uhrenankauf365.de\/uhr-verkaufen\/wp-json\/wp\/v2\/users\/1"}],"replies":[{"embeddable":true,"href":"https:\/\/www.uhrenankauf365.de\/uhr-verkaufen\/wp-json\/wp\/v2\/comments?post=2174"}],"version-history":[{"count":3,"href":"https:\/\/www.uhrenankauf365.de\/uhr-verkaufen\/wp-json\/wp\/v2\/pages\/2174\/revisions"}],"predecessor-version":[{"id":2178,"href":"https:\/\/www.uhrenankauf365.de\/uhr-verkaufen\/wp-json\/wp\/v2\/pages\/2174\/revisions\/2178"}],"wp:attachment":[{"href":"https:\/\/www.uhrenankauf365.de\/uhr-verkaufen\/wp-json\/wp\/v2\/media?parent=2174"}],"curies":[{"name":"wp","href":"https:\/\/api.w.org\/{rel}","templated":true}]}}