{"id":2169,"date":"2025-03-20T17:10:25","date_gmt":"2025-03-20T16:10:25","guid":{"rendered":"https:\/\/www.uhrenankauf365.de\/uhr-verkaufen\/?page_id=2169"},"modified":"2025-03-20T17:11:13","modified_gmt":"2025-03-20T16:11:13","slug":"uhrenankauf-linz","status":"publish","type":"page","link":"https:\/\/www.uhrenankauf365.de\/uhr-verkaufen\/uhrenankauf-linz\/","title":{"rendered":"Uhrenankauf Linz"},"content":{"rendered":"\n<p>Sie suchen nach einer M\u00f6glichkeit, Ihre Luxusuhr seri\u00f6s und zu einem fairen Preis zu verkaufen? Nutzen Sie im <strong>Uhrenankauf Linz<\/strong> die M\u00f6glichkeit, das <a href=\"https:\/\/www.uhrenankauf365.de\/uhr-verkaufen\/ankaufsformular\/\">Ankaufsformular<\/a> auszuf\u00fcllen und uns alle wichtigen Infos zu Ihrer Uhr zu \u00fcbermitteln. Wir sch\u00e4tzen innerhalb weniger Stunden den m\u00f6glichen Auszahlungsbetrag ein und melden uns bei Ihnen zur\u00fcck. Wir sind international vernetzt und seit 1998 im Handel mit Luxusuhren t\u00e4tig!<\/p>\n\n\n\n<figure class=\"wp-block-image size-large\"><img loading=\"lazy\" decoding=\"async\" width=\"1024\" height=\"464\" src=\"https:\/\/www.uhrenankauf365.de\/uhr-verkaufen\/wp-content\/uploads\/2025\/03\/uhrenankauf-linz-oesterreich-1024x464.webp\" alt=\"Ansicht der Stadt Linz von der Donau aus, dar\u00fcber der Schriftzug Wir kaufen Luxusuhren in Linz\" class=\"wp-image-2170\" srcset=\"https:\/\/www.uhrenankauf365.de\/uhr-verkaufen\/wp-content\/uploads\/2025\/03\/uhrenankauf-linz-oesterreich-1024x464.webp 1024w, https:\/\/www.uhrenankauf365.de\/uhr-verkaufen\/wp-content\/uploads\/2025\/03\/uhrenankauf-linz-oesterreich-300x136.webp 300w, https:\/\/www.uhrenankauf365.de\/uhr-verkaufen\/wp-content\/uploads\/2025\/03\/uhrenankauf-linz-oesterreich-768x348.webp 768w, https:\/\/www.uhrenankauf365.de\/uhr-verkaufen\/wp-content\/uploads\/2025\/03\/uhrenankauf-linz-oesterreich-1536x697.webp 1536w, https:\/\/www.uhrenankauf365.de\/uhr-verkaufen\/wp-content\/uploads\/2025\/03\/uhrenankauf-linz-oesterreich.webp 1680w\" sizes=\"auto, (max-width: 1024px) 100vw, 1024px\" \/><\/figure>\n\n\n\n<h2 class=\"wp-block-heading\">Ankauf von Luxusuhren<\/h2>\n\n\n\n<p>Auch in der Landeshauptstadt von Ober\u00f6sterreich bieten wir unseren Uhrenankauf an. Nach der preislichen Einigung wird Ihre Uhr von einem Werttransportunternehmen abgeholt und von uns gepr\u00fcft. In der Regel erhalten Sie innerhalb von 24 Stunden die Auszahlung der vereinbarten Summe auf Ihr Konto.<\/p>\n\n\n\n<p>Beliebte Marken sind dabei:<\/p>\n\n\n\n<ul class=\"wp-block-list\">\n<li><a href=\"https:\/\/www.uhrenankauf365.de\/uhr-verkaufen\/rolex\/\">Rolex<\/a><\/li>\n\n\n\n<li><a href=\"https:\/\/www.uhrenankauf365.de\/uhr-verkaufen\/patek_philippe\/\">Patek Philippe<\/a><\/li>\n\n\n\n<li><a href=\"https:\/\/www.uhrenankauf365.de\/uhr-verkaufen\/a_lange_und_soehne\/\">A. Lange &amp; S\u00f6hne<\/a><\/li>\n\n\n\n<li><a href=\"https:\/\/www.uhrenankauf365.de\/uhr-verkaufen\/audemars_piguet\/\">Audemars Piguet<\/a><\/li>\n\n\n\n<li><a href=\"https:\/\/www.uhrenankauf365.de\/uhr-verkaufen\/piaget-uhren-ankauf\/\">Piaget<\/a><\/li>\n\n\n\n<li>Glash\u00fctte (Original)<\/li>\n\n\n\n<li><a href=\"https:\/\/www.uhrenankauf365.de\/uhr-verkaufen\/blancpain\/\">Blancpain<\/a><\/li>\n<\/ul>\n\n\n\n<p>Je nach Modell und Beschaffenheit Ihrer zu verkaufenden Uhr variiert der erzielbare Betrag nat\u00fcrlich stark. Nutzen Sie daher unbedingt das <a href=\"https:\/\/www.uhrenankauf365.de\/uhr-verkaufen\/ankaufsformular\/\">Ankaufsformular<\/a>, um eine Einsch\u00e4tzung zu erhalten!<\/p>\n\n\n\n<div class=\"container p-4 uak_heller_hintergrund\">\n<div class=\"row mb-4\">\n<div class=\"col-12 col-md-6 text-center\">\n<i class=\"uak365icon fas fa-file-alt\"><\/i><br>\n<div class=\"ankaufschritte_title\">Formular ausf\u00fcllen<\/div>\n<small>Das <a href=\"https:\/\/www.uhrenankauf365.de\/uhr-verkaufen\/ankaufsformular\/\" title=\"Ankaufsformular Uhren\">Ankaufsformular<\/a> erfasst alle wichtigen Angaben zur Armbanduhr, die Sie verkaufen m\u00f6chten und erleichtert die Ermittlung eines fairen Ankaufspreises.<\/small>\n<\/div>\n<div class=\"col-12 col-md-6 text-center\">\n<i class=\"uak365icon far fa-handshake\"><\/i><br>\n<div class=\"ankaufschritte_title\">Angebot erhalten<\/div>\n<small>Wir unterbreiten Ihnen nach Erhalt der Informationen zur Uhr ein Angebot zum Ankauf. Offene Fragen kl\u00e4ren wir vorab.<\/small>\n<\/div>\n<\/div>\n\n\n<div class=\"row\">\n<div class=\"col-12 col-md-6 text-center\">\n<i class=\"uak365icon fas fa-truck-loading\"><\/i><br>\n<div class=\"ankaufschritte_title\">Uhr wird abgeholt<\/div>\n<small>Ein auf Werttransporte spezialisiertes Unternehmen holt die Uhr bei Ihnen ab. Mehr dazu erfahren Sie <a href=\"https:\/\/www.uhrenankauf365.de\/uhr-verkaufen\/ankauf-faq\/\">hier<\/a>.<\/small>\n<\/div>\n<div class=\"col-12 col-md-6 text-center\">\n<i class=\"uak365icon fas fa-euro-sign\"><\/i><br>\n<div class=\"ankaufschritte_title\">Geld erhalten<\/div>\n<small>Nach Pr\u00fcfung der Armbanduhr zahlen wir den vereinbarten Ankaufspreis zuverl\u00e4ssig und schnell auf Ihr Konto aus.\n<\/small>\n<\/div>\n<\/div>\n\n<\/div>\n\n\n\n<h2 class=\"wp-block-heading mt-5\">Sie m\u00f6chten Ihre Uhr in Linz verkaufen?<\/h2>\n\n\n\n<p>Da wir international im Uhrenankauf t\u00e4tig sind, holen wir Ihre Uhr auch gerne in Linz in Ober\u00f6sterreich ab. Wenn Sie zur Abwicklung noch Fragen haben, k\u00f6nnen Sie uns jederzeit gerne vorab kontaktieren oder unsere <a href=\"https:\/\/www.uhrenankauf365.de\/uhr-verkaufen\/ankauf-faq\/\">FAQ-Seite<\/a> zu Rate ziehen. Hier haben wir viele h\u00e4ufige Fragen zusammengefasst und liefern Ihnen die passenden Antworten.<\/p>\n\n\n\n<p><strong>Ihre Vorteile bei uns:<\/strong><\/p>\n\n\n\n<ul class=\"wp-block-list\">\n<li>\u00dcber 25 Jahre Erfahrung im Ankauf von Luxusuhren<\/li>\n\n\n\n<li>Seri\u00f6se, diskrete Abwicklung<\/li>\n\n\n\n<li>Faire, marktgerechte Preise<\/li>\n\n\n\n<li>Pers\u00f6nliche Erreichbarkeit f\u00fcr alle Angelegenheiten rund um den Uhrenankauf<\/li>\n\n\n\n<li>Schnelle Auszahlung auf Ihr Bankkonto<\/li>\n<\/ul>\n\n\n<div class=\"wp-bootstrap-blocks-container container mb-5 uak_heller_hintergrund_line_height_normal text-center p-4 mt-4\">\n\t\n\n<h3 class=\"wp-block-heading\" id=\"u1363-2\">Wir kaufen Luxusuhren!<\/h3>\n\n\n\n<p id=\"u1363-4\"><strong>Profitieren Sie&nbsp;von unserer jahrzehntelangen Erfahrung im Uhrenhandel!<\/strong><\/p>\n\n\n\n<p><a class=\"btn btn-primary btn-lg\" href=\"https:\/\/www.uhrenankauf365.de\/uhr-verkaufen\/ankaufsformular\/\">Zum Ankaufsformular<\/a><\/p>\n\n<\/div>\n\n\n\n<p><\/p>\n","protected":false},"excerpt":{"rendered":"<p>Sie suchen nach einer M\u00f6glichkeit, Ihre Luxusuhr seri\u00f6s und zu einem fairen Preis zu verkaufen? Nutzen Sie im Uhrenankauf Linz die M\u00f6glichkeit, das Ankaufsformular auszuf\u00fcllen und uns alle wichtigen Infos zu Ihrer Uhr zu \u00fcbermitteln. Wir sch\u00e4tzen innerhalb weniger Stunden den m\u00f6glichen Auszahlungsbetrag ein und melden uns bei Ihnen zur\u00fcck. Wir sind international vernetzt und [&hellip;]<\/p>\n","protected":false},"author":1,"featured_media":0,"parent":0,"menu_order":0,"comment_status":"closed","ping_status":"closed","template":"","meta":{"footnotes":""},"class_list":["post-2169","page","type-page","status-publish","hentry"],"yoast_head":"<!-- This site is optimized with the Yoast SEO plugin v27.3 - https:\/\/yoast.com\/product\/yoast-seo-wordpress\/ -->\n<title>Uhrenankauf Linz<\/title>\n<meta name=\"description\" content=\"Im Uhrenankauf Linz k\u00f6nnen Sie Ihre Luxusuhr zu fairen Konditionen verkaufen und eine schnelle Auszahlung erhalten. Seit 1998.\" \/>\n<meta name=\"robots\" content=\"index, follow, max-snippet:-1, max-image-preview:large, max-video-preview:-1\" \/>\n<link rel=\"canonical\" href=\"https:\/\/www.uhrenankauf365.de\/uhr-verkaufen\/uhrenankauf-linz\/\" \/>\n<meta property=\"og:locale\" content=\"de_DE\" \/>\n<meta property=\"og:type\" content=\"article\" \/>\n<meta property=\"og:title\" content=\"Uhrenankauf Linz\" \/>\n<meta property=\"og:description\" content=\"Im Uhrenankauf Linz k\u00f6nnen Sie Ihre Luxusuhr zu fairen Konditionen verkaufen und eine schnelle Auszahlung erhalten. Seit 1998.\" \/>\n<meta property=\"og:url\" content=\"https:\/\/www.uhrenankauf365.de\/uhr-verkaufen\/uhrenankauf-linz\/\" \/>\n<meta property=\"og:site_name\" content=\"Uhrenankauf 365\" \/>\n<meta property=\"article:modified_time\" content=\"2025-03-20T16:11:13+00:00\" \/>\n<meta property=\"og:image\" content=\"https:\/\/www.uhrenankauf365.de\/uhr-verkaufen\/wp-content\/uploads\/2025\/03\/uhrenankauf-linz-oesterreich.webp\" \/>\n\t<meta property=\"og:image:width\" content=\"1680\" \/>\n\t<meta property=\"og:image:height\" content=\"762\" \/>\n\t<meta property=\"og:image:type\" content=\"image\/webp\" \/>\n<meta name=\"twitter:card\" content=\"summary_large_image\" \/>\n<meta name=\"twitter:label1\" content=\"Gesch\u00e4tzte Lesezeit\" \/>\n\t<meta name=\"twitter:data1\" content=\"3\u00a0Minuten\" \/>\n<script type=\"application\/ld+json\" class=\"yoast-schema-graph\">{\"@context\":\"https:\\\/\\\/schema.org\",\"@graph\":[{\"@type\":\"WebPage\",\"@id\":\"https:\\\/\\\/www.uhrenankauf365.de\\\/uhr-verkaufen\\\/uhrenankauf-linz\\\/\",\"url\":\"https:\\\/\\\/www.uhrenankauf365.de\\\/uhr-verkaufen\\\/uhrenankauf-linz\\\/\",\"name\":\"Uhrenankauf Linz\",\"isPartOf\":{\"@id\":\"https:\\\/\\\/www.uhrenankauf365.de\\\/uhr-verkaufen\\\/#website\"},\"primaryImageOfPage\":{\"@id\":\"https:\\\/\\\/www.uhrenankauf365.de\\\/uhr-verkaufen\\\/uhrenankauf-linz\\\/#primaryimage\"},\"image\":{\"@id\":\"https:\\\/\\\/www.uhrenankauf365.de\\\/uhr-verkaufen\\\/uhrenankauf-linz\\\/#primaryimage\"},\"thumbnailUrl\":\"https:\\\/\\\/www.uhrenankauf365.de\\\/uhr-verkaufen\\\/wp-content\\\/uploads\\\/2025\\\/03\\\/uhrenankauf-linz-oesterreich-1024x464.webp\",\"datePublished\":\"2025-03-20T16:10:25+00:00\",\"dateModified\":\"2025-03-20T16:11:13+00:00\",\"description\":\"Im Uhrenankauf Linz k\u00f6nnen Sie Ihre Luxusuhr zu fairen Konditionen verkaufen und eine schnelle Auszahlung erhalten. Seit 1998.\",\"breadcrumb\":{\"@id\":\"https:\\\/\\\/www.uhrenankauf365.de\\\/uhr-verkaufen\\\/uhrenankauf-linz\\\/#breadcrumb\"},\"inLanguage\":\"de\",\"potentialAction\":[{\"@type\":\"ReadAction\",\"target\":[\"https:\\\/\\\/www.uhrenankauf365.de\\\/uhr-verkaufen\\\/uhrenankauf-linz\\\/\"]}]},{\"@type\":\"ImageObject\",\"inLanguage\":\"de\",\"@id\":\"https:\\\/\\\/www.uhrenankauf365.de\\\/uhr-verkaufen\\\/uhrenankauf-linz\\\/#primaryimage\",\"url\":\"https:\\\/\\\/www.uhrenankauf365.de\\\/uhr-verkaufen\\\/wp-content\\\/uploads\\\/2025\\\/03\\\/uhrenankauf-linz-oesterreich.webp\",\"contentUrl\":\"https:\\\/\\\/www.uhrenankauf365.de\\\/uhr-verkaufen\\\/wp-content\\\/uploads\\\/2025\\\/03\\\/uhrenankauf-linz-oesterreich.webp\",\"width\":1680,\"height\":762},{\"@type\":\"BreadcrumbList\",\"@id\":\"https:\\\/\\\/www.uhrenankauf365.de\\\/uhr-verkaufen\\\/uhrenankauf-linz\\\/#breadcrumb\",\"itemListElement\":[{\"@type\":\"ListItem\",\"position\":1,\"name\":\"Startseite\",\"item\":\"https:\\\/\\\/www.uhrenankauf365.de\\\/uhr-verkaufen\\\/\"},{\"@type\":\"ListItem\",\"position\":2,\"name\":\"Uhrenankauf Linz\"}]},{\"@type\":\"WebSite\",\"@id\":\"https:\\\/\\\/www.uhrenankauf365.de\\\/uhr-verkaufen\\\/#website\",\"url\":\"https:\\\/\\\/www.uhrenankauf365.de\\\/uhr-verkaufen\\\/\",\"name\":\"Uhrenankauf 365\",\"description\":\"Jetzt Ihre Luxusuhr verkaufen!\",\"publisher\":{\"@id\":\"https:\\\/\\\/www.uhrenankauf365.de\\\/uhr-verkaufen\\\/#organization\"},\"potentialAction\":[{\"@type\":\"SearchAction\",\"target\":{\"@type\":\"EntryPoint\",\"urlTemplate\":\"https:\\\/\\\/www.uhrenankauf365.de\\\/uhr-verkaufen\\\/?s={search_term_string}\"},\"query-input\":{\"@type\":\"PropertyValueSpecification\",\"valueRequired\":true,\"valueName\":\"search_term_string\"}}],\"inLanguage\":\"de\"},{\"@type\":\"Organization\",\"@id\":\"https:\\\/\\\/www.uhrenankauf365.de\\\/uhr-verkaufen\\\/#organization\",\"name\":\"uhrenankauf365.de, Anke Michels\",\"url\":\"https:\\\/\\\/www.uhrenankauf365.de\\\/uhr-verkaufen\\\/\",\"logo\":{\"@type\":\"ImageObject\",\"inLanguage\":\"de\",\"@id\":\"https:\\\/\\\/www.uhrenankauf365.de\\\/uhr-verkaufen\\\/#\\\/schema\\\/logo\\\/image\\\/\",\"url\":\"https:\\\/\\\/www.uhrenankauf365.de\\\/uhr-verkaufen\\\/wp-content\\\/uploads\\\/2020\\\/11\\\/logo_uhrenankauf.png\",\"contentUrl\":\"https:\\\/\\\/www.uhrenankauf365.de\\\/uhr-verkaufen\\\/wp-content\\\/uploads\\\/2020\\\/11\\\/logo_uhrenankauf.png\",\"width\":98,\"height\":100,\"caption\":\"uhrenankauf365.de, Anke Michels\"},\"image\":{\"@id\":\"https:\\\/\\\/www.uhrenankauf365.de\\\/uhr-verkaufen\\\/#\\\/schema\\\/logo\\\/image\\\/\"}}]}<\/script>\n<!-- \/ Yoast SEO plugin. -->","yoast_head_json":{"title":"Uhrenankauf Linz","description":"Im Uhrenankauf Linz k\u00f6nnen Sie Ihre Luxusuhr zu fairen Konditionen verkaufen und eine schnelle Auszahlung erhalten. Seit 1998.","robots":{"index":"index","follow":"follow","max-snippet":"max-snippet:-1","max-image-preview":"max-image-preview:large","max-video-preview":"max-video-preview:-1"},"canonical":"https:\/\/www.uhrenankauf365.de\/uhr-verkaufen\/uhrenankauf-linz\/","og_locale":"de_DE","og_type":"article","og_title":"Uhrenankauf Linz","og_description":"Im Uhrenankauf Linz k\u00f6nnen Sie Ihre Luxusuhr zu fairen Konditionen verkaufen und eine schnelle Auszahlung erhalten. Seit 1998.","og_url":"https:\/\/www.uhrenankauf365.de\/uhr-verkaufen\/uhrenankauf-linz\/","og_site_name":"Uhrenankauf 365","article_modified_time":"2025-03-20T16:11:13+00:00","og_image":[{"width":1680,"height":762,"url":"https:\/\/www.uhrenankauf365.de\/uhr-verkaufen\/wp-content\/uploads\/2025\/03\/uhrenankauf-linz-oesterreich.webp","type":"image\/webp"}],"twitter_card":"summary_large_image","twitter_misc":{"Gesch\u00e4tzte Lesezeit":"3\u00a0Minuten"},"schema":{"@context":"https:\/\/schema.org","@graph":[{"@type":"WebPage","@id":"https:\/\/www.uhrenankauf365.de\/uhr-verkaufen\/uhrenankauf-linz\/","url":"https:\/\/www.uhrenankauf365.de\/uhr-verkaufen\/uhrenankauf-linz\/","name":"Uhrenankauf Linz","isPartOf":{"@id":"https:\/\/www.uhrenankauf365.de\/uhr-verkaufen\/#website"},"primaryImageOfPage":{"@id":"https:\/\/www.uhrenankauf365.de\/uhr-verkaufen\/uhrenankauf-linz\/#primaryimage"},"image":{"@id":"https:\/\/www.uhrenankauf365.de\/uhr-verkaufen\/uhrenankauf-linz\/#primaryimage"},"thumbnailUrl":"https:\/\/www.uhrenankauf365.de\/uhr-verkaufen\/wp-content\/uploads\/2025\/03\/uhrenankauf-linz-oesterreich-1024x464.webp","datePublished":"2025-03-20T16:10:25+00:00","dateModified":"2025-03-20T16:11:13+00:00","description":"Im Uhrenankauf Linz k\u00f6nnen Sie Ihre Luxusuhr zu fairen Konditionen verkaufen und eine schnelle Auszahlung erhalten. Seit 1998.","breadcrumb":{"@id":"https:\/\/www.uhrenankauf365.de\/uhr-verkaufen\/uhrenankauf-linz\/#breadcrumb"},"inLanguage":"de","potentialAction":[{"@type":"ReadAction","target":["https:\/\/www.uhrenankauf365.de\/uhr-verkaufen\/uhrenankauf-linz\/"]}]},{"@type":"ImageObject","inLanguage":"de","@id":"https:\/\/www.uhrenankauf365.de\/uhr-verkaufen\/uhrenankauf-linz\/#primaryimage","url":"https:\/\/www.uhrenankauf365.de\/uhr-verkaufen\/wp-content\/uploads\/2025\/03\/uhrenankauf-linz-oesterreich.webp","contentUrl":"https:\/\/www.uhrenankauf365.de\/uhr-verkaufen\/wp-content\/uploads\/2025\/03\/uhrenankauf-linz-oesterreich.webp","width":1680,"height":762},{"@type":"BreadcrumbList","@id":"https:\/\/www.uhrenankauf365.de\/uhr-verkaufen\/uhrenankauf-linz\/#breadcrumb","itemListElement":[{"@type":"ListItem","position":1,"name":"Startseite","item":"https:\/\/www.uhrenankauf365.de\/uhr-verkaufen\/"},{"@type":"ListItem","position":2,"name":"Uhrenankauf Linz"}]},{"@type":"WebSite","@id":"https:\/\/www.uhrenankauf365.de\/uhr-verkaufen\/#website","url":"https:\/\/www.uhrenankauf365.de\/uhr-verkaufen\/","name":"Uhrenankauf 365","description":"Jetzt Ihre Luxusuhr verkaufen!","publisher":{"@id":"https:\/\/www.uhrenankauf365.de\/uhr-verkaufen\/#organization"},"potentialAction":[{"@type":"SearchAction","target":{"@type":"EntryPoint","urlTemplate":"https:\/\/www.uhrenankauf365.de\/uhr-verkaufen\/?s={search_term_string}"},"query-input":{"@type":"PropertyValueSpecification","valueRequired":true,"valueName":"search_term_string"}}],"inLanguage":"de"},{"@type":"Organization","@id":"https:\/\/www.uhrenankauf365.de\/uhr-verkaufen\/#organization","name":"uhrenankauf365.de, Anke Michels","url":"https:\/\/www.uhrenankauf365.de\/uhr-verkaufen\/","logo":{"@type":"ImageObject","inLanguage":"de","@id":"https:\/\/www.uhrenankauf365.de\/uhr-verkaufen\/#\/schema\/logo\/image\/","url":"https:\/\/www.uhrenankauf365.de\/uhr-verkaufen\/wp-content\/uploads\/2020\/11\/logo_uhrenankauf.png","contentUrl":"https:\/\/www.uhrenankauf365.de\/uhr-verkaufen\/wp-content\/uploads\/2020\/11\/logo_uhrenankauf.png","width":98,"height":100,"caption":"uhrenankauf365.de, Anke Michels"},"image":{"@id":"https:\/\/www.uhrenankauf365.de\/uhr-verkaufen\/#\/schema\/logo\/image\/"}}]}},"_links":{"self":[{"href":"https:\/\/www.uhrenankauf365.de\/uhr-verkaufen\/wp-json\/wp\/v2\/pages\/2169","targetHints":{"allow":["GET"]}}],"collection":[{"href":"https:\/\/www.uhrenankauf365.de\/uhr-verkaufen\/wp-json\/wp\/v2\/pages"}],"about":[{"href":"https:\/\/www.uhrenankauf365.de\/uhr-verkaufen\/wp-json\/wp\/v2\/types\/page"}],"author":[{"embeddable":true,"href":"https:\/\/www.uhrenankauf365.de\/uhr-verkaufen\/wp-json\/wp\/v2\/users\/1"}],"replies":[{"embeddable":true,"href":"https:\/\/www.uhrenankauf365.de\/uhr-verkaufen\/wp-json\/wp\/v2\/comments?post=2169"}],"version-history":[{"count":2,"href":"https:\/\/www.uhrenankauf365.de\/uhr-verkaufen\/wp-json\/wp\/v2\/pages\/2169\/revisions"}],"predecessor-version":[{"id":2172,"href":"https:\/\/www.uhrenankauf365.de\/uhr-verkaufen\/wp-json\/wp\/v2\/pages\/2169\/revisions\/2172"}],"wp:attachment":[{"href":"https:\/\/www.uhrenankauf365.de\/uhr-verkaufen\/wp-json\/wp\/v2\/media?parent=2169"}],"curies":[{"name":"wp","href":"https:\/\/api.w.org\/{rel}","templated":true}]}}