{"id":2127,"date":"2025-02-13T18:26:56","date_gmt":"2025-02-13T17:26:56","guid":{"rendered":"https:\/\/www.uhrenankauf365.de\/uhr-verkaufen\/?page_id=2127"},"modified":"2025-02-13T18:53:54","modified_gmt":"2025-02-13T17:53:54","slug":"lange-1-ankauf","status":"publish","type":"page","link":"https:\/\/www.uhrenankauf365.de\/uhr-verkaufen\/lange-1-ankauf\/","title":{"rendered":"Lange 1 Ankauf (A. Lange &amp; S\u00f6hne)"},"content":{"rendered":"\n<p>Wenn Sie eine gebrauchte Lange 1 Luxusuhr verkaufen m\u00f6chten, erwarten Sie im <strong>Lange 1 Ankauf<\/strong> faire Preise und schnelle Auszahlungen. Wir sind seit 1998 im Handel mit Luxusuhren t\u00e4tig und bieten eine schnelle Bewertung Ihrer Uhr durch unseren Uhrmachermeister.<\/p>\n\n\n\n<figure class=\"wp-block-image size-large\"><img loading=\"lazy\" decoding=\"async\" width=\"1024\" height=\"513\" src=\"https:\/\/www.uhrenankauf365.de\/uhr-verkaufen\/wp-content\/uploads\/2025\/02\/lange-1-ankauf-1024x513.webp\" alt=\"Foto eines Lange 1 Ankaufs mit Original-Dokumenten und Original-Box\" class=\"wp-image-2128\" srcset=\"https:\/\/www.uhrenankauf365.de\/uhr-verkaufen\/wp-content\/uploads\/2025\/02\/lange-1-ankauf-1024x513.webp 1024w, https:\/\/www.uhrenankauf365.de\/uhr-verkaufen\/wp-content\/uploads\/2025\/02\/lange-1-ankauf-300x150.webp 300w, https:\/\/www.uhrenankauf365.de\/uhr-verkaufen\/wp-content\/uploads\/2025\/02\/lange-1-ankauf-768x384.webp 768w, https:\/\/www.uhrenankauf365.de\/uhr-verkaufen\/wp-content\/uploads\/2025\/02\/lange-1-ankauf-1536x769.webp 1536w, https:\/\/www.uhrenankauf365.de\/uhr-verkaufen\/wp-content\/uploads\/2025\/02\/lange-1-ankauf.webp 1600w\" sizes=\"auto, (max-width: 1024px) 100vw, 1024px\" \/><\/figure>\n\n\n\n<h2 class=\"wp-block-heading mt-5\">Die Lange 1 von A. Lange &amp; S\u00f6hne: Eine Ikone der Uhrmacherkunst<\/h2>\n\n\n\n<p class=\"my-4\">Die Lange 1 von A. Lange &amp; S\u00f6hne ist mehr als nur eine <a href=\"https:\/\/www.nobeluhren-store.de\/\">Luxusuhr<\/a> \u2013 sie ist ein Symbol f\u00fcr deutsche Pr\u00e4zision, Handwerkskunst und zeitloses Design. Seit ihrer Einf\u00fchrung im Jahr 1994 hat sie sich zu einer der bekanntesten und begehrtesten Uhren weltweit entwickelt. Das merken wir sowohl im Ankauf als auch im Verkauf. Die Lange 1 ist und bleibt begehrt und wertstabil. Erfahren Sie \u00fcber unser <a href=\"https:\/\/www.uhrenankauf365.de\/uhr-verkaufen\/ankaufsformular\/\">Ankaufsformular<\/a>, wieviele wir Ihnen f\u00fcr Ihre Uhr auszahlen k\u00f6nnen.<\/p>\n\n\n\n<div class=\"container p-4 uak_heller_hintergrund\">\n<div class=\"row mb-4\">\n<div class=\"col-12 col-md-6 text-center\">\n<i class=\"uak365icon fas fa-file-alt\"><\/i><br>\n<div class=\"ankaufschritte_title\">Formular ausf\u00fcllen<\/div>\n<small>Das <a href=\"https:\/\/www.uhrenankauf365.de\/uhr-verkaufen\/ankaufsformular\/\" title=\"Ankaufsformular Uhren\">Ankaufsformular<\/a> erfasst alle wichtigen Angaben zur Armbanduhr, die Sie verkaufen m\u00f6chten und erleichtert die Ermittlung eines fairen Ankaufspreises.<\/small>\n<\/div>\n<div class=\"col-12 col-md-6 text-center\">\n<i class=\"uak365icon far fa-handshake\"><\/i><br>\n<div class=\"ankaufschritte_title\">Angebot erhalten<\/div>\n<small>Wir unterbreiten Ihnen nach Erhalt der Informationen zur Uhr ein Angebot zum Ankauf. Offene Fragen kl\u00e4ren wir vorab.<\/small>\n<\/div>\n<\/div>\n\n\n<div class=\"row\">\n<div class=\"col-12 col-md-6 text-center\">\n<i class=\"uak365icon fas fa-truck-loading\"><\/i><br>\n<div class=\"ankaufschritte_title\">Uhr wird abgeholt<\/div>\n<small>Ein auf Werttransporte spezialisiertes Unternehmen holt die Uhr bei Ihnen ab. Mehr dazu erfahren Sie <a href=\"https:\/\/www.uhrenankauf365.de\/uhr-verkaufen\/ankauf-faq\/\">hier<\/a>.<\/small>\n<\/div>\n<div class=\"col-12 col-md-6 text-center\">\n<i class=\"uak365icon fas fa-euro-sign\"><\/i><br>\n<div class=\"ankaufschritte_title\">Geld erhalten<\/div>\n<small>Nach Pr\u00fcfung der Armbanduhr zahlen wir den vereinbarten Ankaufspreis zuverl\u00e4ssig und schnell auf Ihr Konto aus.\n<\/small>\n<\/div>\n<\/div>\n\n<\/div>\n\n\n\n<p class=\"has-text-align-center mt-5 has-very-light-gray-to-cyan-bluish-gray-gradient-background has-background\" style=\"font-size:24px\">Auch andere Uhren von <a href=\"https:\/\/www.uhrenankauf365.de\/uhr-verkaufen\/a_lange_und_soehne\/\">A. Lange &amp; S\u00f6hne<\/a> sind im Uhrenankauf f\u00fcr uns interessant! Bieten Sie uns gerne mehrere Uhren an.<\/p>\n\n\n\n<h2 class=\"wp-block-heading mt-5\">Harmonisch und zeitlos<\/h2>\n\n\n\n<div class=\"wp-block-columns is-layout-flex wp-container-core-columns-is-layout-9d6595d7 wp-block-columns-is-layout-flex\">\n<div class=\"wp-block-column is-layout-flow wp-block-column-is-layout-flow\">\n<p>Das auff\u00e4lligste Merkmal der Lange 1 ist ihr asymmetrisches, aber perfekt ausbalanciertes Zifferblattdesign. Die dezentrale Anordnung von Stunden-, Minuten- und Sekundenanzeige sowie das markante Gro\u00dfdatum verleihen der Uhr eine unverwechselbare \u00c4sthetik. Diese Gestaltung folgt den Prinzipien des <a href=\"https:\/\/de.wikipedia.org\/wiki\/Goldener_Schnitt\" target=\"_blank\" rel=\"noreferrer noopener\">Goldenen Schnitts<\/a>, was f\u00fcr eine harmonische und zeitlose Optik sorgt.<\/p>\n\n\n\n<p>Das Gro\u00dfdatum der Lange 1 ist nicht nur ein \u00e4sthetisches Highlight, sondern auch eine technische Meisterleistung. Inspiriert von der historischen F\u00fcnfminutenuhr der Dresdner Semperoper, erm\u00f6glicht es eine klare und einfache Ablesbarkeit des Datums \u2013 ohne Lupe oder zus\u00e4tzliche Hilfsmittel. Der Mechanismus dahinter ist so komplex wie ein Ewiger Kalender, was die Innovationskraft der Marke unterstreicht<\/p>\n<\/div>\n\n\n\n<div class=\"wp-block-column is-layout-flow wp-block-column-is-layout-flow\">\n<figure class=\"wp-block-image size-large\"><img loading=\"lazy\" decoding=\"async\" width=\"1024\" height=\"695\" src=\"https:\/\/www.uhrenankauf365.de\/uhr-verkaufen\/wp-content\/uploads\/2025\/02\/a_lange_und_soehne_limited_lange_1_zifferblatt-1024x695.webp\" alt=\"Zifferblatt der Lange 1 (hier: 704.025 limited Lange 1 Tourbillon Platin)\" class=\"wp-image-2129\" srcset=\"https:\/\/www.uhrenankauf365.de\/uhr-verkaufen\/wp-content\/uploads\/2025\/02\/a_lange_und_soehne_limited_lange_1_zifferblatt-1024x695.webp 1024w, https:\/\/www.uhrenankauf365.de\/uhr-verkaufen\/wp-content\/uploads\/2025\/02\/a_lange_und_soehne_limited_lange_1_zifferblatt-300x204.webp 300w, https:\/\/www.uhrenankauf365.de\/uhr-verkaufen\/wp-content\/uploads\/2025\/02\/a_lange_und_soehne_limited_lange_1_zifferblatt-768x521.webp 768w, https:\/\/www.uhrenankauf365.de\/uhr-verkaufen\/wp-content\/uploads\/2025\/02\/a_lange_und_soehne_limited_lange_1_zifferblatt-1536x1043.webp 1536w, https:\/\/www.uhrenankauf365.de\/uhr-verkaufen\/wp-content\/uploads\/2025\/02\/a_lange_und_soehne_limited_lange_1_zifferblatt.webp 2000w\" sizes=\"auto, (max-width: 1024px) 100vw, 1024px\" \/><\/figure>\n<\/div>\n<\/div>\n\n\n<div class=\"wp-bootstrap-blocks-container container mb-5 uak_heller_hintergrund_line_height_normal text-center p-4 mt-4\">\n\t\n\n<h3 class=\"wp-block-heading\" id=\"u1363-2\">Wir kaufen Luxusuhren!<\/h3>\n\n\n\n<p id=\"u1363-4\"><strong>Profitieren Sie&nbsp;von unserer jahrzehntelangen Erfahrung im Uhrenhandel!<\/strong><\/p>\n\n\n\n<p><a class=\"btn btn-primary btn-lg\" href=\"https:\/\/www.uhrenankauf365.de\/uhr-verkaufen\/ankaufsformular\/\">Zum Ankaufsformular<\/a><\/p>\n\n<\/div>\n\n\n\n<h2 class=\"wp-block-heading\">Feinste Uhrmacherkunst<\/h2>\n\n\n\n<div class=\"wp-block-columns is-layout-flex wp-container-core-columns-is-layout-9d6595d7 wp-block-columns-is-layout-flex\">\n<div class=\"wp-block-column is-layout-flow wp-block-column-is-layout-flow\">\n<p>Jede Lange 1 wird in aufwendiger Handarbeit gefertigt und dekoriert. Von den anglierten Kanten bis hin zu den polierten Oberfl\u00e4chen zeigt jedes Detail die Hingabe der Uhrmacher zur Perfektion. Diese Liebe zum Detail macht die Lange 1 nicht nur zu einem Zeitmesser, sondern zu einem Kunstwerk. Genauer: Einem wertstabilen Kunstwerk. Dank ihrer handwerklichen Qualit\u00e4t und ihres ikonischen Designs hat sich die Lange 1 als wertbest\u00e4ndige Investition etabliert. Besonders limitierte Editionen oder Modelle aus Edelmetallen wie Platin oder Rotgold sind bei Sammlern und in unserem Uhrenankauf \u00e4u\u00dferst begehrt!<\/p>\n\n\n<div class=\"wp-bootstrap-blocks-button\">\n\t<a\n\t\thref=\"https:\/\/www.uhrenankauf365.de\/uhr-verkaufen\/ankaufsformular\/\"\n\t\t\t\t\t\tclass=\"btn btn-primary\"\n\t>\n\t\tLange 1 jetzt verkaufen!\t<\/a>\n<\/div>\n<\/div>\n\n\n\n<div class=\"wp-block-column is-layout-flow wp-block-column-is-layout-flow\">\n<figure class=\"wp-block-image size-large\"><img loading=\"lazy\" decoding=\"async\" width=\"1024\" height=\"681\" src=\"https:\/\/www.uhrenankauf365.de\/uhr-verkaufen\/wp-content\/uploads\/2025\/02\/lange-1-ankauf-mit-zertifikaten-1024x681.webp\" alt=\"Lange 1 goldene Luxusuhr von hinten\" class=\"wp-image-2144\" srcset=\"https:\/\/www.uhrenankauf365.de\/uhr-verkaufen\/wp-content\/uploads\/2025\/02\/lange-1-ankauf-mit-zertifikaten-1024x681.webp 1024w, https:\/\/www.uhrenankauf365.de\/uhr-verkaufen\/wp-content\/uploads\/2025\/02\/lange-1-ankauf-mit-zertifikaten-300x200.webp 300w, https:\/\/www.uhrenankauf365.de\/uhr-verkaufen\/wp-content\/uploads\/2025\/02\/lange-1-ankauf-mit-zertifikaten-768x511.webp 768w, https:\/\/www.uhrenankauf365.de\/uhr-verkaufen\/wp-content\/uploads\/2025\/02\/lange-1-ankauf-mit-zertifikaten-1536x1022.webp 1536w, https:\/\/www.uhrenankauf365.de\/uhr-verkaufen\/wp-content\/uploads\/2025\/02\/lange-1-ankauf-mit-zertifikaten.webp 2000w\" sizes=\"auto, (max-width: 1024px) 100vw, 1024px\" \/><\/figure>\n<\/div>\n<\/div>\n\n\n\n<p><\/p>\n\n\n\n<p><\/p>\n","protected":false},"excerpt":{"rendered":"<p>Wenn Sie eine gebrauchte Lange 1 Luxusuhr verkaufen m\u00f6chten, erwarten Sie im Lange 1 Ankauf faire Preise und schnelle Auszahlungen. Wir sind seit 1998 im Handel mit Luxusuhren t\u00e4tig und bieten eine schnelle Bewertung Ihrer Uhr durch unseren Uhrmachermeister. Die Lange 1 von A. Lange &amp; S\u00f6hne: Eine Ikone der Uhrmacherkunst Die Lange 1 von [&hellip;]<\/p>\n","protected":false},"author":1,"featured_media":0,"parent":0,"menu_order":0,"comment_status":"closed","ping_status":"closed","template":"","meta":{"footnotes":""},"class_list":["post-2127","page","type-page","status-publish","hentry"],"yoast_head":"<!-- This site is optimized with the Yoast SEO plugin v27.3 - https:\/\/yoast.com\/product\/yoast-seo-wordpress\/ -->\n<title>A. Lange &amp; S\u00f6hne Lange 1 Ankauf<\/title>\n<meta name=\"description\" content=\"Lange 1 verkaufen? Im Uhrenankauf k\u00f6nnen Sie jetzt Ihre Lange 1 anbieten und eine faire, schnelle Auszahlung erhalten.\" \/>\n<meta name=\"robots\" content=\"index, follow, max-snippet:-1, max-image-preview:large, max-video-preview:-1\" \/>\n<link rel=\"canonical\" href=\"https:\/\/www.uhrenankauf365.de\/uhr-verkaufen\/lange-1-ankauf\/\" \/>\n<meta property=\"og:locale\" content=\"de_DE\" \/>\n<meta property=\"og:type\" content=\"article\" \/>\n<meta property=\"og:title\" content=\"A. Lange &amp; S\u00f6hne Lange 1 Ankauf\" \/>\n<meta property=\"og:description\" content=\"Lange 1 verkaufen? Im Uhrenankauf k\u00f6nnen Sie jetzt Ihre Lange 1 anbieten und eine faire, schnelle Auszahlung erhalten.\" \/>\n<meta property=\"og:url\" content=\"https:\/\/www.uhrenankauf365.de\/uhr-verkaufen\/lange-1-ankauf\/\" \/>\n<meta property=\"og:site_name\" content=\"Uhrenankauf 365\" \/>\n<meta property=\"article:modified_time\" content=\"2025-02-13T17:53:54+00:00\" \/>\n<meta property=\"og:image\" content=\"https:\/\/www.uhrenankauf365.de\/uhr-verkaufen\/wp-content\/uploads\/2025\/02\/lange-1-ankauf.webp\" \/>\n\t<meta property=\"og:image:width\" content=\"1600\" \/>\n\t<meta property=\"og:image:height\" content=\"801\" \/>\n\t<meta property=\"og:image:type\" content=\"image\/webp\" \/>\n<meta name=\"twitter:card\" content=\"summary_large_image\" \/>\n<meta name=\"twitter:label1\" content=\"Gesch\u00e4tzte Lesezeit\" \/>\n\t<meta name=\"twitter:data1\" content=\"3\u00a0Minuten\" \/>\n<script type=\"application\/ld+json\" class=\"yoast-schema-graph\">{\"@context\":\"https:\\\/\\\/schema.org\",\"@graph\":[{\"@type\":\"WebPage\",\"@id\":\"https:\\\/\\\/www.uhrenankauf365.de\\\/uhr-verkaufen\\\/lange-1-ankauf\\\/\",\"url\":\"https:\\\/\\\/www.uhrenankauf365.de\\\/uhr-verkaufen\\\/lange-1-ankauf\\\/\",\"name\":\"A. Lange & S\u00f6hne Lange 1 Ankauf\",\"isPartOf\":{\"@id\":\"https:\\\/\\\/www.uhrenankauf365.de\\\/uhr-verkaufen\\\/#website\"},\"primaryImageOfPage\":{\"@id\":\"https:\\\/\\\/www.uhrenankauf365.de\\\/uhr-verkaufen\\\/lange-1-ankauf\\\/#primaryimage\"},\"image\":{\"@id\":\"https:\\\/\\\/www.uhrenankauf365.de\\\/uhr-verkaufen\\\/lange-1-ankauf\\\/#primaryimage\"},\"thumbnailUrl\":\"https:\\\/\\\/www.uhrenankauf365.de\\\/uhr-verkaufen\\\/wp-content\\\/uploads\\\/2025\\\/02\\\/lange-1-ankauf-1024x513.webp\",\"datePublished\":\"2025-02-13T17:26:56+00:00\",\"dateModified\":\"2025-02-13T17:53:54+00:00\",\"description\":\"Lange 1 verkaufen? Im Uhrenankauf k\u00f6nnen Sie jetzt Ihre Lange 1 anbieten und eine faire, schnelle Auszahlung erhalten.\",\"breadcrumb\":{\"@id\":\"https:\\\/\\\/www.uhrenankauf365.de\\\/uhr-verkaufen\\\/lange-1-ankauf\\\/#breadcrumb\"},\"inLanguage\":\"de\",\"potentialAction\":[{\"@type\":\"ReadAction\",\"target\":[\"https:\\\/\\\/www.uhrenankauf365.de\\\/uhr-verkaufen\\\/lange-1-ankauf\\\/\"]}]},{\"@type\":\"ImageObject\",\"inLanguage\":\"de\",\"@id\":\"https:\\\/\\\/www.uhrenankauf365.de\\\/uhr-verkaufen\\\/lange-1-ankauf\\\/#primaryimage\",\"url\":\"https:\\\/\\\/www.uhrenankauf365.de\\\/uhr-verkaufen\\\/wp-content\\\/uploads\\\/2025\\\/02\\\/lange-1-ankauf.webp\",\"contentUrl\":\"https:\\\/\\\/www.uhrenankauf365.de\\\/uhr-verkaufen\\\/wp-content\\\/uploads\\\/2025\\\/02\\\/lange-1-ankauf.webp\",\"width\":1600,\"height\":801},{\"@type\":\"BreadcrumbList\",\"@id\":\"https:\\\/\\\/www.uhrenankauf365.de\\\/uhr-verkaufen\\\/lange-1-ankauf\\\/#breadcrumb\",\"itemListElement\":[{\"@type\":\"ListItem\",\"position\":1,\"name\":\"Startseite\",\"item\":\"https:\\\/\\\/www.uhrenankauf365.de\\\/uhr-verkaufen\\\/\"},{\"@type\":\"ListItem\",\"position\":2,\"name\":\"Lange 1 Ankauf (A. Lange &amp; S\u00f6hne)\"}]},{\"@type\":\"WebSite\",\"@id\":\"https:\\\/\\\/www.uhrenankauf365.de\\\/uhr-verkaufen\\\/#website\",\"url\":\"https:\\\/\\\/www.uhrenankauf365.de\\\/uhr-verkaufen\\\/\",\"name\":\"Uhrenankauf 365\",\"description\":\"Jetzt Ihre Luxusuhr verkaufen!\",\"publisher\":{\"@id\":\"https:\\\/\\\/www.uhrenankauf365.de\\\/uhr-verkaufen\\\/#organization\"},\"potentialAction\":[{\"@type\":\"SearchAction\",\"target\":{\"@type\":\"EntryPoint\",\"urlTemplate\":\"https:\\\/\\\/www.uhrenankauf365.de\\\/uhr-verkaufen\\\/?s={search_term_string}\"},\"query-input\":{\"@type\":\"PropertyValueSpecification\",\"valueRequired\":true,\"valueName\":\"search_term_string\"}}],\"inLanguage\":\"de\"},{\"@type\":\"Organization\",\"@id\":\"https:\\\/\\\/www.uhrenankauf365.de\\\/uhr-verkaufen\\\/#organization\",\"name\":\"uhrenankauf365.de, Anke Michels\",\"url\":\"https:\\\/\\\/www.uhrenankauf365.de\\\/uhr-verkaufen\\\/\",\"logo\":{\"@type\":\"ImageObject\",\"inLanguage\":\"de\",\"@id\":\"https:\\\/\\\/www.uhrenankauf365.de\\\/uhr-verkaufen\\\/#\\\/schema\\\/logo\\\/image\\\/\",\"url\":\"https:\\\/\\\/www.uhrenankauf365.de\\\/uhr-verkaufen\\\/wp-content\\\/uploads\\\/2020\\\/11\\\/logo_uhrenankauf.png\",\"contentUrl\":\"https:\\\/\\\/www.uhrenankauf365.de\\\/uhr-verkaufen\\\/wp-content\\\/uploads\\\/2020\\\/11\\\/logo_uhrenankauf.png\",\"width\":98,\"height\":100,\"caption\":\"uhrenankauf365.de, Anke Michels\"},\"image\":{\"@id\":\"https:\\\/\\\/www.uhrenankauf365.de\\\/uhr-verkaufen\\\/#\\\/schema\\\/logo\\\/image\\\/\"}}]}<\/script>\n<!-- \/ Yoast SEO plugin. -->","yoast_head_json":{"title":"A. Lange & S\u00f6hne Lange 1 Ankauf","description":"Lange 1 verkaufen? Im Uhrenankauf k\u00f6nnen Sie jetzt Ihre Lange 1 anbieten und eine faire, schnelle Auszahlung erhalten.","robots":{"index":"index","follow":"follow","max-snippet":"max-snippet:-1","max-image-preview":"max-image-preview:large","max-video-preview":"max-video-preview:-1"},"canonical":"https:\/\/www.uhrenankauf365.de\/uhr-verkaufen\/lange-1-ankauf\/","og_locale":"de_DE","og_type":"article","og_title":"A. Lange & S\u00f6hne Lange 1 Ankauf","og_description":"Lange 1 verkaufen? Im Uhrenankauf k\u00f6nnen Sie jetzt Ihre Lange 1 anbieten und eine faire, schnelle Auszahlung erhalten.","og_url":"https:\/\/www.uhrenankauf365.de\/uhr-verkaufen\/lange-1-ankauf\/","og_site_name":"Uhrenankauf 365","article_modified_time":"2025-02-13T17:53:54+00:00","og_image":[{"width":1600,"height":801,"url":"https:\/\/www.uhrenankauf365.de\/uhr-verkaufen\/wp-content\/uploads\/2025\/02\/lange-1-ankauf.webp","type":"image\/webp"}],"twitter_card":"summary_large_image","twitter_misc":{"Gesch\u00e4tzte Lesezeit":"3\u00a0Minuten"},"schema":{"@context":"https:\/\/schema.org","@graph":[{"@type":"WebPage","@id":"https:\/\/www.uhrenankauf365.de\/uhr-verkaufen\/lange-1-ankauf\/","url":"https:\/\/www.uhrenankauf365.de\/uhr-verkaufen\/lange-1-ankauf\/","name":"A. Lange & S\u00f6hne Lange 1 Ankauf","isPartOf":{"@id":"https:\/\/www.uhrenankauf365.de\/uhr-verkaufen\/#website"},"primaryImageOfPage":{"@id":"https:\/\/www.uhrenankauf365.de\/uhr-verkaufen\/lange-1-ankauf\/#primaryimage"},"image":{"@id":"https:\/\/www.uhrenankauf365.de\/uhr-verkaufen\/lange-1-ankauf\/#primaryimage"},"thumbnailUrl":"https:\/\/www.uhrenankauf365.de\/uhr-verkaufen\/wp-content\/uploads\/2025\/02\/lange-1-ankauf-1024x513.webp","datePublished":"2025-02-13T17:26:56+00:00","dateModified":"2025-02-13T17:53:54+00:00","description":"Lange 1 verkaufen? Im Uhrenankauf k\u00f6nnen Sie jetzt Ihre Lange 1 anbieten und eine faire, schnelle Auszahlung erhalten.","breadcrumb":{"@id":"https:\/\/www.uhrenankauf365.de\/uhr-verkaufen\/lange-1-ankauf\/#breadcrumb"},"inLanguage":"de","potentialAction":[{"@type":"ReadAction","target":["https:\/\/www.uhrenankauf365.de\/uhr-verkaufen\/lange-1-ankauf\/"]}]},{"@type":"ImageObject","inLanguage":"de","@id":"https:\/\/www.uhrenankauf365.de\/uhr-verkaufen\/lange-1-ankauf\/#primaryimage","url":"https:\/\/www.uhrenankauf365.de\/uhr-verkaufen\/wp-content\/uploads\/2025\/02\/lange-1-ankauf.webp","contentUrl":"https:\/\/www.uhrenankauf365.de\/uhr-verkaufen\/wp-content\/uploads\/2025\/02\/lange-1-ankauf.webp","width":1600,"height":801},{"@type":"BreadcrumbList","@id":"https:\/\/www.uhrenankauf365.de\/uhr-verkaufen\/lange-1-ankauf\/#breadcrumb","itemListElement":[{"@type":"ListItem","position":1,"name":"Startseite","item":"https:\/\/www.uhrenankauf365.de\/uhr-verkaufen\/"},{"@type":"ListItem","position":2,"name":"Lange 1 Ankauf (A. Lange &amp; S\u00f6hne)"}]},{"@type":"WebSite","@id":"https:\/\/www.uhrenankauf365.de\/uhr-verkaufen\/#website","url":"https:\/\/www.uhrenankauf365.de\/uhr-verkaufen\/","name":"Uhrenankauf 365","description":"Jetzt Ihre Luxusuhr verkaufen!","publisher":{"@id":"https:\/\/www.uhrenankauf365.de\/uhr-verkaufen\/#organization"},"potentialAction":[{"@type":"SearchAction","target":{"@type":"EntryPoint","urlTemplate":"https:\/\/www.uhrenankauf365.de\/uhr-verkaufen\/?s={search_term_string}"},"query-input":{"@type":"PropertyValueSpecification","valueRequired":true,"valueName":"search_term_string"}}],"inLanguage":"de"},{"@type":"Organization","@id":"https:\/\/www.uhrenankauf365.de\/uhr-verkaufen\/#organization","name":"uhrenankauf365.de, Anke Michels","url":"https:\/\/www.uhrenankauf365.de\/uhr-verkaufen\/","logo":{"@type":"ImageObject","inLanguage":"de","@id":"https:\/\/www.uhrenankauf365.de\/uhr-verkaufen\/#\/schema\/logo\/image\/","url":"https:\/\/www.uhrenankauf365.de\/uhr-verkaufen\/wp-content\/uploads\/2020\/11\/logo_uhrenankauf.png","contentUrl":"https:\/\/www.uhrenankauf365.de\/uhr-verkaufen\/wp-content\/uploads\/2020\/11\/logo_uhrenankauf.png","width":98,"height":100,"caption":"uhrenankauf365.de, Anke Michels"},"image":{"@id":"https:\/\/www.uhrenankauf365.de\/uhr-verkaufen\/#\/schema\/logo\/image\/"}}]}},"_links":{"self":[{"href":"https:\/\/www.uhrenankauf365.de\/uhr-verkaufen\/wp-json\/wp\/v2\/pages\/2127","targetHints":{"allow":["GET"]}}],"collection":[{"href":"https:\/\/www.uhrenankauf365.de\/uhr-verkaufen\/wp-json\/wp\/v2\/pages"}],"about":[{"href":"https:\/\/www.uhrenankauf365.de\/uhr-verkaufen\/wp-json\/wp\/v2\/types\/page"}],"author":[{"embeddable":true,"href":"https:\/\/www.uhrenankauf365.de\/uhr-verkaufen\/wp-json\/wp\/v2\/users\/1"}],"replies":[{"embeddable":true,"href":"https:\/\/www.uhrenankauf365.de\/uhr-verkaufen\/wp-json\/wp\/v2\/comments?post=2127"}],"version-history":[{"count":17,"href":"https:\/\/www.uhrenankauf365.de\/uhr-verkaufen\/wp-json\/wp\/v2\/pages\/2127\/revisions"}],"predecessor-version":[{"id":2150,"href":"https:\/\/www.uhrenankauf365.de\/uhr-verkaufen\/wp-json\/wp\/v2\/pages\/2127\/revisions\/2150"}],"wp:attachment":[{"href":"https:\/\/www.uhrenankauf365.de\/uhr-verkaufen\/wp-json\/wp\/v2\/media?parent=2127"}],"curies":[{"name":"wp","href":"https:\/\/api.w.org\/{rel}","templated":true}]}}