{"id":2107,"date":"2025-01-27T18:06:49","date_gmt":"2025-01-27T17:06:49","guid":{"rendered":"https:\/\/www.uhrenankauf365.de\/uhr-verkaufen\/?page_id=2107"},"modified":"2025-01-27T18:11:43","modified_gmt":"2025-01-27T17:11:43","slug":"jaeger-lecoultre-reverso","status":"publish","type":"page","link":"https:\/\/www.uhrenankauf365.de\/uhr-verkaufen\/jaeger-lecoultre-reverso\/","title":{"rendered":"Uhrenankauf Jaeger-LeCoultre Reverso"},"content":{"rendered":"\n<p>Die Luxusuhr Reverso von Jaeger-LeCoultre ist im Uhrenankauf sehr beliebt. Mit ihrem drehbaren (englisch &#8222;reverse&#8220; = umdrehen) Geh\u00e4use ist sie eine sehr spezielle <a href=\"https:\/\/www.nobeluhren-store.de\/\">Luxusuhr<\/a>, die seit 1931 bei Sammlern sehr beliebt ist. M\u00f6chten Sie eine <strong>Jaeger-LeCoultre Reverso<\/strong> verkaufen? Nutzen Sie gerne unser <a href=\"https:\/\/www.uhrenankauf365.de\/uhr-verkaufen\/ankaufsformular\/\">Ankaufsformular<\/a>, um uns die Uhr zur Pr\u00fcfung vorzustellen.<\/p>\n\n\n\n<p><\/p>\n\n\n\n<div class=\"wp-block-columns is-layout-flex wp-container-core-columns-is-layout-9d6595d7 wp-block-columns-is-layout-flex\">\n<div class=\"wp-block-column is-layout-flow wp-block-column-is-layout-flow\">\n<figure class=\"wp-block-image size-large\"><img loading=\"lazy\" decoding=\"async\" width=\"951\" height=\"1024\" src=\"https:\/\/www.uhrenankauf365.de\/uhr-verkaufen\/wp-content\/uploads\/2025\/01\/jaeger_lecoultre_reverso_ankauf-951x1024.webp\" alt=\"Foto einer Reverso in zwei Varianten\" class=\"wp-image-2108\" srcset=\"https:\/\/www.uhrenankauf365.de\/uhr-verkaufen\/wp-content\/uploads\/2025\/01\/jaeger_lecoultre_reverso_ankauf-951x1024.webp 951w, https:\/\/www.uhrenankauf365.de\/uhr-verkaufen\/wp-content\/uploads\/2025\/01\/jaeger_lecoultre_reverso_ankauf-279x300.webp 279w, https:\/\/www.uhrenankauf365.de\/uhr-verkaufen\/wp-content\/uploads\/2025\/01\/jaeger_lecoultre_reverso_ankauf-768x827.webp 768w, https:\/\/www.uhrenankauf365.de\/uhr-verkaufen\/wp-content\/uploads\/2025\/01\/jaeger_lecoultre_reverso_ankauf.webp 1000w\" sizes=\"auto, (max-width: 951px) 100vw, 951px\" \/><\/figure>\n<\/div>\n\n\n\n<div class=\"wp-block-column is-layout-flow wp-block-column-is-layout-flow\">\n<p>Jaeger-LeCoultre ist bekannt f\u00fcr seine hochqualitative Uhrmacherkunst, und die Reverso vereint diese Tradition mit technischem Einfallsreichtum. Jede Uhr wird mit gro\u00dfer Pr\u00e4zision und Liebe zum Detail gefertigt.<\/p>\n\n\n\n<p>Das Geh\u00e4use der Reverso l\u00e4sst sich um 180\u00b0 drehen, sodass die R\u00fcckseite der Uhr nach vorne zeigt. Urspr\u00fcnglich wurde dies \u00fcbrigens entworfen, um das empfindliche Zifferblatt beim Polo-spielen vor St\u00f6\u00dfen und Kratzern zu sch\u00fctzen.<\/p>\n\n\n\n<p>Die R\u00fcckseite des Geh\u00e4uses bietet Platz f\u00fcr Gravuren, Emaille-Arbeiten oder andere individuelle Anpassungen, was sie zu einem sehr pers\u00f6nlichen St\u00fcck macht.<\/p>\n\n\n\n<p>Die Reverso ist in verschiedenen Gr\u00f6\u00dfen, Materialien (Stahl, Gold, Platin), und Komplikationen erh\u00e4ltlich, darunter Modelle mit Doppelseitig-Zifferbl\u00e4ttern, Mondphasen, Tourbillons und mehr. Nachdem wir Ihre Angaben erhalten haben, erhalten Sie in der Regel innerhalb weniger Stunden eine Einsch\u00e4tzung der m\u00f6glichen Auszahlungssumme.<\/p>\n\n\n<div class=\"wp-bootstrap-blocks-button\">\n\t<a\n\t\thref=\"https:\/\/www.uhrenankauf365.de\/uhr-verkaufen\/ankaufsformular\/\"\n\t\t\t\t\t\tclass=\"btn btn-primary\"\n\t>\n\t\tUhr jetzt verkaufen!\t<\/a>\n<\/div>\n<\/div>\n<\/div>\n\n\n\n<div class=\"container p-4 uak_heller_hintergrund\">\n<div class=\"row mb-4\">\n<div class=\"col-12 col-md-6 text-center\">\n<i class=\"uak365icon fas fa-file-alt\"><\/i><br>\n<div class=\"ankaufschritte_title\">Formular ausf\u00fcllen<\/div>\n<small>Das <a href=\"https:\/\/www.uhrenankauf365.de\/uhr-verkaufen\/ankaufsformular\/\" title=\"Ankaufsformular Uhren\">Ankaufsformular<\/a> erfasst alle wichtigen Angaben zur Armbanduhr, die Sie verkaufen m\u00f6chten und erleichtert die Ermittlung eines fairen Ankaufspreises.<\/small>\n<\/div>\n<div class=\"col-12 col-md-6 text-center\">\n<i class=\"uak365icon far fa-handshake\"><\/i><br>\n<div class=\"ankaufschritte_title\">Angebot erhalten<\/div>\n<small>Wir unterbreiten Ihnen nach Erhalt der Informationen zur Uhr ein Angebot zum Ankauf. Offene Fragen kl\u00e4ren wir vorab.<\/small>\n<\/div>\n<\/div>\n\n\n<div class=\"row\">\n<div class=\"col-12 col-md-6 text-center\">\n<i class=\"uak365icon fas fa-truck-loading\"><\/i><br>\n<div class=\"ankaufschritte_title\">Uhr wird abgeholt<\/div>\n<small>Ein auf Werttransporte spezialisiertes Unternehmen holt die Uhr bei Ihnen ab. Mehr dazu erfahren Sie <a href=\"https:\/\/www.uhrenankauf365.de\/uhr-verkaufen\/ankauf-faq\/\">hier<\/a>.<\/small>\n<\/div>\n<div class=\"col-12 col-md-6 text-center\">\n<i class=\"uak365icon fas fa-euro-sign\"><\/i><br>\n<div class=\"ankaufschritte_title\">Geld erhalten<\/div>\n<small>Nach Pr\u00fcfung der Armbanduhr zahlen wir den vereinbarten Ankaufspreis zuverl\u00e4ssig und schnell auf Ihr Konto aus.\n<\/small>\n<\/div>\n<\/div>\n\n<\/div>\n","protected":false},"excerpt":{"rendered":"<p>Die Luxusuhr Reverso von Jaeger-LeCoultre ist im Uhrenankauf sehr beliebt. Mit ihrem drehbaren (englisch &#8222;reverse&#8220; = umdrehen) Geh\u00e4use ist sie eine sehr spezielle Luxusuhr, die seit 1931 bei Sammlern sehr beliebt ist. M\u00f6chten Sie eine Jaeger-LeCoultre Reverso verkaufen? Nutzen Sie gerne unser Ankaufsformular, um uns die Uhr zur Pr\u00fcfung vorzustellen. Jaeger-LeCoultre ist bekannt f\u00fcr seine [&hellip;]<\/p>\n","protected":false},"author":1,"featured_media":0,"parent":0,"menu_order":0,"comment_status":"closed","ping_status":"closed","template":"","meta":{"footnotes":""},"class_list":["post-2107","page","type-page","status-publish","hentry"],"yoast_head":"<!-- This site is optimized with the Yoast SEO plugin v27.3 - https:\/\/yoast.com\/product\/yoast-seo-wordpress\/ -->\n<title>Uhrenankauf Jaeger-LeCoultre Reverso<\/title>\n<meta name=\"description\" content=\"Sie m\u00f6chten eine Jaeger-LeCoultre Reverso verkaufen? Wir zahlen fair und schnell f\u00fcr gebrauchte Luxusuhren. Seit 1998.\" \/>\n<meta name=\"robots\" content=\"index, follow, max-snippet:-1, max-image-preview:large, max-video-preview:-1\" \/>\n<link rel=\"canonical\" href=\"https:\/\/www.uhrenankauf365.de\/uhr-verkaufen\/jaeger-lecoultre-reverso\/\" \/>\n<meta property=\"og:locale\" content=\"de_DE\" \/>\n<meta property=\"og:type\" content=\"article\" \/>\n<meta property=\"og:title\" content=\"Uhrenankauf Jaeger-LeCoultre Reverso\" \/>\n<meta property=\"og:description\" content=\"Sie m\u00f6chten eine Jaeger-LeCoultre Reverso verkaufen? Wir zahlen fair und schnell f\u00fcr gebrauchte Luxusuhren. Seit 1998.\" \/>\n<meta property=\"og:url\" content=\"https:\/\/www.uhrenankauf365.de\/uhr-verkaufen\/jaeger-lecoultre-reverso\/\" \/>\n<meta property=\"og:site_name\" content=\"Uhrenankauf 365\" \/>\n<meta property=\"article:modified_time\" content=\"2025-01-27T17:11:43+00:00\" \/>\n<meta property=\"og:image\" content=\"https:\/\/www.uhrenankauf365.de\/uhr-verkaufen\/wp-content\/uploads\/2025\/01\/jaeger_lecoultre_reverso_ankauf.webp\" \/>\n\t<meta property=\"og:image:width\" content=\"1000\" \/>\n\t<meta property=\"og:image:height\" content=\"1077\" \/>\n\t<meta property=\"og:image:type\" content=\"image\/webp\" \/>\n<meta name=\"twitter:card\" content=\"summary_large_image\" \/>\n<meta name=\"twitter:label1\" content=\"Gesch\u00e4tzte Lesezeit\" \/>\n\t<meta name=\"twitter:data1\" content=\"2\u00a0Minuten\" \/>\n<script type=\"application\/ld+json\" class=\"yoast-schema-graph\">{\"@context\":\"https:\\\/\\\/schema.org\",\"@graph\":[{\"@type\":\"WebPage\",\"@id\":\"https:\\\/\\\/www.uhrenankauf365.de\\\/uhr-verkaufen\\\/jaeger-lecoultre-reverso\\\/\",\"url\":\"https:\\\/\\\/www.uhrenankauf365.de\\\/uhr-verkaufen\\\/jaeger-lecoultre-reverso\\\/\",\"name\":\"Uhrenankauf Jaeger-LeCoultre Reverso\",\"isPartOf\":{\"@id\":\"https:\\\/\\\/www.uhrenankauf365.de\\\/uhr-verkaufen\\\/#website\"},\"primaryImageOfPage\":{\"@id\":\"https:\\\/\\\/www.uhrenankauf365.de\\\/uhr-verkaufen\\\/jaeger-lecoultre-reverso\\\/#primaryimage\"},\"image\":{\"@id\":\"https:\\\/\\\/www.uhrenankauf365.de\\\/uhr-verkaufen\\\/jaeger-lecoultre-reverso\\\/#primaryimage\"},\"thumbnailUrl\":\"https:\\\/\\\/www.uhrenankauf365.de\\\/uhr-verkaufen\\\/wp-content\\\/uploads\\\/2025\\\/01\\\/jaeger_lecoultre_reverso_ankauf-951x1024.webp\",\"datePublished\":\"2025-01-27T17:06:49+00:00\",\"dateModified\":\"2025-01-27T17:11:43+00:00\",\"description\":\"Sie m\u00f6chten eine Jaeger-LeCoultre Reverso verkaufen? Wir zahlen fair und schnell f\u00fcr gebrauchte Luxusuhren. Seit 1998.\",\"breadcrumb\":{\"@id\":\"https:\\\/\\\/www.uhrenankauf365.de\\\/uhr-verkaufen\\\/jaeger-lecoultre-reverso\\\/#breadcrumb\"},\"inLanguage\":\"de\",\"potentialAction\":[{\"@type\":\"ReadAction\",\"target\":[\"https:\\\/\\\/www.uhrenankauf365.de\\\/uhr-verkaufen\\\/jaeger-lecoultre-reverso\\\/\"]}]},{\"@type\":\"ImageObject\",\"inLanguage\":\"de\",\"@id\":\"https:\\\/\\\/www.uhrenankauf365.de\\\/uhr-verkaufen\\\/jaeger-lecoultre-reverso\\\/#primaryimage\",\"url\":\"https:\\\/\\\/www.uhrenankauf365.de\\\/uhr-verkaufen\\\/wp-content\\\/uploads\\\/2025\\\/01\\\/jaeger_lecoultre_reverso_ankauf.webp\",\"contentUrl\":\"https:\\\/\\\/www.uhrenankauf365.de\\\/uhr-verkaufen\\\/wp-content\\\/uploads\\\/2025\\\/01\\\/jaeger_lecoultre_reverso_ankauf.webp\",\"width\":1000,\"height\":1077},{\"@type\":\"BreadcrumbList\",\"@id\":\"https:\\\/\\\/www.uhrenankauf365.de\\\/uhr-verkaufen\\\/jaeger-lecoultre-reverso\\\/#breadcrumb\",\"itemListElement\":[{\"@type\":\"ListItem\",\"position\":1,\"name\":\"Startseite\",\"item\":\"https:\\\/\\\/www.uhrenankauf365.de\\\/uhr-verkaufen\\\/\"},{\"@type\":\"ListItem\",\"position\":2,\"name\":\"Uhrenankauf Jaeger-LeCoultre Reverso\"}]},{\"@type\":\"WebSite\",\"@id\":\"https:\\\/\\\/www.uhrenankauf365.de\\\/uhr-verkaufen\\\/#website\",\"url\":\"https:\\\/\\\/www.uhrenankauf365.de\\\/uhr-verkaufen\\\/\",\"name\":\"Uhrenankauf 365\",\"description\":\"Jetzt Ihre Luxusuhr verkaufen!\",\"publisher\":{\"@id\":\"https:\\\/\\\/www.uhrenankauf365.de\\\/uhr-verkaufen\\\/#organization\"},\"potentialAction\":[{\"@type\":\"SearchAction\",\"target\":{\"@type\":\"EntryPoint\",\"urlTemplate\":\"https:\\\/\\\/www.uhrenankauf365.de\\\/uhr-verkaufen\\\/?s={search_term_string}\"},\"query-input\":{\"@type\":\"PropertyValueSpecification\",\"valueRequired\":true,\"valueName\":\"search_term_string\"}}],\"inLanguage\":\"de\"},{\"@type\":\"Organization\",\"@id\":\"https:\\\/\\\/www.uhrenankauf365.de\\\/uhr-verkaufen\\\/#organization\",\"name\":\"uhrenankauf365.de, Anke Michels\",\"url\":\"https:\\\/\\\/www.uhrenankauf365.de\\\/uhr-verkaufen\\\/\",\"logo\":{\"@type\":\"ImageObject\",\"inLanguage\":\"de\",\"@id\":\"https:\\\/\\\/www.uhrenankauf365.de\\\/uhr-verkaufen\\\/#\\\/schema\\\/logo\\\/image\\\/\",\"url\":\"https:\\\/\\\/www.uhrenankauf365.de\\\/uhr-verkaufen\\\/wp-content\\\/uploads\\\/2020\\\/11\\\/logo_uhrenankauf.png\",\"contentUrl\":\"https:\\\/\\\/www.uhrenankauf365.de\\\/uhr-verkaufen\\\/wp-content\\\/uploads\\\/2020\\\/11\\\/logo_uhrenankauf.png\",\"width\":98,\"height\":100,\"caption\":\"uhrenankauf365.de, Anke Michels\"},\"image\":{\"@id\":\"https:\\\/\\\/www.uhrenankauf365.de\\\/uhr-verkaufen\\\/#\\\/schema\\\/logo\\\/image\\\/\"}}]}<\/script>\n<!-- \/ Yoast SEO plugin. -->","yoast_head_json":{"title":"Uhrenankauf Jaeger-LeCoultre Reverso","description":"Sie m\u00f6chten eine Jaeger-LeCoultre Reverso verkaufen? Wir zahlen fair und schnell f\u00fcr gebrauchte Luxusuhren. Seit 1998.","robots":{"index":"index","follow":"follow","max-snippet":"max-snippet:-1","max-image-preview":"max-image-preview:large","max-video-preview":"max-video-preview:-1"},"canonical":"https:\/\/www.uhrenankauf365.de\/uhr-verkaufen\/jaeger-lecoultre-reverso\/","og_locale":"de_DE","og_type":"article","og_title":"Uhrenankauf Jaeger-LeCoultre Reverso","og_description":"Sie m\u00f6chten eine Jaeger-LeCoultre Reverso verkaufen? Wir zahlen fair und schnell f\u00fcr gebrauchte Luxusuhren. Seit 1998.","og_url":"https:\/\/www.uhrenankauf365.de\/uhr-verkaufen\/jaeger-lecoultre-reverso\/","og_site_name":"Uhrenankauf 365","article_modified_time":"2025-01-27T17:11:43+00:00","og_image":[{"width":1000,"height":1077,"url":"https:\/\/www.uhrenankauf365.de\/uhr-verkaufen\/wp-content\/uploads\/2025\/01\/jaeger_lecoultre_reverso_ankauf.webp","type":"image\/webp"}],"twitter_card":"summary_large_image","twitter_misc":{"Gesch\u00e4tzte Lesezeit":"2\u00a0Minuten"},"schema":{"@context":"https:\/\/schema.org","@graph":[{"@type":"WebPage","@id":"https:\/\/www.uhrenankauf365.de\/uhr-verkaufen\/jaeger-lecoultre-reverso\/","url":"https:\/\/www.uhrenankauf365.de\/uhr-verkaufen\/jaeger-lecoultre-reverso\/","name":"Uhrenankauf Jaeger-LeCoultre Reverso","isPartOf":{"@id":"https:\/\/www.uhrenankauf365.de\/uhr-verkaufen\/#website"},"primaryImageOfPage":{"@id":"https:\/\/www.uhrenankauf365.de\/uhr-verkaufen\/jaeger-lecoultre-reverso\/#primaryimage"},"image":{"@id":"https:\/\/www.uhrenankauf365.de\/uhr-verkaufen\/jaeger-lecoultre-reverso\/#primaryimage"},"thumbnailUrl":"https:\/\/www.uhrenankauf365.de\/uhr-verkaufen\/wp-content\/uploads\/2025\/01\/jaeger_lecoultre_reverso_ankauf-951x1024.webp","datePublished":"2025-01-27T17:06:49+00:00","dateModified":"2025-01-27T17:11:43+00:00","description":"Sie m\u00f6chten eine Jaeger-LeCoultre Reverso verkaufen? Wir zahlen fair und schnell f\u00fcr gebrauchte Luxusuhren. Seit 1998.","breadcrumb":{"@id":"https:\/\/www.uhrenankauf365.de\/uhr-verkaufen\/jaeger-lecoultre-reverso\/#breadcrumb"},"inLanguage":"de","potentialAction":[{"@type":"ReadAction","target":["https:\/\/www.uhrenankauf365.de\/uhr-verkaufen\/jaeger-lecoultre-reverso\/"]}]},{"@type":"ImageObject","inLanguage":"de","@id":"https:\/\/www.uhrenankauf365.de\/uhr-verkaufen\/jaeger-lecoultre-reverso\/#primaryimage","url":"https:\/\/www.uhrenankauf365.de\/uhr-verkaufen\/wp-content\/uploads\/2025\/01\/jaeger_lecoultre_reverso_ankauf.webp","contentUrl":"https:\/\/www.uhrenankauf365.de\/uhr-verkaufen\/wp-content\/uploads\/2025\/01\/jaeger_lecoultre_reverso_ankauf.webp","width":1000,"height":1077},{"@type":"BreadcrumbList","@id":"https:\/\/www.uhrenankauf365.de\/uhr-verkaufen\/jaeger-lecoultre-reverso\/#breadcrumb","itemListElement":[{"@type":"ListItem","position":1,"name":"Startseite","item":"https:\/\/www.uhrenankauf365.de\/uhr-verkaufen\/"},{"@type":"ListItem","position":2,"name":"Uhrenankauf Jaeger-LeCoultre Reverso"}]},{"@type":"WebSite","@id":"https:\/\/www.uhrenankauf365.de\/uhr-verkaufen\/#website","url":"https:\/\/www.uhrenankauf365.de\/uhr-verkaufen\/","name":"Uhrenankauf 365","description":"Jetzt Ihre Luxusuhr verkaufen!","publisher":{"@id":"https:\/\/www.uhrenankauf365.de\/uhr-verkaufen\/#organization"},"potentialAction":[{"@type":"SearchAction","target":{"@type":"EntryPoint","urlTemplate":"https:\/\/www.uhrenankauf365.de\/uhr-verkaufen\/?s={search_term_string}"},"query-input":{"@type":"PropertyValueSpecification","valueRequired":true,"valueName":"search_term_string"}}],"inLanguage":"de"},{"@type":"Organization","@id":"https:\/\/www.uhrenankauf365.de\/uhr-verkaufen\/#organization","name":"uhrenankauf365.de, Anke Michels","url":"https:\/\/www.uhrenankauf365.de\/uhr-verkaufen\/","logo":{"@type":"ImageObject","inLanguage":"de","@id":"https:\/\/www.uhrenankauf365.de\/uhr-verkaufen\/#\/schema\/logo\/image\/","url":"https:\/\/www.uhrenankauf365.de\/uhr-verkaufen\/wp-content\/uploads\/2020\/11\/logo_uhrenankauf.png","contentUrl":"https:\/\/www.uhrenankauf365.de\/uhr-verkaufen\/wp-content\/uploads\/2020\/11\/logo_uhrenankauf.png","width":98,"height":100,"caption":"uhrenankauf365.de, Anke Michels"},"image":{"@id":"https:\/\/www.uhrenankauf365.de\/uhr-verkaufen\/#\/schema\/logo\/image\/"}}]}},"_links":{"self":[{"href":"https:\/\/www.uhrenankauf365.de\/uhr-verkaufen\/wp-json\/wp\/v2\/pages\/2107","targetHints":{"allow":["GET"]}}],"collection":[{"href":"https:\/\/www.uhrenankauf365.de\/uhr-verkaufen\/wp-json\/wp\/v2\/pages"}],"about":[{"href":"https:\/\/www.uhrenankauf365.de\/uhr-verkaufen\/wp-json\/wp\/v2\/types\/page"}],"author":[{"embeddable":true,"href":"https:\/\/www.uhrenankauf365.de\/uhr-verkaufen\/wp-json\/wp\/v2\/users\/1"}],"replies":[{"embeddable":true,"href":"https:\/\/www.uhrenankauf365.de\/uhr-verkaufen\/wp-json\/wp\/v2\/comments?post=2107"}],"version-history":[{"count":5,"href":"https:\/\/www.uhrenankauf365.de\/uhr-verkaufen\/wp-json\/wp\/v2\/pages\/2107\/revisions"}],"predecessor-version":[{"id":2114,"href":"https:\/\/www.uhrenankauf365.de\/uhr-verkaufen\/wp-json\/wp\/v2\/pages\/2107\/revisions\/2114"}],"wp:attachment":[{"href":"https:\/\/www.uhrenankauf365.de\/uhr-verkaufen\/wp-json\/wp\/v2\/media?parent=2107"}],"curies":[{"name":"wp","href":"https:\/\/api.w.org\/{rel}","templated":true}]}}