{"id":2091,"date":"2025-01-22T14:59:36","date_gmt":"2025-01-22T13:59:36","guid":{"rendered":"https:\/\/www.uhrenankauf365.de\/uhr-verkaufen\/?page_id=2091"},"modified":"2025-01-22T15:06:45","modified_gmt":"2025-01-22T14:06:45","slug":"ankauf-von-cartier-panthere-luxusuhren","status":"publish","type":"page","link":"https:\/\/www.uhrenankauf365.de\/uhr-verkaufen\/ankauf-von-cartier-panthere-luxusuhren\/","title":{"rendered":"Ankauf von Cartier Panth\u00e8re Luxusuhren"},"content":{"rendered":"\n<p>Sie m\u00f6chten Ihre Cartier Panth\u00e8re Luxusuhr verkaufen? Im Uhren Ankauf f\u00fcr Cartier bieten wir Ihnen faire Auszahlungen f\u00fcr gebrauchte, gut erhaltene Uhren. Nutzen Sie also gerne unser <a href=\"https:\/\/www.uhrenankauf365.de\/uhr-verkaufen\/ankaufsformular\/\">Ankaufsformular<\/a>, um Ihre Cartier Panthere samt Fotos und wichtiger Angaben an uns zur Pr\u00fcfung zu senden. <\/p>\n\n\n\n<div class=\"container p-4 uak_heller_hintergrund\">\n<div class=\"row mb-4\">\n<div class=\"col-12 col-md-6 text-center\">\n<i class=\"uak365icon fas fa-file-alt\"><\/i><br>\n<div class=\"ankaufschritte_title\">Formular ausf\u00fcllen<\/div>\n<small>Das <a href=\"https:\/\/www.uhrenankauf365.de\/uhr-verkaufen\/ankaufsformular\/\" title=\"Ankaufsformular Uhren\">Ankaufsformular<\/a> erfasst alle wichtigen Angaben zur Armbanduhr, die Sie verkaufen m\u00f6chten und erleichtert die Ermittlung eines fairen Ankaufspreises.<\/small>\n<\/div>\n<div class=\"col-12 col-md-6 text-center\">\n<i class=\"uak365icon far fa-handshake\"><\/i><br>\n<div class=\"ankaufschritte_title\">Angebot erhalten<\/div>\n<small>Wir unterbreiten Ihnen nach Erhalt der Informationen zur Uhr ein Angebot zum Ankauf. Offene Fragen kl\u00e4ren wir vorab.<\/small>\n<\/div>\n<\/div>\n\n\n<div class=\"row\">\n<div class=\"col-12 col-md-6 text-center\">\n<i class=\"uak365icon fas fa-truck-loading\"><\/i><br>\n<div class=\"ankaufschritte_title\">Uhr wird abgeholt<\/div>\n<small>Ein auf Werttransporte spezialisiertes Unternehmen holt die Uhr bei Ihnen ab. Mehr dazu erfahren Sie <a href=\"https:\/\/www.uhrenankauf365.de\/uhr-verkaufen\/ankauf-faq\/\">hier<\/a>.<\/small>\n<\/div>\n<div class=\"col-12 col-md-6 text-center\">\n<i class=\"uak365icon fas fa-euro-sign\"><\/i><br>\n<div class=\"ankaufschritte_title\">Geld erhalten<\/div>\n<small>Nach Pr\u00fcfung der Armbanduhr zahlen wir den vereinbarten Ankaufspreis zuverl\u00e4ssig und schnell auf Ihr Konto aus.\n<\/small>\n<\/div>\n<\/div>\n\n<\/div>\n\n\n\n<div class=\"wp-block-columns mt-4 is-layout-flex wp-container-core-columns-is-layout-9d6595d7 wp-block-columns-is-layout-flex\">\n<div class=\"wp-block-column is-layout-flow wp-block-column-is-layout-flow\">\n<p>Die Cartier Panth\u00e8re geh\u00f6rt zur Klasse der Luxusuhren und ist bei vielen Uhrensammlern sehr beliebt. Weil wir seit 1998 im Handel mit solchen Uhren t\u00e4tig sind, k\u00f6nnen Sie sich auf eine realistische Einsch\u00e4tzung des Uhrenwertes verlassen. Wir zahlen fair und schnell und beantworten selbstverst\u00e4ndlich alle Fragen zum Uhrenankauf vorab. Z\u00f6gern Sie bitte nicht, uns <a href=\"https:\/\/www.uhrenankauf365.de\/uhr-verkaufen\/kontakt\/\">jederzeit zu kontaktieren<\/a>, wenn Sie Fragen haben!<\/p>\n\n\n\n<p>Eine Cartier Panth\u00e8re Uhr ist f\u00fcr ihren eleganten, luxuri\u00f6sen und zeitlosen Stil bekannt. Sie zeichnet sich durch bestimmte Designelemente aus, die sie von anderen Uhren abheben:<\/p>\n<\/div>\n\n\n\n<div class=\"wp-block-column is-layout-flow wp-block-column-is-layout-flow\">\n<figure class=\"wp-block-image size-full\"><img loading=\"lazy\" decoding=\"async\" width=\"640\" height=\"480\" src=\"https:\/\/www.uhrenankauf365.de\/uhr-verkaufen\/wp-content\/uploads\/2025\/01\/cartier_panthere.jpg\" alt=\"Cartier Panthere mit Original-Box und Unterlagen aus einem Uhrenankauf\" class=\"wp-image-2092\" srcset=\"https:\/\/www.uhrenankauf365.de\/uhr-verkaufen\/wp-content\/uploads\/2025\/01\/cartier_panthere.jpg 640w, https:\/\/www.uhrenankauf365.de\/uhr-verkaufen\/wp-content\/uploads\/2025\/01\/cartier_panthere-300x225.jpg 300w\" sizes=\"auto, (max-width: 640px) 100vw, 640px\" \/><\/figure>\n<\/div>\n<\/div>\n\n\n\n<h2 class=\"wp-block-heading\">Typische Merkmale einer Cartiere Panth\u00e8re<\/h2>\n\n\n\n<ol class=\"wp-block-list\">\n<li><strong>Panther-Motiv<\/strong>: Das ber\u00fchmte Panther-Motiv ist ein markantes Merkmal der Kollektion. Es wird oft als Symbol f\u00fcr Eleganz, St\u00e4rke und Unabh\u00e4ngigkeit verwendet. Das Panther-Motiv kann auf dem Zifferblatt, dem Armband oder in Form von Schmuckelementen auftreten.<\/li>\n\n\n\n<li><strong>Quadratisches oder rechteckiges Geh\u00e4use<\/strong>: Viele Panth\u00e8re-Uhren haben ein markantes, kantiges Geh\u00e4use, das oft quadratisch oder rechteckig ist, was f\u00fcr ein modernes, aber dennoch klassisches Design sorgt.<\/li>\n\n\n\n<li><strong>Armband<\/strong>: Das Armband der Panth\u00e8re-Uhr ist oft aus Metall (z.B. Edelstahl oder 18 Karat Gold) und hat eine raffinierte Gliederstruktur, die einen eleganten, fast \u201earmreifen\u00e4hnlichen\u201c Look vermittelt. Es ist weich und flexibel und sorgt f\u00fcr eine bequeme Passform.<\/li>\n\n\n\n<li><strong>Zifferblatt<\/strong>: Das Zifferblatt ist typischerweise schlicht und elegant, oft mit r\u00f6mischen Ziffern und blauen &#8222;B\u00e2ton&#8220;-Zeigern (den spitzen Zeigern aus Stahl).<\/li>\n\n\n\n<li><strong>Luxuri\u00f6se Materialien<\/strong>: Cartier verwendet f\u00fcr die Panth\u00e8re-Kollektion hochwertige Materialien, wie Gold, Edelstahl, Diamanten und Saphirglas.<\/li>\n\n\n\n<li><strong>Symbolik und Heritage<\/strong>: Die Panth\u00e8re-Kollektion ist tief mit der Geschichte und dem Erbe von Cartier verbunden, da sie nach dem Panther des &#8222;Panth\u00e8re de Cartier&#8220;-Schmuckst\u00fccks benannt ist, das seit den 1910er Jahren eine Ikone des Hauses darstellt.<\/li>\n<\/ol>\n\n\n\n<p><\/p>\n\n\n\n<div class=\"wp-block-columns is-layout-flex wp-container-core-columns-is-layout-9d6595d7 wp-block-columns-is-layout-flex\">\n<div class=\"wp-block-column is-layout-flow wp-block-column-is-layout-flow\">\n<figure class=\"wp-block-image size-full\"><img loading=\"lazy\" decoding=\"async\" width=\"640\" height=\"480\" src=\"https:\/\/www.uhrenankauf365.de\/uhr-verkaufen\/wp-content\/uploads\/2025\/01\/ankauf_uhren_cartier_panthere.jpg\" alt=\"\" class=\"wp-image-2093\" srcset=\"https:\/\/www.uhrenankauf365.de\/uhr-verkaufen\/wp-content\/uploads\/2025\/01\/ankauf_uhren_cartier_panthere.jpg 640w, https:\/\/www.uhrenankauf365.de\/uhr-verkaufen\/wp-content\/uploads\/2025\/01\/ankauf_uhren_cartier_panthere-300x225.jpg 300w\" sizes=\"auto, (max-width: 640px) 100vw, 640px\" \/><\/figure>\n<\/div>\n\n\n\n<div class=\"wp-block-column is-layout-flow wp-block-column-is-layout-flow\">\n<p>Alles in allem kombiniert die Cartier Panth\u00e8re eine femininen, stilvollen und gleichzeitig robusten Charakter, so dass sie ideal f\u00fcr jemanden ist, der <a href=\"https:\/\/www.nobeluhren-store.de\/\">Luxusuhren<\/a> mit modernem Design sch\u00e4tzt.<\/p>\n\n\n\n<p>Haben Sie eine solche Uhr in Ihrem Besitz und suchen nach einem seri\u00f6sen Ank\u00e4ufer? Dann machen wir Ihnen gerne ein Angebot f\u00fcr Ihre Uhr.<\/p>\n\n\n\n<p>Auch <a href=\"https:\/\/www.uhrenankauf365.de\/uhr-verkaufen\/rolex\/\">Rolex<\/a>, <a href=\"https:\/\/www.uhrenankauf365.de\/uhr-verkaufen\/patek_philippe\/\">Patek Philippe<\/a>, <a href=\"https:\/\/www.uhrenankauf365.de\/uhr-verkaufen\/audemars_piguet\/\">Audemars Piguet<\/a> und weitere Luxusmarken kaufen wir an.<\/p>\n\n\n<div class=\"wp-bootstrap-blocks-button\">\n\t<a\n\t\thref=\"https:\/\/www.uhrenankauf365.de\/uhr-verkaufen\/ankaufsformular\/\"\n\t\t\t\t\t\tclass=\"btn btn-primary\"\n\t>\n\t\tUhrenwert jetzt erfahren\t<\/a>\n<\/div>\n<\/div>\n<\/div>\n","protected":false},"excerpt":{"rendered":"<p>Sie m\u00f6chten Ihre Cartier Panth\u00e8re Luxusuhr verkaufen? Im Uhren Ankauf f\u00fcr Cartier bieten wir Ihnen faire Auszahlungen f\u00fcr gebrauchte, gut erhaltene Uhren. Nutzen Sie also gerne unser Ankaufsformular, um Ihre Cartier Panthere samt Fotos und wichtiger Angaben an uns zur Pr\u00fcfung zu senden. Die Cartier Panth\u00e8re geh\u00f6rt zur Klasse der Luxusuhren und ist bei vielen [&hellip;]<\/p>\n","protected":false},"author":1,"featured_media":0,"parent":0,"menu_order":0,"comment_status":"closed","ping_status":"closed","template":"","meta":{"footnotes":""},"class_list":["post-2091","page","type-page","status-publish","hentry"],"yoast_head":"<!-- This site is optimized with the Yoast SEO plugin v27.3 - https:\/\/yoast.com\/product\/yoast-seo-wordpress\/ -->\n<title>Cartier Panthere Uhrenankauf<\/title>\n<meta name=\"description\" content=\"Wir kaufen Cartier Panthere Luxusuhren und zahlen fair und schnell auf Ihr Bankkonto aus. Jetzt das Ankaufsformular ausf\u00fcllen!\" \/>\n<meta name=\"robots\" content=\"index, follow, max-snippet:-1, max-image-preview:large, max-video-preview:-1\" \/>\n<link rel=\"canonical\" href=\"https:\/\/www.uhrenankauf365.de\/uhr-verkaufen\/ankauf-von-cartier-panthere-luxusuhren\/\" \/>\n<meta property=\"og:locale\" content=\"de_DE\" \/>\n<meta property=\"og:type\" content=\"article\" \/>\n<meta property=\"og:title\" content=\"Cartier Panthere Uhrenankauf\" \/>\n<meta property=\"og:description\" content=\"Wir kaufen Cartier Panthere Luxusuhren und zahlen fair und schnell auf Ihr Bankkonto aus. Jetzt das Ankaufsformular ausf\u00fcllen!\" \/>\n<meta property=\"og:url\" content=\"https:\/\/www.uhrenankauf365.de\/uhr-verkaufen\/ankauf-von-cartier-panthere-luxusuhren\/\" \/>\n<meta property=\"og:site_name\" content=\"Uhrenankauf 365\" \/>\n<meta property=\"article:modified_time\" content=\"2025-01-22T14:06:45+00:00\" \/>\n<meta property=\"og:image\" content=\"https:\/\/www.uhrenankauf365.de\/uhr-verkaufen\/wp-content\/uploads\/2025\/01\/cartier_panthere.jpg\" \/>\n\t<meta property=\"og:image:width\" content=\"640\" \/>\n\t<meta property=\"og:image:height\" content=\"480\" \/>\n\t<meta property=\"og:image:type\" content=\"image\/jpeg\" \/>\n<meta name=\"twitter:card\" content=\"summary_large_image\" \/>\n<meta name=\"twitter:label1\" content=\"Gesch\u00e4tzte Lesezeit\" \/>\n\t<meta name=\"twitter:data1\" content=\"4\u00a0Minuten\" \/>\n<script type=\"application\/ld+json\" class=\"yoast-schema-graph\">{\"@context\":\"https:\\\/\\\/schema.org\",\"@graph\":[{\"@type\":\"WebPage\",\"@id\":\"https:\\\/\\\/www.uhrenankauf365.de\\\/uhr-verkaufen\\\/ankauf-von-cartier-panthere-luxusuhren\\\/\",\"url\":\"https:\\\/\\\/www.uhrenankauf365.de\\\/uhr-verkaufen\\\/ankauf-von-cartier-panthere-luxusuhren\\\/\",\"name\":\"Cartier Panthere Uhrenankauf\",\"isPartOf\":{\"@id\":\"https:\\\/\\\/www.uhrenankauf365.de\\\/uhr-verkaufen\\\/#website\"},\"primaryImageOfPage\":{\"@id\":\"https:\\\/\\\/www.uhrenankauf365.de\\\/uhr-verkaufen\\\/ankauf-von-cartier-panthere-luxusuhren\\\/#primaryimage\"},\"image\":{\"@id\":\"https:\\\/\\\/www.uhrenankauf365.de\\\/uhr-verkaufen\\\/ankauf-von-cartier-panthere-luxusuhren\\\/#primaryimage\"},\"thumbnailUrl\":\"https:\\\/\\\/www.uhrenankauf365.de\\\/uhr-verkaufen\\\/wp-content\\\/uploads\\\/2025\\\/01\\\/cartier_panthere.jpg\",\"datePublished\":\"2025-01-22T13:59:36+00:00\",\"dateModified\":\"2025-01-22T14:06:45+00:00\",\"description\":\"Wir kaufen Cartier Panthere Luxusuhren und zahlen fair und schnell auf Ihr Bankkonto aus. Jetzt das Ankaufsformular ausf\u00fcllen!\",\"breadcrumb\":{\"@id\":\"https:\\\/\\\/www.uhrenankauf365.de\\\/uhr-verkaufen\\\/ankauf-von-cartier-panthere-luxusuhren\\\/#breadcrumb\"},\"inLanguage\":\"de\",\"potentialAction\":[{\"@type\":\"ReadAction\",\"target\":[\"https:\\\/\\\/www.uhrenankauf365.de\\\/uhr-verkaufen\\\/ankauf-von-cartier-panthere-luxusuhren\\\/\"]}]},{\"@type\":\"ImageObject\",\"inLanguage\":\"de\",\"@id\":\"https:\\\/\\\/www.uhrenankauf365.de\\\/uhr-verkaufen\\\/ankauf-von-cartier-panthere-luxusuhren\\\/#primaryimage\",\"url\":\"https:\\\/\\\/www.uhrenankauf365.de\\\/uhr-verkaufen\\\/wp-content\\\/uploads\\\/2025\\\/01\\\/cartier_panthere.jpg\",\"contentUrl\":\"https:\\\/\\\/www.uhrenankauf365.de\\\/uhr-verkaufen\\\/wp-content\\\/uploads\\\/2025\\\/01\\\/cartier_panthere.jpg\",\"width\":640,\"height\":480},{\"@type\":\"BreadcrumbList\",\"@id\":\"https:\\\/\\\/www.uhrenankauf365.de\\\/uhr-verkaufen\\\/ankauf-von-cartier-panthere-luxusuhren\\\/#breadcrumb\",\"itemListElement\":[{\"@type\":\"ListItem\",\"position\":1,\"name\":\"Startseite\",\"item\":\"https:\\\/\\\/www.uhrenankauf365.de\\\/uhr-verkaufen\\\/\"},{\"@type\":\"ListItem\",\"position\":2,\"name\":\"Ankauf von Cartier Panth\u00e8re Luxusuhren\"}]},{\"@type\":\"WebSite\",\"@id\":\"https:\\\/\\\/www.uhrenankauf365.de\\\/uhr-verkaufen\\\/#website\",\"url\":\"https:\\\/\\\/www.uhrenankauf365.de\\\/uhr-verkaufen\\\/\",\"name\":\"Uhrenankauf 365\",\"description\":\"Jetzt Ihre Luxusuhr verkaufen!\",\"publisher\":{\"@id\":\"https:\\\/\\\/www.uhrenankauf365.de\\\/uhr-verkaufen\\\/#organization\"},\"potentialAction\":[{\"@type\":\"SearchAction\",\"target\":{\"@type\":\"EntryPoint\",\"urlTemplate\":\"https:\\\/\\\/www.uhrenankauf365.de\\\/uhr-verkaufen\\\/?s={search_term_string}\"},\"query-input\":{\"@type\":\"PropertyValueSpecification\",\"valueRequired\":true,\"valueName\":\"search_term_string\"}}],\"inLanguage\":\"de\"},{\"@type\":\"Organization\",\"@id\":\"https:\\\/\\\/www.uhrenankauf365.de\\\/uhr-verkaufen\\\/#organization\",\"name\":\"uhrenankauf365.de, Anke Michels\",\"url\":\"https:\\\/\\\/www.uhrenankauf365.de\\\/uhr-verkaufen\\\/\",\"logo\":{\"@type\":\"ImageObject\",\"inLanguage\":\"de\",\"@id\":\"https:\\\/\\\/www.uhrenankauf365.de\\\/uhr-verkaufen\\\/#\\\/schema\\\/logo\\\/image\\\/\",\"url\":\"https:\\\/\\\/www.uhrenankauf365.de\\\/uhr-verkaufen\\\/wp-content\\\/uploads\\\/2020\\\/11\\\/logo_uhrenankauf.png\",\"contentUrl\":\"https:\\\/\\\/www.uhrenankauf365.de\\\/uhr-verkaufen\\\/wp-content\\\/uploads\\\/2020\\\/11\\\/logo_uhrenankauf.png\",\"width\":98,\"height\":100,\"caption\":\"uhrenankauf365.de, Anke Michels\"},\"image\":{\"@id\":\"https:\\\/\\\/www.uhrenankauf365.de\\\/uhr-verkaufen\\\/#\\\/schema\\\/logo\\\/image\\\/\"}}]}<\/script>\n<!-- \/ Yoast SEO plugin. -->","yoast_head_json":{"title":"Cartier Panthere Uhrenankauf","description":"Wir kaufen Cartier Panthere Luxusuhren und zahlen fair und schnell auf Ihr Bankkonto aus. Jetzt das Ankaufsformular ausf\u00fcllen!","robots":{"index":"index","follow":"follow","max-snippet":"max-snippet:-1","max-image-preview":"max-image-preview:large","max-video-preview":"max-video-preview:-1"},"canonical":"https:\/\/www.uhrenankauf365.de\/uhr-verkaufen\/ankauf-von-cartier-panthere-luxusuhren\/","og_locale":"de_DE","og_type":"article","og_title":"Cartier Panthere Uhrenankauf","og_description":"Wir kaufen Cartier Panthere Luxusuhren und zahlen fair und schnell auf Ihr Bankkonto aus. Jetzt das Ankaufsformular ausf\u00fcllen!","og_url":"https:\/\/www.uhrenankauf365.de\/uhr-verkaufen\/ankauf-von-cartier-panthere-luxusuhren\/","og_site_name":"Uhrenankauf 365","article_modified_time":"2025-01-22T14:06:45+00:00","og_image":[{"width":640,"height":480,"url":"https:\/\/www.uhrenankauf365.de\/uhr-verkaufen\/wp-content\/uploads\/2025\/01\/cartier_panthere.jpg","type":"image\/jpeg"}],"twitter_card":"summary_large_image","twitter_misc":{"Gesch\u00e4tzte Lesezeit":"4\u00a0Minuten"},"schema":{"@context":"https:\/\/schema.org","@graph":[{"@type":"WebPage","@id":"https:\/\/www.uhrenankauf365.de\/uhr-verkaufen\/ankauf-von-cartier-panthere-luxusuhren\/","url":"https:\/\/www.uhrenankauf365.de\/uhr-verkaufen\/ankauf-von-cartier-panthere-luxusuhren\/","name":"Cartier Panthere Uhrenankauf","isPartOf":{"@id":"https:\/\/www.uhrenankauf365.de\/uhr-verkaufen\/#website"},"primaryImageOfPage":{"@id":"https:\/\/www.uhrenankauf365.de\/uhr-verkaufen\/ankauf-von-cartier-panthere-luxusuhren\/#primaryimage"},"image":{"@id":"https:\/\/www.uhrenankauf365.de\/uhr-verkaufen\/ankauf-von-cartier-panthere-luxusuhren\/#primaryimage"},"thumbnailUrl":"https:\/\/www.uhrenankauf365.de\/uhr-verkaufen\/wp-content\/uploads\/2025\/01\/cartier_panthere.jpg","datePublished":"2025-01-22T13:59:36+00:00","dateModified":"2025-01-22T14:06:45+00:00","description":"Wir kaufen Cartier Panthere Luxusuhren und zahlen fair und schnell auf Ihr Bankkonto aus. Jetzt das Ankaufsformular ausf\u00fcllen!","breadcrumb":{"@id":"https:\/\/www.uhrenankauf365.de\/uhr-verkaufen\/ankauf-von-cartier-panthere-luxusuhren\/#breadcrumb"},"inLanguage":"de","potentialAction":[{"@type":"ReadAction","target":["https:\/\/www.uhrenankauf365.de\/uhr-verkaufen\/ankauf-von-cartier-panthere-luxusuhren\/"]}]},{"@type":"ImageObject","inLanguage":"de","@id":"https:\/\/www.uhrenankauf365.de\/uhr-verkaufen\/ankauf-von-cartier-panthere-luxusuhren\/#primaryimage","url":"https:\/\/www.uhrenankauf365.de\/uhr-verkaufen\/wp-content\/uploads\/2025\/01\/cartier_panthere.jpg","contentUrl":"https:\/\/www.uhrenankauf365.de\/uhr-verkaufen\/wp-content\/uploads\/2025\/01\/cartier_panthere.jpg","width":640,"height":480},{"@type":"BreadcrumbList","@id":"https:\/\/www.uhrenankauf365.de\/uhr-verkaufen\/ankauf-von-cartier-panthere-luxusuhren\/#breadcrumb","itemListElement":[{"@type":"ListItem","position":1,"name":"Startseite","item":"https:\/\/www.uhrenankauf365.de\/uhr-verkaufen\/"},{"@type":"ListItem","position":2,"name":"Ankauf von Cartier Panth\u00e8re Luxusuhren"}]},{"@type":"WebSite","@id":"https:\/\/www.uhrenankauf365.de\/uhr-verkaufen\/#website","url":"https:\/\/www.uhrenankauf365.de\/uhr-verkaufen\/","name":"Uhrenankauf 365","description":"Jetzt Ihre Luxusuhr verkaufen!","publisher":{"@id":"https:\/\/www.uhrenankauf365.de\/uhr-verkaufen\/#organization"},"potentialAction":[{"@type":"SearchAction","target":{"@type":"EntryPoint","urlTemplate":"https:\/\/www.uhrenankauf365.de\/uhr-verkaufen\/?s={search_term_string}"},"query-input":{"@type":"PropertyValueSpecification","valueRequired":true,"valueName":"search_term_string"}}],"inLanguage":"de"},{"@type":"Organization","@id":"https:\/\/www.uhrenankauf365.de\/uhr-verkaufen\/#organization","name":"uhrenankauf365.de, Anke Michels","url":"https:\/\/www.uhrenankauf365.de\/uhr-verkaufen\/","logo":{"@type":"ImageObject","inLanguage":"de","@id":"https:\/\/www.uhrenankauf365.de\/uhr-verkaufen\/#\/schema\/logo\/image\/","url":"https:\/\/www.uhrenankauf365.de\/uhr-verkaufen\/wp-content\/uploads\/2020\/11\/logo_uhrenankauf.png","contentUrl":"https:\/\/www.uhrenankauf365.de\/uhr-verkaufen\/wp-content\/uploads\/2020\/11\/logo_uhrenankauf.png","width":98,"height":100,"caption":"uhrenankauf365.de, Anke Michels"},"image":{"@id":"https:\/\/www.uhrenankauf365.de\/uhr-verkaufen\/#\/schema\/logo\/image\/"}}]}},"_links":{"self":[{"href":"https:\/\/www.uhrenankauf365.de\/uhr-verkaufen\/wp-json\/wp\/v2\/pages\/2091","targetHints":{"allow":["GET"]}}],"collection":[{"href":"https:\/\/www.uhrenankauf365.de\/uhr-verkaufen\/wp-json\/wp\/v2\/pages"}],"about":[{"href":"https:\/\/www.uhrenankauf365.de\/uhr-verkaufen\/wp-json\/wp\/v2\/types\/page"}],"author":[{"embeddable":true,"href":"https:\/\/www.uhrenankauf365.de\/uhr-verkaufen\/wp-json\/wp\/v2\/users\/1"}],"replies":[{"embeddable":true,"href":"https:\/\/www.uhrenankauf365.de\/uhr-verkaufen\/wp-json\/wp\/v2\/comments?post=2091"}],"version-history":[{"count":9,"href":"https:\/\/www.uhrenankauf365.de\/uhr-verkaufen\/wp-json\/wp\/v2\/pages\/2091\/revisions"}],"predecessor-version":[{"id":2103,"href":"https:\/\/www.uhrenankauf365.de\/uhr-verkaufen\/wp-json\/wp\/v2\/pages\/2091\/revisions\/2103"}],"wp:attachment":[{"href":"https:\/\/www.uhrenankauf365.de\/uhr-verkaufen\/wp-json\/wp\/v2\/media?parent=2091"}],"curies":[{"name":"wp","href":"https:\/\/api.w.org\/{rel}","templated":true}]}}