{"id":2064,"date":"2024-12-11T14:27:07","date_gmt":"2024-12-11T13:27:07","guid":{"rendered":"https:\/\/www.uhrenankauf365.de\/uhr-verkaufen\/?page_id=2064"},"modified":"2024-12-11T14:34:06","modified_gmt":"2024-12-11T13:34:06","slug":"uhrenankauf-ulysse-nardin","status":"publish","type":"page","link":"https:\/\/www.uhrenankauf365.de\/uhr-verkaufen\/uhrenankauf-ulysse-nardin\/","title":{"rendered":"Uhrenankauf Ulysse Nardin"},"content":{"rendered":"\n<p>Die Luxusuhren der Marke Ulysse Nardin sind im Uhrenankauf sehr beliebt. Die mittlerweile zur Sowind Group SA geh\u00f6rende Marke ist dem Bereich der Luxusuhren zuzurechnen und daher f\u00fcr uns sehr interessant. Seit 1998 handeln wir mit Luxusuhren und kennen den Markt sehr genau. Nutzen Sie gerne unser <a href=\"https:\/\/www.uhrenankauf365.de\/uhr-verkaufen\/ankaufsformular\/\">Ankaufsformular<\/a>, um uns Ihre Uhr vorzustellen. In der Regel erfahren Sie dann innerhalb weniger Stunden, was uns Ihre Uhr wert ist.<\/p>\n\n\n\n<div class=\"container p-4 uak_heller_hintergrund\">\n<div class=\"row mb-4\">\n<div class=\"col-12 col-md-6 text-center\">\n<i class=\"uak365icon fas fa-file-alt\"><\/i><br>\n<div class=\"ankaufschritte_title\">Formular ausf\u00fcllen<\/div>\n<small>Das <a href=\"https:\/\/www.uhrenankauf365.de\/uhr-verkaufen\/ankaufsformular\/\" title=\"Ankaufsformular Uhren\">Ankaufsformular<\/a> erfasst alle wichtigen Angaben zur Armbanduhr, die Sie verkaufen m\u00f6chten und erleichtert die Ermittlung eines fairen Ankaufspreises.<\/small>\n<\/div>\n<div class=\"col-12 col-md-6 text-center\">\n<i class=\"uak365icon far fa-handshake\"><\/i><br>\n<div class=\"ankaufschritte_title\">Angebot erhalten<\/div>\n<small>Wir unterbreiten Ihnen nach Erhalt der Informationen zur Uhr ein Angebot zum Ankauf. Offene Fragen kl\u00e4ren wir vorab.<\/small>\n<\/div>\n<\/div>\n\n\n<div class=\"row\">\n<div class=\"col-12 col-md-6 text-center\">\n<i class=\"uak365icon fas fa-truck-loading\"><\/i><br>\n<div class=\"ankaufschritte_title\">Uhr wird abgeholt<\/div>\n<small>Ein auf Werttransporte spezialisiertes Unternehmen holt die Uhr bei Ihnen ab. Mehr dazu erfahren Sie <a href=\"https:\/\/www.uhrenankauf365.de\/uhr-verkaufen\/ankauf-faq\/\">hier<\/a>.<\/small>\n<\/div>\n<div class=\"col-12 col-md-6 text-center\">\n<i class=\"uak365icon fas fa-euro-sign\"><\/i><br>\n<div class=\"ankaufschritte_title\">Geld erhalten<\/div>\n<small>Nach Pr\u00fcfung der Armbanduhr zahlen wir den vereinbarten Ankaufspreis zuverl\u00e4ssig und schnell auf Ihr Konto aus.\n<\/small>\n<\/div>\n<\/div>\n\n<\/div>\n\n\n\n<h2 class=\"wp-block-heading mt-5\">Beliebte Uhren von Ulysse Nardin<\/h2>\n\n\n\n<p>Vor allem diese Modelle sind f\u00fcr den Uhrenankauf Ulysse Nardin interessant:<\/p>\n\n\n\n<ul class=\"wp-block-list\">\n<li>Planetarium Copernicus<\/li>\n\n\n\n<li>Astrolabium Galileo Galilei<\/li>\n\n\n\n<li>Tellurium Johannes Kepler<\/li>\n\n\n\n<li>Genghis Khan<\/li>\n\n\n\n<li>Quadrato<\/li>\n\n\n\n<li><a href=\"https:\/\/www.nobeluhren-store.de\/uhren\/ulysse_nardin--1629\" target=\"_blank\" rel=\"noreferrer noopener\">Le Locle (Referenz 141 28)<\/a><\/li>\n<\/ul>\n\n\n\n<p>Auch andere Marken kaufen wir an. Dazu geh\u00f6ren zum Beispiel <a href=\"https:\/\/www.uhrenankauf365.de\/uhr-verkaufen\/patek_philippe\/\">Patek Philippe<\/a>, <a href=\"https:\/\/www.uhrenankauf365.de\/uhr-verkaufen\/audemars_piguet\/\">Audemars Piguet<\/a>, <a href=\"https:\/\/www.uhrenankauf365.de\/uhr-verkaufen\/rolex\/\">Rolex<\/a> und <a href=\"https:\/\/www.uhrenankauf365.de\/uhr-verkaufen\/a_lange_und_soehne\/\">A. Lange &amp; S\u00f6hne<\/a>. Diese <a href=\"https:\/\/www.nobeluhren-store.de\/\" target=\"_blank\" rel=\"noreferrer noopener\">Nobeluhren<\/a> sind seit 1998 unser t\u00e4gliches Gesch\u00e4ft, so dass wir Ihnen einen fairen und realistischen Preis f\u00fcr Ihre gebrauchte Uhr anbieten k\u00f6nnen.<\/p>\n\n\n\n<figure class=\"wp-block-image size-large\"><img loading=\"lazy\" decoding=\"async\" width=\"1024\" height=\"530\" src=\"https:\/\/www.uhrenankauf365.de\/uhr-verkaufen\/wp-content\/uploads\/2024\/12\/ulysse-nardin-uhrenankauf-1024x530.webp\" alt=\"Eine Ulysse Nardin Luxusuhr auf der Original-Box liegend\" class=\"wp-image-2065\" srcset=\"https:\/\/www.uhrenankauf365.de\/uhr-verkaufen\/wp-content\/uploads\/2024\/12\/ulysse-nardin-uhrenankauf-1024x530.webp 1024w, https:\/\/www.uhrenankauf365.de\/uhr-verkaufen\/wp-content\/uploads\/2024\/12\/ulysse-nardin-uhrenankauf-300x155.webp 300w, https:\/\/www.uhrenankauf365.de\/uhr-verkaufen\/wp-content\/uploads\/2024\/12\/ulysse-nardin-uhrenankauf-768x397.webp 768w, https:\/\/www.uhrenankauf365.de\/uhr-verkaufen\/wp-content\/uploads\/2024\/12\/ulysse-nardin-uhrenankauf.webp 1500w\" sizes=\"auto, (max-width: 1024px) 100vw, 1024px\" \/><\/figure>\n\n\n\n<h2 class=\"wp-block-heading\">Bevor Sie Ihre Uhr verkaufen<\/h2>\n\n\n\n<p>Wichtig vor dem Ankauf Ihrer Ulysse Nardin Luxusuhr ist uns, dass Sie keine unbeantworteten Fragen haben. Gerade bei den Top-Modellen geht es um eine stattliche Summe, so dass wir v\u00f6llig nachvollziehen k\u00f6nnen, wenn Sie vorab noch genauer erfahren m\u00f6chten, wie der Ankauf abl\u00e4uft. Dazu haben wir die h\u00e4ufigsten Fragen auf unserer <strong><a href=\"https:\/\/www.uhrenankauf365.de\/uhr-verkaufen\/ankauf-faq\/\">FAQ-Seite<\/a><\/strong> zusammengefasst (und nat\u00fcrlich beantwortet). Selbstverst\u00e4ndlich stehen wir Ihnen davon unabh\u00e4ngig jederzeit gerne zur Verf\u00fcgung, egal welche Frage Sie noch haben. Kontaktieren Sie uns gerne <a href=\"https:\/\/www.uhrenankauf365.de\/uhr-verkaufen\/kontakt\/\">per E-Mail oder telefonisch<\/a>.<\/p>\n\n\n<div class=\"wp-bootstrap-blocks-container container mb-5 uak_heller_hintergrund_line_height_normal text-center p-4 mt-4\">\n\t\n\n<h3 class=\"wp-block-heading\" id=\"u1363-2\">Wir kaufen Luxusuhren!<\/h3>\n\n\n\n<p id=\"u1363-4\"><strong>Profitieren Sie&nbsp;von unserer jahrzehntelangen Erfahrung im Uhrenhandel!<\/strong><\/p>\n\n\n\n<p><a class=\"btn btn-primary btn-lg\" href=\"https:\/\/www.uhrenankauf365.de\/uhr-verkaufen\/ankaufsformular\/\">Zum Ankaufsformular<\/a><\/p>\n\n<\/div>\n","protected":false},"excerpt":{"rendered":"<p>Die Luxusuhren der Marke Ulysse Nardin sind im Uhrenankauf sehr beliebt. Die mittlerweile zur Sowind Group SA geh\u00f6rende Marke ist dem Bereich der Luxusuhren zuzurechnen und daher f\u00fcr uns sehr interessant. Seit 1998 handeln wir mit Luxusuhren und kennen den Markt sehr genau. Nutzen Sie gerne unser Ankaufsformular, um uns Ihre Uhr vorzustellen. In der [&hellip;]<\/p>\n","protected":false},"author":1,"featured_media":0,"parent":0,"menu_order":0,"comment_status":"closed","ping_status":"closed","template":"","meta":{"footnotes":""},"class_list":["post-2064","page","type-page","status-publish","hentry"],"yoast_head":"<!-- This site is optimized with the Yoast SEO plugin v27.3 - https:\/\/yoast.com\/product\/yoast-seo-wordpress\/ -->\n<title>Uhrenankauf Ulysse Nardin - Uhrenankauf 365<\/title>\n<meta name=\"description\" content=\"Jetzt Ihre Luxusuhr im Uhrenankauf Ulysse Nardin anbieten und eine faire, schnelle Auszahlung erhalten! Seit 1998.\" \/>\n<meta name=\"robots\" content=\"index, follow, max-snippet:-1, max-image-preview:large, max-video-preview:-1\" \/>\n<link rel=\"canonical\" href=\"https:\/\/www.uhrenankauf365.de\/uhr-verkaufen\/uhrenankauf-ulysse-nardin\/\" \/>\n<meta property=\"og:locale\" content=\"de_DE\" \/>\n<meta property=\"og:type\" content=\"article\" \/>\n<meta property=\"og:title\" content=\"Uhrenankauf Ulysse Nardin - Uhrenankauf 365\" \/>\n<meta property=\"og:description\" content=\"Jetzt Ihre Luxusuhr im Uhrenankauf Ulysse Nardin anbieten und eine faire, schnelle Auszahlung erhalten! Seit 1998.\" \/>\n<meta property=\"og:url\" content=\"https:\/\/www.uhrenankauf365.de\/uhr-verkaufen\/uhrenankauf-ulysse-nardin\/\" \/>\n<meta property=\"og:site_name\" content=\"Uhrenankauf 365\" \/>\n<meta property=\"article:modified_time\" content=\"2024-12-11T13:34:06+00:00\" \/>\n<meta property=\"og:image\" content=\"https:\/\/www.uhrenankauf365.de\/uhr-verkaufen\/wp-content\/uploads\/2024\/12\/ulysse-nardin-uhrenankauf.webp\" \/>\n\t<meta property=\"og:image:width\" content=\"1500\" \/>\n\t<meta property=\"og:image:height\" content=\"776\" \/>\n\t<meta property=\"og:image:type\" content=\"image\/webp\" \/>\n<meta name=\"twitter:card\" content=\"summary_large_image\" \/>\n<meta name=\"twitter:label1\" content=\"Gesch\u00e4tzte Lesezeit\" \/>\n\t<meta name=\"twitter:data1\" content=\"2\u00a0Minuten\" \/>\n<script type=\"application\/ld+json\" class=\"yoast-schema-graph\">{\"@context\":\"https:\\\/\\\/schema.org\",\"@graph\":[{\"@type\":\"WebPage\",\"@id\":\"https:\\\/\\\/www.uhrenankauf365.de\\\/uhr-verkaufen\\\/uhrenankauf-ulysse-nardin\\\/\",\"url\":\"https:\\\/\\\/www.uhrenankauf365.de\\\/uhr-verkaufen\\\/uhrenankauf-ulysse-nardin\\\/\",\"name\":\"Uhrenankauf Ulysse Nardin - Uhrenankauf 365\",\"isPartOf\":{\"@id\":\"https:\\\/\\\/www.uhrenankauf365.de\\\/uhr-verkaufen\\\/#website\"},\"primaryImageOfPage\":{\"@id\":\"https:\\\/\\\/www.uhrenankauf365.de\\\/uhr-verkaufen\\\/uhrenankauf-ulysse-nardin\\\/#primaryimage\"},\"image\":{\"@id\":\"https:\\\/\\\/www.uhrenankauf365.de\\\/uhr-verkaufen\\\/uhrenankauf-ulysse-nardin\\\/#primaryimage\"},\"thumbnailUrl\":\"https:\\\/\\\/www.uhrenankauf365.de\\\/uhr-verkaufen\\\/wp-content\\\/uploads\\\/2024\\\/12\\\/ulysse-nardin-uhrenankauf-1024x530.webp\",\"datePublished\":\"2024-12-11T13:27:07+00:00\",\"dateModified\":\"2024-12-11T13:34:06+00:00\",\"description\":\"Jetzt Ihre Luxusuhr im Uhrenankauf Ulysse Nardin anbieten und eine faire, schnelle Auszahlung erhalten! Seit 1998.\",\"breadcrumb\":{\"@id\":\"https:\\\/\\\/www.uhrenankauf365.de\\\/uhr-verkaufen\\\/uhrenankauf-ulysse-nardin\\\/#breadcrumb\"},\"inLanguage\":\"de\",\"potentialAction\":[{\"@type\":\"ReadAction\",\"target\":[\"https:\\\/\\\/www.uhrenankauf365.de\\\/uhr-verkaufen\\\/uhrenankauf-ulysse-nardin\\\/\"]}]},{\"@type\":\"ImageObject\",\"inLanguage\":\"de\",\"@id\":\"https:\\\/\\\/www.uhrenankauf365.de\\\/uhr-verkaufen\\\/uhrenankauf-ulysse-nardin\\\/#primaryimage\",\"url\":\"https:\\\/\\\/www.uhrenankauf365.de\\\/uhr-verkaufen\\\/wp-content\\\/uploads\\\/2024\\\/12\\\/ulysse-nardin-uhrenankauf.webp\",\"contentUrl\":\"https:\\\/\\\/www.uhrenankauf365.de\\\/uhr-verkaufen\\\/wp-content\\\/uploads\\\/2024\\\/12\\\/ulysse-nardin-uhrenankauf.webp\",\"width\":1500,\"height\":776},{\"@type\":\"BreadcrumbList\",\"@id\":\"https:\\\/\\\/www.uhrenankauf365.de\\\/uhr-verkaufen\\\/uhrenankauf-ulysse-nardin\\\/#breadcrumb\",\"itemListElement\":[{\"@type\":\"ListItem\",\"position\":1,\"name\":\"Startseite\",\"item\":\"https:\\\/\\\/www.uhrenankauf365.de\\\/uhr-verkaufen\\\/\"},{\"@type\":\"ListItem\",\"position\":2,\"name\":\"Uhrenankauf Ulysse Nardin\"}]},{\"@type\":\"WebSite\",\"@id\":\"https:\\\/\\\/www.uhrenankauf365.de\\\/uhr-verkaufen\\\/#website\",\"url\":\"https:\\\/\\\/www.uhrenankauf365.de\\\/uhr-verkaufen\\\/\",\"name\":\"Uhrenankauf 365\",\"description\":\"Jetzt Ihre Luxusuhr verkaufen!\",\"publisher\":{\"@id\":\"https:\\\/\\\/www.uhrenankauf365.de\\\/uhr-verkaufen\\\/#organization\"},\"potentialAction\":[{\"@type\":\"SearchAction\",\"target\":{\"@type\":\"EntryPoint\",\"urlTemplate\":\"https:\\\/\\\/www.uhrenankauf365.de\\\/uhr-verkaufen\\\/?s={search_term_string}\"},\"query-input\":{\"@type\":\"PropertyValueSpecification\",\"valueRequired\":true,\"valueName\":\"search_term_string\"}}],\"inLanguage\":\"de\"},{\"@type\":\"Organization\",\"@id\":\"https:\\\/\\\/www.uhrenankauf365.de\\\/uhr-verkaufen\\\/#organization\",\"name\":\"uhrenankauf365.de, Anke Michels\",\"url\":\"https:\\\/\\\/www.uhrenankauf365.de\\\/uhr-verkaufen\\\/\",\"logo\":{\"@type\":\"ImageObject\",\"inLanguage\":\"de\",\"@id\":\"https:\\\/\\\/www.uhrenankauf365.de\\\/uhr-verkaufen\\\/#\\\/schema\\\/logo\\\/image\\\/\",\"url\":\"https:\\\/\\\/www.uhrenankauf365.de\\\/uhr-verkaufen\\\/wp-content\\\/uploads\\\/2020\\\/11\\\/logo_uhrenankauf.png\",\"contentUrl\":\"https:\\\/\\\/www.uhrenankauf365.de\\\/uhr-verkaufen\\\/wp-content\\\/uploads\\\/2020\\\/11\\\/logo_uhrenankauf.png\",\"width\":98,\"height\":100,\"caption\":\"uhrenankauf365.de, Anke Michels\"},\"image\":{\"@id\":\"https:\\\/\\\/www.uhrenankauf365.de\\\/uhr-verkaufen\\\/#\\\/schema\\\/logo\\\/image\\\/\"}}]}<\/script>\n<!-- \/ Yoast SEO plugin. -->","yoast_head_json":{"title":"Uhrenankauf Ulysse Nardin - Uhrenankauf 365","description":"Jetzt Ihre Luxusuhr im Uhrenankauf Ulysse Nardin anbieten und eine faire, schnelle Auszahlung erhalten! Seit 1998.","robots":{"index":"index","follow":"follow","max-snippet":"max-snippet:-1","max-image-preview":"max-image-preview:large","max-video-preview":"max-video-preview:-1"},"canonical":"https:\/\/www.uhrenankauf365.de\/uhr-verkaufen\/uhrenankauf-ulysse-nardin\/","og_locale":"de_DE","og_type":"article","og_title":"Uhrenankauf Ulysse Nardin - Uhrenankauf 365","og_description":"Jetzt Ihre Luxusuhr im Uhrenankauf Ulysse Nardin anbieten und eine faire, schnelle Auszahlung erhalten! Seit 1998.","og_url":"https:\/\/www.uhrenankauf365.de\/uhr-verkaufen\/uhrenankauf-ulysse-nardin\/","og_site_name":"Uhrenankauf 365","article_modified_time":"2024-12-11T13:34:06+00:00","og_image":[{"width":1500,"height":776,"url":"https:\/\/www.uhrenankauf365.de\/uhr-verkaufen\/wp-content\/uploads\/2024\/12\/ulysse-nardin-uhrenankauf.webp","type":"image\/webp"}],"twitter_card":"summary_large_image","twitter_misc":{"Gesch\u00e4tzte Lesezeit":"2\u00a0Minuten"},"schema":{"@context":"https:\/\/schema.org","@graph":[{"@type":"WebPage","@id":"https:\/\/www.uhrenankauf365.de\/uhr-verkaufen\/uhrenankauf-ulysse-nardin\/","url":"https:\/\/www.uhrenankauf365.de\/uhr-verkaufen\/uhrenankauf-ulysse-nardin\/","name":"Uhrenankauf Ulysse Nardin - Uhrenankauf 365","isPartOf":{"@id":"https:\/\/www.uhrenankauf365.de\/uhr-verkaufen\/#website"},"primaryImageOfPage":{"@id":"https:\/\/www.uhrenankauf365.de\/uhr-verkaufen\/uhrenankauf-ulysse-nardin\/#primaryimage"},"image":{"@id":"https:\/\/www.uhrenankauf365.de\/uhr-verkaufen\/uhrenankauf-ulysse-nardin\/#primaryimage"},"thumbnailUrl":"https:\/\/www.uhrenankauf365.de\/uhr-verkaufen\/wp-content\/uploads\/2024\/12\/ulysse-nardin-uhrenankauf-1024x530.webp","datePublished":"2024-12-11T13:27:07+00:00","dateModified":"2024-12-11T13:34:06+00:00","description":"Jetzt Ihre Luxusuhr im Uhrenankauf Ulysse Nardin anbieten und eine faire, schnelle Auszahlung erhalten! Seit 1998.","breadcrumb":{"@id":"https:\/\/www.uhrenankauf365.de\/uhr-verkaufen\/uhrenankauf-ulysse-nardin\/#breadcrumb"},"inLanguage":"de","potentialAction":[{"@type":"ReadAction","target":["https:\/\/www.uhrenankauf365.de\/uhr-verkaufen\/uhrenankauf-ulysse-nardin\/"]}]},{"@type":"ImageObject","inLanguage":"de","@id":"https:\/\/www.uhrenankauf365.de\/uhr-verkaufen\/uhrenankauf-ulysse-nardin\/#primaryimage","url":"https:\/\/www.uhrenankauf365.de\/uhr-verkaufen\/wp-content\/uploads\/2024\/12\/ulysse-nardin-uhrenankauf.webp","contentUrl":"https:\/\/www.uhrenankauf365.de\/uhr-verkaufen\/wp-content\/uploads\/2024\/12\/ulysse-nardin-uhrenankauf.webp","width":1500,"height":776},{"@type":"BreadcrumbList","@id":"https:\/\/www.uhrenankauf365.de\/uhr-verkaufen\/uhrenankauf-ulysse-nardin\/#breadcrumb","itemListElement":[{"@type":"ListItem","position":1,"name":"Startseite","item":"https:\/\/www.uhrenankauf365.de\/uhr-verkaufen\/"},{"@type":"ListItem","position":2,"name":"Uhrenankauf Ulysse Nardin"}]},{"@type":"WebSite","@id":"https:\/\/www.uhrenankauf365.de\/uhr-verkaufen\/#website","url":"https:\/\/www.uhrenankauf365.de\/uhr-verkaufen\/","name":"Uhrenankauf 365","description":"Jetzt Ihre Luxusuhr verkaufen!","publisher":{"@id":"https:\/\/www.uhrenankauf365.de\/uhr-verkaufen\/#organization"},"potentialAction":[{"@type":"SearchAction","target":{"@type":"EntryPoint","urlTemplate":"https:\/\/www.uhrenankauf365.de\/uhr-verkaufen\/?s={search_term_string}"},"query-input":{"@type":"PropertyValueSpecification","valueRequired":true,"valueName":"search_term_string"}}],"inLanguage":"de"},{"@type":"Organization","@id":"https:\/\/www.uhrenankauf365.de\/uhr-verkaufen\/#organization","name":"uhrenankauf365.de, Anke Michels","url":"https:\/\/www.uhrenankauf365.de\/uhr-verkaufen\/","logo":{"@type":"ImageObject","inLanguage":"de","@id":"https:\/\/www.uhrenankauf365.de\/uhr-verkaufen\/#\/schema\/logo\/image\/","url":"https:\/\/www.uhrenankauf365.de\/uhr-verkaufen\/wp-content\/uploads\/2020\/11\/logo_uhrenankauf.png","contentUrl":"https:\/\/www.uhrenankauf365.de\/uhr-verkaufen\/wp-content\/uploads\/2020\/11\/logo_uhrenankauf.png","width":98,"height":100,"caption":"uhrenankauf365.de, Anke Michels"},"image":{"@id":"https:\/\/www.uhrenankauf365.de\/uhr-verkaufen\/#\/schema\/logo\/image\/"}}]}},"_links":{"self":[{"href":"https:\/\/www.uhrenankauf365.de\/uhr-verkaufen\/wp-json\/wp\/v2\/pages\/2064","targetHints":{"allow":["GET"]}}],"collection":[{"href":"https:\/\/www.uhrenankauf365.de\/uhr-verkaufen\/wp-json\/wp\/v2\/pages"}],"about":[{"href":"https:\/\/www.uhrenankauf365.de\/uhr-verkaufen\/wp-json\/wp\/v2\/types\/page"}],"author":[{"embeddable":true,"href":"https:\/\/www.uhrenankauf365.de\/uhr-verkaufen\/wp-json\/wp\/v2\/users\/1"}],"replies":[{"embeddable":true,"href":"https:\/\/www.uhrenankauf365.de\/uhr-verkaufen\/wp-json\/wp\/v2\/comments?post=2064"}],"version-history":[{"count":4,"href":"https:\/\/www.uhrenankauf365.de\/uhr-verkaufen\/wp-json\/wp\/v2\/pages\/2064\/revisions"}],"predecessor-version":[{"id":2070,"href":"https:\/\/www.uhrenankauf365.de\/uhr-verkaufen\/wp-json\/wp\/v2\/pages\/2064\/revisions\/2070"}],"wp:attachment":[{"href":"https:\/\/www.uhrenankauf365.de\/uhr-verkaufen\/wp-json\/wp\/v2\/media?parent=2064"}],"curies":[{"name":"wp","href":"https:\/\/api.w.org\/{rel}","templated":true}]}}