{"id":2019,"date":"2024-09-10T13:03:49","date_gmt":"2024-09-10T11:03:49","guid":{"rendered":"https:\/\/www.uhrenankauf365.de\/uhr-verkaufen\/?page_id=2019"},"modified":"2024-09-10T15:11:27","modified_gmt":"2024-09-10T13:11:27","slug":"piaget-polo-ankauf","status":"publish","type":"page","link":"https:\/\/www.uhrenankauf365.de\/uhr-verkaufen\/piaget-polo-ankauf\/","title":{"rendered":"Piaget Polo Ankauf"},"content":{"rendered":"\n<p>Sie haben bei uns im Piaget Polo Ankauf die M\u00f6glichkeit, \u00fcber das Ankaufsformular alle wichtigen Informationen zu Ihrer Luxusuhr zu \u00fcbermitteln und zeitnah zu erfahren, was uns Ihre Uhr wert ist. Der Hersteller <a href=\"https:\/\/www.uhrenankauf365.de\/uhr-verkaufen\/piaget-uhren-ankauf\/\">Piaget<\/a> ist im Ankauf neben Patek Philippe, Rolex und Audemars Piguet sehr beliebt. Nutzen Sie also gerne die Chance, uns Ihre Uhr inklusive Fotos anzubieten.<\/p>\n\n\n<div class=\"wp-bootstrap-blocks-button\">\n\t<a\n\t\thref=\"https:\/\/www.uhrenankauf365.de\/uhr-verkaufen\/ankaufsformular\/\"\n\t\t\t\t\t\tclass=\"btn mb-4 d-block d-lg-inline-block btn-primary\"\n\t>\n\t\tPiaget Polo zum Verkauf anbieten\t<\/a>\n<\/div>\n\n\n\n<h2 class=\"wp-block-heading\">Das Modell Polo von Piaget &#8211; ein beliebter Klassiker<\/h2>\n\n\n\n<p>Die Polo ist wahrscheinlich das bekannteste Modell der Marke Piaget und war auch die erste Uhr von Piaget mit einem eigenen Modellnamen. In den sp\u00e4ten 70ern war die Familie Piaget allerdings strikt gegen einen Modellnamen, da sie immer den Markennamen im Vordergrund haben wollten. Doch das sportliche und zugleich schicke Design der Polo \u00fcberzeigte die Familie, dass diese Uhr einen Modellnamen ben\u00f6tigt. Damals war Piaget au\u00dferdem Sponsor des Polo World Cup in Palm Beach, der Name war also mehr als perfekt.<\/p>\n\n\n\n<div class=\"wp-block-columns is-layout-flex wp-container-core-columns-is-layout-9d6595d7 wp-block-columns-is-layout-flex\">\n<div class=\"wp-block-column is-layout-flow wp-block-column-is-layout-flow\">\n<p>Vor der Polo war Piaget unteranderem am Beta 21 beteiligt. Ein Quarzwerk, welches von 21 Schweizer Uhrenherstellern entwickelt wurde. Dieses allerdings passte weniger zu Piaget, da es nicht wie \u00fcblich elegant, schick und ultraflach war. Es passte besser zu <a href=\"https:\/\/www.uhrenankauf365.de\/uhr-verkaufen\/rolex\/\">Rolex<\/a>, bei ihnen wurde es in der 5100 verwendet. Piaget gefiel das dicke und brachiale Aussehen des Beta 21 nicht, deshalb begannen sie mit der Entwicklung eines eigenen Quarzkalibers, welches im Jahre 1976 als Piaget-Kaliber 7P auf den Markt kam. Zu seiner Zeit war es das d\u00fcnnste Quarzwerk der Welt mit gerade einmal 3,1 mm, darauf folgte das 8P, ein noch kleineres Werk f\u00fcr Damenuhren. Nun entschied Piaget, dass man eine alltagstaugliche, sportlich-schicke Uhr braucht, welche leicht zu tragen ist und auch neue, j\u00fcngere Kunden ansprechen kann.<\/p>\n\n\n\n<p>F\u00fcr dieses Modell interessieren wir uns im <a href=\"https:\/\/www.uhrenankauf365.de\/uhr-verkaufen\/piaget-uhren-ankauf\/\">Uhren Ankauf Piaget<\/a>. Die Polo ist eine der Uhren, die durch ihre Reduktion auf das Wesentliche eine ganz besondere Optik vorweist. M\u00f6chten Sie eine Piaget Polo verkaufen? Gerne nennen wir Ihnen einen m\u00f6glichen Auszahlungspreis, wenn Sie das <a href=\"https:\/\/www.uhrenankauf365.de\/uhr-verkaufen\/ankaufsformular\/\">Ankaufsformular<\/a> ausgef\u00fcllt und gesendet haben.<\/p>\n<\/div>\n\n\n\n<div class=\"wp-block-column is-layout-flow wp-block-column-is-layout-flow\">\n<figure class=\"wp-block-image size-full\"><img loading=\"lazy\" decoding=\"async\" width=\"1000\" height=\"984\" src=\"https:\/\/www.uhrenankauf365.de\/uhr-verkaufen\/wp-content\/uploads\/2024\/09\/ankauf_piaget_polo_2.webp\" alt=\"Foto einer Piaget Polo am Handgelenk\" class=\"wp-image-2020\" srcset=\"https:\/\/www.uhrenankauf365.de\/uhr-verkaufen\/wp-content\/uploads\/2024\/09\/ankauf_piaget_polo_2.webp 1000w, https:\/\/www.uhrenankauf365.de\/uhr-verkaufen\/wp-content\/uploads\/2024\/09\/ankauf_piaget_polo_2-300x295.webp 300w, https:\/\/www.uhrenankauf365.de\/uhr-verkaufen\/wp-content\/uploads\/2024\/09\/ankauf_piaget_polo_2-768x756.webp 768w\" sizes=\"auto, (max-width: 1000px) 100vw, 1000px\" \/><\/figure>\n<\/div>\n<\/div>\n\n\n\n<h2 class=\"wp-block-heading\">Zwei-Zeiger-Uhr, aufs Wesentliche reduziert<\/h2>\n\n\n\n<p>Im Jahre 1979 erschien eine Uhr aus massivem Gold mit 132-136 Gramm, es gab eine runde und eine quadratische Variante, in verschiedenen Gr\u00f6\u00dfen. Das charakteristische Aussehen erh\u00e4lt sie durch das satinierte Gold mit polierten Zierlinien dazwischen. Angetrieben wird diese Uhr durch das neue 7P, welches damals die ganze Welt beeindruckte. Ein weiteres Detail, welches diese Uhr besonders machte ist die Krone, diese war verborgenen und nicht wie \u00fcblich an der 3 Uhr-Flanke der Uhr. Diese l\u00e4sst sich n\u00e4mlich auf dem Geh\u00e4useboden finden, somit wird nicht die Eleganz des Armbands und Geh\u00e4uses unterbrochen. Somit ergibt sich am Ende die Polo, eine Zwei-Zeiger-Uhr mit einem perfekten symmetrischem Armband und nicht viel mehr.<\/p>\n\n\n\n<div class=\"wp-block-columns is-layout-flex wp-container-core-columns-is-layout-9d6595d7 wp-block-columns-is-layout-flex\">\n<div class=\"wp-block-column is-layout-flow wp-block-column-is-layout-flow\">\n<figure class=\"wp-block-image size-large\"><img loading=\"lazy\" decoding=\"async\" width=\"1024\" height=\"640\" src=\"https:\/\/www.uhrenankauf365.de\/uhr-verkaufen\/wp-content\/uploads\/2024\/09\/ankauf_piaget_polo_1-1024x640.webp\" alt=\"Eine Piaget Polo Uhr auf einem Holztisch liegend\" class=\"wp-image-2021\" srcset=\"https:\/\/www.uhrenankauf365.de\/uhr-verkaufen\/wp-content\/uploads\/2024\/09\/ankauf_piaget_polo_1-1024x640.webp 1024w, https:\/\/www.uhrenankauf365.de\/uhr-verkaufen\/wp-content\/uploads\/2024\/09\/ankauf_piaget_polo_1-300x188.webp 300w, https:\/\/www.uhrenankauf365.de\/uhr-verkaufen\/wp-content\/uploads\/2024\/09\/ankauf_piaget_polo_1-768x480.webp 768w, https:\/\/www.uhrenankauf365.de\/uhr-verkaufen\/wp-content\/uploads\/2024\/09\/ankauf_piaget_polo_1.webp 1400w\" sizes=\"auto, (max-width: 1024px) 100vw, 1024px\" \/><\/figure>\n<\/div>\n\n\n\n<div class=\"wp-block-column is-layout-flow wp-block-column-is-layout-flow\">\n<p>Diese Eleganz lie\u00df sich aber allerdings auch durch den damaligen Preis ausdr\u00fccken, eine Standard-Polo h\u00e4tte in den 80er Jahren etwa 20.000 Dollar gekostet, dies sind inflationsbereinigt heute um die 70.000 Dollar. Piaget produzierte die Polo von 1979 bis 1990, im Jahre 1988 wurde Piaget dann von der Vend\u00f4me-Gruppe (heute <a href=\"https:\/\/www.richemont.com\/\" target=\"_blank\" rel=\"noreferrer noopener\">Richemont<\/a>) \u00fcbernommen. Obwohl die Polo-Produktion 1990 eingestellt wurde, scheint Piaget die Polo noch einige Jahre nach der \u00dcbernahme verkauft zu haben. Aufgrund der schieren Menge an Gold bei der Polo und der Tatsache, dass die Polos lange Zeit noch etwas mehr wert waren als ihr Materialgoldwert, kann man nicht sagen, wie viele im Laufe der Jahre leider eingeschmolzen wurden.<\/p>\n<\/div>\n<\/div>\n\n\n\n<div class=\"container p-4 uak_heller_hintergrund\">\n<div class=\"row mb-4\">\n<div class=\"col-12 col-md-6 text-center\">\n<i class=\"uak365icon fas fa-file-alt\"><\/i><br>\n<div class=\"ankaufschritte_title\">Formular ausf\u00fcllen<\/div>\n<small>Das <a href=\"https:\/\/www.uhrenankauf365.de\/uhr-verkaufen\/ankaufsformular\/\" title=\"Ankaufsformular Uhren\">Ankaufsformular<\/a> erfasst alle wichtigen Angaben zur Armbanduhr, die Sie verkaufen m\u00f6chten und erleichtert die Ermittlung eines fairen Ankaufspreises.<\/small>\n<\/div>\n<div class=\"col-12 col-md-6 text-center\">\n<i class=\"uak365icon far fa-handshake\"><\/i><br>\n<div class=\"ankaufschritte_title\">Angebot erhalten<\/div>\n<small>Wir unterbreiten Ihnen nach Erhalt der Informationen zur Uhr ein Angebot zum Ankauf. Offene Fragen kl\u00e4ren wir vorab.<\/small>\n<\/div>\n<\/div>\n\n\n<div class=\"row\">\n<div class=\"col-12 col-md-6 text-center\">\n<i class=\"uak365icon fas fa-truck-loading\"><\/i><br>\n<div class=\"ankaufschritte_title\">Uhr wird abgeholt<\/div>\n<small>Ein auf Werttransporte spezialisiertes Unternehmen holt die Uhr bei Ihnen ab. Mehr dazu erfahren Sie <a href=\"https:\/\/www.uhrenankauf365.de\/uhr-verkaufen\/ankauf-faq\/\">hier<\/a>.<\/small>\n<\/div>\n<div class=\"col-12 col-md-6 text-center\">\n<i class=\"uak365icon fas fa-euro-sign\"><\/i><br>\n<div class=\"ankaufschritte_title\">Geld erhalten<\/div>\n<small>Nach Pr\u00fcfung der Armbanduhr zahlen wir den vereinbarten Ankaufspreis zuverl\u00e4ssig und schnell auf Ihr Konto aus.\n<\/small>\n<\/div>\n<\/div>\n\n<\/div>\n\n\n\n<h2 class=\"wp-block-heading mt-4\">Was ist meine Piaget Polo Uhr wert?<\/h2>\n\n\n\n<p>Diese Frage k\u00f6nnen wir pauschal nicht beantworten. Es kommt im Ankauf von Luxusuhren auf viele Faktoren an, die den Auszahlungspreis beeinflussen. Dazu z\u00e4hlen:<\/p>\n\n\n\n<ul class=\"wp-block-list\">\n<li>Ist die Original-Box vorhanden?<\/li>\n\n\n\n<li>Haben Sie die Original-Papiere zur Uhr?<\/li>\n\n\n\n<li>In welchem optischen und technischen Zustand befindet sich die Uhr?<\/li>\n\n\n\n<li>Ist das Armband intakt?<\/li>\n\n\n\n<li>K\u00f6nnen Sie Service-Arbeiten nachweisen (z. B. Rechnung der Service-Werkstatt)<\/li>\n<\/ul>\n\n\n\n<p>Um m\u00f6glichst viele Informationen zu Ihrer Uhr zu erhalten, haben wir ein entsprechendes Formular f\u00fcr den Ankauf bereitgestellt. Nutzen Sie dieses gerne, um uns Ihre Polo anzubieten und zeitnah einen Preis zu erfahren!<\/p>\n\n\n<div class=\"wp-bootstrap-blocks-button\">\n\t<a\n\t\thref=\"https:\/\/www.uhrenankauf365.de\/uhr-verkaufen\/ankaufsformular\/\"\n\t\t\t\t\t\tclass=\"btn btn-lg d-block d-lg-inline-block btn-primary\"\n\t>\n\t\tZum Ankaufsformular\t<\/a>\n<\/div>\n","protected":false},"excerpt":{"rendered":"<p>Sie haben bei uns im Piaget Polo Ankauf die M\u00f6glichkeit, \u00fcber das Ankaufsformular alle wichtigen Informationen zu Ihrer Luxusuhr zu \u00fcbermitteln und zeitnah zu erfahren, was uns Ihre Uhr wert ist. Der Hersteller Piaget ist im Ankauf neben Patek Philippe, Rolex und Audemars Piguet sehr beliebt. Nutzen Sie also gerne die Chance, uns Ihre Uhr [&hellip;]<\/p>\n","protected":false},"author":1,"featured_media":0,"parent":0,"menu_order":0,"comment_status":"closed","ping_status":"closed","template":"","meta":{"footnotes":""},"class_list":["post-2019","page","type-page","status-publish","hentry"],"yoast_head":"<!-- This site is optimized with the Yoast SEO plugin v27.3 - https:\/\/yoast.com\/product\/yoast-seo-wordpress\/ -->\n<title>Piaget Polo Ankauf - faire, schnelle Auszahlung<\/title>\n<meta name=\"description\" content=\"Wir bieten im Piaget Polo Ankauf faire Preise f\u00fcr Ihre gebrauchte Luxusuhr und zahlen schnell und fair.\" \/>\n<meta name=\"robots\" content=\"index, follow, max-snippet:-1, max-image-preview:large, max-video-preview:-1\" \/>\n<link rel=\"canonical\" href=\"https:\/\/www.uhrenankauf365.de\/uhr-verkaufen\/piaget-polo-ankauf\/\" \/>\n<meta property=\"og:locale\" content=\"de_DE\" \/>\n<meta property=\"og:type\" content=\"article\" \/>\n<meta property=\"og:title\" content=\"Piaget Polo Ankauf - faire, schnelle Auszahlung\" \/>\n<meta property=\"og:description\" content=\"Wir bieten im Piaget Polo Ankauf faire Preise f\u00fcr Ihre gebrauchte Luxusuhr und zahlen schnell und fair.\" \/>\n<meta property=\"og:url\" content=\"https:\/\/www.uhrenankauf365.de\/uhr-verkaufen\/piaget-polo-ankauf\/\" \/>\n<meta property=\"og:site_name\" content=\"Uhrenankauf 365\" \/>\n<meta property=\"article:modified_time\" content=\"2024-09-10T13:11:27+00:00\" \/>\n<meta property=\"og:image\" content=\"https:\/\/www.uhrenankauf365.de\/uhr-verkaufen\/wp-content\/uploads\/2024\/09\/ankauf_piaget_polo_2.webp\" \/>\n<meta name=\"twitter:card\" content=\"summary_large_image\" \/>\n<meta name=\"twitter:label1\" content=\"Gesch\u00e4tzte Lesezeit\" \/>\n\t<meta name=\"twitter:data1\" content=\"5\u00a0Minuten\" \/>\n<script type=\"application\/ld+json\" class=\"yoast-schema-graph\">{\"@context\":\"https:\\\/\\\/schema.org\",\"@graph\":[{\"@type\":\"WebPage\",\"@id\":\"https:\\\/\\\/www.uhrenankauf365.de\\\/uhr-verkaufen\\\/piaget-polo-ankauf\\\/\",\"url\":\"https:\\\/\\\/www.uhrenankauf365.de\\\/uhr-verkaufen\\\/piaget-polo-ankauf\\\/\",\"name\":\"Piaget Polo Ankauf - faire, schnelle Auszahlung\",\"isPartOf\":{\"@id\":\"https:\\\/\\\/www.uhrenankauf365.de\\\/uhr-verkaufen\\\/#website\"},\"primaryImageOfPage\":{\"@id\":\"https:\\\/\\\/www.uhrenankauf365.de\\\/uhr-verkaufen\\\/piaget-polo-ankauf\\\/#primaryimage\"},\"image\":{\"@id\":\"https:\\\/\\\/www.uhrenankauf365.de\\\/uhr-verkaufen\\\/piaget-polo-ankauf\\\/#primaryimage\"},\"thumbnailUrl\":\"https:\\\/\\\/www.uhrenankauf365.de\\\/uhr-verkaufen\\\/wp-content\\\/uploads\\\/2024\\\/09\\\/ankauf_piaget_polo_2.webp\",\"datePublished\":\"2024-09-10T11:03:49+00:00\",\"dateModified\":\"2024-09-10T13:11:27+00:00\",\"description\":\"Wir bieten im Piaget Polo Ankauf faire Preise f\u00fcr Ihre gebrauchte Luxusuhr und zahlen schnell und fair.\",\"breadcrumb\":{\"@id\":\"https:\\\/\\\/www.uhrenankauf365.de\\\/uhr-verkaufen\\\/piaget-polo-ankauf\\\/#breadcrumb\"},\"inLanguage\":\"de\",\"potentialAction\":[{\"@type\":\"ReadAction\",\"target\":[\"https:\\\/\\\/www.uhrenankauf365.de\\\/uhr-verkaufen\\\/piaget-polo-ankauf\\\/\"]}]},{\"@type\":\"ImageObject\",\"inLanguage\":\"de\",\"@id\":\"https:\\\/\\\/www.uhrenankauf365.de\\\/uhr-verkaufen\\\/piaget-polo-ankauf\\\/#primaryimage\",\"url\":\"https:\\\/\\\/www.uhrenankauf365.de\\\/uhr-verkaufen\\\/wp-content\\\/uploads\\\/2024\\\/09\\\/ankauf_piaget_polo_2.webp\",\"contentUrl\":\"https:\\\/\\\/www.uhrenankauf365.de\\\/uhr-verkaufen\\\/wp-content\\\/uploads\\\/2024\\\/09\\\/ankauf_piaget_polo_2.webp\",\"width\":1000,\"height\":984},{\"@type\":\"BreadcrumbList\",\"@id\":\"https:\\\/\\\/www.uhrenankauf365.de\\\/uhr-verkaufen\\\/piaget-polo-ankauf\\\/#breadcrumb\",\"itemListElement\":[{\"@type\":\"ListItem\",\"position\":1,\"name\":\"Startseite\",\"item\":\"https:\\\/\\\/www.uhrenankauf365.de\\\/uhr-verkaufen\\\/\"},{\"@type\":\"ListItem\",\"position\":2,\"name\":\"Piaget Polo Ankauf\"}]},{\"@type\":\"WebSite\",\"@id\":\"https:\\\/\\\/www.uhrenankauf365.de\\\/uhr-verkaufen\\\/#website\",\"url\":\"https:\\\/\\\/www.uhrenankauf365.de\\\/uhr-verkaufen\\\/\",\"name\":\"Uhrenankauf 365\",\"description\":\"Jetzt Ihre Luxusuhr verkaufen!\",\"publisher\":{\"@id\":\"https:\\\/\\\/www.uhrenankauf365.de\\\/uhr-verkaufen\\\/#organization\"},\"potentialAction\":[{\"@type\":\"SearchAction\",\"target\":{\"@type\":\"EntryPoint\",\"urlTemplate\":\"https:\\\/\\\/www.uhrenankauf365.de\\\/uhr-verkaufen\\\/?s={search_term_string}\"},\"query-input\":{\"@type\":\"PropertyValueSpecification\",\"valueRequired\":true,\"valueName\":\"search_term_string\"}}],\"inLanguage\":\"de\"},{\"@type\":\"Organization\",\"@id\":\"https:\\\/\\\/www.uhrenankauf365.de\\\/uhr-verkaufen\\\/#organization\",\"name\":\"uhrenankauf365.de, Anke Michels\",\"url\":\"https:\\\/\\\/www.uhrenankauf365.de\\\/uhr-verkaufen\\\/\",\"logo\":{\"@type\":\"ImageObject\",\"inLanguage\":\"de\",\"@id\":\"https:\\\/\\\/www.uhrenankauf365.de\\\/uhr-verkaufen\\\/#\\\/schema\\\/logo\\\/image\\\/\",\"url\":\"https:\\\/\\\/www.uhrenankauf365.de\\\/uhr-verkaufen\\\/wp-content\\\/uploads\\\/2020\\\/11\\\/logo_uhrenankauf.png\",\"contentUrl\":\"https:\\\/\\\/www.uhrenankauf365.de\\\/uhr-verkaufen\\\/wp-content\\\/uploads\\\/2020\\\/11\\\/logo_uhrenankauf.png\",\"width\":98,\"height\":100,\"caption\":\"uhrenankauf365.de, Anke Michels\"},\"image\":{\"@id\":\"https:\\\/\\\/www.uhrenankauf365.de\\\/uhr-verkaufen\\\/#\\\/schema\\\/logo\\\/image\\\/\"}}]}<\/script>\n<!-- \/ Yoast SEO plugin. -->","yoast_head_json":{"title":"Piaget Polo Ankauf - faire, schnelle Auszahlung","description":"Wir bieten im Piaget Polo Ankauf faire Preise f\u00fcr Ihre gebrauchte Luxusuhr und zahlen schnell und fair.","robots":{"index":"index","follow":"follow","max-snippet":"max-snippet:-1","max-image-preview":"max-image-preview:large","max-video-preview":"max-video-preview:-1"},"canonical":"https:\/\/www.uhrenankauf365.de\/uhr-verkaufen\/piaget-polo-ankauf\/","og_locale":"de_DE","og_type":"article","og_title":"Piaget Polo Ankauf - faire, schnelle Auszahlung","og_description":"Wir bieten im Piaget Polo Ankauf faire Preise f\u00fcr Ihre gebrauchte Luxusuhr und zahlen schnell und fair.","og_url":"https:\/\/www.uhrenankauf365.de\/uhr-verkaufen\/piaget-polo-ankauf\/","og_site_name":"Uhrenankauf 365","article_modified_time":"2024-09-10T13:11:27+00:00","og_image":[{"url":"https:\/\/www.uhrenankauf365.de\/uhr-verkaufen\/wp-content\/uploads\/2024\/09\/ankauf_piaget_polo_2.webp","type":"","width":"","height":""}],"twitter_card":"summary_large_image","twitter_misc":{"Gesch\u00e4tzte Lesezeit":"5\u00a0Minuten"},"schema":{"@context":"https:\/\/schema.org","@graph":[{"@type":"WebPage","@id":"https:\/\/www.uhrenankauf365.de\/uhr-verkaufen\/piaget-polo-ankauf\/","url":"https:\/\/www.uhrenankauf365.de\/uhr-verkaufen\/piaget-polo-ankauf\/","name":"Piaget Polo Ankauf - faire, schnelle Auszahlung","isPartOf":{"@id":"https:\/\/www.uhrenankauf365.de\/uhr-verkaufen\/#website"},"primaryImageOfPage":{"@id":"https:\/\/www.uhrenankauf365.de\/uhr-verkaufen\/piaget-polo-ankauf\/#primaryimage"},"image":{"@id":"https:\/\/www.uhrenankauf365.de\/uhr-verkaufen\/piaget-polo-ankauf\/#primaryimage"},"thumbnailUrl":"https:\/\/www.uhrenankauf365.de\/uhr-verkaufen\/wp-content\/uploads\/2024\/09\/ankauf_piaget_polo_2.webp","datePublished":"2024-09-10T11:03:49+00:00","dateModified":"2024-09-10T13:11:27+00:00","description":"Wir bieten im Piaget Polo Ankauf faire Preise f\u00fcr Ihre gebrauchte Luxusuhr und zahlen schnell und fair.","breadcrumb":{"@id":"https:\/\/www.uhrenankauf365.de\/uhr-verkaufen\/piaget-polo-ankauf\/#breadcrumb"},"inLanguage":"de","potentialAction":[{"@type":"ReadAction","target":["https:\/\/www.uhrenankauf365.de\/uhr-verkaufen\/piaget-polo-ankauf\/"]}]},{"@type":"ImageObject","inLanguage":"de","@id":"https:\/\/www.uhrenankauf365.de\/uhr-verkaufen\/piaget-polo-ankauf\/#primaryimage","url":"https:\/\/www.uhrenankauf365.de\/uhr-verkaufen\/wp-content\/uploads\/2024\/09\/ankauf_piaget_polo_2.webp","contentUrl":"https:\/\/www.uhrenankauf365.de\/uhr-verkaufen\/wp-content\/uploads\/2024\/09\/ankauf_piaget_polo_2.webp","width":1000,"height":984},{"@type":"BreadcrumbList","@id":"https:\/\/www.uhrenankauf365.de\/uhr-verkaufen\/piaget-polo-ankauf\/#breadcrumb","itemListElement":[{"@type":"ListItem","position":1,"name":"Startseite","item":"https:\/\/www.uhrenankauf365.de\/uhr-verkaufen\/"},{"@type":"ListItem","position":2,"name":"Piaget Polo Ankauf"}]},{"@type":"WebSite","@id":"https:\/\/www.uhrenankauf365.de\/uhr-verkaufen\/#website","url":"https:\/\/www.uhrenankauf365.de\/uhr-verkaufen\/","name":"Uhrenankauf 365","description":"Jetzt Ihre Luxusuhr verkaufen!","publisher":{"@id":"https:\/\/www.uhrenankauf365.de\/uhr-verkaufen\/#organization"},"potentialAction":[{"@type":"SearchAction","target":{"@type":"EntryPoint","urlTemplate":"https:\/\/www.uhrenankauf365.de\/uhr-verkaufen\/?s={search_term_string}"},"query-input":{"@type":"PropertyValueSpecification","valueRequired":true,"valueName":"search_term_string"}}],"inLanguage":"de"},{"@type":"Organization","@id":"https:\/\/www.uhrenankauf365.de\/uhr-verkaufen\/#organization","name":"uhrenankauf365.de, Anke Michels","url":"https:\/\/www.uhrenankauf365.de\/uhr-verkaufen\/","logo":{"@type":"ImageObject","inLanguage":"de","@id":"https:\/\/www.uhrenankauf365.de\/uhr-verkaufen\/#\/schema\/logo\/image\/","url":"https:\/\/www.uhrenankauf365.de\/uhr-verkaufen\/wp-content\/uploads\/2020\/11\/logo_uhrenankauf.png","contentUrl":"https:\/\/www.uhrenankauf365.de\/uhr-verkaufen\/wp-content\/uploads\/2020\/11\/logo_uhrenankauf.png","width":98,"height":100,"caption":"uhrenankauf365.de, Anke Michels"},"image":{"@id":"https:\/\/www.uhrenankauf365.de\/uhr-verkaufen\/#\/schema\/logo\/image\/"}}]}},"_links":{"self":[{"href":"https:\/\/www.uhrenankauf365.de\/uhr-verkaufen\/wp-json\/wp\/v2\/pages\/2019","targetHints":{"allow":["GET"]}}],"collection":[{"href":"https:\/\/www.uhrenankauf365.de\/uhr-verkaufen\/wp-json\/wp\/v2\/pages"}],"about":[{"href":"https:\/\/www.uhrenankauf365.de\/uhr-verkaufen\/wp-json\/wp\/v2\/types\/page"}],"author":[{"embeddable":true,"href":"https:\/\/www.uhrenankauf365.de\/uhr-verkaufen\/wp-json\/wp\/v2\/users\/1"}],"replies":[{"embeddable":true,"href":"https:\/\/www.uhrenankauf365.de\/uhr-verkaufen\/wp-json\/wp\/v2\/comments?post=2019"}],"version-history":[{"count":12,"href":"https:\/\/www.uhrenankauf365.de\/uhr-verkaufen\/wp-json\/wp\/v2\/pages\/2019\/revisions"}],"predecessor-version":[{"id":2038,"href":"https:\/\/www.uhrenankauf365.de\/uhr-verkaufen\/wp-json\/wp\/v2\/pages\/2019\/revisions\/2038"}],"wp:attachment":[{"href":"https:\/\/www.uhrenankauf365.de\/uhr-verkaufen\/wp-json\/wp\/v2\/media?parent=2019"}],"curies":[{"name":"wp","href":"https:\/\/api.w.org\/{rel}","templated":true}]}}