{"id":1962,"date":"2024-04-29T15:35:53","date_gmt":"2024-04-29T13:35:53","guid":{"rendered":"https:\/\/www.uhrenankauf365.de\/uhr-verkaufen\/?page_id=1962"},"modified":"2024-04-29T15:49:37","modified_gmt":"2024-04-29T13:49:37","slug":"ankauf-von-iwc-ingenieur-luxusuhren","status":"publish","type":"page","link":"https:\/\/www.uhrenankauf365.de\/uhr-verkaufen\/ankauf-von-iwc-ingenieur-luxusuhren\/","title":{"rendered":"Ankauf von IWC Ingenieur Luxusuhren"},"content":{"rendered":"\n<p>Sie suchen nach einem H\u00e4ndler, der Ihre <strong>IWC Ingenieur<\/strong> zu fairen Konditionen <strong>ankauft<\/strong>? Seit 1998 sind wir im Uhrenankauf auch auf die Luxusuhren von IWC spezialisiert und immer an Ingenieur-Uhren interessiert.<\/p>\n\n\n\n<p>Ein herausragendes Merkmal der IWC Ingenieur, die bei Uhrensammlern und H\u00e4ndlern wie uns sehr beliebt ist, ist ihre technische Innovation. Sie ist mit innovativen Materialien und Technologien ausgestattet, die ihre Leistungsf\u00e4higkeit maximieren. Von Titan und Keramik bis hin zu hochwertigen Uhrwerken mit Komplikationen wie Chronographen und Tourbillons bietet die Ingenieur eine Vielzahl von Optionen f\u00fcr Uhrenliebhaber, die h\u00f6chste Pr\u00e4zision und Zuverl\u00e4ssigkeit suchen. Haben Sie eine solche Uhr und m\u00f6chten sie im Uhrenankauf anbieten? <strong>Dazu haben wir ein <a href=\"https:\/\/www.uhrenankauf365.de\/uhr-verkaufen\/ankaufsformular\/\">Ankaufsformular<\/a>, in dem wir alle wichtigen Facts zur Uhr abfragen und somit schnell einen Preis nennen k\u00f6nnen.<\/strong><\/p>\n\n\n\n<figure class=\"wp-block-image size-large\"><img loading=\"lazy\" decoding=\"async\" width=\"1024\" height=\"454\" src=\"https:\/\/www.uhrenankauf365.de\/uhr-verkaufen\/wp-content\/uploads\/2024\/04\/ankauf-iwc-ingenieur-1024x454.webp\" alt=\"Abbildung einer IWC Ingenieur auf einer Original-Box\" class=\"wp-image-1963\" srcset=\"https:\/\/www.uhrenankauf365.de\/uhr-verkaufen\/wp-content\/uploads\/2024\/04\/ankauf-iwc-ingenieur-1024x454.webp 1024w, https:\/\/www.uhrenankauf365.de\/uhr-verkaufen\/wp-content\/uploads\/2024\/04\/ankauf-iwc-ingenieur-300x133.webp 300w, https:\/\/www.uhrenankauf365.de\/uhr-verkaufen\/wp-content\/uploads\/2024\/04\/ankauf-iwc-ingenieur-768x341.webp 768w, https:\/\/www.uhrenankauf365.de\/uhr-verkaufen\/wp-content\/uploads\/2024\/04\/ankauf-iwc-ingenieur.webp 1400w\" sizes=\"auto, (max-width: 1024px) 100vw, 1024px\" \/><\/figure>\n\n\n\n<h2 class=\"wp-block-heading\">Was ist meine IWC Ingenieur wert?<\/h2>\n\n\n\n<p>Selbstverst\u00e4ndlich stellen Sie sich diese Frage, wenn Sie Ihre Uhr verkaufen m\u00f6chten. Doch wer Ihnen an dieser Stelle einen fixen Preis nennt, arbeitet unseri\u00f6s. Um die Auszahlungssumme einsch\u00e4tzen zu k\u00f6nnen, m\u00fcssen wir zun\u00e4chst mehr \u00fcber Ihre IWC Ingenieur erfahren. Wie f\u00fcr andere Luxusuhren (<a href=\"https:\/\/www.uhrenankauf365.de\/uhr-verkaufen\/rolex\/\">Rolex<\/a>, <a href=\"https:\/\/www.uhrenankauf365.de\/uhr-verkaufen\/patek_philippe\/\">Patek Philippe<\/a>, <a href=\"https:\/\/www.uhrenankauf365.de\/uhr-verkaufen\/audemars_piguet\/\">Audemars Piguet<\/a>, &#8230;) gilt auch bei der Ingenieur: Der Preis wird von vielen Faktoren beeinflusst. So fragen wir im <a href=\"https:\/\/www.uhrenankauf365.de\/uhr-verkaufen\/ankaufsformular\/\">Ankaufsformular f\u00fcr Luxusuhren<\/a> zum Beispiel ab, ob Sie die Uhr mit der Original-Box des Herstellers verkaufen. Ebenfalls positiv auswirken wird es sich, wenn Sie nachweisen k\u00f6nnen, dass die Uhr gewartet wurde &#8211; zum Beispiel durch die Rechnung aus dem Service.<\/p>\n\n\n\n<h2 class=\"wp-block-heading\">Wie l\u00e4uft der Ankauf meiner IWC Ingenieur ab?<\/h2>\n\n\n\n<p>Wir kaufen bundesweit Uhren und sind auf das Online-Gesch\u00e4ft spezialisiert. Sprich wir betreiben keine klassischen Ladenlokale, sondern arbeiten mit Werttransportunternehmen zusammen, die Ihre Uhr bei Ihnen abholt. Nach eingehender Pr\u00fcfung veranlassen wir die Auszahlung auf Ihr Bankkonto &#8211; in der Regel noch am gleichen Tag! Seri\u00f6sit\u00e4t ist f\u00fcr uns elementarer Bestandteil unserer Gesch\u00e4ftsbeziehungen, von daher m\u00f6chten wir Ihnen gerne alle offenen Fragen zum Ankauf von IWC Ingenieur-Uhren (und allen anderen Luxusuhren, die unserem Portfolio entsprechen) vorab beantworten. <a href=\"https:\/\/www.uhrenankauf365.de\/uhr-verkaufen\/kontakt\/\">Telefonisch oder per E-Mail<\/a> &#8211; bitte kommen Sie gerne mit allen offenen Fragen auf uns zu!<\/p>\n\n\n\n<p>Die wichtigsten Informationen zum Ablauf haben wir au\u00dferdem auf der Seite <a href=\"https:\/\/www.uhrenankauf365.de\/uhr-verkaufen\/ankauf-faq\/\">FAQ<\/a> f\u00fcr Sie zusammengestellt.<\/p>\n\n\n\n<div class=\"container p-4 uak_heller_hintergrund\">\n<div class=\"row mb-4\">\n<div class=\"col-12 col-md-6 text-center\">\n<i class=\"uak365icon fas fa-file-alt\"><\/i><br>\n<div class=\"ankaufschritte_title\">Formular ausf\u00fcllen<\/div>\n<small>Das <a href=\"https:\/\/www.uhrenankauf365.de\/uhr-verkaufen\/ankaufsformular\/\" title=\"Ankaufsformular Uhren\">Ankaufsformular<\/a> erfasst alle wichtigen Angaben zur Armbanduhr, die Sie verkaufen m\u00f6chten und erleichtert die Ermittlung eines fairen Ankaufspreises.<\/small>\n<\/div>\n<div class=\"col-12 col-md-6 text-center\">\n<i class=\"uak365icon far fa-handshake\"><\/i><br>\n<div class=\"ankaufschritte_title\">Angebot erhalten<\/div>\n<small>Wir unterbreiten Ihnen nach Erhalt der Informationen zur Uhr ein Angebot zum Ankauf. Offene Fragen kl\u00e4ren wir vorab.<\/small>\n<\/div>\n<\/div>\n\n\n<div class=\"row\">\n<div class=\"col-12 col-md-6 text-center\">\n<i class=\"uak365icon fas fa-truck-loading\"><\/i><br>\n<div class=\"ankaufschritte_title\">Uhr wird abgeholt<\/div>\n<small>Ein auf Werttransporte spezialisiertes Unternehmen holt die Uhr bei Ihnen ab. Mehr dazu erfahren Sie <a href=\"https:\/\/www.uhrenankauf365.de\/uhr-verkaufen\/ankauf-faq\/\">hier<\/a>.<\/small>\n<\/div>\n<div class=\"col-12 col-md-6 text-center\">\n<i class=\"uak365icon fas fa-euro-sign\"><\/i><br>\n<div class=\"ankaufschritte_title\">Geld erhalten<\/div>\n<small>Nach Pr\u00fcfung der Armbanduhr zahlen wir den vereinbarten Ankaufspreis zuverl\u00e4ssig und schnell auf Ihr Konto aus.\n<\/small>\n<\/div>\n<\/div>\n\n<\/div>\n\n\n\n<p><\/p>\n","protected":false},"excerpt":{"rendered":"<p>Sie suchen nach einem H\u00e4ndler, der Ihre IWC Ingenieur zu fairen Konditionen ankauft? Seit 1998 sind wir im Uhrenankauf auch auf die Luxusuhren von IWC spezialisiert und immer an Ingenieur-Uhren interessiert. Ein herausragendes Merkmal der IWC Ingenieur, die bei Uhrensammlern und H\u00e4ndlern wie uns sehr beliebt ist, ist ihre technische Innovation. Sie ist mit innovativen [&hellip;]<\/p>\n","protected":false},"author":1,"featured_media":0,"parent":0,"menu_order":0,"comment_status":"closed","ping_status":"closed","template":"","meta":{"footnotes":""},"class_list":["post-1962","page","type-page","status-publish","hentry"],"yoast_head":"<!-- This site is optimized with the Yoast SEO plugin v27.3 - https:\/\/yoast.com\/product\/yoast-seo-wordpress\/ -->\n<title>Ankauf von IWC Ingenieur Luxusuhren - Uhrenankauf 365<\/title>\n<meta name=\"robots\" content=\"index, follow, max-snippet:-1, max-image-preview:large, max-video-preview:-1\" \/>\n<link rel=\"canonical\" href=\"https:\/\/www.uhrenankauf365.de\/uhr-verkaufen\/ankauf-von-iwc-ingenieur-luxusuhren\/\" \/>\n<meta property=\"og:locale\" content=\"de_DE\" \/>\n<meta property=\"og:type\" content=\"article\" \/>\n<meta property=\"og:title\" content=\"Ankauf von IWC Ingenieur Luxusuhren - Uhrenankauf 365\" \/>\n<meta property=\"og:description\" content=\"Sie suchen nach einem H\u00e4ndler, der Ihre IWC Ingenieur zu fairen Konditionen ankauft? Seit 1998 sind wir im Uhrenankauf auch auf die Luxusuhren von IWC spezialisiert und immer an Ingenieur-Uhren interessiert. Ein herausragendes Merkmal der IWC Ingenieur, die bei Uhrensammlern und H\u00e4ndlern wie uns sehr beliebt ist, ist ihre technische Innovation. Sie ist mit innovativen [&hellip;]\" \/>\n<meta property=\"og:url\" content=\"https:\/\/www.uhrenankauf365.de\/uhr-verkaufen\/ankauf-von-iwc-ingenieur-luxusuhren\/\" \/>\n<meta property=\"og:site_name\" content=\"Uhrenankauf 365\" \/>\n<meta property=\"article:modified_time\" content=\"2024-04-29T13:49:37+00:00\" \/>\n<meta property=\"og:image\" content=\"https:\/\/www.uhrenankauf365.de\/uhr-verkaufen\/wp-content\/uploads\/2024\/04\/ankauf-iwc-ingenieur-1024x454.webp\" \/>\n<meta name=\"twitter:card\" content=\"summary_large_image\" \/>\n<meta name=\"twitter:label1\" content=\"Gesch\u00e4tzte Lesezeit\" \/>\n\t<meta name=\"twitter:data1\" content=\"3\u00a0Minuten\" \/>\n<script type=\"application\/ld+json\" class=\"yoast-schema-graph\">{\"@context\":\"https:\\\/\\\/schema.org\",\"@graph\":[{\"@type\":\"WebPage\",\"@id\":\"https:\\\/\\\/www.uhrenankauf365.de\\\/uhr-verkaufen\\\/ankauf-von-iwc-ingenieur-luxusuhren\\\/\",\"url\":\"https:\\\/\\\/www.uhrenankauf365.de\\\/uhr-verkaufen\\\/ankauf-von-iwc-ingenieur-luxusuhren\\\/\",\"name\":\"Ankauf von IWC Ingenieur Luxusuhren - Uhrenankauf 365\",\"isPartOf\":{\"@id\":\"https:\\\/\\\/www.uhrenankauf365.de\\\/uhr-verkaufen\\\/#website\"},\"primaryImageOfPage\":{\"@id\":\"https:\\\/\\\/www.uhrenankauf365.de\\\/uhr-verkaufen\\\/ankauf-von-iwc-ingenieur-luxusuhren\\\/#primaryimage\"},\"image\":{\"@id\":\"https:\\\/\\\/www.uhrenankauf365.de\\\/uhr-verkaufen\\\/ankauf-von-iwc-ingenieur-luxusuhren\\\/#primaryimage\"},\"thumbnailUrl\":\"https:\\\/\\\/www.uhrenankauf365.de\\\/uhr-verkaufen\\\/wp-content\\\/uploads\\\/2024\\\/04\\\/ankauf-iwc-ingenieur-1024x454.webp\",\"datePublished\":\"2024-04-29T13:35:53+00:00\",\"dateModified\":\"2024-04-29T13:49:37+00:00\",\"breadcrumb\":{\"@id\":\"https:\\\/\\\/www.uhrenankauf365.de\\\/uhr-verkaufen\\\/ankauf-von-iwc-ingenieur-luxusuhren\\\/#breadcrumb\"},\"inLanguage\":\"de\",\"potentialAction\":[{\"@type\":\"ReadAction\",\"target\":[\"https:\\\/\\\/www.uhrenankauf365.de\\\/uhr-verkaufen\\\/ankauf-von-iwc-ingenieur-luxusuhren\\\/\"]}]},{\"@type\":\"ImageObject\",\"inLanguage\":\"de\",\"@id\":\"https:\\\/\\\/www.uhrenankauf365.de\\\/uhr-verkaufen\\\/ankauf-von-iwc-ingenieur-luxusuhren\\\/#primaryimage\",\"url\":\"https:\\\/\\\/www.uhrenankauf365.de\\\/uhr-verkaufen\\\/wp-content\\\/uploads\\\/2024\\\/04\\\/ankauf-iwc-ingenieur.webp\",\"contentUrl\":\"https:\\\/\\\/www.uhrenankauf365.de\\\/uhr-verkaufen\\\/wp-content\\\/uploads\\\/2024\\\/04\\\/ankauf-iwc-ingenieur.webp\",\"width\":1400,\"height\":621},{\"@type\":\"BreadcrumbList\",\"@id\":\"https:\\\/\\\/www.uhrenankauf365.de\\\/uhr-verkaufen\\\/ankauf-von-iwc-ingenieur-luxusuhren\\\/#breadcrumb\",\"itemListElement\":[{\"@type\":\"ListItem\",\"position\":1,\"name\":\"Startseite\",\"item\":\"https:\\\/\\\/www.uhrenankauf365.de\\\/uhr-verkaufen\\\/\"},{\"@type\":\"ListItem\",\"position\":2,\"name\":\"Ankauf von IWC Ingenieur Luxusuhren\"}]},{\"@type\":\"WebSite\",\"@id\":\"https:\\\/\\\/www.uhrenankauf365.de\\\/uhr-verkaufen\\\/#website\",\"url\":\"https:\\\/\\\/www.uhrenankauf365.de\\\/uhr-verkaufen\\\/\",\"name\":\"Uhrenankauf 365\",\"description\":\"Jetzt Ihre Luxusuhr verkaufen!\",\"publisher\":{\"@id\":\"https:\\\/\\\/www.uhrenankauf365.de\\\/uhr-verkaufen\\\/#organization\"},\"potentialAction\":[{\"@type\":\"SearchAction\",\"target\":{\"@type\":\"EntryPoint\",\"urlTemplate\":\"https:\\\/\\\/www.uhrenankauf365.de\\\/uhr-verkaufen\\\/?s={search_term_string}\"},\"query-input\":{\"@type\":\"PropertyValueSpecification\",\"valueRequired\":true,\"valueName\":\"search_term_string\"}}],\"inLanguage\":\"de\"},{\"@type\":\"Organization\",\"@id\":\"https:\\\/\\\/www.uhrenankauf365.de\\\/uhr-verkaufen\\\/#organization\",\"name\":\"uhrenankauf365.de, Anke Michels\",\"url\":\"https:\\\/\\\/www.uhrenankauf365.de\\\/uhr-verkaufen\\\/\",\"logo\":{\"@type\":\"ImageObject\",\"inLanguage\":\"de\",\"@id\":\"https:\\\/\\\/www.uhrenankauf365.de\\\/uhr-verkaufen\\\/#\\\/schema\\\/logo\\\/image\\\/\",\"url\":\"https:\\\/\\\/www.uhrenankauf365.de\\\/uhr-verkaufen\\\/wp-content\\\/uploads\\\/2020\\\/11\\\/logo_uhrenankauf.png\",\"contentUrl\":\"https:\\\/\\\/www.uhrenankauf365.de\\\/uhr-verkaufen\\\/wp-content\\\/uploads\\\/2020\\\/11\\\/logo_uhrenankauf.png\",\"width\":98,\"height\":100,\"caption\":\"uhrenankauf365.de, Anke Michels\"},\"image\":{\"@id\":\"https:\\\/\\\/www.uhrenankauf365.de\\\/uhr-verkaufen\\\/#\\\/schema\\\/logo\\\/image\\\/\"}}]}<\/script>\n<!-- \/ Yoast SEO plugin. -->","yoast_head_json":{"title":"Ankauf von IWC Ingenieur Luxusuhren - Uhrenankauf 365","robots":{"index":"index","follow":"follow","max-snippet":"max-snippet:-1","max-image-preview":"max-image-preview:large","max-video-preview":"max-video-preview:-1"},"canonical":"https:\/\/www.uhrenankauf365.de\/uhr-verkaufen\/ankauf-von-iwc-ingenieur-luxusuhren\/","og_locale":"de_DE","og_type":"article","og_title":"Ankauf von IWC Ingenieur Luxusuhren - Uhrenankauf 365","og_description":"Sie suchen nach einem H\u00e4ndler, der Ihre IWC Ingenieur zu fairen Konditionen ankauft? Seit 1998 sind wir im Uhrenankauf auch auf die Luxusuhren von IWC spezialisiert und immer an Ingenieur-Uhren interessiert. Ein herausragendes Merkmal der IWC Ingenieur, die bei Uhrensammlern und H\u00e4ndlern wie uns sehr beliebt ist, ist ihre technische Innovation. Sie ist mit innovativen [&hellip;]","og_url":"https:\/\/www.uhrenankauf365.de\/uhr-verkaufen\/ankauf-von-iwc-ingenieur-luxusuhren\/","og_site_name":"Uhrenankauf 365","article_modified_time":"2024-04-29T13:49:37+00:00","og_image":[{"url":"https:\/\/www.uhrenankauf365.de\/uhr-verkaufen\/wp-content\/uploads\/2024\/04\/ankauf-iwc-ingenieur-1024x454.webp","type":"","width":"","height":""}],"twitter_card":"summary_large_image","twitter_misc":{"Gesch\u00e4tzte Lesezeit":"3\u00a0Minuten"},"schema":{"@context":"https:\/\/schema.org","@graph":[{"@type":"WebPage","@id":"https:\/\/www.uhrenankauf365.de\/uhr-verkaufen\/ankauf-von-iwc-ingenieur-luxusuhren\/","url":"https:\/\/www.uhrenankauf365.de\/uhr-verkaufen\/ankauf-von-iwc-ingenieur-luxusuhren\/","name":"Ankauf von IWC Ingenieur Luxusuhren - Uhrenankauf 365","isPartOf":{"@id":"https:\/\/www.uhrenankauf365.de\/uhr-verkaufen\/#website"},"primaryImageOfPage":{"@id":"https:\/\/www.uhrenankauf365.de\/uhr-verkaufen\/ankauf-von-iwc-ingenieur-luxusuhren\/#primaryimage"},"image":{"@id":"https:\/\/www.uhrenankauf365.de\/uhr-verkaufen\/ankauf-von-iwc-ingenieur-luxusuhren\/#primaryimage"},"thumbnailUrl":"https:\/\/www.uhrenankauf365.de\/uhr-verkaufen\/wp-content\/uploads\/2024\/04\/ankauf-iwc-ingenieur-1024x454.webp","datePublished":"2024-04-29T13:35:53+00:00","dateModified":"2024-04-29T13:49:37+00:00","breadcrumb":{"@id":"https:\/\/www.uhrenankauf365.de\/uhr-verkaufen\/ankauf-von-iwc-ingenieur-luxusuhren\/#breadcrumb"},"inLanguage":"de","potentialAction":[{"@type":"ReadAction","target":["https:\/\/www.uhrenankauf365.de\/uhr-verkaufen\/ankauf-von-iwc-ingenieur-luxusuhren\/"]}]},{"@type":"ImageObject","inLanguage":"de","@id":"https:\/\/www.uhrenankauf365.de\/uhr-verkaufen\/ankauf-von-iwc-ingenieur-luxusuhren\/#primaryimage","url":"https:\/\/www.uhrenankauf365.de\/uhr-verkaufen\/wp-content\/uploads\/2024\/04\/ankauf-iwc-ingenieur.webp","contentUrl":"https:\/\/www.uhrenankauf365.de\/uhr-verkaufen\/wp-content\/uploads\/2024\/04\/ankauf-iwc-ingenieur.webp","width":1400,"height":621},{"@type":"BreadcrumbList","@id":"https:\/\/www.uhrenankauf365.de\/uhr-verkaufen\/ankauf-von-iwc-ingenieur-luxusuhren\/#breadcrumb","itemListElement":[{"@type":"ListItem","position":1,"name":"Startseite","item":"https:\/\/www.uhrenankauf365.de\/uhr-verkaufen\/"},{"@type":"ListItem","position":2,"name":"Ankauf von IWC Ingenieur Luxusuhren"}]},{"@type":"WebSite","@id":"https:\/\/www.uhrenankauf365.de\/uhr-verkaufen\/#website","url":"https:\/\/www.uhrenankauf365.de\/uhr-verkaufen\/","name":"Uhrenankauf 365","description":"Jetzt Ihre Luxusuhr verkaufen!","publisher":{"@id":"https:\/\/www.uhrenankauf365.de\/uhr-verkaufen\/#organization"},"potentialAction":[{"@type":"SearchAction","target":{"@type":"EntryPoint","urlTemplate":"https:\/\/www.uhrenankauf365.de\/uhr-verkaufen\/?s={search_term_string}"},"query-input":{"@type":"PropertyValueSpecification","valueRequired":true,"valueName":"search_term_string"}}],"inLanguage":"de"},{"@type":"Organization","@id":"https:\/\/www.uhrenankauf365.de\/uhr-verkaufen\/#organization","name":"uhrenankauf365.de, Anke Michels","url":"https:\/\/www.uhrenankauf365.de\/uhr-verkaufen\/","logo":{"@type":"ImageObject","inLanguage":"de","@id":"https:\/\/www.uhrenankauf365.de\/uhr-verkaufen\/#\/schema\/logo\/image\/","url":"https:\/\/www.uhrenankauf365.de\/uhr-verkaufen\/wp-content\/uploads\/2020\/11\/logo_uhrenankauf.png","contentUrl":"https:\/\/www.uhrenankauf365.de\/uhr-verkaufen\/wp-content\/uploads\/2020\/11\/logo_uhrenankauf.png","width":98,"height":100,"caption":"uhrenankauf365.de, Anke Michels"},"image":{"@id":"https:\/\/www.uhrenankauf365.de\/uhr-verkaufen\/#\/schema\/logo\/image\/"}}]}},"_links":{"self":[{"href":"https:\/\/www.uhrenankauf365.de\/uhr-verkaufen\/wp-json\/wp\/v2\/pages\/1962","targetHints":{"allow":["GET"]}}],"collection":[{"href":"https:\/\/www.uhrenankauf365.de\/uhr-verkaufen\/wp-json\/wp\/v2\/pages"}],"about":[{"href":"https:\/\/www.uhrenankauf365.de\/uhr-verkaufen\/wp-json\/wp\/v2\/types\/page"}],"author":[{"embeddable":true,"href":"https:\/\/www.uhrenankauf365.de\/uhr-verkaufen\/wp-json\/wp\/v2\/users\/1"}],"replies":[{"embeddable":true,"href":"https:\/\/www.uhrenankauf365.de\/uhr-verkaufen\/wp-json\/wp\/v2\/comments?post=1962"}],"version-history":[{"count":2,"href":"https:\/\/www.uhrenankauf365.de\/uhr-verkaufen\/wp-json\/wp\/v2\/pages\/1962\/revisions"}],"predecessor-version":[{"id":1969,"href":"https:\/\/www.uhrenankauf365.de\/uhr-verkaufen\/wp-json\/wp\/v2\/pages\/1962\/revisions\/1969"}],"wp:attachment":[{"href":"https:\/\/www.uhrenankauf365.de\/uhr-verkaufen\/wp-json\/wp\/v2\/media?parent=1962"}],"curies":[{"name":"wp","href":"https:\/\/api.w.org\/{rel}","templated":true}]}}