{"id":1955,"date":"2024-04-29T14:11:55","date_gmt":"2024-04-29T12:11:55","guid":{"rendered":"https:\/\/www.uhrenankauf365.de\/uhr-verkaufen\/?page_id=1955"},"modified":"2024-08-04T11:16:35","modified_gmt":"2024-08-04T09:16:35","slug":"beliebt-im-uhrenankauf-die-patek-philippe-ellipse","status":"publish","type":"page","link":"https:\/\/www.uhrenankauf365.de\/uhr-verkaufen\/beliebt-im-uhrenankauf-die-patek-philippe-ellipse\/","title":{"rendered":"Beliebt im Uhrenankauf: Die Patek Philippe Ellipse"},"content":{"rendered":"\n<p>Zu den Klassikern im Uhrenankauf geh\u00f6rt zweifels ohne die Ellipse von Patek Philippe: Eine Uhr, die sich durch ihre unverwechselbare Form und zeitlose Eleganz auszeichnet. Seit ihrer Einf\u00fchrung im Jahr 1968 hat die Ellipse die Herzen von Uhrenliebhabern auf der ganzen Welt erobert.<\/p>\n\n\n\n<figure class=\"wp-block-gallery has-nested-images columns-default is-cropped wp-block-gallery-1 is-layout-flex wp-block-gallery-is-layout-flex\">\n<figure class=\"wp-block-image size-medium\"><img loading=\"lazy\" decoding=\"async\" width=\"300\" height=\"200\" data-id=\"1957\" src=\"https:\/\/www.uhrenankauf365.de\/uhr-verkaufen\/wp-content\/uploads\/2024\/04\/patek-philippe-ellipse-ankauf3-300x200.jpg\" alt=\"\" class=\"wp-image-1957\" srcset=\"https:\/\/www.uhrenankauf365.de\/uhr-verkaufen\/wp-content\/uploads\/2024\/04\/patek-philippe-ellipse-ankauf3-300x200.jpg 300w, https:\/\/www.uhrenankauf365.de\/uhr-verkaufen\/wp-content\/uploads\/2024\/04\/patek-philippe-ellipse-ankauf3-1024x681.jpg 1024w, https:\/\/www.uhrenankauf365.de\/uhr-verkaufen\/wp-content\/uploads\/2024\/04\/patek-philippe-ellipse-ankauf3-768x511.jpg 768w, https:\/\/www.uhrenankauf365.de\/uhr-verkaufen\/wp-content\/uploads\/2024\/04\/patek-philippe-ellipse-ankauf3-1536x1022.jpg 1536w, https:\/\/www.uhrenankauf365.de\/uhr-verkaufen\/wp-content\/uploads\/2024\/04\/patek-philippe-ellipse-ankauf3-2048x1363.jpg 2048w\" sizes=\"auto, (max-width: 300px) 100vw, 300px\" \/><\/figure>\n\n\n\n<figure class=\"wp-block-image size-medium\"><img loading=\"lazy\" decoding=\"async\" width=\"300\" height=\"225\" data-id=\"1956\" src=\"https:\/\/www.uhrenankauf365.de\/uhr-verkaufen\/wp-content\/uploads\/2024\/04\/patek-philippe-ellipse-ankauf1-300x225.jpg\" alt=\"\" class=\"wp-image-1956\" srcset=\"https:\/\/www.uhrenankauf365.de\/uhr-verkaufen\/wp-content\/uploads\/2024\/04\/patek-philippe-ellipse-ankauf1-300x225.jpg 300w, https:\/\/www.uhrenankauf365.de\/uhr-verkaufen\/wp-content\/uploads\/2024\/04\/patek-philippe-ellipse-ankauf1.jpg 640w\" sizes=\"auto, (max-width: 300px) 100vw, 300px\" \/><\/figure>\n<\/figure>\n\n\n\n<p>Was die Ellipse einzigartig macht, ist ihre ikonische ovale Form (siehe Foto), die durch das harmonische Zusammenspiel von Linien und Kurven entsteht. Diese \u00e4sthetische Raffinesse verleiht der Uhr eine unvergleichliche Anmut und macht sie zu einem zeitlosen Kunstwerk am Handgelenk.<\/p>\n\n\n\n<p>Seit dem ersten Auftritt im Jahre 1968 und Ihrer neuartigen Geh\u00e4useform, hat sich die Patek Philippe Ellipse d&#8217;Or in der Uhrenwelt etabliert. Die ausgewogenen Proportionen sowie das Seitenverh\u00e4tnis des Geh\u00e4uses von 1:1,6181, die das Auge als sehr angenehm empfindet, sind Teil des \u201egoldenen Schnitts\u201c, der auch \u201eg\u00f6ttliche Proportion\u201c genannt wird. Dieses Prinzip, welches schon seit der grieschichen Antike entdeckt wurde, hat sich mithilfe der Ellipse d\u2019Or zu einer Patek Philippe mit den gr\u00f6\u00dften Wiedererkennungswert entwickelt.\u00a0<\/p>\n\n\n\n<p>Doch die Einzigartigkeit der Ellipse reicht weit \u00fcber ihr \u00e4u\u00dferes Erscheinungsbild hinaus. Unter der edlen Fassade verbirgt sich pr\u00e4zise Handwerkskunst und technische Exzellenz, wie man sie von <a href=\"https:\/\/www.uhrenankauf365.de\/uhr-verkaufen\/patek_philippe\/\">Patek Philippe<\/a> kennt. Jede Uhr wird von erfahrenen Uhrmachern mit h\u00f6chster Pr\u00e4zision und Sorgfalt gefertigt, wodurch eine au\u00dfergew\u00f6hnliche Qualit\u00e4t gew\u00e4hrleistet wird.<\/p>\n\n\n\n<p>Dar\u00fcber hinaus ist die Ellipse auch ein Symbol f\u00fcr Stil, Raffinesse und Luxus. Sie verk\u00f6rpert den zeitlosen Charme und die traditionsreiche Geschichte von Patek Philippe, einer der angesehensten Uhrenmanufakturen der Welt. Im Ankauf von Uhren freuen wir uns, wenn Sie eine Ellipse \u00fcber das <a href=\"https:\/\/www.uhrenankauf365.de\/uhr-verkaufen\/ankaufsformular\/\">Ankaufsformular<\/a> anbieten.<\/p>\n\n\n\n<h2 class=\"wp-block-heading\">Was ist meine Patek Philippe Ellipse wert?<\/h2>\n\n\n\n<p>Eines l\u00e4sst sich mit Sicherheit sagen: Die Ellipse geh\u00f6rt zur Klasse der <a href=\"https:\/\/www.nobeluhren-store.de\/\">Luxusuhren<\/a>. Wie hoch die m\u00f6gliche Auszahlungssumme im Ankauf jedoch genau ist, l\u00e4sst sich pauschal leider nicht beantworten. Zu viele Faktoren haben auf den Preis Einfluss, als dass wir Ihnen an dieser Stelle einen Preis oder auch nur eine Spanne nennen k\u00f6nnten. Sie erhalten jedoch nach \u00dcbermittlung Ihres Angebots in der Regel innerhalb weniger Stunden eine Antwort von uns, die auch den m\u00f6glichen Auszahlungsbetrag beinhaltet. <\/p>\n\n\n\n<h2 class=\"wp-block-heading\">Unser Ankaufsformular: Schnell und einfach zum m\u00f6glichen Preis<\/h2>\n\n\n\n<p>Das Ankaufsformular erfasst alle wichtigen Informationen zu Ihrer Patek Philippe Ellipse. So k\u00f6nnen wir schnell reagieren und Ihnen den m\u00f6glichen Auszahlungsbetrag im Ankauf nennen. Dabei sind viele Faktoren f\u00fcr uns interessant, zum Beispiel ob Sie eine Wartung nachweisen k\u00f6nnen und ob die Uhr mitsamt der Original-Box und den Original-Papieren verkauft wird. Nutzen Sie also gerne die M\u00f6glichkeit, uns \u00fcber das Formular die Uhr zum Ankauf anzubieten!<\/p>\n\n\n\n<div class=\"container p-4 uak_heller_hintergrund\">\n<div class=\"row mb-4\">\n<div class=\"col-12 col-md-6 text-center\">\n<i class=\"uak365icon fas fa-file-alt\"><\/i><br>\n<div class=\"ankaufschritte_title\">Formular ausf\u00fcllen<\/div>\n<small>Das <a href=\"https:\/\/www.uhrenankauf365.de\/uhr-verkaufen\/ankaufsformular\/\" title=\"Ankaufsformular Uhren\">Ankaufsformular<\/a> erfasst alle wichtigen Angaben zur Armbanduhr, die Sie verkaufen m\u00f6chten und erleichtert die Ermittlung eines fairen Ankaufspreises.<\/small>\n<\/div>\n<div class=\"col-12 col-md-6 text-center\">\n<i class=\"uak365icon far fa-handshake\"><\/i><br>\n<div class=\"ankaufschritte_title\">Angebot erhalten<\/div>\n<small>Wir unterbreiten Ihnen nach Erhalt der Informationen zur Uhr ein Angebot zum Ankauf. Offene Fragen kl\u00e4ren wir vorab.<\/small>\n<\/div>\n<\/div>\n\n\n<div class=\"row\">\n<div class=\"col-12 col-md-6 text-center\">\n<i class=\"uak365icon fas fa-truck-loading\"><\/i><br>\n<div class=\"ankaufschritte_title\">Uhr wird abgeholt<\/div>\n<small>Ein auf Werttransporte spezialisiertes Unternehmen holt die Uhr bei Ihnen ab. Mehr dazu erfahren Sie <a href=\"https:\/\/www.uhrenankauf365.de\/uhr-verkaufen\/ankauf-faq\/\">hier<\/a>.<\/small>\n<\/div>\n<div class=\"col-12 col-md-6 text-center\">\n<i class=\"uak365icon fas fa-euro-sign\"><\/i><br>\n<div class=\"ankaufschritte_title\">Geld erhalten<\/div>\n<small>Nach Pr\u00fcfung der Armbanduhr zahlen wir den vereinbarten Ankaufspreis zuverl\u00e4ssig und schnell auf Ihr Konto aus.\n<\/small>\n<\/div>\n<\/div>\n\n<\/div>\n","protected":false},"excerpt":{"rendered":"<p>Zu den Klassikern im Uhrenankauf geh\u00f6rt zweifels ohne die Ellipse von Patek Philippe: Eine Uhr, die sich durch ihre unverwechselbare Form und zeitlose Eleganz auszeichnet. Seit ihrer Einf\u00fchrung im Jahr 1968 hat die Ellipse die Herzen von Uhrenliebhabern auf der ganzen Welt erobert. Was die Ellipse einzigartig macht, ist ihre ikonische ovale Form (siehe Foto), [&hellip;]<\/p>\n","protected":false},"author":1,"featured_media":0,"parent":0,"menu_order":0,"comment_status":"closed","ping_status":"closed","template":"","meta":{"footnotes":""},"class_list":["post-1955","page","type-page","status-publish","hentry"],"yoast_head":"<!-- This site is optimized with the Yoast SEO plugin v27.4 - https:\/\/yoast.com\/product\/yoast-seo-wordpress\/ -->\n<title>Beliebt im Uhrenankauf: Die Patek Philippe Ellipse<\/title>\n<meta name=\"description\" content=\"Die Patek Philippe Ellipse Luxusuhr ist bei Sammlern und H\u00e4ndlern gleicherma\u00dfen beliebt. Wir kaufen Ihre Luxusuhr!\" \/>\n<meta name=\"robots\" content=\"index, follow, max-snippet:-1, max-image-preview:large, max-video-preview:-1\" \/>\n<link rel=\"canonical\" href=\"https:\/\/www.uhrenankauf365.de\/uhr-verkaufen\/beliebt-im-uhrenankauf-die-patek-philippe-ellipse\/\" \/>\n<meta property=\"og:locale\" content=\"de_DE\" \/>\n<meta property=\"og:type\" content=\"article\" \/>\n<meta property=\"og:title\" content=\"Beliebt im Uhrenankauf: Die Patek Philippe Ellipse\" \/>\n<meta property=\"og:description\" content=\"Die Patek Philippe Ellipse Luxusuhr ist bei Sammlern und H\u00e4ndlern gleicherma\u00dfen beliebt. Wir kaufen Ihre Luxusuhr!\" \/>\n<meta property=\"og:url\" content=\"https:\/\/www.uhrenankauf365.de\/uhr-verkaufen\/beliebt-im-uhrenankauf-die-patek-philippe-ellipse\/\" \/>\n<meta property=\"og:site_name\" content=\"Uhrenankauf 365\" \/>\n<meta property=\"article:modified_time\" content=\"2024-08-04T09:16:35+00:00\" \/>\n<meta property=\"og:image\" content=\"https:\/\/www.uhrenankauf365.de\/uhr-verkaufen\/wp-content\/uploads\/2024\/04\/patek-philippe-ellipse-ankauf3-300x200.jpg\" \/>\n<meta name=\"twitter:card\" content=\"summary_large_image\" \/>\n<meta name=\"twitter:label1\" content=\"Gesch\u00e4tzte Lesezeit\" \/>\n\t<meta name=\"twitter:data1\" content=\"6\u00a0Minuten\" \/>\n<script type=\"application\/ld+json\" class=\"yoast-schema-graph\">{\"@context\":\"https:\\\/\\\/schema.org\",\"@graph\":[{\"@type\":\"WebPage\",\"@id\":\"https:\\\/\\\/www.uhrenankauf365.de\\\/uhr-verkaufen\\\/beliebt-im-uhrenankauf-die-patek-philippe-ellipse\\\/\",\"url\":\"https:\\\/\\\/www.uhrenankauf365.de\\\/uhr-verkaufen\\\/beliebt-im-uhrenankauf-die-patek-philippe-ellipse\\\/\",\"name\":\"Beliebt im Uhrenankauf: Die Patek Philippe Ellipse\",\"isPartOf\":{\"@id\":\"https:\\\/\\\/www.uhrenankauf365.de\\\/uhr-verkaufen\\\/#website\"},\"primaryImageOfPage\":{\"@id\":\"https:\\\/\\\/www.uhrenankauf365.de\\\/uhr-verkaufen\\\/beliebt-im-uhrenankauf-die-patek-philippe-ellipse\\\/#primaryimage\"},\"image\":{\"@id\":\"https:\\\/\\\/www.uhrenankauf365.de\\\/uhr-verkaufen\\\/beliebt-im-uhrenankauf-die-patek-philippe-ellipse\\\/#primaryimage\"},\"thumbnailUrl\":\"https:\\\/\\\/www.uhrenankauf365.de\\\/uhr-verkaufen\\\/wp-content\\\/uploads\\\/2024\\\/04\\\/patek-philippe-ellipse-ankauf3-300x200.jpg\",\"datePublished\":\"2024-04-29T12:11:55+00:00\",\"dateModified\":\"2024-08-04T09:16:35+00:00\",\"description\":\"Die Patek Philippe Ellipse Luxusuhr ist bei Sammlern und H\u00e4ndlern gleicherma\u00dfen beliebt. Wir kaufen Ihre Luxusuhr!\",\"breadcrumb\":{\"@id\":\"https:\\\/\\\/www.uhrenankauf365.de\\\/uhr-verkaufen\\\/beliebt-im-uhrenankauf-die-patek-philippe-ellipse\\\/#breadcrumb\"},\"inLanguage\":\"de\",\"potentialAction\":[{\"@type\":\"ReadAction\",\"target\":[\"https:\\\/\\\/www.uhrenankauf365.de\\\/uhr-verkaufen\\\/beliebt-im-uhrenankauf-die-patek-philippe-ellipse\\\/\"]}]},{\"@type\":\"ImageObject\",\"inLanguage\":\"de\",\"@id\":\"https:\\\/\\\/www.uhrenankauf365.de\\\/uhr-verkaufen\\\/beliebt-im-uhrenankauf-die-patek-philippe-ellipse\\\/#primaryimage\",\"url\":\"https:\\\/\\\/www.uhrenankauf365.de\\\/uhr-verkaufen\\\/wp-content\\\/uploads\\\/2024\\\/04\\\/patek-philippe-ellipse-ankauf3-scaled.jpg\",\"contentUrl\":\"https:\\\/\\\/www.uhrenankauf365.de\\\/uhr-verkaufen\\\/wp-content\\\/uploads\\\/2024\\\/04\\\/patek-philippe-ellipse-ankauf3-scaled.jpg\",\"width\":2560,\"height\":1703},{\"@type\":\"BreadcrumbList\",\"@id\":\"https:\\\/\\\/www.uhrenankauf365.de\\\/uhr-verkaufen\\\/beliebt-im-uhrenankauf-die-patek-philippe-ellipse\\\/#breadcrumb\",\"itemListElement\":[{\"@type\":\"ListItem\",\"position\":1,\"name\":\"Startseite\",\"item\":\"https:\\\/\\\/www.uhrenankauf365.de\\\/uhr-verkaufen\\\/\"},{\"@type\":\"ListItem\",\"position\":2,\"name\":\"Beliebt im Uhrenankauf: Die Patek Philippe Ellipse\"}]},{\"@type\":\"WebSite\",\"@id\":\"https:\\\/\\\/www.uhrenankauf365.de\\\/uhr-verkaufen\\\/#website\",\"url\":\"https:\\\/\\\/www.uhrenankauf365.de\\\/uhr-verkaufen\\\/\",\"name\":\"Uhrenankauf 365\",\"description\":\"Jetzt Ihre Luxusuhr verkaufen!\",\"publisher\":{\"@id\":\"https:\\\/\\\/www.uhrenankauf365.de\\\/uhr-verkaufen\\\/#organization\"},\"potentialAction\":[{\"@type\":\"SearchAction\",\"target\":{\"@type\":\"EntryPoint\",\"urlTemplate\":\"https:\\\/\\\/www.uhrenankauf365.de\\\/uhr-verkaufen\\\/?s={search_term_string}\"},\"query-input\":{\"@type\":\"PropertyValueSpecification\",\"valueRequired\":true,\"valueName\":\"search_term_string\"}}],\"inLanguage\":\"de\"},{\"@type\":\"Organization\",\"@id\":\"https:\\\/\\\/www.uhrenankauf365.de\\\/uhr-verkaufen\\\/#organization\",\"name\":\"uhrenankauf365.de, Anke Michels\",\"url\":\"https:\\\/\\\/www.uhrenankauf365.de\\\/uhr-verkaufen\\\/\",\"logo\":{\"@type\":\"ImageObject\",\"inLanguage\":\"de\",\"@id\":\"https:\\\/\\\/www.uhrenankauf365.de\\\/uhr-verkaufen\\\/#\\\/schema\\\/logo\\\/image\\\/\",\"url\":\"https:\\\/\\\/www.uhrenankauf365.de\\\/uhr-verkaufen\\\/wp-content\\\/uploads\\\/2020\\\/11\\\/logo_uhrenankauf.png\",\"contentUrl\":\"https:\\\/\\\/www.uhrenankauf365.de\\\/uhr-verkaufen\\\/wp-content\\\/uploads\\\/2020\\\/11\\\/logo_uhrenankauf.png\",\"width\":98,\"height\":100,\"caption\":\"uhrenankauf365.de, Anke Michels\"},\"image\":{\"@id\":\"https:\\\/\\\/www.uhrenankauf365.de\\\/uhr-verkaufen\\\/#\\\/schema\\\/logo\\\/image\\\/\"}}]}<\/script>\n<!-- \/ Yoast SEO plugin. -->","yoast_head_json":{"title":"Beliebt im Uhrenankauf: Die Patek Philippe Ellipse","description":"Die Patek Philippe Ellipse Luxusuhr ist bei Sammlern und H\u00e4ndlern gleicherma\u00dfen beliebt. Wir kaufen Ihre Luxusuhr!","robots":{"index":"index","follow":"follow","max-snippet":"max-snippet:-1","max-image-preview":"max-image-preview:large","max-video-preview":"max-video-preview:-1"},"canonical":"https:\/\/www.uhrenankauf365.de\/uhr-verkaufen\/beliebt-im-uhrenankauf-die-patek-philippe-ellipse\/","og_locale":"de_DE","og_type":"article","og_title":"Beliebt im Uhrenankauf: Die Patek Philippe Ellipse","og_description":"Die Patek Philippe Ellipse Luxusuhr ist bei Sammlern und H\u00e4ndlern gleicherma\u00dfen beliebt. Wir kaufen Ihre Luxusuhr!","og_url":"https:\/\/www.uhrenankauf365.de\/uhr-verkaufen\/beliebt-im-uhrenankauf-die-patek-philippe-ellipse\/","og_site_name":"Uhrenankauf 365","article_modified_time":"2024-08-04T09:16:35+00:00","og_image":[{"url":"https:\/\/www.uhrenankauf365.de\/uhr-verkaufen\/wp-content\/uploads\/2024\/04\/patek-philippe-ellipse-ankauf3-300x200.jpg","type":"","width":"","height":""}],"twitter_card":"summary_large_image","twitter_misc":{"Gesch\u00e4tzte Lesezeit":"6\u00a0Minuten"},"schema":{"@context":"https:\/\/schema.org","@graph":[{"@type":"WebPage","@id":"https:\/\/www.uhrenankauf365.de\/uhr-verkaufen\/beliebt-im-uhrenankauf-die-patek-philippe-ellipse\/","url":"https:\/\/www.uhrenankauf365.de\/uhr-verkaufen\/beliebt-im-uhrenankauf-die-patek-philippe-ellipse\/","name":"Beliebt im Uhrenankauf: Die Patek Philippe Ellipse","isPartOf":{"@id":"https:\/\/www.uhrenankauf365.de\/uhr-verkaufen\/#website"},"primaryImageOfPage":{"@id":"https:\/\/www.uhrenankauf365.de\/uhr-verkaufen\/beliebt-im-uhrenankauf-die-patek-philippe-ellipse\/#primaryimage"},"image":{"@id":"https:\/\/www.uhrenankauf365.de\/uhr-verkaufen\/beliebt-im-uhrenankauf-die-patek-philippe-ellipse\/#primaryimage"},"thumbnailUrl":"https:\/\/www.uhrenankauf365.de\/uhr-verkaufen\/wp-content\/uploads\/2024\/04\/patek-philippe-ellipse-ankauf3-300x200.jpg","datePublished":"2024-04-29T12:11:55+00:00","dateModified":"2024-08-04T09:16:35+00:00","description":"Die Patek Philippe Ellipse Luxusuhr ist bei Sammlern und H\u00e4ndlern gleicherma\u00dfen beliebt. Wir kaufen Ihre Luxusuhr!","breadcrumb":{"@id":"https:\/\/www.uhrenankauf365.de\/uhr-verkaufen\/beliebt-im-uhrenankauf-die-patek-philippe-ellipse\/#breadcrumb"},"inLanguage":"de","potentialAction":[{"@type":"ReadAction","target":["https:\/\/www.uhrenankauf365.de\/uhr-verkaufen\/beliebt-im-uhrenankauf-die-patek-philippe-ellipse\/"]}]},{"@type":"ImageObject","inLanguage":"de","@id":"https:\/\/www.uhrenankauf365.de\/uhr-verkaufen\/beliebt-im-uhrenankauf-die-patek-philippe-ellipse\/#primaryimage","url":"https:\/\/www.uhrenankauf365.de\/uhr-verkaufen\/wp-content\/uploads\/2024\/04\/patek-philippe-ellipse-ankauf3-scaled.jpg","contentUrl":"https:\/\/www.uhrenankauf365.de\/uhr-verkaufen\/wp-content\/uploads\/2024\/04\/patek-philippe-ellipse-ankauf3-scaled.jpg","width":2560,"height":1703},{"@type":"BreadcrumbList","@id":"https:\/\/www.uhrenankauf365.de\/uhr-verkaufen\/beliebt-im-uhrenankauf-die-patek-philippe-ellipse\/#breadcrumb","itemListElement":[{"@type":"ListItem","position":1,"name":"Startseite","item":"https:\/\/www.uhrenankauf365.de\/uhr-verkaufen\/"},{"@type":"ListItem","position":2,"name":"Beliebt im Uhrenankauf: Die Patek Philippe Ellipse"}]},{"@type":"WebSite","@id":"https:\/\/www.uhrenankauf365.de\/uhr-verkaufen\/#website","url":"https:\/\/www.uhrenankauf365.de\/uhr-verkaufen\/","name":"Uhrenankauf 365","description":"Jetzt Ihre Luxusuhr verkaufen!","publisher":{"@id":"https:\/\/www.uhrenankauf365.de\/uhr-verkaufen\/#organization"},"potentialAction":[{"@type":"SearchAction","target":{"@type":"EntryPoint","urlTemplate":"https:\/\/www.uhrenankauf365.de\/uhr-verkaufen\/?s={search_term_string}"},"query-input":{"@type":"PropertyValueSpecification","valueRequired":true,"valueName":"search_term_string"}}],"inLanguage":"de"},{"@type":"Organization","@id":"https:\/\/www.uhrenankauf365.de\/uhr-verkaufen\/#organization","name":"uhrenankauf365.de, Anke Michels","url":"https:\/\/www.uhrenankauf365.de\/uhr-verkaufen\/","logo":{"@type":"ImageObject","inLanguage":"de","@id":"https:\/\/www.uhrenankauf365.de\/uhr-verkaufen\/#\/schema\/logo\/image\/","url":"https:\/\/www.uhrenankauf365.de\/uhr-verkaufen\/wp-content\/uploads\/2020\/11\/logo_uhrenankauf.png","contentUrl":"https:\/\/www.uhrenankauf365.de\/uhr-verkaufen\/wp-content\/uploads\/2020\/11\/logo_uhrenankauf.png","width":98,"height":100,"caption":"uhrenankauf365.de, Anke Michels"},"image":{"@id":"https:\/\/www.uhrenankauf365.de\/uhr-verkaufen\/#\/schema\/logo\/image\/"}}]}},"_links":{"self":[{"href":"https:\/\/www.uhrenankauf365.de\/uhr-verkaufen\/wp-json\/wp\/v2\/pages\/1955","targetHints":{"allow":["GET"]}}],"collection":[{"href":"https:\/\/www.uhrenankauf365.de\/uhr-verkaufen\/wp-json\/wp\/v2\/pages"}],"about":[{"href":"https:\/\/www.uhrenankauf365.de\/uhr-verkaufen\/wp-json\/wp\/v2\/types\/page"}],"author":[{"embeddable":true,"href":"https:\/\/www.uhrenankauf365.de\/uhr-verkaufen\/wp-json\/wp\/v2\/users\/1"}],"replies":[{"embeddable":true,"href":"https:\/\/www.uhrenankauf365.de\/uhr-verkaufen\/wp-json\/wp\/v2\/comments?post=1955"}],"version-history":[{"count":2,"href":"https:\/\/www.uhrenankauf365.de\/uhr-verkaufen\/wp-json\/wp\/v2\/pages\/1955\/revisions"}],"predecessor-version":[{"id":1971,"href":"https:\/\/www.uhrenankauf365.de\/uhr-verkaufen\/wp-json\/wp\/v2\/pages\/1955\/revisions\/1971"}],"wp:attachment":[{"href":"https:\/\/www.uhrenankauf365.de\/uhr-verkaufen\/wp-json\/wp\/v2\/media?parent=1955"}],"curies":[{"name":"wp","href":"https:\/\/api.w.org\/{rel}","templated":true}]}}