{"id":1947,"date":"2024-04-18T16:10:17","date_gmt":"2024-04-18T14:10:17","guid":{"rendered":"https:\/\/www.uhrenankauf365.de\/uhr-verkaufen\/?page_id=1947"},"modified":"2024-04-18T16:12:06","modified_gmt":"2024-04-18T14:12:06","slug":"rolex-yacht-master","status":"publish","type":"page","link":"https:\/\/www.uhrenankauf365.de\/uhr-verkaufen\/rolex-yacht-master\/","title":{"rendered":"Ein Dauerbrenner im Uhrenankauf: Die Rolex Yacht Master"},"content":{"rendered":"\n<p>Einer der absoluten Klassiker und &#8222;Dauerg\u00e4ste&#8220; im Ankauf von Luxusuhren ist die <strong>Rolex Yacht Master<\/strong>. M\u00f6chten Sie diese <strong>Uhr verkaufen<\/strong>? Worauf es im Uhrenankauf (bzw. -verkauf) ankommt und was sich positiv auf den Preis auswirkt, das erfahren Sie in diesem Artikel.<\/p>\n\n\n\n<figure class=\"wp-block-image size-large\"><img loading=\"lazy\" decoding=\"async\" width=\"1024\" height=\"422\" src=\"https:\/\/www.uhrenankauf365.de\/uhr-verkaufen\/wp-content\/uploads\/2024\/04\/rolex_yacht_master_ankauf-1024x422.jpg\" alt=\"Foto einer Rolex Yacht Master in der originalen Box mit Papieren\" class=\"wp-image-1948\" srcset=\"https:\/\/www.uhrenankauf365.de\/uhr-verkaufen\/wp-content\/uploads\/2024\/04\/rolex_yacht_master_ankauf-1024x422.jpg 1024w, https:\/\/www.uhrenankauf365.de\/uhr-verkaufen\/wp-content\/uploads\/2024\/04\/rolex_yacht_master_ankauf-300x124.jpg 300w, https:\/\/www.uhrenankauf365.de\/uhr-verkaufen\/wp-content\/uploads\/2024\/04\/rolex_yacht_master_ankauf-768x317.jpg 768w, https:\/\/www.uhrenankauf365.de\/uhr-verkaufen\/wp-content\/uploads\/2024\/04\/rolex_yacht_master_ankauf.jpg 1452w\" sizes=\"auto, (max-width: 1024px) 100vw, 1024px\" \/><\/figure>\n\n\n\n<h2 class=\"wp-block-heading\">Die Yacht Master-Reihe von Rolex<\/h2>\n\n\n\n<p>Die Rolex Yacht Master Uhrenreihe ist bekannt f\u00fcr ihre robuste Konstruktion und ihre praktischen Funktionen, die sie zu einer beliebten Wahl f\u00fcr Segler und Wassersportler machen. Doch auch Uhrenliebhaber, die eher den Sport an Land bevorzugen, sch\u00e4tzen diese Uhr. Seit ihrer Einf\u00fchrung hat sich die Yacht-Master Linie zu einem Symbol f\u00fcr den maritimen Lifestyle entwickelt.<\/p>\n\n\n\n<p>Die charakteristische drehbare L\u00fcnette (mit einer 60-Minuten-Skala) ist ein herausragendes Merkmal vieler Yacht-Master Modelle und erm\u00f6glicht es, Zeiten pr\u00e4zise zu messen, was besonders f\u00fcr <a href=\"https:\/\/de.wikipedia.org\/wiki\/Regattasegeln\">Regattasegler<\/a> von Bedeutung ist.<\/p>\n\n\n\n<h2 class=\"wp-block-heading\">Welche Ausf\u00fchrung m\u00f6chten Sie verkaufen?<\/h2>\n\n\n\n<p><\/p>\n\n\n\n<div class=\"wp-block-columns is-layout-flex wp-container-core-columns-is-layout-9d6595d7 wp-block-columns-is-layout-flex\">\n<div class=\"wp-block-column is-layout-flow wp-block-column-is-layout-flow\">\n<p>Die Uhren sind in verschiedenen Ausf\u00fchrungen erh\u00e4ltlich, darunter Modelle mit Datumsanzeige und Chronographen. Das Geh\u00e4use besteht typischerweise aus hochwertigem Edelstahl oder kostbarem Gold, w\u00e4hrend das Zifferblatt in verschiedenen Farben und Materialien erh\u00e4ltlich ist, um den individuellen Vorlieben gerecht zu werden. Egal, welche Ausf\u00fchrung Sie uns im Ankauf anbieten &#8211; wir sch\u00e4tzen in der Regel innerhalb weniger Stunden den m\u00f6glichen Preis ein und melden uns bei Ihnen zur\u00fcck.<\/p>\n\n\n\n<p>Die Yacht-Master Reihe zeichnet sich durch ihre Vielseitigkeit aus und bietet eine Auswahl an Gr\u00f6\u00dfen und Funktionen, um den Anforderungen verschiedener Tr\u00e4ger gerecht zu werden. Dank des legend\u00e4ren Rolex-Uhrwerks bieten diese Uhren h\u00f6chste Pr\u00e4zision und Zuverl\u00e4ssigkeit.<\/p>\n\n\n\n<p>Insgesamt bleibt die Rolex Yacht-Master Linie ein begehrtes Accessoire f\u00fcr Liebhaber exklusiver Zeitmesser und Segelenthusiasten auf der ganzen Welt.<\/p>\n<\/div>\n\n\n\n<div class=\"wp-block-column is-layout-flow wp-block-column-is-layout-flow\">\n<figure class=\"wp-block-image size-full\"><img loading=\"lazy\" decoding=\"async\" width=\"800\" height=\"832\" src=\"https:\/\/www.uhrenankauf365.de\/uhr-verkaufen\/wp-content\/uploads\/2024\/04\/yachtmaster_ankauf_fliesstext.jpg\" alt=\"Professionelle Detailaufnahme einer Rolex Oyster Perpetual Yacht Master\" class=\"wp-image-1949\" srcset=\"https:\/\/www.uhrenankauf365.de\/uhr-verkaufen\/wp-content\/uploads\/2024\/04\/yachtmaster_ankauf_fliesstext.jpg 800w, https:\/\/www.uhrenankauf365.de\/uhr-verkaufen\/wp-content\/uploads\/2024\/04\/yachtmaster_ankauf_fliesstext-288x300.jpg 288w, https:\/\/www.uhrenankauf365.de\/uhr-verkaufen\/wp-content\/uploads\/2024\/04\/yachtmaster_ankauf_fliesstext-768x799.jpg 768w\" sizes=\"auto, (max-width: 800px) 100vw, 800px\" \/><\/figure>\n<\/div>\n<\/div>\n\n\n\n<h2 class=\"wp-block-heading\">Was ist meine Rolex wert?<\/h2>\n\n\n\n<p>Diese Frage werden Sie sich nat\u00fcrlich stellen. Zurecht. Doch sicher haben Sie Verst\u00e4ndnis daf\u00fcr, dass es hierauf keine pauschale Antwort geben kann. Zu viele Faktoren haben Einfluss auf den Ankaufspreis, mitunter:<\/p>\n\n\n\n<ul class=\"wp-block-list\">\n<li>Genaues Modell<\/li>\n\n\n\n<li>Beschaffenheit der Uhr<\/li>\n\n\n\n<li>K\u00f6nnen Sie Services nachweisen (Rechnungen)?<\/li>\n\n\n\n<li>Verkaufen Sie auch die Original-Box?<\/li>\n\n\n\n<li>Verkaufen Sie auch die Original-Papiere, die es von Rolex zur Uhr dazu gab?<\/li>\n\n\n\n<li>Ist die Uhr in gutem Zustand?<\/li>\n<\/ul>\n\n\n\n<p>Nutzen Sie gerne die M\u00f6glichkeit, uns Ihre Yacht Master \u00fcber das <a href=\"https:\/\/www.uhrenankauf365.de\/uhr-verkaufen\/ankaufsformular\/\">Ankaufsformular<\/a> anzubieten. Hier erfassen wir direkt alle Angaben, die f\u00fcr uns von Relevanz sind, um den Preis einzusch\u00e4tzen.<\/p>\n\n\n<div class=\"wp-bootstrap-blocks-container container mb-5 uak_heller_hintergrund_line_height_normal text-center p-4 mt-4\">\n\t\n\n<h3 class=\"wp-block-heading\" id=\"u1363-2\">Wir kaufen Luxusuhren!<\/h3>\n\n\n\n<p id=\"u1363-4\"><strong>Profitieren Sie&nbsp;von unserer jahrzehntelangen Erfahrung im Uhrenhandel!<\/strong><\/p>\n\n\n\n<p><a class=\"btn btn-primary btn-lg\" href=\"https:\/\/www.uhrenankauf365.de\/uhr-verkaufen\/ankaufsformular\/\">Zum Ankaufsformular<\/a><\/p>\n\n<\/div>\n","protected":false},"excerpt":{"rendered":"<p>Einer der absoluten Klassiker und &#8222;Dauerg\u00e4ste&#8220; im Ankauf von Luxusuhren ist die Rolex Yacht Master. M\u00f6chten Sie diese Uhr verkaufen? Worauf es im Uhrenankauf (bzw. -verkauf) ankommt und was sich positiv auf den Preis auswirkt, das erfahren Sie in diesem Artikel. Die Yacht Master-Reihe von Rolex Die Rolex Yacht Master Uhrenreihe ist bekannt f\u00fcr ihre [&hellip;]<\/p>\n","protected":false},"author":1,"featured_media":0,"parent":0,"menu_order":0,"comment_status":"closed","ping_status":"closed","template":"","meta":{"footnotes":""},"class_list":["post-1947","page","type-page","status-publish","hentry"],"yoast_head":"<!-- This site is optimized with the Yoast SEO plugin v27.3 - https:\/\/yoast.com\/product\/yoast-seo-wordpress\/ -->\n<title>Rolex Yacht Master Uhrenankauf<\/title>\n<meta name=\"description\" content=\"Wir kaufen Ihre gebrauchte Rolex Yacht Master. Faire Preise, schnelle Auszahlung. Seit 1998 im Handel mit Luxusuhren t\u00e4tig!\" \/>\n<meta name=\"robots\" content=\"index, follow, max-snippet:-1, max-image-preview:large, max-video-preview:-1\" \/>\n<link rel=\"canonical\" href=\"https:\/\/www.uhrenankauf365.de\/uhr-verkaufen\/rolex-yacht-master\/\" \/>\n<meta property=\"og:locale\" content=\"de_DE\" \/>\n<meta property=\"og:type\" content=\"article\" \/>\n<meta property=\"og:title\" content=\"Rolex Yacht Master Uhrenankauf\" \/>\n<meta property=\"og:description\" content=\"Wir kaufen Ihre gebrauchte Rolex Yacht Master. Faire Preise, schnelle Auszahlung. Seit 1998 im Handel mit Luxusuhren t\u00e4tig!\" \/>\n<meta property=\"og:url\" content=\"https:\/\/www.uhrenankauf365.de\/uhr-verkaufen\/rolex-yacht-master\/\" \/>\n<meta property=\"og:site_name\" content=\"Uhrenankauf 365\" \/>\n<meta property=\"article:modified_time\" content=\"2024-04-18T14:12:06+00:00\" \/>\n<meta property=\"og:image\" content=\"https:\/\/www.uhrenankauf365.de\/uhr-verkaufen\/wp-content\/uploads\/2024\/04\/rolex_yacht_master_ankauf-1024x422.jpg\" \/>\n<meta name=\"twitter:card\" content=\"summary_large_image\" \/>\n<meta name=\"twitter:label1\" content=\"Gesch\u00e4tzte Lesezeit\" \/>\n\t<meta name=\"twitter:data1\" content=\"3\u00a0Minuten\" \/>\n<script type=\"application\/ld+json\" class=\"yoast-schema-graph\">{\"@context\":\"https:\\\/\\\/schema.org\",\"@graph\":[{\"@type\":\"WebPage\",\"@id\":\"https:\\\/\\\/www.uhrenankauf365.de\\\/uhr-verkaufen\\\/rolex-yacht-master\\\/\",\"url\":\"https:\\\/\\\/www.uhrenankauf365.de\\\/uhr-verkaufen\\\/rolex-yacht-master\\\/\",\"name\":\"Rolex Yacht Master Uhrenankauf\",\"isPartOf\":{\"@id\":\"https:\\\/\\\/www.uhrenankauf365.de\\\/uhr-verkaufen\\\/#website\"},\"primaryImageOfPage\":{\"@id\":\"https:\\\/\\\/www.uhrenankauf365.de\\\/uhr-verkaufen\\\/rolex-yacht-master\\\/#primaryimage\"},\"image\":{\"@id\":\"https:\\\/\\\/www.uhrenankauf365.de\\\/uhr-verkaufen\\\/rolex-yacht-master\\\/#primaryimage\"},\"thumbnailUrl\":\"https:\\\/\\\/www.uhrenankauf365.de\\\/uhr-verkaufen\\\/wp-content\\\/uploads\\\/2024\\\/04\\\/rolex_yacht_master_ankauf-1024x422.jpg\",\"datePublished\":\"2024-04-18T14:10:17+00:00\",\"dateModified\":\"2024-04-18T14:12:06+00:00\",\"description\":\"Wir kaufen Ihre gebrauchte Rolex Yacht Master. Faire Preise, schnelle Auszahlung. Seit 1998 im Handel mit Luxusuhren t\u00e4tig!\",\"breadcrumb\":{\"@id\":\"https:\\\/\\\/www.uhrenankauf365.de\\\/uhr-verkaufen\\\/rolex-yacht-master\\\/#breadcrumb\"},\"inLanguage\":\"de\",\"potentialAction\":[{\"@type\":\"ReadAction\",\"target\":[\"https:\\\/\\\/www.uhrenankauf365.de\\\/uhr-verkaufen\\\/rolex-yacht-master\\\/\"]}]},{\"@type\":\"ImageObject\",\"inLanguage\":\"de\",\"@id\":\"https:\\\/\\\/www.uhrenankauf365.de\\\/uhr-verkaufen\\\/rolex-yacht-master\\\/#primaryimage\",\"url\":\"https:\\\/\\\/www.uhrenankauf365.de\\\/uhr-verkaufen\\\/wp-content\\\/uploads\\\/2024\\\/04\\\/rolex_yacht_master_ankauf.jpg\",\"contentUrl\":\"https:\\\/\\\/www.uhrenankauf365.de\\\/uhr-verkaufen\\\/wp-content\\\/uploads\\\/2024\\\/04\\\/rolex_yacht_master_ankauf.jpg\",\"width\":1452,\"height\":599},{\"@type\":\"BreadcrumbList\",\"@id\":\"https:\\\/\\\/www.uhrenankauf365.de\\\/uhr-verkaufen\\\/rolex-yacht-master\\\/#breadcrumb\",\"itemListElement\":[{\"@type\":\"ListItem\",\"position\":1,\"name\":\"Startseite\",\"item\":\"https:\\\/\\\/www.uhrenankauf365.de\\\/uhr-verkaufen\\\/\"},{\"@type\":\"ListItem\",\"position\":2,\"name\":\"Ein Dauerbrenner im Uhrenankauf: Die Rolex Yacht Master\"}]},{\"@type\":\"WebSite\",\"@id\":\"https:\\\/\\\/www.uhrenankauf365.de\\\/uhr-verkaufen\\\/#website\",\"url\":\"https:\\\/\\\/www.uhrenankauf365.de\\\/uhr-verkaufen\\\/\",\"name\":\"Uhrenankauf 365\",\"description\":\"Jetzt Ihre Luxusuhr verkaufen!\",\"publisher\":{\"@id\":\"https:\\\/\\\/www.uhrenankauf365.de\\\/uhr-verkaufen\\\/#organization\"},\"potentialAction\":[{\"@type\":\"SearchAction\",\"target\":{\"@type\":\"EntryPoint\",\"urlTemplate\":\"https:\\\/\\\/www.uhrenankauf365.de\\\/uhr-verkaufen\\\/?s={search_term_string}\"},\"query-input\":{\"@type\":\"PropertyValueSpecification\",\"valueRequired\":true,\"valueName\":\"search_term_string\"}}],\"inLanguage\":\"de\"},{\"@type\":\"Organization\",\"@id\":\"https:\\\/\\\/www.uhrenankauf365.de\\\/uhr-verkaufen\\\/#organization\",\"name\":\"uhrenankauf365.de, Anke Michels\",\"url\":\"https:\\\/\\\/www.uhrenankauf365.de\\\/uhr-verkaufen\\\/\",\"logo\":{\"@type\":\"ImageObject\",\"inLanguage\":\"de\",\"@id\":\"https:\\\/\\\/www.uhrenankauf365.de\\\/uhr-verkaufen\\\/#\\\/schema\\\/logo\\\/image\\\/\",\"url\":\"https:\\\/\\\/www.uhrenankauf365.de\\\/uhr-verkaufen\\\/wp-content\\\/uploads\\\/2020\\\/11\\\/logo_uhrenankauf.png\",\"contentUrl\":\"https:\\\/\\\/www.uhrenankauf365.de\\\/uhr-verkaufen\\\/wp-content\\\/uploads\\\/2020\\\/11\\\/logo_uhrenankauf.png\",\"width\":98,\"height\":100,\"caption\":\"uhrenankauf365.de, Anke Michels\"},\"image\":{\"@id\":\"https:\\\/\\\/www.uhrenankauf365.de\\\/uhr-verkaufen\\\/#\\\/schema\\\/logo\\\/image\\\/\"}}]}<\/script>\n<!-- \/ Yoast SEO plugin. -->","yoast_head_json":{"title":"Rolex Yacht Master Uhrenankauf","description":"Wir kaufen Ihre gebrauchte Rolex Yacht Master. Faire Preise, schnelle Auszahlung. Seit 1998 im Handel mit Luxusuhren t\u00e4tig!","robots":{"index":"index","follow":"follow","max-snippet":"max-snippet:-1","max-image-preview":"max-image-preview:large","max-video-preview":"max-video-preview:-1"},"canonical":"https:\/\/www.uhrenankauf365.de\/uhr-verkaufen\/rolex-yacht-master\/","og_locale":"de_DE","og_type":"article","og_title":"Rolex Yacht Master Uhrenankauf","og_description":"Wir kaufen Ihre gebrauchte Rolex Yacht Master. Faire Preise, schnelle Auszahlung. Seit 1998 im Handel mit Luxusuhren t\u00e4tig!","og_url":"https:\/\/www.uhrenankauf365.de\/uhr-verkaufen\/rolex-yacht-master\/","og_site_name":"Uhrenankauf 365","article_modified_time":"2024-04-18T14:12:06+00:00","og_image":[{"url":"https:\/\/www.uhrenankauf365.de\/uhr-verkaufen\/wp-content\/uploads\/2024\/04\/rolex_yacht_master_ankauf-1024x422.jpg","type":"","width":"","height":""}],"twitter_card":"summary_large_image","twitter_misc":{"Gesch\u00e4tzte Lesezeit":"3\u00a0Minuten"},"schema":{"@context":"https:\/\/schema.org","@graph":[{"@type":"WebPage","@id":"https:\/\/www.uhrenankauf365.de\/uhr-verkaufen\/rolex-yacht-master\/","url":"https:\/\/www.uhrenankauf365.de\/uhr-verkaufen\/rolex-yacht-master\/","name":"Rolex Yacht Master Uhrenankauf","isPartOf":{"@id":"https:\/\/www.uhrenankauf365.de\/uhr-verkaufen\/#website"},"primaryImageOfPage":{"@id":"https:\/\/www.uhrenankauf365.de\/uhr-verkaufen\/rolex-yacht-master\/#primaryimage"},"image":{"@id":"https:\/\/www.uhrenankauf365.de\/uhr-verkaufen\/rolex-yacht-master\/#primaryimage"},"thumbnailUrl":"https:\/\/www.uhrenankauf365.de\/uhr-verkaufen\/wp-content\/uploads\/2024\/04\/rolex_yacht_master_ankauf-1024x422.jpg","datePublished":"2024-04-18T14:10:17+00:00","dateModified":"2024-04-18T14:12:06+00:00","description":"Wir kaufen Ihre gebrauchte Rolex Yacht Master. Faire Preise, schnelle Auszahlung. Seit 1998 im Handel mit Luxusuhren t\u00e4tig!","breadcrumb":{"@id":"https:\/\/www.uhrenankauf365.de\/uhr-verkaufen\/rolex-yacht-master\/#breadcrumb"},"inLanguage":"de","potentialAction":[{"@type":"ReadAction","target":["https:\/\/www.uhrenankauf365.de\/uhr-verkaufen\/rolex-yacht-master\/"]}]},{"@type":"ImageObject","inLanguage":"de","@id":"https:\/\/www.uhrenankauf365.de\/uhr-verkaufen\/rolex-yacht-master\/#primaryimage","url":"https:\/\/www.uhrenankauf365.de\/uhr-verkaufen\/wp-content\/uploads\/2024\/04\/rolex_yacht_master_ankauf.jpg","contentUrl":"https:\/\/www.uhrenankauf365.de\/uhr-verkaufen\/wp-content\/uploads\/2024\/04\/rolex_yacht_master_ankauf.jpg","width":1452,"height":599},{"@type":"BreadcrumbList","@id":"https:\/\/www.uhrenankauf365.de\/uhr-verkaufen\/rolex-yacht-master\/#breadcrumb","itemListElement":[{"@type":"ListItem","position":1,"name":"Startseite","item":"https:\/\/www.uhrenankauf365.de\/uhr-verkaufen\/"},{"@type":"ListItem","position":2,"name":"Ein Dauerbrenner im Uhrenankauf: Die Rolex Yacht Master"}]},{"@type":"WebSite","@id":"https:\/\/www.uhrenankauf365.de\/uhr-verkaufen\/#website","url":"https:\/\/www.uhrenankauf365.de\/uhr-verkaufen\/","name":"Uhrenankauf 365","description":"Jetzt Ihre Luxusuhr verkaufen!","publisher":{"@id":"https:\/\/www.uhrenankauf365.de\/uhr-verkaufen\/#organization"},"potentialAction":[{"@type":"SearchAction","target":{"@type":"EntryPoint","urlTemplate":"https:\/\/www.uhrenankauf365.de\/uhr-verkaufen\/?s={search_term_string}"},"query-input":{"@type":"PropertyValueSpecification","valueRequired":true,"valueName":"search_term_string"}}],"inLanguage":"de"},{"@type":"Organization","@id":"https:\/\/www.uhrenankauf365.de\/uhr-verkaufen\/#organization","name":"uhrenankauf365.de, Anke Michels","url":"https:\/\/www.uhrenankauf365.de\/uhr-verkaufen\/","logo":{"@type":"ImageObject","inLanguage":"de","@id":"https:\/\/www.uhrenankauf365.de\/uhr-verkaufen\/#\/schema\/logo\/image\/","url":"https:\/\/www.uhrenankauf365.de\/uhr-verkaufen\/wp-content\/uploads\/2020\/11\/logo_uhrenankauf.png","contentUrl":"https:\/\/www.uhrenankauf365.de\/uhr-verkaufen\/wp-content\/uploads\/2020\/11\/logo_uhrenankauf.png","width":98,"height":100,"caption":"uhrenankauf365.de, Anke Michels"},"image":{"@id":"https:\/\/www.uhrenankauf365.de\/uhr-verkaufen\/#\/schema\/logo\/image\/"}}]}},"_links":{"self":[{"href":"https:\/\/www.uhrenankauf365.de\/uhr-verkaufen\/wp-json\/wp\/v2\/pages\/1947","targetHints":{"allow":["GET"]}}],"collection":[{"href":"https:\/\/www.uhrenankauf365.de\/uhr-verkaufen\/wp-json\/wp\/v2\/pages"}],"about":[{"href":"https:\/\/www.uhrenankauf365.de\/uhr-verkaufen\/wp-json\/wp\/v2\/types\/page"}],"author":[{"embeddable":true,"href":"https:\/\/www.uhrenankauf365.de\/uhr-verkaufen\/wp-json\/wp\/v2\/users\/1"}],"replies":[{"embeddable":true,"href":"https:\/\/www.uhrenankauf365.de\/uhr-verkaufen\/wp-json\/wp\/v2\/comments?post=1947"}],"version-history":[{"count":2,"href":"https:\/\/www.uhrenankauf365.de\/uhr-verkaufen\/wp-json\/wp\/v2\/pages\/1947\/revisions"}],"predecessor-version":[{"id":1952,"href":"https:\/\/www.uhrenankauf365.de\/uhr-verkaufen\/wp-json\/wp\/v2\/pages\/1947\/revisions\/1952"}],"wp:attachment":[{"href":"https:\/\/www.uhrenankauf365.de\/uhr-verkaufen\/wp-json\/wp\/v2\/media?parent=1947"}],"curies":[{"name":"wp","href":"https:\/\/api.w.org\/{rel}","templated":true}]}}