{"id":1909,"date":"2024-03-16T15:20:31","date_gmt":"2024-03-16T14:20:31","guid":{"rendered":"https:\/\/www.uhrenankauf365.de\/uhr-verkaufen\/?page_id=1909"},"modified":"2024-03-16T15:31:16","modified_gmt":"2024-03-16T14:31:16","slug":"breguet-uhren-ankauf","status":"publish","type":"page","link":"https:\/\/www.uhrenankauf365.de\/uhr-verkaufen\/breguet-uhren-ankauf\/","title":{"rendered":"Breguet Uhren Ankauf"},"content":{"rendered":"\n<p>Sie m\u00f6chten Ihre Luxusuhr von Breguet verkaufen? Lesen Sie in diesem Artikel, wie der Ablauf im Ankauf ist und was die m\u00f6gliche Ankaufsumme beeinflusst.<\/p>\n\n\n\n<figure class=\"wp-block-image size-large\"><img loading=\"lazy\" decoding=\"async\" width=\"1024\" height=\"366\" src=\"https:\/\/www.uhrenankauf365.de\/uhr-verkaufen\/wp-content\/uploads\/2024\/03\/breguet-uhrenankauf-1024x366.webp\" alt=\"Abbildung einer Breguet Uhr aus einem Ankauf\" class=\"wp-image-1910\" srcset=\"https:\/\/www.uhrenankauf365.de\/uhr-verkaufen\/wp-content\/uploads\/2024\/03\/breguet-uhrenankauf-1024x366.webp 1024w, https:\/\/www.uhrenankauf365.de\/uhr-verkaufen\/wp-content\/uploads\/2024\/03\/breguet-uhrenankauf-300x107.webp 300w, https:\/\/www.uhrenankauf365.de\/uhr-verkaufen\/wp-content\/uploads\/2024\/03\/breguet-uhrenankauf-768x275.webp 768w, https:\/\/www.uhrenankauf365.de\/uhr-verkaufen\/wp-content\/uploads\/2024\/03\/breguet-uhrenankauf.webp 1291w\" sizes=\"auto, (max-width: 1024px) 100vw, 1024px\" \/><\/figure>\n\n\n\n<p>Breguet-Uhren z\u00e4hlen zur gehobenen Preisklasse unter den Armbanduhren. Nicht wenige Menschen, die sich diese leisten k\u00f6nnen, nutzen die luxuri\u00f6sen Chronographen auch als <a href=\"https:\/\/praxistipps.focus.de\/uhren-als-wertanlage-was-sie-darueber-wissen-sollten_153987\" target=\"_blank\" rel=\"noreferrer noopener\">Wertanlage<\/a>. Denn wie bei vielen anderen Herstellern wie <a href=\"https:\/\/www.uhrenankauf365.de\/uhr-verkaufen\/patek_philippe\/\">Patek Philippe<\/a>, <a href=\"https:\/\/www.uhrenankauf365.de\/uhr-verkaufen\/rolex\/\">Rolex<\/a>, <a href=\"https:\/\/www.uhrenankauf365.de\/uhr-verkaufen\/a_lange_und_soehne\/\">A. Lange &amp; S\u00f6hne<\/a> usw., ist in der Regel eine teilweise deutliche Wertsteigerung zu erwarten. Als Besitzer eine Breguet Luxusuhr k\u00f6nnen Sie sofort unser <a href=\"https:\/\/www.uhrenankauf365.de\/uhr-verkaufen\/ankaufsformular\/\"><strong>Ankaufsformular<\/strong><\/a> nutzen, um uns diese Uhr anzubieten!<\/p>\n\n\n\n<div class=\"wp-block-columns is-layout-flex wp-container-core-columns-is-layout-9d6595d7 wp-block-columns-is-layout-flex\">\n<div class=\"wp-block-column is-layout-flow wp-block-column-is-layout-flow\">\n<figure class=\"wp-block-image size-full\"><img loading=\"lazy\" decoding=\"async\" width=\"538\" height=\"654\" src=\"https:\/\/www.uhrenankauf365.de\/uhr-verkaufen\/wp-content\/uploads\/2024\/03\/qualitaet_breguet_ziffernblatt.webp\" alt=\"Nahaufnahme des Ziffernblattes einer Breguet Heritage Uhr\" class=\"wp-image-1911\" srcset=\"https:\/\/www.uhrenankauf365.de\/uhr-verkaufen\/wp-content\/uploads\/2024\/03\/qualitaet_breguet_ziffernblatt.webp 538w, https:\/\/www.uhrenankauf365.de\/uhr-verkaufen\/wp-content\/uploads\/2024\/03\/qualitaet_breguet_ziffernblatt-247x300.webp 247w\" sizes=\"auto, (max-width: 538px) 100vw, 538px\" \/><\/figure>\n<\/div>\n\n\n\n<div class=\"wp-block-column is-layout-flow wp-block-column-is-layout-flow\">\n<p>Auch ohne gro\u00dfe Fachkenntnis erkennt man bei Breguet, dass es sich um hochwertige Uhren handelt. Bereits seit 1775 begeistert der Hersteller mit hochpr\u00e4zisen, edlen Zeitanzeigern. Und wie auch bei  IWC, Jaeger-LeCoultre, Patek Philippe und vielen weiteren Herstellern werden diese beliebten Sammlerst\u00fccke in der Schweiz hergestellt.<\/p>\n\n\n\n<p>Doch nicht nur die Uhren selbst, auch die Gliederarmb\u00e4nder mit Doppelfaltschlie\u00dfe in 950 Platin &#8211; wie hier dargestellt &#8211; sind ein echter Hingucker.<\/p>\n\n\n\n<p>F\u00fcr den Ankauf gilt: Mit je mehr Informationen zur Uhr Sie uns versorgen k\u00f6nnen, desto schneller und pr\u00e4ziser k\u00f6nnen wir den m\u00f6glichen Auszahlungspreis ermitteln. Wichtig sind neben den Infos zur Uhr auch die Felder f\u00fcr den Lieferumfang. K\u00f6nnen Sie Ihre Uhr z. B. in Original-Box und mit den Original-Papieren verkaufen, wirkt sich dies positiv auf den Ankaufspreis aus. Auch nachweisbare Services an der Uhr erh\u00f6hen in der Regel die auszahlbare Summe, die Sie f\u00fcr Ihre Bregut-Uhr erhalten.<\/p>\n\n\n\n<div class=\"wp-block-buttons is-layout-flex wp-block-buttons-is-layout-flex\">\n<div class=\"wp-block-button has-custom-width wp-block-button__width-100 is-style-outline is-style-outline--1\"><a class=\"wp-block-button__link wp-element-button\" href=\"https:\/\/www.uhrenankauf365.de\/uhr-verkaufen\/ankaufsformular\/\">Breguet-Uhr jetzt verkaufen!<\/a><\/div>\n<\/div>\n\n\n\n<p> <\/p>\n<\/div>\n<\/div>\n\n\n\n<p>Im <strong>Breguet Uhren Ankauf<\/strong> sind wir genau an diesen Luxusst\u00fccken interessiert. <strong>Wir kaufen bundesweit Uhren an<\/strong> und zahlen Ihnen faire Preise. Schnell und diskret direkt auf Ihr Bankkonto oder nach Vereinbarung auch in bar.<\/p>\n\n\n\n<p>Doch wie l\u00e4uft dieser Ankauf ab? Immerhin geht es hier um hohe Summen und wertvolle Artikel, so dass Sie sicher vorab erfahren m\u00f6chten, welcher Ablauf Sie bei einer preislichen Einigung erwartet.<\/p>\n\n\n\n<p><\/p>\n\n\n\n<div class=\"container p-4 uak_heller_hintergrund\">\n<div class=\"row mb-4\">\n<div class=\"col-12 col-md-6 text-center\">\n<i class=\"uak365icon fas fa-file-alt\"><\/i><br>\n<div class=\"ankaufschritte_title\">Formular ausf\u00fcllen<\/div>\n<small>Das <a href=\"https:\/\/www.uhrenankauf365.de\/uhr-verkaufen\/ankaufsformular\/\" title=\"Ankaufsformular Uhren\">Ankaufsformular<\/a> erfasst alle wichtigen Angaben zur Armbanduhr, die Sie verkaufen m\u00f6chten und erleichtert die Ermittlung eines fairen Ankaufspreises.<\/small>\n<\/div>\n<div class=\"col-12 col-md-6 text-center\">\n<i class=\"uak365icon far fa-handshake\"><\/i><br>\n<div class=\"ankaufschritte_title\">Angebot erhalten<\/div>\n<small>Wir unterbreiten Ihnen nach Erhalt der Informationen zur Uhr ein Angebot zum Ankauf. Offene Fragen kl\u00e4ren wir vorab.<\/small>\n<\/div>\n<\/div>\n\n\n<div class=\"row\">\n<div class=\"col-12 col-md-6 text-center\">\n<i class=\"uak365icon fas fa-truck-loading\"><\/i><br>\n<div class=\"ankaufschritte_title\">Uhr wird abgeholt<\/div>\n<small>Ein auf Werttransporte spezialisiertes Unternehmen holt die Uhr bei Ihnen ab. Mehr dazu erfahren Sie <a href=\"https:\/\/www.uhrenankauf365.de\/uhr-verkaufen\/ankauf-faq\/\">hier<\/a>.<\/small>\n<\/div>\n<div class=\"col-12 col-md-6 text-center\">\n<i class=\"uak365icon fas fa-euro-sign\"><\/i><br>\n<div class=\"ankaufschritte_title\">Geld erhalten<\/div>\n<small>Nach Pr\u00fcfung der Armbanduhr zahlen wir den vereinbarten Ankaufspreis zuverl\u00e4ssig und schnell auf Ihr Konto aus.\n<\/small>\n<\/div>\n<\/div>\n\n<\/div>\n\n\n\n<p class=\"my-5\">Alle Fragen beantworten wir Ihnen sehr gerne, noch bevor Sie das Ankaufsformular ausf\u00fcllen. H\u00e4ufige Fragen haben wir bereits in unseren <a href=\"https:\/\/www.uhrenankauf365.de\/uhr-verkaufen\/ankauf-faq\/\">FAQ<\/a> aufgelistet. Haben Sie noch weitere Fragen an uns? Sie k\u00f6nnen uns jederzeit gerne <a href=\"https:\/\/www.uhrenankauf365.de\/uhr-verkaufen\/kontakt\/\">kontaktieren<\/a>, auch per WhatsApp!<\/p>\n\n\n<div class=\"wp-bootstrap-blocks-container container mb-5 uak_heller_hintergrund_line_height_normal text-center p-4 mt-4\">\n\t\n\n<h3 class=\"wp-block-heading\" id=\"u1363-2\">Wir kaufen Luxusuhren!<\/h3>\n\n\n\n<p id=\"u1363-4\"><strong>Profitieren Sie&nbsp;von unserer jahrzehntelangen Erfahrung im Uhrenhandel!<\/strong><\/p>\n\n\n\n<p><a class=\"btn btn-primary btn-lg\" href=\"https:\/\/www.uhrenankauf365.de\/uhr-verkaufen\/ankaufsformular\/\">Zum Ankaufsformular<\/a><\/p>\n\n<\/div>\n","protected":false},"excerpt":{"rendered":"<p>Sie m\u00f6chten Ihre Luxusuhr von Breguet verkaufen? Lesen Sie in diesem Artikel, wie der Ablauf im Ankauf ist und was die m\u00f6gliche Ankaufsumme beeinflusst. Breguet-Uhren z\u00e4hlen zur gehobenen Preisklasse unter den Armbanduhren. Nicht wenige Menschen, die sich diese leisten k\u00f6nnen, nutzen die luxuri\u00f6sen Chronographen auch als Wertanlage. Denn wie bei vielen anderen Herstellern wie Patek [&hellip;]<\/p>\n","protected":false},"author":1,"featured_media":0,"parent":0,"menu_order":0,"comment_status":"closed","ping_status":"closed","template":"","meta":{"footnotes":""},"class_list":["post-1909","page","type-page","status-publish","hentry"],"yoast_head":"<!-- This site is optimized with the Yoast SEO plugin v27.3 - https:\/\/yoast.com\/product\/yoast-seo-wordpress\/ -->\n<title>Breguet Uhren Ankauf - Uhrenankauf 365<\/title>\n<meta name=\"description\" content=\"Wir kaufen gebrauchte Breguet Uhren im Uhrenankauf und zahlen fair und schnell auf Ihr Bankkonto aus. Jetzt Ihre Uhr anbieten!\" \/>\n<meta name=\"robots\" content=\"index, follow, max-snippet:-1, max-image-preview:large, max-video-preview:-1\" \/>\n<link rel=\"canonical\" href=\"https:\/\/www.uhrenankauf365.de\/uhr-verkaufen\/breguet-uhren-ankauf\/\" \/>\n<meta property=\"og:locale\" content=\"de_DE\" \/>\n<meta property=\"og:type\" content=\"article\" \/>\n<meta property=\"og:title\" content=\"Breguet Uhren Ankauf - Uhrenankauf 365\" \/>\n<meta property=\"og:description\" content=\"Wir kaufen gebrauchte Breguet Uhren im Uhrenankauf und zahlen fair und schnell auf Ihr Bankkonto aus. Jetzt Ihre Uhr anbieten!\" \/>\n<meta property=\"og:url\" content=\"https:\/\/www.uhrenankauf365.de\/uhr-verkaufen\/breguet-uhren-ankauf\/\" \/>\n<meta property=\"og:site_name\" content=\"Uhrenankauf 365\" \/>\n<meta property=\"article:modified_time\" content=\"2024-03-16T14:31:16+00:00\" \/>\n<meta property=\"og:image\" content=\"https:\/\/www.uhrenankauf365.de\/uhr-verkaufen\/wp-content\/uploads\/2024\/03\/breguet-uhrenankauf-1024x366.webp\" \/>\n<meta name=\"twitter:card\" content=\"summary_large_image\" \/>\n<meta name=\"twitter:label1\" content=\"Gesch\u00e4tzte Lesezeit\" \/>\n\t<meta name=\"twitter:data1\" content=\"3\u00a0Minuten\" \/>\n<script type=\"application\/ld+json\" class=\"yoast-schema-graph\">{\"@context\":\"https:\\\/\\\/schema.org\",\"@graph\":[{\"@type\":\"WebPage\",\"@id\":\"https:\\\/\\\/www.uhrenankauf365.de\\\/uhr-verkaufen\\\/breguet-uhren-ankauf\\\/\",\"url\":\"https:\\\/\\\/www.uhrenankauf365.de\\\/uhr-verkaufen\\\/breguet-uhren-ankauf\\\/\",\"name\":\"Breguet Uhren Ankauf - Uhrenankauf 365\",\"isPartOf\":{\"@id\":\"https:\\\/\\\/www.uhrenankauf365.de\\\/uhr-verkaufen\\\/#website\"},\"primaryImageOfPage\":{\"@id\":\"https:\\\/\\\/www.uhrenankauf365.de\\\/uhr-verkaufen\\\/breguet-uhren-ankauf\\\/#primaryimage\"},\"image\":{\"@id\":\"https:\\\/\\\/www.uhrenankauf365.de\\\/uhr-verkaufen\\\/breguet-uhren-ankauf\\\/#primaryimage\"},\"thumbnailUrl\":\"https:\\\/\\\/www.uhrenankauf365.de\\\/uhr-verkaufen\\\/wp-content\\\/uploads\\\/2024\\\/03\\\/breguet-uhrenankauf-1024x366.webp\",\"datePublished\":\"2024-03-16T14:20:31+00:00\",\"dateModified\":\"2024-03-16T14:31:16+00:00\",\"description\":\"Wir kaufen gebrauchte Breguet Uhren im Uhrenankauf und zahlen fair und schnell auf Ihr Bankkonto aus. Jetzt Ihre Uhr anbieten!\",\"breadcrumb\":{\"@id\":\"https:\\\/\\\/www.uhrenankauf365.de\\\/uhr-verkaufen\\\/breguet-uhren-ankauf\\\/#breadcrumb\"},\"inLanguage\":\"de\",\"potentialAction\":[{\"@type\":\"ReadAction\",\"target\":[\"https:\\\/\\\/www.uhrenankauf365.de\\\/uhr-verkaufen\\\/breguet-uhren-ankauf\\\/\"]}]},{\"@type\":\"ImageObject\",\"inLanguage\":\"de\",\"@id\":\"https:\\\/\\\/www.uhrenankauf365.de\\\/uhr-verkaufen\\\/breguet-uhren-ankauf\\\/#primaryimage\",\"url\":\"https:\\\/\\\/www.uhrenankauf365.de\\\/uhr-verkaufen\\\/wp-content\\\/uploads\\\/2024\\\/03\\\/breguet-uhrenankauf.webp\",\"contentUrl\":\"https:\\\/\\\/www.uhrenankauf365.de\\\/uhr-verkaufen\\\/wp-content\\\/uploads\\\/2024\\\/03\\\/breguet-uhrenankauf.webp\",\"width\":1291,\"height\":462},{\"@type\":\"BreadcrumbList\",\"@id\":\"https:\\\/\\\/www.uhrenankauf365.de\\\/uhr-verkaufen\\\/breguet-uhren-ankauf\\\/#breadcrumb\",\"itemListElement\":[{\"@type\":\"ListItem\",\"position\":1,\"name\":\"Startseite\",\"item\":\"https:\\\/\\\/www.uhrenankauf365.de\\\/uhr-verkaufen\\\/\"},{\"@type\":\"ListItem\",\"position\":2,\"name\":\"Breguet Uhren Ankauf\"}]},{\"@type\":\"WebSite\",\"@id\":\"https:\\\/\\\/www.uhrenankauf365.de\\\/uhr-verkaufen\\\/#website\",\"url\":\"https:\\\/\\\/www.uhrenankauf365.de\\\/uhr-verkaufen\\\/\",\"name\":\"Uhrenankauf 365\",\"description\":\"Jetzt Ihre Luxusuhr verkaufen!\",\"publisher\":{\"@id\":\"https:\\\/\\\/www.uhrenankauf365.de\\\/uhr-verkaufen\\\/#organization\"},\"potentialAction\":[{\"@type\":\"SearchAction\",\"target\":{\"@type\":\"EntryPoint\",\"urlTemplate\":\"https:\\\/\\\/www.uhrenankauf365.de\\\/uhr-verkaufen\\\/?s={search_term_string}\"},\"query-input\":{\"@type\":\"PropertyValueSpecification\",\"valueRequired\":true,\"valueName\":\"search_term_string\"}}],\"inLanguage\":\"de\"},{\"@type\":\"Organization\",\"@id\":\"https:\\\/\\\/www.uhrenankauf365.de\\\/uhr-verkaufen\\\/#organization\",\"name\":\"uhrenankauf365.de, Anke Michels\",\"url\":\"https:\\\/\\\/www.uhrenankauf365.de\\\/uhr-verkaufen\\\/\",\"logo\":{\"@type\":\"ImageObject\",\"inLanguage\":\"de\",\"@id\":\"https:\\\/\\\/www.uhrenankauf365.de\\\/uhr-verkaufen\\\/#\\\/schema\\\/logo\\\/image\\\/\",\"url\":\"https:\\\/\\\/www.uhrenankauf365.de\\\/uhr-verkaufen\\\/wp-content\\\/uploads\\\/2020\\\/11\\\/logo_uhrenankauf.png\",\"contentUrl\":\"https:\\\/\\\/www.uhrenankauf365.de\\\/uhr-verkaufen\\\/wp-content\\\/uploads\\\/2020\\\/11\\\/logo_uhrenankauf.png\",\"width\":98,\"height\":100,\"caption\":\"uhrenankauf365.de, Anke Michels\"},\"image\":{\"@id\":\"https:\\\/\\\/www.uhrenankauf365.de\\\/uhr-verkaufen\\\/#\\\/schema\\\/logo\\\/image\\\/\"}}]}<\/script>\n<!-- \/ Yoast SEO plugin. -->","yoast_head_json":{"title":"Breguet Uhren Ankauf - Uhrenankauf 365","description":"Wir kaufen gebrauchte Breguet Uhren im Uhrenankauf und zahlen fair und schnell auf Ihr Bankkonto aus. Jetzt Ihre Uhr anbieten!","robots":{"index":"index","follow":"follow","max-snippet":"max-snippet:-1","max-image-preview":"max-image-preview:large","max-video-preview":"max-video-preview:-1"},"canonical":"https:\/\/www.uhrenankauf365.de\/uhr-verkaufen\/breguet-uhren-ankauf\/","og_locale":"de_DE","og_type":"article","og_title":"Breguet Uhren Ankauf - Uhrenankauf 365","og_description":"Wir kaufen gebrauchte Breguet Uhren im Uhrenankauf und zahlen fair und schnell auf Ihr Bankkonto aus. Jetzt Ihre Uhr anbieten!","og_url":"https:\/\/www.uhrenankauf365.de\/uhr-verkaufen\/breguet-uhren-ankauf\/","og_site_name":"Uhrenankauf 365","article_modified_time":"2024-03-16T14:31:16+00:00","og_image":[{"url":"https:\/\/www.uhrenankauf365.de\/uhr-verkaufen\/wp-content\/uploads\/2024\/03\/breguet-uhrenankauf-1024x366.webp","type":"","width":"","height":""}],"twitter_card":"summary_large_image","twitter_misc":{"Gesch\u00e4tzte Lesezeit":"3\u00a0Minuten"},"schema":{"@context":"https:\/\/schema.org","@graph":[{"@type":"WebPage","@id":"https:\/\/www.uhrenankauf365.de\/uhr-verkaufen\/breguet-uhren-ankauf\/","url":"https:\/\/www.uhrenankauf365.de\/uhr-verkaufen\/breguet-uhren-ankauf\/","name":"Breguet Uhren Ankauf - Uhrenankauf 365","isPartOf":{"@id":"https:\/\/www.uhrenankauf365.de\/uhr-verkaufen\/#website"},"primaryImageOfPage":{"@id":"https:\/\/www.uhrenankauf365.de\/uhr-verkaufen\/breguet-uhren-ankauf\/#primaryimage"},"image":{"@id":"https:\/\/www.uhrenankauf365.de\/uhr-verkaufen\/breguet-uhren-ankauf\/#primaryimage"},"thumbnailUrl":"https:\/\/www.uhrenankauf365.de\/uhr-verkaufen\/wp-content\/uploads\/2024\/03\/breguet-uhrenankauf-1024x366.webp","datePublished":"2024-03-16T14:20:31+00:00","dateModified":"2024-03-16T14:31:16+00:00","description":"Wir kaufen gebrauchte Breguet Uhren im Uhrenankauf und zahlen fair und schnell auf Ihr Bankkonto aus. Jetzt Ihre Uhr anbieten!","breadcrumb":{"@id":"https:\/\/www.uhrenankauf365.de\/uhr-verkaufen\/breguet-uhren-ankauf\/#breadcrumb"},"inLanguage":"de","potentialAction":[{"@type":"ReadAction","target":["https:\/\/www.uhrenankauf365.de\/uhr-verkaufen\/breguet-uhren-ankauf\/"]}]},{"@type":"ImageObject","inLanguage":"de","@id":"https:\/\/www.uhrenankauf365.de\/uhr-verkaufen\/breguet-uhren-ankauf\/#primaryimage","url":"https:\/\/www.uhrenankauf365.de\/uhr-verkaufen\/wp-content\/uploads\/2024\/03\/breguet-uhrenankauf.webp","contentUrl":"https:\/\/www.uhrenankauf365.de\/uhr-verkaufen\/wp-content\/uploads\/2024\/03\/breguet-uhrenankauf.webp","width":1291,"height":462},{"@type":"BreadcrumbList","@id":"https:\/\/www.uhrenankauf365.de\/uhr-verkaufen\/breguet-uhren-ankauf\/#breadcrumb","itemListElement":[{"@type":"ListItem","position":1,"name":"Startseite","item":"https:\/\/www.uhrenankauf365.de\/uhr-verkaufen\/"},{"@type":"ListItem","position":2,"name":"Breguet Uhren Ankauf"}]},{"@type":"WebSite","@id":"https:\/\/www.uhrenankauf365.de\/uhr-verkaufen\/#website","url":"https:\/\/www.uhrenankauf365.de\/uhr-verkaufen\/","name":"Uhrenankauf 365","description":"Jetzt Ihre Luxusuhr verkaufen!","publisher":{"@id":"https:\/\/www.uhrenankauf365.de\/uhr-verkaufen\/#organization"},"potentialAction":[{"@type":"SearchAction","target":{"@type":"EntryPoint","urlTemplate":"https:\/\/www.uhrenankauf365.de\/uhr-verkaufen\/?s={search_term_string}"},"query-input":{"@type":"PropertyValueSpecification","valueRequired":true,"valueName":"search_term_string"}}],"inLanguage":"de"},{"@type":"Organization","@id":"https:\/\/www.uhrenankauf365.de\/uhr-verkaufen\/#organization","name":"uhrenankauf365.de, Anke Michels","url":"https:\/\/www.uhrenankauf365.de\/uhr-verkaufen\/","logo":{"@type":"ImageObject","inLanguage":"de","@id":"https:\/\/www.uhrenankauf365.de\/uhr-verkaufen\/#\/schema\/logo\/image\/","url":"https:\/\/www.uhrenankauf365.de\/uhr-verkaufen\/wp-content\/uploads\/2020\/11\/logo_uhrenankauf.png","contentUrl":"https:\/\/www.uhrenankauf365.de\/uhr-verkaufen\/wp-content\/uploads\/2020\/11\/logo_uhrenankauf.png","width":98,"height":100,"caption":"uhrenankauf365.de, Anke Michels"},"image":{"@id":"https:\/\/www.uhrenankauf365.de\/uhr-verkaufen\/#\/schema\/logo\/image\/"}}]}},"_links":{"self":[{"href":"https:\/\/www.uhrenankauf365.de\/uhr-verkaufen\/wp-json\/wp\/v2\/pages\/1909","targetHints":{"allow":["GET"]}}],"collection":[{"href":"https:\/\/www.uhrenankauf365.de\/uhr-verkaufen\/wp-json\/wp\/v2\/pages"}],"about":[{"href":"https:\/\/www.uhrenankauf365.de\/uhr-verkaufen\/wp-json\/wp\/v2\/types\/page"}],"author":[{"embeddable":true,"href":"https:\/\/www.uhrenankauf365.de\/uhr-verkaufen\/wp-json\/wp\/v2\/users\/1"}],"replies":[{"embeddable":true,"href":"https:\/\/www.uhrenankauf365.de\/uhr-verkaufen\/wp-json\/wp\/v2\/comments?post=1909"}],"version-history":[{"count":7,"href":"https:\/\/www.uhrenankauf365.de\/uhr-verkaufen\/wp-json\/wp\/v2\/pages\/1909\/revisions"}],"predecessor-version":[{"id":1921,"href":"https:\/\/www.uhrenankauf365.de\/uhr-verkaufen\/wp-json\/wp\/v2\/pages\/1909\/revisions\/1921"}],"wp:attachment":[{"href":"https:\/\/www.uhrenankauf365.de\/uhr-verkaufen\/wp-json\/wp\/v2\/media?parent=1909"}],"curies":[{"name":"wp","href":"https:\/\/api.w.org\/{rel}","templated":true}]}}