{"id":1876,"date":"2024-01-22T12:06:03","date_gmt":"2024-01-22T11:06:03","guid":{"rendered":"https:\/\/www.uhrenankauf365.de\/uhr-verkaufen\/?page_id=1876"},"modified":"2024-01-22T12:10:05","modified_gmt":"2024-01-22T11:10:05","slug":"patek-philippe-calatrava-verkaufen","status":"publish","type":"page","link":"https:\/\/www.uhrenankauf365.de\/uhr-verkaufen\/patek-philippe-calatrava-verkaufen\/","title":{"rendered":"Patek Philippe Calatrava verkaufen"},"content":{"rendered":"\n<p>Sie m\u00f6chten Ihre gebrauchte Patek Philippe Calatrava Luxusuhr verkaufen und suchen einen H\u00e4ndler, der den Ankauf seri\u00f6s und fair durchf\u00fchrt? &#8211; Bei uhrenankauf365.de sind Sie richtig. Wir sind spezialisiert auf den Ankauf von Luxusuhren wie <strong>Patek Philippe<\/strong>! Erfahren Sie hier, wie der Ankauf Ihrer <strong>Calatrava<\/strong> abl\u00e4uft. Bei jeglichen Fragen k\u00f6nnen Sie uns jederzeit vorab <a href=\"https:\/\/www.uhrenankauf365.de\/uhr-verkaufen\/kontakt\/\">kontaktieren<\/a>!<\/p>\n\n\n\n<figure class=\"wp-block-image size-large\"><img loading=\"lazy\" decoding=\"async\" width=\"1024\" height=\"350\" src=\"https:\/\/www.uhrenankauf365.de\/uhr-verkaufen\/wp-content\/uploads\/2024\/01\/wir_kaufen_patek_philippe_calatrava-1024x350.webp\" alt=\"Foto einer Patek Philippe Calatrava mit einem Archivauszug und Rechnungen\" class=\"wp-image-1877\" srcset=\"https:\/\/www.uhrenankauf365.de\/uhr-verkaufen\/wp-content\/uploads\/2024\/01\/wir_kaufen_patek_philippe_calatrava-1024x350.webp 1024w, https:\/\/www.uhrenankauf365.de\/uhr-verkaufen\/wp-content\/uploads\/2024\/01\/wir_kaufen_patek_philippe_calatrava-300x102.webp 300w, https:\/\/www.uhrenankauf365.de\/uhr-verkaufen\/wp-content\/uploads\/2024\/01\/wir_kaufen_patek_philippe_calatrava-768x262.webp 768w, https:\/\/www.uhrenankauf365.de\/uhr-verkaufen\/wp-content\/uploads\/2024\/01\/wir_kaufen_patek_philippe_calatrava.webp 1312w\" sizes=\"auto, (max-width: 1024px) 100vw, 1024px\" \/><\/figure>\n\n\n\n<h2 class=\"wp-block-heading\">Wie verkaufe ich meine Calatrava Luxusuhr?<\/h2>\n\n\n\n<p>Nutzen Sie bitte unser <a href=\"https:\/\/www.uhrenankauf365.de\/uhr-verkaufen\/ankaufsformular\/\">Ankaufsformular<\/a>, um uns alle wichtigen Informationen zu Ihrer Uhr zu \u00fcbermitteln. Das Formular ist so aufgebaut, dass wir in der Regel innerhalb von 24 Stunden eine Einsch\u00e4tzung zum m\u00f6glichen Ankaufspreis abgeben k\u00f6nnen. Diese erhalten Sie per E-Mail. Bei preislicher Einigung \u00fcber den Ankauf Ihrer Patek Philippe Calatrava wird die Uhr anschlie\u00dfend durch ein Werttransport-Unternehmen abgeholt. Nach eingehender Pr\u00fcfung der Uhr erfolgt die Auszahlung auf Ihr Bankkonto.<\/p>\n\n\n\n<div class=\"container p-4 uak_heller_hintergrund\">\n<div class=\"row mb-4\">\n<div class=\"col-12 col-md-6 text-center\">\n<i class=\"uak365icon fas fa-file-alt\"><\/i><br>\n<div class=\"ankaufschritte_title\">Formular ausf\u00fcllen<\/div>\n<small>Das <a href=\"https:\/\/www.uhrenankauf365.de\/uhr-verkaufen\/ankaufsformular\/\" title=\"Ankaufsformular Uhren\">Ankaufsformular<\/a> erfasst alle wichtigen Angaben zur Armbanduhr, die Sie verkaufen m\u00f6chten und erleichtert die Ermittlung eines fairen Ankaufspreises.<\/small>\n<\/div>\n<div class=\"col-12 col-md-6 text-center\">\n<i class=\"uak365icon far fa-handshake\"><\/i><br>\n<div class=\"ankaufschritte_title\">Angebot erhalten<\/div>\n<small>Wir unterbreiten Ihnen nach Erhalt der Informationen zur Uhr ein Angebot zum Ankauf. Offene Fragen kl\u00e4ren wir vorab.<\/small>\n<\/div>\n<\/div>\n\n\n<div class=\"row\">\n<div class=\"col-12 col-md-6 text-center\">\n<i class=\"uak365icon fas fa-truck-loading\"><\/i><br>\n<div class=\"ankaufschritte_title\">Uhr wird abgeholt<\/div>\n<small>Ein auf Werttransporte spezialisiertes Unternehmen holt die Uhr bei Ihnen ab. Mehr dazu erfahren Sie <a href=\"https:\/\/www.uhrenankauf365.de\/uhr-verkaufen\/ankauf-faq\/\">hier<\/a>.<\/small>\n<\/div>\n<div class=\"col-12 col-md-6 text-center\">\n<i class=\"uak365icon fas fa-euro-sign\"><\/i><br>\n<div class=\"ankaufschritte_title\">Geld erhalten<\/div>\n<small>Nach Pr\u00fcfung der Armbanduhr zahlen wir den vereinbarten Ankaufspreis zuverl\u00e4ssig und schnell auf Ihr Konto aus.\n<\/small>\n<\/div>\n<\/div>\n\n<\/div>\n\n\n\n<h2 class=\"wp-block-heading mt-4\">Ich m\u00f6chte meine Patek Philippe Calatrava verkaufen. Wieviel ist die Uhr wert?<\/h2>\n\n\n\n<p>Der Wert Ihrer Luxusuhr ist leider pauschal nicht zu benennen. Er h\u00e4ngt von verschiedenen Faktoren ab. Unter anderem steigt er, wenn Sie die Original-Box und Zertifikate zur Uhr mitverkaufen k\u00f6nnen.<\/p>\n\n\n\n<div class=\"wp-block-columns is-layout-flex wp-container-core-columns-is-layout-9d6595d7 wp-block-columns-is-layout-flex\">\n<div class=\"wp-block-column is-layout-flow wp-block-column-is-layout-flow\">\n<figure class=\"wp-block-image size-full\"><img loading=\"lazy\" decoding=\"async\" width=\"600\" height=\"439\" src=\"https:\/\/www.uhrenankauf365.de\/uhr-verkaufen\/wp-content\/uploads\/2024\/01\/calatrava-original-box.webp\" alt=\"Gebrauchte Calatrava-Uhr in einer leicht besch\u00e4digten Original-Box\" class=\"wp-image-1878\" srcset=\"https:\/\/www.uhrenankauf365.de\/uhr-verkaufen\/wp-content\/uploads\/2024\/01\/calatrava-original-box.webp 600w, https:\/\/www.uhrenankauf365.de\/uhr-verkaufen\/wp-content\/uploads\/2024\/01\/calatrava-original-box-300x220.webp 300w\" sizes=\"auto, (max-width: 600px) 100vw, 600px\" \/><\/figure>\n<\/div>\n\n\n\n<div class=\"wp-block-column is-layout-flow wp-block-column-is-layout-flow\">\n<p>Checkliste f\u00fcr die Wertsteigerung:<\/p>\n\n\n\n<ul class=\"wp-block-list\">\n<li>Ist die Uhr funktionsf\u00e4hig?<\/li>\n\n\n\n<li>K\u00f6nnen Sie eine Wartung nachweisen (Rechnung des Service)?<\/li>\n\n\n\n<li>Verkaufen Sie die Uhr mit der Original-Box?<\/li>\n\n\n\n<li>Sind auch die Kaufbelege vorhanden?<\/li>\n\n\n\n<li>Ist die Uhr im ungetragenen Zustand?<\/li>\n\n\n\n<li>Handelt es sich um ein seltenes Sondermodell?<\/li>\n<\/ul>\n\n\n\n<p>Erfahren Sie jetzt, wieviel wir f\u00fcr Ihre Luxusuhr bieten und f\u00fcllen Sie in wenigen Minuten das Ankaufsformular aus!<\/p>\n\n\n<div class=\"wp-bootstrap-blocks-button\">\n\t<a\n\t\thref=\"https:\/\/www.uhrenankauf365.de\/uhr-verkaufen\/ankaufsformular\/\"\n\t\t\t\t\t\tclass=\"btn btn-block btn-primary\"\n\t>\n\t\tZum Ankaufsformular\t<\/a>\n<\/div>\n<\/div>\n<\/div>\n","protected":false},"excerpt":{"rendered":"<p>Sie m\u00f6chten Ihre gebrauchte Patek Philippe Calatrava Luxusuhr verkaufen und suchen einen H\u00e4ndler, der den Ankauf seri\u00f6s und fair durchf\u00fchrt? &#8211; Bei uhrenankauf365.de sind Sie richtig. Wir sind spezialisiert auf den Ankauf von Luxusuhren wie Patek Philippe! Erfahren Sie hier, wie der Ankauf Ihrer Calatrava abl\u00e4uft. Bei jeglichen Fragen k\u00f6nnen Sie uns jederzeit vorab kontaktieren! [&hellip;]<\/p>\n","protected":false},"author":1,"featured_media":0,"parent":0,"menu_order":0,"comment_status":"closed","ping_status":"closed","template":"","meta":{"footnotes":""},"class_list":["post-1876","page","type-page","status-publish","hentry"],"yoast_head":"<!-- This site is optimized with the Yoast SEO plugin v27.3 - https:\/\/yoast.com\/product\/yoast-seo-wordpress\/ -->\n<title>Patek Philippe Calatrava verkaufen - Uhrenankauf 365<\/title>\n<meta name=\"description\" content=\"Wir sind spezialisiert auf den Ankauf von Patek Philippe Luxusuhren und bieten Ihnen eine faire Auszahlung und seri\u00f6se Abwicklung.\" \/>\n<meta name=\"robots\" content=\"index, follow, max-snippet:-1, max-image-preview:large, max-video-preview:-1\" \/>\n<link rel=\"canonical\" href=\"https:\/\/www.uhrenankauf365.de\/uhr-verkaufen\/patek-philippe-calatrava-verkaufen\/\" \/>\n<meta property=\"og:locale\" content=\"de_DE\" \/>\n<meta property=\"og:type\" content=\"article\" \/>\n<meta property=\"og:title\" content=\"Patek Philippe Calatrava verkaufen - Uhrenankauf 365\" \/>\n<meta property=\"og:description\" content=\"Wir sind spezialisiert auf den Ankauf von Patek Philippe Luxusuhren und bieten Ihnen eine faire Auszahlung und seri\u00f6se Abwicklung.\" \/>\n<meta property=\"og:url\" content=\"https:\/\/www.uhrenankauf365.de\/uhr-verkaufen\/patek-philippe-calatrava-verkaufen\/\" \/>\n<meta property=\"og:site_name\" content=\"Uhrenankauf 365\" \/>\n<meta property=\"article:modified_time\" content=\"2024-01-22T11:10:05+00:00\" \/>\n<meta property=\"og:image\" content=\"https:\/\/www.uhrenankauf365.de\/uhr-verkaufen\/wp-content\/uploads\/2024\/01\/wir_kaufen_patek_philippe_calatrava-1024x350.webp\" \/>\n<meta name=\"twitter:card\" content=\"summary_large_image\" \/>\n<meta name=\"twitter:label1\" content=\"Gesch\u00e4tzte Lesezeit\" \/>\n\t<meta name=\"twitter:data1\" content=\"3\u00a0Minuten\" \/>\n<script type=\"application\/ld+json\" class=\"yoast-schema-graph\">{\"@context\":\"https:\\\/\\\/schema.org\",\"@graph\":[{\"@type\":\"WebPage\",\"@id\":\"https:\\\/\\\/www.uhrenankauf365.de\\\/uhr-verkaufen\\\/patek-philippe-calatrava-verkaufen\\\/\",\"url\":\"https:\\\/\\\/www.uhrenankauf365.de\\\/uhr-verkaufen\\\/patek-philippe-calatrava-verkaufen\\\/\",\"name\":\"Patek Philippe Calatrava verkaufen - Uhrenankauf 365\",\"isPartOf\":{\"@id\":\"https:\\\/\\\/www.uhrenankauf365.de\\\/uhr-verkaufen\\\/#website\"},\"primaryImageOfPage\":{\"@id\":\"https:\\\/\\\/www.uhrenankauf365.de\\\/uhr-verkaufen\\\/patek-philippe-calatrava-verkaufen\\\/#primaryimage\"},\"image\":{\"@id\":\"https:\\\/\\\/www.uhrenankauf365.de\\\/uhr-verkaufen\\\/patek-philippe-calatrava-verkaufen\\\/#primaryimage\"},\"thumbnailUrl\":\"https:\\\/\\\/www.uhrenankauf365.de\\\/uhr-verkaufen\\\/wp-content\\\/uploads\\\/2024\\\/01\\\/wir_kaufen_patek_philippe_calatrava-1024x350.webp\",\"datePublished\":\"2024-01-22T11:06:03+00:00\",\"dateModified\":\"2024-01-22T11:10:05+00:00\",\"description\":\"Wir sind spezialisiert auf den Ankauf von Patek Philippe Luxusuhren und bieten Ihnen eine faire Auszahlung und seri\u00f6se Abwicklung.\",\"breadcrumb\":{\"@id\":\"https:\\\/\\\/www.uhrenankauf365.de\\\/uhr-verkaufen\\\/patek-philippe-calatrava-verkaufen\\\/#breadcrumb\"},\"inLanguage\":\"de\",\"potentialAction\":[{\"@type\":\"ReadAction\",\"target\":[\"https:\\\/\\\/www.uhrenankauf365.de\\\/uhr-verkaufen\\\/patek-philippe-calatrava-verkaufen\\\/\"]}]},{\"@type\":\"ImageObject\",\"inLanguage\":\"de\",\"@id\":\"https:\\\/\\\/www.uhrenankauf365.de\\\/uhr-verkaufen\\\/patek-philippe-calatrava-verkaufen\\\/#primaryimage\",\"url\":\"https:\\\/\\\/www.uhrenankauf365.de\\\/uhr-verkaufen\\\/wp-content\\\/uploads\\\/2024\\\/01\\\/wir_kaufen_patek_philippe_calatrava.webp\",\"contentUrl\":\"https:\\\/\\\/www.uhrenankauf365.de\\\/uhr-verkaufen\\\/wp-content\\\/uploads\\\/2024\\\/01\\\/wir_kaufen_patek_philippe_calatrava.webp\",\"width\":1312,\"height\":448},{\"@type\":\"BreadcrumbList\",\"@id\":\"https:\\\/\\\/www.uhrenankauf365.de\\\/uhr-verkaufen\\\/patek-philippe-calatrava-verkaufen\\\/#breadcrumb\",\"itemListElement\":[{\"@type\":\"ListItem\",\"position\":1,\"name\":\"Startseite\",\"item\":\"https:\\\/\\\/www.uhrenankauf365.de\\\/uhr-verkaufen\\\/\"},{\"@type\":\"ListItem\",\"position\":2,\"name\":\"Patek Philippe Calatrava verkaufen\"}]},{\"@type\":\"WebSite\",\"@id\":\"https:\\\/\\\/www.uhrenankauf365.de\\\/uhr-verkaufen\\\/#website\",\"url\":\"https:\\\/\\\/www.uhrenankauf365.de\\\/uhr-verkaufen\\\/\",\"name\":\"Uhrenankauf 365\",\"description\":\"Jetzt Ihre Luxusuhr verkaufen!\",\"publisher\":{\"@id\":\"https:\\\/\\\/www.uhrenankauf365.de\\\/uhr-verkaufen\\\/#organization\"},\"potentialAction\":[{\"@type\":\"SearchAction\",\"target\":{\"@type\":\"EntryPoint\",\"urlTemplate\":\"https:\\\/\\\/www.uhrenankauf365.de\\\/uhr-verkaufen\\\/?s={search_term_string}\"},\"query-input\":{\"@type\":\"PropertyValueSpecification\",\"valueRequired\":true,\"valueName\":\"search_term_string\"}}],\"inLanguage\":\"de\"},{\"@type\":\"Organization\",\"@id\":\"https:\\\/\\\/www.uhrenankauf365.de\\\/uhr-verkaufen\\\/#organization\",\"name\":\"uhrenankauf365.de, Anke Michels\",\"url\":\"https:\\\/\\\/www.uhrenankauf365.de\\\/uhr-verkaufen\\\/\",\"logo\":{\"@type\":\"ImageObject\",\"inLanguage\":\"de\",\"@id\":\"https:\\\/\\\/www.uhrenankauf365.de\\\/uhr-verkaufen\\\/#\\\/schema\\\/logo\\\/image\\\/\",\"url\":\"https:\\\/\\\/www.uhrenankauf365.de\\\/uhr-verkaufen\\\/wp-content\\\/uploads\\\/2020\\\/11\\\/logo_uhrenankauf.png\",\"contentUrl\":\"https:\\\/\\\/www.uhrenankauf365.de\\\/uhr-verkaufen\\\/wp-content\\\/uploads\\\/2020\\\/11\\\/logo_uhrenankauf.png\",\"width\":98,\"height\":100,\"caption\":\"uhrenankauf365.de, Anke Michels\"},\"image\":{\"@id\":\"https:\\\/\\\/www.uhrenankauf365.de\\\/uhr-verkaufen\\\/#\\\/schema\\\/logo\\\/image\\\/\"}}]}<\/script>\n<!-- \/ Yoast SEO plugin. -->","yoast_head_json":{"title":"Patek Philippe Calatrava verkaufen - Uhrenankauf 365","description":"Wir sind spezialisiert auf den Ankauf von Patek Philippe Luxusuhren und bieten Ihnen eine faire Auszahlung und seri\u00f6se Abwicklung.","robots":{"index":"index","follow":"follow","max-snippet":"max-snippet:-1","max-image-preview":"max-image-preview:large","max-video-preview":"max-video-preview:-1"},"canonical":"https:\/\/www.uhrenankauf365.de\/uhr-verkaufen\/patek-philippe-calatrava-verkaufen\/","og_locale":"de_DE","og_type":"article","og_title":"Patek Philippe Calatrava verkaufen - Uhrenankauf 365","og_description":"Wir sind spezialisiert auf den Ankauf von Patek Philippe Luxusuhren und bieten Ihnen eine faire Auszahlung und seri\u00f6se Abwicklung.","og_url":"https:\/\/www.uhrenankauf365.de\/uhr-verkaufen\/patek-philippe-calatrava-verkaufen\/","og_site_name":"Uhrenankauf 365","article_modified_time":"2024-01-22T11:10:05+00:00","og_image":[{"url":"https:\/\/www.uhrenankauf365.de\/uhr-verkaufen\/wp-content\/uploads\/2024\/01\/wir_kaufen_patek_philippe_calatrava-1024x350.webp","type":"","width":"","height":""}],"twitter_card":"summary_large_image","twitter_misc":{"Gesch\u00e4tzte Lesezeit":"3\u00a0Minuten"},"schema":{"@context":"https:\/\/schema.org","@graph":[{"@type":"WebPage","@id":"https:\/\/www.uhrenankauf365.de\/uhr-verkaufen\/patek-philippe-calatrava-verkaufen\/","url":"https:\/\/www.uhrenankauf365.de\/uhr-verkaufen\/patek-philippe-calatrava-verkaufen\/","name":"Patek Philippe Calatrava verkaufen - Uhrenankauf 365","isPartOf":{"@id":"https:\/\/www.uhrenankauf365.de\/uhr-verkaufen\/#website"},"primaryImageOfPage":{"@id":"https:\/\/www.uhrenankauf365.de\/uhr-verkaufen\/patek-philippe-calatrava-verkaufen\/#primaryimage"},"image":{"@id":"https:\/\/www.uhrenankauf365.de\/uhr-verkaufen\/patek-philippe-calatrava-verkaufen\/#primaryimage"},"thumbnailUrl":"https:\/\/www.uhrenankauf365.de\/uhr-verkaufen\/wp-content\/uploads\/2024\/01\/wir_kaufen_patek_philippe_calatrava-1024x350.webp","datePublished":"2024-01-22T11:06:03+00:00","dateModified":"2024-01-22T11:10:05+00:00","description":"Wir sind spezialisiert auf den Ankauf von Patek Philippe Luxusuhren und bieten Ihnen eine faire Auszahlung und seri\u00f6se Abwicklung.","breadcrumb":{"@id":"https:\/\/www.uhrenankauf365.de\/uhr-verkaufen\/patek-philippe-calatrava-verkaufen\/#breadcrumb"},"inLanguage":"de","potentialAction":[{"@type":"ReadAction","target":["https:\/\/www.uhrenankauf365.de\/uhr-verkaufen\/patek-philippe-calatrava-verkaufen\/"]}]},{"@type":"ImageObject","inLanguage":"de","@id":"https:\/\/www.uhrenankauf365.de\/uhr-verkaufen\/patek-philippe-calatrava-verkaufen\/#primaryimage","url":"https:\/\/www.uhrenankauf365.de\/uhr-verkaufen\/wp-content\/uploads\/2024\/01\/wir_kaufen_patek_philippe_calatrava.webp","contentUrl":"https:\/\/www.uhrenankauf365.de\/uhr-verkaufen\/wp-content\/uploads\/2024\/01\/wir_kaufen_patek_philippe_calatrava.webp","width":1312,"height":448},{"@type":"BreadcrumbList","@id":"https:\/\/www.uhrenankauf365.de\/uhr-verkaufen\/patek-philippe-calatrava-verkaufen\/#breadcrumb","itemListElement":[{"@type":"ListItem","position":1,"name":"Startseite","item":"https:\/\/www.uhrenankauf365.de\/uhr-verkaufen\/"},{"@type":"ListItem","position":2,"name":"Patek Philippe Calatrava verkaufen"}]},{"@type":"WebSite","@id":"https:\/\/www.uhrenankauf365.de\/uhr-verkaufen\/#website","url":"https:\/\/www.uhrenankauf365.de\/uhr-verkaufen\/","name":"Uhrenankauf 365","description":"Jetzt Ihre Luxusuhr verkaufen!","publisher":{"@id":"https:\/\/www.uhrenankauf365.de\/uhr-verkaufen\/#organization"},"potentialAction":[{"@type":"SearchAction","target":{"@type":"EntryPoint","urlTemplate":"https:\/\/www.uhrenankauf365.de\/uhr-verkaufen\/?s={search_term_string}"},"query-input":{"@type":"PropertyValueSpecification","valueRequired":true,"valueName":"search_term_string"}}],"inLanguage":"de"},{"@type":"Organization","@id":"https:\/\/www.uhrenankauf365.de\/uhr-verkaufen\/#organization","name":"uhrenankauf365.de, Anke Michels","url":"https:\/\/www.uhrenankauf365.de\/uhr-verkaufen\/","logo":{"@type":"ImageObject","inLanguage":"de","@id":"https:\/\/www.uhrenankauf365.de\/uhr-verkaufen\/#\/schema\/logo\/image\/","url":"https:\/\/www.uhrenankauf365.de\/uhr-verkaufen\/wp-content\/uploads\/2020\/11\/logo_uhrenankauf.png","contentUrl":"https:\/\/www.uhrenankauf365.de\/uhr-verkaufen\/wp-content\/uploads\/2020\/11\/logo_uhrenankauf.png","width":98,"height":100,"caption":"uhrenankauf365.de, Anke Michels"},"image":{"@id":"https:\/\/www.uhrenankauf365.de\/uhr-verkaufen\/#\/schema\/logo\/image\/"}}]}},"_links":{"self":[{"href":"https:\/\/www.uhrenankauf365.de\/uhr-verkaufen\/wp-json\/wp\/v2\/pages\/1876","targetHints":{"allow":["GET"]}}],"collection":[{"href":"https:\/\/www.uhrenankauf365.de\/uhr-verkaufen\/wp-json\/wp\/v2\/pages"}],"about":[{"href":"https:\/\/www.uhrenankauf365.de\/uhr-verkaufen\/wp-json\/wp\/v2\/types\/page"}],"author":[{"embeddable":true,"href":"https:\/\/www.uhrenankauf365.de\/uhr-verkaufen\/wp-json\/wp\/v2\/users\/1"}],"replies":[{"embeddable":true,"href":"https:\/\/www.uhrenankauf365.de\/uhr-verkaufen\/wp-json\/wp\/v2\/comments?post=1876"}],"version-history":[{"count":4,"href":"https:\/\/www.uhrenankauf365.de\/uhr-verkaufen\/wp-json\/wp\/v2\/pages\/1876\/revisions"}],"predecessor-version":[{"id":1884,"href":"https:\/\/www.uhrenankauf365.de\/uhr-verkaufen\/wp-json\/wp\/v2\/pages\/1876\/revisions\/1884"}],"wp:attachment":[{"href":"https:\/\/www.uhrenankauf365.de\/uhr-verkaufen\/wp-json\/wp\/v2\/media?parent=1876"}],"curies":[{"name":"wp","href":"https:\/\/api.w.org\/{rel}","templated":true}]}}