{"id":1743,"date":"2023-07-26T13:29:22","date_gmt":"2023-07-26T11:29:22","guid":{"rendered":"https:\/\/www.uhrenankauf365.de\/uhr-verkaufen\/?page_id=1743"},"modified":"2023-10-26T18:42:50","modified_gmt":"2023-10-26T16:42:50","slug":"uhren-ankauf-recklinghausen","status":"publish","type":"page","link":"https:\/\/www.uhrenankauf365.de\/uhr-verkaufen\/uhren-ankauf-recklinghausen\/","title":{"rendered":"Uhren Ankauf Recklinghausen"},"content":{"rendered":"\n<p>Als Spezialist f\u00fcr den Uhren Ankauf Recklinghausen haben wir Tipps f\u00fcr Sie, wie Sie Ihre Luxusuhr in Recklinghausen, Dorsten, Marl und Haltern am besten verkaufen k\u00f6nnen.<\/p>\n\n\n\n<p>Eine teure Luxusuhr der Marke <a href=\"https:\/\/www.uhrenankauf365.de\/uhr-verkaufen\/rolex\/\">Rolex<\/a>, <a href=\"https:\/\/www.uhrenankauf365.de\/uhr-verkaufen\/audemars_piguet\/\">Audemars Piguet<\/a>, <a href=\"https:\/\/www.uhrenankauf365.de\/uhr-verkaufen\/patek_philippe\/\">Patek Philippe<\/a> oder <a href=\"https:\/\/www.uhrenankauf365.de\/uhr-verkaufen\/jaeger_lecoultre\/\">Jaeger-LeCoultre<\/a> ist in den meisten F\u00e4llen eine gute <strong>Wertanlage<\/strong>. Sie m\u00f6chten Ihre <strong>Uhr in Recklinghausen verkaufen<\/strong>? Nutzen Sie unbedingt die M\u00f6glichkeit, lokale Anbieter mit uhrenankauf365.de zu vergleichen! Wir kaufen bundesweit Uhren an und sind seit 1998 auf Luxusuhren spezialisiert.<\/p>\n\n\n\n<div class=\"wp-block-columns is-layout-flex wp-container-core-columns-is-layout-9d6595d7 wp-block-columns-is-layout-flex\">\n<div class=\"wp-block-column is-layout-flow wp-block-column-is-layout-flow\">\n<h2 class=\"wp-block-heading\">Welche Uhren wir ankaufen<\/h2>\n\n\n\n<p>Wie eingangs ew\u00e4hnt, sind wir vor allem an Luxusmodellen interessiert. Haben Sie eine seltene Rolex oder Patek Philippe zu verkaufen? &#8211; Wir freuen uns auf Ihr Angebot! Dazu haben wir ein <a href=\"https:\/\/www.uhrenankauf365.de\/uhr-verkaufen\/ankaufsformular\/\">Ankaufsformular<\/a> vorbereitet, in dem wir die wichtigsten Eckdaten zur Uhr abfragen. Dies erleichtert uns die Zuordnung der Uhr und Einsch\u00e4tzung eines m\u00f6glichen Ankaufsbetrages in Euro.<\/p>\n\n\n\n<div class=\"wp-block-buttons is-layout-flex wp-block-buttons-is-layout-flex\">\n<div class=\"wp-block-button\"><a class=\"wp-block-button__link wp-element-button\" href=\"https:\/\/www.uhrenankauf365.de\/uhr-verkaufen\/ankaufsformular\/\">Zum Ankaufsformular<\/a><\/div>\n<\/div>\n<\/div>\n\n\n\n<div class=\"wp-block-column is-layout-flow wp-block-column-is-layout-flow\">\n<figure class=\"wp-block-image size-full\"><img loading=\"lazy\" decoding=\"async\" width=\"650\" height=\"367\" src=\"https:\/\/www.uhrenankauf365.de\/uhr-verkaufen\/wp-content\/uploads\/2023\/07\/uhrenankauf-recklinghausen-uhr-verkaufen.jpg\" alt=\"\" class=\"wp-image-1759\" srcset=\"https:\/\/www.uhrenankauf365.de\/uhr-verkaufen\/wp-content\/uploads\/2023\/07\/uhrenankauf-recklinghausen-uhr-verkaufen.jpg 650w, https:\/\/www.uhrenankauf365.de\/uhr-verkaufen\/wp-content\/uploads\/2023\/07\/uhrenankauf-recklinghausen-uhr-verkaufen-300x169.jpg 300w\" sizes=\"auto, (max-width: 650px) 100vw, 650px\" \/><\/figure>\n<\/div>\n<\/div>\n\n\n\n<p>Hier sind die Marken, an denen wir spezielles Interesse haben:<\/p>\n\n\n\n<div class=\"wp-block-columns is-layout-flex wp-container-core-columns-is-layout-9d6595d7 wp-block-columns-is-layout-flex\">\n<div class=\"wp-block-column is-layout-flow wp-block-column-is-layout-flow\">\n<ul class=\"wp-block-list\" id=\"block-edb932fe-7be8-414e-a967-3010e9ad6cac\">\n<li><a href=\"https:\/\/www.uhrenankauf365.de\/uhr-verkaufen\/audemars_piguet\/\">Ankauf von Audemars Piguet<\/a><\/li>\n\n\n\n<li><a href=\"https:\/\/www.uhrenankauf365.de\/uhr-verkaufen\/a_lange_und_soehne\/\">Ankauf von A. Lange &amp; S\u00f6hne<\/a><\/li>\n\n\n\n<li><a href=\"https:\/\/www.uhrenankauf365.de\/uhr-verkaufen\/breitling\/\">Ankauf von Breitling<\/a><\/li>\n\n\n\n<li><a href=\"https:\/\/www.uhrenankauf365.de\/uhr-verkaufen\/blancpain\/\">Ankauf von Blancpain<\/a><\/li>\n\n\n\n<li><a href=\"https:\/\/www.uhrenankauf365.de\/uhr-verkaufen\/cartier\/\">Ankauf von Cartier<\/a><\/li>\n\n\n\n<li><a href=\"https:\/\/www.uhrenankauf365.de\/uhr-verkaufen\/chanel\/\">Ankauf von Chanel<\/a><\/li>\n\n\n\n<li><a href=\"https:\/\/www.uhrenankauf365.de\/uhr-verkaufen\/hublot\/\">Ankauf von Hublot<\/a><\/li>\n\n\n\n<li><a href=\"https:\/\/www.uhrenankauf365.de\/uhr-verkaufen\/iwc\/\">Ankauf von IWC<\/a><\/li>\n<\/ul>\n<\/div>\n\n\n\n<div class=\"wp-block-column is-layout-flow wp-block-column-is-layout-flow\">\n<ul class=\"wp-block-list\">\n<li><a href=\"https:\/\/www.uhrenankauf365.de\/uhr-verkaufen\/jaeger_lecoultre\/\">Ankauf von Jaeger-LeCoultre<\/a><\/li>\n\n\n\n<li><a href=\"https:\/\/www.uhrenankauf365.de\/uhr-verkaufen\/omega\/\">Ankauf von Omega<\/a><\/li>\n\n\n\n<li><a href=\"https:\/\/www.uhrenankauf365.de\/uhr-verkaufen\/panerai\/\">Ankauf von Panerai<\/a><\/li>\n\n\n\n<li><a href=\"https:\/\/www.uhrenankauf365.de\/uhr-verkaufen\/patek_philippe\/\">Ankauf von Patek Philippe<\/a><\/li>\n\n\n\n<li><a href=\"https:\/\/www.uhrenankauf365.de\/uhr-verkaufen\/rolex\/\">Ankauf von Rolex<\/a><\/li>\n\n\n\n<li><a href=\"https:\/\/www.uhrenankauf365.de\/uhr-verkaufen\/vacheron_constantin\/\">Ankauf von Vacheron Constantin<\/a><\/li>\n\n\n\n<li><a href=\"https:\/\/www.uhrenankauf365.de\/uhr-verkaufen\/zenith\/\">Ankauf von Zenith-Uhren<\/a><\/li>\n<\/ul>\n<\/div>\n<\/div>\n\n\n\n<h2 class=\"wp-block-heading\">Unser Engagement f\u00fcr Ihre Zufriedenheit<\/h2>\n\n\n\n<p>Was unterscheidet uns von anderen Uhrenank\u00e4ufern? Unser Engagement f\u00fcr absolute Transparenz. Wenn Sie uns eine <a href=\"https:\/\/www.uhrenankauf365.de\/uhr-verkaufen\/ankaufsformular\/\">Uhr zum Verkauf anbieten<\/a>, k\u00f6nnen Sie sicher sein, dass Sie von uns eine ehrliche und faire Bewertung erhalten. Jeder einzelne Aspekt Ihrer Luxusuhr wird sorgf\u00e4ltig durch unseren Uhrmachermeister gepr\u00fcft, angefangen von der \u00e4u\u00dferen \u00c4sthetik bis hin zur feinsten Mechanik im Inneren des Zeitmessers. So stellen wir sicher, dass Sie den besten Preis f\u00fcr Ihre Uhr erhalten.<\/p>\n\n\n\n<div class=\"container p-4 uak_heller_hintergrund\">\n<div class=\"row mb-4\">\n<div class=\"col-12 col-md-6 text-center\">\n<i class=\"uak365icon fas fa-file-alt\"><\/i><br>\n<div class=\"ankaufschritte_title\">Formular ausf\u00fcllen<\/div>\n<small>Das <a href=\"https:\/\/www.uhrenankauf365.de\/uhr-verkaufen\/ankaufsformular\/\" title=\"Ankaufsformular Uhren\">Ankaufsformular<\/a> erfasst alle wichtigen Angaben zur Armbanduhr, die Sie verkaufen m\u00f6chten und erleichtert die Ermittlung eines fairen Ankaufspreises.<\/small>\n<\/div>\n<div class=\"col-12 col-md-6 text-center\">\n<i class=\"uak365icon far fa-handshake\"><\/i><br>\n<div class=\"ankaufschritte_title\">Angebot erhalten<\/div>\n<small>Wir unterbreiten Ihnen nach Erhalt der Informationen zur Uhr ein Angebot zum Ankauf. Offene Fragen kl\u00e4ren wir vorab.<\/small>\n<\/div>\n<\/div>\n\n\n<div class=\"row\">\n<div class=\"col-12 col-md-6 text-center\">\n<i class=\"uak365icon fas fa-truck-loading\"><\/i><br>\n<div class=\"ankaufschritte_title\">Uhr wird abgeholt<\/div>\n<small>Ein auf Werttransporte spezialisiertes Unternehmen holt die Uhr bei Ihnen ab. Mehr dazu erfahren Sie <a href=\"https:\/\/www.uhrenankauf365.de\/uhr-verkaufen\/ankauf-faq\/\">hier<\/a>.<\/small>\n<\/div>\n<div class=\"col-12 col-md-6 text-center\">\n<i class=\"uak365icon fas fa-euro-sign\"><\/i><br>\n<div class=\"ankaufschritte_title\">Geld erhalten<\/div>\n<small>Nach Pr\u00fcfung der Armbanduhr zahlen wir den vereinbarten Ankaufspreis zuverl\u00e4ssig und schnell auf Ihr Konto aus.\n<\/small>\n<\/div>\n<\/div>\n\n<\/div>\n\n\n\n<h2 class=\"wp-block-heading mt-4\">Jetzt Ihre Uhr in Recklinghausen verkaufen<\/h2>\n\n\n\n<p>Nachdem wir Ihnen alle offenen Fragen beantwortet haben, nutzen Sie gerne unser Ankaufsformular, um den Uhren Ankauf Recklinghausen zu nutzen und Ihre Uhr anzubieten. Die erste Einsch\u00e4tzung erfolgt in der Regel innerhalb weniger Stunden. Egal, ob Sie eine edle Rolex, eine elegante Patek Philippe oder eine zeitlose Audemars Piguet besitzen &#8211; wir sind daran interessiert, Ihre Luxusuhr zu einem angemessenen Preis zu erwerben. Auch wenn wir kein Interesse an Ihrer Uhr haben, werden wir Sie dar\u00fcber informieren.<\/p>\n\n\n<div class=\"wp-bootstrap-blocks-container container mb-2 uak_heller_hintergrund p-4\">\n\t\n\n<p class=\"has-text-align-center\"><strong>Welche Uhrenmarke m\u00f6chten Sie verkaufen?<\/strong><\/p>\n\n\n\n<p class=\"text-center\"><a href=\"https:\/\/www.uhrenankauf365.de\/uhr-verkaufen\/a_lange_und_soehne\" class=\"btn btn-primary mb-1 mt-1\" title=\"Uhren Ankauf A. Lange und S\u00f6hne\">A. Lange &amp; S\u00f6hne<\/a> <a href=\"https:\/\/www.uhrenankauf365.de\/uhr-verkaufen\/audemars_piguet\" class=\"btn btn-primary mb-1 mt-1\" title=\"Uhren Ankauf Audemars Piguet\">Audemars Piguet<\/a> <a href=\"https:\/\/www.uhrenankauf365.de\/uhr-verkaufen\/breitling\" class=\"btn btn-primary mb-1 mt-1\" title=\"Uhren Ankauf Breitling\">Breitling<\/a> <a href=\"https:\/\/www.uhrenankauf365.de\/uhr-verkaufen\/hublot\" class=\"btn btn-primary mb-1 mt-1\" title=\"Uhren Ankauf Hublot\">Hublot<\/a> <a href=\"https:\/\/www.uhrenankauf365.de\/uhr-verkaufen\/jaeger_lecoultre\" class=\"btn btn-primary mb-1 mt-1\" title=\"Uhren Ankauf Jaeger-LeCoultre\">Jaeger-LeCoultre<\/a> <a href=\"https:\/\/www.uhrenankauf365.de\/uhr-verkaufen\/omega\" class=\"btn btn-primary mb-1 mt-1\" title=\"Uhren Ankauf Omega\">Omega<\/a> <a href=\"https:\/\/www.uhrenankauf365.de\/uhr-verkaufen\/patek_philippe\" class=\"btn btn-primary mb-1 mt-1\" title=\"Uhren Ankauf Patek Philippe\">Patek Philippe<\/a> <a href=\"https:\/\/www.uhrenankauf365.de\/uhr-verkaufen\/rolex\" class=\"btn btn-primary mb-1 mt-1\" title=\"Uhren Ankauf Rolex\">Rolex<\/a> <a href=\"https:\/\/www.uhrenankauf365.de\/uhr-verkaufen\/ankaufsformular\" class=\"btn btn-primary mb-1 mt-1\">Andere Marke<\/a><br><br><strong>W\u00fcnschen Sie zun\u00e4chst weitere Informationen zur Abwicklung des Uhrenankaufs?<\/strong><br>\n<a href=\"\/uhr-verkaufen\/ankauf-faq\/\" class=\"btn btn-secondary mt-3\">FAQ anzeigen<\/a><\/p>\n\n<\/div>\n\n\n\n<p><\/p>\n","protected":false},"excerpt":{"rendered":"<p>Als Spezialist f\u00fcr den Uhren Ankauf Recklinghausen haben wir Tipps f\u00fcr Sie, wie Sie Ihre Luxusuhr in Recklinghausen, Dorsten, Marl und Haltern am besten verkaufen k\u00f6nnen. Eine teure Luxusuhr der Marke Rolex, Audemars Piguet, Patek Philippe oder Jaeger-LeCoultre ist in den meisten F\u00e4llen eine gute Wertanlage. Sie m\u00f6chten Ihre Uhr in Recklinghausen verkaufen? Nutzen Sie [&hellip;]<\/p>\n","protected":false},"author":1,"featured_media":0,"parent":0,"menu_order":0,"comment_status":"closed","ping_status":"closed","template":"","meta":{"footnotes":""},"class_list":["post-1743","page","type-page","status-publish","hentry"],"yoast_head":"<!-- This site is optimized with the Yoast SEO plugin v27.3 - https:\/\/yoast.com\/product\/yoast-seo-wordpress\/ -->\n<title>Uhren Ankauf Recklinghausen - Uhrenankauf 365<\/title>\n<meta name=\"description\" content=\"Im Uhren Ankauf Recklinghausen verkaufen Sie Ihre Uhr an Experten, die Sie fair und schnell auszahlen. Seit 1998.\" \/>\n<meta name=\"robots\" content=\"index, follow, max-snippet:-1, max-image-preview:large, max-video-preview:-1\" \/>\n<link rel=\"canonical\" href=\"https:\/\/www.uhrenankauf365.de\/uhr-verkaufen\/uhren-ankauf-recklinghausen\/\" \/>\n<meta property=\"og:locale\" content=\"de_DE\" \/>\n<meta property=\"og:type\" content=\"article\" \/>\n<meta property=\"og:title\" content=\"Uhren Ankauf Recklinghausen - Uhrenankauf 365\" \/>\n<meta property=\"og:description\" content=\"Im Uhren Ankauf Recklinghausen verkaufen Sie Ihre Uhr an Experten, die Sie fair und schnell auszahlen. Seit 1998.\" \/>\n<meta property=\"og:url\" content=\"https:\/\/www.uhrenankauf365.de\/uhr-verkaufen\/uhren-ankauf-recklinghausen\/\" \/>\n<meta property=\"og:site_name\" content=\"Uhrenankauf 365\" \/>\n<meta property=\"article:modified_time\" content=\"2023-10-26T16:42:50+00:00\" \/>\n<meta property=\"og:image\" content=\"https:\/\/www.uhrenankauf365.de\/uhr-verkaufen\/wp-content\/uploads\/2023\/07\/uhrenankauf-recklinghausen-uhr-verkaufen.jpg\" \/>\n<meta name=\"twitter:card\" content=\"summary_large_image\" \/>\n<meta name=\"twitter:label1\" content=\"Gesch\u00e4tzte Lesezeit\" \/>\n\t<meta name=\"twitter:data1\" content=\"3\u00a0Minuten\" \/>\n<script type=\"application\/ld+json\" class=\"yoast-schema-graph\">{\"@context\":\"https:\\\/\\\/schema.org\",\"@graph\":[{\"@type\":\"WebPage\",\"@id\":\"https:\\\/\\\/www.uhrenankauf365.de\\\/uhr-verkaufen\\\/uhren-ankauf-recklinghausen\\\/\",\"url\":\"https:\\\/\\\/www.uhrenankauf365.de\\\/uhr-verkaufen\\\/uhren-ankauf-recklinghausen\\\/\",\"name\":\"Uhren Ankauf Recklinghausen - Uhrenankauf 365\",\"isPartOf\":{\"@id\":\"https:\\\/\\\/www.uhrenankauf365.de\\\/uhr-verkaufen\\\/#website\"},\"primaryImageOfPage\":{\"@id\":\"https:\\\/\\\/www.uhrenankauf365.de\\\/uhr-verkaufen\\\/uhren-ankauf-recklinghausen\\\/#primaryimage\"},\"image\":{\"@id\":\"https:\\\/\\\/www.uhrenankauf365.de\\\/uhr-verkaufen\\\/uhren-ankauf-recklinghausen\\\/#primaryimage\"},\"thumbnailUrl\":\"https:\\\/\\\/www.uhrenankauf365.de\\\/uhr-verkaufen\\\/wp-content\\\/uploads\\\/2023\\\/07\\\/uhrenankauf-recklinghausen-uhr-verkaufen.jpg\",\"datePublished\":\"2023-07-26T11:29:22+00:00\",\"dateModified\":\"2023-10-26T16:42:50+00:00\",\"description\":\"Im Uhren Ankauf Recklinghausen verkaufen Sie Ihre Uhr an Experten, die Sie fair und schnell auszahlen. Seit 1998.\",\"breadcrumb\":{\"@id\":\"https:\\\/\\\/www.uhrenankauf365.de\\\/uhr-verkaufen\\\/uhren-ankauf-recklinghausen\\\/#breadcrumb\"},\"inLanguage\":\"de\",\"potentialAction\":[{\"@type\":\"ReadAction\",\"target\":[\"https:\\\/\\\/www.uhrenankauf365.de\\\/uhr-verkaufen\\\/uhren-ankauf-recklinghausen\\\/\"]}]},{\"@type\":\"ImageObject\",\"inLanguage\":\"de\",\"@id\":\"https:\\\/\\\/www.uhrenankauf365.de\\\/uhr-verkaufen\\\/uhren-ankauf-recklinghausen\\\/#primaryimage\",\"url\":\"https:\\\/\\\/www.uhrenankauf365.de\\\/uhr-verkaufen\\\/wp-content\\\/uploads\\\/2023\\\/07\\\/uhrenankauf-recklinghausen-uhr-verkaufen.jpg\",\"contentUrl\":\"https:\\\/\\\/www.uhrenankauf365.de\\\/uhr-verkaufen\\\/wp-content\\\/uploads\\\/2023\\\/07\\\/uhrenankauf-recklinghausen-uhr-verkaufen.jpg\",\"width\":650,\"height\":367},{\"@type\":\"BreadcrumbList\",\"@id\":\"https:\\\/\\\/www.uhrenankauf365.de\\\/uhr-verkaufen\\\/uhren-ankauf-recklinghausen\\\/#breadcrumb\",\"itemListElement\":[{\"@type\":\"ListItem\",\"position\":1,\"name\":\"Startseite\",\"item\":\"https:\\\/\\\/www.uhrenankauf365.de\\\/uhr-verkaufen\\\/\"},{\"@type\":\"ListItem\",\"position\":2,\"name\":\"Uhren Ankauf Recklinghausen\"}]},{\"@type\":\"WebSite\",\"@id\":\"https:\\\/\\\/www.uhrenankauf365.de\\\/uhr-verkaufen\\\/#website\",\"url\":\"https:\\\/\\\/www.uhrenankauf365.de\\\/uhr-verkaufen\\\/\",\"name\":\"Uhrenankauf 365\",\"description\":\"Jetzt Ihre Luxusuhr verkaufen!\",\"publisher\":{\"@id\":\"https:\\\/\\\/www.uhrenankauf365.de\\\/uhr-verkaufen\\\/#organization\"},\"potentialAction\":[{\"@type\":\"SearchAction\",\"target\":{\"@type\":\"EntryPoint\",\"urlTemplate\":\"https:\\\/\\\/www.uhrenankauf365.de\\\/uhr-verkaufen\\\/?s={search_term_string}\"},\"query-input\":{\"@type\":\"PropertyValueSpecification\",\"valueRequired\":true,\"valueName\":\"search_term_string\"}}],\"inLanguage\":\"de\"},{\"@type\":\"Organization\",\"@id\":\"https:\\\/\\\/www.uhrenankauf365.de\\\/uhr-verkaufen\\\/#organization\",\"name\":\"uhrenankauf365.de, Anke Michels\",\"url\":\"https:\\\/\\\/www.uhrenankauf365.de\\\/uhr-verkaufen\\\/\",\"logo\":{\"@type\":\"ImageObject\",\"inLanguage\":\"de\",\"@id\":\"https:\\\/\\\/www.uhrenankauf365.de\\\/uhr-verkaufen\\\/#\\\/schema\\\/logo\\\/image\\\/\",\"url\":\"https:\\\/\\\/www.uhrenankauf365.de\\\/uhr-verkaufen\\\/wp-content\\\/uploads\\\/2020\\\/11\\\/logo_uhrenankauf.png\",\"contentUrl\":\"https:\\\/\\\/www.uhrenankauf365.de\\\/uhr-verkaufen\\\/wp-content\\\/uploads\\\/2020\\\/11\\\/logo_uhrenankauf.png\",\"width\":98,\"height\":100,\"caption\":\"uhrenankauf365.de, Anke Michels\"},\"image\":{\"@id\":\"https:\\\/\\\/www.uhrenankauf365.de\\\/uhr-verkaufen\\\/#\\\/schema\\\/logo\\\/image\\\/\"}}]}<\/script>\n<!-- \/ Yoast SEO plugin. -->","yoast_head_json":{"title":"Uhren Ankauf Recklinghausen - Uhrenankauf 365","description":"Im Uhren Ankauf Recklinghausen verkaufen Sie Ihre Uhr an Experten, die Sie fair und schnell auszahlen. Seit 1998.","robots":{"index":"index","follow":"follow","max-snippet":"max-snippet:-1","max-image-preview":"max-image-preview:large","max-video-preview":"max-video-preview:-1"},"canonical":"https:\/\/www.uhrenankauf365.de\/uhr-verkaufen\/uhren-ankauf-recklinghausen\/","og_locale":"de_DE","og_type":"article","og_title":"Uhren Ankauf Recklinghausen - Uhrenankauf 365","og_description":"Im Uhren Ankauf Recklinghausen verkaufen Sie Ihre Uhr an Experten, die Sie fair und schnell auszahlen. Seit 1998.","og_url":"https:\/\/www.uhrenankauf365.de\/uhr-verkaufen\/uhren-ankauf-recklinghausen\/","og_site_name":"Uhrenankauf 365","article_modified_time":"2023-10-26T16:42:50+00:00","og_image":[{"url":"https:\/\/www.uhrenankauf365.de\/uhr-verkaufen\/wp-content\/uploads\/2023\/07\/uhrenankauf-recklinghausen-uhr-verkaufen.jpg","type":"","width":"","height":""}],"twitter_card":"summary_large_image","twitter_misc":{"Gesch\u00e4tzte Lesezeit":"3\u00a0Minuten"},"schema":{"@context":"https:\/\/schema.org","@graph":[{"@type":"WebPage","@id":"https:\/\/www.uhrenankauf365.de\/uhr-verkaufen\/uhren-ankauf-recklinghausen\/","url":"https:\/\/www.uhrenankauf365.de\/uhr-verkaufen\/uhren-ankauf-recklinghausen\/","name":"Uhren Ankauf Recklinghausen - Uhrenankauf 365","isPartOf":{"@id":"https:\/\/www.uhrenankauf365.de\/uhr-verkaufen\/#website"},"primaryImageOfPage":{"@id":"https:\/\/www.uhrenankauf365.de\/uhr-verkaufen\/uhren-ankauf-recklinghausen\/#primaryimage"},"image":{"@id":"https:\/\/www.uhrenankauf365.de\/uhr-verkaufen\/uhren-ankauf-recklinghausen\/#primaryimage"},"thumbnailUrl":"https:\/\/www.uhrenankauf365.de\/uhr-verkaufen\/wp-content\/uploads\/2023\/07\/uhrenankauf-recklinghausen-uhr-verkaufen.jpg","datePublished":"2023-07-26T11:29:22+00:00","dateModified":"2023-10-26T16:42:50+00:00","description":"Im Uhren Ankauf Recklinghausen verkaufen Sie Ihre Uhr an Experten, die Sie fair und schnell auszahlen. Seit 1998.","breadcrumb":{"@id":"https:\/\/www.uhrenankauf365.de\/uhr-verkaufen\/uhren-ankauf-recklinghausen\/#breadcrumb"},"inLanguage":"de","potentialAction":[{"@type":"ReadAction","target":["https:\/\/www.uhrenankauf365.de\/uhr-verkaufen\/uhren-ankauf-recklinghausen\/"]}]},{"@type":"ImageObject","inLanguage":"de","@id":"https:\/\/www.uhrenankauf365.de\/uhr-verkaufen\/uhren-ankauf-recklinghausen\/#primaryimage","url":"https:\/\/www.uhrenankauf365.de\/uhr-verkaufen\/wp-content\/uploads\/2023\/07\/uhrenankauf-recklinghausen-uhr-verkaufen.jpg","contentUrl":"https:\/\/www.uhrenankauf365.de\/uhr-verkaufen\/wp-content\/uploads\/2023\/07\/uhrenankauf-recklinghausen-uhr-verkaufen.jpg","width":650,"height":367},{"@type":"BreadcrumbList","@id":"https:\/\/www.uhrenankauf365.de\/uhr-verkaufen\/uhren-ankauf-recklinghausen\/#breadcrumb","itemListElement":[{"@type":"ListItem","position":1,"name":"Startseite","item":"https:\/\/www.uhrenankauf365.de\/uhr-verkaufen\/"},{"@type":"ListItem","position":2,"name":"Uhren Ankauf Recklinghausen"}]},{"@type":"WebSite","@id":"https:\/\/www.uhrenankauf365.de\/uhr-verkaufen\/#website","url":"https:\/\/www.uhrenankauf365.de\/uhr-verkaufen\/","name":"Uhrenankauf 365","description":"Jetzt Ihre Luxusuhr verkaufen!","publisher":{"@id":"https:\/\/www.uhrenankauf365.de\/uhr-verkaufen\/#organization"},"potentialAction":[{"@type":"SearchAction","target":{"@type":"EntryPoint","urlTemplate":"https:\/\/www.uhrenankauf365.de\/uhr-verkaufen\/?s={search_term_string}"},"query-input":{"@type":"PropertyValueSpecification","valueRequired":true,"valueName":"search_term_string"}}],"inLanguage":"de"},{"@type":"Organization","@id":"https:\/\/www.uhrenankauf365.de\/uhr-verkaufen\/#organization","name":"uhrenankauf365.de, Anke Michels","url":"https:\/\/www.uhrenankauf365.de\/uhr-verkaufen\/","logo":{"@type":"ImageObject","inLanguage":"de","@id":"https:\/\/www.uhrenankauf365.de\/uhr-verkaufen\/#\/schema\/logo\/image\/","url":"https:\/\/www.uhrenankauf365.de\/uhr-verkaufen\/wp-content\/uploads\/2020\/11\/logo_uhrenankauf.png","contentUrl":"https:\/\/www.uhrenankauf365.de\/uhr-verkaufen\/wp-content\/uploads\/2020\/11\/logo_uhrenankauf.png","width":98,"height":100,"caption":"uhrenankauf365.de, Anke Michels"},"image":{"@id":"https:\/\/www.uhrenankauf365.de\/uhr-verkaufen\/#\/schema\/logo\/image\/"}}]}},"_links":{"self":[{"href":"https:\/\/www.uhrenankauf365.de\/uhr-verkaufen\/wp-json\/wp\/v2\/pages\/1743","targetHints":{"allow":["GET"]}}],"collection":[{"href":"https:\/\/www.uhrenankauf365.de\/uhr-verkaufen\/wp-json\/wp\/v2\/pages"}],"about":[{"href":"https:\/\/www.uhrenankauf365.de\/uhr-verkaufen\/wp-json\/wp\/v2\/types\/page"}],"author":[{"embeddable":true,"href":"https:\/\/www.uhrenankauf365.de\/uhr-verkaufen\/wp-json\/wp\/v2\/users\/1"}],"replies":[{"embeddable":true,"href":"https:\/\/www.uhrenankauf365.de\/uhr-verkaufen\/wp-json\/wp\/v2\/comments?post=1743"}],"version-history":[{"count":11,"href":"https:\/\/www.uhrenankauf365.de\/uhr-verkaufen\/wp-json\/wp\/v2\/pages\/1743\/revisions"}],"predecessor-version":[{"id":1761,"href":"https:\/\/www.uhrenankauf365.de\/uhr-verkaufen\/wp-json\/wp\/v2\/pages\/1743\/revisions\/1761"}],"wp:attachment":[{"href":"https:\/\/www.uhrenankauf365.de\/uhr-verkaufen\/wp-json\/wp\/v2\/media?parent=1743"}],"curies":[{"name":"wp","href":"https:\/\/api.w.org\/{rel}","templated":true}]}}