{"id":1708,"date":"2023-05-03T15:04:00","date_gmt":"2023-05-03T13:04:00","guid":{"rendered":"https:\/\/www.uhrenankauf365.de\/uhr-verkaufen\/?page_id=1708"},"modified":"2023-05-03T15:46:34","modified_gmt":"2023-05-03T13:46:34","slug":"bremerhaven","status":"publish","type":"page","link":"https:\/\/www.uhrenankauf365.de\/uhr-verkaufen\/bremerhaven\/","title":{"rendered":"Uhren Ankauf Bremerhaven"},"content":{"rendered":"\n<p>Herzlich willkommen beim <strong>Uhren Ankauf Bremerhaven<\/strong> hier auf uhrenankauf365.de &#8211; wir sind spezialisiert auf <a href=\"https:\/\/www.nobeluhren-store.de\/\" target=\"_blank\" rel=\"noreferrer noopener\">gebrauchte <strong>Luxusuhren<\/strong><\/a> und bieten <strong>faire Preise<\/strong> f\u00fcr Ihre gebrauchte Uhr.<\/p>\n\n\n\n<p>Bei uns sind Sie also an der richtigen Adresse, wenn Sie z. B. eine <a href=\"https:\/\/www.uhrenankauf365.de\/uhr-verkaufen\/rolex\/\">Rolex<\/a>&#8211; oder <a href=\"https:\/\/www.uhrenankauf365.de\/uhr-verkaufen\/patek_philippe\/\">Patek Philippe<\/a>-Uhr verkaufen m\u00f6chten.<\/p>\n\n\n\n<div class=\"wp-block-columns is-layout-flex wp-container-core-columns-is-layout-9d6595d7 wp-block-columns-is-layout-flex\">\n<div class=\"wp-block-column is-layout-flow wp-block-column-is-layout-flow\">\n<p>Nachdem wir uns auf eine Auszahlungssumme geeinigt haben, lassen wir die Uhr von einem Werttransport-Unternehmen bei Ihnen in Bremerhaven abholen. Selbstverst\u00e4ndlich ist dieser Transport vollumf\u00e4nglich versichert.<\/p>\n\n\n\n<p>Nutzen Sie am besten unser <a href=\"https:\/\/www.uhrenankauf365.de\/uhr-verkaufen\/ankaufsformular\/\">Ankaufsformular<\/a>. Hier k\u00f6nnen Sie alle wichtigen Daten zu Ihrer Uhr eingeben und uns somit die Einsch\u00e4tzung des m\u00f6glichen Preises erleichtern.<\/p>\n\n\n\n<p>Senden Sie uns gerne bis zu drei Fotos Ihrer Uhr aus verschiedenen Perspektiven. So k\u00f6nnen wir beispielsweise Kratzer oder andere Unregelm\u00e4\u00dfigkeiten erkennen und in unsere Beurteilung einflie\u00dfen lassen.<\/p>\n<\/div>\n\n\n\n<div class=\"wp-block-column is-layout-flow wp-block-column-is-layout-flow\">\n<figure class=\"wp-block-image size-full\"><img loading=\"lazy\" decoding=\"async\" width=\"922\" height=\"585\" src=\"https:\/\/www.uhrenankauf365.de\/uhr-verkaufen\/wp-content\/uploads\/2023\/05\/uhren-ankauf-bremerhaven.jpg\" alt=\"Uhren Ankauf Bremerhaven - Ihr Profi f\u00fcr Ank\u00e4ufe von Luxusuhren!\" class=\"wp-image-1709\" srcset=\"https:\/\/www.uhrenankauf365.de\/uhr-verkaufen\/wp-content\/uploads\/2023\/05\/uhren-ankauf-bremerhaven.jpg 922w, https:\/\/www.uhrenankauf365.de\/uhr-verkaufen\/wp-content\/uploads\/2023\/05\/uhren-ankauf-bremerhaven-300x190.jpg 300w, https:\/\/www.uhrenankauf365.de\/uhr-verkaufen\/wp-content\/uploads\/2023\/05\/uhren-ankauf-bremerhaven-768x487.jpg 768w\" sizes=\"auto, (max-width: 922px) 100vw, 922px\" \/><\/figure>\n<\/div>\n<\/div>\n\n\n\n<div class=\"container p-4 uak_heller_hintergrund\">\n<div class=\"row mb-4\">\n<div class=\"col-12 col-md-6 text-center\">\n<i class=\"uak365icon fas fa-file-alt\"><\/i><br>\n<div class=\"ankaufschritte_title\">Formular ausf\u00fcllen<\/div>\n<small>Das <a href=\"https:\/\/www.uhrenankauf365.de\/uhr-verkaufen\/ankaufsformular\/\" title=\"Ankaufsformular Uhren\">Ankaufsformular<\/a> erfasst alle wichtigen Angaben zur Armbanduhr, die Sie verkaufen m\u00f6chten und erleichtert die Ermittlung eines fairen Ankaufspreises.<\/small>\n<\/div>\n<div class=\"col-12 col-md-6 text-center\">\n<i class=\"uak365icon far fa-handshake\"><\/i><br>\n<div class=\"ankaufschritte_title\">Angebot erhalten<\/div>\n<small>Wir unterbreiten Ihnen nach Erhalt der Informationen zur Uhr ein Angebot zum Ankauf. Offene Fragen kl\u00e4ren wir vorab.<\/small>\n<\/div>\n<\/div>\n\n\n<div class=\"row\">\n<div class=\"col-12 col-md-6 text-center\">\n<i class=\"uak365icon fas fa-truck-loading\"><\/i><br>\n<div class=\"ankaufschritte_title\">Uhr wird abgeholt<\/div>\n<small>Ein auf Werttransporte spezialisiertes Unternehmen holt die Uhr bei Ihnen ab. Mehr dazu erfahren Sie <a href=\"https:\/\/www.uhrenankauf365.de\/uhr-verkaufen\/ankauf-faq\/\">hier<\/a>.<\/small>\n<\/div>\n<div class=\"col-12 col-md-6 text-center\">\n<i class=\"uak365icon fas fa-euro-sign\"><\/i><br>\n<div class=\"ankaufschritte_title\">Geld erhalten<\/div>\n<small>Nach Pr\u00fcfung der Armbanduhr zahlen wir den vereinbarten Ankaufspreis zuverl\u00e4ssig und schnell auf Ihr Konto aus.\n<\/small>\n<\/div>\n<\/div>\n\n<\/div>\n\n\n\n<p class=\"mt-5\">Hier sind Faktoren, die den Auszahlungspreis beim Uhren Ankauf Bremerhaven beeinflussen k\u00f6nnen:<\/p>\n\n\n\n<ul class=\"wp-block-list\">\n<li>Haben Sie f\u00fcr Ihre gebrauchte Luxusuhr die Original-Box?<\/li>\n\n\n\n<li>K\u00f6nnen Sie Services an der Uhr nachweisen (Rechnung des Service-Anbieters oder Herstellers)<\/li>\n\n\n\n<li>Sind Kratzer oder Dellen am Glas oder Geh\u00e4use vorhanden?<\/li>\n<\/ul>\n\n\n\n<p>Unser Uhrmachermeister pr\u00fcft Ihre Uhr in der Regel umgehend nach Erhalt. Durch unsere Spezialisierung auf den Bereich der Luxusuhren wie <a href=\"https:\/\/www.uhrenankauf365.de\/uhr-verkaufen\/a_lange_und_soehne\/\">A. Lange &amp; S\u00f6hne<\/a>, <a href=\"https:\/\/www.uhrenankauf365.de\/uhr-verkaufen\/audemars_piguet\/\">Audemars Piguet<\/a>, <a href=\"https:\/\/www.uhrenankauf365.de\/uhr-verkaufen\/breitling\/\">Breitling<\/a> und weitere Marken, k\u00f6nnen Sie sich darauf verlassen, dass wir den Markt und die Dynamik der Preisentwicklungen genau kennen. Seit 1998 sind wir im Ankauf von Uhren t\u00e4tig. Bundesweit &#8211; somit auch in Bremerhaven.<\/p>\n\n\n\n<h2 class=\"wp-block-heading\">Uhr in Bremerhaven verkaufen<\/h2>\n\n\n\n<p>Unsere Plattform ist auf den Onlinehandel mit gebrauchten Luxusuhren spezialisiert. Nat\u00fcrlich k\u00f6nnen Sie Ihre Uhr auch in Gesch\u00e4ften, z. B. Schmuckh\u00e4ndlern, in der Bremerhavener Innenstadt vorstellen. Vergleichen Sie sehr gerne die dort angebotene Auszahlungssumme mit unserem Angebot. Au\u00dferdem bitten wir Sie, mit allen noch so &#8222;kleinen&#8220; Fragen auf uns zu zu kommen. Uns ist wichtig, dass Sie zufrieden mit dem Verkauf Ihrer Uhr sind. <strong><a href=\"https:\/\/www.uhrenankauf365.de\/uhr-verkaufen\/kontakt\/\">Kontaktieren Sie uns<\/a><\/strong> also gerne jederzeit, auch per WhatsApp.<\/p>\n","protected":false},"excerpt":{"rendered":"<p>Herzlich willkommen beim Uhren Ankauf Bremerhaven hier auf uhrenankauf365.de &#8211; wir sind spezialisiert auf gebrauchte Luxusuhren und bieten faire Preise f\u00fcr Ihre gebrauchte Uhr. Bei uns sind Sie also an der richtigen Adresse, wenn Sie z. B. eine Rolex&#8211; oder Patek Philippe-Uhr verkaufen m\u00f6chten. Nachdem wir uns auf eine Auszahlungssumme geeinigt haben, lassen wir die [&hellip;]<\/p>\n","protected":false},"author":1,"featured_media":0,"parent":0,"menu_order":0,"comment_status":"closed","ping_status":"closed","template":"","meta":{"footnotes":""},"class_list":["post-1708","page","type-page","status-publish","hentry"],"yoast_head":"<!-- This site is optimized with the Yoast SEO plugin v27.3 - https:\/\/yoast.com\/product\/yoast-seo-wordpress\/ -->\n<title>Uhren Ankauf Bremerhaven<\/title>\n<meta name=\"description\" content=\"Im Uhren Ankauf Bremerhaven bieten wir faire Auszahlungen f\u00fcr gebrauchte Luxusuhren. Erfahrung seit 1998 - jetzt Uhr anbieten!\" \/>\n<meta name=\"robots\" content=\"index, follow, max-snippet:-1, max-image-preview:large, max-video-preview:-1\" \/>\n<link rel=\"canonical\" href=\"https:\/\/www.uhrenankauf365.de\/uhr-verkaufen\/bremerhaven\/\" \/>\n<meta property=\"og:locale\" content=\"de_DE\" \/>\n<meta property=\"og:type\" content=\"article\" \/>\n<meta property=\"og:title\" content=\"Uhren Ankauf Bremerhaven\" \/>\n<meta property=\"og:description\" content=\"Im Uhren Ankauf Bremerhaven bieten wir faire Auszahlungen f\u00fcr gebrauchte Luxusuhren. Erfahrung seit 1998 - jetzt Uhr anbieten!\" \/>\n<meta property=\"og:url\" content=\"https:\/\/www.uhrenankauf365.de\/uhr-verkaufen\/bremerhaven\/\" \/>\n<meta property=\"og:site_name\" content=\"Uhrenankauf 365\" \/>\n<meta property=\"article:modified_time\" content=\"2023-05-03T13:46:34+00:00\" \/>\n<meta property=\"og:image\" content=\"https:\/\/www.uhrenankauf365.de\/uhr-verkaufen\/wp-content\/uploads\/2023\/05\/uhren-ankauf-bremerhaven.jpg\" \/>\n<meta name=\"twitter:card\" content=\"summary_large_image\" \/>\n<meta name=\"twitter:label1\" content=\"Gesch\u00e4tzte Lesezeit\" \/>\n\t<meta name=\"twitter:data1\" content=\"2\u00a0Minuten\" \/>\n<script type=\"application\/ld+json\" class=\"yoast-schema-graph\">{\"@context\":\"https:\\\/\\\/schema.org\",\"@graph\":[{\"@type\":\"WebPage\",\"@id\":\"https:\\\/\\\/www.uhrenankauf365.de\\\/uhr-verkaufen\\\/bremerhaven\\\/\",\"url\":\"https:\\\/\\\/www.uhrenankauf365.de\\\/uhr-verkaufen\\\/bremerhaven\\\/\",\"name\":\"Uhren Ankauf Bremerhaven\",\"isPartOf\":{\"@id\":\"https:\\\/\\\/www.uhrenankauf365.de\\\/uhr-verkaufen\\\/#website\"},\"primaryImageOfPage\":{\"@id\":\"https:\\\/\\\/www.uhrenankauf365.de\\\/uhr-verkaufen\\\/bremerhaven\\\/#primaryimage\"},\"image\":{\"@id\":\"https:\\\/\\\/www.uhrenankauf365.de\\\/uhr-verkaufen\\\/bremerhaven\\\/#primaryimage\"},\"thumbnailUrl\":\"https:\\\/\\\/www.uhrenankauf365.de\\\/uhr-verkaufen\\\/wp-content\\\/uploads\\\/2023\\\/05\\\/uhren-ankauf-bremerhaven.jpg\",\"datePublished\":\"2023-05-03T13:04:00+00:00\",\"dateModified\":\"2023-05-03T13:46:34+00:00\",\"description\":\"Im Uhren Ankauf Bremerhaven bieten wir faire Auszahlungen f\u00fcr gebrauchte Luxusuhren. Erfahrung seit 1998 - jetzt Uhr anbieten!\",\"breadcrumb\":{\"@id\":\"https:\\\/\\\/www.uhrenankauf365.de\\\/uhr-verkaufen\\\/bremerhaven\\\/#breadcrumb\"},\"inLanguage\":\"de\",\"potentialAction\":[{\"@type\":\"ReadAction\",\"target\":[\"https:\\\/\\\/www.uhrenankauf365.de\\\/uhr-verkaufen\\\/bremerhaven\\\/\"]}]},{\"@type\":\"ImageObject\",\"inLanguage\":\"de\",\"@id\":\"https:\\\/\\\/www.uhrenankauf365.de\\\/uhr-verkaufen\\\/bremerhaven\\\/#primaryimage\",\"url\":\"https:\\\/\\\/www.uhrenankauf365.de\\\/uhr-verkaufen\\\/wp-content\\\/uploads\\\/2023\\\/05\\\/uhren-ankauf-bremerhaven.jpg\",\"contentUrl\":\"https:\\\/\\\/www.uhrenankauf365.de\\\/uhr-verkaufen\\\/wp-content\\\/uploads\\\/2023\\\/05\\\/uhren-ankauf-bremerhaven.jpg\",\"width\":922,\"height\":585},{\"@type\":\"BreadcrumbList\",\"@id\":\"https:\\\/\\\/www.uhrenankauf365.de\\\/uhr-verkaufen\\\/bremerhaven\\\/#breadcrumb\",\"itemListElement\":[{\"@type\":\"ListItem\",\"position\":1,\"name\":\"Startseite\",\"item\":\"https:\\\/\\\/www.uhrenankauf365.de\\\/uhr-verkaufen\\\/\"},{\"@type\":\"ListItem\",\"position\":2,\"name\":\"Uhren Ankauf Bremerhaven\"}]},{\"@type\":\"WebSite\",\"@id\":\"https:\\\/\\\/www.uhrenankauf365.de\\\/uhr-verkaufen\\\/#website\",\"url\":\"https:\\\/\\\/www.uhrenankauf365.de\\\/uhr-verkaufen\\\/\",\"name\":\"Uhrenankauf 365\",\"description\":\"Jetzt Ihre Luxusuhr verkaufen!\",\"publisher\":{\"@id\":\"https:\\\/\\\/www.uhrenankauf365.de\\\/uhr-verkaufen\\\/#organization\"},\"potentialAction\":[{\"@type\":\"SearchAction\",\"target\":{\"@type\":\"EntryPoint\",\"urlTemplate\":\"https:\\\/\\\/www.uhrenankauf365.de\\\/uhr-verkaufen\\\/?s={search_term_string}\"},\"query-input\":{\"@type\":\"PropertyValueSpecification\",\"valueRequired\":true,\"valueName\":\"search_term_string\"}}],\"inLanguage\":\"de\"},{\"@type\":\"Organization\",\"@id\":\"https:\\\/\\\/www.uhrenankauf365.de\\\/uhr-verkaufen\\\/#organization\",\"name\":\"uhrenankauf365.de, Anke Michels\",\"url\":\"https:\\\/\\\/www.uhrenankauf365.de\\\/uhr-verkaufen\\\/\",\"logo\":{\"@type\":\"ImageObject\",\"inLanguage\":\"de\",\"@id\":\"https:\\\/\\\/www.uhrenankauf365.de\\\/uhr-verkaufen\\\/#\\\/schema\\\/logo\\\/image\\\/\",\"url\":\"https:\\\/\\\/www.uhrenankauf365.de\\\/uhr-verkaufen\\\/wp-content\\\/uploads\\\/2020\\\/11\\\/logo_uhrenankauf.png\",\"contentUrl\":\"https:\\\/\\\/www.uhrenankauf365.de\\\/uhr-verkaufen\\\/wp-content\\\/uploads\\\/2020\\\/11\\\/logo_uhrenankauf.png\",\"width\":98,\"height\":100,\"caption\":\"uhrenankauf365.de, Anke Michels\"},\"image\":{\"@id\":\"https:\\\/\\\/www.uhrenankauf365.de\\\/uhr-verkaufen\\\/#\\\/schema\\\/logo\\\/image\\\/\"}}]}<\/script>\n<!-- \/ Yoast SEO plugin. -->","yoast_head_json":{"title":"Uhren Ankauf Bremerhaven","description":"Im Uhren Ankauf Bremerhaven bieten wir faire Auszahlungen f\u00fcr gebrauchte Luxusuhren. Erfahrung seit 1998 - jetzt Uhr anbieten!","robots":{"index":"index","follow":"follow","max-snippet":"max-snippet:-1","max-image-preview":"max-image-preview:large","max-video-preview":"max-video-preview:-1"},"canonical":"https:\/\/www.uhrenankauf365.de\/uhr-verkaufen\/bremerhaven\/","og_locale":"de_DE","og_type":"article","og_title":"Uhren Ankauf Bremerhaven","og_description":"Im Uhren Ankauf Bremerhaven bieten wir faire Auszahlungen f\u00fcr gebrauchte Luxusuhren. Erfahrung seit 1998 - jetzt Uhr anbieten!","og_url":"https:\/\/www.uhrenankauf365.de\/uhr-verkaufen\/bremerhaven\/","og_site_name":"Uhrenankauf 365","article_modified_time":"2023-05-03T13:46:34+00:00","og_image":[{"url":"https:\/\/www.uhrenankauf365.de\/uhr-verkaufen\/wp-content\/uploads\/2023\/05\/uhren-ankauf-bremerhaven.jpg","type":"","width":"","height":""}],"twitter_card":"summary_large_image","twitter_misc":{"Gesch\u00e4tzte Lesezeit":"2\u00a0Minuten"},"schema":{"@context":"https:\/\/schema.org","@graph":[{"@type":"WebPage","@id":"https:\/\/www.uhrenankauf365.de\/uhr-verkaufen\/bremerhaven\/","url":"https:\/\/www.uhrenankauf365.de\/uhr-verkaufen\/bremerhaven\/","name":"Uhren Ankauf Bremerhaven","isPartOf":{"@id":"https:\/\/www.uhrenankauf365.de\/uhr-verkaufen\/#website"},"primaryImageOfPage":{"@id":"https:\/\/www.uhrenankauf365.de\/uhr-verkaufen\/bremerhaven\/#primaryimage"},"image":{"@id":"https:\/\/www.uhrenankauf365.de\/uhr-verkaufen\/bremerhaven\/#primaryimage"},"thumbnailUrl":"https:\/\/www.uhrenankauf365.de\/uhr-verkaufen\/wp-content\/uploads\/2023\/05\/uhren-ankauf-bremerhaven.jpg","datePublished":"2023-05-03T13:04:00+00:00","dateModified":"2023-05-03T13:46:34+00:00","description":"Im Uhren Ankauf Bremerhaven bieten wir faire Auszahlungen f\u00fcr gebrauchte Luxusuhren. Erfahrung seit 1998 - jetzt Uhr anbieten!","breadcrumb":{"@id":"https:\/\/www.uhrenankauf365.de\/uhr-verkaufen\/bremerhaven\/#breadcrumb"},"inLanguage":"de","potentialAction":[{"@type":"ReadAction","target":["https:\/\/www.uhrenankauf365.de\/uhr-verkaufen\/bremerhaven\/"]}]},{"@type":"ImageObject","inLanguage":"de","@id":"https:\/\/www.uhrenankauf365.de\/uhr-verkaufen\/bremerhaven\/#primaryimage","url":"https:\/\/www.uhrenankauf365.de\/uhr-verkaufen\/wp-content\/uploads\/2023\/05\/uhren-ankauf-bremerhaven.jpg","contentUrl":"https:\/\/www.uhrenankauf365.de\/uhr-verkaufen\/wp-content\/uploads\/2023\/05\/uhren-ankauf-bremerhaven.jpg","width":922,"height":585},{"@type":"BreadcrumbList","@id":"https:\/\/www.uhrenankauf365.de\/uhr-verkaufen\/bremerhaven\/#breadcrumb","itemListElement":[{"@type":"ListItem","position":1,"name":"Startseite","item":"https:\/\/www.uhrenankauf365.de\/uhr-verkaufen\/"},{"@type":"ListItem","position":2,"name":"Uhren Ankauf Bremerhaven"}]},{"@type":"WebSite","@id":"https:\/\/www.uhrenankauf365.de\/uhr-verkaufen\/#website","url":"https:\/\/www.uhrenankauf365.de\/uhr-verkaufen\/","name":"Uhrenankauf 365","description":"Jetzt Ihre Luxusuhr verkaufen!","publisher":{"@id":"https:\/\/www.uhrenankauf365.de\/uhr-verkaufen\/#organization"},"potentialAction":[{"@type":"SearchAction","target":{"@type":"EntryPoint","urlTemplate":"https:\/\/www.uhrenankauf365.de\/uhr-verkaufen\/?s={search_term_string}"},"query-input":{"@type":"PropertyValueSpecification","valueRequired":true,"valueName":"search_term_string"}}],"inLanguage":"de"},{"@type":"Organization","@id":"https:\/\/www.uhrenankauf365.de\/uhr-verkaufen\/#organization","name":"uhrenankauf365.de, Anke Michels","url":"https:\/\/www.uhrenankauf365.de\/uhr-verkaufen\/","logo":{"@type":"ImageObject","inLanguage":"de","@id":"https:\/\/www.uhrenankauf365.de\/uhr-verkaufen\/#\/schema\/logo\/image\/","url":"https:\/\/www.uhrenankauf365.de\/uhr-verkaufen\/wp-content\/uploads\/2020\/11\/logo_uhrenankauf.png","contentUrl":"https:\/\/www.uhrenankauf365.de\/uhr-verkaufen\/wp-content\/uploads\/2020\/11\/logo_uhrenankauf.png","width":98,"height":100,"caption":"uhrenankauf365.de, Anke Michels"},"image":{"@id":"https:\/\/www.uhrenankauf365.de\/uhr-verkaufen\/#\/schema\/logo\/image\/"}}]}},"_links":{"self":[{"href":"https:\/\/www.uhrenankauf365.de\/uhr-verkaufen\/wp-json\/wp\/v2\/pages\/1708","targetHints":{"allow":["GET"]}}],"collection":[{"href":"https:\/\/www.uhrenankauf365.de\/uhr-verkaufen\/wp-json\/wp\/v2\/pages"}],"about":[{"href":"https:\/\/www.uhrenankauf365.de\/uhr-verkaufen\/wp-json\/wp\/v2\/types\/page"}],"author":[{"embeddable":true,"href":"https:\/\/www.uhrenankauf365.de\/uhr-verkaufen\/wp-json\/wp\/v2\/users\/1"}],"replies":[{"embeddable":true,"href":"https:\/\/www.uhrenankauf365.de\/uhr-verkaufen\/wp-json\/wp\/v2\/comments?post=1708"}],"version-history":[{"count":9,"href":"https:\/\/www.uhrenankauf365.de\/uhr-verkaufen\/wp-json\/wp\/v2\/pages\/1708\/revisions"}],"predecessor-version":[{"id":1724,"href":"https:\/\/www.uhrenankauf365.de\/uhr-verkaufen\/wp-json\/wp\/v2\/pages\/1708\/revisions\/1724"}],"wp:attachment":[{"href":"https:\/\/www.uhrenankauf365.de\/uhr-verkaufen\/wp-json\/wp\/v2\/media?parent=1708"}],"curies":[{"name":"wp","href":"https:\/\/api.w.org\/{rel}","templated":true}]}}