{"id":1669,"date":"2022-11-07T11:14:28","date_gmt":"2022-11-07T10:14:28","guid":{"rendered":"https:\/\/www.uhrenankauf365.de\/uhr-verkaufen\/?page_id=1669"},"modified":"2022-11-07T11:53:32","modified_gmt":"2022-11-07T10:53:32","slug":"bottrop","status":"publish","type":"page","link":"https:\/\/www.uhrenankauf365.de\/uhr-verkaufen\/bottrop\/","title":{"rendered":"Uhren Ankauf Bottrop"},"content":{"rendered":"\n<p>Der Online-Ankauf des <strong>Uhren Ankauf Bottrop<\/strong> steht f\u00fcr seri\u00f6se, faire Ank\u00e4ufe von Luxusuhren. Auch in Bottrop bieten wir die Abholung Ihrer Uhr von Rolex, Patek Philippe, Zenith, A. Lange &amp; S\u00f6hne und weiteren luxuri\u00f6sen Marken an. Dabei \u00fcbernimmt ein professionelles Werttransportunternehmen die versicherte Abholung und Zustellung.<\/p>\n\n\n\n<p>Wer in Bottrop seine <strong><a href=\"https:\/\/www.uhrenankauf365.de\/uhr-verkaufen\/\">Luxusuhr verkaufen<\/a><\/strong> m\u00f6chte, hat nat\u00fcrlich auch die M\u00f6glichkeit, vor Ort einen Uhrenh\u00e4ndler aufzusuchen. Meistens ist es jedoch schwer, einen Spezialisten f\u00fcr den Bereich der oberen Preisklasse zu finden. Denn der Luxusuhren-Markt ist derzeit sehr stark im Wandel. Durch verschiedene Krisen wie Corona und den Krieg in der Ukraine ergaben sich \u00c4nderungen in der Wertstabilit\u00e4t von Sammleruhren wie <a href=\"https:\/\/www.uhrenankauf365.de\/uhr-verkaufen\/rolex\/\">Rolex<\/a>, <a href=\"https:\/\/www.uhrenankauf365.de\/uhr-verkaufen\/audemars_piguet\/\">Audemars Piguet<\/a> usw.<\/p>\n\n\n\n<p>Durch unser weltweites Netzwerk sind wir tages- bzw. stundenaktuell, was den Wert und somit die m\u00f6gliche <strong>Auszahlungssumme<\/strong> Ihrer <strong>Luxusuhr<\/strong> angeht. Machen Sie sich diese Expertise zu nutze und senden Sie uns noch heute \u00fcber das <a href=\"https:\/\/www.uhrenankauf365.de\/uhr-verkaufen\/ankaufsformular\/\">Ankaufsformular<\/a> die Daten zu Ihrer Uhr.<\/p>\n\n\n\n<div class=\"container p-4 uak_heller_hintergrund\">\n<div class=\"row mb-4\">\n<div class=\"col-12 col-md-6 text-center\">\n<i class=\"uak365icon fas fa-file-alt\"><\/i><br>\n<div class=\"ankaufschritte_title\">Formular ausf\u00fcllen<\/div>\n<small>Das <a href=\"https:\/\/www.uhrenankauf365.de\/uhr-verkaufen\/ankaufsformular\/\" title=\"Ankaufsformular Uhren\">Ankaufsformular<\/a> erfasst alle wichtigen Angaben zur Armbanduhr, die Sie verkaufen m\u00f6chten und erleichtert die Ermittlung eines fairen Ankaufspreises.<\/small>\n<\/div>\n<div class=\"col-12 col-md-6 text-center\">\n<i class=\"uak365icon far fa-handshake\"><\/i><br>\n<div class=\"ankaufschritte_title\">Angebot erhalten<\/div>\n<small>Wir unterbreiten Ihnen nach Erhalt der Informationen zur Uhr ein Angebot zum Ankauf. Offene Fragen kl\u00e4ren wir vorab.<\/small>\n<\/div>\n<\/div>\n\n\n<div class=\"row\">\n<div class=\"col-12 col-md-6 text-center\">\n<i class=\"uak365icon fas fa-truck-loading\"><\/i><br>\n<div class=\"ankaufschritte_title\">Uhr wird abgeholt<\/div>\n<small>Ein auf Werttransporte spezialisiertes Unternehmen holt die Uhr bei Ihnen ab. Mehr dazu erfahren Sie <a href=\"https:\/\/www.uhrenankauf365.de\/uhr-verkaufen\/ankauf-faq\/\">hier<\/a>.<\/small>\n<\/div>\n<div class=\"col-12 col-md-6 text-center\">\n<i class=\"uak365icon fas fa-euro-sign\"><\/i><br>\n<div class=\"ankaufschritte_title\">Geld erhalten<\/div>\n<small>Nach Pr\u00fcfung der Armbanduhr zahlen wir den vereinbarten Ankaufspreis zuverl\u00e4ssig und schnell auf Ihr Konto aus.\n<\/small>\n<\/div>\n<\/div>\n\n<\/div>\n\n\n\n<div class=\"wp-block-columns mt-4 is-layout-flex wp-container-core-columns-is-layout-9d6595d7 wp-block-columns-is-layout-flex\">\n<div class=\"wp-block-column is-layout-flow wp-block-column-is-layout-flow\">\n<p>Auch Uhren von <strong>Ebel<\/strong> (siehe Foto), <a href=\"https:\/\/www.uhrenankauf365.de\/uhr-verkaufen\/blancpain\/\">Blancpain<\/a>, <a href=\"https:\/\/www.uhrenankauf365.de\/uhr-verkaufen\/panerai\/\">Panerai<\/a>, <a href=\"https:\/\/www.uhrenankauf365.de\/uhr-verkaufen\/vacheron_constantin\/\">Vacheron Constantin<\/a>, <a href=\"https:\/\/www.uhrenankauf365.de\/uhr-verkaufen\/breitling\/\">Breitling<\/a> usw. kaufen wir an. Wir garantieren Ihnen faire Auszahlungssummen und eine schnelle Beantwortung, nachdem Sie das Ankaufsformular ausgef\u00fcllt haben.<\/p>\n\n\n\n<p>Sofern wir uns preislich einigen, wird Ihre Uhr in Bottrop abgeholt und versichert zu uns transportiert. Nach dem Checkup unseres Uhrmachermeisters erfolgt die <strong>Auszahlung auf Ihr Bankkonto<\/strong> in der Regel <strong>innerhalb von 24 Stunden<\/strong>! <\/p>\n\n\n\n<p>Weitere Infos finden Sie auch auf unserer <a href=\"https:\/\/www.uhrenankauf365.de\/uhr-verkaufen\/ankauf-faq\/\">FAQ-Seite<\/a>.<\/p>\n<\/div>\n\n\n\n<div class=\"wp-block-column is-layout-flow wp-block-column-is-layout-flow\">\n<figure class=\"wp-block-image size-full\"><img loading=\"lazy\" decoding=\"async\" width=\"800\" height=\"532\" src=\"https:\/\/www.uhrenankauf365.de\/uhr-verkaufen\/wp-content\/uploads\/2022\/11\/bottrop_uhren_ankauf.jpg\" alt=\"Vintage EBEL Jumbo Dresswatch in 18k Gelbgold aus einem Uhren Ankauf\" class=\"wp-image-1673\" srcset=\"https:\/\/www.uhrenankauf365.de\/uhr-verkaufen\/wp-content\/uploads\/2022\/11\/bottrop_uhren_ankauf.jpg 800w, https:\/\/www.uhrenankauf365.de\/uhr-verkaufen\/wp-content\/uploads\/2022\/11\/bottrop_uhren_ankauf-300x200.jpg 300w, https:\/\/www.uhrenankauf365.de\/uhr-verkaufen\/wp-content\/uploads\/2022\/11\/bottrop_uhren_ankauf-768x511.jpg 768w\" sizes=\"auto, (max-width: 800px) 100vw, 800px\" \/><\/figure>\n<\/div>\n<\/div>\n\n\n<div class=\"wp-bootstrap-blocks-container container mb-5 uak_heller_hintergrund_line_height_normal text-center p-4 mt-4\">\n\t\n\n<h3 class=\"wp-block-heading\" id=\"u1363-2\">Wir kaufen Luxusuhren!<\/h3>\n\n\n\n<p id=\"u1363-4\"><strong>Profitieren Sie&nbsp;von unserer jahrzehntelangen Erfahrung im Uhrenhandel!<\/strong><\/p>\n\n\n\n<p><a class=\"btn btn-primary btn-lg\" href=\"https:\/\/www.uhrenankauf365.de\/uhr-verkaufen\/ankaufsformular\/\">Zum Ankaufsformular<\/a><\/p>\n\n<\/div>\n","protected":false},"excerpt":{"rendered":"<p>Der Online-Ankauf des Uhren Ankauf Bottrop steht f\u00fcr seri\u00f6se, faire Ank\u00e4ufe von Luxusuhren. Auch in Bottrop bieten wir die Abholung Ihrer Uhr von Rolex, Patek Philippe, Zenith, A. Lange &amp; S\u00f6hne und weiteren luxuri\u00f6sen Marken an. Dabei \u00fcbernimmt ein professionelles Werttransportunternehmen die versicherte Abholung und Zustellung. Wer in Bottrop seine Luxusuhr verkaufen m\u00f6chte, hat nat\u00fcrlich [&hellip;]<\/p>\n","protected":false},"author":1,"featured_media":0,"parent":0,"menu_order":0,"comment_status":"closed","ping_status":"closed","template":"","meta":{"footnotes":""},"class_list":["post-1669","page","type-page","status-publish","hentry"],"yoast_head":"<!-- This site is optimized with the Yoast SEO plugin v27.3 - https:\/\/yoast.com\/product\/yoast-seo-wordpress\/ -->\n<title>Uhren Ankauf Bottrop - Uhrenankauf 365<\/title>\n<meta name=\"description\" content=\"M\u00f6chten Sie Ihre Uhr in Bottrop verkaufen? Im Uhren Ankauf Bottrop sind wir auf Luxusuhren im Online-Ankauf spezialisiert.\" \/>\n<meta name=\"robots\" content=\"index, follow, max-snippet:-1, max-image-preview:large, max-video-preview:-1\" \/>\n<link rel=\"canonical\" href=\"https:\/\/www.uhrenankauf365.de\/uhr-verkaufen\/bottrop\/\" \/>\n<meta property=\"og:locale\" content=\"de_DE\" \/>\n<meta property=\"og:type\" content=\"article\" \/>\n<meta property=\"og:title\" content=\"Uhren Ankauf Bottrop - Uhrenankauf 365\" \/>\n<meta property=\"og:description\" content=\"M\u00f6chten Sie Ihre Uhr in Bottrop verkaufen? Im Uhren Ankauf Bottrop sind wir auf Luxusuhren im Online-Ankauf spezialisiert.\" \/>\n<meta property=\"og:url\" content=\"https:\/\/www.uhrenankauf365.de\/uhr-verkaufen\/bottrop\/\" \/>\n<meta property=\"og:site_name\" content=\"Uhrenankauf 365\" \/>\n<meta property=\"article:modified_time\" content=\"2022-11-07T10:53:32+00:00\" \/>\n<meta property=\"og:image\" content=\"https:\/\/www.uhrenankauf365.de\/uhr-verkaufen\/wp-content\/uploads\/2022\/11\/bottrop_uhren_ankauf.jpg\" \/>\n<meta name=\"twitter:card\" content=\"summary_large_image\" \/>\n<meta name=\"twitter:label1\" content=\"Gesch\u00e4tzte Lesezeit\" \/>\n\t<meta name=\"twitter:data1\" content=\"2\u00a0Minuten\" \/>\n<script type=\"application\/ld+json\" class=\"yoast-schema-graph\">{\"@context\":\"https:\\\/\\\/schema.org\",\"@graph\":[{\"@type\":\"WebPage\",\"@id\":\"https:\\\/\\\/www.uhrenankauf365.de\\\/uhr-verkaufen\\\/bottrop\\\/\",\"url\":\"https:\\\/\\\/www.uhrenankauf365.de\\\/uhr-verkaufen\\\/bottrop\\\/\",\"name\":\"Uhren Ankauf Bottrop - Uhrenankauf 365\",\"isPartOf\":{\"@id\":\"https:\\\/\\\/www.uhrenankauf365.de\\\/uhr-verkaufen\\\/#website\"},\"primaryImageOfPage\":{\"@id\":\"https:\\\/\\\/www.uhrenankauf365.de\\\/uhr-verkaufen\\\/bottrop\\\/#primaryimage\"},\"image\":{\"@id\":\"https:\\\/\\\/www.uhrenankauf365.de\\\/uhr-verkaufen\\\/bottrop\\\/#primaryimage\"},\"thumbnailUrl\":\"https:\\\/\\\/www.uhrenankauf365.de\\\/uhr-verkaufen\\\/wp-content\\\/uploads\\\/2022\\\/11\\\/bottrop_uhren_ankauf.jpg\",\"datePublished\":\"2022-11-07T10:14:28+00:00\",\"dateModified\":\"2022-11-07T10:53:32+00:00\",\"description\":\"M\u00f6chten Sie Ihre Uhr in Bottrop verkaufen? Im Uhren Ankauf Bottrop sind wir auf Luxusuhren im Online-Ankauf spezialisiert.\",\"breadcrumb\":{\"@id\":\"https:\\\/\\\/www.uhrenankauf365.de\\\/uhr-verkaufen\\\/bottrop\\\/#breadcrumb\"},\"inLanguage\":\"de\",\"potentialAction\":[{\"@type\":\"ReadAction\",\"target\":[\"https:\\\/\\\/www.uhrenankauf365.de\\\/uhr-verkaufen\\\/bottrop\\\/\"]}]},{\"@type\":\"ImageObject\",\"inLanguage\":\"de\",\"@id\":\"https:\\\/\\\/www.uhrenankauf365.de\\\/uhr-verkaufen\\\/bottrop\\\/#primaryimage\",\"url\":\"https:\\\/\\\/www.uhrenankauf365.de\\\/uhr-verkaufen\\\/wp-content\\\/uploads\\\/2022\\\/11\\\/bottrop_uhren_ankauf.jpg\",\"contentUrl\":\"https:\\\/\\\/www.uhrenankauf365.de\\\/uhr-verkaufen\\\/wp-content\\\/uploads\\\/2022\\\/11\\\/bottrop_uhren_ankauf.jpg\",\"width\":800,\"height\":532},{\"@type\":\"BreadcrumbList\",\"@id\":\"https:\\\/\\\/www.uhrenankauf365.de\\\/uhr-verkaufen\\\/bottrop\\\/#breadcrumb\",\"itemListElement\":[{\"@type\":\"ListItem\",\"position\":1,\"name\":\"Startseite\",\"item\":\"https:\\\/\\\/www.uhrenankauf365.de\\\/uhr-verkaufen\\\/\"},{\"@type\":\"ListItem\",\"position\":2,\"name\":\"Uhren Ankauf Bottrop\"}]},{\"@type\":\"WebSite\",\"@id\":\"https:\\\/\\\/www.uhrenankauf365.de\\\/uhr-verkaufen\\\/#website\",\"url\":\"https:\\\/\\\/www.uhrenankauf365.de\\\/uhr-verkaufen\\\/\",\"name\":\"Uhrenankauf 365\",\"description\":\"Jetzt Ihre Luxusuhr verkaufen!\",\"publisher\":{\"@id\":\"https:\\\/\\\/www.uhrenankauf365.de\\\/uhr-verkaufen\\\/#organization\"},\"potentialAction\":[{\"@type\":\"SearchAction\",\"target\":{\"@type\":\"EntryPoint\",\"urlTemplate\":\"https:\\\/\\\/www.uhrenankauf365.de\\\/uhr-verkaufen\\\/?s={search_term_string}\"},\"query-input\":{\"@type\":\"PropertyValueSpecification\",\"valueRequired\":true,\"valueName\":\"search_term_string\"}}],\"inLanguage\":\"de\"},{\"@type\":\"Organization\",\"@id\":\"https:\\\/\\\/www.uhrenankauf365.de\\\/uhr-verkaufen\\\/#organization\",\"name\":\"uhrenankauf365.de, Anke Michels\",\"url\":\"https:\\\/\\\/www.uhrenankauf365.de\\\/uhr-verkaufen\\\/\",\"logo\":{\"@type\":\"ImageObject\",\"inLanguage\":\"de\",\"@id\":\"https:\\\/\\\/www.uhrenankauf365.de\\\/uhr-verkaufen\\\/#\\\/schema\\\/logo\\\/image\\\/\",\"url\":\"https:\\\/\\\/www.uhrenankauf365.de\\\/uhr-verkaufen\\\/wp-content\\\/uploads\\\/2020\\\/11\\\/logo_uhrenankauf.png\",\"contentUrl\":\"https:\\\/\\\/www.uhrenankauf365.de\\\/uhr-verkaufen\\\/wp-content\\\/uploads\\\/2020\\\/11\\\/logo_uhrenankauf.png\",\"width\":98,\"height\":100,\"caption\":\"uhrenankauf365.de, Anke Michels\"},\"image\":{\"@id\":\"https:\\\/\\\/www.uhrenankauf365.de\\\/uhr-verkaufen\\\/#\\\/schema\\\/logo\\\/image\\\/\"}}]}<\/script>\n<!-- \/ Yoast SEO plugin. -->","yoast_head_json":{"title":"Uhren Ankauf Bottrop - Uhrenankauf 365","description":"M\u00f6chten Sie Ihre Uhr in Bottrop verkaufen? Im Uhren Ankauf Bottrop sind wir auf Luxusuhren im Online-Ankauf spezialisiert.","robots":{"index":"index","follow":"follow","max-snippet":"max-snippet:-1","max-image-preview":"max-image-preview:large","max-video-preview":"max-video-preview:-1"},"canonical":"https:\/\/www.uhrenankauf365.de\/uhr-verkaufen\/bottrop\/","og_locale":"de_DE","og_type":"article","og_title":"Uhren Ankauf Bottrop - Uhrenankauf 365","og_description":"M\u00f6chten Sie Ihre Uhr in Bottrop verkaufen? Im Uhren Ankauf Bottrop sind wir auf Luxusuhren im Online-Ankauf spezialisiert.","og_url":"https:\/\/www.uhrenankauf365.de\/uhr-verkaufen\/bottrop\/","og_site_name":"Uhrenankauf 365","article_modified_time":"2022-11-07T10:53:32+00:00","og_image":[{"url":"https:\/\/www.uhrenankauf365.de\/uhr-verkaufen\/wp-content\/uploads\/2022\/11\/bottrop_uhren_ankauf.jpg","type":"","width":"","height":""}],"twitter_card":"summary_large_image","twitter_misc":{"Gesch\u00e4tzte Lesezeit":"2\u00a0Minuten"},"schema":{"@context":"https:\/\/schema.org","@graph":[{"@type":"WebPage","@id":"https:\/\/www.uhrenankauf365.de\/uhr-verkaufen\/bottrop\/","url":"https:\/\/www.uhrenankauf365.de\/uhr-verkaufen\/bottrop\/","name":"Uhren Ankauf Bottrop - Uhrenankauf 365","isPartOf":{"@id":"https:\/\/www.uhrenankauf365.de\/uhr-verkaufen\/#website"},"primaryImageOfPage":{"@id":"https:\/\/www.uhrenankauf365.de\/uhr-verkaufen\/bottrop\/#primaryimage"},"image":{"@id":"https:\/\/www.uhrenankauf365.de\/uhr-verkaufen\/bottrop\/#primaryimage"},"thumbnailUrl":"https:\/\/www.uhrenankauf365.de\/uhr-verkaufen\/wp-content\/uploads\/2022\/11\/bottrop_uhren_ankauf.jpg","datePublished":"2022-11-07T10:14:28+00:00","dateModified":"2022-11-07T10:53:32+00:00","description":"M\u00f6chten Sie Ihre Uhr in Bottrop verkaufen? Im Uhren Ankauf Bottrop sind wir auf Luxusuhren im Online-Ankauf spezialisiert.","breadcrumb":{"@id":"https:\/\/www.uhrenankauf365.de\/uhr-verkaufen\/bottrop\/#breadcrumb"},"inLanguage":"de","potentialAction":[{"@type":"ReadAction","target":["https:\/\/www.uhrenankauf365.de\/uhr-verkaufen\/bottrop\/"]}]},{"@type":"ImageObject","inLanguage":"de","@id":"https:\/\/www.uhrenankauf365.de\/uhr-verkaufen\/bottrop\/#primaryimage","url":"https:\/\/www.uhrenankauf365.de\/uhr-verkaufen\/wp-content\/uploads\/2022\/11\/bottrop_uhren_ankauf.jpg","contentUrl":"https:\/\/www.uhrenankauf365.de\/uhr-verkaufen\/wp-content\/uploads\/2022\/11\/bottrop_uhren_ankauf.jpg","width":800,"height":532},{"@type":"BreadcrumbList","@id":"https:\/\/www.uhrenankauf365.de\/uhr-verkaufen\/bottrop\/#breadcrumb","itemListElement":[{"@type":"ListItem","position":1,"name":"Startseite","item":"https:\/\/www.uhrenankauf365.de\/uhr-verkaufen\/"},{"@type":"ListItem","position":2,"name":"Uhren Ankauf Bottrop"}]},{"@type":"WebSite","@id":"https:\/\/www.uhrenankauf365.de\/uhr-verkaufen\/#website","url":"https:\/\/www.uhrenankauf365.de\/uhr-verkaufen\/","name":"Uhrenankauf 365","description":"Jetzt Ihre Luxusuhr verkaufen!","publisher":{"@id":"https:\/\/www.uhrenankauf365.de\/uhr-verkaufen\/#organization"},"potentialAction":[{"@type":"SearchAction","target":{"@type":"EntryPoint","urlTemplate":"https:\/\/www.uhrenankauf365.de\/uhr-verkaufen\/?s={search_term_string}"},"query-input":{"@type":"PropertyValueSpecification","valueRequired":true,"valueName":"search_term_string"}}],"inLanguage":"de"},{"@type":"Organization","@id":"https:\/\/www.uhrenankauf365.de\/uhr-verkaufen\/#organization","name":"uhrenankauf365.de, Anke Michels","url":"https:\/\/www.uhrenankauf365.de\/uhr-verkaufen\/","logo":{"@type":"ImageObject","inLanguage":"de","@id":"https:\/\/www.uhrenankauf365.de\/uhr-verkaufen\/#\/schema\/logo\/image\/","url":"https:\/\/www.uhrenankauf365.de\/uhr-verkaufen\/wp-content\/uploads\/2020\/11\/logo_uhrenankauf.png","contentUrl":"https:\/\/www.uhrenankauf365.de\/uhr-verkaufen\/wp-content\/uploads\/2020\/11\/logo_uhrenankauf.png","width":98,"height":100,"caption":"uhrenankauf365.de, Anke Michels"},"image":{"@id":"https:\/\/www.uhrenankauf365.de\/uhr-verkaufen\/#\/schema\/logo\/image\/"}}]}},"_links":{"self":[{"href":"https:\/\/www.uhrenankauf365.de\/uhr-verkaufen\/wp-json\/wp\/v2\/pages\/1669","targetHints":{"allow":["GET"]}}],"collection":[{"href":"https:\/\/www.uhrenankauf365.de\/uhr-verkaufen\/wp-json\/wp\/v2\/pages"}],"about":[{"href":"https:\/\/www.uhrenankauf365.de\/uhr-verkaufen\/wp-json\/wp\/v2\/types\/page"}],"author":[{"embeddable":true,"href":"https:\/\/www.uhrenankauf365.de\/uhr-verkaufen\/wp-json\/wp\/v2\/users\/1"}],"replies":[{"embeddable":true,"href":"https:\/\/www.uhrenankauf365.de\/uhr-verkaufen\/wp-json\/wp\/v2\/comments?post=1669"}],"version-history":[{"count":6,"href":"https:\/\/www.uhrenankauf365.de\/uhr-verkaufen\/wp-json\/wp\/v2\/pages\/1669\/revisions"}],"predecessor-version":[{"id":1682,"href":"https:\/\/www.uhrenankauf365.de\/uhr-verkaufen\/wp-json\/wp\/v2\/pages\/1669\/revisions\/1682"}],"wp:attachment":[{"href":"https:\/\/www.uhrenankauf365.de\/uhr-verkaufen\/wp-json\/wp\/v2\/media?parent=1669"}],"curies":[{"name":"wp","href":"https:\/\/api.w.org\/{rel}","templated":true}]}}