{"id":1662,"date":"2022-10-20T15:37:20","date_gmt":"2022-10-20T13:37:20","guid":{"rendered":"https:\/\/www.uhrenankauf365.de\/uhr-verkaufen\/?page_id=1662"},"modified":"2022-10-20T15:49:33","modified_gmt":"2022-10-20T13:49:33","slug":"goettingen","status":"publish","type":"page","link":"https:\/\/www.uhrenankauf365.de\/uhr-verkaufen\/goettingen\/","title":{"rendered":"Uhren Ankauf G\u00f6ttingen"},"content":{"rendered":"\n<p>M\u00f6chten Sie in der Universit\u00e4tsstadt G\u00f6ttingen Ihre <strong>Luxusuhr verkaufen<\/strong>, dann nutzen Sie unseren <strong>Uhren Ankauf G\u00f6ttingen<\/strong>. Wir sind spezialisiert auf luxuri\u00f6se Marken. Dazu geh\u00f6rt beispielsweise der Hersteller Rolex, den sicher jeder schon einmal geh\u00f6rt hat. Teure Uhren, meist teurer als Rolex, sind aber auch Patek Philippe, Audemars Piguet, Zenith, Breitling und andere. Im Uhren Ankauf G\u00f6ttingen k\u00f6nnen Sie sich unsere jahrzehntelange Erfahrung in diesem Bereich zunutze machen.<\/p>\n\n\n\n<p>Das Prinzip des Online-Uhrenankaufs ist wie folgt:<\/p>\n\n\n\n<div class=\"container p-4 uak_heller_hintergrund\">\n<div class=\"row mb-4\">\n<div class=\"col-12 col-md-6 text-center\">\n<i class=\"uak365icon fas fa-file-alt\"><\/i><br>\n<div class=\"ankaufschritte_title\">Formular ausf\u00fcllen<\/div>\n<small>Das <a href=\"https:\/\/www.uhrenankauf365.de\/uhr-verkaufen\/ankaufsformular\/\" title=\"Ankaufsformular Uhren\">Ankaufsformular<\/a> erfasst alle wichtigen Angaben zur Armbanduhr, die Sie verkaufen m\u00f6chten und erleichtert die Ermittlung eines fairen Ankaufspreises.<\/small>\n<\/div>\n<div class=\"col-12 col-md-6 text-center\">\n<i class=\"uak365icon far fa-handshake\"><\/i><br>\n<div class=\"ankaufschritte_title\">Angebot erhalten<\/div>\n<small>Wir unterbreiten Ihnen nach Erhalt der Informationen zur Uhr ein Angebot zum Ankauf. Offene Fragen kl\u00e4ren wir vorab.<\/small>\n<\/div>\n<\/div>\n\n\n<div class=\"row\">\n<div class=\"col-12 col-md-6 text-center\">\n<i class=\"uak365icon fas fa-truck-loading\"><\/i><br>\n<div class=\"ankaufschritte_title\">Uhr wird abgeholt<\/div>\n<small>Ein auf Werttransporte spezialisiertes Unternehmen holt die Uhr bei Ihnen ab. Mehr dazu erfahren Sie <a href=\"https:\/\/www.uhrenankauf365.de\/uhr-verkaufen\/ankauf-faq\/\">hier<\/a>.<\/small>\n<\/div>\n<div class=\"col-12 col-md-6 text-center\">\n<i class=\"uak365icon fas fa-euro-sign\"><\/i><br>\n<div class=\"ankaufschritte_title\">Geld erhalten<\/div>\n<small>Nach Pr\u00fcfung der Armbanduhr zahlen wir den vereinbarten Ankaufspreis zuverl\u00e4ssig und schnell auf Ihr Konto aus.\n<\/small>\n<\/div>\n<\/div>\n\n<\/div>\n\n\n\n<div class=\"wp-block-columns mt-3 is-layout-flex wp-container-core-columns-is-layout-9d6595d7 wp-block-columns-is-layout-flex\">\n<div class=\"wp-block-column is-layout-flow wp-block-column-is-layout-flow\">\n<p>Seit 1998 sind wir auf luxuri\u00f6se Uhren spezialisiert. Dank eines internationalen Netzwerks an Experten und Uhrmachern, Sammlern und Enthusiasten, verf\u00fcgen wir \u00fcber exzellente Kontakte und kennen die Marktlage tagesaktuell.<\/p>\n<\/div>\n\n\n\n<div class=\"wp-block-column is-layout-flow wp-block-column-is-layout-flow\">\n<p>Gerade in schwierigen Zeiten unterliegen die Gebrauchtpreise und somit auch die m\u00f6glichen Auszahlungen im Uhren Ankauf starken Schwankungen. Dadurch, dass der <a href=\"https:\/\/www.nobeluhren-store.de\/\">Handel mit gebrauchten Luxusuhren<\/a> unser t\u00e4gliches Gesch\u00e4ft ist, sind wir genau im Thema und zahlen faire Preise an Sie aus.<\/p>\n\n\n\n<p><\/p>\n<\/div>\n<\/div>\n\n\n<div class=\"wp-bootstrap-blocks-container container mb-5 uak_heller_hintergrund_line_height_normal text-center p-4 mt-4\">\n\t\n\n<h3 class=\"wp-block-heading\" id=\"u1363-2\">Wir kaufen Luxusuhren!<\/h3>\n\n\n\n<p id=\"u1363-4\"><strong>Profitieren Sie&nbsp;von unserer jahrzehntelangen Erfahrung im Uhrenhandel!<\/strong><\/p>\n\n\n\n<p><a class=\"btn btn-primary btn-lg\" href=\"https:\/\/www.uhrenankauf365.de\/uhr-verkaufen\/ankaufsformular\/\">Zum Ankaufsformular<\/a><\/p>\n\n<\/div>\n","protected":false},"excerpt":{"rendered":"<p>M\u00f6chten Sie in der Universit\u00e4tsstadt G\u00f6ttingen Ihre Luxusuhr verkaufen, dann nutzen Sie unseren Uhren Ankauf G\u00f6ttingen. Wir sind spezialisiert auf luxuri\u00f6se Marken. Dazu geh\u00f6rt beispielsweise der Hersteller Rolex, den sicher jeder schon einmal geh\u00f6rt hat. Teure Uhren, meist teurer als Rolex, sind aber auch Patek Philippe, Audemars Piguet, Zenith, Breitling und andere. Im Uhren Ankauf [&hellip;]<\/p>\n","protected":false},"author":1,"featured_media":0,"parent":0,"menu_order":0,"comment_status":"closed","ping_status":"closed","template":"","meta":{"footnotes":""},"class_list":["post-1662","page","type-page","status-publish","hentry"],"yoast_head":"<!-- This site is optimized with the Yoast SEO plugin v27.3 - https:\/\/yoast.com\/product\/yoast-seo-wordpress\/ -->\n<title>Uhren Ankauf G\u00f6ttingen - Uhrenankauf 365<\/title>\n<meta name=\"description\" content=\"Im Uhren Ankauf G\u00f6ttingen k\u00f6nnen Sie Ihre gebrauchte Luxusuhr zu Top-Konditionen verkaufen. Wir kaufen Rolex, Patek Philippe uvm.\" \/>\n<meta name=\"robots\" content=\"index, follow, max-snippet:-1, max-image-preview:large, max-video-preview:-1\" \/>\n<link rel=\"canonical\" href=\"https:\/\/www.uhrenankauf365.de\/uhr-verkaufen\/goettingen\/\" \/>\n<meta property=\"og:locale\" content=\"de_DE\" \/>\n<meta property=\"og:type\" content=\"article\" \/>\n<meta property=\"og:title\" content=\"Uhren Ankauf G\u00f6ttingen - Uhrenankauf 365\" \/>\n<meta property=\"og:description\" content=\"Im Uhren Ankauf G\u00f6ttingen k\u00f6nnen Sie Ihre gebrauchte Luxusuhr zu Top-Konditionen verkaufen. Wir kaufen Rolex, Patek Philippe uvm.\" \/>\n<meta property=\"og:url\" content=\"https:\/\/www.uhrenankauf365.de\/uhr-verkaufen\/goettingen\/\" \/>\n<meta property=\"og:site_name\" content=\"Uhrenankauf 365\" \/>\n<meta property=\"article:modified_time\" content=\"2022-10-20T13:49:33+00:00\" \/>\n<meta name=\"twitter:card\" content=\"summary_large_image\" \/>\n<meta name=\"twitter:label1\" content=\"Gesch\u00e4tzte Lesezeit\" \/>\n\t<meta name=\"twitter:data1\" content=\"1\u00a0Minute\" \/>\n<script type=\"application\/ld+json\" class=\"yoast-schema-graph\">{\"@context\":\"https:\\\/\\\/schema.org\",\"@graph\":[{\"@type\":\"WebPage\",\"@id\":\"https:\\\/\\\/www.uhrenankauf365.de\\\/uhr-verkaufen\\\/goettingen\\\/\",\"url\":\"https:\\\/\\\/www.uhrenankauf365.de\\\/uhr-verkaufen\\\/goettingen\\\/\",\"name\":\"Uhren Ankauf G\u00f6ttingen - Uhrenankauf 365\",\"isPartOf\":{\"@id\":\"https:\\\/\\\/www.uhrenankauf365.de\\\/uhr-verkaufen\\\/#website\"},\"datePublished\":\"2022-10-20T13:37:20+00:00\",\"dateModified\":\"2022-10-20T13:49:33+00:00\",\"description\":\"Im Uhren Ankauf G\u00f6ttingen k\u00f6nnen Sie Ihre gebrauchte Luxusuhr zu Top-Konditionen verkaufen. Wir kaufen Rolex, Patek Philippe uvm.\",\"breadcrumb\":{\"@id\":\"https:\\\/\\\/www.uhrenankauf365.de\\\/uhr-verkaufen\\\/goettingen\\\/#breadcrumb\"},\"inLanguage\":\"de\",\"potentialAction\":[{\"@type\":\"ReadAction\",\"target\":[\"https:\\\/\\\/www.uhrenankauf365.de\\\/uhr-verkaufen\\\/goettingen\\\/\"]}]},{\"@type\":\"BreadcrumbList\",\"@id\":\"https:\\\/\\\/www.uhrenankauf365.de\\\/uhr-verkaufen\\\/goettingen\\\/#breadcrumb\",\"itemListElement\":[{\"@type\":\"ListItem\",\"position\":1,\"name\":\"Startseite\",\"item\":\"https:\\\/\\\/www.uhrenankauf365.de\\\/uhr-verkaufen\\\/\"},{\"@type\":\"ListItem\",\"position\":2,\"name\":\"Uhren Ankauf G\u00f6ttingen\"}]},{\"@type\":\"WebSite\",\"@id\":\"https:\\\/\\\/www.uhrenankauf365.de\\\/uhr-verkaufen\\\/#website\",\"url\":\"https:\\\/\\\/www.uhrenankauf365.de\\\/uhr-verkaufen\\\/\",\"name\":\"Uhrenankauf 365\",\"description\":\"Jetzt Ihre Luxusuhr verkaufen!\",\"publisher\":{\"@id\":\"https:\\\/\\\/www.uhrenankauf365.de\\\/uhr-verkaufen\\\/#organization\"},\"potentialAction\":[{\"@type\":\"SearchAction\",\"target\":{\"@type\":\"EntryPoint\",\"urlTemplate\":\"https:\\\/\\\/www.uhrenankauf365.de\\\/uhr-verkaufen\\\/?s={search_term_string}\"},\"query-input\":{\"@type\":\"PropertyValueSpecification\",\"valueRequired\":true,\"valueName\":\"search_term_string\"}}],\"inLanguage\":\"de\"},{\"@type\":\"Organization\",\"@id\":\"https:\\\/\\\/www.uhrenankauf365.de\\\/uhr-verkaufen\\\/#organization\",\"name\":\"uhrenankauf365.de, Anke Michels\",\"url\":\"https:\\\/\\\/www.uhrenankauf365.de\\\/uhr-verkaufen\\\/\",\"logo\":{\"@type\":\"ImageObject\",\"inLanguage\":\"de\",\"@id\":\"https:\\\/\\\/www.uhrenankauf365.de\\\/uhr-verkaufen\\\/#\\\/schema\\\/logo\\\/image\\\/\",\"url\":\"https:\\\/\\\/www.uhrenankauf365.de\\\/uhr-verkaufen\\\/wp-content\\\/uploads\\\/2020\\\/11\\\/logo_uhrenankauf.png\",\"contentUrl\":\"https:\\\/\\\/www.uhrenankauf365.de\\\/uhr-verkaufen\\\/wp-content\\\/uploads\\\/2020\\\/11\\\/logo_uhrenankauf.png\",\"width\":98,\"height\":100,\"caption\":\"uhrenankauf365.de, Anke Michels\"},\"image\":{\"@id\":\"https:\\\/\\\/www.uhrenankauf365.de\\\/uhr-verkaufen\\\/#\\\/schema\\\/logo\\\/image\\\/\"}}]}<\/script>\n<!-- \/ Yoast SEO plugin. -->","yoast_head_json":{"title":"Uhren Ankauf G\u00f6ttingen - Uhrenankauf 365","description":"Im Uhren Ankauf G\u00f6ttingen k\u00f6nnen Sie Ihre gebrauchte Luxusuhr zu Top-Konditionen verkaufen. Wir kaufen Rolex, Patek Philippe uvm.","robots":{"index":"index","follow":"follow","max-snippet":"max-snippet:-1","max-image-preview":"max-image-preview:large","max-video-preview":"max-video-preview:-1"},"canonical":"https:\/\/www.uhrenankauf365.de\/uhr-verkaufen\/goettingen\/","og_locale":"de_DE","og_type":"article","og_title":"Uhren Ankauf G\u00f6ttingen - Uhrenankauf 365","og_description":"Im Uhren Ankauf G\u00f6ttingen k\u00f6nnen Sie Ihre gebrauchte Luxusuhr zu Top-Konditionen verkaufen. Wir kaufen Rolex, Patek Philippe uvm.","og_url":"https:\/\/www.uhrenankauf365.de\/uhr-verkaufen\/goettingen\/","og_site_name":"Uhrenankauf 365","article_modified_time":"2022-10-20T13:49:33+00:00","twitter_card":"summary_large_image","twitter_misc":{"Gesch\u00e4tzte Lesezeit":"1\u00a0Minute"},"schema":{"@context":"https:\/\/schema.org","@graph":[{"@type":"WebPage","@id":"https:\/\/www.uhrenankauf365.de\/uhr-verkaufen\/goettingen\/","url":"https:\/\/www.uhrenankauf365.de\/uhr-verkaufen\/goettingen\/","name":"Uhren Ankauf G\u00f6ttingen - Uhrenankauf 365","isPartOf":{"@id":"https:\/\/www.uhrenankauf365.de\/uhr-verkaufen\/#website"},"datePublished":"2022-10-20T13:37:20+00:00","dateModified":"2022-10-20T13:49:33+00:00","description":"Im Uhren Ankauf G\u00f6ttingen k\u00f6nnen Sie Ihre gebrauchte Luxusuhr zu Top-Konditionen verkaufen. Wir kaufen Rolex, Patek Philippe uvm.","breadcrumb":{"@id":"https:\/\/www.uhrenankauf365.de\/uhr-verkaufen\/goettingen\/#breadcrumb"},"inLanguage":"de","potentialAction":[{"@type":"ReadAction","target":["https:\/\/www.uhrenankauf365.de\/uhr-verkaufen\/goettingen\/"]}]},{"@type":"BreadcrumbList","@id":"https:\/\/www.uhrenankauf365.de\/uhr-verkaufen\/goettingen\/#breadcrumb","itemListElement":[{"@type":"ListItem","position":1,"name":"Startseite","item":"https:\/\/www.uhrenankauf365.de\/uhr-verkaufen\/"},{"@type":"ListItem","position":2,"name":"Uhren Ankauf G\u00f6ttingen"}]},{"@type":"WebSite","@id":"https:\/\/www.uhrenankauf365.de\/uhr-verkaufen\/#website","url":"https:\/\/www.uhrenankauf365.de\/uhr-verkaufen\/","name":"Uhrenankauf 365","description":"Jetzt Ihre Luxusuhr verkaufen!","publisher":{"@id":"https:\/\/www.uhrenankauf365.de\/uhr-verkaufen\/#organization"},"potentialAction":[{"@type":"SearchAction","target":{"@type":"EntryPoint","urlTemplate":"https:\/\/www.uhrenankauf365.de\/uhr-verkaufen\/?s={search_term_string}"},"query-input":{"@type":"PropertyValueSpecification","valueRequired":true,"valueName":"search_term_string"}}],"inLanguage":"de"},{"@type":"Organization","@id":"https:\/\/www.uhrenankauf365.de\/uhr-verkaufen\/#organization","name":"uhrenankauf365.de, Anke Michels","url":"https:\/\/www.uhrenankauf365.de\/uhr-verkaufen\/","logo":{"@type":"ImageObject","inLanguage":"de","@id":"https:\/\/www.uhrenankauf365.de\/uhr-verkaufen\/#\/schema\/logo\/image\/","url":"https:\/\/www.uhrenankauf365.de\/uhr-verkaufen\/wp-content\/uploads\/2020\/11\/logo_uhrenankauf.png","contentUrl":"https:\/\/www.uhrenankauf365.de\/uhr-verkaufen\/wp-content\/uploads\/2020\/11\/logo_uhrenankauf.png","width":98,"height":100,"caption":"uhrenankauf365.de, Anke Michels"},"image":{"@id":"https:\/\/www.uhrenankauf365.de\/uhr-verkaufen\/#\/schema\/logo\/image\/"}}]}},"_links":{"self":[{"href":"https:\/\/www.uhrenankauf365.de\/uhr-verkaufen\/wp-json\/wp\/v2\/pages\/1662","targetHints":{"allow":["GET"]}}],"collection":[{"href":"https:\/\/www.uhrenankauf365.de\/uhr-verkaufen\/wp-json\/wp\/v2\/pages"}],"about":[{"href":"https:\/\/www.uhrenankauf365.de\/uhr-verkaufen\/wp-json\/wp\/v2\/types\/page"}],"author":[{"embeddable":true,"href":"https:\/\/www.uhrenankauf365.de\/uhr-verkaufen\/wp-json\/wp\/v2\/users\/1"}],"replies":[{"embeddable":true,"href":"https:\/\/www.uhrenankauf365.de\/uhr-verkaufen\/wp-json\/wp\/v2\/comments?post=1662"}],"version-history":[{"count":3,"href":"https:\/\/www.uhrenankauf365.de\/uhr-verkaufen\/wp-json\/wp\/v2\/pages\/1662\/revisions"}],"predecessor-version":[{"id":1667,"href":"https:\/\/www.uhrenankauf365.de\/uhr-verkaufen\/wp-json\/wp\/v2\/pages\/1662\/revisions\/1667"}],"wp:attachment":[{"href":"https:\/\/www.uhrenankauf365.de\/uhr-verkaufen\/wp-json\/wp\/v2\/media?parent=1662"}],"curies":[{"name":"wp","href":"https:\/\/api.w.org\/{rel}","templated":true}]}}