{"id":1583,"date":"2022-08-10T13:14:21","date_gmt":"2022-08-10T11:14:21","guid":{"rendered":"https:\/\/www.uhrenankauf365.de\/uhr-verkaufen\/?page_id=1583"},"modified":"2022-08-10T13:14:22","modified_gmt":"2022-08-10T11:14:22","slug":"wolfsburg","status":"publish","type":"page","link":"https:\/\/www.uhrenankauf365.de\/uhr-verkaufen\/wolfsburg\/","title":{"rendered":"Uhren Ankauf Wolfsburg"},"content":{"rendered":"\n<p>Wenn Sie eine gebrauchte Luxusuhr verkaufen m\u00f6chten, sind Sie im <strong>Uhren Ankauf Wolfsburg<\/strong> genau richtig. Wir sind spezialisiert auf luxuri\u00f6se Uhren von Rolex, Patek Philippe und Co. Seit 1998 stehen wir f\u00fcr fairen Handel im <strong>Ankauf<\/strong> und <a href=\"https:\/\/www.nobeluhren-store.de\/\">Verkauf von Luxusuhren<\/a>.<\/p>\n\n\n\n<p>Auch \u00fcber Wolfsburg hinaus holen wir Ihre Uhr ab, nachdem wir uns auf eine Ankaufssumme geeinigt haben. Je nach Modell und Hersteller kann diese nat\u00fcrlich stark variieren. Helfen Sie uns also, einen fairen Preis zu ermitteln, indem Sie uns im Ankaufsformular m\u00f6glichst viele Details mitteilen.<\/p>\n\n\n\n<h2 class=\"wp-block-heading\">Wie verkaufe ich eine Rolex Armbanduhr in Wolfsburg?<\/h2>\n\n\n\n<p>Zun\u00e4chst ist es wichtig, dass Sie uns am besten \u00fcber das Ankaufsformular alle Daten zur Uhr senden, die Ihnen bekannt sind. Im Ankauf von Uhren kommt es vor allem auf eine genaue Einsch\u00e4tzung des Uhrenwertes an. Dieser kann stark variieren. Nicht nur Modell und Alter der Uhr, sondern Faktoren wie folgende bestimmen den Wert Ihrer Luxusuhr:<\/p>\n\n\n\n<ul class=\"wp-block-list\"><li>Handelt es sich um eine limitierte Edition?<\/li><li>Sind Original-Box und -Papiere vorhanden?<\/li><li>K\u00f6nnen Sie Service-Einsendungen belegen?<\/li><li>Ist die Uhr optisch als auch technisch in einwandfreiem Zustand?<\/li><\/ul>\n\n\n\n<p>Unser Uhrmachermeister pr\u00fcft Ihre Einsendung. Sobald der erwartete Zustand durch diesen best\u00e4tigt wurde, erhalten Sie Ihre Auszahlung aufs Bankkonto. Eine Barauszahlung ist ebenfalls m\u00f6glich, hierzu bitten wir Sie, uns in unserem B\u00fcro in Oberpframmern (nach Terminvereinbarung) aufzusuchen.<\/p>\n\n\n\n<h2 class=\"wp-block-heading\">Ist die Abholung sicher?<\/h2>\n\n\n\n<p>Bisher gab es nicht einen Fall, in dem eine Uhr aus einem Ankauf nicht sicher bei uns ankam. Wir arbeiten mit Werttransport-Unternehmen zusammen, au\u00dferdem ist der Transport zweifach versichert. Da wir seit 1998 international agieren, k\u00f6nnen Sie auf unsere Erfahrungswerte vertrauen.<\/p>\n\n\n\n<div class=\"container p-4 uak_heller_hintergrund\">\n<div class=\"row mb-4\">\n<div class=\"col-12 col-md-6 text-center\">\n<i class=\"uak365icon fas fa-file-alt\"><\/i><br>\n<div class=\"ankaufschritte_title\">Formular ausf\u00fcllen<\/div>\n<small>Das <a href=\"https:\/\/www.uhrenankauf365.de\/uhr-verkaufen\/ankaufsformular\/\" title=\"Ankaufsformular Uhren\">Ankaufsformular<\/a> erfasst alle wichtigen Angaben zur Armbanduhr, die Sie verkaufen m\u00f6chten und erleichtert die Ermittlung eines fairen Ankaufspreises.<\/small>\n<\/div>\n<div class=\"col-12 col-md-6 text-center\">\n<i class=\"uak365icon far fa-handshake\"><\/i><br>\n<div class=\"ankaufschritte_title\">Angebot erhalten<\/div>\n<small>Wir unterbreiten Ihnen nach Erhalt der Informationen zur Uhr ein Angebot zum Ankauf. Offene Fragen kl\u00e4ren wir vorab.<\/small>\n<\/div>\n<\/div>\n\n\n<div class=\"row\">\n<div class=\"col-12 col-md-6 text-center\">\n<i class=\"uak365icon fas fa-truck-loading\"><\/i><br>\n<div class=\"ankaufschritte_title\">Uhr wird abgeholt<\/div>\n<small>Ein auf Werttransporte spezialisiertes Unternehmen holt die Uhr bei Ihnen ab. Mehr dazu erfahren Sie <a href=\"https:\/\/www.uhrenankauf365.de\/uhr-verkaufen\/ankauf-faq\/\">hier<\/a>.<\/small>\n<\/div>\n<div class=\"col-12 col-md-6 text-center\">\n<i class=\"uak365icon fas fa-euro-sign\"><\/i><br>\n<div class=\"ankaufschritte_title\">Geld erhalten<\/div>\n<small>Nach Pr\u00fcfung der Armbanduhr zahlen wir den vereinbarten Ankaufspreis zuverl\u00e4ssig und schnell auf Ihr Konto aus.\n<\/small>\n<\/div>\n<\/div>\n\n<\/div>\n","protected":false},"excerpt":{"rendered":"<p>Wenn Sie eine gebrauchte Luxusuhr verkaufen m\u00f6chten, sind Sie im Uhren Ankauf Wolfsburg genau richtig. Wir sind spezialisiert auf luxuri\u00f6se Uhren von Rolex, Patek Philippe und Co. Seit 1998 stehen wir f\u00fcr fairen Handel im Ankauf und Verkauf von Luxusuhren. Auch \u00fcber Wolfsburg hinaus holen wir Ihre Uhr ab, nachdem wir uns auf eine Ankaufssumme [&hellip;]<\/p>\n","protected":false},"author":1,"featured_media":0,"parent":0,"menu_order":0,"comment_status":"closed","ping_status":"closed","template":"","meta":{"footnotes":""},"class_list":["post-1583","page","type-page","status-publish","hentry"],"yoast_head":"<!-- This site is optimized with the Yoast SEO plugin v27.3 - https:\/\/yoast.com\/product\/yoast-seo-wordpress\/ -->\n<title>Uhren Ankauf Wolfsburg<\/title>\n<meta name=\"description\" content=\"M\u00f6chten Sie Ihre Luxusuhr verkaufen? Wir kaufen Rolex, Patek Philippe, Audemars Piguet etc. in Wolfsburg im Uhren Ankauf. Seit 1998.\" \/>\n<meta name=\"robots\" content=\"index, follow, max-snippet:-1, max-image-preview:large, max-video-preview:-1\" \/>\n<link rel=\"canonical\" href=\"https:\/\/www.uhrenankauf365.de\/uhr-verkaufen\/wolfsburg\/\" \/>\n<meta property=\"og:locale\" content=\"de_DE\" \/>\n<meta property=\"og:type\" content=\"article\" \/>\n<meta property=\"og:title\" content=\"Uhren Ankauf Wolfsburg\" \/>\n<meta property=\"og:description\" content=\"M\u00f6chten Sie Ihre Luxusuhr verkaufen? Wir kaufen Rolex, Patek Philippe, Audemars Piguet etc. in Wolfsburg im Uhren Ankauf. Seit 1998.\" \/>\n<meta property=\"og:url\" content=\"https:\/\/www.uhrenankauf365.de\/uhr-verkaufen\/wolfsburg\/\" \/>\n<meta property=\"og:site_name\" content=\"Uhrenankauf 365\" \/>\n<meta property=\"article:modified_time\" content=\"2022-08-10T11:14:22+00:00\" \/>\n<meta name=\"twitter:card\" content=\"summary_large_image\" \/>\n<meta name=\"twitter:label1\" content=\"Gesch\u00e4tzte Lesezeit\" \/>\n\t<meta name=\"twitter:data1\" content=\"2\u00a0Minuten\" \/>\n<script type=\"application\/ld+json\" class=\"yoast-schema-graph\">{\"@context\":\"https:\\\/\\\/schema.org\",\"@graph\":[{\"@type\":\"WebPage\",\"@id\":\"https:\\\/\\\/www.uhrenankauf365.de\\\/uhr-verkaufen\\\/wolfsburg\\\/\",\"url\":\"https:\\\/\\\/www.uhrenankauf365.de\\\/uhr-verkaufen\\\/wolfsburg\\\/\",\"name\":\"Uhren Ankauf Wolfsburg\",\"isPartOf\":{\"@id\":\"https:\\\/\\\/www.uhrenankauf365.de\\\/uhr-verkaufen\\\/#website\"},\"datePublished\":\"2022-08-10T11:14:21+00:00\",\"dateModified\":\"2022-08-10T11:14:22+00:00\",\"description\":\"M\u00f6chten Sie Ihre Luxusuhr verkaufen? Wir kaufen Rolex, Patek Philippe, Audemars Piguet etc. in Wolfsburg im Uhren Ankauf. Seit 1998.\",\"breadcrumb\":{\"@id\":\"https:\\\/\\\/www.uhrenankauf365.de\\\/uhr-verkaufen\\\/wolfsburg\\\/#breadcrumb\"},\"inLanguage\":\"de\",\"potentialAction\":[{\"@type\":\"ReadAction\",\"target\":[\"https:\\\/\\\/www.uhrenankauf365.de\\\/uhr-verkaufen\\\/wolfsburg\\\/\"]}]},{\"@type\":\"BreadcrumbList\",\"@id\":\"https:\\\/\\\/www.uhrenankauf365.de\\\/uhr-verkaufen\\\/wolfsburg\\\/#breadcrumb\",\"itemListElement\":[{\"@type\":\"ListItem\",\"position\":1,\"name\":\"Startseite\",\"item\":\"https:\\\/\\\/www.uhrenankauf365.de\\\/uhr-verkaufen\\\/\"},{\"@type\":\"ListItem\",\"position\":2,\"name\":\"Uhren Ankauf Wolfsburg\"}]},{\"@type\":\"WebSite\",\"@id\":\"https:\\\/\\\/www.uhrenankauf365.de\\\/uhr-verkaufen\\\/#website\",\"url\":\"https:\\\/\\\/www.uhrenankauf365.de\\\/uhr-verkaufen\\\/\",\"name\":\"Uhrenankauf 365\",\"description\":\"Jetzt Ihre Luxusuhr verkaufen!\",\"publisher\":{\"@id\":\"https:\\\/\\\/www.uhrenankauf365.de\\\/uhr-verkaufen\\\/#organization\"},\"potentialAction\":[{\"@type\":\"SearchAction\",\"target\":{\"@type\":\"EntryPoint\",\"urlTemplate\":\"https:\\\/\\\/www.uhrenankauf365.de\\\/uhr-verkaufen\\\/?s={search_term_string}\"},\"query-input\":{\"@type\":\"PropertyValueSpecification\",\"valueRequired\":true,\"valueName\":\"search_term_string\"}}],\"inLanguage\":\"de\"},{\"@type\":\"Organization\",\"@id\":\"https:\\\/\\\/www.uhrenankauf365.de\\\/uhr-verkaufen\\\/#organization\",\"name\":\"uhrenankauf365.de, Anke Michels\",\"url\":\"https:\\\/\\\/www.uhrenankauf365.de\\\/uhr-verkaufen\\\/\",\"logo\":{\"@type\":\"ImageObject\",\"inLanguage\":\"de\",\"@id\":\"https:\\\/\\\/www.uhrenankauf365.de\\\/uhr-verkaufen\\\/#\\\/schema\\\/logo\\\/image\\\/\",\"url\":\"https:\\\/\\\/www.uhrenankauf365.de\\\/uhr-verkaufen\\\/wp-content\\\/uploads\\\/2020\\\/11\\\/logo_uhrenankauf.png\",\"contentUrl\":\"https:\\\/\\\/www.uhrenankauf365.de\\\/uhr-verkaufen\\\/wp-content\\\/uploads\\\/2020\\\/11\\\/logo_uhrenankauf.png\",\"width\":98,\"height\":100,\"caption\":\"uhrenankauf365.de, Anke Michels\"},\"image\":{\"@id\":\"https:\\\/\\\/www.uhrenankauf365.de\\\/uhr-verkaufen\\\/#\\\/schema\\\/logo\\\/image\\\/\"}}]}<\/script>\n<!-- \/ Yoast SEO plugin. -->","yoast_head_json":{"title":"Uhren Ankauf Wolfsburg","description":"M\u00f6chten Sie Ihre Luxusuhr verkaufen? Wir kaufen Rolex, Patek Philippe, Audemars Piguet etc. in Wolfsburg im Uhren Ankauf. Seit 1998.","robots":{"index":"index","follow":"follow","max-snippet":"max-snippet:-1","max-image-preview":"max-image-preview:large","max-video-preview":"max-video-preview:-1"},"canonical":"https:\/\/www.uhrenankauf365.de\/uhr-verkaufen\/wolfsburg\/","og_locale":"de_DE","og_type":"article","og_title":"Uhren Ankauf Wolfsburg","og_description":"M\u00f6chten Sie Ihre Luxusuhr verkaufen? Wir kaufen Rolex, Patek Philippe, Audemars Piguet etc. in Wolfsburg im Uhren Ankauf. Seit 1998.","og_url":"https:\/\/www.uhrenankauf365.de\/uhr-verkaufen\/wolfsburg\/","og_site_name":"Uhrenankauf 365","article_modified_time":"2022-08-10T11:14:22+00:00","twitter_card":"summary_large_image","twitter_misc":{"Gesch\u00e4tzte Lesezeit":"2\u00a0Minuten"},"schema":{"@context":"https:\/\/schema.org","@graph":[{"@type":"WebPage","@id":"https:\/\/www.uhrenankauf365.de\/uhr-verkaufen\/wolfsburg\/","url":"https:\/\/www.uhrenankauf365.de\/uhr-verkaufen\/wolfsburg\/","name":"Uhren Ankauf Wolfsburg","isPartOf":{"@id":"https:\/\/www.uhrenankauf365.de\/uhr-verkaufen\/#website"},"datePublished":"2022-08-10T11:14:21+00:00","dateModified":"2022-08-10T11:14:22+00:00","description":"M\u00f6chten Sie Ihre Luxusuhr verkaufen? Wir kaufen Rolex, Patek Philippe, Audemars Piguet etc. in Wolfsburg im Uhren Ankauf. Seit 1998.","breadcrumb":{"@id":"https:\/\/www.uhrenankauf365.de\/uhr-verkaufen\/wolfsburg\/#breadcrumb"},"inLanguage":"de","potentialAction":[{"@type":"ReadAction","target":["https:\/\/www.uhrenankauf365.de\/uhr-verkaufen\/wolfsburg\/"]}]},{"@type":"BreadcrumbList","@id":"https:\/\/www.uhrenankauf365.de\/uhr-verkaufen\/wolfsburg\/#breadcrumb","itemListElement":[{"@type":"ListItem","position":1,"name":"Startseite","item":"https:\/\/www.uhrenankauf365.de\/uhr-verkaufen\/"},{"@type":"ListItem","position":2,"name":"Uhren Ankauf Wolfsburg"}]},{"@type":"WebSite","@id":"https:\/\/www.uhrenankauf365.de\/uhr-verkaufen\/#website","url":"https:\/\/www.uhrenankauf365.de\/uhr-verkaufen\/","name":"Uhrenankauf 365","description":"Jetzt Ihre Luxusuhr verkaufen!","publisher":{"@id":"https:\/\/www.uhrenankauf365.de\/uhr-verkaufen\/#organization"},"potentialAction":[{"@type":"SearchAction","target":{"@type":"EntryPoint","urlTemplate":"https:\/\/www.uhrenankauf365.de\/uhr-verkaufen\/?s={search_term_string}"},"query-input":{"@type":"PropertyValueSpecification","valueRequired":true,"valueName":"search_term_string"}}],"inLanguage":"de"},{"@type":"Organization","@id":"https:\/\/www.uhrenankauf365.de\/uhr-verkaufen\/#organization","name":"uhrenankauf365.de, Anke Michels","url":"https:\/\/www.uhrenankauf365.de\/uhr-verkaufen\/","logo":{"@type":"ImageObject","inLanguage":"de","@id":"https:\/\/www.uhrenankauf365.de\/uhr-verkaufen\/#\/schema\/logo\/image\/","url":"https:\/\/www.uhrenankauf365.de\/uhr-verkaufen\/wp-content\/uploads\/2020\/11\/logo_uhrenankauf.png","contentUrl":"https:\/\/www.uhrenankauf365.de\/uhr-verkaufen\/wp-content\/uploads\/2020\/11\/logo_uhrenankauf.png","width":98,"height":100,"caption":"uhrenankauf365.de, Anke Michels"},"image":{"@id":"https:\/\/www.uhrenankauf365.de\/uhr-verkaufen\/#\/schema\/logo\/image\/"}}]}},"_links":{"self":[{"href":"https:\/\/www.uhrenankauf365.de\/uhr-verkaufen\/wp-json\/wp\/v2\/pages\/1583","targetHints":{"allow":["GET"]}}],"collection":[{"href":"https:\/\/www.uhrenankauf365.de\/uhr-verkaufen\/wp-json\/wp\/v2\/pages"}],"about":[{"href":"https:\/\/www.uhrenankauf365.de\/uhr-verkaufen\/wp-json\/wp\/v2\/types\/page"}],"author":[{"embeddable":true,"href":"https:\/\/www.uhrenankauf365.de\/uhr-verkaufen\/wp-json\/wp\/v2\/users\/1"}],"replies":[{"embeddable":true,"href":"https:\/\/www.uhrenankauf365.de\/uhr-verkaufen\/wp-json\/wp\/v2\/comments?post=1583"}],"version-history":[{"count":1,"href":"https:\/\/www.uhrenankauf365.de\/uhr-verkaufen\/wp-json\/wp\/v2\/pages\/1583\/revisions"}],"predecessor-version":[{"id":1584,"href":"https:\/\/www.uhrenankauf365.de\/uhr-verkaufen\/wp-json\/wp\/v2\/pages\/1583\/revisions\/1584"}],"wp:attachment":[{"href":"https:\/\/www.uhrenankauf365.de\/uhr-verkaufen\/wp-json\/wp\/v2\/media?parent=1583"}],"curies":[{"name":"wp","href":"https:\/\/api.w.org\/{rel}","templated":true}]}}