{"id":1441,"date":"2022-05-02T17:37:18","date_gmt":"2022-05-02T15:37:18","guid":{"rendered":"https:\/\/www.uhrenankauf365.de\/uhr-verkaufen\/?page_id=1441"},"modified":"2022-05-02T17:37:19","modified_gmt":"2022-05-02T15:37:19","slug":"oberhausen","status":"publish","type":"page","link":"https:\/\/www.uhrenankauf365.de\/uhr-verkaufen\/oberhausen\/","title":{"rendered":"Uhren Ankauf Oberhausen"},"content":{"rendered":"\n<p>Bei uns im <strong>Uhren Ankauf Oberhausen<\/strong> erhalten Sie faire Auszahlungen f\u00fcr gebrauchte Luxusuhren. Wir sind seit 1998 im Ankauf und Verkauf von Luxusuhren t\u00e4tig und verf\u00fcgen \u00fcber ein gro\u00dfes Netz aus Experten und Sammlern.<\/p>\n\n\n\n<p>Vergleichen Sie unser Angebot gerne mit lokalen H\u00e4ndlern, z. B. im <a href=\"https:\/\/de.westfield.com\/centro\">Westfield Centro Oberhausen<\/a> oder in umliegenden St\u00e4dten. Wir freuen uns auf Ihr Uhren-Angebot \u00fcber das Ankaufsformular.<\/p>\n\n\n<div class=\"wp-bootstrap-blocks-container container mb-5 uak_heller_hintergrund_line_height_normal text-center p-4 mt-4\">\n\t\n\n<h3 class=\"wp-block-heading\" id=\"u1363-2\">Wir kaufen Luxusuhren!<\/h3>\n\n\n\n<p id=\"u1363-4\"><strong>Profitieren Sie&nbsp;von unserer jahrzehntelangen Erfahrung im Uhrenhandel!<\/strong><\/p>\n\n\n\n<p><a class=\"btn btn-primary btn-lg\" href=\"https:\/\/www.uhrenankauf365.de\/uhr-verkaufen\/ankaufsformular\/\">Zum Ankaufsformular<\/a><\/p>\n\n<\/div>\n","protected":false},"excerpt":{"rendered":"<p>Bei uns im Uhren Ankauf Oberhausen erhalten Sie faire Auszahlungen f\u00fcr gebrauchte Luxusuhren. Wir sind seit 1998 im Ankauf und Verkauf von Luxusuhren t\u00e4tig und verf\u00fcgen \u00fcber ein gro\u00dfes Netz aus Experten und Sammlern. Vergleichen Sie unser Angebot gerne mit lokalen H\u00e4ndlern, z. B. im Westfield Centro Oberhausen oder in umliegenden St\u00e4dten. Wir freuen uns [&hellip;]<\/p>\n","protected":false},"author":1,"featured_media":0,"parent":0,"menu_order":0,"comment_status":"closed","ping_status":"closed","template":"","meta":{"footnotes":""},"class_list":["post-1441","page","type-page","status-publish","hentry"],"yoast_head":"<!-- This site is optimized with the Yoast SEO plugin v27.3 - https:\/\/yoast.com\/product\/yoast-seo-wordpress\/ -->\n<title>Uhren Ankauf Oberhausen - Uhrenankauf 365<\/title>\n<meta name=\"description\" content=\"Faire, schnelle Auszahlung f\u00fcr Ihre Luxusuhr im Uhren Ankauf Oberhausen. Erfahrung seit 1998 - jetzt Ihre Uhr verkaufen!\" \/>\n<meta name=\"robots\" content=\"index, follow, max-snippet:-1, max-image-preview:large, max-video-preview:-1\" \/>\n<link rel=\"canonical\" href=\"https:\/\/www.uhrenankauf365.de\/uhr-verkaufen\/oberhausen\/\" \/>\n<meta property=\"og:locale\" content=\"de_DE\" \/>\n<meta property=\"og:type\" content=\"article\" \/>\n<meta property=\"og:title\" content=\"Uhren Ankauf Oberhausen - Uhrenankauf 365\" \/>\n<meta property=\"og:description\" content=\"Faire, schnelle Auszahlung f\u00fcr Ihre Luxusuhr im Uhren Ankauf Oberhausen. Erfahrung seit 1998 - jetzt Ihre Uhr verkaufen!\" \/>\n<meta property=\"og:url\" content=\"https:\/\/www.uhrenankauf365.de\/uhr-verkaufen\/oberhausen\/\" \/>\n<meta property=\"og:site_name\" content=\"Uhrenankauf 365\" \/>\n<meta property=\"article:modified_time\" content=\"2022-05-02T15:37:19+00:00\" \/>\n<meta name=\"twitter:card\" content=\"summary_large_image\" \/>\n<meta name=\"twitter:label1\" content=\"Gesch\u00e4tzte Lesezeit\" \/>\n\t<meta name=\"twitter:data1\" content=\"1\u00a0Minute\" \/>\n<script type=\"application\/ld+json\" class=\"yoast-schema-graph\">{\"@context\":\"https:\\\/\\\/schema.org\",\"@graph\":[{\"@type\":\"WebPage\",\"@id\":\"https:\\\/\\\/www.uhrenankauf365.de\\\/uhr-verkaufen\\\/oberhausen\\\/\",\"url\":\"https:\\\/\\\/www.uhrenankauf365.de\\\/uhr-verkaufen\\\/oberhausen\\\/\",\"name\":\"Uhren Ankauf Oberhausen - Uhrenankauf 365\",\"isPartOf\":{\"@id\":\"https:\\\/\\\/www.uhrenankauf365.de\\\/uhr-verkaufen\\\/#website\"},\"datePublished\":\"2022-05-02T15:37:18+00:00\",\"dateModified\":\"2022-05-02T15:37:19+00:00\",\"description\":\"Faire, schnelle Auszahlung f\u00fcr Ihre Luxusuhr im Uhren Ankauf Oberhausen. Erfahrung seit 1998 - jetzt Ihre Uhr verkaufen!\",\"breadcrumb\":{\"@id\":\"https:\\\/\\\/www.uhrenankauf365.de\\\/uhr-verkaufen\\\/oberhausen\\\/#breadcrumb\"},\"inLanguage\":\"de\",\"potentialAction\":[{\"@type\":\"ReadAction\",\"target\":[\"https:\\\/\\\/www.uhrenankauf365.de\\\/uhr-verkaufen\\\/oberhausen\\\/\"]}]},{\"@type\":\"BreadcrumbList\",\"@id\":\"https:\\\/\\\/www.uhrenankauf365.de\\\/uhr-verkaufen\\\/oberhausen\\\/#breadcrumb\",\"itemListElement\":[{\"@type\":\"ListItem\",\"position\":1,\"name\":\"Startseite\",\"item\":\"https:\\\/\\\/www.uhrenankauf365.de\\\/uhr-verkaufen\\\/\"},{\"@type\":\"ListItem\",\"position\":2,\"name\":\"Uhren Ankauf Oberhausen\"}]},{\"@type\":\"WebSite\",\"@id\":\"https:\\\/\\\/www.uhrenankauf365.de\\\/uhr-verkaufen\\\/#website\",\"url\":\"https:\\\/\\\/www.uhrenankauf365.de\\\/uhr-verkaufen\\\/\",\"name\":\"Uhrenankauf 365\",\"description\":\"Jetzt Ihre Luxusuhr verkaufen!\",\"publisher\":{\"@id\":\"https:\\\/\\\/www.uhrenankauf365.de\\\/uhr-verkaufen\\\/#organization\"},\"potentialAction\":[{\"@type\":\"SearchAction\",\"target\":{\"@type\":\"EntryPoint\",\"urlTemplate\":\"https:\\\/\\\/www.uhrenankauf365.de\\\/uhr-verkaufen\\\/?s={search_term_string}\"},\"query-input\":{\"@type\":\"PropertyValueSpecification\",\"valueRequired\":true,\"valueName\":\"search_term_string\"}}],\"inLanguage\":\"de\"},{\"@type\":\"Organization\",\"@id\":\"https:\\\/\\\/www.uhrenankauf365.de\\\/uhr-verkaufen\\\/#organization\",\"name\":\"uhrenankauf365.de, Anke Michels\",\"url\":\"https:\\\/\\\/www.uhrenankauf365.de\\\/uhr-verkaufen\\\/\",\"logo\":{\"@type\":\"ImageObject\",\"inLanguage\":\"de\",\"@id\":\"https:\\\/\\\/www.uhrenankauf365.de\\\/uhr-verkaufen\\\/#\\\/schema\\\/logo\\\/image\\\/\",\"url\":\"https:\\\/\\\/www.uhrenankauf365.de\\\/uhr-verkaufen\\\/wp-content\\\/uploads\\\/2020\\\/11\\\/logo_uhrenankauf.png\",\"contentUrl\":\"https:\\\/\\\/www.uhrenankauf365.de\\\/uhr-verkaufen\\\/wp-content\\\/uploads\\\/2020\\\/11\\\/logo_uhrenankauf.png\",\"width\":98,\"height\":100,\"caption\":\"uhrenankauf365.de, Anke Michels\"},\"image\":{\"@id\":\"https:\\\/\\\/www.uhrenankauf365.de\\\/uhr-verkaufen\\\/#\\\/schema\\\/logo\\\/image\\\/\"}}]}<\/script>\n<!-- \/ Yoast SEO plugin. -->","yoast_head_json":{"title":"Uhren Ankauf Oberhausen - Uhrenankauf 365","description":"Faire, schnelle Auszahlung f\u00fcr Ihre Luxusuhr im Uhren Ankauf Oberhausen. Erfahrung seit 1998 - jetzt Ihre Uhr verkaufen!","robots":{"index":"index","follow":"follow","max-snippet":"max-snippet:-1","max-image-preview":"max-image-preview:large","max-video-preview":"max-video-preview:-1"},"canonical":"https:\/\/www.uhrenankauf365.de\/uhr-verkaufen\/oberhausen\/","og_locale":"de_DE","og_type":"article","og_title":"Uhren Ankauf Oberhausen - Uhrenankauf 365","og_description":"Faire, schnelle Auszahlung f\u00fcr Ihre Luxusuhr im Uhren Ankauf Oberhausen. Erfahrung seit 1998 - jetzt Ihre Uhr verkaufen!","og_url":"https:\/\/www.uhrenankauf365.de\/uhr-verkaufen\/oberhausen\/","og_site_name":"Uhrenankauf 365","article_modified_time":"2022-05-02T15:37:19+00:00","twitter_card":"summary_large_image","twitter_misc":{"Gesch\u00e4tzte Lesezeit":"1\u00a0Minute"},"schema":{"@context":"https:\/\/schema.org","@graph":[{"@type":"WebPage","@id":"https:\/\/www.uhrenankauf365.de\/uhr-verkaufen\/oberhausen\/","url":"https:\/\/www.uhrenankauf365.de\/uhr-verkaufen\/oberhausen\/","name":"Uhren Ankauf Oberhausen - Uhrenankauf 365","isPartOf":{"@id":"https:\/\/www.uhrenankauf365.de\/uhr-verkaufen\/#website"},"datePublished":"2022-05-02T15:37:18+00:00","dateModified":"2022-05-02T15:37:19+00:00","description":"Faire, schnelle Auszahlung f\u00fcr Ihre Luxusuhr im Uhren Ankauf Oberhausen. Erfahrung seit 1998 - jetzt Ihre Uhr verkaufen!","breadcrumb":{"@id":"https:\/\/www.uhrenankauf365.de\/uhr-verkaufen\/oberhausen\/#breadcrumb"},"inLanguage":"de","potentialAction":[{"@type":"ReadAction","target":["https:\/\/www.uhrenankauf365.de\/uhr-verkaufen\/oberhausen\/"]}]},{"@type":"BreadcrumbList","@id":"https:\/\/www.uhrenankauf365.de\/uhr-verkaufen\/oberhausen\/#breadcrumb","itemListElement":[{"@type":"ListItem","position":1,"name":"Startseite","item":"https:\/\/www.uhrenankauf365.de\/uhr-verkaufen\/"},{"@type":"ListItem","position":2,"name":"Uhren Ankauf Oberhausen"}]},{"@type":"WebSite","@id":"https:\/\/www.uhrenankauf365.de\/uhr-verkaufen\/#website","url":"https:\/\/www.uhrenankauf365.de\/uhr-verkaufen\/","name":"Uhrenankauf 365","description":"Jetzt Ihre Luxusuhr verkaufen!","publisher":{"@id":"https:\/\/www.uhrenankauf365.de\/uhr-verkaufen\/#organization"},"potentialAction":[{"@type":"SearchAction","target":{"@type":"EntryPoint","urlTemplate":"https:\/\/www.uhrenankauf365.de\/uhr-verkaufen\/?s={search_term_string}"},"query-input":{"@type":"PropertyValueSpecification","valueRequired":true,"valueName":"search_term_string"}}],"inLanguage":"de"},{"@type":"Organization","@id":"https:\/\/www.uhrenankauf365.de\/uhr-verkaufen\/#organization","name":"uhrenankauf365.de, Anke Michels","url":"https:\/\/www.uhrenankauf365.de\/uhr-verkaufen\/","logo":{"@type":"ImageObject","inLanguage":"de","@id":"https:\/\/www.uhrenankauf365.de\/uhr-verkaufen\/#\/schema\/logo\/image\/","url":"https:\/\/www.uhrenankauf365.de\/uhr-verkaufen\/wp-content\/uploads\/2020\/11\/logo_uhrenankauf.png","contentUrl":"https:\/\/www.uhrenankauf365.de\/uhr-verkaufen\/wp-content\/uploads\/2020\/11\/logo_uhrenankauf.png","width":98,"height":100,"caption":"uhrenankauf365.de, Anke Michels"},"image":{"@id":"https:\/\/www.uhrenankauf365.de\/uhr-verkaufen\/#\/schema\/logo\/image\/"}}]}},"_links":{"self":[{"href":"https:\/\/www.uhrenankauf365.de\/uhr-verkaufen\/wp-json\/wp\/v2\/pages\/1441","targetHints":{"allow":["GET"]}}],"collection":[{"href":"https:\/\/www.uhrenankauf365.de\/uhr-verkaufen\/wp-json\/wp\/v2\/pages"}],"about":[{"href":"https:\/\/www.uhrenankauf365.de\/uhr-verkaufen\/wp-json\/wp\/v2\/types\/page"}],"author":[{"embeddable":true,"href":"https:\/\/www.uhrenankauf365.de\/uhr-verkaufen\/wp-json\/wp\/v2\/users\/1"}],"replies":[{"embeddable":true,"href":"https:\/\/www.uhrenankauf365.de\/uhr-verkaufen\/wp-json\/wp\/v2\/comments?post=1441"}],"version-history":[{"count":1,"href":"https:\/\/www.uhrenankauf365.de\/uhr-verkaufen\/wp-json\/wp\/v2\/pages\/1441\/revisions"}],"predecessor-version":[{"id":1442,"href":"https:\/\/www.uhrenankauf365.de\/uhr-verkaufen\/wp-json\/wp\/v2\/pages\/1441\/revisions\/1442"}],"wp:attachment":[{"href":"https:\/\/www.uhrenankauf365.de\/uhr-verkaufen\/wp-json\/wp\/v2\/media?parent=1441"}],"curies":[{"name":"wp","href":"https:\/\/api.w.org\/{rel}","templated":true}]}}