{"id":138,"date":"2020-11-16T14:17:51","date_gmt":"2020-11-16T13:17:51","guid":{"rendered":"https:\/\/www.uhrenankauf365.de\/wordpress\/?page_id=138"},"modified":"2025-04-08T17:58:30","modified_gmt":"2025-04-08T15:58:30","slug":"ankauf-faq","status":"publish","type":"page","link":"https:\/\/www.uhrenankauf365.de\/uhr-verkaufen\/ankauf-faq\/","title":{"rendered":"FAQ &#8211; H\u00e4ufige Fragen zum Uhrenankauf"},"content":{"rendered":"<div class=\"wp-bootstrap-blocks-row row mb-4\">\n\t\n\n<div class=\"col-12 col-md-6\">\n\t\t\t\n\n<p id=\"u2890-8\">Hier finden Sie die Antworten auf h\u00e4ufige Fragen, die uns regelm\u00e4\u00dfig zum Thema Uhrenankauf gestellt werden. Sollte Ihre Frage nicht beantwortet werden, z\u00f6gern Sie bitte nicht, uns zu <a href=\"https:\/\/www.uhrenankauf365.de\/uhr-verkaufen\/kontakt\/\">kontaktieren<\/a>. Sie erreichen uns sowohl per E-Mail und Telefon als auch per WhatsApp.<\/p>\n\n\n\n<p id=\"u2890-10\">Da der Verkauf einer gebrauchten Luxusuhr Vertrauen voraussetzt, k\u00f6nnen Sie sich gerne von unserer <strong>weltweit guten Reputation<\/strong> \u00fcberzeugen:<\/p>\n\n\n\n<a href=\"https:\/\/www.mondaniweb.com\/trusted-dealers\/nobel-uhren\" target=\"_blank\" rel=\"noopener noreferrer\"><img decoding=\"async\" src=\"https:\/\/www.uhrenankauf365.de\/uhr-verkaufen\/wp-content\/uploads\/2020\/11\/mondaniweb.jpg\" alt=\"mondaniweb\" class=\"img-fluid mr-3\"><\/a>\n\n\n\n<p><\/p>\n\n\t<\/div>\n\n\n\n<div class=\"col-12 col-md-6\">\n\t\t\t\n\n<figure class=\"wp-block-image size-large\"><img loading=\"lazy\" decoding=\"async\" width=\"540\" height=\"337\" src=\"https:\/\/www.uhrenankauf365.de\/uhr-verkaufen\/wp-content\/uploads\/2020\/11\/uhrenankauf_muenchen.jpg\" alt=\"Foto aus unserem B\u00fcro in Oberpframmern (in der N\u00e4he von M\u00fcnchen)\" class=\"wp-image-266\" srcset=\"https:\/\/www.uhrenankauf365.de\/uhr-verkaufen\/wp-content\/uploads\/2020\/11\/uhrenankauf_muenchen.jpg 540w, https:\/\/www.uhrenankauf365.de\/uhr-verkaufen\/wp-content\/uploads\/2020\/11\/uhrenankauf_muenchen-300x187.jpg 300w\" sizes=\"auto, (max-width: 540px) 100vw, 540px\" \/><\/figure>\n\n\t<\/div>\n\n<\/div>\n\n\n<style>#sp-ea-2232 .spcollapsing { height: 0; overflow: hidden; transition-property: height;transition-duration: 300ms;}#sp-ea-2232.sp-easy-accordion>.sp-ea-single {margin-bottom: 10px; border: 1px solid #e2e2e2; }#sp-ea-2232.sp-easy-accordion>.sp-ea-single>.ea-header a {color: #444;}#sp-ea-2232.sp-easy-accordion>.sp-ea-single>.sp-collapse>.ea-body {background: #fff; color: #444;}#sp-ea-2232.sp-easy-accordion>.sp-ea-single {background: #eee;}#sp-ea-2232.sp-easy-accordion>.sp-ea-single>.ea-header a .ea-expand-icon { float: left; color: #444;font-size: 16px;}<\/style><div id=\"sp_easy_accordion-1744126049\"><div id=\"sp-ea-2232\" class=\"sp-ea-one sp-easy-accordion\" data-ea-active=\"ea-click\" data-ea-mode=\"vertical\" data-preloader=\"\" data-scroll-active-item=\"\" data-offset-to-scroll=\"0\"><div class=\"ea-card ea-expand sp-ea-single\"><h3 class=\"ea-header\"><a class=\"collapsed\" id=\"ea-header-22320\" role=\"button\" data-sptoggle=\"spcollapse\" data-sptarget=\"#collapse22320\" aria-controls=\"collapse22320\" href=\"#\" aria-expanded=\"true\" tabindex=\"0\"><i aria-hidden=\"true\" role=\"presentation\" class=\"ea-expand-icon eap-icon-ea-expand-minus\"><\/i> Wie wird der Ankauf meiner Uhr abgewickelt?<\/a><\/h3><div class=\"sp-collapse spcollapse collapsed show\" id=\"collapse22320\" data-parent=\"#sp-ea-2232\" role=\"region\" aria-labelledby=\"ea-header-22320\"> <div class=\"ea-body\"><p id=\"u2957-5\">In der Regel ist das Prozedere beim Uhrenankauf durch uns wie folgt:<\/p><p id=\"u2957-11\">Sie bieten uns \u00fcber das <a href=\"https:\/\/www.uhrenankauf365.de\/uhr-verkaufen\/ankaufsformular\/\">Formular \u201eUhrenankauf\u201c<\/a> Ihre Uhr an. Das Formular h\u00e4lt Felder f\u00fcr die relevanten Informationen bereit, so dass wir schon bei der ersten Kontaktaufnahme m\u00f6glichst detailreich im Bilde sind, was Sie uns anbieten. Nennen Sie uns in jedem Falle auch Ihre Preisvorstellung.<\/p><p id=\"u2957-24\">Abh\u00e4ngig vom Wert der Uhr <strong>senden Sie uns diese selbst zu<\/strong> oder wir beauftragen ein Transportunternehmen mit der <strong>Abholung<\/strong>. Nach Erhalt Ihrer Uhr wird diese von unserem Uhrmachermeister <strong>gepr\u00fcft<\/strong>. Hierbei werden die mechanische Funktionalit\u00e4t sowie der allgemeine Zustand untersucht, damit wir Ihnen einen <strong>reellen Ankaufspreis<\/strong> nennen k\u00f6nnen.<\/p><p id=\"u2957-37\" class=\"mb-5\">Nach preislicher Einigung erhalten Sie postalisch oder per E-Mail den Ankaufsbeleg. Wir bitten Sie, diesen zu unterschreiben und mitsamt einer <strong>Kopie Ihres Ausweises<\/strong> sowie Ihrer <strong>Bankverbindung f\u00fcr die Auszahlung<\/strong> an uns zur\u00fcckzusenden. Die Auszahlung erfolgt nach Erhalt der genannten Unterlagen schnellstm\u00f6glich, in der Regel <strong>noch am gleichen Tag<\/strong>.<\/p><\/div><\/div><\/div><div class=\"ea-card sp-ea-single\"><h3 class=\"ea-header\"><a class=\"collapsed\" id=\"ea-header-22321\" role=\"button\" data-sptoggle=\"spcollapse\" data-sptarget=\"#collapse22321\" aria-controls=\"collapse22321\" href=\"#\" aria-expanded=\"false\" tabindex=\"0\"><i aria-hidden=\"true\" role=\"presentation\" class=\"ea-expand-icon eap-icon-ea-expand-plus\"><\/i> Wie wird die Uhr transportiert?<\/a><\/h3><div class=\"sp-collapse spcollapse \" id=\"collapse22321\" data-parent=\"#sp-ea-2232\" role=\"region\" aria-labelledby=\"ea-header-22321\"> <div class=\"ea-body\"><p>Wir arbeiten ausschlie\u00dflich mit Transportunternehmen zusammen, bei denen eine sichere und schnelle Abholung der von Ihnen verkauften Uhr gew\u00e4hrleistet ist. Welches Unternehmen dies konkret ist, entscheidet sich in Abh\u00e4ngigkeit vom vereinbarten Ankaufswert. Wir arbeiten mit Parcelbroker (FedEx, UPS, TNT), DHL Value Express, Prosegur, G4S, G4Si, Brinks sowie Ferrari Logistics zusammen. Bei einem Wert von bis zu EUR 5.000 k\u00f6nnen Sie dank unserer TWR Valoren Police auch selbst den Versand via DHL Express \/ UPS Express oder Saver FedEx Express veranlassen \u2013 <strong>der Transport ist versichert<\/strong>.<\/p><\/div><\/div><\/div><div class=\"ea-card sp-ea-single\"><h3 class=\"ea-header\"><a class=\"collapsed\" id=\"ea-header-22322\" role=\"button\" data-sptoggle=\"spcollapse\" data-sptarget=\"#collapse22322\" aria-controls=\"collapse22322\" href=\"#\" aria-expanded=\"false\" tabindex=\"0\"><i aria-hidden=\"true\" role=\"presentation\" class=\"ea-expand-icon eap-icon-ea-expand-plus\"><\/i> Wie hoch ist der Transport versichert?<\/a><\/h3><div class=\"sp-collapse spcollapse \" id=\"collapse22322\" data-parent=\"#sp-ea-2232\" role=\"region\" aria-labelledby=\"ea-header-22322\"> <div class=\"ea-body\"><p>Unabh\u00e4ngig vom ausf\u00fchrenden Unternehmen ist der Transport Ihrer Luxusuhr beim <strong>Ankauf in voller H\u00f6he versichert<\/strong>. Daf\u00fcr sorgen die eigene Versicherung des Transportunternehmens sowie zus\u00e4tzlich unsere TWR Valoren Police.<\/p><\/div><\/div><\/div><div class=\"ea-card sp-ea-single\"><h3 class=\"ea-header\"><a class=\"collapsed\" id=\"ea-header-22323\" role=\"button\" data-sptoggle=\"spcollapse\" data-sptarget=\"#collapse22323\" aria-controls=\"collapse22323\" href=\"#\" aria-expanded=\"false\" tabindex=\"0\"><i aria-hidden=\"true\" role=\"presentation\" class=\"ea-expand-icon eap-icon-ea-expand-plus\"><\/i> Wann und wie erhalte ich mein Geld?<\/a><\/h3><div class=\"sp-collapse spcollapse \" id=\"collapse22323\" data-parent=\"#sp-ea-2232\" role=\"region\" aria-labelledby=\"ea-header-22323\"> <div class=\"ea-body\"><p>Nach Erhalt des unterschriebenen Ankaufsbelegs mitsamt einer Ausweiskopie zahlen wir die vereinbarte Summe <strong>innerhalb von 24 Stunden<\/strong> auf das angegebene Konto aus. Bei der Abwicklung des Uhrenankaufs in unserem B\u00fcro in der N\u00e4he von M\u00fcnchen ist nach vorheriger Abstimmung auch eine <strong>Barauszahlung<\/strong> m\u00f6glich.<\/p><\/div><\/div><\/div><div class=\"ea-card sp-ea-single\"><h3 class=\"ea-header\"><a class=\"collapsed\" id=\"ea-header-22324\" role=\"button\" data-sptoggle=\"spcollapse\" data-sptarget=\"#collapse22324\" aria-controls=\"collapse22324\" href=\"#\" aria-expanded=\"false\" tabindex=\"0\"><i aria-hidden=\"true\" role=\"presentation\" class=\"ea-expand-icon eap-icon-ea-expand-plus\"><\/i> Kaufen Sie auch Uhren ohne Papiere \/ Box?<\/a><\/h3><div class=\"sp-collapse spcollapse \" id=\"collapse22324\" data-parent=\"#sp-ea-2232\" role=\"region\" aria-labelledby=\"ea-header-22324\"> <div class=\"ea-body\"><p>Generell kaufen wir auch Uhren ohne Zertifikat. F\u00fcr eine <strong>h\u00f6here Ankaufsumme<\/strong> ist es f\u00fcr Sie nat\u00fcrlich vorteilhafter, die Uhr inklusive Zertifikat und Original-Box zu verkaufen.<\/p><\/div><\/div><\/div><div class=\"ea-card sp-ea-single\"><h3 class=\"ea-header\"><a class=\"collapsed\" id=\"ea-header-22325\" role=\"button\" data-sptoggle=\"spcollapse\" data-sptarget=\"#collapse22325\" aria-controls=\"collapse22325\" href=\"#\" aria-expanded=\"false\" tabindex=\"0\"><i aria-hidden=\"true\" role=\"presentation\" class=\"ea-expand-icon eap-icon-ea-expand-plus\"><\/i> Welche Marken kaufen Sie an?<\/a><\/h3><div class=\"sp-collapse spcollapse \" id=\"collapse22325\" data-parent=\"#sp-ea-2232\" role=\"region\" aria-labelledby=\"ea-header-22325\"> <div class=\"ea-body\"><p>Wir sind am Ankauf aller Luxusuhren interessiert, wobei das Kerngesch\u00e4ft aus dem Handel und Ankauf der folgenden Hersteller besteht:<\/p><p><a href=\"https:\/\/www.uhrenankauf365.de\/uhr-verkaufen\/a_lange_und_soehne\" class=\"btn btn-primary mb-1 mt-1\">A. Lange &amp; S\u00f6hne<\/a> <a href=\"https:\/\/www.uhrenankauf365.de\/uhr-verkaufen\/audemars_piguet\" class=\"btn btn-primary mb-1 mt-1\">Audemars Piguet<\/a> <a href=\"https:\/\/www.uhrenankauf365.de\/uhr-verkaufen\/breitling\" class=\"btn btn-primary mb-1 mt-1\">Breitling<\/a> <a href=\"https:\/\/www.uhrenankauf365.de\/uhr-verkaufen\/hublot\" class=\"btn btn-primary mb-1 mt-1\">Hublot<\/a> <a href=\"https:\/\/www.uhrenankauf365.de\/uhr-verkaufen\/jaeger_lecoultre\" class=\"btn btn-primary mb-1 mt-1\">Jaeger-LeCoultre<\/a> <a href=\"https:\/\/www.uhrenankauf365.de\/uhr-verkaufen\/omega\" class=\"btn btn-primary mb-1 mt-1\">Omega<\/a> <a href=\"https:\/\/www.uhrenankauf365.de\/uhr-verkaufen\/patek_philippe\" class=\"btn btn-primary mb-1 mt-1\">Patek Philippe<\/a> <a href=\"https:\/\/www.uhrenankauf365.de\/uhr-verkaufen\/rolex\" class=\"btn btn-primary mb-1 mt-1\">Rolex<\/a><\/p><\/div><\/div><\/div><\/div><\/div>\n\n\n\n<hr class=\"wp-block-separator has-alpha-channel-opacity\"\/>\n\n\n\n<p class=\"has-text-align-center has-background p-4 p-lg-5\" style=\"background-color:#891a1a;color:white;\"><big>Konnten wir Ihre Fragen beantworten? &#8211; Prima!<\/big><br><a class=\"btn btn-success mt-3\" href=\"https:\/\/www.uhrenankauf365.de\/uhr-verkaufen\/ankaufsformular\/\">ZUM ANKAUFSFORMULAR<\/a><\/p>\n\n\n\n<p><\/p>\n","protected":false},"excerpt":{"rendered":"<p>Konnten wir Ihre Fragen beantworten? &#8211; Prima!ZUM ANKAUFSFORMULAR<\/p>\n","protected":false},"author":1,"featured_media":0,"parent":0,"menu_order":0,"comment_status":"closed","ping_status":"closed","template":"page-templates\/no-sidebar.php","meta":{"footnotes":""},"class_list":["post-138","page","type-page","status-publish","hentry"],"yoast_head":"<!-- This site is optimized with the Yoast SEO plugin v27.3 - https:\/\/yoast.com\/product\/yoast-seo-wordpress\/ -->\n<title>H\u00e4ufige Fragen (FAQ) zum Ankauf von Luxusuhren<\/title>\n<meta name=\"description\" content=\"Manche Fragen wurden uns immer wieder gestellt. Hier beantworten wir diese. Falls Sie weitere Fragen haben, kontaktieren Sie uns gerne!\" \/>\n<meta name=\"robots\" content=\"index, follow, max-snippet:-1, max-image-preview:large, max-video-preview:-1\" \/>\n<link rel=\"canonical\" href=\"https:\/\/www.uhrenankauf365.de\/uhr-verkaufen\/ankauf-faq\/\" \/>\n<meta property=\"og:locale\" content=\"de_DE\" \/>\n<meta property=\"og:type\" content=\"article\" \/>\n<meta property=\"og:title\" content=\"H\u00e4ufige Fragen (FAQ) zum Ankauf von Luxusuhren\" \/>\n<meta property=\"og:description\" content=\"Manche Fragen wurden uns immer wieder gestellt. Hier beantworten wir diese. Falls Sie weitere Fragen haben, kontaktieren Sie uns gerne!\" \/>\n<meta property=\"og:url\" content=\"https:\/\/www.uhrenankauf365.de\/uhr-verkaufen\/ankauf-faq\/\" \/>\n<meta property=\"og:site_name\" content=\"Uhrenankauf 365\" \/>\n<meta property=\"article:modified_time\" content=\"2025-04-08T15:58:30+00:00\" \/>\n<meta property=\"og:image\" content=\"https:\/\/www.uhrenankauf365.de\/uhr-verkaufen\/wp-content\/uploads\/2020\/11\/mondaniweb.jpg\" \/>\n<meta name=\"twitter:card\" content=\"summary_large_image\" \/>\n<meta name=\"twitter:label1\" content=\"Gesch\u00e4tzte Lesezeit\" \/>\n\t<meta name=\"twitter:data1\" content=\"1\u00a0Minute\" \/>\n<script type=\"application\/ld+json\" class=\"yoast-schema-graph\">{\"@context\":\"https:\\\/\\\/schema.org\",\"@graph\":[{\"@type\":\"WebPage\",\"@id\":\"https:\\\/\\\/www.uhrenankauf365.de\\\/uhr-verkaufen\\\/ankauf-faq\\\/\",\"url\":\"https:\\\/\\\/www.uhrenankauf365.de\\\/uhr-verkaufen\\\/ankauf-faq\\\/\",\"name\":\"H\u00e4ufige Fragen (FAQ) zum Ankauf von Luxusuhren\",\"isPartOf\":{\"@id\":\"https:\\\/\\\/www.uhrenankauf365.de\\\/uhr-verkaufen\\\/#website\"},\"primaryImageOfPage\":{\"@id\":\"https:\\\/\\\/www.uhrenankauf365.de\\\/uhr-verkaufen\\\/ankauf-faq\\\/#primaryimage\"},\"image\":{\"@id\":\"https:\\\/\\\/www.uhrenankauf365.de\\\/uhr-verkaufen\\\/ankauf-faq\\\/#primaryimage\"},\"thumbnailUrl\":\"https:\\\/\\\/www.uhrenankauf365.de\\\/uhr-verkaufen\\\/wp-content\\\/uploads\\\/2020\\\/11\\\/mondaniweb.jpg\",\"datePublished\":\"2020-11-16T13:17:51+00:00\",\"dateModified\":\"2025-04-08T15:58:30+00:00\",\"description\":\"Manche Fragen wurden uns immer wieder gestellt. Hier beantworten wir diese. Falls Sie weitere Fragen haben, kontaktieren Sie uns gerne!\",\"breadcrumb\":{\"@id\":\"https:\\\/\\\/www.uhrenankauf365.de\\\/uhr-verkaufen\\\/ankauf-faq\\\/#breadcrumb\"},\"inLanguage\":\"de\",\"potentialAction\":[{\"@type\":\"ReadAction\",\"target\":[\"https:\\\/\\\/www.uhrenankauf365.de\\\/uhr-verkaufen\\\/ankauf-faq\\\/\"]}]},{\"@type\":\"ImageObject\",\"inLanguage\":\"de\",\"@id\":\"https:\\\/\\\/www.uhrenankauf365.de\\\/uhr-verkaufen\\\/ankauf-faq\\\/#primaryimage\",\"url\":\"https:\\\/\\\/www.uhrenankauf365.de\\\/uhr-verkaufen\\\/wp-content\\\/uploads\\\/2020\\\/11\\\/mondaniweb.jpg\",\"contentUrl\":\"https:\\\/\\\/www.uhrenankauf365.de\\\/uhr-verkaufen\\\/wp-content\\\/uploads\\\/2020\\\/11\\\/mondaniweb.jpg\",\"width\":140,\"height\":57},{\"@type\":\"BreadcrumbList\",\"@id\":\"https:\\\/\\\/www.uhrenankauf365.de\\\/uhr-verkaufen\\\/ankauf-faq\\\/#breadcrumb\",\"itemListElement\":[{\"@type\":\"ListItem\",\"position\":1,\"name\":\"Startseite\",\"item\":\"https:\\\/\\\/www.uhrenankauf365.de\\\/uhr-verkaufen\\\/\"},{\"@type\":\"ListItem\",\"position\":2,\"name\":\"FAQ &#8211; H\u00e4ufige Fragen zum Uhrenankauf\"}]},{\"@type\":\"WebSite\",\"@id\":\"https:\\\/\\\/www.uhrenankauf365.de\\\/uhr-verkaufen\\\/#website\",\"url\":\"https:\\\/\\\/www.uhrenankauf365.de\\\/uhr-verkaufen\\\/\",\"name\":\"Uhrenankauf 365\",\"description\":\"Jetzt Ihre Luxusuhr verkaufen!\",\"publisher\":{\"@id\":\"https:\\\/\\\/www.uhrenankauf365.de\\\/uhr-verkaufen\\\/#organization\"},\"potentialAction\":[{\"@type\":\"SearchAction\",\"target\":{\"@type\":\"EntryPoint\",\"urlTemplate\":\"https:\\\/\\\/www.uhrenankauf365.de\\\/uhr-verkaufen\\\/?s={search_term_string}\"},\"query-input\":{\"@type\":\"PropertyValueSpecification\",\"valueRequired\":true,\"valueName\":\"search_term_string\"}}],\"inLanguage\":\"de\"},{\"@type\":\"Organization\",\"@id\":\"https:\\\/\\\/www.uhrenankauf365.de\\\/uhr-verkaufen\\\/#organization\",\"name\":\"uhrenankauf365.de, Anke Michels\",\"url\":\"https:\\\/\\\/www.uhrenankauf365.de\\\/uhr-verkaufen\\\/\",\"logo\":{\"@type\":\"ImageObject\",\"inLanguage\":\"de\",\"@id\":\"https:\\\/\\\/www.uhrenankauf365.de\\\/uhr-verkaufen\\\/#\\\/schema\\\/logo\\\/image\\\/\",\"url\":\"https:\\\/\\\/www.uhrenankauf365.de\\\/uhr-verkaufen\\\/wp-content\\\/uploads\\\/2020\\\/11\\\/logo_uhrenankauf.png\",\"contentUrl\":\"https:\\\/\\\/www.uhrenankauf365.de\\\/uhr-verkaufen\\\/wp-content\\\/uploads\\\/2020\\\/11\\\/logo_uhrenankauf.png\",\"width\":98,\"height\":100,\"caption\":\"uhrenankauf365.de, Anke Michels\"},\"image\":{\"@id\":\"https:\\\/\\\/www.uhrenankauf365.de\\\/uhr-verkaufen\\\/#\\\/schema\\\/logo\\\/image\\\/\"}}]}<\/script>\n<!-- \/ Yoast SEO plugin. -->","yoast_head_json":{"title":"H\u00e4ufige Fragen (FAQ) zum Ankauf von Luxusuhren","description":"Manche Fragen wurden uns immer wieder gestellt. Hier beantworten wir diese. Falls Sie weitere Fragen haben, kontaktieren Sie uns gerne!","robots":{"index":"index","follow":"follow","max-snippet":"max-snippet:-1","max-image-preview":"max-image-preview:large","max-video-preview":"max-video-preview:-1"},"canonical":"https:\/\/www.uhrenankauf365.de\/uhr-verkaufen\/ankauf-faq\/","og_locale":"de_DE","og_type":"article","og_title":"H\u00e4ufige Fragen (FAQ) zum Ankauf von Luxusuhren","og_description":"Manche Fragen wurden uns immer wieder gestellt. Hier beantworten wir diese. Falls Sie weitere Fragen haben, kontaktieren Sie uns gerne!","og_url":"https:\/\/www.uhrenankauf365.de\/uhr-verkaufen\/ankauf-faq\/","og_site_name":"Uhrenankauf 365","article_modified_time":"2025-04-08T15:58:30+00:00","og_image":[{"url":"https:\/\/www.uhrenankauf365.de\/uhr-verkaufen\/wp-content\/uploads\/2020\/11\/mondaniweb.jpg","type":"","width":"","height":""}],"twitter_card":"summary_large_image","twitter_misc":{"Gesch\u00e4tzte Lesezeit":"1\u00a0Minute"},"schema":{"@context":"https:\/\/schema.org","@graph":[{"@type":"WebPage","@id":"https:\/\/www.uhrenankauf365.de\/uhr-verkaufen\/ankauf-faq\/","url":"https:\/\/www.uhrenankauf365.de\/uhr-verkaufen\/ankauf-faq\/","name":"H\u00e4ufige Fragen (FAQ) zum Ankauf von Luxusuhren","isPartOf":{"@id":"https:\/\/www.uhrenankauf365.de\/uhr-verkaufen\/#website"},"primaryImageOfPage":{"@id":"https:\/\/www.uhrenankauf365.de\/uhr-verkaufen\/ankauf-faq\/#primaryimage"},"image":{"@id":"https:\/\/www.uhrenankauf365.de\/uhr-verkaufen\/ankauf-faq\/#primaryimage"},"thumbnailUrl":"https:\/\/www.uhrenankauf365.de\/uhr-verkaufen\/wp-content\/uploads\/2020\/11\/mondaniweb.jpg","datePublished":"2020-11-16T13:17:51+00:00","dateModified":"2025-04-08T15:58:30+00:00","description":"Manche Fragen wurden uns immer wieder gestellt. Hier beantworten wir diese. Falls Sie weitere Fragen haben, kontaktieren Sie uns gerne!","breadcrumb":{"@id":"https:\/\/www.uhrenankauf365.de\/uhr-verkaufen\/ankauf-faq\/#breadcrumb"},"inLanguage":"de","potentialAction":[{"@type":"ReadAction","target":["https:\/\/www.uhrenankauf365.de\/uhr-verkaufen\/ankauf-faq\/"]}]},{"@type":"ImageObject","inLanguage":"de","@id":"https:\/\/www.uhrenankauf365.de\/uhr-verkaufen\/ankauf-faq\/#primaryimage","url":"https:\/\/www.uhrenankauf365.de\/uhr-verkaufen\/wp-content\/uploads\/2020\/11\/mondaniweb.jpg","contentUrl":"https:\/\/www.uhrenankauf365.de\/uhr-verkaufen\/wp-content\/uploads\/2020\/11\/mondaniweb.jpg","width":140,"height":57},{"@type":"BreadcrumbList","@id":"https:\/\/www.uhrenankauf365.de\/uhr-verkaufen\/ankauf-faq\/#breadcrumb","itemListElement":[{"@type":"ListItem","position":1,"name":"Startseite","item":"https:\/\/www.uhrenankauf365.de\/uhr-verkaufen\/"},{"@type":"ListItem","position":2,"name":"FAQ &#8211; H\u00e4ufige Fragen zum Uhrenankauf"}]},{"@type":"WebSite","@id":"https:\/\/www.uhrenankauf365.de\/uhr-verkaufen\/#website","url":"https:\/\/www.uhrenankauf365.de\/uhr-verkaufen\/","name":"Uhrenankauf 365","description":"Jetzt Ihre Luxusuhr verkaufen!","publisher":{"@id":"https:\/\/www.uhrenankauf365.de\/uhr-verkaufen\/#organization"},"potentialAction":[{"@type":"SearchAction","target":{"@type":"EntryPoint","urlTemplate":"https:\/\/www.uhrenankauf365.de\/uhr-verkaufen\/?s={search_term_string}"},"query-input":{"@type":"PropertyValueSpecification","valueRequired":true,"valueName":"search_term_string"}}],"inLanguage":"de"},{"@type":"Organization","@id":"https:\/\/www.uhrenankauf365.de\/uhr-verkaufen\/#organization","name":"uhrenankauf365.de, Anke Michels","url":"https:\/\/www.uhrenankauf365.de\/uhr-verkaufen\/","logo":{"@type":"ImageObject","inLanguage":"de","@id":"https:\/\/www.uhrenankauf365.de\/uhr-verkaufen\/#\/schema\/logo\/image\/","url":"https:\/\/www.uhrenankauf365.de\/uhr-verkaufen\/wp-content\/uploads\/2020\/11\/logo_uhrenankauf.png","contentUrl":"https:\/\/www.uhrenankauf365.de\/uhr-verkaufen\/wp-content\/uploads\/2020\/11\/logo_uhrenankauf.png","width":98,"height":100,"caption":"uhrenankauf365.de, Anke Michels"},"image":{"@id":"https:\/\/www.uhrenankauf365.de\/uhr-verkaufen\/#\/schema\/logo\/image\/"}}]}},"_links":{"self":[{"href":"https:\/\/www.uhrenankauf365.de\/uhr-verkaufen\/wp-json\/wp\/v2\/pages\/138","targetHints":{"allow":["GET"]}}],"collection":[{"href":"https:\/\/www.uhrenankauf365.de\/uhr-verkaufen\/wp-json\/wp\/v2\/pages"}],"about":[{"href":"https:\/\/www.uhrenankauf365.de\/uhr-verkaufen\/wp-json\/wp\/v2\/types\/page"}],"author":[{"embeddable":true,"href":"https:\/\/www.uhrenankauf365.de\/uhr-verkaufen\/wp-json\/wp\/v2\/users\/1"}],"replies":[{"embeddable":true,"href":"https:\/\/www.uhrenankauf365.de\/uhr-verkaufen\/wp-json\/wp\/v2\/comments?post=138"}],"version-history":[{"count":74,"href":"https:\/\/www.uhrenankauf365.de\/uhr-verkaufen\/wp-json\/wp\/v2\/pages\/138\/revisions"}],"predecessor-version":[{"id":2250,"href":"https:\/\/www.uhrenankauf365.de\/uhr-verkaufen\/wp-json\/wp\/v2\/pages\/138\/revisions\/2250"}],"wp:attachment":[{"href":"https:\/\/www.uhrenankauf365.de\/uhr-verkaufen\/wp-json\/wp\/v2\/media?parent=138"}],"curies":[{"name":"wp","href":"https:\/\/api.w.org\/{rel}","templated":true}]}}