{"id":1032,"date":"2021-06-07T09:45:36","date_gmt":"2021-06-07T07:45:36","guid":{"rendered":"https:\/\/www.uhrenankauf365.de\/uhr-verkaufen\/?page_id=1032"},"modified":"2021-06-07T10:15:49","modified_gmt":"2021-06-07T08:15:49","slug":"rolex-sea-dweller","status":"publish","type":"page","link":"https:\/\/www.uhrenankauf365.de\/uhr-verkaufen\/rolex-sea-dweller\/","title":{"rendered":"Rolex Sea Dweller Ankauf"},"content":{"rendered":"\n<p>Das Modell <strong>Sea Dweller<\/strong> ist eines der beliebtesten aus dem Hause Rolex. Wenn Sie Ihre <a href=\"https:\/\/www.uhrenankauf365.de\/uhr-verkaufen\/rolex\/\">Rolex verkaufen<\/a> m\u00f6chten, nutzen Sie gerne unser <a href=\"https:\/\/www.uhrenankauf365.de\/uhr-verkaufen\/ankaufsformular\/\">Online-Ankaufsformular<\/a>, \u00fcber das Sie uns alle wichtigen Infos geb\u00fcndelt zukommen lassen k\u00f6nnen. Erfahren Sie hier, wie ein <strong>Ankauf<\/strong> abgewickelt wird und was es zur <strong>Rolex Sea Dweller <\/strong>f\u00fcr interessante Infos gibt.<\/p>\n\n\n\n<div class=\"container p-4 uak_heller_hintergrund\">\n<div class=\"row mb-4\">\n<div class=\"col-12 col-md-6 text-center\">\n<i class=\"uak365icon fas fa-file-alt\"><\/i><br>\n<div class=\"ankaufschritte_title\">Formular ausf\u00fcllen<\/div>\n<small>Das <a href=\"https:\/\/www.uhrenankauf365.de\/uhr-verkaufen\/ankaufsformular\/\" title=\"Ankaufsformular Uhren\">Ankaufsformular<\/a> erfasst alle wichtigen Angaben zur Armbanduhr, die Sie verkaufen m\u00f6chten und erleichtert die Ermittlung eines fairen Ankaufspreises.<\/small>\n<\/div>\n<div class=\"col-12 col-md-6 text-center\">\n<i class=\"uak365icon far fa-handshake\"><\/i><br>\n<div class=\"ankaufschritte_title\">Angebot erhalten<\/div>\n<small>Wir unterbreiten Ihnen nach Erhalt der Informationen zur Uhr ein Angebot zum Ankauf. Offene Fragen kl\u00e4ren wir vorab.<\/small>\n<\/div>\n<\/div>\n\n\n<div class=\"row\">\n<div class=\"col-12 col-md-6 text-center\">\n<i class=\"uak365icon fas fa-truck-loading\"><\/i><br>\n<div class=\"ankaufschritte_title\">Uhr wird abgeholt<\/div>\n<small>Ein auf Werttransporte spezialisiertes Unternehmen holt die Uhr bei Ihnen ab. Mehr dazu erfahren Sie <a href=\"https:\/\/www.uhrenankauf365.de\/uhr-verkaufen\/ankauf-faq\/\">hier<\/a>.<\/small>\n<\/div>\n<div class=\"col-12 col-md-6 text-center\">\n<i class=\"uak365icon fas fa-euro-sign\"><\/i><br>\n<div class=\"ankaufschritte_title\">Geld erhalten<\/div>\n<small>Nach Pr\u00fcfung der Armbanduhr zahlen wir den vereinbarten Ankaufspreis zuverl\u00e4ssig und schnell auf Ihr Konto aus.\n<\/small>\n<\/div>\n<\/div>\n\n<\/div>\n\n\n\n<h2 class=\"mt-3 wp-block-heading\">Tief hinaus mit der Rolex Sea Dweller<\/h2>\n\n\n\n<p>Wie der Name bereits suggeriert, entstand die Sea Dweller im Zusammenhang mit Forschungsarbeiten rund um die Tiefsee. Mitte des zwanzigsten Jahrhunderts entwickelte Rolex, gemeinsam mit der franz\u00f6sischen Taucherfirma Comex, den Nachfolger der <a title=\"Rolex Submariner Ankauf\" href=\"https:\/\/www.uhrenankauf365.de\/uhr-verkaufen\/rolex-submariner-ankauf\/\">Submariner<\/a> und sorgte f\u00fcr noch mehr Tauglichkeit f\u00fcr den Einsatz im tiefen Gew\u00e4sser. Durch ein speziell entwickeltes Verfahren wurde das Herausspringen des Glases auch bis zu ca. 2.000 Fu\u00df unter Wasser verhindert, was seinerzeit revolution\u00e4r war.<\/p>\n\n\n\n<h2 class=\"wp-block-heading\">Sea Dweller verkaufen<\/h2>\n\n\n\n<p>Je nachdem, welches Modell einer <strong>Sea Dweller<\/strong> Sie uns im <strong>Ankauf<\/strong> anbieten, k\u00f6nnen Sie bei dieser <strong>Rolex<\/strong>-Uhr \u00e4u\u00dferst &#8222;angenehme&#8220; Ankaufspreise erwarten. Speziell das rare Erstmodell mit der Referenz 1665 ist in Sammlerkreisen \u00e4u\u00dferst beliebt. Tipp: Pr\u00fcfen Sie auch, ob Ihre Sea Dweller den Aufdruck &#8222;Comex&#8220; auf dem Zifferblatt, sowie eine Gravur im Geh\u00e4use tr\u00e4gt. Diese Uhren sind \u00e4u\u00dferst selten und dementsprechend viel Geld wert. Leider wuchs dadurch auch der Markt f\u00fcr F\u00e4lscher.<\/p>\n\n\n<div class=\"wp-bootstrap-blocks-row row\">\n\t\n\n<div class=\"col-12 col-md-6\">\n\t\t\t\n\n<figure class=\"wp-block-image size-large\"><img loading=\"lazy\" decoding=\"async\" width=\"800\" height=\"532\" src=\"https:\/\/www.uhrenankauf365.de\/uhr-verkaufen\/wp-content\/uploads\/2021\/06\/rolex_sea_dweller_1665_verkaufen.jpg\" alt=\"Rolex Sea Dweller 1665 in einer Nahaufnahme\" class=\"wp-image-1039\" srcset=\"https:\/\/www.uhrenankauf365.de\/uhr-verkaufen\/wp-content\/uploads\/2021\/06\/rolex_sea_dweller_1665_verkaufen.jpg 800w, https:\/\/www.uhrenankauf365.de\/uhr-verkaufen\/wp-content\/uploads\/2021\/06\/rolex_sea_dweller_1665_verkaufen-300x200.jpg 300w, https:\/\/www.uhrenankauf365.de\/uhr-verkaufen\/wp-content\/uploads\/2021\/06\/rolex_sea_dweller_1665_verkaufen-768x511.jpg 768w\" sizes=\"auto, (max-width: 800px) 100vw, 800px\" \/><\/figure>\n\n\t<\/div>\n\n\n\n<div class=\"col-12 col-md-6\">\n\t\t\t\n\n<figure class=\"wp-block-image size-large\"><img loading=\"lazy\" decoding=\"async\" width=\"800\" height=\"532\" src=\"https:\/\/www.uhrenankauf365.de\/uhr-verkaufen\/wp-content\/uploads\/2021\/06\/rolex_sea_dweller_ankauf.jpg\" alt=\"Rolex Sea Dweller 1665 im kompletten Set mit Box und Papieren\" class=\"wp-image-1038\" srcset=\"https:\/\/www.uhrenankauf365.de\/uhr-verkaufen\/wp-content\/uploads\/2021\/06\/rolex_sea_dweller_ankauf.jpg 800w, https:\/\/www.uhrenankauf365.de\/uhr-verkaufen\/wp-content\/uploads\/2021\/06\/rolex_sea_dweller_ankauf-300x200.jpg 300w, https:\/\/www.uhrenankauf365.de\/uhr-verkaufen\/wp-content\/uploads\/2021\/06\/rolex_sea_dweller_ankauf-768x511.jpg 768w\" sizes=\"auto, (max-width: 800px) 100vw, 800px\" \/><\/figure>\n\n\t<\/div>\n\n<\/div>\n\n\n\n<p>Auch die Referenz 16660, die &#8222;Triple Six&#8220; z\u00e4hlt seit ihrer Einf\u00fchrung im Jahr 1978 zu den Top-Modellen. Nutzen Sie unseren bundesweiten Ankauf von Luxusuhren und erzielen Sie faire Preise bei schneller Auszahlung per \u00dcberweisung oder in bar in unserem B\u00fcro in Oberpframmern (Bayern, N\u00e4he M\u00fcnchen).<\/p>\n\n\n<div class=\"wp-bootstrap-blocks-container container mb-5 uak_heller_hintergrund_line_height_normal text-center p-4 mt-4\">\n\t\n\n<h3 class=\"wp-block-heading\" id=\"u1363-2\">Wir kaufen Luxusuhren!<\/h3>\n\n\n\n<p id=\"u1363-4\"><strong>Profitieren Sie&nbsp;von unserer jahrzehntelangen Erfahrung im Uhrenhandel!<\/strong><\/p>\n\n\n\n<p><a class=\"btn btn-primary btn-lg\" href=\"https:\/\/www.uhrenankauf365.de\/uhr-verkaufen\/ankaufsformular\/\">Zum Ankaufsformular<\/a><\/p>\n\n<\/div>\n","protected":false},"excerpt":{"rendered":"<p>Das Modell Sea Dweller ist eines der beliebtesten aus dem Hause Rolex. Wenn Sie Ihre Rolex verkaufen m\u00f6chten, nutzen Sie gerne unser Online-Ankaufsformular, \u00fcber das Sie uns alle wichtigen Infos geb\u00fcndelt zukommen lassen k\u00f6nnen. Erfahren Sie hier, wie ein Ankauf abgewickelt wird und was es zur Rolex Sea Dweller f\u00fcr interessante Infos gibt. Tief hinaus [&hellip;]<\/p>\n","protected":false},"author":1,"featured_media":0,"parent":0,"menu_order":0,"comment_status":"closed","ping_status":"closed","template":"","meta":{"footnotes":""},"class_list":["post-1032","page","type-page","status-publish","hentry"],"yoast_head":"<!-- This site is optimized with the Yoast SEO plugin v27.3 - https:\/\/yoast.com\/product\/yoast-seo-wordpress\/ -->\n<title>Rolex Sea Dweller Ankauf - Uhrenankauf 365<\/title>\n<meta name=\"description\" content=\"Wir kaufen bundesweit Rolex-Uhren an. M\u00f6chten Sie Ihre Sea Dweller verkaufen? Nutzen Sie jetzt das Ankaufsformular!\" \/>\n<meta name=\"robots\" content=\"index, follow, max-snippet:-1, max-image-preview:large, max-video-preview:-1\" \/>\n<link rel=\"canonical\" href=\"https:\/\/www.uhrenankauf365.de\/uhr-verkaufen\/rolex-sea-dweller\/\" \/>\n<meta property=\"og:locale\" content=\"de_DE\" \/>\n<meta property=\"og:type\" content=\"article\" \/>\n<meta property=\"og:title\" content=\"Rolex Sea Dweller Ankauf - Uhrenankauf 365\" \/>\n<meta property=\"og:description\" content=\"Wir kaufen bundesweit Rolex-Uhren an. M\u00f6chten Sie Ihre Sea Dweller verkaufen? Nutzen Sie jetzt das Ankaufsformular!\" \/>\n<meta property=\"og:url\" content=\"https:\/\/www.uhrenankauf365.de\/uhr-verkaufen\/rolex-sea-dweller\/\" \/>\n<meta property=\"og:site_name\" content=\"Uhrenankauf 365\" \/>\n<meta property=\"article:modified_time\" content=\"2021-06-07T08:15:49+00:00\" \/>\n<meta property=\"og:image\" content=\"https:\/\/www.uhrenankauf365.de\/uhr-verkaufen\/wp-content\/uploads\/2021\/06\/rolex_sea_dweller_1665_verkaufen.jpg\" \/>\n<meta name=\"twitter:card\" content=\"summary_large_image\" \/>\n<meta name=\"twitter:label1\" content=\"Gesch\u00e4tzte Lesezeit\" \/>\n\t<meta name=\"twitter:data1\" content=\"2\u00a0Minuten\" \/>\n<script type=\"application\/ld+json\" class=\"yoast-schema-graph\">{\"@context\":\"https:\\\/\\\/schema.org\",\"@graph\":[{\"@type\":\"WebPage\",\"@id\":\"https:\\\/\\\/www.uhrenankauf365.de\\\/uhr-verkaufen\\\/rolex-sea-dweller\\\/\",\"url\":\"https:\\\/\\\/www.uhrenankauf365.de\\\/uhr-verkaufen\\\/rolex-sea-dweller\\\/\",\"name\":\"Rolex Sea Dweller Ankauf - Uhrenankauf 365\",\"isPartOf\":{\"@id\":\"https:\\\/\\\/www.uhrenankauf365.de\\\/uhr-verkaufen\\\/#website\"},\"primaryImageOfPage\":{\"@id\":\"https:\\\/\\\/www.uhrenankauf365.de\\\/uhr-verkaufen\\\/rolex-sea-dweller\\\/#primaryimage\"},\"image\":{\"@id\":\"https:\\\/\\\/www.uhrenankauf365.de\\\/uhr-verkaufen\\\/rolex-sea-dweller\\\/#primaryimage\"},\"thumbnailUrl\":\"https:\\\/\\\/www.uhrenankauf365.de\\\/uhr-verkaufen\\\/wp-content\\\/uploads\\\/2021\\\/06\\\/rolex_sea_dweller_1665_verkaufen.jpg\",\"datePublished\":\"2021-06-07T07:45:36+00:00\",\"dateModified\":\"2021-06-07T08:15:49+00:00\",\"description\":\"Wir kaufen bundesweit Rolex-Uhren an. M\u00f6chten Sie Ihre Sea Dweller verkaufen? Nutzen Sie jetzt das Ankaufsformular!\",\"breadcrumb\":{\"@id\":\"https:\\\/\\\/www.uhrenankauf365.de\\\/uhr-verkaufen\\\/rolex-sea-dweller\\\/#breadcrumb\"},\"inLanguage\":\"de\",\"potentialAction\":[{\"@type\":\"ReadAction\",\"target\":[\"https:\\\/\\\/www.uhrenankauf365.de\\\/uhr-verkaufen\\\/rolex-sea-dweller\\\/\"]}]},{\"@type\":\"ImageObject\",\"inLanguage\":\"de\",\"@id\":\"https:\\\/\\\/www.uhrenankauf365.de\\\/uhr-verkaufen\\\/rolex-sea-dweller\\\/#primaryimage\",\"url\":\"https:\\\/\\\/www.uhrenankauf365.de\\\/uhr-verkaufen\\\/wp-content\\\/uploads\\\/2021\\\/06\\\/rolex_sea_dweller_1665_verkaufen.jpg\",\"contentUrl\":\"https:\\\/\\\/www.uhrenankauf365.de\\\/uhr-verkaufen\\\/wp-content\\\/uploads\\\/2021\\\/06\\\/rolex_sea_dweller_1665_verkaufen.jpg\",\"width\":800,\"height\":532},{\"@type\":\"BreadcrumbList\",\"@id\":\"https:\\\/\\\/www.uhrenankauf365.de\\\/uhr-verkaufen\\\/rolex-sea-dweller\\\/#breadcrumb\",\"itemListElement\":[{\"@type\":\"ListItem\",\"position\":1,\"name\":\"Startseite\",\"item\":\"https:\\\/\\\/www.uhrenankauf365.de\\\/uhr-verkaufen\\\/\"},{\"@type\":\"ListItem\",\"position\":2,\"name\":\"Rolex Sea Dweller Ankauf\"}]},{\"@type\":\"WebSite\",\"@id\":\"https:\\\/\\\/www.uhrenankauf365.de\\\/uhr-verkaufen\\\/#website\",\"url\":\"https:\\\/\\\/www.uhrenankauf365.de\\\/uhr-verkaufen\\\/\",\"name\":\"Uhrenankauf 365\",\"description\":\"Jetzt Ihre Luxusuhr verkaufen!\",\"publisher\":{\"@id\":\"https:\\\/\\\/www.uhrenankauf365.de\\\/uhr-verkaufen\\\/#organization\"},\"potentialAction\":[{\"@type\":\"SearchAction\",\"target\":{\"@type\":\"EntryPoint\",\"urlTemplate\":\"https:\\\/\\\/www.uhrenankauf365.de\\\/uhr-verkaufen\\\/?s={search_term_string}\"},\"query-input\":{\"@type\":\"PropertyValueSpecification\",\"valueRequired\":true,\"valueName\":\"search_term_string\"}}],\"inLanguage\":\"de\"},{\"@type\":\"Organization\",\"@id\":\"https:\\\/\\\/www.uhrenankauf365.de\\\/uhr-verkaufen\\\/#organization\",\"name\":\"uhrenankauf365.de, Anke Michels\",\"url\":\"https:\\\/\\\/www.uhrenankauf365.de\\\/uhr-verkaufen\\\/\",\"logo\":{\"@type\":\"ImageObject\",\"inLanguage\":\"de\",\"@id\":\"https:\\\/\\\/www.uhrenankauf365.de\\\/uhr-verkaufen\\\/#\\\/schema\\\/logo\\\/image\\\/\",\"url\":\"https:\\\/\\\/www.uhrenankauf365.de\\\/uhr-verkaufen\\\/wp-content\\\/uploads\\\/2020\\\/11\\\/logo_uhrenankauf.png\",\"contentUrl\":\"https:\\\/\\\/www.uhrenankauf365.de\\\/uhr-verkaufen\\\/wp-content\\\/uploads\\\/2020\\\/11\\\/logo_uhrenankauf.png\",\"width\":98,\"height\":100,\"caption\":\"uhrenankauf365.de, Anke Michels\"},\"image\":{\"@id\":\"https:\\\/\\\/www.uhrenankauf365.de\\\/uhr-verkaufen\\\/#\\\/schema\\\/logo\\\/image\\\/\"}}]}<\/script>\n<!-- \/ Yoast SEO plugin. -->","yoast_head_json":{"title":"Rolex Sea Dweller Ankauf - Uhrenankauf 365","description":"Wir kaufen bundesweit Rolex-Uhren an. M\u00f6chten Sie Ihre Sea Dweller verkaufen? Nutzen Sie jetzt das Ankaufsformular!","robots":{"index":"index","follow":"follow","max-snippet":"max-snippet:-1","max-image-preview":"max-image-preview:large","max-video-preview":"max-video-preview:-1"},"canonical":"https:\/\/www.uhrenankauf365.de\/uhr-verkaufen\/rolex-sea-dweller\/","og_locale":"de_DE","og_type":"article","og_title":"Rolex Sea Dweller Ankauf - Uhrenankauf 365","og_description":"Wir kaufen bundesweit Rolex-Uhren an. M\u00f6chten Sie Ihre Sea Dweller verkaufen? Nutzen Sie jetzt das Ankaufsformular!","og_url":"https:\/\/www.uhrenankauf365.de\/uhr-verkaufen\/rolex-sea-dweller\/","og_site_name":"Uhrenankauf 365","article_modified_time":"2021-06-07T08:15:49+00:00","og_image":[{"url":"https:\/\/www.uhrenankauf365.de\/uhr-verkaufen\/wp-content\/uploads\/2021\/06\/rolex_sea_dweller_1665_verkaufen.jpg","type":"","width":"","height":""}],"twitter_card":"summary_large_image","twitter_misc":{"Gesch\u00e4tzte Lesezeit":"2\u00a0Minuten"},"schema":{"@context":"https:\/\/schema.org","@graph":[{"@type":"WebPage","@id":"https:\/\/www.uhrenankauf365.de\/uhr-verkaufen\/rolex-sea-dweller\/","url":"https:\/\/www.uhrenankauf365.de\/uhr-verkaufen\/rolex-sea-dweller\/","name":"Rolex Sea Dweller Ankauf - Uhrenankauf 365","isPartOf":{"@id":"https:\/\/www.uhrenankauf365.de\/uhr-verkaufen\/#website"},"primaryImageOfPage":{"@id":"https:\/\/www.uhrenankauf365.de\/uhr-verkaufen\/rolex-sea-dweller\/#primaryimage"},"image":{"@id":"https:\/\/www.uhrenankauf365.de\/uhr-verkaufen\/rolex-sea-dweller\/#primaryimage"},"thumbnailUrl":"https:\/\/www.uhrenankauf365.de\/uhr-verkaufen\/wp-content\/uploads\/2021\/06\/rolex_sea_dweller_1665_verkaufen.jpg","datePublished":"2021-06-07T07:45:36+00:00","dateModified":"2021-06-07T08:15:49+00:00","description":"Wir kaufen bundesweit Rolex-Uhren an. M\u00f6chten Sie Ihre Sea Dweller verkaufen? Nutzen Sie jetzt das Ankaufsformular!","breadcrumb":{"@id":"https:\/\/www.uhrenankauf365.de\/uhr-verkaufen\/rolex-sea-dweller\/#breadcrumb"},"inLanguage":"de","potentialAction":[{"@type":"ReadAction","target":["https:\/\/www.uhrenankauf365.de\/uhr-verkaufen\/rolex-sea-dweller\/"]}]},{"@type":"ImageObject","inLanguage":"de","@id":"https:\/\/www.uhrenankauf365.de\/uhr-verkaufen\/rolex-sea-dweller\/#primaryimage","url":"https:\/\/www.uhrenankauf365.de\/uhr-verkaufen\/wp-content\/uploads\/2021\/06\/rolex_sea_dweller_1665_verkaufen.jpg","contentUrl":"https:\/\/www.uhrenankauf365.de\/uhr-verkaufen\/wp-content\/uploads\/2021\/06\/rolex_sea_dweller_1665_verkaufen.jpg","width":800,"height":532},{"@type":"BreadcrumbList","@id":"https:\/\/www.uhrenankauf365.de\/uhr-verkaufen\/rolex-sea-dweller\/#breadcrumb","itemListElement":[{"@type":"ListItem","position":1,"name":"Startseite","item":"https:\/\/www.uhrenankauf365.de\/uhr-verkaufen\/"},{"@type":"ListItem","position":2,"name":"Rolex Sea Dweller Ankauf"}]},{"@type":"WebSite","@id":"https:\/\/www.uhrenankauf365.de\/uhr-verkaufen\/#website","url":"https:\/\/www.uhrenankauf365.de\/uhr-verkaufen\/","name":"Uhrenankauf 365","description":"Jetzt Ihre Luxusuhr verkaufen!","publisher":{"@id":"https:\/\/www.uhrenankauf365.de\/uhr-verkaufen\/#organization"},"potentialAction":[{"@type":"SearchAction","target":{"@type":"EntryPoint","urlTemplate":"https:\/\/www.uhrenankauf365.de\/uhr-verkaufen\/?s={search_term_string}"},"query-input":{"@type":"PropertyValueSpecification","valueRequired":true,"valueName":"search_term_string"}}],"inLanguage":"de"},{"@type":"Organization","@id":"https:\/\/www.uhrenankauf365.de\/uhr-verkaufen\/#organization","name":"uhrenankauf365.de, Anke Michels","url":"https:\/\/www.uhrenankauf365.de\/uhr-verkaufen\/","logo":{"@type":"ImageObject","inLanguage":"de","@id":"https:\/\/www.uhrenankauf365.de\/uhr-verkaufen\/#\/schema\/logo\/image\/","url":"https:\/\/www.uhrenankauf365.de\/uhr-verkaufen\/wp-content\/uploads\/2020\/11\/logo_uhrenankauf.png","contentUrl":"https:\/\/www.uhrenankauf365.de\/uhr-verkaufen\/wp-content\/uploads\/2020\/11\/logo_uhrenankauf.png","width":98,"height":100,"caption":"uhrenankauf365.de, Anke Michels"},"image":{"@id":"https:\/\/www.uhrenankauf365.de\/uhr-verkaufen\/#\/schema\/logo\/image\/"}}]}},"_links":{"self":[{"href":"https:\/\/www.uhrenankauf365.de\/uhr-verkaufen\/wp-json\/wp\/v2\/pages\/1032","targetHints":{"allow":["GET"]}}],"collection":[{"href":"https:\/\/www.uhrenankauf365.de\/uhr-verkaufen\/wp-json\/wp\/v2\/pages"}],"about":[{"href":"https:\/\/www.uhrenankauf365.de\/uhr-verkaufen\/wp-json\/wp\/v2\/types\/page"}],"author":[{"embeddable":true,"href":"https:\/\/www.uhrenankauf365.de\/uhr-verkaufen\/wp-json\/wp\/v2\/users\/1"}],"replies":[{"embeddable":true,"href":"https:\/\/www.uhrenankauf365.de\/uhr-verkaufen\/wp-json\/wp\/v2\/comments?post=1032"}],"version-history":[{"count":4,"href":"https:\/\/www.uhrenankauf365.de\/uhr-verkaufen\/wp-json\/wp\/v2\/pages\/1032\/revisions"}],"predecessor-version":[{"id":1042,"href":"https:\/\/www.uhrenankauf365.de\/uhr-verkaufen\/wp-json\/wp\/v2\/pages\/1032\/revisions\/1042"}],"wp:attachment":[{"href":"https:\/\/www.uhrenankauf365.de\/uhr-verkaufen\/wp-json\/wp\/v2\/media?parent=1032"}],"curies":[{"name":"wp","href":"https:\/\/api.w.org\/{rel}","templated":true}]}}